{"id":7200,"date":"2025-07-02T13:16:12","date_gmt":"2025-07-02T06:16:12","guid":{"rendered":"https:\/\/quando.com.vn\/?post_type=product&#038;p=7200"},"modified":"2025-07-05T11:45:54","modified_gmt":"2025-07-05T04:45:54","slug":"dong-ho-do-luu-luong-dien-tu-dung-pin-mtf-b-giam-sat-nuoc-tu-xa","status":"publish","type":"product","link":"https:\/\/quando.com.vn\/en\/product\/dong-ho-do-luu-luong-dien-tu-dung-pin-mtf-b-giam-sat-nuoc-tu-xa\/","title":{"rendered":"\u0110\u1ed3ng h\u1ed3 \u0111o l\u01b0u l\u01b0\u1ee3ng \u0111i\u1ec7n t\u1eeb d\u00f9ng pin MTF-B-Gi\u00e1m s\u00e1t n\u01b0\u1edbc t\u1eeb xa"},"content":{"rendered":"<h3>\u0110\u1ed3ng h\u1ed3 \u0111o l\u01b0u l\u01b0\u1ee3ng \u0111i\u1ec7n t\u1eeb d\u00f9ng pin MTF-B \u2013 Gi\u1ea3i ph\u00e1p cho h\u1ec7 th\u1ed1ng n\u01b0\u1edbc v\u00f9ng xa<\/h3>\n<p><strong>MTF-B<\/strong> l\u00e0 d\u00f2ng \u0111\u1ed3ng h\u1ed3 \u0111o l\u01b0u l\u01b0\u1ee3ng \u0111i\u1ec7n t\u1eeb s\u1eed d\u1ee5ng pin, l\u00fd t\u01b0\u1edfng cho gi\u00e1m s\u00e1t l\u01b0u l\u01b0\u1ee3ng n\u01b0\u1edbc trong gi\u1ebfng khoan, m\u1ea1ng ph\u00e2n ph\u1ed1i ho\u1eb7c v\u00f9ng kh\u00f4ng c\u00f3 \u0111i\u1ec7n. V\u1edbi thi\u1ebft k\u1ebf ch\u1eafc ch\u1eafn, \u0111\u1ed9 ch\u00ednh x\u00e1c cao v\u00e0 truy\u1ec1n d\u1eef li\u1ec7u t\u1eeb xa, MTF-B \u0111\u01b0\u1ee3c \u01b0a chu\u1ed9ng trong c\u00e1c h\u1ec7 th\u1ed1ng DMA v\u00e0 \u1ee9ng d\u1ee5ng thay th\u1ebf \u0111\u1ed3ng h\u1ed3 c\u01a1 h\u1ecdc truy\u1ec1n th\u1ed1ng.<\/p>\n<h3>\u01afu \u0111i\u1ec3m n\u1ed5i b\u1eadt<\/h3>\n<ul>\n<li>Ho\u1ea1t \u0111\u1ed9ng \u0111\u1ed9c l\u1eadp b\u1eb1ng pin lithium<\/li>\n<li>Kh\u00f4ng c\u1ea7n ngu\u1ed3n ngo\u00e0i, d\u1ec5 tri\u1ec3n khai v\u00f9ng h\u1ebbo l\u00e1nh<\/li>\n<li>\u0110\u01b0\u1eddng k\u00ednh \u1ed1ng r\u1ed9ng t\u1eeb DN10 \u0111\u1ebfn DN800<\/li>\n<li>Giao ti\u1ebfp RS485 v\u00e0 GPRS h\u1ed7 tr\u1ee3 thu th\u1eadp d\u1eef li\u1ec7u t\u1eeb xa<\/li>\n<li>Chu\u1ea9n ch\u1ed1ng n\u01b0\u1edbc IP68 \u2013 ph\u00f9 h\u1ee3p ch\u00f4n ng\u1ea7m ho\u1eb7c ng\u1eadp n\u01b0\u1edbc<\/li>\n<\/ul>\n<h3>\u1ee8ng d\u1ee5ng ti\u00eau bi\u1ec3u<\/h3>\n<ul>\n<li>Gi\u00e1m s\u00e1t ph\u00e2n v\u00f9ng DMA trong ng\u00e0nh n\u01b0\u1edbc<\/li>\n<li>\u0110o l\u01b0u l\u01b0\u1ee3ng t\u1ea1i c\u00e1c gi\u1ebfng khoan, b\u01a1m, tr\u1ea1m c\u1ea5p n\u01b0\u1edbc<\/li>\n<li>Ph\u00e1t hi\u1ec7n r\u00f2 r\u1ec9, ki\u1ec3m so\u00e1t \u00e1p l\u1ef1c<\/li>\n<li>Thay th\u1ebf \u0111\u1ed3ng h\u1ed3 c\u01a1 trong h\u1ec7 th\u1ed1ng th\u1ee7y l\u1ee3i, ph\u00e2n ph\u1ed1i<\/li>\n<li>\u0110o l\u01b0u l\u01b0\u1ee3ng ch\u00ednh x\u00e1c trong h\u1ec7 th\u1ed1ng s\u01b0\u1edfi t\u1eadp trung<\/li>\n<\/ul>\n<h3>Th\u00f4ng s\u1ed1 k\u1ef9 thu\u1eadt MTF-B<\/h3>\n<table>\n<tbody>\n<tr>\n<td>\u0110\u01b0\u1eddng k\u00ednh \u1ed1ng<\/td>\n<td>DN10 \u2013 DN800 (3\/8\u201d \u2013 31\u201d)<\/td>\n<\/tr>\n<tr>\n<td>D\u1ea3i \u0111o<\/td>\n<td>0.15 \u2013 9000 m\u00b3\/h<\/td>\n<\/tr>\n<tr>\n<td>\u0110\u1ed9 ch\u00ednh x\u00e1c<\/td>\n<td>\u00b10.5%<\/td>\n<\/tr>\n<tr>\n<td>\u0110\u1ed9 l\u1eb7p l\u1ea1i<\/td>\n<td>T\u1ed1i \u0111a \u00b10.25%<\/td>\n<\/tr>\n<tr>\n<td>\u00c1p su\u1ea5t t\u1ed1i \u0111a<\/td>\n<td>100 bar (1450.38 psi)<\/td>\n<\/tr>\n<tr>\n<td>Nhi\u1ec7t \u0111\u1ed9 m\u00f4i ch\u1ea5t<\/td>\n<td>-18\u00b0C \u0111\u1ebfn 150\u00b0C (t\u00f9y l\u1edbp l\u00f3t)<\/td>\n<\/tr>\n<tr>\n<td>Nhi\u1ec7t \u0111\u1ed9 m\u00f4i tr\u01b0\u1eddng<\/td>\n<td>-25\u00b0C \u0111\u1ebfn 60\u00b0C<\/td>\n<\/tr>\n<tr>\n<td>V\u1eadt li\u1ec7u l\u00f3t<\/td>\n<td>PU, Neoprene, PTFE<\/td>\n<\/tr>\n<tr>\n<td>\u0110i\u1ec7n c\u1ef1c<\/td>\n<td>316L, Hastelloy, Tantalum<\/td>\n<\/tr>\n<tr>\n<td>Giao ti\u1ebfp<\/td>\n<td>RS485, GPRS<\/td>\n<\/tr>\n<tr>\n<td>Ngu\u1ed3n c\u1ea5p<\/td>\n<td>Pin lithium<\/td>\n<\/tr>\n<tr>\n<td>\u0110\u1ed9 d\u1eabn \u0111i\u1ec7n t\u1ed1i thi\u1ec3u<\/td>\n<td>\u2265 5 \u00b5S\/cm<\/td>\n<\/tr>\n<tr>\n<td>K\u1ebft n\u1ed1i quy tr\u00ecnh<\/td>\n<td>Flanged (c\u00f3 th\u1ec3 t\u00f9y ch\u1ec9nh)<\/td>\n<\/tr>\n<tr>\n<td>C\u1ea5p b\u1ea3o v\u1ec7<\/td>\n<td>IP68<\/td>\n<\/tr>\n<\/tbody>\n<\/table>","protected":false},"excerpt":{"rendered":"<p>&#8211; \u0110\u1ed9 ch\u00ednh x\u00e1c \u00b10.5%<br \/>\n&#8211; \u0110\u01b0\u1eddng k\u00ednh \u1ed1ng DN10 \u0111\u1ebfn DN800 (3\/8\u201d \u2013 31\u201d)<br \/>\n&#8211; D\u1ea3i \u0111o r\u1ed9ng 0.15 \u2013 9000 m\u00b3\/h<br \/>\n&#8211; Nhi\u1ec7t \u0111\u1ed9 m\u00f4i ch\u1ea5t \u0111\u1ebfn 150\u00b0C t\u00f9y ch\u1ea5t l\u00f3t<br \/>\n&#8211; Pin lithium, chu\u1ea9n IP68, truy\u1ec1n th\u00f4ng RS485\/GPRS<\/p>","protected":false},"featured_media":7201,"template":"","meta":[],"product_cat":[442,497,498,416,444,484,488,507],"product_tag":[],"acf":[],"yoast_head":"<!-- This site is optimized with the Yoast SEO Premium plugin v18.4 (Yoast SEO v18.6) - https:\/\/yoast.com\/wordpress\/plugins\/seo\/ -->\n<title>\u0110\u1ed3ng h\u1ed3 \u0111o l\u01b0u l\u01b0\u1ee3ng \u0111i\u1ec7n t\u1eeb d\u00f9ng pin MTF-B-Gi\u00e1m s\u00e1t n\u01b0\u1edbc t\u1eeb xa - QUANDO<\/title>\n<meta name=\"description\" content=\"MTF-B l\u00e0 \u0111\u1ed3ng h\u1ed3 \u0111o l\u01b0u l\u01b0\u1ee3ng \u0111i\u1ec7n t\u1eeb d\u00f9ng pin, DN10\u2013DN800, \u0111o ch\u00ednh x\u00e1c, ph\u00f9 h\u1ee3p n\u01a1i kh\u00f4ng c\u00f3 \u0111i\u1ec7n ho\u1eb7c k\u00e9o ngu\u1ed3n \u0111i\u1ec7n kh\u00f3 kh\u0103n....\" \/>\n<meta name=\"robots\" content=\"index, follow, max-snippet:-1, max-image-preview:large, max-video-preview:-1\" \/>\n<link rel=\"canonical\" href=\"https:\/\/quando.com.vn\/en\/product\/dong-ho-do-luu-luong-dien-tu-dung-pin-mtf-b-giam-sat-nuoc-tu-xa\/\" \/>\n<meta property=\"og:locale\" content=\"en_US\" \/>\n<meta property=\"og:type\" content=\"article\" \/>\n<meta property=\"og:title\" content=\"\u0110\u1ed3ng h\u1ed3 \u0111o l\u01b0u l\u01b0\u1ee3ng \u0111i\u1ec7n t\u1eeb d\u00f9ng pin MTF-B-Gi\u00e1m s\u00e1t n\u01b0\u1edbc t\u1eeb xa\" \/>\n<meta property=\"og:description\" content=\"MTF-B l\u00e0 \u0111\u1ed3ng h\u1ed3 \u0111o l\u01b0u l\u01b0\u1ee3ng \u0111i\u1ec7n t\u1eeb d\u00f9ng pin, DN10\u2013DN800, \u0111o ch\u00ednh x\u00e1c, ph\u00f9 h\u1ee3p n\u01a1i kh\u00f4ng c\u00f3 \u0111i\u1ec7n ho\u1eb7c k\u00e9o ngu\u1ed3n \u0111i\u1ec7n kh\u00f3 kh\u0103n....\" \/>\n<meta property=\"og:url\" content=\"https:\/\/quando.com.vn\/en\/product\/dong-ho-do-luu-luong-dien-tu-dung-pin-mtf-b-giam-sat-nuoc-tu-xa\/\" \/>\n<meta property=\"og:site_name\" content=\"QUANDO\" \/>\n<meta property=\"article:modified_time\" content=\"2025-07-05T04:45:54+00:00\" \/>\n<meta name=\"twitter:card\" content=\"summary_large_image\" \/>\n<meta name=\"twitter:image\" content=\"https:\/\/quando.com.vn\/wp-content\/uploads\/2025\/07\/Metlan-Instruments-MTF-B-Battery-Powered-Magnetic-Flowmeter.webp\" \/>\n<meta name=\"twitter:label1\" content=\"Est. reading time\" \/>\n\t<meta name=\"twitter:data1\" content=\"2 minutes\" \/>\n<script type=\"application\/ld+json\" class=\"yoast-schema-graph\">{\"@context\":\"https:\/\/schema.org\",\"@graph\":[{\"@type\":\"WebSite\",\"@id\":\"https:\/\/quando.com.vn\/en\/#website\",\"url\":\"https:\/\/quando.com.vn\/en\/\",\"name\":\"QUANDO\",\"description\":\"\",\"potentialAction\":[{\"@type\":\"SearchAction\",\"target\":{\"@type\":\"EntryPoint\",\"urlTemplate\":\"https:\/\/quando.com.vn\/en\/?s={search_term_string}\"},\"query-input\":\"required name=search_term_string\"}],\"inLanguage\":\"en-US\"},{\"@type\":\"ImageObject\",\"@id\":\"https:\/\/quando.com.vn\/san-pham\/dong-ho-do-luu-luong-dien-tu-dung-pin-mtf-b-giam-sat-nuoc-tu-xa\/#primaryimage\",\"inLanguage\":\"en-US\",\"url\":\"https:\/\/quando.com.vn\/wp-content\/uploads\/2025\/07\/Metlan-Instruments-MTF-B-Battery-Powered-Magnetic-Flowmeter.webp\",\"contentUrl\":\"https:\/\/quando.com.vn\/wp-content\/uploads\/2025\/07\/Metlan-Instruments-MTF-B-Battery-Powered-Magnetic-Flowmeter.webp\",\"width\":600,\"height\":600,\"caption\":\"Metlan Instruments MTF-B-Battery-Powered-Magnetic-Flowmeter\"},{\"@type\":\"WebPage\",\"@id\":\"https:\/\/quando.com.vn\/san-pham\/dong-ho-do-luu-luong-dien-tu-dung-pin-mtf-b-giam-sat-nuoc-tu-xa\/#webpage\",\"url\":\"https:\/\/quando.com.vn\/san-pham\/dong-ho-do-luu-luong-dien-tu-dung-pin-mtf-b-giam-sat-nuoc-tu-xa\/\",\"name\":\"\u0110\u1ed3ng h\u1ed3 \u0111o l\u01b0u l\u01b0\u1ee3ng \u0111i\u1ec7n t\u1eeb d\u00f9ng pin MTF-B-Gi\u00e1m s\u00e1t n\u01b0\u1edbc t\u1eeb xa - QUANDO\",\"isPartOf\":{\"@id\":\"https:\/\/quando.com.vn\/en\/#website\"},\"primaryImageOfPage\":{\"@id\":\"https:\/\/quando.com.vn\/san-pham\/dong-ho-do-luu-luong-dien-tu-dung-pin-mtf-b-giam-sat-nuoc-tu-xa\/#primaryimage\"},\"datePublished\":\"2025-07-02T06:16:12+00:00\",\"dateModified\":\"2025-07-05T04:45:54+00:00\",\"description\":\"MTF-B l\u00e0 \u0111\u1ed3ng h\u1ed3 \u0111o l\u01b0u l\u01b0\u1ee3ng \u0111i\u1ec7n t\u1eeb d\u00f9ng pin, DN10\u2013DN800, \u0111o ch\u00ednh x\u00e1c, ph\u00f9 h\u1ee3p n\u01a1i kh\u00f4ng c\u00f3 \u0111i\u1ec7n ho\u1eb7c k\u00e9o ngu\u1ed3n \u0111i\u1ec7n kh\u00f3 kh\u0103n....\",\"breadcrumb\":{\"@id\":\"https:\/\/quando.com.vn\/san-pham\/dong-ho-do-luu-luong-dien-tu-dung-pin-mtf-b-giam-sat-nuoc-tu-xa\/#breadcrumb\"},\"inLanguage\":\"en-US\",\"potentialAction\":[{\"@type\":\"ReadAction\",\"target\":[\"https:\/\/quando.com.vn\/san-pham\/dong-ho-do-luu-luong-dien-tu-dung-pin-mtf-b-giam-sat-nuoc-tu-xa\/\"]}]},{\"@type\":\"BreadcrumbList\",\"@id\":\"https:\/\/quando.com.vn\/san-pham\/dong-ho-do-luu-luong-dien-tu-dung-pin-mtf-b-giam-sat-nuoc-tu-xa\/#breadcrumb\",\"itemListElement\":[{\"@type\":\"ListItem\",\"position\":1,\"name\":\"Trang ch\u1ee7\",\"item\":\"https:\/\/quando.com.vn\/\"},{\"@type\":\"ListItem\",\"position\":2,\"name\":\"S\u1ea3n ph\u1ea9m\",\"item\":\"https:\/\/quando.com.vn\/san-pham\/\"},{\"@type\":\"ListItem\",\"position\":3,\"name\":\"\u0110\u1ed3ng h\u1ed3 \u0111o l\u01b0u l\u01b0\u1ee3ng \u0111i\u1ec7n t\u1eeb d\u00f9ng pin MTF-B-Gi\u00e1m s\u00e1t n\u01b0\u1edbc t\u1eeb xa\"}]}]}<\/script>\n<!-- \/ Yoast SEO Premium plugin. -->","yoast_head_json":{"title":"\u0110\u1ed3ng h\u1ed3 \u0111o l\u01b0u l\u01b0\u1ee3ng \u0111i\u1ec7n t\u1eeb d\u00f9ng pin MTF-B-Gi\u00e1m s\u00e1t n\u01b0\u1edbc t\u1eeb xa - QUANDO","description":"MTF-B l\u00e0 \u0111\u1ed3ng h\u1ed3 \u0111o l\u01b0u l\u01b0\u1ee3ng \u0111i\u1ec7n t\u1eeb d\u00f9ng pin, DN10\u2013DN800, \u0111o ch\u00ednh x\u00e1c, ph\u00f9 h\u1ee3p n\u01a1i kh\u00f4ng c\u00f3 \u0111i\u1ec7n ho\u1eb7c k\u00e9o ngu\u1ed3n \u0111i\u1ec7n kh\u00f3 kh\u0103n....","robots":{"index":"index","follow":"follow","max-snippet":"max-snippet:-1","max-image-preview":"max-image-preview:large","max-video-preview":"max-video-preview:-1"},"canonical":"https:\/\/quando.com.vn\/en\/product\/dong-ho-do-luu-luong-dien-tu-dung-pin-mtf-b-giam-sat-nuoc-tu-xa\/","og_locale":"en_US","og_type":"article","og_title":"\u0110\u1ed3ng h\u1ed3 \u0111o l\u01b0u l\u01b0\u1ee3ng \u0111i\u1ec7n t\u1eeb d\u00f9ng pin MTF-B-Gi\u00e1m s\u00e1t n\u01b0\u1edbc t\u1eeb xa","og_description":"MTF-B l\u00e0 \u0111\u1ed3ng h\u1ed3 \u0111o l\u01b0u l\u01b0\u1ee3ng \u0111i\u1ec7n t\u1eeb d\u00f9ng pin, DN10\u2013DN800, \u0111o ch\u00ednh x\u00e1c, ph\u00f9 h\u1ee3p n\u01a1i kh\u00f4ng c\u00f3 \u0111i\u1ec7n ho\u1eb7c k\u00e9o ngu\u1ed3n \u0111i\u1ec7n kh\u00f3 kh\u0103n....","og_url":"https:\/\/quando.com.vn\/en\/product\/dong-ho-do-luu-luong-dien-tu-dung-pin-mtf-b-giam-sat-nuoc-tu-xa\/","og_site_name":"QUANDO","article_modified_time":"2025-07-05T04:45:54+00:00","twitter_card":"summary_large_image","twitter_image":"https:\/\/quando.com.vn\/wp-content\/uploads\/2025\/07\/Metlan-Instruments-MTF-B-Battery-Powered-Magnetic-Flowmeter.webp","twitter_misc":{"Est. reading time":"2 minutes"},"schema":{"@context":"https:\/\/schema.org","@graph":[{"@type":"WebSite","@id":"https:\/\/quando.com.vn\/en\/#website","url":"https:\/\/quando.com.vn\/en\/","name":"QUANDO","description":"","potentialAction":[{"@type":"SearchAction","target":{"@type":"EntryPoint","urlTemplate":"https:\/\/quando.com.vn\/en\/?s={search_term_string}"},"query-input":"required name=search_term_string"}],"inLanguage":"en-US"},{"@type":"ImageObject","@id":"https:\/\/quando.com.vn\/san-pham\/dong-ho-do-luu-luong-dien-tu-dung-pin-mtf-b-giam-sat-nuoc-tu-xa\/#primaryimage","inLanguage":"en-US","url":"https:\/\/quando.com.vn\/wp-content\/uploads\/2025\/07\/Metlan-Instruments-MTF-B-Battery-Powered-Magnetic-Flowmeter.webp","contentUrl":"https:\/\/quando.com.vn\/wp-content\/uploads\/2025\/07\/Metlan-Instruments-MTF-B-Battery-Powered-Magnetic-Flowmeter.webp","width":600,"height":600,"caption":"Metlan Instruments MTF-B-Battery-Powered-Magnetic-Flowmeter"},{"@type":"WebPage","@id":"https:\/\/quando.com.vn\/san-pham\/dong-ho-do-luu-luong-dien-tu-dung-pin-mtf-b-giam-sat-nuoc-tu-xa\/#webpage","url":"https:\/\/quando.com.vn\/san-pham\/dong-ho-do-luu-luong-dien-tu-dung-pin-mtf-b-giam-sat-nuoc-tu-xa\/","name":"\u0110\u1ed3ng h\u1ed3 \u0111o l\u01b0u l\u01b0\u1ee3ng \u0111i\u1ec7n t\u1eeb d\u00f9ng pin MTF-B-Gi\u00e1m s\u00e1t n\u01b0\u1edbc t\u1eeb xa - QUANDO","isPartOf":{"@id":"https:\/\/quando.com.vn\/en\/#website"},"primaryImageOfPage":{"@id":"https:\/\/quando.com.vn\/san-pham\/dong-ho-do-luu-luong-dien-tu-dung-pin-mtf-b-giam-sat-nuoc-tu-xa\/#primaryimage"},"datePublished":"2025-07-02T06:16:12+00:00","dateModified":"2025-07-05T04:45:54+00:00","description":"MTF-B l\u00e0 \u0111\u1ed3ng h\u1ed3 \u0111o l\u01b0u l\u01b0\u1ee3ng \u0111i\u1ec7n t\u1eeb d\u00f9ng pin, DN10\u2013DN800, \u0111o ch\u00ednh x\u00e1c, ph\u00f9 h\u1ee3p n\u01a1i kh\u00f4ng c\u00f3 \u0111i\u1ec7n ho\u1eb7c k\u00e9o ngu\u1ed3n \u0111i\u1ec7n kh\u00f3 kh\u0103n....","breadcrumb":{"@id":"https:\/\/quando.com.vn\/san-pham\/dong-ho-do-luu-luong-dien-tu-dung-pin-mtf-b-giam-sat-nuoc-tu-xa\/#breadcrumb"},"inLanguage":"en-US","potentialAction":[{"@type":"ReadAction","target":["https:\/\/quando.com.vn\/san-pham\/dong-ho-do-luu-luong-dien-tu-dung-pin-mtf-b-giam-sat-nuoc-tu-xa\/"]}]},{"@type":"BreadcrumbList","@id":"https:\/\/quando.com.vn\/san-pham\/dong-ho-do-luu-luong-dien-tu-dung-pin-mtf-b-giam-sat-nuoc-tu-xa\/#breadcrumb","itemListElement":[{"@type":"ListItem","position":1,"name":"Trang ch\u1ee7","item":"https:\/\/quando.com.vn\/"},{"@type":"ListItem","position":2,"name":"S\u1ea3n ph\u1ea9m","item":"https:\/\/quando.com.vn\/san-pham\/"},{"@type":"ListItem","position":3,"name":"\u0110\u1ed3ng h\u1ed3 \u0111o l\u01b0u l\u01b0\u1ee3ng \u0111i\u1ec7n t\u1eeb d\u00f9ng pin MTF-B-Gi\u00e1m s\u00e1t n\u01b0\u1edbc t\u1eeb xa"}]}]}},"_links":{"self":[{"href":"https:\/\/quando.com.vn\/en\/wp-json\/wp\/v2\/product\/7200"}],"collection":[{"href":"https:\/\/quando.com.vn\/en\/wp-json\/wp\/v2\/product"}],"about":[{"href":"https:\/\/quando.com.vn\/en\/wp-json\/wp\/v2\/types\/product"}],"wp:featuredmedia":[{"embeddable":true,"href":"https:\/\/quando.com.vn\/en\/wp-json\/wp\/v2\/media\/7201"}],"wp:attachment":[{"href":"https:\/\/quando.com.vn\/en\/wp-json\/wp\/v2\/media?parent=7200"}],"wp:term":[{"taxonomy":"product_cat","embeddable":true,"href":"https:\/\/quando.com.vn\/en\/wp-json\/wp\/v2\/product_cat?post=7200"},{"taxonomy":"product_tag","embeddable":true,"href":"https:\/\/quando.com.vn\/en\/wp-json\/wp\/v2\/product_tag?post=7200"}],"curies":[{"name":"wp","href":"https:\/\/api.w.org\/{rel}","templated":true}]}}