{"id":7194,"date":"2025-07-02T11:27:40","date_gmt":"2025-07-02T04:27:40","guid":{"rendered":"https:\/\/quando.com.vn\/?post_type=product&#038;p=7194"},"modified":"2025-07-02T14:55:25","modified_gmt":"2025-07-02T07:55:25","slug":"dong-ho-do-luu-luong-dien-tu-kieu-xuyen-ong-mtf-i-giai-phap-tiet-kiem-cho-ong-lon","status":"publish","type":"product","link":"https:\/\/quando.com.vn\/en\/product\/dong-ho-do-luu-luong-dien-tu-kieu-xuyen-ong-mtf-i-giai-phap-tiet-kiem-cho-ong-lon\/","title":{"rendered":"\u0110\u1ed3ng h\u1ed3 \u0111o l\u01b0u l\u01b0\u1ee3ng \u0111i\u1ec7n t\u1eeb ki\u1ec3u xuy\u00ean \u1ed1ng MTF-I \u2013 Gi\u1ea3i ph\u00e1p ti\u1ebft ki\u1ec7m cho \u1ed1ng l\u1edbn"},"content":{"rendered":"<h3>\u0110\u1ed3ng h\u1ed3 \u0111o l\u01b0u l\u01b0\u1ee3ng \u0111i\u1ec7n t\u1eeb ki\u1ec3u ch\u00e8n MTF-I \u2013 Gi\u1ea3i ph\u00e1p linh ho\u1ea1t cho \u1ed1ng l\u1edbn<\/h3>\n<p><strong>MTF-I<\/strong> l\u00e0 d\u00f2ng \u0111\u1ed3ng h\u1ed3 \u0111o l\u01b0u l\u01b0\u1ee3ng \u0111i\u1ec7n t\u1eeb ki\u1ec3u ch\u00e8n (insertion) ph\u00f9 h\u1ee3p v\u1edbi c\u00e1c \u1ee9ng d\u1ee5ng c\u00f3 \u0111\u01b0\u1eddng \u1ed1ng l\u1edbn nh\u01b0ng c\u1ea7n ti\u1ebft ki\u1ec7m chi ph\u00ed l\u1eafp \u0111\u1eb7t. Thi\u1ebft k\u1ebf cho ph\u00e9p ch\u00e8n tr\u1ef1c ti\u1ebfp qua th\u00e0nh \u1ed1ng, gi\u00fap \u0111o ch\u00ednh x\u00e1c t\u1ed1c \u0111\u1ed9 d\u00f2ng ch\u1ea3y c\u1ee7a ch\u1ea5t l\u1ecfng d\u1eabn \u0111i\u1ec7n, k\u1ec3 c\u1ea3 b\u00f9n, dung d\u1ecbch nh\u1edbt ho\u1eb7c c\u00f3 h\u1ea1t r\u1eafn.<\/p>\n<h3>\u01afu \u0111i\u1ec3m n\u1ed5i b\u1eadt c\u1ee7a \u0111\u1ed3ng h\u1ed3 MTF-I<\/h3>\n<ul>\n<li>Thi\u1ebft k\u1ebf ki\u1ec3u ch\u00e8n \u2013 ti\u1ebft ki\u1ec7m chi ph\u00ed cho \u0111\u01b0\u1eddng \u1ed1ng l\u1edbn<\/li>\n<li>Kh\u00f4ng c\u00f3 b\u1ed9 ph\u1eadn chuy\u1ec3n \u0111\u1ed9ng \u2013 kh\u00f4ng hao m\u00f2n, kh\u00f4ng c\u1ea7n b\u1ea3o tr\u00ec<\/li>\n<li>\u0110o l\u01b0\u1eddng \u1ed5n \u0111\u1ecbnh b\u1ea5t k\u1ec3 thay \u0111\u1ed5i nhi\u1ec7t \u0111\u1ed9, \u00e1p su\u1ea5t, \u0111\u1ed9 nh\u1edbt<\/li>\n<li>M\u00e0n h\u00ecnh LCD h\u1ed7 tr\u1ee3 \u0111a ng\u00f4n ng\u1eef: Anh, Ph\u00e1p, T\u00e2y Ban Nha\u2026<\/li>\n<li>Hi\u1ec7u chu\u1ea9n ri\u00eang t\u1eebng thi\u1ebft b\u1ecb \u2013 c\u00f3 s\u1ed1 serial v\u00e0 d\u1eef li\u1ec7u chu\u1ea9n<\/li>\n<\/ul>\n<h3>\u1ee8ng d\u1ee5ng ti\u00eau bi\u1ec3u c\u1ee7a MTF-I<\/h3>\n<ul>\n<li>Gi\u00e1m s\u00e1t d\u00f2ng ch\u1ea3y trong h\u1ec7 th\u1ed1ng l\u00e0m m\u00e1t<\/li>\n<li>B\u1ea3o v\u1ec7 b\u01a1m b\u1eb1ng c\u00e1ch gi\u00e1m s\u00e1t l\u01b0u l\u01b0\u1ee3ng t\u1ed1i thi\u1ec3u<\/li>\n<li>\u0110o n\u01b0\u1edbc s\u1ea1ch, n\u01b0\u1edbc c\u1ea5p, n\u01b0\u1edbc t\u01b0\u1edbi<\/li>\n<li>\u1ee8ng d\u1ee5ng gi\u00e1m s\u00e1t chi ph\u00ed trong h\u1ec7 th\u1ed1ng c\u00f4ng nghi\u1ec7p<\/li>\n<\/ul>\n<h3>Th\u00f4ng s\u1ed1 k\u1ef9 thu\u1eadt MTF-I<\/h3>\n<table>\n<tbody>\n<tr>\n<td>D\u1ea3i \u0111o<\/td>\n<td>16 \u2013 125,000 m\u00b3\/h<\/td>\n<\/tr>\n<tr>\n<td>\u0110\u1ed9 ch\u00ednh x\u00e1c<\/td>\n<td>\u00b11.5%<\/td>\n<\/tr>\n<tr>\n<td>Nhi\u1ec7t \u0111\u1ed9 m\u00f4i ch\u1ea5t<\/td>\n<td>\u2264 80\u00b0C (176\u00b0F)<\/td>\n<\/tr>\n<tr>\n<td>\u00c1p su\u1ea5t l\u00e0m vi\u1ec7c t\u1ed1i \u0111a<\/td>\n<td>25 bar (362.6 psi)<\/td>\n<\/tr>\n<tr>\n<td>Nhi\u1ec7t \u0111\u1ed9 m\u00f4i tr\u01b0\u1eddng<\/td>\n<td>\u201325\u00b0C \u0111\u1ebfn 60\u00b0C<\/td>\n<\/tr>\n<tr>\n<td>V\u1eadt li\u1ec7u c\u1ea3m bi\u1ebfn<\/td>\n<td>Th\u00e9p kh\u00f4ng g\u1ec9 \/ PVDF<\/td>\n<\/tr>\n<tr>\n<td>\u0110i\u1ec7n c\u1ef1c<\/td>\n<td>316L, Hastelloy, Tantalum, Titanium, Platinum (t\u00f9y ch\u1ecdn)<\/td>\n<\/tr>\n<tr>\n<td>\u0110\u1ea7u ra t\u00edn hi\u1ec7u<\/td>\n<td>4\u201320 mA, xung, t\u1ea7n s\u1ed1<\/td>\n<\/tr>\n<tr>\n<td>K\u1ebft n\u1ed1i truy\u1ec1n th\u00f4ng<\/td>\n<td>RS485 (HART ho\u1eb7c theo y\u00eau c\u1ea7u)<\/td>\n<\/tr>\n<tr>\n<td>Ngu\u1ed3n c\u1ea5p<\/td>\n<td>24 VDC ho\u1eb7c 100\u2013240 VAC<\/td>\n<\/tr>\n<tr>\n<td>\u0110\u1ed9 d\u1eabn \u0111i\u1ec7n t\u1ed1i thi\u1ec3u<\/td>\n<td>\u2265 5 \u00b5S\/cm<\/td>\n<\/tr>\n<tr>\n<td>C\u1ea5p b\u1ea3o v\u1ec7<\/td>\n<td>IP65, IP66, IP67, IP68 (t\u00f9y ch\u1ecdn)<\/td>\n<\/tr>\n<\/tbody>\n<\/table>\n<p>&nbsp;<\/p>","protected":false},"excerpt":{"rendered":"<p>&#8211; \u0110\u1ed3ng h\u1ed3 ki\u1ec3u ch\u00e8n, l\u1eafp \u0111\u1eb7t nhanh qua th\u00e0nh \u1ed1ng l\u1edbn<br \/>\n&#8211; D\u1ea3i \u0111o r\u1ed9ng: 16 \u2013 125,000 m\u00b3\/h<br \/>\n&#8211; C\u1ea3m bi\u1ebfn th\u00e9p kh\u00f4ng g\u1ec9, ch\u1ecbu \u00e1p t\u1edbi 25 bar<br \/>\n&#8211; \u0110\u1ed9 ch\u00ednh x\u00e1c \u00b11.5%, kh\u00f4ng t\u1ed5n th\u1ea5t \u00e1p su\u1ea5t<br \/>\n&#8211; M\u00e0n h\u00ecnh LCD, t\u00edn hi\u1ec7u 4\u201320mA, RS485 t\u00f9y ch\u1ecdn<\/p>","protected":false},"featured_media":7193,"template":"","meta":[],"product_cat":[442,497,498,416,444,484,486,507],"product_tag":[],"acf":[],"yoast_head":"<!-- This site is optimized with the Yoast SEO Premium plugin v18.4 (Yoast SEO v18.6) - https:\/\/yoast.com\/wordpress\/plugins\/seo\/ -->\n<title>\u0110\u1ed3ng h\u1ed3 \u0111o l\u01b0u l\u01b0\u1ee3ng \u0111i\u1ec7n t\u1eeb ki\u1ec3u xuy\u00ean \u1ed1ng MTF-I \u2013 Gi\u1ea3i ph\u00e1p ti\u1ebft ki\u1ec7m cho \u1ed1ng l\u1edbn - QUANDO<\/title>\n<meta name=\"description\" content=\"MTF-I l\u00e0 \u0111\u1ed3ng h\u1ed3 \u0111o l\u01b0u l\u01b0\u1ee3ng \u0111i\u1ec7n t\u1eeb ki\u1ec3u xuy\u00ean \u1ed1ng d\u00f9ng cho \u0111\u01b0\u1eddng \u1ed1ng l\u1edbn. Kh\u00f4ng c\u00f3 b\u1ed9 ph\u1eadn chuy\u1ec3n \u0111\u1ed9ng, d\u1ec5 l\u1eafp \u0111\u1eb7t, \u0111\u1ed9 ch\u00ednh x\u00e1c \u00b11.5%...\" \/>\n<meta name=\"robots\" content=\"index, follow, max-snippet:-1, max-image-preview:large, max-video-preview:-1\" \/>\n<link rel=\"canonical\" href=\"https:\/\/quando.com.vn\/en\/product\/dong-ho-do-luu-luong-dien-tu-kieu-xuyen-ong-mtf-i-giai-phap-tiet-kiem-cho-ong-lon\/\" \/>\n<meta property=\"og:locale\" content=\"en_US\" \/>\n<meta property=\"og:type\" content=\"article\" \/>\n<meta property=\"og:title\" content=\"\u0110\u1ed3ng h\u1ed3 \u0111o l\u01b0u l\u01b0\u1ee3ng \u0111i\u1ec7n t\u1eeb ki\u1ec3u xuy\u00ean \u1ed1ng MTF-I \u2013 Gi\u1ea3i ph\u00e1p ti\u1ebft ki\u1ec7m cho \u1ed1ng l\u1edbn\" \/>\n<meta property=\"og:description\" content=\"MTF-I l\u00e0 \u0111\u1ed3ng h\u1ed3 \u0111o l\u01b0u l\u01b0\u1ee3ng \u0111i\u1ec7n t\u1eeb ki\u1ec3u xuy\u00ean \u1ed1ng d\u00f9ng cho \u0111\u01b0\u1eddng \u1ed1ng l\u1edbn. Kh\u00f4ng c\u00f3 b\u1ed9 ph\u1eadn chuy\u1ec3n \u0111\u1ed9ng, d\u1ec5 l\u1eafp \u0111\u1eb7t, \u0111\u1ed9 ch\u00ednh x\u00e1c \u00b11.5%...\" \/>\n<meta property=\"og:url\" content=\"https:\/\/quando.com.vn\/en\/product\/dong-ho-do-luu-luong-dien-tu-kieu-xuyen-ong-mtf-i-giai-phap-tiet-kiem-cho-ong-lon\/\" \/>\n<meta property=\"og:site_name\" content=\"QUANDO\" \/>\n<meta property=\"article:modified_time\" content=\"2025-07-02T07:55:25+00:00\" \/>\n<meta property=\"og:image\" content=\"https:\/\/quando.com.vn\/wp-content\/uploads\/2025\/07\/Metlan-Instrumnets-MTF-I-Insertion-Magnetic-Flow-Meters.png\" \/>\n\t<meta property=\"og:image:width\" content=\"1000\" \/>\n\t<meta property=\"og:image:height\" content=\"1000\" \/>\n\t<meta property=\"og:image:type\" content=\"image\/png\" \/>\n<meta name=\"twitter:card\" content=\"summary_large_image\" \/>\n<meta name=\"twitter:label1\" content=\"Est. reading time\" \/>\n\t<meta name=\"twitter:data1\" content=\"2 minutes\" \/>\n<script type=\"application\/ld+json\" class=\"yoast-schema-graph\">{\"@context\":\"https:\/\/schema.org\",\"@graph\":[{\"@type\":\"WebSite\",\"@id\":\"https:\/\/quando.com.vn\/en\/#website\",\"url\":\"https:\/\/quando.com.vn\/en\/\",\"name\":\"QUANDO\",\"description\":\"\",\"potentialAction\":[{\"@type\":\"SearchAction\",\"target\":{\"@type\":\"EntryPoint\",\"urlTemplate\":\"https:\/\/quando.com.vn\/en\/?s={search_term_string}\"},\"query-input\":\"required name=search_term_string\"}],\"inLanguage\":\"en-US\"},{\"@type\":\"ImageObject\",\"@id\":\"https:\/\/quando.com.vn\/san-pham\/dong-ho-do-luu-luong-dien-tu-kieu-xuyen-ong-mtf-i-giai-phap-tiet-kiem-cho-ong-lon\/#primaryimage\",\"inLanguage\":\"en-US\",\"url\":\"https:\/\/quando.com.vn\/wp-content\/uploads\/2025\/07\/Metlan-Instrumnets-MTF-I-Insertion-Magnetic-Flow-Meters.png\",\"contentUrl\":\"https:\/\/quando.com.vn\/wp-content\/uploads\/2025\/07\/Metlan-Instrumnets-MTF-I-Insertion-Magnetic-Flow-Meters.png\",\"width\":1000,\"height\":1000,\"caption\":\"Meltan Instruments flow meter MTF-I\"},{\"@type\":\"WebPage\",\"@id\":\"https:\/\/quando.com.vn\/san-pham\/dong-ho-do-luu-luong-dien-tu-kieu-xuyen-ong-mtf-i-giai-phap-tiet-kiem-cho-ong-lon\/#webpage\",\"url\":\"https:\/\/quando.com.vn\/san-pham\/dong-ho-do-luu-luong-dien-tu-kieu-xuyen-ong-mtf-i-giai-phap-tiet-kiem-cho-ong-lon\/\",\"name\":\"\u0110\u1ed3ng h\u1ed3 \u0111o l\u01b0u l\u01b0\u1ee3ng \u0111i\u1ec7n t\u1eeb ki\u1ec3u xuy\u00ean \u1ed1ng MTF-I \u2013 Gi\u1ea3i ph\u00e1p ti\u1ebft ki\u1ec7m cho \u1ed1ng l\u1edbn - QUANDO\",\"isPartOf\":{\"@id\":\"https:\/\/quando.com.vn\/en\/#website\"},\"primaryImageOfPage\":{\"@id\":\"https:\/\/quando.com.vn\/san-pham\/dong-ho-do-luu-luong-dien-tu-kieu-xuyen-ong-mtf-i-giai-phap-tiet-kiem-cho-ong-lon\/#primaryimage\"},\"datePublished\":\"2025-07-02T04:27:40+00:00\",\"dateModified\":\"2025-07-02T07:55:25+00:00\",\"description\":\"MTF-I l\u00e0 \u0111\u1ed3ng h\u1ed3 \u0111o l\u01b0u l\u01b0\u1ee3ng \u0111i\u1ec7n t\u1eeb ki\u1ec3u xuy\u00ean \u1ed1ng d\u00f9ng cho \u0111\u01b0\u1eddng \u1ed1ng l\u1edbn. Kh\u00f4ng c\u00f3 b\u1ed9 ph\u1eadn chuy\u1ec3n \u0111\u1ed9ng, d\u1ec5 l\u1eafp \u0111\u1eb7t, \u0111\u1ed9 ch\u00ednh x\u00e1c \u00b11.5%...\",\"breadcrumb\":{\"@id\":\"https:\/\/quando.com.vn\/san-pham\/dong-ho-do-luu-luong-dien-tu-kieu-xuyen-ong-mtf-i-giai-phap-tiet-kiem-cho-ong-lon\/#breadcrumb\"},\"inLanguage\":\"en-US\",\"potentialAction\":[{\"@type\":\"ReadAction\",\"target\":[\"https:\/\/quando.com.vn\/san-pham\/dong-ho-do-luu-luong-dien-tu-kieu-xuyen-ong-mtf-i-giai-phap-tiet-kiem-cho-ong-lon\/\"]}]},{\"@type\":\"BreadcrumbList\",\"@id\":\"https:\/\/quando.com.vn\/san-pham\/dong-ho-do-luu-luong-dien-tu-kieu-xuyen-ong-mtf-i-giai-phap-tiet-kiem-cho-ong-lon\/#breadcrumb\",\"itemListElement\":[{\"@type\":\"ListItem\",\"position\":1,\"name\":\"Trang ch\u1ee7\",\"item\":\"https:\/\/quando.com.vn\/\"},{\"@type\":\"ListItem\",\"position\":2,\"name\":\"S\u1ea3n ph\u1ea9m\",\"item\":\"https:\/\/quando.com.vn\/san-pham\/\"},{\"@type\":\"ListItem\",\"position\":3,\"name\":\"\u0110\u1ed3ng h\u1ed3 \u0111o l\u01b0u l\u01b0\u1ee3ng \u0111i\u1ec7n t\u1eeb ki\u1ec3u xuy\u00ean \u1ed1ng MTF-I \u2013 Gi\u1ea3i ph\u00e1p ti\u1ebft ki\u1ec7m cho \u1ed1ng l\u1edbn\"}]}]}<\/script>\n<!-- \/ Yoast SEO Premium plugin. -->","yoast_head_json":{"title":"\u0110\u1ed3ng h\u1ed3 \u0111o l\u01b0u l\u01b0\u1ee3ng \u0111i\u1ec7n t\u1eeb ki\u1ec3u xuy\u00ean \u1ed1ng MTF-I \u2013 Gi\u1ea3i ph\u00e1p ti\u1ebft ki\u1ec7m cho \u1ed1ng l\u1edbn - QUANDO","description":"MTF-I l\u00e0 \u0111\u1ed3ng h\u1ed3 \u0111o l\u01b0u l\u01b0\u1ee3ng \u0111i\u1ec7n t\u1eeb ki\u1ec3u xuy\u00ean \u1ed1ng d\u00f9ng cho \u0111\u01b0\u1eddng \u1ed1ng l\u1edbn. Kh\u00f4ng c\u00f3 b\u1ed9 ph\u1eadn chuy\u1ec3n \u0111\u1ed9ng, d\u1ec5 l\u1eafp \u0111\u1eb7t, \u0111\u1ed9 ch\u00ednh x\u00e1c \u00b11.5%...","robots":{"index":"index","follow":"follow","max-snippet":"max-snippet:-1","max-image-preview":"max-image-preview:large","max-video-preview":"max-video-preview:-1"},"canonical":"https:\/\/quando.com.vn\/en\/product\/dong-ho-do-luu-luong-dien-tu-kieu-xuyen-ong-mtf-i-giai-phap-tiet-kiem-cho-ong-lon\/","og_locale":"en_US","og_type":"article","og_title":"\u0110\u1ed3ng h\u1ed3 \u0111o l\u01b0u l\u01b0\u1ee3ng \u0111i\u1ec7n t\u1eeb ki\u1ec3u xuy\u00ean \u1ed1ng MTF-I \u2013 Gi\u1ea3i ph\u00e1p ti\u1ebft ki\u1ec7m cho \u1ed1ng l\u1edbn","og_description":"MTF-I l\u00e0 \u0111\u1ed3ng h\u1ed3 \u0111o l\u01b0u l\u01b0\u1ee3ng \u0111i\u1ec7n t\u1eeb ki\u1ec3u xuy\u00ean \u1ed1ng d\u00f9ng cho \u0111\u01b0\u1eddng \u1ed1ng l\u1edbn. Kh\u00f4ng c\u00f3 b\u1ed9 ph\u1eadn chuy\u1ec3n \u0111\u1ed9ng, d\u1ec5 l\u1eafp \u0111\u1eb7t, \u0111\u1ed9 ch\u00ednh x\u00e1c \u00b11.5%...","og_url":"https:\/\/quando.com.vn\/en\/product\/dong-ho-do-luu-luong-dien-tu-kieu-xuyen-ong-mtf-i-giai-phap-tiet-kiem-cho-ong-lon\/","og_site_name":"QUANDO","article_modified_time":"2025-07-02T07:55:25+00:00","og_image":[{"width":1000,"height":1000,"url":"https:\/\/quando.com.vn\/wp-content\/uploads\/2025\/07\/Metlan-Instrumnets-MTF-I-Insertion-Magnetic-Flow-Meters.png","type":"image\/png"}],"twitter_card":"summary_large_image","twitter_misc":{"Est. reading time":"2 minutes"},"schema":{"@context":"https:\/\/schema.org","@graph":[{"@type":"WebSite","@id":"https:\/\/quando.com.vn\/en\/#website","url":"https:\/\/quando.com.vn\/en\/","name":"QUANDO","description":"","potentialAction":[{"@type":"SearchAction","target":{"@type":"EntryPoint","urlTemplate":"https:\/\/quando.com.vn\/en\/?s={search_term_string}"},"query-input":"required name=search_term_string"}],"inLanguage":"en-US"},{"@type":"ImageObject","@id":"https:\/\/quando.com.vn\/san-pham\/dong-ho-do-luu-luong-dien-tu-kieu-xuyen-ong-mtf-i-giai-phap-tiet-kiem-cho-ong-lon\/#primaryimage","inLanguage":"en-US","url":"https:\/\/quando.com.vn\/wp-content\/uploads\/2025\/07\/Metlan-Instrumnets-MTF-I-Insertion-Magnetic-Flow-Meters.png","contentUrl":"https:\/\/quando.com.vn\/wp-content\/uploads\/2025\/07\/Metlan-Instrumnets-MTF-I-Insertion-Magnetic-Flow-Meters.png","width":1000,"height":1000,"caption":"Meltan Instruments flow meter MTF-I"},{"@type":"WebPage","@id":"https:\/\/quando.com.vn\/san-pham\/dong-ho-do-luu-luong-dien-tu-kieu-xuyen-ong-mtf-i-giai-phap-tiet-kiem-cho-ong-lon\/#webpage","url":"https:\/\/quando.com.vn\/san-pham\/dong-ho-do-luu-luong-dien-tu-kieu-xuyen-ong-mtf-i-giai-phap-tiet-kiem-cho-ong-lon\/","name":"\u0110\u1ed3ng h\u1ed3 \u0111o l\u01b0u l\u01b0\u1ee3ng \u0111i\u1ec7n t\u1eeb ki\u1ec3u xuy\u00ean \u1ed1ng MTF-I \u2013 Gi\u1ea3i ph\u00e1p ti\u1ebft ki\u1ec7m cho \u1ed1ng l\u1edbn - QUANDO","isPartOf":{"@id":"https:\/\/quando.com.vn\/en\/#website"},"primaryImageOfPage":{"@id":"https:\/\/quando.com.vn\/san-pham\/dong-ho-do-luu-luong-dien-tu-kieu-xuyen-ong-mtf-i-giai-phap-tiet-kiem-cho-ong-lon\/#primaryimage"},"datePublished":"2025-07-02T04:27:40+00:00","dateModified":"2025-07-02T07:55:25+00:00","description":"MTF-I l\u00e0 \u0111\u1ed3ng h\u1ed3 \u0111o l\u01b0u l\u01b0\u1ee3ng \u0111i\u1ec7n t\u1eeb ki\u1ec3u xuy\u00ean \u1ed1ng d\u00f9ng cho \u0111\u01b0\u1eddng \u1ed1ng l\u1edbn. Kh\u00f4ng c\u00f3 b\u1ed9 ph\u1eadn chuy\u1ec3n \u0111\u1ed9ng, d\u1ec5 l\u1eafp \u0111\u1eb7t, \u0111\u1ed9 ch\u00ednh x\u00e1c \u00b11.5%...","breadcrumb":{"@id":"https:\/\/quando.com.vn\/san-pham\/dong-ho-do-luu-luong-dien-tu-kieu-xuyen-ong-mtf-i-giai-phap-tiet-kiem-cho-ong-lon\/#breadcrumb"},"inLanguage":"en-US","potentialAction":[{"@type":"ReadAction","target":["https:\/\/quando.com.vn\/san-pham\/dong-ho-do-luu-luong-dien-tu-kieu-xuyen-ong-mtf-i-giai-phap-tiet-kiem-cho-ong-lon\/"]}]},{"@type":"BreadcrumbList","@id":"https:\/\/quando.com.vn\/san-pham\/dong-ho-do-luu-luong-dien-tu-kieu-xuyen-ong-mtf-i-giai-phap-tiet-kiem-cho-ong-lon\/#breadcrumb","itemListElement":[{"@type":"ListItem","position":1,"name":"Trang ch\u1ee7","item":"https:\/\/quando.com.vn\/"},{"@type":"ListItem","position":2,"name":"S\u1ea3n ph\u1ea9m","item":"https:\/\/quando.com.vn\/san-pham\/"},{"@type":"ListItem","position":3,"name":"\u0110\u1ed3ng h\u1ed3 \u0111o l\u01b0u l\u01b0\u1ee3ng \u0111i\u1ec7n t\u1eeb ki\u1ec3u xuy\u00ean \u1ed1ng MTF-I \u2013 Gi\u1ea3i ph\u00e1p ti\u1ebft ki\u1ec7m cho \u1ed1ng l\u1edbn"}]}]}},"_links":{"self":[{"href":"https:\/\/quando.com.vn\/en\/wp-json\/wp\/v2\/product\/7194"}],"collection":[{"href":"https:\/\/quando.com.vn\/en\/wp-json\/wp\/v2\/product"}],"about":[{"href":"https:\/\/quando.com.vn\/en\/wp-json\/wp\/v2\/types\/product"}],"wp:featuredmedia":[{"embeddable":true,"href":"https:\/\/quando.com.vn\/en\/wp-json\/wp\/v2\/media\/7193"}],"wp:attachment":[{"href":"https:\/\/quando.com.vn\/en\/wp-json\/wp\/v2\/media?parent=7194"}],"wp:term":[{"taxonomy":"product_cat","embeddable":true,"href":"https:\/\/quando.com.vn\/en\/wp-json\/wp\/v2\/product_cat?post=7194"},{"taxonomy":"product_tag","embeddable":true,"href":"https:\/\/quando.com.vn\/en\/wp-json\/wp\/v2\/product_tag?post=7194"}],"curies":[{"name":"wp","href":"https:\/\/api.w.org\/{rel}","templated":true}]}}