{"id":7188,"date":"2025-07-02T09:13:02","date_gmt":"2025-07-02T02:13:02","guid":{"rendered":"https:\/\/quando.com.vn\/?post_type=product&#038;p=7188"},"modified":"2025-07-02T10:00:29","modified_gmt":"2025-07-02T03:00:29","slug":"dong-ho-do-luu-luong-mtf-f-200","status":"publish","type":"product","link":"https:\/\/quando.com.vn\/en\/product\/dong-ho-do-luu-luong-mtf-f-200\/","title":{"rendered":"\u0110\u1ed3ng h\u1ed3 \u0111o l\u01b0u l\u01b0\u1ee3ng MTF-F-200 Phi\u00ean b\u1ea3n remote"},"content":{"rendered":"<h3>\u0110\u1ed3ng h\u1ed3 \u0111o l\u01b0u l\u01b0\u1ee3ng \u0111i\u1ec7n t\u1eeb MTF-F-200 \u2013 Phi\u00ean b\u1ea3n remote linh ho\u1ea1t v\u00e0 b\u1ec1n b\u1ec9<\/h3>\n<p><strong>MTF-F-200<\/strong> l\u00e0 phi\u00ean b\u1ea3n remote c\u1ee7a d\u00f2ng \u0111\u1ed3ng h\u1ed3 \u0111o l\u01b0u l\u01b0\u1ee3ng \u0111i\u1ec7n t\u1eeb MTF-F-100, thi\u1ebft k\u1ebf chuy\u00ean bi\u1ec7t cho c\u00e1c \u1ee9ng d\u1ee5ng c\u00f4ng nghi\u1ec7p kh\u1eaft khe. Thi\u1ebft b\u1ecb cung c\u1ea5p \u0111a d\u1ea1ng l\u1edbp l\u00f3t v\u00e0 v\u1eadt li\u1ec7u \u0111i\u1ec7n c\u1ef1c, ch\u1ecbu \u0111\u01b0\u1ee3c nhi\u1ec7t \u0111\u1ed9 m\u00f4i ch\u1ea5t l\u00ean \u0111\u1ebfn 180\u00b0C, \u0111\u1ea3m b\u1ea3o \u0111o l\u01b0u l\u01b0\u1ee3ng ch\u00ednh x\u00e1c, \u1ed5n \u0111\u1ecbnh v\u00e0 an to\u00e0n trong m\u1ecdi \u0111i\u1ec1u ki\u1ec7n v\u1eadn h\u00e0nh.<\/p>\n<h3>\u01afu \u0111i\u1ec3m n\u1ed5i b\u1eadt c\u1ee7a MTF-F-200<\/h3>\n<p>&#8211; Thi\u1ebft k\u1ebf remote t\u00e1ch bi\u1ec7t \u0111\u1ea7u \u0111o v\u00e0 hi\u1ec3n th\u1ecb \u2013 d\u1ec5 l\u1eafp \u0111\u1eb7t \u1edf m\u00f4i tr\u01b0\u1eddng kh\u1eafc nghi\u1ec7t<br \/>\n&#8211; Kh\u00f4ng c\u00f3 b\u1ed9 ph\u1eadn chuy\u1ec3n \u0111\u1ed9ng \u2192 kh\u00f4ng hao m\u00f2n, kh\u00f4ng t\u1ed5n th\u1ea5t \u00e1p su\u1ea5t<br \/>\n&#8211; Ch\u1ecbu \u0111\u01b0\u1ee3c h\u00f3a ch\u1ea5t \u0103n m\u00f2n, ch\u1ea5t m\u00e0i m\u00f2n, v\u00e0 d\u00f2ng ch\u1ea3y c\u00f3 h\u1ea1t r\u1eafn<br \/>\n&#8211; \u0110a ng\u00f4n ng\u1eef cho hi\u1ec3n th\u1ecb LCD: ti\u1ebfng Anh, Ph\u00e1p, T\u00e2y Ban Nha&#8230;<br \/>\n&#8211; Hi\u1ec7u chu\u1ea9n ri\u00eang t\u1eebng thi\u1ebft b\u1ecb \u2013 \u0111i k\u00e8m s\u1ed1 serial v\u00e0 d\u1eef li\u1ec7u \u0111\u1ea7y \u0111\u1ee7<\/p>\n<h3>\u1ee8ng d\u1ee5ng c\u1ee7a \u0111\u1ed3ng h\u1ed3 MTF-F-200<\/h3>\n<p>&#8211; H\u00f3a ch\u1ea5t \u0103n m\u00f2n, ki\u1ec1m, axit \u2013 s\u1ea3n xu\u1ea5t v\u00e0 x\u1eed l\u00fd<br \/>\n&#8211; N\u01b0\u1edbc th\u1ea3i ch\u1ee9a b\u00f9n, keo t\u1ee5, huy\u1ec1n ph\u00f9 \u2013 ng\u00e0nh m\u00f4i tr\u01b0\u1eddng<br \/>\n&#8211; Khai kho\u00e1ng, qu\u1eb7ng, hydrocyclone \u2013 x\u1eed l\u00fd ch\u1ea5t l\u1ecfng c\u00f3 h\u1ea1t r\u1eafn<br \/>\n&#8211; Gi\u00e1m s\u00e1t h\u1ec7 th\u1ed1ng c\u1ea5p tho\u00e1t n\u01b0\u1edbc, m\u1ea1ng l\u01b0\u1edbi ph\u00e2n ph\u1ed1i<br \/>\n&#8211; Nh\u00e0 m\u00e1y n\u01b0\u1edbc, l\u1ecdc n\u01b0\u1edbc, kh\u1eed m\u1eb7n<br \/>\n&#8211; D\u1ea7u kh\u00ed \u2013 b\u01a1m n\u01b0\u1edbc cao \u00e1p, dung d\u1ecbch khoan, n\u01b0\u1edbc s\u1ea3n xu\u1ea5t<br \/>\n&#8211; Pulp &amp; paper \u2013 ch\u1ea5t l\u1ecfng ch\u1ee9a s\u1ee3i v\u00e0 ch\u1ea5t h\u00f3a h\u1ecdc<\/p>\n<h3>B\u1ea3ng th\u00f4ng s\u1ed1 k\u1ef9 thu\u1eadt MTF-F-200<\/h3>\n<table>\n<tbody>\n<tr>\n<td>D\u1ea3i \u0111o<\/td>\n<td>0.3 \u2013 125,000 m\u00b3\/h<\/td>\n<\/tr>\n<tr>\n<td>\u0110\u01b0\u1eddng k\u00ednh danh \u0111\u1ecbnh<\/td>\n<td>DN15 \u2013 DN3000 (\u00bd\u2033 \u2013 120\u2033)<\/td>\n<\/tr>\n<tr>\n<td>\u0110\u1ed9 ch\u00ednh x\u00e1c<\/td>\n<td>\u00b10.5% (chu\u1ea9n), t\u00f9y ch\u1ecdn \u00b10.2%<\/td>\n<\/tr>\n<tr>\n<td>\u0110\u1ed9 l\u1eb7p l\u1ea1i<\/td>\n<td>\u00b10.25%, t\u00f9y ch\u1ecdn \u00b10.1%<\/td>\n<\/tr>\n<tr>\n<td>\u00c1p su\u1ea5t l\u00e0m vi\u1ec7c t\u1ed1i \u0111a<\/td>\n<td>100 bar (1450 psi)<\/td>\n<\/tr>\n<tr>\n<td>Nhi\u1ec7t \u0111\u1ed9 m\u00f4i ch\u1ea5t<\/td>\n<td>PU: \u201318 \u0111\u1ebfn 60\u00b0C<br \/>\nNeoprene \/ IR: \u201325 \u0111\u1ebfn 80\u00b0C<br \/>\nPTFE \/ FEP: \u201325 \u0111\u1ebfn 150\u00b0C<br \/>\nETFE \/ PFA: \u201340 \u0111\u1ebfn 180\u00b0C<\/td>\n<\/tr>\n<tr>\n<td>Nhi\u1ec7t \u0111\u1ed9 m\u00f4i tr\u01b0\u1eddng<\/td>\n<td>\u201325\u00b0C \u0111\u1ebfn 60\u00b0C<\/td>\n<\/tr>\n<tr>\n<td>L\u00f3t ti\u1ebfp x\u00fac<\/td>\n<td>PU, Neoprene, IR, PTFE, PFA, ETFE, FEP<\/td>\n<\/tr>\n<tr>\n<td>\u0110i\u1ec7n c\u1ef1c<\/td>\n<td>316L, Hastelloy, Tantalum, Titanium, Platinum, ph\u1ee7 Tungsten carbide<\/td>\n<\/tr>\n<tr>\n<td>\u0110\u1ea7u ra t\u00edn hi\u1ec7u<\/td>\n<td>4\u201320 mA, xung, t\u1ea7n s\u1ed1, RS485 (HART&#8230;)<\/td>\n<\/tr>\n<tr>\n<td>Ngu\u1ed3n c\u1ea5p<\/td>\n<td>24 VDC ho\u1eb7c 100\u2013240 VAC<\/td>\n<\/tr>\n<tr>\n<td>\u0110\u1ed9 d\u1eabn \u0111i\u1ec7n t\u1ed1i thi\u1ec3u<\/td>\n<td>\u2265 5 \u00b5S\/cm<\/td>\n<\/tr>\n<tr>\n<td>C\u1ea5p b\u1ea3o v\u1ec7<\/td>\n<td>IP65, IP66, IP67, IP68 (t\u00f9y ch\u1ecdn)<\/td>\n<\/tr>\n<\/tbody>\n<\/table>\n<p>&nbsp;<\/p>","protected":false},"excerpt":{"rendered":"<p>&#8211; Phi\u00ean b\u1ea3n remote linh ho\u1ea1t l\u1eafp \u0111\u1eb7t, an to\u00e0n v\u1eadn h\u00e0nh<br \/>\n&#8211; \u0110\u1ed9 ch\u00ednh x\u00e1c: \u00b10.5% (chu\u1ea9n), \u00b10.2% (t\u00f9y ch\u1ecdn)<br \/>\n&#8211; D\u1ea3i \u0111o: 0.3 \u2013 125,000 m\u00b3\/h<br \/>\n&#8211; \u0110\u01b0\u1eddng k\u00ednh \u1ed1ng DN15\u2013DN3000<br \/>\n&#8211; L\u1edbp l\u00f3t: PTFE, PFA, ETFE\u2026 ch\u1ecbu h\u00f3a ch\u1ea5t, ch\u1ecbu nhi\u1ec7t cao<br \/>\n&#8211; B\u1ea3o v\u1ec7 IP65 \u0111\u1ebfn IP68, \u0111\u1ea7u ra 4\u201320mA, RS485, HART<\/p>\n<p>&nbsp;<\/p>","protected":false},"featured_media":7189,"template":"","meta":[],"product_cat":[442,497,498,416,444,484,488,507],"product_tag":[],"acf":[],"yoast_head":"<!-- This site is optimized with the Yoast SEO Premium plugin v18.4 (Yoast SEO v18.6) - https:\/\/yoast.com\/wordpress\/plugins\/seo\/ -->\n<title>\u0110\u1ed3ng h\u1ed3 \u0111o l\u01b0u l\u01b0\u1ee3ng MTF-F-200 Phi\u00ean b\u1ea3n remote - QUANDO<\/title>\n<meta name=\"description\" content=\"MTF-F-200 l\u00e0 \u0111\u1ed3ng h\u1ed3 \u0111o l\u01b0u l\u01b0\u1ee3ng lo\u1ea1i \u0111i\u1ec7n t\u1eeb phi\u00ean b\u1ea3n remote, \u0111a d\u1ea1ng v\u1eadt li\u1ec7u ti\u1ebfp x\u00fac, ch\u1ecbu nhi\u1ec7t \u0111\u1ebfn 180\u00b0C, \u1ee9ng d\u1ee5ng cho n\u01b0\u1edbc th\u1ea3i, h\u00f3a ch\u1ea5t, khai kho\u00e1ng, c\u00f4ng nghi\u1ec7p...\" \/>\n<meta name=\"robots\" content=\"index, follow, max-snippet:-1, max-image-preview:large, max-video-preview:-1\" \/>\n<link rel=\"canonical\" href=\"https:\/\/quando.com.vn\/en\/product\/dong-ho-do-luu-luong-mtf-f-200\/\" \/>\n<meta property=\"og:locale\" content=\"en_US\" \/>\n<meta property=\"og:type\" content=\"article\" \/>\n<meta property=\"og:title\" content=\"\u0110\u1ed3ng h\u1ed3 \u0111o l\u01b0u l\u01b0\u1ee3ng MTF-F-200 Phi\u00ean b\u1ea3n remote\" \/>\n<meta property=\"og:description\" content=\"MTF-F-200 l\u00e0 \u0111\u1ed3ng h\u1ed3 \u0111o l\u01b0u l\u01b0\u1ee3ng lo\u1ea1i \u0111i\u1ec7n t\u1eeb phi\u00ean b\u1ea3n remote, \u0111a d\u1ea1ng v\u1eadt li\u1ec7u ti\u1ebfp x\u00fac, ch\u1ecbu nhi\u1ec7t \u0111\u1ebfn 180\u00b0C, \u1ee9ng d\u1ee5ng cho n\u01b0\u1edbc th\u1ea3i, h\u00f3a ch\u1ea5t, khai kho\u00e1ng, c\u00f4ng nghi\u1ec7p...\" \/>\n<meta property=\"og:url\" content=\"https:\/\/quando.com.vn\/en\/product\/dong-ho-do-luu-luong-mtf-f-200\/\" \/>\n<meta property=\"og:site_name\" content=\"QUANDO\" \/>\n<meta property=\"article:modified_time\" content=\"2025-07-02T03:00:29+00:00\" \/>\n<meta name=\"twitter:card\" content=\"summary_large_image\" \/>\n<meta name=\"twitter:image\" content=\"https:\/\/quando.com.vn\/wp-content\/uploads\/2025\/07\/Metlan-Instrument-MTF-F-200-Remote-Electromagnetic-Flow-Meter.webp\" \/>\n<meta name=\"twitter:label1\" content=\"Est. reading time\" \/>\n\t<meta name=\"twitter:data1\" content=\"3 minutes\" \/>\n<script type=\"application\/ld+json\" class=\"yoast-schema-graph\">{\"@context\":\"https:\/\/schema.org\",\"@graph\":[{\"@type\":\"WebSite\",\"@id\":\"https:\/\/quando.com.vn\/en\/#website\",\"url\":\"https:\/\/quando.com.vn\/en\/\",\"name\":\"QUANDO\",\"description\":\"\",\"potentialAction\":[{\"@type\":\"SearchAction\",\"target\":{\"@type\":\"EntryPoint\",\"urlTemplate\":\"https:\/\/quando.com.vn\/en\/?s={search_term_string}\"},\"query-input\":\"required name=search_term_string\"}],\"inLanguage\":\"en-US\"},{\"@type\":\"ImageObject\",\"@id\":\"https:\/\/quando.com.vn\/san-pham\/dong-ho-do-luu-luong-mtf-f-200\/#primaryimage\",\"inLanguage\":\"en-US\",\"url\":\"https:\/\/quando.com.vn\/wp-content\/uploads\/2025\/07\/Metlan-Instrument-MTF-F-200-Remote-Electromagnetic-Flow-Meter.webp\",\"contentUrl\":\"https:\/\/quando.com.vn\/wp-content\/uploads\/2025\/07\/Metlan-Instrument-MTF-F-200-Remote-Electromagnetic-Flow-Meter.webp\",\"width\":600,\"height\":600,\"caption\":\"Meltan Instruments flow meter strument MTF-F-200\"},{\"@type\":\"WebPage\",\"@id\":\"https:\/\/quando.com.vn\/san-pham\/dong-ho-do-luu-luong-mtf-f-200\/#webpage\",\"url\":\"https:\/\/quando.com.vn\/san-pham\/dong-ho-do-luu-luong-mtf-f-200\/\",\"name\":\"\u0110\u1ed3ng h\u1ed3 \u0111o l\u01b0u l\u01b0\u1ee3ng MTF-F-200 Phi\u00ean b\u1ea3n remote - QUANDO\",\"isPartOf\":{\"@id\":\"https:\/\/quando.com.vn\/en\/#website\"},\"primaryImageOfPage\":{\"@id\":\"https:\/\/quando.com.vn\/san-pham\/dong-ho-do-luu-luong-mtf-f-200\/#primaryimage\"},\"datePublished\":\"2025-07-02T02:13:02+00:00\",\"dateModified\":\"2025-07-02T03:00:29+00:00\",\"description\":\"MTF-F-200 l\u00e0 \u0111\u1ed3ng h\u1ed3 \u0111o l\u01b0u l\u01b0\u1ee3ng lo\u1ea1i \u0111i\u1ec7n t\u1eeb phi\u00ean b\u1ea3n remote, \u0111a d\u1ea1ng v\u1eadt li\u1ec7u ti\u1ebfp x\u00fac, ch\u1ecbu nhi\u1ec7t \u0111\u1ebfn 180\u00b0C, \u1ee9ng d\u1ee5ng cho n\u01b0\u1edbc th\u1ea3i, h\u00f3a ch\u1ea5t, khai kho\u00e1ng, c\u00f4ng nghi\u1ec7p...\",\"breadcrumb\":{\"@id\":\"https:\/\/quando.com.vn\/san-pham\/dong-ho-do-luu-luong-mtf-f-200\/#breadcrumb\"},\"inLanguage\":\"en-US\",\"potentialAction\":[{\"@type\":\"ReadAction\",\"target\":[\"https:\/\/quando.com.vn\/san-pham\/dong-ho-do-luu-luong-mtf-f-200\/\"]}]},{\"@type\":\"BreadcrumbList\",\"@id\":\"https:\/\/quando.com.vn\/san-pham\/dong-ho-do-luu-luong-mtf-f-200\/#breadcrumb\",\"itemListElement\":[{\"@type\":\"ListItem\",\"position\":1,\"name\":\"Trang ch\u1ee7\",\"item\":\"https:\/\/quando.com.vn\/\"},{\"@type\":\"ListItem\",\"position\":2,\"name\":\"S\u1ea3n ph\u1ea9m\",\"item\":\"https:\/\/quando.com.vn\/san-pham\/\"},{\"@type\":\"ListItem\",\"position\":3,\"name\":\"\u0110\u1ed3ng h\u1ed3 \u0111o l\u01b0u l\u01b0\u1ee3ng MTF-F-200 Phi\u00ean b\u1ea3n remote\"}]}]}<\/script>\n<!-- \/ Yoast SEO Premium plugin. -->","yoast_head_json":{"title":"\u0110\u1ed3ng h\u1ed3 \u0111o l\u01b0u l\u01b0\u1ee3ng MTF-F-200 Phi\u00ean b\u1ea3n remote - QUANDO","description":"MTF-F-200 l\u00e0 \u0111\u1ed3ng h\u1ed3 \u0111o l\u01b0u l\u01b0\u1ee3ng lo\u1ea1i \u0111i\u1ec7n t\u1eeb phi\u00ean b\u1ea3n remote, \u0111a d\u1ea1ng v\u1eadt li\u1ec7u ti\u1ebfp x\u00fac, ch\u1ecbu nhi\u1ec7t \u0111\u1ebfn 180\u00b0C, \u1ee9ng d\u1ee5ng cho n\u01b0\u1edbc th\u1ea3i, h\u00f3a ch\u1ea5t, khai kho\u00e1ng, c\u00f4ng nghi\u1ec7p...","robots":{"index":"index","follow":"follow","max-snippet":"max-snippet:-1","max-image-preview":"max-image-preview:large","max-video-preview":"max-video-preview:-1"},"canonical":"https:\/\/quando.com.vn\/en\/product\/dong-ho-do-luu-luong-mtf-f-200\/","og_locale":"en_US","og_type":"article","og_title":"\u0110\u1ed3ng h\u1ed3 \u0111o l\u01b0u l\u01b0\u1ee3ng MTF-F-200 Phi\u00ean b\u1ea3n remote","og_description":"MTF-F-200 l\u00e0 \u0111\u1ed3ng h\u1ed3 \u0111o l\u01b0u l\u01b0\u1ee3ng lo\u1ea1i \u0111i\u1ec7n t\u1eeb phi\u00ean b\u1ea3n remote, \u0111a d\u1ea1ng v\u1eadt li\u1ec7u ti\u1ebfp x\u00fac, ch\u1ecbu nhi\u1ec7t \u0111\u1ebfn 180\u00b0C, \u1ee9ng d\u1ee5ng cho n\u01b0\u1edbc th\u1ea3i, h\u00f3a ch\u1ea5t, khai kho\u00e1ng, c\u00f4ng nghi\u1ec7p...","og_url":"https:\/\/quando.com.vn\/en\/product\/dong-ho-do-luu-luong-mtf-f-200\/","og_site_name":"QUANDO","article_modified_time":"2025-07-02T03:00:29+00:00","twitter_card":"summary_large_image","twitter_image":"https:\/\/quando.com.vn\/wp-content\/uploads\/2025\/07\/Metlan-Instrument-MTF-F-200-Remote-Electromagnetic-Flow-Meter.webp","twitter_misc":{"Est. reading time":"3 minutes"},"schema":{"@context":"https:\/\/schema.org","@graph":[{"@type":"WebSite","@id":"https:\/\/quando.com.vn\/en\/#website","url":"https:\/\/quando.com.vn\/en\/","name":"QUANDO","description":"","potentialAction":[{"@type":"SearchAction","target":{"@type":"EntryPoint","urlTemplate":"https:\/\/quando.com.vn\/en\/?s={search_term_string}"},"query-input":"required name=search_term_string"}],"inLanguage":"en-US"},{"@type":"ImageObject","@id":"https:\/\/quando.com.vn\/san-pham\/dong-ho-do-luu-luong-mtf-f-200\/#primaryimage","inLanguage":"en-US","url":"https:\/\/quando.com.vn\/wp-content\/uploads\/2025\/07\/Metlan-Instrument-MTF-F-200-Remote-Electromagnetic-Flow-Meter.webp","contentUrl":"https:\/\/quando.com.vn\/wp-content\/uploads\/2025\/07\/Metlan-Instrument-MTF-F-200-Remote-Electromagnetic-Flow-Meter.webp","width":600,"height":600,"caption":"Meltan Instruments flow meter strument MTF-F-200"},{"@type":"WebPage","@id":"https:\/\/quando.com.vn\/san-pham\/dong-ho-do-luu-luong-mtf-f-200\/#webpage","url":"https:\/\/quando.com.vn\/san-pham\/dong-ho-do-luu-luong-mtf-f-200\/","name":"\u0110\u1ed3ng h\u1ed3 \u0111o l\u01b0u l\u01b0\u1ee3ng MTF-F-200 Phi\u00ean b\u1ea3n remote - QUANDO","isPartOf":{"@id":"https:\/\/quando.com.vn\/en\/#website"},"primaryImageOfPage":{"@id":"https:\/\/quando.com.vn\/san-pham\/dong-ho-do-luu-luong-mtf-f-200\/#primaryimage"},"datePublished":"2025-07-02T02:13:02+00:00","dateModified":"2025-07-02T03:00:29+00:00","description":"MTF-F-200 l\u00e0 \u0111\u1ed3ng h\u1ed3 \u0111o l\u01b0u l\u01b0\u1ee3ng lo\u1ea1i \u0111i\u1ec7n t\u1eeb phi\u00ean b\u1ea3n remote, \u0111a d\u1ea1ng v\u1eadt li\u1ec7u ti\u1ebfp x\u00fac, ch\u1ecbu nhi\u1ec7t \u0111\u1ebfn 180\u00b0C, \u1ee9ng d\u1ee5ng cho n\u01b0\u1edbc th\u1ea3i, h\u00f3a ch\u1ea5t, khai kho\u00e1ng, c\u00f4ng nghi\u1ec7p...","breadcrumb":{"@id":"https:\/\/quando.com.vn\/san-pham\/dong-ho-do-luu-luong-mtf-f-200\/#breadcrumb"},"inLanguage":"en-US","potentialAction":[{"@type":"ReadAction","target":["https:\/\/quando.com.vn\/san-pham\/dong-ho-do-luu-luong-mtf-f-200\/"]}]},{"@type":"BreadcrumbList","@id":"https:\/\/quando.com.vn\/san-pham\/dong-ho-do-luu-luong-mtf-f-200\/#breadcrumb","itemListElement":[{"@type":"ListItem","position":1,"name":"Trang ch\u1ee7","item":"https:\/\/quando.com.vn\/"},{"@type":"ListItem","position":2,"name":"S\u1ea3n ph\u1ea9m","item":"https:\/\/quando.com.vn\/san-pham\/"},{"@type":"ListItem","position":3,"name":"\u0110\u1ed3ng h\u1ed3 \u0111o l\u01b0u l\u01b0\u1ee3ng MTF-F-200 Phi\u00ean b\u1ea3n remote"}]}]}},"_links":{"self":[{"href":"https:\/\/quando.com.vn\/en\/wp-json\/wp\/v2\/product\/7188"}],"collection":[{"href":"https:\/\/quando.com.vn\/en\/wp-json\/wp\/v2\/product"}],"about":[{"href":"https:\/\/quando.com.vn\/en\/wp-json\/wp\/v2\/types\/product"}],"wp:featuredmedia":[{"embeddable":true,"href":"https:\/\/quando.com.vn\/en\/wp-json\/wp\/v2\/media\/7189"}],"wp:attachment":[{"href":"https:\/\/quando.com.vn\/en\/wp-json\/wp\/v2\/media?parent=7188"}],"wp:term":[{"taxonomy":"product_cat","embeddable":true,"href":"https:\/\/quando.com.vn\/en\/wp-json\/wp\/v2\/product_cat?post=7188"},{"taxonomy":"product_tag","embeddable":true,"href":"https:\/\/quando.com.vn\/en\/wp-json\/wp\/v2\/product_tag?post=7188"}],"curies":[{"name":"wp","href":"https:\/\/api.w.org\/{rel}","templated":true}]}}