{"id":7174,"date":"2025-06-27T10:45:26","date_gmt":"2025-06-27T03:45:26","guid":{"rendered":"https:\/\/quando.com.vn\/?post_type=product&#038;p=7174"},"modified":"2025-10-20T14:48:45","modified_gmt":"2025-10-20T07:48:45","slug":"a-9n-fanless-computing-controller-iot-cloud-gateway","status":"publish","type":"product","link":"https:\/\/quando.com.vn\/en\/product\/a-9n-fanless-computing-controller-iot-cloud-gateway\/","title":{"rendered":"Yottacontrol A\u20119N \u2013 Fanless Edge Computing Controller &#8211; IoT Gateway"},"content":{"rendered":"<p><strong>Yottacontrol A\u20119N<\/strong> l\u00e0 b\u1ed9 \u0111i\u1ec1u khi\u1ec3n bi\u00ean (trung gian gi\u1eefa h\u1ec7 th\u1ed1ng \u0111i\u1ec1u khi\u1ec3n v\u00e0 cloud) t\u00edch h\u1ee3p b\u1ed9 x\u1eed l\u00fd ARM Cortex\u2011A8 t\u1ed1c \u0111\u1ed9 1\u202fGHz, ch\u1ea1y h\u1ec7 \u0111i\u1ec1u h\u00e0nh <strong>Linux Debian 11.5<\/strong>, h\u1ed7 tr\u1ee3 <strong>Node-RED<\/strong>, v\u1edbi c\u00e1c c\u1ed5ng k\u1ebft n\u1ed1i \u0111a d\u1ea1ng nh\u01b0 <strong>RS\u2011485, Ethernet, USB v\u00e0 HDMI<\/strong>. Thi\u1ebft b\u1ecb l\u00fd t\u01b0\u1edfng cho c\u00e1c \u1ee9ng d\u1ee5ng <strong>IIoT, DCS, SCADA<\/strong> v\u00e0 c\u00e1c h\u1ec7 th\u1ed1ng t\u1ef1 \u0111\u1ed9ng h\u00f3a t\u1ea1i bi\u00ean (edge computing).<\/p>\n<p><img loading=\"lazy\" class=\"aligncenter size-full wp-image-7175\" src=\"https:\/\/quando.com.vn\/wp-content\/uploads\/2025\/06\/A-9N.png\" alt=\"A-9N Yottacontrol IoT gateway\" width=\"1334\" height=\"552\" srcset=\"https:\/\/quando.com.vn\/wp-content\/uploads\/2025\/06\/A-9N.png 1334w, https:\/\/quando.com.vn\/wp-content\/uploads\/2025\/06\/A-9N-300x124.png 300w, https:\/\/quando.com.vn\/wp-content\/uploads\/2025\/06\/A-9N-1024x424.png 1024w, https:\/\/quando.com.vn\/wp-content\/uploads\/2025\/06\/A-9N-768x318.png 768w, https:\/\/quando.com.vn\/wp-content\/uploads\/2025\/06\/A-9N-18x7.png 18w\" sizes=\"(max-width: 1334px) 100vw, 1334px\" \/><\/p>\n<h3>Th\u00f4ng s\u1ed1 k\u1ef9 thu\u1eadt ch\u00ednh<\/h3>\n<table>\n<thead>\n<tr>\n<th>Th\u00f4ng s\u1ed1<\/th>\n<th>Gi\u00e1 tr\u1ecb<\/th>\n<\/tr>\n<\/thead>\n<tbody>\n<tr>\n<td>CPU<\/td>\n<td>TI Cortex-A8 ARM 1\u202fGHz<\/td>\n<\/tr>\n<tr>\n<td>RAM<\/td>\n<td>512\u202fMB DDR3 onboard<\/td>\n<\/tr>\n<tr>\n<td>B\u1ed9 nh\u1edb<\/td>\n<td>8\u202fGB eMMC onboard<\/td>\n<\/tr>\n<tr>\n<td>Giao ti\u1ebfp m\u1ea1ng<\/td>\n<td>1 c\u1ed5ng Ethernet 10\/100 Mbps RJ-45<\/td>\n<\/tr>\n<tr>\n<td>Serial<\/td>\n<td>3 c\u1ed5ng RS\u2011485<\/td>\n<\/tr>\n<tr>\n<td>USB<\/td>\n<td>1\u00d7 USB Host 2.0 Type-A<\/td>\n<\/tr>\n<tr>\n<td>HDMI<\/td>\n<td>H\u1ed7 tr\u1ee3 1920\u00d71080@60Hz<\/td>\n<\/tr>\n<tr>\n<td>H\u1ec7 \u0111i\u1ec1u h\u00e0nh<\/td>\n<td>Linux Debian 11.5<\/td>\n<\/tr>\n<tr>\n<td>M\u00f4i tr\u01b0\u1eddng l\u1eadp tr\u00ecnh<\/td>\n<td>Node-RED t\u00edch h\u1ee3p s\u1eb5n<\/td>\n<\/tr>\n<tr>\n<td>Ngu\u1ed3n c\u1ea5p<\/td>\n<td>24\u201336\u202fVDC (Phoenix connector), h\u1ed7 tr\u1ee3 ignition input<\/td>\n<\/tr>\n<tr>\n<td>C\u00f4ng su\u1ea5t ti\u00eau th\u1ee5<\/td>\n<td>\u2264 10W<\/td>\n<\/tr>\n<tr>\n<td>Nhi\u1ec7t \u0111\u1ed9 ho\u1ea1t \u0111\u1ed9ng<\/td>\n<td>-20\u00b0C \u0111\u1ebfn +70\u00b0C<\/td>\n<\/tr>\n<tr>\n<td>K\u00edch th\u01b0\u1edbc<\/td>\n<td>72 \u00d7 118 \u00d7 34 mm<\/td>\n<\/tr>\n<tr>\n<td>B\u1ea3o v\u1ec7<\/td>\n<td>IP20, 90% RH kh\u00f4ng ng\u01b0ng t\u1ee5<\/td>\n<\/tr>\n<\/tbody>\n<\/table>\n<h3>T\u00ednh n\u0103ng n\u1ed5i b\u1eadt<\/h3>\n<ul>\n<li>Thi\u1ebft k\u1ebf <strong>kh\u00f4ng qu\u1ea1t<\/strong> (fanless) gi\u00fap gi\u1ea3m ti\u1ebfng \u1ed3n v\u00e0 t\u0103ng \u0111\u1ed9 b\u1ec1n trong m\u00f4i tr\u01b0\u1eddng c\u00f4ng nghi\u1ec7p.<\/li>\n<li>T\u00edch h\u1ee3p <strong>Node\u2011RED<\/strong> gi\u00fap l\u1eadp tr\u00ecnh tr\u1ef1c quan v\u00e0 x\u1eed l\u00fd d\u1eef li\u1ec7u linh ho\u1ea1t qua giao di\u1ec7n web.<\/li>\n<li>H\u1ed7 tr\u1ee3 nhi\u1ec1u giao th\u1ee9c IIoT nh\u01b0 <strong>Modbus TCP\/RTU, MQTT, OPC-UA<\/strong>, d\u1ec5 d\u00e0ng k\u1ebft n\u1ed1i \u0111\u00e1m m\u00e2y.<\/li>\n<li>Trang b\u1ecb <strong>RS\u2011485, Ethernet, HDMI, USB<\/strong> \u2013 cho ph\u00e9p k\u1ebft n\u1ed1i c\u1ea3m bi\u1ebfn, PLC, HMI ho\u1eb7c cloud gateway.<\/li>\n<li>Ti\u00eau th\u1ee5 \u0111i\u1ec7n n\u0103ng th\u1ea5p, ph\u00f9 h\u1ee3p cho c\u00e1c tr\u1ea1m gi\u00e1m s\u00e1t t\u1eeb xa.<\/li>\n<\/ul>\n<h3>\u1ee8ng d\u1ee5ng th\u1ef1c t\u1ebf<\/h3>\n<ul>\n<li>Gateway IIoT \u2013 thu th\u1eadp d\u1eef li\u1ec7u t\u1eeb thi\u1ebft b\u1ecb v\u00e0 \u0111\u1ea9y l\u00ean h\u1ec7 th\u1ed1ng \u0111\u00e1m m\u00e2y.<\/li>\n<li>H\u1ec7 th\u1ed1ng gi\u00e1m s\u00e1t c\u00f4ng nghi\u1ec7p, giao th\u00f4ng, m\u00f4i tr\u01b0\u1eddng, t\u00f2a nh\u00e0 th\u00f4ng minh.<\/li>\n<li>\u0110i\u1ec1u khi\u1ec3n v\u00e0 t\u1ef1 \u0111\u1ed9ng h\u00f3a trong c\u00e1c d\u00e2y chuy\u1ec1n nh\u00e0 m\u00e1y.<\/li>\n<\/ul>\n<p><img loading=\"lazy\" class=\"aligncenter size-full wp-image-7176\" src=\"https:\/\/quando.com.vn\/wp-content\/uploads\/2025\/06\/A-9N-content.png\" alt=\"\" width=\"1623\" height=\"904\" srcset=\"https:\/\/quando.com.vn\/wp-content\/uploads\/2025\/06\/A-9N-content.png 1623w, https:\/\/quando.com.vn\/wp-content\/uploads\/2025\/06\/A-9N-content-300x167.png 300w, https:\/\/quando.com.vn\/wp-content\/uploads\/2025\/06\/A-9N-content-1024x570.png 1024w, https:\/\/quando.com.vn\/wp-content\/uploads\/2025\/06\/A-9N-content-768x428.png 768w, https:\/\/quando.com.vn\/wp-content\/uploads\/2025\/06\/A-9N-content-1536x856.png 1536w, https:\/\/quando.com.vn\/wp-content\/uploads\/2025\/06\/A-9N-content-18x10.png 18w\" sizes=\"(max-width: 1623px) 100vw, 1623px\" \/><\/p>\n<h3><span style=\"color: #282828;\"><span style=\"font-size: 14px;\"><strong><b>K\u1ebeT N\u1ed0I D\u1eee LI\u1ec6U L\u00caN CLOUD<br \/>\n<\/b><\/strong><\/span><b><i><\/i><\/b><i><\/i><\/span><\/h3>\n<p><span style=\"color: #282828;\"><strong>Ch\u00fang ta c\u00f3 th\u1ec3 xem local ho\u1eb7c c\u00f3 th\u1ec3 g\u1eedi d\u1eef li\u1ec7u l\u00ean Cloud nh\u01b0 b\u00ean d\u01b0\u1edbi<\/strong><\/span><\/p>\n<p><span style=\"color: #282828;\">&#8211; Ch\u1ecdn Cloud IoT m\u00e0 b\u1ea1n c\u1ea7n g\u1eedi d\u1eef li\u1ec7u nh\u01b0: Amazon, Google Cloud, Alibaba,\u2026.<\/span><br \/>\n<span style=\"color: #282828;\">&#8211; K\u1ebft n\u1ed1i gateway \u0111\u1ebfn m\u1ea1ng Internet th\u00f4ng qua Wifi USB ho\u1eb7c Ethernet port<\/span><br \/>\n<span style=\"color: #282828;\">&#8211; T\u1ea1o k\u1ebft n\u1ed1i gi\u1eefa Cloud v\u00e0 gateway<\/span><\/p>\n<p><span style=\"color: #282828;\">G\u1eedi d\u1eef li\u1ec7u l\u00ean Cloud \u0111\u1ec3 gi\u00e1m s\u00e1t, theo d\u00f5i c\u00e1c Logging, History ho\u1eb7c c\u00e1c Alarm list<br \/>\n<\/span><\/p>\n<p><img loading=\"lazy\" class=\"aligncenter size-full wp-image-7429\" src=\"https:\/\/quando.com.vn\/wp-content\/uploads\/2025\/08\/A9N-Diagram-modbus-RTU-to-TCP-to-Cloud-content2.png\" alt=\"k\u1ebft n\u1ed1i cloud iot\" width=\"1806\" height=\"848\" srcset=\"https:\/\/quando.com.vn\/wp-content\/uploads\/2025\/08\/A9N-Diagram-modbus-RTU-to-TCP-to-Cloud-content2.png 1806w, https:\/\/quando.com.vn\/wp-content\/uploads\/2025\/08\/A9N-Diagram-modbus-RTU-to-TCP-to-Cloud-content2-300x141.png 300w, https:\/\/quando.com.vn\/wp-content\/uploads\/2025\/08\/A9N-Diagram-modbus-RTU-to-TCP-to-Cloud-content2-1024x481.png 1024w, https:\/\/quando.com.vn\/wp-content\/uploads\/2025\/08\/A9N-Diagram-modbus-RTU-to-TCP-to-Cloud-content2-768x361.png 768w, https:\/\/quando.com.vn\/wp-content\/uploads\/2025\/08\/A9N-Diagram-modbus-RTU-to-TCP-to-Cloud-content2-1536x721.png 1536w, https:\/\/quando.com.vn\/wp-content\/uploads\/2025\/08\/A9N-Diagram-modbus-RTU-to-TCP-to-Cloud-content2-18x8.png 18w\" sizes=\"(max-width: 1806px) 100vw, 1806px\" \/><\/p>","protected":false},"excerpt":{"rendered":"<p>&#8211; H\u1ec7 \u0111i\u1ec1u h\u00e0nh Linux Debian<br \/>\n&#8211; Thi\u1ebft b\u1ecb h\u1ed7 tr\u1ee3 Node-RED, RS\u2011485, Ethernet, HDMI v\u00e0 USB&#8230;<br \/>\n&#8211; \u1ee8ng d\u1ee5ng SCADA, IIoT v\u00e0 gi\u00e1m s\u00e1t c\u00f4ng nghi\u1ec7p t\u1eeb xa.<\/p>","protected":false},"featured_media":7177,"template":"","meta":[],"product_cat":[495,494],"product_tag":[],"acf":[],"yoast_head":"<!-- This site is optimized with the Yoast SEO Premium plugin v18.4 (Yoast SEO v18.6) - https:\/\/yoast.com\/wordpress\/plugins\/seo\/ -->\n<title>Yottacontrol A\u20119N \u2013 Fanless Edge Computing Controller - IoT Gateway - QUANDO<\/title>\n<meta name=\"description\" content=\"Yottacontrol A\u20119N l\u00e0 b\u1ed9 \u0111i\u1ec1u khi\u1ec3n kh\u00f4ng qu\u1ea1t (fanless) t\u00edch h\u1ee3p ARM Cortex\u2011A8 1\u202fGHz, Linux Debian, Node\u2011RED, giao di\u1ec7n Ethernet 100\u202fMbps, RS\u2011485, USB host, HDMI ... - l\u00fd t\u01b0\u1edfng cho h\u1ec7 th\u1ed1ng IIoT, DCS v\u00e0 gi\u00e1m s\u00e1t c\u00f4ng nghi\u1ec7p.\" \/>\n<meta name=\"robots\" content=\"index, follow, max-snippet:-1, max-image-preview:large, max-video-preview:-1\" \/>\n<link rel=\"canonical\" href=\"https:\/\/quando.com.vn\/en\/product\/a-9n-fanless-computing-controller-iot-cloud-gateway\/\" \/>\n<meta property=\"og:locale\" content=\"en_US\" \/>\n<meta property=\"og:type\" content=\"article\" \/>\n<meta property=\"og:title\" content=\"Yottacontrol A\u20119N \u2013 Fanless Edge Computing Controller - IoT Gateway\" \/>\n<meta property=\"og:description\" content=\"Yottacontrol A\u20119N l\u00e0 b\u1ed9 \u0111i\u1ec1u khi\u1ec3n kh\u00f4ng qu\u1ea1t (fanless) t\u00edch h\u1ee3p ARM Cortex\u2011A8 1\u202fGHz, Linux Debian, Node\u2011RED, giao di\u1ec7n Ethernet 100\u202fMbps, RS\u2011485, USB host, HDMI ... - l\u00fd t\u01b0\u1edfng cho h\u1ec7 th\u1ed1ng IIoT, DCS v\u00e0 gi\u00e1m s\u00e1t c\u00f4ng nghi\u1ec7p.\" \/>\n<meta property=\"og:url\" content=\"https:\/\/quando.com.vn\/en\/product\/a-9n-fanless-computing-controller-iot-cloud-gateway\/\" \/>\n<meta property=\"og:site_name\" content=\"QUANDO\" \/>\n<meta property=\"article:modified_time\" content=\"2025-10-20T07:48:45+00:00\" \/>\n<meta property=\"og:image\" content=\"https:\/\/quando.com.vn\/wp-content\/uploads\/2025\/06\/A-9N-product.png\" \/>\n\t<meta property=\"og:image:width\" content=\"415\" \/>\n\t<meta property=\"og:image:height\" content=\"500\" \/>\n\t<meta property=\"og:image:type\" content=\"image\/png\" \/>\n<meta name=\"twitter:card\" content=\"summary_large_image\" \/>\n<meta name=\"twitter:label1\" content=\"Est. reading time\" \/>\n\t<meta name=\"twitter:data1\" content=\"3 minutes\" \/>\n<script type=\"application\/ld+json\" class=\"yoast-schema-graph\">{\"@context\":\"https:\/\/schema.org\",\"@graph\":[{\"@type\":\"WebSite\",\"@id\":\"https:\/\/quando.com.vn\/en\/#website\",\"url\":\"https:\/\/quando.com.vn\/en\/\",\"name\":\"QUANDO\",\"description\":\"\",\"potentialAction\":[{\"@type\":\"SearchAction\",\"target\":{\"@type\":\"EntryPoint\",\"urlTemplate\":\"https:\/\/quando.com.vn\/en\/?s={search_term_string}\"},\"query-input\":\"required name=search_term_string\"}],\"inLanguage\":\"en-US\"},{\"@type\":\"ImageObject\",\"@id\":\"https:\/\/quando.com.vn\/san-pham\/a-9n-fanless-computing-controller-iot-cloud-gateway\/#primaryimage\",\"inLanguage\":\"en-US\",\"url\":\"https:\/\/quando.com.vn\/wp-content\/uploads\/2025\/06\/A-9N-product.png\",\"contentUrl\":\"https:\/\/quando.com.vn\/wp-content\/uploads\/2025\/06\/A-9N-product.png\",\"width\":415,\"height\":500,\"caption\":\"A-9N Yottacontrol IoT gateway\"},{\"@type\":\"WebPage\",\"@id\":\"https:\/\/quando.com.vn\/san-pham\/a-9n-fanless-computing-controller-iot-cloud-gateway\/#webpage\",\"url\":\"https:\/\/quando.com.vn\/san-pham\/a-9n-fanless-computing-controller-iot-cloud-gateway\/\",\"name\":\"Yottacontrol A\u20119N \u2013 Fanless Edge Computing Controller - IoT Gateway - QUANDO\",\"isPartOf\":{\"@id\":\"https:\/\/quando.com.vn\/en\/#website\"},\"primaryImageOfPage\":{\"@id\":\"https:\/\/quando.com.vn\/san-pham\/a-9n-fanless-computing-controller-iot-cloud-gateway\/#primaryimage\"},\"datePublished\":\"2025-06-27T03:45:26+00:00\",\"dateModified\":\"2025-10-20T07:48:45+00:00\",\"description\":\"Yottacontrol A\u20119N l\u00e0 b\u1ed9 \u0111i\u1ec1u khi\u1ec3n kh\u00f4ng qu\u1ea1t (fanless) t\u00edch h\u1ee3p ARM Cortex\u2011A8 1\u202fGHz, Linux Debian, Node\u2011RED, giao di\u1ec7n Ethernet 100\u202fMbps, RS\u2011485, USB host, HDMI ... - l\u00fd t\u01b0\u1edfng cho h\u1ec7 th\u1ed1ng IIoT, DCS v\u00e0 gi\u00e1m s\u00e1t c\u00f4ng nghi\u1ec7p.\",\"breadcrumb\":{\"@id\":\"https:\/\/quando.com.vn\/san-pham\/a-9n-fanless-computing-controller-iot-cloud-gateway\/#breadcrumb\"},\"inLanguage\":\"en-US\",\"potentialAction\":[{\"@type\":\"ReadAction\",\"target\":[\"https:\/\/quando.com.vn\/san-pham\/a-9n-fanless-computing-controller-iot-cloud-gateway\/\"]}]},{\"@type\":\"BreadcrumbList\",\"@id\":\"https:\/\/quando.com.vn\/san-pham\/a-9n-fanless-computing-controller-iot-cloud-gateway\/#breadcrumb\",\"itemListElement\":[{\"@type\":\"ListItem\",\"position\":1,\"name\":\"Trang ch\u1ee7\",\"item\":\"https:\/\/quando.com.vn\/\"},{\"@type\":\"ListItem\",\"position\":2,\"name\":\"S\u1ea3n ph\u1ea9m\",\"item\":\"https:\/\/quando.com.vn\/san-pham\/\"},{\"@type\":\"ListItem\",\"position\":3,\"name\":\"Yottacontrol A\u20119N \u2013 Fanless Edge Computing Controller &#8211; IoT Gateway\"}]}]}<\/script>\n<!-- \/ Yoast SEO Premium plugin. -->","yoast_head_json":{"title":"Yottacontrol A\u20119N \u2013 Fanless Edge Computing Controller - IoT Gateway - QUANDO","description":"Yottacontrol A\u20119N l\u00e0 b\u1ed9 \u0111i\u1ec1u khi\u1ec3n kh\u00f4ng qu\u1ea1t (fanless) t\u00edch h\u1ee3p ARM Cortex\u2011A8 1\u202fGHz, Linux Debian, Node\u2011RED, giao di\u1ec7n Ethernet 100\u202fMbps, RS\u2011485, USB host, HDMI ... - l\u00fd t\u01b0\u1edfng cho h\u1ec7 th\u1ed1ng IIoT, DCS v\u00e0 gi\u00e1m s\u00e1t c\u00f4ng nghi\u1ec7p.","robots":{"index":"index","follow":"follow","max-snippet":"max-snippet:-1","max-image-preview":"max-image-preview:large","max-video-preview":"max-video-preview:-1"},"canonical":"https:\/\/quando.com.vn\/en\/product\/a-9n-fanless-computing-controller-iot-cloud-gateway\/","og_locale":"en_US","og_type":"article","og_title":"Yottacontrol A\u20119N \u2013 Fanless Edge Computing Controller - IoT Gateway","og_description":"Yottacontrol A\u20119N l\u00e0 b\u1ed9 \u0111i\u1ec1u khi\u1ec3n kh\u00f4ng qu\u1ea1t (fanless) t\u00edch h\u1ee3p ARM Cortex\u2011A8 1\u202fGHz, Linux Debian, Node\u2011RED, giao di\u1ec7n Ethernet 100\u202fMbps, RS\u2011485, USB host, HDMI ... - l\u00fd t\u01b0\u1edfng cho h\u1ec7 th\u1ed1ng IIoT, DCS v\u00e0 gi\u00e1m s\u00e1t c\u00f4ng nghi\u1ec7p.","og_url":"https:\/\/quando.com.vn\/en\/product\/a-9n-fanless-computing-controller-iot-cloud-gateway\/","og_site_name":"QUANDO","article_modified_time":"2025-10-20T07:48:45+00:00","og_image":[{"width":415,"height":500,"url":"https:\/\/quando.com.vn\/wp-content\/uploads\/2025\/06\/A-9N-product.png","type":"image\/png"}],"twitter_card":"summary_large_image","twitter_misc":{"Est. reading time":"3 minutes"},"schema":{"@context":"https:\/\/schema.org","@graph":[{"@type":"WebSite","@id":"https:\/\/quando.com.vn\/en\/#website","url":"https:\/\/quando.com.vn\/en\/","name":"QUANDO","description":"","potentialAction":[{"@type":"SearchAction","target":{"@type":"EntryPoint","urlTemplate":"https:\/\/quando.com.vn\/en\/?s={search_term_string}"},"query-input":"required name=search_term_string"}],"inLanguage":"en-US"},{"@type":"ImageObject","@id":"https:\/\/quando.com.vn\/san-pham\/a-9n-fanless-computing-controller-iot-cloud-gateway\/#primaryimage","inLanguage":"en-US","url":"https:\/\/quando.com.vn\/wp-content\/uploads\/2025\/06\/A-9N-product.png","contentUrl":"https:\/\/quando.com.vn\/wp-content\/uploads\/2025\/06\/A-9N-product.png","width":415,"height":500,"caption":"A-9N Yottacontrol IoT gateway"},{"@type":"WebPage","@id":"https:\/\/quando.com.vn\/san-pham\/a-9n-fanless-computing-controller-iot-cloud-gateway\/#webpage","url":"https:\/\/quando.com.vn\/san-pham\/a-9n-fanless-computing-controller-iot-cloud-gateway\/","name":"Yottacontrol A\u20119N \u2013 Fanless Edge Computing Controller - IoT Gateway - QUANDO","isPartOf":{"@id":"https:\/\/quando.com.vn\/en\/#website"},"primaryImageOfPage":{"@id":"https:\/\/quando.com.vn\/san-pham\/a-9n-fanless-computing-controller-iot-cloud-gateway\/#primaryimage"},"datePublished":"2025-06-27T03:45:26+00:00","dateModified":"2025-10-20T07:48:45+00:00","description":"Yottacontrol A\u20119N l\u00e0 b\u1ed9 \u0111i\u1ec1u khi\u1ec3n kh\u00f4ng qu\u1ea1t (fanless) t\u00edch h\u1ee3p ARM Cortex\u2011A8 1\u202fGHz, Linux Debian, Node\u2011RED, giao di\u1ec7n Ethernet 100\u202fMbps, RS\u2011485, USB host, HDMI ... - l\u00fd t\u01b0\u1edfng cho h\u1ec7 th\u1ed1ng IIoT, DCS v\u00e0 gi\u00e1m s\u00e1t c\u00f4ng nghi\u1ec7p.","breadcrumb":{"@id":"https:\/\/quando.com.vn\/san-pham\/a-9n-fanless-computing-controller-iot-cloud-gateway\/#breadcrumb"},"inLanguage":"en-US","potentialAction":[{"@type":"ReadAction","target":["https:\/\/quando.com.vn\/san-pham\/a-9n-fanless-computing-controller-iot-cloud-gateway\/"]}]},{"@type":"BreadcrumbList","@id":"https:\/\/quando.com.vn\/san-pham\/a-9n-fanless-computing-controller-iot-cloud-gateway\/#breadcrumb","itemListElement":[{"@type":"ListItem","position":1,"name":"Trang ch\u1ee7","item":"https:\/\/quando.com.vn\/"},{"@type":"ListItem","position":2,"name":"S\u1ea3n ph\u1ea9m","item":"https:\/\/quando.com.vn\/san-pham\/"},{"@type":"ListItem","position":3,"name":"Yottacontrol A\u20119N \u2013 Fanless Edge Computing Controller &#8211; IoT Gateway"}]}]}},"_links":{"self":[{"href":"https:\/\/quando.com.vn\/en\/wp-json\/wp\/v2\/product\/7174"}],"collection":[{"href":"https:\/\/quando.com.vn\/en\/wp-json\/wp\/v2\/product"}],"about":[{"href":"https:\/\/quando.com.vn\/en\/wp-json\/wp\/v2\/types\/product"}],"wp:featuredmedia":[{"embeddable":true,"href":"https:\/\/quando.com.vn\/en\/wp-json\/wp\/v2\/media\/7177"}],"wp:attachment":[{"href":"https:\/\/quando.com.vn\/en\/wp-json\/wp\/v2\/media?parent=7174"}],"wp:term":[{"taxonomy":"product_cat","embeddable":true,"href":"https:\/\/quando.com.vn\/en\/wp-json\/wp\/v2\/product_cat?post=7174"},{"taxonomy":"product_tag","embeddable":true,"href":"https:\/\/quando.com.vn\/en\/wp-json\/wp\/v2\/product_tag?post=7174"}],"curies":[{"name":"wp","href":"https:\/\/api.w.org\/{rel}","templated":true}]}}