{"id":7172,"date":"2025-06-24T15:14:29","date_gmt":"2025-06-24T08:14:29","guid":{"rendered":"https:\/\/quando.com.vn\/?post_type=product&#038;p=7172"},"modified":"2025-06-24T15:39:51","modified_gmt":"2025-06-24T08:39:51","slug":"se603-dong-ho-do-luu-luong-va-nhiet-luong-sieu-am-tach-roi","status":"publish","type":"product","link":"https:\/\/quando.com.vn\/en\/product\/se603-dong-ho-do-luu-luong-va-nhiet-luong-sieu-am-tach-roi\/","title":{"rendered":"SE603 \u2013 \u0110\u1ed3ng h\u1ed3 \u0111o l\u01b0u l\u01b0\u1ee3ng v\u00e0 nhi\u1ec7t l\u01b0\u1ee3ng si\u00eau \u00e2m t\u00e1ch r\u1eddi, c\u00f4ng ngh\u1ec7 clamp-on"},"content":{"rendered":"<h3>SE603 \u2013 \u0110\u1ed3ng h\u1ed3 \u0111o n\u0103ng l\u01b0\u1ee3ng si\u00eau \u00e2m t\u00e1ch r\u1eddi c\u00f4ng ngh\u1ec7 Clamp-on<\/h3>\n<p><strong>SE603<\/strong> l\u00e0 \u0111\u1ed3ng h\u1ed3 \u0111o n\u0103ng l\u01b0\u1ee3ng si\u00eau \u00e2m t\u00e1ch r\u1eddi, \u00e1p d\u1ee5ng c\u00f4ng ngh\u1ec7 <em>Transit-Time<\/em> ti\u00ean ti\u1ebfn, l\u00fd t\u01b0\u1edfng \u0111\u1ec3 \u0111o l\u01b0u l\u01b0\u1ee3ng v\u00e0 n\u0103ng l\u01b0\u1ee3ng s\u01b0\u1edfi ho\u1eb7c l\u00e0m m\u00e1t s\u1eed d\u1ee5ng n\u01b0\u1edbc l\u00e0m m\u00f4i ch\u1ea5t truy\u1ec1n nhi\u1ec7t. Thi\u1ebft b\u1ecb h\u1ed7 tr\u1ee3 giao ti\u1ebfp t\u1eeb xa qua chu\u1ea9n <strong>RS485 Modbus<\/strong>, gi\u00fap theo d\u00f5i hi\u1ec7u qu\u1ea3 ti\u00eau th\u1ee5 n\u0103ng l\u01b0\u1ee3ng trong c\u00e1c \u1ee9ng d\u1ee5ng d\u00e2n d\u1ee5ng v\u00e0 c\u00f4ng nghi\u1ec7p.<\/p>\n<h3>\u01afu \u0111i\u1ec3m n\u1ed5i b\u1eadt<\/h3>\n<p><strong>\u00a0&#8211; L\u1eafp \u0111\u1eb7t d\u1ec5 d\u00e0ng \u2013 kh\u00f4ng c\u1ea7n c\u1eaft \u1ed1ng<\/strong>: C\u1ea3m bi\u1ebfn clamp-on lo\u1ea1i b\u1ecf ho\u00e0n to\u00e0n nhu c\u1ea7u ng\u1eebng d\u00f2ng ch\u1ea3y ho\u1eb7c can thi\u1ec7p v\u00e0o h\u1ec7 th\u1ed1ng \u1ed1ng hi\u1ec7n t\u1ea1i. L\u1eafp \u0111\u1eb7t ch\u1ec9 v\u1edbi m\u1ed9t tu\u1ed1c n\u01a1 v\u00edt th\u00f4ng th\u01b0\u1eddng.<br \/>\n<strong>\u00a0&#8211; \u0110o n\u0103ng l\u01b0\u1ee3ng s\u01b0\u1edfi\/l\u00e0m m\u00e1t ch\u00ednh x\u00e1c<\/strong>: C\u1ea3m bi\u1ebfn nhi\u1ec7t \u0111\u1ed9 PT1000 v\u1edbi sai s\u1ed1 ch\u1ec9 \u00b10.1\u2103~\u00b10.5\u2103 \u0111o nhi\u1ec7t \u0111\u1ed9 \u0111\u1ea7u v\u00e0o v\u00e0 \u0111\u1ea7u ra, t\u1eeb \u0111\u00f3 t\u00ednh to\u00e1n n\u0103ng l\u01b0\u1ee3ng ti\u00eau th\u1ee5.<br \/>\n<strong>\u00a0&#8211; Thi\u1ebft k\u1ebf linh ho\u1ea1t v\u1edbi m\u00f3c treo v\u00e0 snap-on<\/strong>: M\u00e0n h\u00ecnh hi\u1ec3n th\u1ecb c\u00f3 th\u1ec3 treo t\u01b0\u1eddng ho\u1eb7c g\u1eafn tr\u00ean ray t\u1ee7 \u0111i\u1ec7n nh\u1edd thi\u1ebft k\u1ebf ng\u00e0m ph\u00eda sau.<br \/>\n<strong>\u00a0&#8211; Tu\u1ed5i th\u1ecd cao, kh\u00f4ng ti\u1ebfp x\u00fac d\u00f2ng ch\u1ea3y<\/strong>: Kh\u00f4ng c\u00f3 b\u1ed9 ph\u1eadn ti\u1ebfp x\u00fac tr\u1ef1c ti\u1ebfp v\u1edbi ch\u1ea5t l\u1ecfng n\u00ean kh\u00f4ng b\u1ecb \u0103n m\u00f2n ho\u1eb7c k\u1eb9t do c\u1eb7n.<br \/>\n<strong>\u00a0&#8211; H\u1ed7 tr\u1ee3 \u0111\u1ecdc t\u1eeb xa<\/strong>: Giao ti\u1ebfp RS485 Modbus gi\u00fap truy\u1ec1n d\u1eef li\u1ec7u t\u1edbi h\u1ec7 th\u1ed1ng qu\u1ea3n l\u00fd n\u0103ng l\u01b0\u1ee3ng trung t\u00e2m.<\/p>\n<h3>Nguy\u00ean l\u00fd ho\u1ea1t \u0111\u1ed9ng<\/h3>\n<p>SE603 ho\u1ea1t \u0111\u1ed9ng d\u1ef1a tr\u00ean nguy\u00ean l\u00fd <strong>Transit-Time Difference<\/strong>, \u0111o th\u1eddi gian truy\u1ec1n s\u00f3ng si\u00eau \u00e2m gi\u1eefa hai h\u01b0\u1edbng c\u1ee7a d\u00f2ng ch\u1ea3y. S\u1ef1 ch\u00eanh l\u1ec7ch th\u1eddi gian gi\u00fap x\u00e1c \u0111\u1ecbnh v\u1eadn t\u1ed1c d\u00f2ng ch\u1ea3y. Khi t\u00edch h\u1ee3p v\u1edbi c\u1eb7p c\u1ea3m bi\u1ebfn nhi\u1ec7t \u0111\u1ed9 PT1000 t\u1ea1i \u0111\u1ea7u v\u00e0o v\u00e0 \u0111\u1ea7u ra, thi\u1ebft b\u1ecb s\u1ebd t\u00ednh \u0111\u01b0\u1ee3c n\u0103ng l\u01b0\u1ee3ng ti\u00eau th\u1ee5 qua \u0111\u1ed9 ch\u00eanh nhi\u1ec7t \u0111\u1ed9.<\/p>\n<table>\n<tbody>\n<tr>\n<td>D\u1ea3i l\u01b0u l\u01b0\u1ee3ng<\/td>\n<td>\u00b10.1m\/s ~ \u00b15m\/s (\u00b10.328ft\/s ~ \u00b116ft\/s)<\/td>\n<\/tr>\n<tr>\n<td>\u0110\u1ed9 ch\u00ednh x\u00e1c<\/td>\n<td>Gi\u00e1 tr\u1ecb \u00b12%<\/td>\n<\/tr>\n<tr>\n<td>\u0110\u1ed9 l\u1eb7p l\u1ea1i<\/td>\n<td>0.40%<\/td>\n<\/tr>\n<tr>\n<td>Ph\u1ea1m vi \u0111\u01b0\u1eddng k\u00ednh \u1ed1ng (t\u00f9y ch\u1ecdn)<\/td>\n<td>OD9.53\uff5eOD110<\/td>\n<\/tr>\n<tr>\n<td>Ch\u1ea5t l\u1ecfng \u0111o \u0111\u01b0\u1ee3c<\/td>\n<td>N\u01b0\u1edbc th\u01b0\u1eddng, n\u01b0\u1edbc bi\u1ec3n, n\u01b0\u1edbc n\u00f3ng\/l\u1ea1nh, c\u1ed3n&#8230;<\/td>\n<\/tr>\n<tr>\n<td>V\u1eadt li\u1ec7u \u1ed1ng (t\u00f9y ch\u1ecdn)<\/td>\n<td>PVC, Th\u00e9p kh\u00f4ng g\u1ec9, Th\u00e9p carbon, \u0110\u1ed3ng&#8230;<\/td>\n<\/tr>\n<tr>\n<td>Giao ti\u1ebfp<\/td>\n<td>Giao di\u1ec7n RS485, h\u1ed7 tr\u1ee3 giao th\u1ee9c Modbus<\/td>\n<\/tr>\n<tr>\n<td>Ngu\u1ed3n c\u1ea5p<\/td>\n<td>24V DC<\/td>\n<\/tr>\n<tr>\n<td>B\u00e0n ph\u00edm<\/td>\n<td>4 ph\u00edm c\u1ea3m \u1ee9ng<\/td>\n<\/tr>\n<tr>\n<td>M\u00e0n h\u00ecnh hi\u1ec3n th\u1ecb<\/td>\n<td>M\u00e0n h\u00ecnh OLED n\u1ec1n s\u00e1ng t\u00edch h\u1ee3p 128*64 d\u1ea1ng ma tr\u1eadn \u0111i\u1ec3m<\/td>\n<\/tr>\n<\/tbody>\n<\/table>","protected":false},"excerpt":{"rendered":"<p data-start=\"151\" data-end=\"231\">&#8211; T\u1ed1c \u0111\u1ed9 d\u00f2ng ch\u1ea3y: \u00b10.1m\/s ~ \u00b15m\/s(\u00b10.328ft\/s ~ \u00b116ft\/s)<br \/>\n&#8211; \u0110\u1ed9 ch\u00ednh x\u00e1c: \u00a0\u00b12.0%<br \/>\n&#8211; K\u00edch th\u01b0\u1edbc \u1ed1ng ph\u00f9 h\u1ee3p: <span class=\"fontstyle0\">DN6 ~ DN100<\/span><\/p>","protected":false},"featured_media":7173,"template":"","meta":[],"product_cat":[442,471,482,416,444,484,485],"product_tag":[],"acf":[],"yoast_head":"<!-- This site is optimized with the Yoast SEO Premium plugin v18.4 (Yoast SEO v18.6) - https:\/\/yoast.com\/wordpress\/plugins\/seo\/ -->\n<title>SE603 \u2013 \u0110\u1ed3ng h\u1ed3 \u0111o l\u01b0u l\u01b0\u1ee3ng v\u00e0 nhi\u1ec7t l\u01b0\u1ee3ng si\u00eau \u00e2m t\u00e1ch r\u1eddi, c\u00f4ng ngh\u1ec7 clamp-on - QUANDO<\/title>\n<meta name=\"description\" content=\"\u0110\u1ed3ng h\u1ed3 \u0111o n\u0103ng l\u01b0\u1ee3ng si\u00eau \u00e2m SE603 s\u1eed d\u1ee5ng c\u00f4ng ngh\u1ec7 clamp-on v\u00e0 c\u1ea3m bi\u1ebfn PT1000 \u0111\u1ec3 \u0111o l\u01b0u l\u01b0\u1ee3ng v\u00e0 n\u0103ng l\u01b0\u1ee3ng nhi\u1ec7t ch\u00ednh x\u00e1c. Giao ti\u1ebfp Modbus RS485, l\u1eafp \u0111\u1eb7t nhanh, kh\u00f4ng c\u1ea7n c\u1eaft \u1ed1ng, tu\u1ed5i th\u1ecd cao...\" \/>\n<meta name=\"robots\" content=\"index, follow, max-snippet:-1, max-image-preview:large, max-video-preview:-1\" \/>\n<link rel=\"canonical\" href=\"https:\/\/quando.com.vn\/en\/product\/se603-dong-ho-do-luu-luong-va-nhiet-luong-sieu-am-tach-roi\/\" \/>\n<meta property=\"og:locale\" content=\"en_US\" \/>\n<meta property=\"og:type\" content=\"article\" \/>\n<meta property=\"og:title\" content=\"SE603 \u2013 \u0110\u1ed3ng h\u1ed3 \u0111o l\u01b0u l\u01b0\u1ee3ng v\u00e0 nhi\u1ec7t l\u01b0\u1ee3ng si\u00eau \u00e2m t\u00e1ch r\u1eddi, c\u00f4ng ngh\u1ec7 clamp-on\" \/>\n<meta property=\"og:description\" content=\"\u0110\u1ed3ng h\u1ed3 \u0111o n\u0103ng l\u01b0\u1ee3ng si\u00eau \u00e2m SE603 s\u1eed d\u1ee5ng c\u00f4ng ngh\u1ec7 clamp-on v\u00e0 c\u1ea3m bi\u1ebfn PT1000 \u0111\u1ec3 \u0111o l\u01b0u l\u01b0\u1ee3ng v\u00e0 n\u0103ng l\u01b0\u1ee3ng nhi\u1ec7t ch\u00ednh x\u00e1c. Giao ti\u1ebfp Modbus RS485, l\u1eafp \u0111\u1eb7t nhanh, kh\u00f4ng c\u1ea7n c\u1eaft \u1ed1ng, tu\u1ed5i th\u1ecd cao...\" \/>\n<meta property=\"og:url\" content=\"https:\/\/quando.com.vn\/en\/product\/se603-dong-ho-do-luu-luong-va-nhiet-luong-sieu-am-tach-roi\/\" \/>\n<meta property=\"og:site_name\" content=\"QUANDO\" \/>\n<meta property=\"article:modified_time\" content=\"2025-06-24T08:39:51+00:00\" \/>\n<meta name=\"twitter:card\" content=\"summary_large_image\" \/>\n<meta name=\"twitter:image\" content=\"https:\/\/quando.com.vn\/wp-content\/uploads\/2025\/06\/se603_separate_ultrasonic_energy_meter_24v_dc.webp\" \/>\n<meta name=\"twitter:label1\" content=\"Est. reading time\" \/>\n\t<meta name=\"twitter:data1\" content=\"3 minutes\" \/>\n<script type=\"application\/ld+json\" class=\"yoast-schema-graph\">{\"@context\":\"https:\/\/schema.org\",\"@graph\":[{\"@type\":\"WebSite\",\"@id\":\"https:\/\/quando.com.vn\/en\/#website\",\"url\":\"https:\/\/quando.com.vn\/en\/\",\"name\":\"QUANDO\",\"description\":\"\",\"potentialAction\":[{\"@type\":\"SearchAction\",\"target\":{\"@type\":\"EntryPoint\",\"urlTemplate\":\"https:\/\/quando.com.vn\/en\/?s={search_term_string}\"},\"query-input\":\"required name=search_term_string\"}],\"inLanguage\":\"en-US\"},{\"@type\":\"ImageObject\",\"@id\":\"https:\/\/quando.com.vn\/san-pham\/se603-dong-ho-do-luu-luong-va-nhiet-luong-sieu-am-tach-roi\/#primaryimage\",\"inLanguage\":\"en-US\",\"url\":\"https:\/\/quando.com.vn\/wp-content\/uploads\/2025\/06\/se603_separate_ultrasonic_energy_meter_24v_dc.webp\",\"contentUrl\":\"https:\/\/quando.com.vn\/wp-content\/uploads\/2025\/06\/se603_separate_ultrasonic_energy_meter_24v_dc.webp\",\"width\":546,\"height\":400,\"caption\":\"SE603 \u0111\u1ed3ng h\u1ed3 \u0111o l\u01b0u l\u01b0\u1ee3ng \u0111o nhi\u1ec7t l\u01b0\u1ee3ng si\u00eau \u00e2m\"},{\"@type\":\"WebPage\",\"@id\":\"https:\/\/quando.com.vn\/san-pham\/se603-dong-ho-do-luu-luong-va-nhiet-luong-sieu-am-tach-roi\/#webpage\",\"url\":\"https:\/\/quando.com.vn\/san-pham\/se603-dong-ho-do-luu-luong-va-nhiet-luong-sieu-am-tach-roi\/\",\"name\":\"SE603 \u2013 \u0110\u1ed3ng h\u1ed3 \u0111o l\u01b0u l\u01b0\u1ee3ng v\u00e0 nhi\u1ec7t l\u01b0\u1ee3ng si\u00eau \u00e2m t\u00e1ch r\u1eddi, c\u00f4ng ngh\u1ec7 clamp-on - QUANDO\",\"isPartOf\":{\"@id\":\"https:\/\/quando.com.vn\/en\/#website\"},\"primaryImageOfPage\":{\"@id\":\"https:\/\/quando.com.vn\/san-pham\/se603-dong-ho-do-luu-luong-va-nhiet-luong-sieu-am-tach-roi\/#primaryimage\"},\"datePublished\":\"2025-06-24T08:14:29+00:00\",\"dateModified\":\"2025-06-24T08:39:51+00:00\",\"description\":\"\u0110\u1ed3ng h\u1ed3 \u0111o n\u0103ng l\u01b0\u1ee3ng si\u00eau \u00e2m SE603 s\u1eed d\u1ee5ng c\u00f4ng ngh\u1ec7 clamp-on v\u00e0 c\u1ea3m bi\u1ebfn PT1000 \u0111\u1ec3 \u0111o l\u01b0u l\u01b0\u1ee3ng v\u00e0 n\u0103ng l\u01b0\u1ee3ng nhi\u1ec7t ch\u00ednh x\u00e1c. Giao ti\u1ebfp Modbus RS485, l\u1eafp \u0111\u1eb7t nhanh, kh\u00f4ng c\u1ea7n c\u1eaft \u1ed1ng, tu\u1ed5i th\u1ecd cao...\",\"breadcrumb\":{\"@id\":\"https:\/\/quando.com.vn\/san-pham\/se603-dong-ho-do-luu-luong-va-nhiet-luong-sieu-am-tach-roi\/#breadcrumb\"},\"inLanguage\":\"en-US\",\"potentialAction\":[{\"@type\":\"ReadAction\",\"target\":[\"https:\/\/quando.com.vn\/san-pham\/se603-dong-ho-do-luu-luong-va-nhiet-luong-sieu-am-tach-roi\/\"]}]},{\"@type\":\"BreadcrumbList\",\"@id\":\"https:\/\/quando.com.vn\/san-pham\/se603-dong-ho-do-luu-luong-va-nhiet-luong-sieu-am-tach-roi\/#breadcrumb\",\"itemListElement\":[{\"@type\":\"ListItem\",\"position\":1,\"name\":\"Trang ch\u1ee7\",\"item\":\"https:\/\/quando.com.vn\/\"},{\"@type\":\"ListItem\",\"position\":2,\"name\":\"S\u1ea3n ph\u1ea9m\",\"item\":\"https:\/\/quando.com.vn\/san-pham\/\"},{\"@type\":\"ListItem\",\"position\":3,\"name\":\"SE603 \u2013 \u0110\u1ed3ng h\u1ed3 \u0111o l\u01b0u l\u01b0\u1ee3ng v\u00e0 nhi\u1ec7t l\u01b0\u1ee3ng si\u00eau \u00e2m t\u00e1ch r\u1eddi, c\u00f4ng ngh\u1ec7 clamp-on\"}]}]}<\/script>\n<!-- \/ Yoast SEO Premium plugin. -->","yoast_head_json":{"title":"SE603 \u2013 \u0110\u1ed3ng h\u1ed3 \u0111o l\u01b0u l\u01b0\u1ee3ng v\u00e0 nhi\u1ec7t l\u01b0\u1ee3ng si\u00eau \u00e2m t\u00e1ch r\u1eddi, c\u00f4ng ngh\u1ec7 clamp-on - QUANDO","description":"\u0110\u1ed3ng h\u1ed3 \u0111o n\u0103ng l\u01b0\u1ee3ng si\u00eau \u00e2m SE603 s\u1eed d\u1ee5ng c\u00f4ng ngh\u1ec7 clamp-on v\u00e0 c\u1ea3m bi\u1ebfn PT1000 \u0111\u1ec3 \u0111o l\u01b0u l\u01b0\u1ee3ng v\u00e0 n\u0103ng l\u01b0\u1ee3ng nhi\u1ec7t ch\u00ednh x\u00e1c. Giao ti\u1ebfp Modbus RS485, l\u1eafp \u0111\u1eb7t nhanh, kh\u00f4ng c\u1ea7n c\u1eaft \u1ed1ng, tu\u1ed5i th\u1ecd cao...","robots":{"index":"index","follow":"follow","max-snippet":"max-snippet:-1","max-image-preview":"max-image-preview:large","max-video-preview":"max-video-preview:-1"},"canonical":"https:\/\/quando.com.vn\/en\/product\/se603-dong-ho-do-luu-luong-va-nhiet-luong-sieu-am-tach-roi\/","og_locale":"en_US","og_type":"article","og_title":"SE603 \u2013 \u0110\u1ed3ng h\u1ed3 \u0111o l\u01b0u l\u01b0\u1ee3ng v\u00e0 nhi\u1ec7t l\u01b0\u1ee3ng si\u00eau \u00e2m t\u00e1ch r\u1eddi, c\u00f4ng ngh\u1ec7 clamp-on","og_description":"\u0110\u1ed3ng h\u1ed3 \u0111o n\u0103ng l\u01b0\u1ee3ng si\u00eau \u00e2m SE603 s\u1eed d\u1ee5ng c\u00f4ng ngh\u1ec7 clamp-on v\u00e0 c\u1ea3m bi\u1ebfn PT1000 \u0111\u1ec3 \u0111o l\u01b0u l\u01b0\u1ee3ng v\u00e0 n\u0103ng l\u01b0\u1ee3ng nhi\u1ec7t ch\u00ednh x\u00e1c. Giao ti\u1ebfp Modbus RS485, l\u1eafp \u0111\u1eb7t nhanh, kh\u00f4ng c\u1ea7n c\u1eaft \u1ed1ng, tu\u1ed5i th\u1ecd cao...","og_url":"https:\/\/quando.com.vn\/en\/product\/se603-dong-ho-do-luu-luong-va-nhiet-luong-sieu-am-tach-roi\/","og_site_name":"QUANDO","article_modified_time":"2025-06-24T08:39:51+00:00","twitter_card":"summary_large_image","twitter_image":"https:\/\/quando.com.vn\/wp-content\/uploads\/2025\/06\/se603_separate_ultrasonic_energy_meter_24v_dc.webp","twitter_misc":{"Est. reading time":"3 minutes"},"schema":{"@context":"https:\/\/schema.org","@graph":[{"@type":"WebSite","@id":"https:\/\/quando.com.vn\/en\/#website","url":"https:\/\/quando.com.vn\/en\/","name":"QUANDO","description":"","potentialAction":[{"@type":"SearchAction","target":{"@type":"EntryPoint","urlTemplate":"https:\/\/quando.com.vn\/en\/?s={search_term_string}"},"query-input":"required name=search_term_string"}],"inLanguage":"en-US"},{"@type":"ImageObject","@id":"https:\/\/quando.com.vn\/san-pham\/se603-dong-ho-do-luu-luong-va-nhiet-luong-sieu-am-tach-roi\/#primaryimage","inLanguage":"en-US","url":"https:\/\/quando.com.vn\/wp-content\/uploads\/2025\/06\/se603_separate_ultrasonic_energy_meter_24v_dc.webp","contentUrl":"https:\/\/quando.com.vn\/wp-content\/uploads\/2025\/06\/se603_separate_ultrasonic_energy_meter_24v_dc.webp","width":546,"height":400,"caption":"SE603 \u0111\u1ed3ng h\u1ed3 \u0111o l\u01b0u l\u01b0\u1ee3ng \u0111o nhi\u1ec7t l\u01b0\u1ee3ng si\u00eau \u00e2m"},{"@type":"WebPage","@id":"https:\/\/quando.com.vn\/san-pham\/se603-dong-ho-do-luu-luong-va-nhiet-luong-sieu-am-tach-roi\/#webpage","url":"https:\/\/quando.com.vn\/san-pham\/se603-dong-ho-do-luu-luong-va-nhiet-luong-sieu-am-tach-roi\/","name":"SE603 \u2013 \u0110\u1ed3ng h\u1ed3 \u0111o l\u01b0u l\u01b0\u1ee3ng v\u00e0 nhi\u1ec7t l\u01b0\u1ee3ng si\u00eau \u00e2m t\u00e1ch r\u1eddi, c\u00f4ng ngh\u1ec7 clamp-on - QUANDO","isPartOf":{"@id":"https:\/\/quando.com.vn\/en\/#website"},"primaryImageOfPage":{"@id":"https:\/\/quando.com.vn\/san-pham\/se603-dong-ho-do-luu-luong-va-nhiet-luong-sieu-am-tach-roi\/#primaryimage"},"datePublished":"2025-06-24T08:14:29+00:00","dateModified":"2025-06-24T08:39:51+00:00","description":"\u0110\u1ed3ng h\u1ed3 \u0111o n\u0103ng l\u01b0\u1ee3ng si\u00eau \u00e2m SE603 s\u1eed d\u1ee5ng c\u00f4ng ngh\u1ec7 clamp-on v\u00e0 c\u1ea3m bi\u1ebfn PT1000 \u0111\u1ec3 \u0111o l\u01b0u l\u01b0\u1ee3ng v\u00e0 n\u0103ng l\u01b0\u1ee3ng nhi\u1ec7t ch\u00ednh x\u00e1c. Giao ti\u1ebfp Modbus RS485, l\u1eafp \u0111\u1eb7t nhanh, kh\u00f4ng c\u1ea7n c\u1eaft \u1ed1ng, tu\u1ed5i th\u1ecd cao...","breadcrumb":{"@id":"https:\/\/quando.com.vn\/san-pham\/se603-dong-ho-do-luu-luong-va-nhiet-luong-sieu-am-tach-roi\/#breadcrumb"},"inLanguage":"en-US","potentialAction":[{"@type":"ReadAction","target":["https:\/\/quando.com.vn\/san-pham\/se603-dong-ho-do-luu-luong-va-nhiet-luong-sieu-am-tach-roi\/"]}]},{"@type":"BreadcrumbList","@id":"https:\/\/quando.com.vn\/san-pham\/se603-dong-ho-do-luu-luong-va-nhiet-luong-sieu-am-tach-roi\/#breadcrumb","itemListElement":[{"@type":"ListItem","position":1,"name":"Trang ch\u1ee7","item":"https:\/\/quando.com.vn\/"},{"@type":"ListItem","position":2,"name":"S\u1ea3n ph\u1ea9m","item":"https:\/\/quando.com.vn\/san-pham\/"},{"@type":"ListItem","position":3,"name":"SE603 \u2013 \u0110\u1ed3ng h\u1ed3 \u0111o l\u01b0u l\u01b0\u1ee3ng v\u00e0 nhi\u1ec7t l\u01b0\u1ee3ng si\u00eau \u00e2m t\u00e1ch r\u1eddi, c\u00f4ng ngh\u1ec7 clamp-on"}]}]}},"_links":{"self":[{"href":"https:\/\/quando.com.vn\/en\/wp-json\/wp\/v2\/product\/7172"}],"collection":[{"href":"https:\/\/quando.com.vn\/en\/wp-json\/wp\/v2\/product"}],"about":[{"href":"https:\/\/quando.com.vn\/en\/wp-json\/wp\/v2\/types\/product"}],"wp:featuredmedia":[{"embeddable":true,"href":"https:\/\/quando.com.vn\/en\/wp-json\/wp\/v2\/media\/7173"}],"wp:attachment":[{"href":"https:\/\/quando.com.vn\/en\/wp-json\/wp\/v2\/media?parent=7172"}],"wp:term":[{"taxonomy":"product_cat","embeddable":true,"href":"https:\/\/quando.com.vn\/en\/wp-json\/wp\/v2\/product_cat?post=7172"},{"taxonomy":"product_tag","embeddable":true,"href":"https:\/\/quando.com.vn\/en\/wp-json\/wp\/v2\/product_tag?post=7172"}],"curies":[{"name":"wp","href":"https:\/\/api.w.org\/{rel}","templated":true}]}}