{"id":7152,"date":"2025-06-18T14:03:49","date_gmt":"2025-06-18T07:03:49","guid":{"rendered":"https:\/\/quando.com.vn\/?post_type=product&#038;p=7152"},"modified":"2025-06-23T10:44:45","modified_gmt":"2025-06-23T03:44:45","slug":"mu801plus-do-luu-luong-sieu-am-flo-instruments","status":"publish","type":"product","link":"https:\/\/quando.com.vn\/en\/product\/mu801plus-do-luu-luong-sieu-am-flo-instruments\/","title":{"rendered":"MU801 Plus \u2013 \u0110\u1ed3ng h\u1ed3 \u0111o l\u01b0u l\u01b0\u1ee3ng si\u00eau \u00e2m \u0111a k\u00eanh c\u1ed1 \u0111\u1ecbnh"},"content":{"rendered":"<h3>MU801 Plus \u2013 \u0110\u1ed3ng h\u1ed3 \u0111o l\u01b0u l\u01b0\u1ee3ng si\u00eau \u00e2m \u0111a k\u00eanh ch\u00ednh x\u00e1c cao<\/h3>\n<p>MU801 Plus l\u00e0 d\u00f2ng \u0111\u1ed3ng h\u1ed3 \u0111o l\u01b0u l\u01b0\u1ee3ng si\u00eau \u00e2m c\u1ed1 \u0111\u1ecbnh, h\u1ed7 tr\u1ee3 \u0111a k\u00eanh \u0111o (multi-path), \u0111\u01b0\u1ee3c thi\u1ebft k\u1ebf \u0111\u1ec3 mang l\u1ea1i \u0111\u1ed9 ch\u00ednh x\u00e1c c\u1ef1c cao trong c\u00e1c \u1ee9ng d\u1ee5ng c\u00f4ng nghi\u1ec7p y\u00eau c\u1ea7u kh\u1eaft khe v\u1ec1 ki\u1ec3m so\u00e1t l\u01b0u l\u01b0\u1ee3ng.<\/p>\n<p>V\u1edbi c\u00f4ng ngh\u1ec7 \u0111o l\u01b0u l\u01b0\u1ee3ng b\u1eb1ng ph\u01b0\u01a1ng ph\u00e1p Transit-Time, thi\u1ebft b\u1ecb mang \u0111\u1ebfn kh\u1ea3 n\u0103ng \u0111o hai chi\u1ec1u, \u0111\u1ed9 ch\u00ednh x\u00e1c \u00b10.5%, v\u00e0 \u0111\u1ed9 l\u1eb7p l\u1ea1i \u1ed5n \u0111\u1ecbnh \u1edf m\u1ee9c 0.15%. MU801 Plus ho\u1ea1t \u0111\u1ed9ng \u1ed5n \u0111\u1ecbnh trong nhi\u1ec1u \u0111i\u1ec1u ki\u1ec7n m\u00f4i tr\u01b0\u1eddng kh\u00e1c nhau, bao g\u1ed3m c\u1ea3 c\u00e1c m\u00f4i tr\u01b0\u1eddng c\u00f3 ch\u1ea5t l\u1ecfng \u0103n m\u00f2n, kh\u00f4ng d\u1eabn \u0111i\u1ec7n, d\u1ec5 ch\u00e1y ho\u1eb7c ch\u1ee9a h\u1ea1t nh\u1ecf.<\/p>\n<h3>\u1ee8ng d\u1ee5ng \u0111i\u1ec3n h\u00ecnh<\/h3>\n<p>&#8211; \u0110o l\u01b0u l\u01b0\u1ee3ng n\u01b0\u1edbc n\u00f3ng\/l\u1ea1nh trong h\u1ec7 th\u1ed1ng HVAC<br \/>\n&#8211; Gi\u00e1m s\u00e1t d\u00f2ng ch\u1ea3y n\u01b0\u1edbc bi\u1ec3n, n\u01b0\u1edbc th\u1ea3i<br \/>\n&#8211; \u0110o l\u01b0u l\u01b0\u1ee3ng ch\u1ea5t l\u1ecfng h\u00f3a h\u1ecdc, d\u1ea7u m\u1ecf, c\u1ed3n, bia,&#8230;<br \/>\n&#8211; \u1ee8ng d\u1ee5ng trong nh\u00e0 m\u00e1y x\u1eed l\u00fd n\u01b0\u1edbc, h\u1ec7 th\u1ed1ng l\u00e0m m\u00e1t c\u00f4ng nghi\u1ec7p<\/p>\n<h3>\u01afu \u0111i\u1ec3m n\u1ed5i b\u1eadt<\/h3>\n<p>&#8211; \u0110o ch\u00ednh x\u00e1c d\u00f2ng ch\u1ea3y v\u1edbi sai s\u1ed1 ch\u1ec9 \u00b10.5%<br \/>\n&#8211; H\u1ed7 tr\u1ee3 \u0111o \u0111a k\u00eanh (1 \u0111\u1ebfn 4 k\u00eanh) \u0111\u1ec3 t\u0103ng \u0111\u1ed9 \u1ed5n \u0111\u1ecbnh<br \/>\n&#8211; Kh\u00f4ng c\u1ea7n c\u1eaft \u1ed1ng, kh\u00f4ng g\u00e2y m\u1ea5t \u00e1p hay r\u00f2 r\u1ec9<br \/>\n&#8211; Thi\u1ebft k\u1ebf v\u1ecf nh\u00f4m CNC ch\u1eafc ch\u1eafn, c\u1ea3m bi\u1ebfn IP68 ho\u1ea1t \u0111\u1ed9ng trong m\u00f4i tr\u01b0\u1eddng kh\u1eafc nghi\u1ec7t<br \/>\n&#8211; H\u1ed7 tr\u1ee3 nhi\u1ec1u ng\u00f5 ra nh\u01b0 4-20mA, Relay, RS485, Modbus, th\u1ebb nh\u1edb SD&#8230;<\/p>\n<h3>Th\u00f4ng s\u1ed1 k\u1ef9 thu\u1eadt ch\u00ednh<\/h3>\n<table>\n<tbody>\n<tr>\n<td>D\u1ea3i v\u1eadn t\u1ed1c (Velocity Range)<\/td>\n<td>0.01~12m\/s (0.03~40ft\/s)<\/td>\n<\/tr>\n<tr>\n<td>\u0110\u1ed9 ch\u00ednh x\u00e1c (Accuracy)<\/td>\n<td>\u00b10.5% gi\u00e1 tr\u1ecb \u0111o \u0111\u01b0\u1ee3c<\/td>\n<\/tr>\n<tr>\n<td>\u0110\u1ed9 l\u1eb7p l\u1ea1i (Repeatability)<\/td>\n<td>0.1%<\/td>\n<\/tr>\n<tr>\n<td>D\u1ea3i \u0111\u01b0\u1eddng k\u00ednh \u1ed1ng (Pipe Diameter Range)<\/td>\n<td>25mm~5000mm (1&#8243;~200&#8243;)<\/td>\n<\/tr>\n<tr>\n<td>M\u00f4i ch\u1ea5t \u0111o (Measuring Medium)<\/td>\n<td>N\u01b0\u1edbc, n\u01b0\u1edbc bi\u1ec3n, d\u1ea7u, c\u1ed3n&#8230;<\/td>\n<\/tr>\n<tr>\n<td>V\u1eadt li\u1ec7u \u1ed1ng (Pipe Material)<\/td>\n<td>Th\u00e9p carbon, th\u00e9p kh\u00f4ng g\u1ec9, \u0111\u1ed3ng, PVC<\/td>\n<\/tr>\n<tr>\n<td>Giao di\u1ec7n truy\u1ec1n th\u00f4ng (Communication Interface)<\/td>\n<td>RS485, h\u1ed7 tr\u1ee3 giao th\u1ee9c Modbus<\/td>\n<\/tr>\n<tr>\n<td>Ngu\u1ed3n c\u1ea5p (Power Supply)<\/td>\n<td>24~36V DC<\/td>\n<\/tr>\n<tr>\n<td>B\u00e0n ph\u00edm (Keyboard)<\/td>\n<td>4 ph\u00edm c\u1ea3m \u1ee9ng<\/td>\n<\/tr>\n<tr>\n<td>M\u00e0n h\u00ecnh (Display)<\/td>\n<td>M\u00e0n h\u00ecnh TFT LCD 3.5&#8243;, \u0111\u1ed9 ph\u00e2n gi\u1ea3i 480\u00d7320<\/td>\n<\/tr>\n<tr>\n<td>\u0110\u1ed9 \u1ea9m ho\u1ea1t \u0111\u1ed9ng (Humidity)<\/td>\n<td>T\u1ed1i \u0111a 95% RH, kh\u00f4ng ng\u01b0ng t\u1ee5<\/td>\n<\/tr>\n<\/tbody>\n<\/table>","protected":false},"excerpt":{"rendered":"<p data-start=\"151\" data-end=\"231\">&#8211; T\u1ed1c \u0111\u1ed9 d\u00f2ng ch\u1ea3y: <span class=\"fontstyle0\">0.03 ft\/s ~ \u00b140ft\/s (0.01m\/s ~ \u00b112m\/s)<\/span><br \/>\n&#8211; \u0110\u1ed9 ch\u00ednh x\u00e1c: \u00b10.5%<br \/>\n&#8211; K\u00edch th\u01b0\u1edbc \u1ed1ng ph\u00f9 h\u1ee3p: <span class=\"fontstyle0\">DN25 ~ DN5000 (1<\/span><span class=\"fontstyle2\">\u2019\u2019 <\/span><span class=\"fontstyle0\">~ 200<\/span><span class=\"fontstyle2\">\u2019\u2019<\/span><span class=\"fontstyle0\">)<\/span><\/p>","protected":false},"featured_media":7157,"template":"","meta":[],"product_cat":[471,476,477,416,444,484,485],"product_tag":[],"acf":[],"yoast_head":"<!-- This site is optimized with the Yoast SEO Premium plugin v18.4 (Yoast SEO v18.6) - https:\/\/yoast.com\/wordpress\/plugins\/seo\/ -->\n<title>MU801 Plus \u2013 \u0110\u1ed3ng h\u1ed3 \u0111o l\u01b0u l\u01b0\u1ee3ng si\u00eau \u00e2m \u0111a k\u00eanh c\u1ed1 \u0111\u1ecbnh - QUANDO<\/title>\n<meta name=\"description\" content=\"MU801 Plus l\u00e0 \u0111\u1ed3ng h\u1ed3 si\u00eau \u00e2m \u0111a k\u00eanh ch\u00ednh x\u00e1c cao, h\u1ed7 tr\u1ee3 \u0111o kh\u00f4ng x\u00e2m l\u1ea5n, l\u00fd t\u01b0\u1edfng cho n\u01b0\u1edbc, h\u00f3a ch\u1ea5t, d\u1ea7u m\u1ecf trong c\u00f4ng nghi\u1ec7p....\" \/>\n<meta name=\"robots\" content=\"index, follow, max-snippet:-1, max-image-preview:large, max-video-preview:-1\" \/>\n<link rel=\"canonical\" href=\"https:\/\/quando.com.vn\/en\/product\/mu801plus-do-luu-luong-sieu-am-flo-instruments\/\" \/>\n<meta property=\"og:locale\" content=\"en_US\" \/>\n<meta property=\"og:type\" content=\"article\" \/>\n<meta property=\"og:title\" content=\"MU801 Plus \u2013 \u0110\u1ed3ng h\u1ed3 \u0111o l\u01b0u l\u01b0\u1ee3ng si\u00eau \u00e2m \u0111a k\u00eanh c\u1ed1 \u0111\u1ecbnh\" \/>\n<meta property=\"og:description\" content=\"MU801 Plus l\u00e0 \u0111\u1ed3ng h\u1ed3 si\u00eau \u00e2m \u0111a k\u00eanh ch\u00ednh x\u00e1c cao, h\u1ed7 tr\u1ee3 \u0111o kh\u00f4ng x\u00e2m l\u1ea5n, l\u00fd t\u01b0\u1edfng cho n\u01b0\u1edbc, h\u00f3a ch\u1ea5t, d\u1ea7u m\u1ecf trong c\u00f4ng nghi\u1ec7p....\" \/>\n<meta property=\"og:url\" content=\"https:\/\/quando.com.vn\/en\/product\/mu801plus-do-luu-luong-sieu-am-flo-instruments\/\" \/>\n<meta property=\"og:site_name\" content=\"QUANDO\" \/>\n<meta property=\"article:modified_time\" content=\"2025-06-23T03:44:45+00:00\" \/>\n<meta name=\"twitter:card\" content=\"summary_large_image\" \/>\n<meta name=\"twitter:image\" content=\"https:\/\/quando.com.vn\/wp-content\/uploads\/2025\/06\/mu801_plus_fixed_multi_channel_ultrasonic_flowmeter.webp\" \/>\n<meta name=\"twitter:label1\" content=\"Est. reading time\" \/>\n\t<meta name=\"twitter:data1\" content=\"2 minutes\" \/>\n<script type=\"application\/ld+json\" class=\"yoast-schema-graph\">{\"@context\":\"https:\/\/schema.org\",\"@graph\":[{\"@type\":\"WebSite\",\"@id\":\"https:\/\/quando.com.vn\/en\/#website\",\"url\":\"https:\/\/quando.com.vn\/en\/\",\"name\":\"QUANDO\",\"description\":\"\",\"potentialAction\":[{\"@type\":\"SearchAction\",\"target\":{\"@type\":\"EntryPoint\",\"urlTemplate\":\"https:\/\/quando.com.vn\/en\/?s={search_term_string}\"},\"query-input\":\"required name=search_term_string\"}],\"inLanguage\":\"en-US\"},{\"@type\":\"ImageObject\",\"@id\":\"https:\/\/quando.com.vn\/san-pham\/mu801plus-do-luu-luong-sieu-am-flo-instruments\/#primaryimage\",\"inLanguage\":\"en-US\",\"url\":\"https:\/\/quando.com.vn\/wp-content\/uploads\/2025\/06\/mu801_plus_fixed_multi_channel_ultrasonic_flowmeter.webp\",\"contentUrl\":\"https:\/\/quando.com.vn\/wp-content\/uploads\/2025\/06\/mu801_plus_fixed_multi_channel_ultrasonic_flowmeter.webp\",\"width\":560,\"height\":369,\"caption\":\"MU801 \u0111\u1ed3ng h\u1ed3 \u0111o l\u01b0u l\u01b0\u1ee3ng si\u00eau \u00e2m \u0111a k\u00eanh\"},{\"@type\":\"WebPage\",\"@id\":\"https:\/\/quando.com.vn\/san-pham\/mu801plus-do-luu-luong-sieu-am-flo-instruments\/#webpage\",\"url\":\"https:\/\/quando.com.vn\/san-pham\/mu801plus-do-luu-luong-sieu-am-flo-instruments\/\",\"name\":\"MU801 Plus \u2013 \u0110\u1ed3ng h\u1ed3 \u0111o l\u01b0u l\u01b0\u1ee3ng si\u00eau \u00e2m \u0111a k\u00eanh c\u1ed1 \u0111\u1ecbnh - QUANDO\",\"isPartOf\":{\"@id\":\"https:\/\/quando.com.vn\/en\/#website\"},\"primaryImageOfPage\":{\"@id\":\"https:\/\/quando.com.vn\/san-pham\/mu801plus-do-luu-luong-sieu-am-flo-instruments\/#primaryimage\"},\"datePublished\":\"2025-06-18T07:03:49+00:00\",\"dateModified\":\"2025-06-23T03:44:45+00:00\",\"description\":\"MU801 Plus l\u00e0 \u0111\u1ed3ng h\u1ed3 si\u00eau \u00e2m \u0111a k\u00eanh ch\u00ednh x\u00e1c cao, h\u1ed7 tr\u1ee3 \u0111o kh\u00f4ng x\u00e2m l\u1ea5n, l\u00fd t\u01b0\u1edfng cho n\u01b0\u1edbc, h\u00f3a ch\u1ea5t, d\u1ea7u m\u1ecf trong c\u00f4ng nghi\u1ec7p....\",\"breadcrumb\":{\"@id\":\"https:\/\/quando.com.vn\/san-pham\/mu801plus-do-luu-luong-sieu-am-flo-instruments\/#breadcrumb\"},\"inLanguage\":\"en-US\",\"potentialAction\":[{\"@type\":\"ReadAction\",\"target\":[\"https:\/\/quando.com.vn\/san-pham\/mu801plus-do-luu-luong-sieu-am-flo-instruments\/\"]}]},{\"@type\":\"BreadcrumbList\",\"@id\":\"https:\/\/quando.com.vn\/san-pham\/mu801plus-do-luu-luong-sieu-am-flo-instruments\/#breadcrumb\",\"itemListElement\":[{\"@type\":\"ListItem\",\"position\":1,\"name\":\"Trang ch\u1ee7\",\"item\":\"https:\/\/quando.com.vn\/\"},{\"@type\":\"ListItem\",\"position\":2,\"name\":\"S\u1ea3n ph\u1ea9m\",\"item\":\"https:\/\/quando.com.vn\/san-pham\/\"},{\"@type\":\"ListItem\",\"position\":3,\"name\":\"MU801 Plus \u2013 \u0110\u1ed3ng h\u1ed3 \u0111o l\u01b0u l\u01b0\u1ee3ng si\u00eau \u00e2m \u0111a k\u00eanh c\u1ed1 \u0111\u1ecbnh\"}]}]}<\/script>\n<!-- \/ Yoast SEO Premium plugin. -->","yoast_head_json":{"title":"MU801 Plus \u2013 \u0110\u1ed3ng h\u1ed3 \u0111o l\u01b0u l\u01b0\u1ee3ng si\u00eau \u00e2m \u0111a k\u00eanh c\u1ed1 \u0111\u1ecbnh - QUANDO","description":"MU801 Plus l\u00e0 \u0111\u1ed3ng h\u1ed3 si\u00eau \u00e2m \u0111a k\u00eanh ch\u00ednh x\u00e1c cao, h\u1ed7 tr\u1ee3 \u0111o kh\u00f4ng x\u00e2m l\u1ea5n, l\u00fd t\u01b0\u1edfng cho n\u01b0\u1edbc, h\u00f3a ch\u1ea5t, d\u1ea7u m\u1ecf trong c\u00f4ng nghi\u1ec7p....","robots":{"index":"index","follow":"follow","max-snippet":"max-snippet:-1","max-image-preview":"max-image-preview:large","max-video-preview":"max-video-preview:-1"},"canonical":"https:\/\/quando.com.vn\/en\/product\/mu801plus-do-luu-luong-sieu-am-flo-instruments\/","og_locale":"en_US","og_type":"article","og_title":"MU801 Plus \u2013 \u0110\u1ed3ng h\u1ed3 \u0111o l\u01b0u l\u01b0\u1ee3ng si\u00eau \u00e2m \u0111a k\u00eanh c\u1ed1 \u0111\u1ecbnh","og_description":"MU801 Plus l\u00e0 \u0111\u1ed3ng h\u1ed3 si\u00eau \u00e2m \u0111a k\u00eanh ch\u00ednh x\u00e1c cao, h\u1ed7 tr\u1ee3 \u0111o kh\u00f4ng x\u00e2m l\u1ea5n, l\u00fd t\u01b0\u1edfng cho n\u01b0\u1edbc, h\u00f3a ch\u1ea5t, d\u1ea7u m\u1ecf trong c\u00f4ng nghi\u1ec7p....","og_url":"https:\/\/quando.com.vn\/en\/product\/mu801plus-do-luu-luong-sieu-am-flo-instruments\/","og_site_name":"QUANDO","article_modified_time":"2025-06-23T03:44:45+00:00","twitter_card":"summary_large_image","twitter_image":"https:\/\/quando.com.vn\/wp-content\/uploads\/2025\/06\/mu801_plus_fixed_multi_channel_ultrasonic_flowmeter.webp","twitter_misc":{"Est. reading time":"2 minutes"},"schema":{"@context":"https:\/\/schema.org","@graph":[{"@type":"WebSite","@id":"https:\/\/quando.com.vn\/en\/#website","url":"https:\/\/quando.com.vn\/en\/","name":"QUANDO","description":"","potentialAction":[{"@type":"SearchAction","target":{"@type":"EntryPoint","urlTemplate":"https:\/\/quando.com.vn\/en\/?s={search_term_string}"},"query-input":"required name=search_term_string"}],"inLanguage":"en-US"},{"@type":"ImageObject","@id":"https:\/\/quando.com.vn\/san-pham\/mu801plus-do-luu-luong-sieu-am-flo-instruments\/#primaryimage","inLanguage":"en-US","url":"https:\/\/quando.com.vn\/wp-content\/uploads\/2025\/06\/mu801_plus_fixed_multi_channel_ultrasonic_flowmeter.webp","contentUrl":"https:\/\/quando.com.vn\/wp-content\/uploads\/2025\/06\/mu801_plus_fixed_multi_channel_ultrasonic_flowmeter.webp","width":560,"height":369,"caption":"MU801 \u0111\u1ed3ng h\u1ed3 \u0111o l\u01b0u l\u01b0\u1ee3ng si\u00eau \u00e2m \u0111a k\u00eanh"},{"@type":"WebPage","@id":"https:\/\/quando.com.vn\/san-pham\/mu801plus-do-luu-luong-sieu-am-flo-instruments\/#webpage","url":"https:\/\/quando.com.vn\/san-pham\/mu801plus-do-luu-luong-sieu-am-flo-instruments\/","name":"MU801 Plus \u2013 \u0110\u1ed3ng h\u1ed3 \u0111o l\u01b0u l\u01b0\u1ee3ng si\u00eau \u00e2m \u0111a k\u00eanh c\u1ed1 \u0111\u1ecbnh - QUANDO","isPartOf":{"@id":"https:\/\/quando.com.vn\/en\/#website"},"primaryImageOfPage":{"@id":"https:\/\/quando.com.vn\/san-pham\/mu801plus-do-luu-luong-sieu-am-flo-instruments\/#primaryimage"},"datePublished":"2025-06-18T07:03:49+00:00","dateModified":"2025-06-23T03:44:45+00:00","description":"MU801 Plus l\u00e0 \u0111\u1ed3ng h\u1ed3 si\u00eau \u00e2m \u0111a k\u00eanh ch\u00ednh x\u00e1c cao, h\u1ed7 tr\u1ee3 \u0111o kh\u00f4ng x\u00e2m l\u1ea5n, l\u00fd t\u01b0\u1edfng cho n\u01b0\u1edbc, h\u00f3a ch\u1ea5t, d\u1ea7u m\u1ecf trong c\u00f4ng nghi\u1ec7p....","breadcrumb":{"@id":"https:\/\/quando.com.vn\/san-pham\/mu801plus-do-luu-luong-sieu-am-flo-instruments\/#breadcrumb"},"inLanguage":"en-US","potentialAction":[{"@type":"ReadAction","target":["https:\/\/quando.com.vn\/san-pham\/mu801plus-do-luu-luong-sieu-am-flo-instruments\/"]}]},{"@type":"BreadcrumbList","@id":"https:\/\/quando.com.vn\/san-pham\/mu801plus-do-luu-luong-sieu-am-flo-instruments\/#breadcrumb","itemListElement":[{"@type":"ListItem","position":1,"name":"Trang ch\u1ee7","item":"https:\/\/quando.com.vn\/"},{"@type":"ListItem","position":2,"name":"S\u1ea3n ph\u1ea9m","item":"https:\/\/quando.com.vn\/san-pham\/"},{"@type":"ListItem","position":3,"name":"MU801 Plus \u2013 \u0110\u1ed3ng h\u1ed3 \u0111o l\u01b0u l\u01b0\u1ee3ng si\u00eau \u00e2m \u0111a k\u00eanh c\u1ed1 \u0111\u1ecbnh"}]}]}},"_links":{"self":[{"href":"https:\/\/quando.com.vn\/en\/wp-json\/wp\/v2\/product\/7152"}],"collection":[{"href":"https:\/\/quando.com.vn\/en\/wp-json\/wp\/v2\/product"}],"about":[{"href":"https:\/\/quando.com.vn\/en\/wp-json\/wp\/v2\/types\/product"}],"wp:featuredmedia":[{"embeddable":true,"href":"https:\/\/quando.com.vn\/en\/wp-json\/wp\/v2\/media\/7157"}],"wp:attachment":[{"href":"https:\/\/quando.com.vn\/en\/wp-json\/wp\/v2\/media?parent=7152"}],"wp:term":[{"taxonomy":"product_cat","embeddable":true,"href":"https:\/\/quando.com.vn\/en\/wp-json\/wp\/v2\/product_cat?post=7152"},{"taxonomy":"product_tag","embeddable":true,"href":"https:\/\/quando.com.vn\/en\/wp-json\/wp\/v2\/product_tag?post=7152"}],"curies":[{"name":"wp","href":"https:\/\/api.w.org\/{rel}","templated":true}]}}