{"id":7146,"date":"2025-06-18T11:55:23","date_gmt":"2025-06-18T04:55:23","guid":{"rendered":"https:\/\/quando.com.vn\/?post_type=product&#038;p=7146"},"modified":"2025-06-18T13:59:16","modified_gmt":"2025-06-18T06:59:16","slug":"st502-dong-ho-do-luu-luong-sieu-am-chinh-xac-cao-flo-instruments","status":"publish","type":"product","link":"https:\/\/quando.com.vn\/en\/product\/st502-dong-ho-do-luu-luong-sieu-am-chinh-xac-cao-flo-instruments\/","title":{"rendered":"\u0110\u1ed3ng h\u1ed3 \u0111o l\u01b0u l\u01b0\u1ee3ng si\u00eau \u00e2m ST502 \u2013 \u0110\u1ed9 ch\u00ednh x\u00e1c cao, \u0111\u1ea7u ra 4\u201320mA"},"content":{"rendered":"<h1><span style=\"font-size: 75%;\">ST502 \u2013 \u0110\u1ed3ng h\u1ed3 \u0111o l\u01b0u l\u01b0\u1ee3ng si\u00eau \u00e2m \u0111\u1ea7u ra 4\u201320mA | D\u1ea1ng clamp-on, \u0111o hai chi\u1ec1u, \u0111\u1ed9 ch\u00ednh x\u00e1c cao<\/span><\/h1>\n<p>ST502 l\u00e0 d\u00f2ng \u0111\u1ed3ng h\u1ed3 \u0111o l\u01b0u l\u01b0\u1ee3ng si\u00eau \u00e2m \u00e1p d\u1ee5ng c\u00f4ng ngh\u1ec7 \u0111o th\u1eddi gian truy\u1ec1n s\u00f3ng (Transit-Time), mang \u0111\u1ebfn \u0111\u1ed9 ch\u00ednh x\u00e1c cao, ph\u1ea3n h\u1ed3i nhanh, v\u00e0 \u0111\u1eb7c bi\u1ec7t kh\u00f4ng ti\u1ebfp x\u00fac tr\u1ef1c ti\u1ebfp v\u1edbi d\u00f2ng ch\u1ea5t l\u1ecfng. Nh\u1edd c\u1ea5u tr\u00fac k\u1eb9p ngo\u00e0i (clamp-on), thi\u1ebft b\u1ecb kh\u00f4ng g\u00e2y th\u1ea5t tho\u00e1t \u00e1p su\u1ea5t, kh\u00f4ng c\u1ea7n c\u1eaft \u1ed1ng, v\u00e0 tr\u00e1nh nguy c\u01a1 \u00f4 nhi\u1ec5m ch\u1ea5t l\u1ecfng.<\/p>\n<p>C\u00f4ng ngh\u1ec7 TVT (Transit-Time Vortex) k\u1ebft h\u1ee3p gi\u1eefa s\u00f3ng si\u00eau \u00e2m v\u00e0 hi\u1ec7n t\u01b0\u1ee3ng xo\u00e1y gi\u00fap t\u0103ng \u0111\u1ed9 ch\u00ednh x\u00e1c, \u0111\u1eb7c bi\u1ec7t hi\u1ec7u qu\u1ea3 trong m\u00f4i tr\u01b0\u1eddng c\u00f3 d\u00f2ng ch\u1ea3y r\u1ed1i. Thi\u1ebft b\u1ecb ph\u00f9 h\u1ee3p cho nhi\u1ec1u lo\u1ea1i ch\u1ea5t l\u1ecfng, t\u1eeb n\u01b0\u1edbc, n\u01b0\u1edbc bi\u1ec3n, d\u1ea7u \u0111\u1ebfn dung m\u00f4i c\u00f4ng nghi\u1ec7p.<\/p>\n<p><img loading=\"lazy\" class=\"aligncenter wp-image-7149\" src=\"https:\/\/quando.com.vn\/wp-content\/uploads\/2025\/06\/ST502_img-content.png\" alt=\"ST502 \u0111\u1ed3ng h\u1ed3 \u0111o l\u01b0u l\u01b0\u1ee3ng si\u00eau \u00e2m \u0111\u1ed9 ch\u00ednh c\u00e1c cao\" width=\"486\" height=\"324\" \/><\/p>\n<p><strong>\u01afu \u0111i\u1ec3m n\u1ed5i b\u1eadt<br \/>\n<\/strong><br \/>\n&#8211; C\u00f4ng ngh\u1ec7 TVT n\u00e2ng cao \u0111\u1ed9 ch\u00ednh x\u00e1c k\u1ec3 c\u1ea3 trong d\u00f2ng ch\u1ea3y h\u1ed7n lo\u1ea1n.<\/p>\n<p>&#8211; C\u1ea3m bi\u1ebfn IP68 d\u1ea1ng clamp-on, kh\u00f4ng c\u1ea7n c\u1eaft \u1ed1ng, l\u1eafp \u0111\u1eb7t nhanh ch\u00f3ng.<\/p>\n<p>&#8211; Giao di\u1ec7n LCD s\u1eafc n\u00e9t, hi\u1ec3n th\u1ecb d\u00f2ng ch\u1ea3y, t\u1ed1c \u0111\u1ed9, t\u1ed5ng l\u01b0u l\u01b0\u1ee3ng r\u00f5 r\u00e0ng.<\/p>\n<p>&#8211; \u0110\u1ea7u ra 4\u201320mA v\u00e0 giao ti\u1ebfp RS485 (Modbus RTU) \u2013 t\u00edch h\u1ee3p h\u1ec7 th\u1ed1ng t\u1ef1 \u0111\u1ed9ng h\u00f3a d\u1ec5 d\u00e0ng.<\/p>\n<p>&#8211; V\u1eadt li\u1ec7u h\u1ee3p kim nh\u00f4m CNC, thi\u1ebft k\u1ebf m\u1edf n\u1eafp b\u1eb1ng t\u1eeb t\u00ednh \u2013 kh\u00f4ng d\u00f9ng v\u00edt, thao t\u00e1c ch\u1ec9 trong 1 gi\u00e2y.<\/p>\n<p>&#8211; T\u00edch h\u1ee3p th\u1ebb SD 2G, l\u01b0u tr\u1eef d\u1eef li\u1ec7u l\u1ecbch s\u1eed l\u00ean \u0111\u1ebfn 10 n\u0103m.<\/p>\n<p>&#8211; Ph\u00edm c\u1ea3m \u1ee9ng v\u00e0 menu \u0111\u01a1n gi\u1ea3n gi\u00fap c\u00e0i \u0111\u1eb7t nhanh c\u00e1c th\u00f4ng s\u1ed1 \u1ed1ng, v\u1eadt li\u1ec7u, \u0111\u01a1n v\u1ecb \u0111o.<\/p>\n<table>\n<tbody>\n<tr>\n<td>K\u00edch th\u01b0\u1edbc \u1ed1ng<\/td>\n<td>DN25\u2013DN5000<\/td>\n<\/tr>\n<tr>\n<td>V\u1eadt li\u1ec7u \u1ed1ng<\/td>\n<td>PVC, th\u00e9p carbon, th\u00e9p kh\u00f4ng g\u1ec9&#8230;<\/td>\n<\/tr>\n<tr>\n<td>Ch\u1ea5t l\u1ecfng \u0111o<\/td>\n<td>N\u01b0\u1edbc, n\u01b0\u1edbc bi\u1ec3n, d\u1ea7u, c\u1ed3n&#8230;<\/td>\n<\/tr>\n<tr>\n<td>Lo\u1ea1i c\u1ea3m bi\u1ebfn<\/td>\n<td>Clamp On<\/td>\n<\/tr>\n<tr>\n<td>Ph\u1ea1m vi v\u1eadn t\u1ed1c<\/td>\n<td>\u00b10.1ft\/s ~ \u00b140ft\/s (\u00b10.03m\/s ~ \u00b112m\/s)<\/td>\n<\/tr>\n<tr>\n<td>Nhi\u1ec7t \u0111\u1ed9 l\u00e0m vi\u1ec7c<\/td>\n<td>C\u1ea3m bi\u1ebfn d\u1ea1ng k\u1eb9p: -40\u2103 ~ +120\u2103<\/td>\n<\/tr>\n<tr>\n<td>\u0110\u1ed9 l\u1eb7p l\u1ea1i<\/td>\n<td>0.15%<\/td>\n<\/tr>\n<tr>\n<td>M\u00e0n h\u00ecnh hi\u1ec3n th\u1ecb<\/td>\n<td>LCD 20\u00d72, c\u00f3 \u0111\u00e8n n\u1ec1n, hi\u1ec3n th\u1ecb k\u00fd t\u1ef1 ch\u1eef &amp; s\u1ed1<\/td>\n<\/tr>\n<tr>\n<td>Ng\u00f5 ra<\/td>\n<td>4\u201320mA, OCT (xung), Relay, RS-232 \/ RS-485, \u0111\u1ea7u v\u00e0o nhi\u1ec7t \u0111\u1ed9 RTD<\/td>\n<\/tr>\n<tr>\n<td>V\u1ecf b\u1ed9 ph\u00e1t<\/td>\n<td>IP65, h\u1ee3p kim nh\u00f4m \u0111\u00fac CNC<\/td>\n<\/tr>\n<\/tbody>\n<\/table>","protected":false},"excerpt":{"rendered":"<p data-start=\"151\" data-end=\"231\">&#8211; T\u1ed1c \u0111\u1ed9 d\u00f2ng ch\u1ea3y: \u00b10.1 ~ \u00b140ft\/s (\u00b10.03 ~ \u00b112m\/s)<br \/>\n&#8211; \u0110\u1ed9 ch\u00ednh x\u00e1c: \u00b10.5%<br \/>\n&#8211; K\u00edch th\u01b0\u1edbc \u1ed1ng ph\u00f9 h\u1ee3p: <span class=\"fontstyle0\">DN25 ~ DN5000 (1<\/span><span class=\"fontstyle2\">\u2019\u2019 <\/span><span class=\"fontstyle0\">~ 200<\/span><span class=\"fontstyle2\">\u2019\u2019<\/span><span class=\"fontstyle0\">)<\/span><\/p>","protected":false},"featured_media":7021,"template":"","meta":[],"product_cat":[471,476,477,416,444,484,485],"product_tag":[],"acf":[],"yoast_head":"<!-- This site is optimized with the Yoast SEO Premium plugin v18.4 (Yoast SEO v18.6) - https:\/\/yoast.com\/wordpress\/plugins\/seo\/ -->\n<title>\u0110\u1ed3ng h\u1ed3 \u0111o l\u01b0u l\u01b0\u1ee3ng si\u00eau \u00e2m ST502 \u2013 \u0110\u1ed9 ch\u00ednh x\u00e1c cao, \u0111\u1ea7u ra 4\u201320mA - QUANDO<\/title>\n<meta name=\"description\" content=\"ST502 l\u00e0 \u0111\u1ed3ng h\u1ed3 \u0111o l\u01b0u l\u01b0\u1ee3ng si\u00eau \u00e2m d\u1ea1ng clamp-on, \u0111\u1ea7u ra 4\u201320mA, \u1ee9ng d\u1ee5ng c\u00f4ng ngh\u1ec7 TVT (Transit-Time Vortex) cho ph\u00e9p \u0111o l\u01b0u l\u01b0\u1ee3ng ch\u1ea5t l\u1ecfng ch\u00ednh x\u00e1c, kh\u00f4ng c\u1ea7n c\u1eaft \u1ed1ng, kh\u00f4ng g\u00e2y r\u00f2 r\u1ec9, l\u1eafp \u0111\u1eb7t d\u1ec5 d\u00e0ng...\" \/>\n<meta name=\"robots\" content=\"index, follow, max-snippet:-1, max-image-preview:large, max-video-preview:-1\" \/>\n<link rel=\"canonical\" href=\"https:\/\/quando.com.vn\/en\/product\/st502-dong-ho-do-luu-luong-sieu-am-chinh-xac-cao-flo-instruments\/\" \/>\n<meta property=\"og:locale\" content=\"en_US\" \/>\n<meta property=\"og:type\" content=\"article\" \/>\n<meta property=\"og:title\" content=\"\u0110\u1ed3ng h\u1ed3 \u0111o l\u01b0u l\u01b0\u1ee3ng si\u00eau \u00e2m ST502 \u2013 \u0110\u1ed9 ch\u00ednh x\u00e1c cao, \u0111\u1ea7u ra 4\u201320mA\" \/>\n<meta property=\"og:description\" content=\"ST502 l\u00e0 \u0111\u1ed3ng h\u1ed3 \u0111o l\u01b0u l\u01b0\u1ee3ng si\u00eau \u00e2m d\u1ea1ng clamp-on, \u0111\u1ea7u ra 4\u201320mA, \u1ee9ng d\u1ee5ng c\u00f4ng ngh\u1ec7 TVT (Transit-Time Vortex) cho ph\u00e9p \u0111o l\u01b0u l\u01b0\u1ee3ng ch\u1ea5t l\u1ecfng ch\u00ednh x\u00e1c, kh\u00f4ng c\u1ea7n c\u1eaft \u1ed1ng, kh\u00f4ng g\u00e2y r\u00f2 r\u1ec9, l\u1eafp \u0111\u1eb7t d\u1ec5 d\u00e0ng...\" \/>\n<meta property=\"og:url\" content=\"https:\/\/quando.com.vn\/en\/product\/st502-dong-ho-do-luu-luong-sieu-am-chinh-xac-cao-flo-instruments\/\" \/>\n<meta property=\"og:site_name\" content=\"QUANDO\" \/>\n<meta property=\"article:modified_time\" content=\"2025-06-18T06:59:16+00:00\" \/>\n<meta property=\"og:image\" content=\"https:\/\/quando.com.vn\/wp-content\/uploads\/2025\/06\/ST501_img-product.png\" \/>\n\t<meta property=\"og:image:width\" content=\"758\" \/>\n\t<meta property=\"og:image:height\" content=\"532\" \/>\n\t<meta property=\"og:image:type\" content=\"image\/png\" \/>\n<meta name=\"twitter:card\" content=\"summary_large_image\" \/>\n<meta name=\"twitter:label1\" content=\"Est. reading time\" \/>\n\t<meta name=\"twitter:data1\" content=\"2 minutes\" \/>\n<script type=\"application\/ld+json\" class=\"yoast-schema-graph\">{\"@context\":\"https:\/\/schema.org\",\"@graph\":[{\"@type\":\"WebSite\",\"@id\":\"https:\/\/quando.com.vn\/en\/#website\",\"url\":\"https:\/\/quando.com.vn\/en\/\",\"name\":\"QUANDO\",\"description\":\"\",\"potentialAction\":[{\"@type\":\"SearchAction\",\"target\":{\"@type\":\"EntryPoint\",\"urlTemplate\":\"https:\/\/quando.com.vn\/en\/?s={search_term_string}\"},\"query-input\":\"required name=search_term_string\"}],\"inLanguage\":\"en-US\"},{\"@type\":\"ImageObject\",\"@id\":\"https:\/\/quando.com.vn\/san-pham\/st502-dong-ho-do-luu-luong-sieu-am-chinh-xac-cao-flo-instruments\/#primaryimage\",\"inLanguage\":\"en-US\",\"url\":\"https:\/\/quando.com.vn\/wp-content\/uploads\/2025\/06\/ST501_img-product.png\",\"contentUrl\":\"https:\/\/quando.com.vn\/wp-content\/uploads\/2025\/06\/ST501_img-product.png\",\"width\":758,\"height\":532,\"caption\":\"St501 \u0111\u1ed3ng h\u1ed3 \u0111o l\u01b0u l\u01b0\u1ee3ng si\u00eau \u00e2m, \u0111o nhi\u1ec7t l\u01b0\u1ee3ng\"},{\"@type\":\"WebPage\",\"@id\":\"https:\/\/quando.com.vn\/san-pham\/st502-dong-ho-do-luu-luong-sieu-am-chinh-xac-cao-flo-instruments\/#webpage\",\"url\":\"https:\/\/quando.com.vn\/san-pham\/st502-dong-ho-do-luu-luong-sieu-am-chinh-xac-cao-flo-instruments\/\",\"name\":\"\u0110\u1ed3ng h\u1ed3 \u0111o l\u01b0u l\u01b0\u1ee3ng si\u00eau \u00e2m ST502 \u2013 \u0110\u1ed9 ch\u00ednh x\u00e1c cao, \u0111\u1ea7u ra 4\u201320mA - QUANDO\",\"isPartOf\":{\"@id\":\"https:\/\/quando.com.vn\/en\/#website\"},\"primaryImageOfPage\":{\"@id\":\"https:\/\/quando.com.vn\/san-pham\/st502-dong-ho-do-luu-luong-sieu-am-chinh-xac-cao-flo-instruments\/#primaryimage\"},\"datePublished\":\"2025-06-18T04:55:23+00:00\",\"dateModified\":\"2025-06-18T06:59:16+00:00\",\"description\":\"ST502 l\u00e0 \u0111\u1ed3ng h\u1ed3 \u0111o l\u01b0u l\u01b0\u1ee3ng si\u00eau \u00e2m d\u1ea1ng clamp-on, \u0111\u1ea7u ra 4\u201320mA, \u1ee9ng d\u1ee5ng c\u00f4ng ngh\u1ec7 TVT (Transit-Time Vortex) cho ph\u00e9p \u0111o l\u01b0u l\u01b0\u1ee3ng ch\u1ea5t l\u1ecfng ch\u00ednh x\u00e1c, kh\u00f4ng c\u1ea7n c\u1eaft \u1ed1ng, kh\u00f4ng g\u00e2y r\u00f2 r\u1ec9, l\u1eafp \u0111\u1eb7t d\u1ec5 d\u00e0ng...\",\"breadcrumb\":{\"@id\":\"https:\/\/quando.com.vn\/san-pham\/st502-dong-ho-do-luu-luong-sieu-am-chinh-xac-cao-flo-instruments\/#breadcrumb\"},\"inLanguage\":\"en-US\",\"potentialAction\":[{\"@type\":\"ReadAction\",\"target\":[\"https:\/\/quando.com.vn\/san-pham\/st502-dong-ho-do-luu-luong-sieu-am-chinh-xac-cao-flo-instruments\/\"]}]},{\"@type\":\"BreadcrumbList\",\"@id\":\"https:\/\/quando.com.vn\/san-pham\/st502-dong-ho-do-luu-luong-sieu-am-chinh-xac-cao-flo-instruments\/#breadcrumb\",\"itemListElement\":[{\"@type\":\"ListItem\",\"position\":1,\"name\":\"Trang ch\u1ee7\",\"item\":\"https:\/\/quando.com.vn\/\"},{\"@type\":\"ListItem\",\"position\":2,\"name\":\"S\u1ea3n ph\u1ea9m\",\"item\":\"https:\/\/quando.com.vn\/san-pham\/\"},{\"@type\":\"ListItem\",\"position\":3,\"name\":\"\u0110\u1ed3ng h\u1ed3 \u0111o l\u01b0u l\u01b0\u1ee3ng si\u00eau \u00e2m ST502 \u2013 \u0110\u1ed9 ch\u00ednh x\u00e1c cao, \u0111\u1ea7u ra 4\u201320mA\"}]}]}<\/script>\n<!-- \/ Yoast SEO Premium plugin. -->","yoast_head_json":{"title":"\u0110\u1ed3ng h\u1ed3 \u0111o l\u01b0u l\u01b0\u1ee3ng si\u00eau \u00e2m ST502 \u2013 \u0110\u1ed9 ch\u00ednh x\u00e1c cao, \u0111\u1ea7u ra 4\u201320mA - QUANDO","description":"ST502 l\u00e0 \u0111\u1ed3ng h\u1ed3 \u0111o l\u01b0u l\u01b0\u1ee3ng si\u00eau \u00e2m d\u1ea1ng clamp-on, \u0111\u1ea7u ra 4\u201320mA, \u1ee9ng d\u1ee5ng c\u00f4ng ngh\u1ec7 TVT (Transit-Time Vortex) cho ph\u00e9p \u0111o l\u01b0u l\u01b0\u1ee3ng ch\u1ea5t l\u1ecfng ch\u00ednh x\u00e1c, kh\u00f4ng c\u1ea7n c\u1eaft \u1ed1ng, kh\u00f4ng g\u00e2y r\u00f2 r\u1ec9, l\u1eafp \u0111\u1eb7t d\u1ec5 d\u00e0ng...","robots":{"index":"index","follow":"follow","max-snippet":"max-snippet:-1","max-image-preview":"max-image-preview:large","max-video-preview":"max-video-preview:-1"},"canonical":"https:\/\/quando.com.vn\/en\/product\/st502-dong-ho-do-luu-luong-sieu-am-chinh-xac-cao-flo-instruments\/","og_locale":"en_US","og_type":"article","og_title":"\u0110\u1ed3ng h\u1ed3 \u0111o l\u01b0u l\u01b0\u1ee3ng si\u00eau \u00e2m ST502 \u2013 \u0110\u1ed9 ch\u00ednh x\u00e1c cao, \u0111\u1ea7u ra 4\u201320mA","og_description":"ST502 l\u00e0 \u0111\u1ed3ng h\u1ed3 \u0111o l\u01b0u l\u01b0\u1ee3ng si\u00eau \u00e2m d\u1ea1ng clamp-on, \u0111\u1ea7u ra 4\u201320mA, \u1ee9ng d\u1ee5ng c\u00f4ng ngh\u1ec7 TVT (Transit-Time Vortex) cho ph\u00e9p \u0111o l\u01b0u l\u01b0\u1ee3ng ch\u1ea5t l\u1ecfng ch\u00ednh x\u00e1c, kh\u00f4ng c\u1ea7n c\u1eaft \u1ed1ng, kh\u00f4ng g\u00e2y r\u00f2 r\u1ec9, l\u1eafp \u0111\u1eb7t d\u1ec5 d\u00e0ng...","og_url":"https:\/\/quando.com.vn\/en\/product\/st502-dong-ho-do-luu-luong-sieu-am-chinh-xac-cao-flo-instruments\/","og_site_name":"QUANDO","article_modified_time":"2025-06-18T06:59:16+00:00","og_image":[{"width":758,"height":532,"url":"https:\/\/quando.com.vn\/wp-content\/uploads\/2025\/06\/ST501_img-product.png","type":"image\/png"}],"twitter_card":"summary_large_image","twitter_misc":{"Est. reading time":"2 minutes"},"schema":{"@context":"https:\/\/schema.org","@graph":[{"@type":"WebSite","@id":"https:\/\/quando.com.vn\/en\/#website","url":"https:\/\/quando.com.vn\/en\/","name":"QUANDO","description":"","potentialAction":[{"@type":"SearchAction","target":{"@type":"EntryPoint","urlTemplate":"https:\/\/quando.com.vn\/en\/?s={search_term_string}"},"query-input":"required name=search_term_string"}],"inLanguage":"en-US"},{"@type":"ImageObject","@id":"https:\/\/quando.com.vn\/san-pham\/st502-dong-ho-do-luu-luong-sieu-am-chinh-xac-cao-flo-instruments\/#primaryimage","inLanguage":"en-US","url":"https:\/\/quando.com.vn\/wp-content\/uploads\/2025\/06\/ST501_img-product.png","contentUrl":"https:\/\/quando.com.vn\/wp-content\/uploads\/2025\/06\/ST501_img-product.png","width":758,"height":532,"caption":"St501 \u0111\u1ed3ng h\u1ed3 \u0111o l\u01b0u l\u01b0\u1ee3ng si\u00eau \u00e2m, \u0111o nhi\u1ec7t l\u01b0\u1ee3ng"},{"@type":"WebPage","@id":"https:\/\/quando.com.vn\/san-pham\/st502-dong-ho-do-luu-luong-sieu-am-chinh-xac-cao-flo-instruments\/#webpage","url":"https:\/\/quando.com.vn\/san-pham\/st502-dong-ho-do-luu-luong-sieu-am-chinh-xac-cao-flo-instruments\/","name":"\u0110\u1ed3ng h\u1ed3 \u0111o l\u01b0u l\u01b0\u1ee3ng si\u00eau \u00e2m ST502 \u2013 \u0110\u1ed9 ch\u00ednh x\u00e1c cao, \u0111\u1ea7u ra 4\u201320mA - QUANDO","isPartOf":{"@id":"https:\/\/quando.com.vn\/en\/#website"},"primaryImageOfPage":{"@id":"https:\/\/quando.com.vn\/san-pham\/st502-dong-ho-do-luu-luong-sieu-am-chinh-xac-cao-flo-instruments\/#primaryimage"},"datePublished":"2025-06-18T04:55:23+00:00","dateModified":"2025-06-18T06:59:16+00:00","description":"ST502 l\u00e0 \u0111\u1ed3ng h\u1ed3 \u0111o l\u01b0u l\u01b0\u1ee3ng si\u00eau \u00e2m d\u1ea1ng clamp-on, \u0111\u1ea7u ra 4\u201320mA, \u1ee9ng d\u1ee5ng c\u00f4ng ngh\u1ec7 TVT (Transit-Time Vortex) cho ph\u00e9p \u0111o l\u01b0u l\u01b0\u1ee3ng ch\u1ea5t l\u1ecfng ch\u00ednh x\u00e1c, kh\u00f4ng c\u1ea7n c\u1eaft \u1ed1ng, kh\u00f4ng g\u00e2y r\u00f2 r\u1ec9, l\u1eafp \u0111\u1eb7t d\u1ec5 d\u00e0ng...","breadcrumb":{"@id":"https:\/\/quando.com.vn\/san-pham\/st502-dong-ho-do-luu-luong-sieu-am-chinh-xac-cao-flo-instruments\/#breadcrumb"},"inLanguage":"en-US","potentialAction":[{"@type":"ReadAction","target":["https:\/\/quando.com.vn\/san-pham\/st502-dong-ho-do-luu-luong-sieu-am-chinh-xac-cao-flo-instruments\/"]}]},{"@type":"BreadcrumbList","@id":"https:\/\/quando.com.vn\/san-pham\/st502-dong-ho-do-luu-luong-sieu-am-chinh-xac-cao-flo-instruments\/#breadcrumb","itemListElement":[{"@type":"ListItem","position":1,"name":"Trang ch\u1ee7","item":"https:\/\/quando.com.vn\/"},{"@type":"ListItem","position":2,"name":"S\u1ea3n ph\u1ea9m","item":"https:\/\/quando.com.vn\/san-pham\/"},{"@type":"ListItem","position":3,"name":"\u0110\u1ed3ng h\u1ed3 \u0111o l\u01b0u l\u01b0\u1ee3ng si\u00eau \u00e2m ST502 \u2013 \u0110\u1ed9 ch\u00ednh x\u00e1c cao, \u0111\u1ea7u ra 4\u201320mA"}]}]}},"_links":{"self":[{"href":"https:\/\/quando.com.vn\/en\/wp-json\/wp\/v2\/product\/7146"}],"collection":[{"href":"https:\/\/quando.com.vn\/en\/wp-json\/wp\/v2\/product"}],"about":[{"href":"https:\/\/quando.com.vn\/en\/wp-json\/wp\/v2\/types\/product"}],"wp:featuredmedia":[{"embeddable":true,"href":"https:\/\/quando.com.vn\/en\/wp-json\/wp\/v2\/media\/7021"}],"wp:attachment":[{"href":"https:\/\/quando.com.vn\/en\/wp-json\/wp\/v2\/media?parent=7146"}],"wp:term":[{"taxonomy":"product_cat","embeddable":true,"href":"https:\/\/quando.com.vn\/en\/wp-json\/wp\/v2\/product_cat?post=7146"},{"taxonomy":"product_tag","embeddable":true,"href":"https:\/\/quando.com.vn\/en\/wp-json\/wp\/v2\/product_tag?post=7146"}],"curies":[{"name":"wp","href":"https:\/\/api.w.org\/{rel}","templated":true}]}}