{"id":7142,"date":"2025-06-18T11:22:40","date_gmt":"2025-06-18T04:22:40","guid":{"rendered":"https:\/\/quando.com.vn\/?post_type=product&#038;p=7142"},"modified":"2025-06-18T11:52:40","modified_gmt":"2025-06-18T04:52:40","slug":"tm605c-dong-ho-do-luu-luong-sieu-am-gan-kep-ngoai-cho-ong-nho","status":"publish","type":"product","link":"https:\/\/quando.com.vn\/en\/product\/tm605c-dong-ho-do-luu-luong-sieu-am-gan-kep-ngoai-cho-ong-nho\/","title":{"rendered":"TM605C \u2013 \u0110\u1ed3ng h\u1ed3 \u0111o l\u01b0u l\u01b0\u1ee3ng si\u00eau \u00e2m clamp-on cho \u1ed1ng nh\u1ecf | Flo Instruments"},"content":{"rendered":"<h1><span style=\"font-size: 75%;\">TM605C \u2013 \u0110\u1ed3ng h\u1ed3 \u0111o l\u01b0u l\u01b0\u1ee3ng si\u00eau \u00e2m th\u1eddi gian th\u1ef1c cho \u0111\u01b0\u1eddng \u1ed1ng nh\u1ecf<\/span><\/h1>\n<p>TM605C l\u00e0 \u0111\u1ed3ng h\u1ed3 \u0111o l\u01b0u l\u01b0\u1ee3ng si\u00eau \u00e2m chuy\u00ean d\u1ee5ng cho c\u00e1c \u0111\u01b0\u1eddng \u1ed1ng c\u1ef1c nh\u1ecf, t\u1eeb OD6 \u0111\u1ebfn OD12. Thi\u1ebft b\u1ecb d\u1ea1ng clamp-on t\u00edch h\u1ee3p (compact) s\u1eed d\u1ee5ng c\u00f4ng ngh\u1ec7 th\u1eddi gian truy\u1ec1n s\u00f3ng (transit-time) \u0111\u1ec3 \u0111o l\u01b0u l\u01b0\u1ee3ng ch\u00ednh x\u00e1c m\u00e0 kh\u00f4ng c\u1ea7n ti\u1ebfp x\u00fac tr\u1ef1c ti\u1ebfp v\u1edbi m\u00f4i ch\u1ea5t.<\/p>\n<p><strong>\u0110i\u1ec3m n\u1ed5i b\u1eadt c\u1ee7a TM605C<\/strong><\/p>\n<p>&#8211;\u00a0 Chuy\u00ean d\u1ee5ng cho \u1ed1ng r\u1ea5t nh\u1ecf: h\u1ed7 tr\u1ee3 c\u00e1c k\u00edch th\u01b0\u1edbc OD6, OD8, OD10, OD12 \u2013 l\u00fd t\u01b0\u1edfng cho ph\u00f2ng lab, h\u00f3a ch\u1ea5t, \u0111\u1ecbnh l\u01b0\u1ee3ng<\/p>\n<p>&#8211; L\u1eafp \u0111\u1eb7t c\u1ef1c nhanh: C\u1ea3m bi\u1ebfn k\u1eb9p ngo\u00e0i b\u1eb1ng nam ch\u00e2m g\u1eafn nhanh ch\u00f3ng trong v\u00f2ng 2\u20133 ph\u00fat<\/p>\n<p>&#8211; Hi\u1ec3n th\u1ecb \u0111\u1ed3 h\u1ecda th\u1eddi gian th\u1ef1c: M\u00e0n h\u00ecnh m\u00e0u IPS hi\u1ec3n th\u1ecb bi\u1ec3u \u0111\u1ed3 c\u1ed9t v\u00e0 \u0111\u01b0\u1eddng cong l\u01b0u l\u01b0\u1ee3ng, nhi\u1ec7t \u0111\u1ed9 d\u00f2ng<\/p>\n<p>&#8211; \u0110o c\u1ea3 nhi\u1ec7t \u0111\u1ed9 \u1ed1ng: c\u1ea3m bi\u1ebfn nhi\u1ec7t t\u00edch h\u1ee3p ngay tr\u00ean \u0111\u1ea7u \u0111o hi\u1ec3n th\u1ecb<\/p>\n<p>&#8211; Kh\u00f4ng c\u1ea7n c\u1eaft \u1ed1ng \u2013 kh\u00f4ng ng\u1eaft h\u1ec7 th\u1ed1ng: clamp-on gi\u00fap \u0111o l\u01b0u l\u01b0\u1ee3ng ho\u00e0n to\u00e0n kh\u00f4ng x\u00e2m l\u1ea5n<\/p>\n<p><strong>\u1ee8ng d\u1ee5ng chuy\u00ean bi\u1ec7t<\/strong><\/p>\n<p>V\u1edbi kh\u1ea3 n\u0103ng \u0111o ch\u00ednh x\u00e1c tr\u00ean \u0111\u01b0\u1eddng \u1ed1ng c\u1ef1c nh\u1ecf v\u00e0 thi\u1ebft k\u1ebf nh\u1ecf g\u1ecdn, TM605C r\u1ea5t ph\u00f9 h\u1ee3p cho:<\/p>\n<p>&#8211; Ng\u00e0nh h\u00f3a ch\u1ea5t \u2013 d\u01b0\u1ee3c ph\u1ea9m: \u0111o l\u01b0u l\u01b0\u1ee3ng ch\u1ea5t l\u1ecfng \u0103n m\u00f2n nh\u1eb9, dung m\u00f4i, axit trong d\u00e2y chuy\u1ec1n \u1ed1ng nh\u1ecf<br \/>\n&#8211; Ph\u00f2ng th\u00ed nghi\u1ec7m \u2013 nghi\u00ean c\u1ee9u: theo d\u00f5i d\u00f2ng ch\u1ea3y vi m\u00f4, d\u1ec5 l\u1eafp, d\u1ec5 di chuy\u1ec3n thi\u1ebft b\u1ecb<br \/>\n&#8211; H\u1ec7 th\u1ed1ng \u0111\u1ecbnh l\u01b0\u1ee3ng \u2013 tu\u1ea7n ho\u00e0n: trong s\u1ea3n xu\u1ea5t th\u1ef1c ph\u1ea9m, m\u1ef9 ph\u1ea9m, ho\u1eb7c ch\u1ea5t l\u1ecfng k\u1ef9 thu\u1eadt<\/p>\n<p><img loading=\"lazy\" class=\"aligncenter size-full wp-image-7144\" src=\"https:\/\/quando.com.vn\/wp-content\/uploads\/2025\/06\/TM605C_img-content_order.png\" alt=\"TM605C\u0111\u1ed3ng h\u1ed3 \u0111o l\u01b0u l\u01b0\u1ee3ng si\u00eau \u00e2m cho \u0111\u01b0\u1eddng \u1ed1ng nh\u1ecf\" width=\"680\" height=\"961\" srcset=\"https:\/\/quando.com.vn\/wp-content\/uploads\/2025\/06\/TM605C_img-content_order.png 680w, https:\/\/quando.com.vn\/wp-content\/uploads\/2025\/06\/TM605C_img-content_order-212x300.png 212w, https:\/\/quando.com.vn\/wp-content\/uploads\/2025\/06\/TM605C_img-content_order-8x12.png 8w, https:\/\/quando.com.vn\/wp-content\/uploads\/2025\/06\/TM605C_img-content_order-300x424.png 300w\" sizes=\"(max-width: 680px) 100vw, 680px\" \/><\/p>\n<table>\n<tbody>\n<tr>\n<td>D\u1ea3i l\u01b0u l\u01b0\u1ee3ng<\/td>\n<td>0.1m\/s ~ 5m\/s<\/td>\n<\/tr>\n<tr>\n<td>\u0110\u1ed9 ch\u00ednh x\u00e1c<\/td>\n<td>\u00b12.0%<\/td>\n<\/tr>\n<tr>\n<td>\u0110\u01b0\u1eddng k\u00ednh \u1ed1ng (t\u00f9y ch\u1ecdn)<\/td>\n<td>OD6 ~ OD12<\/td>\n<\/tr>\n<tr>\n<td>M\u00f4i ch\u1ea5t \u0111o<\/td>\n<td>N\u01b0\u1edbc, dung m\u00f4i h\u00f3a ch\u1ea5t (h\u00e0m l\u01b0\u1ee3ng t\u1ea1p ch\u1ea5t \u2264 4%)<\/td>\n<\/tr>\n<tr>\n<td>C\u1ed5ng giao ti\u1ebfp<\/td>\n<td>RS485, h\u1ed7 tr\u1ee3 giao th\u1ee9c Modbus RTU<\/td>\n<\/tr>\n<tr>\n<td>Ngu\u1ed3n c\u1ea5p<\/td>\n<td>24V DC<\/td>\n<\/tr>\n<tr>\n<td>B\u00e0n ph\u00edm<\/td>\n<td>4 ph\u00edm c\u1ea3m \u1ee9ng<\/td>\n<\/tr>\n<tr>\n<td>M\u00e0n h\u00ecnh<\/td>\n<td>IPS LCD 2.4&#8243; (320\u00d7240), xoay 360\u00b0, d\u1ec5 quan s\u00e1t<\/td>\n<\/tr>\n<\/tbody>\n<\/table>\n<p><img loading=\"lazy\" class=\"aligncenter size-full wp-image-7143\" src=\"https:\/\/quando.com.vn\/wp-content\/uploads\/2025\/06\/TM605C_img-content_liquid.png\" alt=\"\" width=\"519\" height=\"519\" srcset=\"https:\/\/quando.com.vn\/wp-content\/uploads\/2025\/06\/TM605C_img-content_liquid.png 519w, https:\/\/quando.com.vn\/wp-content\/uploads\/2025\/06\/TM605C_img-content_liquid-300x300.png 300w, https:\/\/quando.com.vn\/wp-content\/uploads\/2025\/06\/TM605C_img-content_liquid-150x150.png 150w, https:\/\/quando.com.vn\/wp-content\/uploads\/2025\/06\/TM605C_img-content_liquid-12x12.png 12w, https:\/\/quando.com.vn\/wp-content\/uploads\/2025\/06\/TM605C_img-content_liquid-100x100.png 100w\" sizes=\"(max-width: 519px) 100vw, 519px\" \/><\/p>","protected":false},"excerpt":{"rendered":"<p data-start=\"151\" data-end=\"231\">&#8211; M\u00e0n h\u00ecnh IPS LCD 2.4&#8243; (320\u00d7240), xoay 360\u00b0, d\u1ec5 quan s\u00e1t<br \/>\n&#8211; Nh\u1ecf g\u1ecdn, c\u00e0i \u0111\u1eb7t \u0111\u01a1n gi\u1ea3n v\u00e0 nhanh ch\u00f3ng<br \/>\n&#8211; T\u1ed1c \u0111\u1ed9 d\u00f2ng ch\u1ea3y: \u00a00.1 m\/s ~ 5.0 m\/s<br \/>\n&#8211; \u0110\u1ed9 ch\u00ednh x\u00e1c: \u00b12.0%<br \/>\n&#8211; K\u00edch th\u01b0\u1edbc \u1ed1ng ph\u00f9 h\u1ee3p: \u00a0OD6 ~ OD12<\/p>","protected":false},"featured_media":7145,"template":"","meta":[],"product_cat":[442,471,476,477,416,444,484,485],"product_tag":[],"acf":[],"yoast_head":"<!-- This site is optimized with the Yoast SEO Premium plugin v18.4 (Yoast SEO v18.6) - https:\/\/yoast.com\/wordpress\/plugins\/seo\/ -->\n<title>TM605C \u2013 \u0110\u1ed3ng h\u1ed3 \u0111o l\u01b0u l\u01b0\u1ee3ng si\u00eau \u00e2m clamp-on cho \u1ed1ng nh\u1ecf | Flo Instruments - QUANDO<\/title>\n<meta name=\"description\" content=\"TM605C l\u00e0 \u0111\u1ed3ng h\u1ed3 \u0111o l\u01b0u l\u01b0\u1ee3ng si\u00eau \u00e2m chuy\u00ean d\u1ee5ng cho c\u00e1c \u0111\u01b0\u1eddng \u1ed1ng c\u1ef1c nh\u1ecf, t\u1eeb OD6 \u0111\u1ebfn OD12. Thi\u1ebft b\u1ecb d\u1ea1ng clamp-on t\u00edch h\u1ee3p (compact) s\u1eed d\u1ee5ng c\u00f4ng ngh\u1ec7 th\u1eddi gian truy\u1ec1n s\u00f3ng (transit-time) \u0111\u1ec3 \u0111o l\u01b0u l\u01b0\u1ee3ng ch\u00ednh x\u00e1c m\u00e0 kh\u00f4ng c\u1ea7n ti\u1ebfp x\u00fac tr\u1ef1c ti\u1ebfp v\u1edbi m\u00f4i ch\u1ea5t...\" \/>\n<meta name=\"robots\" content=\"index, follow, max-snippet:-1, max-image-preview:large, max-video-preview:-1\" \/>\n<link rel=\"canonical\" href=\"https:\/\/quando.com.vn\/en\/product\/tm605c-dong-ho-do-luu-luong-sieu-am-gan-kep-ngoai-cho-ong-nho\/\" \/>\n<meta property=\"og:locale\" content=\"en_US\" \/>\n<meta property=\"og:type\" content=\"article\" \/>\n<meta property=\"og:title\" content=\"TM605C \u2013 \u0110\u1ed3ng h\u1ed3 \u0111o l\u01b0u l\u01b0\u1ee3ng si\u00eau \u00e2m clamp-on cho \u1ed1ng nh\u1ecf | Flo Instruments\" \/>\n<meta property=\"og:description\" content=\"TM605C l\u00e0 \u0111\u1ed3ng h\u1ed3 \u0111o l\u01b0u l\u01b0\u1ee3ng si\u00eau \u00e2m chuy\u00ean d\u1ee5ng cho c\u00e1c \u0111\u01b0\u1eddng \u1ed1ng c\u1ef1c nh\u1ecf, t\u1eeb OD6 \u0111\u1ebfn OD12. Thi\u1ebft b\u1ecb d\u1ea1ng clamp-on t\u00edch h\u1ee3p (compact) s\u1eed d\u1ee5ng c\u00f4ng ngh\u1ec7 th\u1eddi gian truy\u1ec1n s\u00f3ng (transit-time) \u0111\u1ec3 \u0111o l\u01b0u l\u01b0\u1ee3ng ch\u00ednh x\u00e1c m\u00e0 kh\u00f4ng c\u1ea7n ti\u1ebfp x\u00fac tr\u1ef1c ti\u1ebfp v\u1edbi m\u00f4i ch\u1ea5t...\" \/>\n<meta property=\"og:url\" content=\"https:\/\/quando.com.vn\/en\/product\/tm605c-dong-ho-do-luu-luong-sieu-am-gan-kep-ngoai-cho-ong-nho\/\" \/>\n<meta property=\"og:site_name\" content=\"QUANDO\" \/>\n<meta property=\"article:modified_time\" content=\"2025-06-18T04:52:40+00:00\" \/>\n<meta name=\"twitter:card\" content=\"summary_large_image\" \/>\n<meta name=\"twitter:image\" content=\"https:\/\/quando.com.vn\/wp-content\/uploads\/2025\/06\/tm605c_ultrasonic_flow_meter_real_time_flow_measurement.webp\" \/>\n<meta name=\"twitter:label1\" content=\"Est. reading time\" \/>\n\t<meta name=\"twitter:data1\" content=\"3 minutes\" \/>\n<script type=\"application\/ld+json\" class=\"yoast-schema-graph\">{\"@context\":\"https:\/\/schema.org\",\"@graph\":[{\"@type\":\"WebSite\",\"@id\":\"https:\/\/quando.com.vn\/en\/#website\",\"url\":\"https:\/\/quando.com.vn\/en\/\",\"name\":\"QUANDO\",\"description\":\"\",\"potentialAction\":[{\"@type\":\"SearchAction\",\"target\":{\"@type\":\"EntryPoint\",\"urlTemplate\":\"https:\/\/quando.com.vn\/en\/?s={search_term_string}\"},\"query-input\":\"required name=search_term_string\"}],\"inLanguage\":\"en-US\"},{\"@type\":\"ImageObject\",\"@id\":\"https:\/\/quando.com.vn\/san-pham\/tm605c-dong-ho-do-luu-luong-sieu-am-gan-kep-ngoai-cho-ong-nho\/#primaryimage\",\"inLanguage\":\"en-US\",\"url\":\"https:\/\/quando.com.vn\/wp-content\/uploads\/2025\/06\/tm605c_ultrasonic_flow_meter_real_time_flow_measurement.webp\",\"contentUrl\":\"https:\/\/quando.com.vn\/wp-content\/uploads\/2025\/06\/tm605c_ultrasonic_flow_meter_real_time_flow_measurement.webp\",\"width\":523,\"height\":400,\"caption\":\"TM605C\u0111\u1ed3ng h\u1ed3 \u0111o l\u01b0u l\u01b0\u1ee3ng si\u00eau \u00e2m cho \u0111\u01b0\u1eddng \u1ed1ng nh\u1ecf\"},{\"@type\":\"WebPage\",\"@id\":\"https:\/\/quando.com.vn\/san-pham\/tm605c-dong-ho-do-luu-luong-sieu-am-gan-kep-ngoai-cho-ong-nho\/#webpage\",\"url\":\"https:\/\/quando.com.vn\/san-pham\/tm605c-dong-ho-do-luu-luong-sieu-am-gan-kep-ngoai-cho-ong-nho\/\",\"name\":\"TM605C \u2013 \u0110\u1ed3ng h\u1ed3 \u0111o l\u01b0u l\u01b0\u1ee3ng si\u00eau \u00e2m clamp-on cho \u1ed1ng nh\u1ecf | Flo Instruments - QUANDO\",\"isPartOf\":{\"@id\":\"https:\/\/quando.com.vn\/en\/#website\"},\"primaryImageOfPage\":{\"@id\":\"https:\/\/quando.com.vn\/san-pham\/tm605c-dong-ho-do-luu-luong-sieu-am-gan-kep-ngoai-cho-ong-nho\/#primaryimage\"},\"datePublished\":\"2025-06-18T04:22:40+00:00\",\"dateModified\":\"2025-06-18T04:52:40+00:00\",\"description\":\"TM605C l\u00e0 \u0111\u1ed3ng h\u1ed3 \u0111o l\u01b0u l\u01b0\u1ee3ng si\u00eau \u00e2m chuy\u00ean d\u1ee5ng cho c\u00e1c \u0111\u01b0\u1eddng \u1ed1ng c\u1ef1c nh\u1ecf, t\u1eeb OD6 \u0111\u1ebfn OD12. Thi\u1ebft b\u1ecb d\u1ea1ng clamp-on t\u00edch h\u1ee3p (compact) s\u1eed d\u1ee5ng c\u00f4ng ngh\u1ec7 th\u1eddi gian truy\u1ec1n s\u00f3ng (transit-time) \u0111\u1ec3 \u0111o l\u01b0u l\u01b0\u1ee3ng ch\u00ednh x\u00e1c m\u00e0 kh\u00f4ng c\u1ea7n ti\u1ebfp x\u00fac tr\u1ef1c ti\u1ebfp v\u1edbi m\u00f4i ch\u1ea5t...\",\"breadcrumb\":{\"@id\":\"https:\/\/quando.com.vn\/san-pham\/tm605c-dong-ho-do-luu-luong-sieu-am-gan-kep-ngoai-cho-ong-nho\/#breadcrumb\"},\"inLanguage\":\"en-US\",\"potentialAction\":[{\"@type\":\"ReadAction\",\"target\":[\"https:\/\/quando.com.vn\/san-pham\/tm605c-dong-ho-do-luu-luong-sieu-am-gan-kep-ngoai-cho-ong-nho\/\"]}]},{\"@type\":\"BreadcrumbList\",\"@id\":\"https:\/\/quando.com.vn\/san-pham\/tm605c-dong-ho-do-luu-luong-sieu-am-gan-kep-ngoai-cho-ong-nho\/#breadcrumb\",\"itemListElement\":[{\"@type\":\"ListItem\",\"position\":1,\"name\":\"Trang ch\u1ee7\",\"item\":\"https:\/\/quando.com.vn\/\"},{\"@type\":\"ListItem\",\"position\":2,\"name\":\"S\u1ea3n ph\u1ea9m\",\"item\":\"https:\/\/quando.com.vn\/san-pham\/\"},{\"@type\":\"ListItem\",\"position\":3,\"name\":\"TM605C \u2013 \u0110\u1ed3ng h\u1ed3 \u0111o l\u01b0u l\u01b0\u1ee3ng si\u00eau \u00e2m clamp-on cho \u1ed1ng nh\u1ecf | Flo Instruments\"}]}]}<\/script>\n<!-- \/ Yoast SEO Premium plugin. -->","yoast_head_json":{"title":"TM605C \u2013 \u0110\u1ed3ng h\u1ed3 \u0111o l\u01b0u l\u01b0\u1ee3ng si\u00eau \u00e2m clamp-on cho \u1ed1ng nh\u1ecf | Flo Instruments - QUANDO","description":"TM605C l\u00e0 \u0111\u1ed3ng h\u1ed3 \u0111o l\u01b0u l\u01b0\u1ee3ng si\u00eau \u00e2m chuy\u00ean d\u1ee5ng cho c\u00e1c \u0111\u01b0\u1eddng \u1ed1ng c\u1ef1c nh\u1ecf, t\u1eeb OD6 \u0111\u1ebfn OD12. Thi\u1ebft b\u1ecb d\u1ea1ng clamp-on t\u00edch h\u1ee3p (compact) s\u1eed d\u1ee5ng c\u00f4ng ngh\u1ec7 th\u1eddi gian truy\u1ec1n s\u00f3ng (transit-time) \u0111\u1ec3 \u0111o l\u01b0u l\u01b0\u1ee3ng ch\u00ednh x\u00e1c m\u00e0 kh\u00f4ng c\u1ea7n ti\u1ebfp x\u00fac tr\u1ef1c ti\u1ebfp v\u1edbi m\u00f4i ch\u1ea5t...","robots":{"index":"index","follow":"follow","max-snippet":"max-snippet:-1","max-image-preview":"max-image-preview:large","max-video-preview":"max-video-preview:-1"},"canonical":"https:\/\/quando.com.vn\/en\/product\/tm605c-dong-ho-do-luu-luong-sieu-am-gan-kep-ngoai-cho-ong-nho\/","og_locale":"en_US","og_type":"article","og_title":"TM605C \u2013 \u0110\u1ed3ng h\u1ed3 \u0111o l\u01b0u l\u01b0\u1ee3ng si\u00eau \u00e2m clamp-on cho \u1ed1ng nh\u1ecf | Flo Instruments","og_description":"TM605C l\u00e0 \u0111\u1ed3ng h\u1ed3 \u0111o l\u01b0u l\u01b0\u1ee3ng si\u00eau \u00e2m chuy\u00ean d\u1ee5ng cho c\u00e1c \u0111\u01b0\u1eddng \u1ed1ng c\u1ef1c nh\u1ecf, t\u1eeb OD6 \u0111\u1ebfn OD12. Thi\u1ebft b\u1ecb d\u1ea1ng clamp-on t\u00edch h\u1ee3p (compact) s\u1eed d\u1ee5ng c\u00f4ng ngh\u1ec7 th\u1eddi gian truy\u1ec1n s\u00f3ng (transit-time) \u0111\u1ec3 \u0111o l\u01b0u l\u01b0\u1ee3ng ch\u00ednh x\u00e1c m\u00e0 kh\u00f4ng c\u1ea7n ti\u1ebfp x\u00fac tr\u1ef1c ti\u1ebfp v\u1edbi m\u00f4i ch\u1ea5t...","og_url":"https:\/\/quando.com.vn\/en\/product\/tm605c-dong-ho-do-luu-luong-sieu-am-gan-kep-ngoai-cho-ong-nho\/","og_site_name":"QUANDO","article_modified_time":"2025-06-18T04:52:40+00:00","twitter_card":"summary_large_image","twitter_image":"https:\/\/quando.com.vn\/wp-content\/uploads\/2025\/06\/tm605c_ultrasonic_flow_meter_real_time_flow_measurement.webp","twitter_misc":{"Est. reading time":"3 minutes"},"schema":{"@context":"https:\/\/schema.org","@graph":[{"@type":"WebSite","@id":"https:\/\/quando.com.vn\/en\/#website","url":"https:\/\/quando.com.vn\/en\/","name":"QUANDO","description":"","potentialAction":[{"@type":"SearchAction","target":{"@type":"EntryPoint","urlTemplate":"https:\/\/quando.com.vn\/en\/?s={search_term_string}"},"query-input":"required name=search_term_string"}],"inLanguage":"en-US"},{"@type":"ImageObject","@id":"https:\/\/quando.com.vn\/san-pham\/tm605c-dong-ho-do-luu-luong-sieu-am-gan-kep-ngoai-cho-ong-nho\/#primaryimage","inLanguage":"en-US","url":"https:\/\/quando.com.vn\/wp-content\/uploads\/2025\/06\/tm605c_ultrasonic_flow_meter_real_time_flow_measurement.webp","contentUrl":"https:\/\/quando.com.vn\/wp-content\/uploads\/2025\/06\/tm605c_ultrasonic_flow_meter_real_time_flow_measurement.webp","width":523,"height":400,"caption":"TM605C\u0111\u1ed3ng h\u1ed3 \u0111o l\u01b0u l\u01b0\u1ee3ng si\u00eau \u00e2m cho \u0111\u01b0\u1eddng \u1ed1ng nh\u1ecf"},{"@type":"WebPage","@id":"https:\/\/quando.com.vn\/san-pham\/tm605c-dong-ho-do-luu-luong-sieu-am-gan-kep-ngoai-cho-ong-nho\/#webpage","url":"https:\/\/quando.com.vn\/san-pham\/tm605c-dong-ho-do-luu-luong-sieu-am-gan-kep-ngoai-cho-ong-nho\/","name":"TM605C \u2013 \u0110\u1ed3ng h\u1ed3 \u0111o l\u01b0u l\u01b0\u1ee3ng si\u00eau \u00e2m clamp-on cho \u1ed1ng nh\u1ecf | Flo Instruments - QUANDO","isPartOf":{"@id":"https:\/\/quando.com.vn\/en\/#website"},"primaryImageOfPage":{"@id":"https:\/\/quando.com.vn\/san-pham\/tm605c-dong-ho-do-luu-luong-sieu-am-gan-kep-ngoai-cho-ong-nho\/#primaryimage"},"datePublished":"2025-06-18T04:22:40+00:00","dateModified":"2025-06-18T04:52:40+00:00","description":"TM605C l\u00e0 \u0111\u1ed3ng h\u1ed3 \u0111o l\u01b0u l\u01b0\u1ee3ng si\u00eau \u00e2m chuy\u00ean d\u1ee5ng cho c\u00e1c \u0111\u01b0\u1eddng \u1ed1ng c\u1ef1c nh\u1ecf, t\u1eeb OD6 \u0111\u1ebfn OD12. Thi\u1ebft b\u1ecb d\u1ea1ng clamp-on t\u00edch h\u1ee3p (compact) s\u1eed d\u1ee5ng c\u00f4ng ngh\u1ec7 th\u1eddi gian truy\u1ec1n s\u00f3ng (transit-time) \u0111\u1ec3 \u0111o l\u01b0u l\u01b0\u1ee3ng ch\u00ednh x\u00e1c m\u00e0 kh\u00f4ng c\u1ea7n ti\u1ebfp x\u00fac tr\u1ef1c ti\u1ebfp v\u1edbi m\u00f4i ch\u1ea5t...","breadcrumb":{"@id":"https:\/\/quando.com.vn\/san-pham\/tm605c-dong-ho-do-luu-luong-sieu-am-gan-kep-ngoai-cho-ong-nho\/#breadcrumb"},"inLanguage":"en-US","potentialAction":[{"@type":"ReadAction","target":["https:\/\/quando.com.vn\/san-pham\/tm605c-dong-ho-do-luu-luong-sieu-am-gan-kep-ngoai-cho-ong-nho\/"]}]},{"@type":"BreadcrumbList","@id":"https:\/\/quando.com.vn\/san-pham\/tm605c-dong-ho-do-luu-luong-sieu-am-gan-kep-ngoai-cho-ong-nho\/#breadcrumb","itemListElement":[{"@type":"ListItem","position":1,"name":"Trang ch\u1ee7","item":"https:\/\/quando.com.vn\/"},{"@type":"ListItem","position":2,"name":"S\u1ea3n ph\u1ea9m","item":"https:\/\/quando.com.vn\/san-pham\/"},{"@type":"ListItem","position":3,"name":"TM605C \u2013 \u0110\u1ed3ng h\u1ed3 \u0111o l\u01b0u l\u01b0\u1ee3ng si\u00eau \u00e2m clamp-on cho \u1ed1ng nh\u1ecf | Flo Instruments"}]}]}},"_links":{"self":[{"href":"https:\/\/quando.com.vn\/en\/wp-json\/wp\/v2\/product\/7142"}],"collection":[{"href":"https:\/\/quando.com.vn\/en\/wp-json\/wp\/v2\/product"}],"about":[{"href":"https:\/\/quando.com.vn\/en\/wp-json\/wp\/v2\/types\/product"}],"wp:featuredmedia":[{"embeddable":true,"href":"https:\/\/quando.com.vn\/en\/wp-json\/wp\/v2\/media\/7145"}],"wp:attachment":[{"href":"https:\/\/quando.com.vn\/en\/wp-json\/wp\/v2\/media?parent=7142"}],"wp:term":[{"taxonomy":"product_cat","embeddable":true,"href":"https:\/\/quando.com.vn\/en\/wp-json\/wp\/v2\/product_cat?post=7142"},{"taxonomy":"product_tag","embeddable":true,"href":"https:\/\/quando.com.vn\/en\/wp-json\/wp\/v2\/product_tag?post=7142"}],"curies":[{"name":"wp","href":"https:\/\/api.w.org\/{rel}","templated":true}]}}