{"id":7086,"date":"2025-06-11T11:45:33","date_gmt":"2025-06-11T04:45:33","guid":{"rendered":"https:\/\/quando.com.vn\/?post_type=product&#038;p=7086"},"modified":"2025-06-11T12:03:37","modified_gmt":"2025-06-11T05:03:37","slug":"yotta-control-a-5388-controller-6di-4do","status":"publish","type":"product","link":"https:\/\/quando.com.vn\/en\/product\/yotta-control-a-5388-controller-6di-4do\/","title":{"rendered":"Yotta Control A\u20115388 \u2013 B\u1ed9 \u0111i\u1ec1u khi\u1ec3n DCS Ethernet 6DI 4DO"},"content":{"rendered":"<p dir=\"ltr\" data-pm-slice=\"1 1 []\">A\u20115388 thu\u1ed9c series Ethernet Controller c\u1ee7a <a href=\"https:\/\/www.yottacontrol.com.tw\/h\/Service?key=x9ic2&amp;set=7\">Yotta Control<\/a> , thi\u1ebft k\u1ebf cho h\u1ec7 th\u1ed1ng \u0111i\u1ec1u khi\u1ec3n DCS v\u00e0 SCADA c\u00f4ng nghi\u1ec7p. Thi\u1ebft b\u1ecb h\u1ed7 tr\u1ee3 giao di\u1ec7n USB (c\u1ed5ng \u1ea3o), RS\u2011485 v\u00e0 Ethernet 100\u202fMbps, k\u00e8m b\u1ed9 ng\u00f5 v\u00e0o s\u1ed1 c\u00e1ch ly v\u00e0 ng\u00f5 ra relay, \u0111\u00e1p \u1ee9ng \u0111a d\u1ea1ng y\u00eau c\u1ea7u gi\u00e1m s\u00e1t v\u00e0 \u0111i\u1ec1u khi\u1ec3n.<\/p>\n<p dir=\"ltr\" data-pm-slice=\"1 1 []\"><strong>Danh s\u00e1ch c\u00e1c d\u00f2ng A-53 series<\/strong><\/p>\n<p><img loading=\"lazy\" class=\"aligncenter wp-image-7087 size-full\" src=\"https:\/\/quando.com.vn\/wp-content\/uploads\/2025\/06\/Yotta-Control-A-53xx-Controller-Ethernet-list-product.png\" alt=\"Controller Ethernet Yotta Control\" width=\"1917\" height=\"200\" srcset=\"https:\/\/quando.com.vn\/wp-content\/uploads\/2025\/06\/Yotta-Control-A-53xx-Controller-Ethernet-list-product.png 1917w, https:\/\/quando.com.vn\/wp-content\/uploads\/2025\/06\/Yotta-Control-A-53xx-Controller-Ethernet-list-product-300x31.png 300w, https:\/\/quando.com.vn\/wp-content\/uploads\/2025\/06\/Yotta-Control-A-53xx-Controller-Ethernet-list-product-1024x107.png 1024w, https:\/\/quando.com.vn\/wp-content\/uploads\/2025\/06\/Yotta-Control-A-53xx-Controller-Ethernet-list-product-768x80.png 768w, https:\/\/quando.com.vn\/wp-content\/uploads\/2025\/06\/Yotta-Control-A-53xx-Controller-Ethernet-list-product-1536x160.png 1536w, https:\/\/quando.com.vn\/wp-content\/uploads\/2025\/06\/Yotta-Control-A-53xx-Controller-Ethernet-list-product-18x2.png 18w\" sizes=\"(max-width: 1917px) 100vw, 1917px\" \/><\/p>\n<p><strong>T\u00ednh n\u0103ng n\u1ed5i b\u1eadt<\/strong><br \/>\n&#8211; Giao ti\u1ebfp m\u1ea1ng \u0111a d\u1ea1ng: USB, RS\u2011485 v\u00e0 Ethernet gi\u00fap linh ho\u1ea1t t\u00edch h\u1ee3p m\u1ea1ng LAN\/Internet v\u00e0 h\u1ec7 th\u1ed1ng\u00a0 PLC, SCADA.<br \/>\n&#8211; L\u1eadp tr\u00ecnh tr\u1ef1c ti\u1ebfp tr\u00ean thi\u1ebft b\u1ecb: H\u1ed7 tr\u1ee3 Ladder Logic v\u00e0 bi\u1ec3u \u0111\u1ed3 ch\u1ee9c n\u0103ng (FBD) m\u00e0 kh\u00f4ng c\u1ea7n PLC ri\u00eang<br \/>\n&#8211; PWM v\u00e0 \u0111\u1ebfm t\u1ed1c \u0111\u1ed9 cao: Ph\u00f9 h\u1ee3p \u0111i\u1ec1u khi\u1ec3n \u0111\u1ed9ng c\u01a1, b\u0103ng t\u1ea3i, qu\u1ea1t, servo v.v.<br \/>\n&#8211; RTC v\u00e0 microSD: T\u1ef1 \u0111\u1ed9ng l\u01b0u l\u1ecbch s\u1eed, timestamp, backup c\u1ea5u h\u00ecnh<\/p>","protected":false},"excerpt":{"rendered":"<p>&#8211; Ngu\u1ed3n c\u1ea5p: 10\u201330\u202fVDC ho\u1eb7c 24\u202fVAC<br \/>\n&#8211; Giao ti\u1ebfp m\u1ea1ng \u0111a d\u1ea1ng: USB, RS\u2011485 v\u00e0 Ethernet<br \/>\n&#8211; H\u1ed7 tr\u1ee3 Ladder Logic v\u00e0 bi\u1ec3u \u0111\u1ed3 ch\u1ee9c n\u0103ng (FBD)<br \/>\n&#8211; PWM v\u00e0 \u0111\u1ebfm t\u1ed1c \u0111\u1ed9 cao<br \/>\n&#8211; RTC v\u00e0 microSD<\/p>","protected":false},"featured_media":7088,"template":"","meta":[],"product_cat":[442,472,493,416,474,492],"product_tag":[],"acf":[],"yoast_head":"<!-- This site is optimized with the Yoast SEO Premium plugin v18.4 (Yoast SEO v18.6) - https:\/\/yoast.com\/wordpress\/plugins\/seo\/ -->\n<title>Yotta Control A\u20115388 \u2013 B\u1ed9 \u0111i\u1ec1u khi\u1ec3n DCS Ethernet 6DI 4DO - QUANDO<\/title>\n<meta name=\"description\" content=\"A\u20115388 \u2013 B\u1ed9 \u0111i\u1ec1u khi\u1ec3n DCS Ethernet 6DI 4DO l\u00e0 b\u1ed9 \u0111i\u1ec1u khi\u1ec3n t\u00edch h\u1ee3p 6DI ng\u00f5 v\u00e0o s\u1ed1 c\u00e1ch ly v\u00e0 4DO ng\u00f5 ra relay, h\u1ed7 tr\u1ee3 c\u1ed5ng USB, RS\u2011485 v\u00e0 Ethernet 100\u202fMbps, ph\u00f9 h\u1ee3p cho SCADA, h\u1ec7 th\u1ed1ng \u0111i\u1ec1u khi\u1ec3n quy tr\u00ecnh v\u00e0 t\u1ef1 \u0111\u1ed9ng h\u00f3a c\u00f4ng nghi\u1ec7p.\" \/>\n<meta name=\"robots\" content=\"index, follow, max-snippet:-1, max-image-preview:large, max-video-preview:-1\" \/>\n<link rel=\"canonical\" href=\"https:\/\/quando.com.vn\/en\/product\/yotta-control-a-5388-controller-6di-4do\/\" \/>\n<meta property=\"og:locale\" content=\"en_US\" \/>\n<meta property=\"og:type\" content=\"article\" \/>\n<meta property=\"og:title\" content=\"Yotta Control A\u20115388 \u2013 B\u1ed9 \u0111i\u1ec1u khi\u1ec3n DCS Ethernet 6DI 4DO\" \/>\n<meta property=\"og:description\" content=\"A\u20115388 \u2013 B\u1ed9 \u0111i\u1ec1u khi\u1ec3n DCS Ethernet 6DI 4DO l\u00e0 b\u1ed9 \u0111i\u1ec1u khi\u1ec3n t\u00edch h\u1ee3p 6DI ng\u00f5 v\u00e0o s\u1ed1 c\u00e1ch ly v\u00e0 4DO ng\u00f5 ra relay, h\u1ed7 tr\u1ee3 c\u1ed5ng USB, RS\u2011485 v\u00e0 Ethernet 100\u202fMbps, ph\u00f9 h\u1ee3p cho SCADA, h\u1ec7 th\u1ed1ng \u0111i\u1ec1u khi\u1ec3n quy tr\u00ecnh v\u00e0 t\u1ef1 \u0111\u1ed9ng h\u00f3a c\u00f4ng nghi\u1ec7p.\" \/>\n<meta property=\"og:url\" content=\"https:\/\/quando.com.vn\/en\/product\/yotta-control-a-5388-controller-6di-4do\/\" \/>\n<meta property=\"og:site_name\" content=\"QUANDO\" \/>\n<meta property=\"article:modified_time\" content=\"2025-06-11T05:03:37+00:00\" \/>\n<meta property=\"og:image\" content=\"https:\/\/quando.com.vn\/wp-content\/uploads\/2025\/06\/Yotta-Control-A-5388-Controller-Ethernet-img-product.png\" \/>\n\t<meta property=\"og:image:width\" content=\"482\" \/>\n\t<meta property=\"og:image:height\" content=\"543\" \/>\n\t<meta property=\"og:image:type\" content=\"image\/png\" \/>\n<meta name=\"twitter:card\" content=\"summary_large_image\" \/>\n<meta name=\"twitter:label1\" content=\"Est. reading time\" \/>\n\t<meta name=\"twitter:data1\" content=\"1 minute\" \/>\n<script type=\"application\/ld+json\" class=\"yoast-schema-graph\">{\"@context\":\"https:\/\/schema.org\",\"@graph\":[{\"@type\":\"WebSite\",\"@id\":\"https:\/\/quando.com.vn\/en\/#website\",\"url\":\"https:\/\/quando.com.vn\/en\/\",\"name\":\"QUANDO\",\"description\":\"\",\"potentialAction\":[{\"@type\":\"SearchAction\",\"target\":{\"@type\":\"EntryPoint\",\"urlTemplate\":\"https:\/\/quando.com.vn\/en\/?s={search_term_string}\"},\"query-input\":\"required name=search_term_string\"}],\"inLanguage\":\"en-US\"},{\"@type\":\"ImageObject\",\"@id\":\"https:\/\/quando.com.vn\/san-pham\/yotta-control-a-5388-controller-6di-4do\/#primaryimage\",\"inLanguage\":\"en-US\",\"url\":\"https:\/\/quando.com.vn\/wp-content\/uploads\/2025\/06\/Yotta-Control-A-5388-Controller-Ethernet-img-product.png\",\"contentUrl\":\"https:\/\/quando.com.vn\/wp-content\/uploads\/2025\/06\/Yotta-Control-A-5388-Controller-Ethernet-img-product.png\",\"width\":482,\"height\":543,\"caption\":\"Yotta Control A-5388- Controller Ethernet\"},{\"@type\":\"WebPage\",\"@id\":\"https:\/\/quando.com.vn\/san-pham\/yotta-control-a-5388-controller-6di-4do\/#webpage\",\"url\":\"https:\/\/quando.com.vn\/san-pham\/yotta-control-a-5388-controller-6di-4do\/\",\"name\":\"Yotta Control A\u20115388 \u2013 B\u1ed9 \u0111i\u1ec1u khi\u1ec3n DCS Ethernet 6DI 4DO - QUANDO\",\"isPartOf\":{\"@id\":\"https:\/\/quando.com.vn\/en\/#website\"},\"primaryImageOfPage\":{\"@id\":\"https:\/\/quando.com.vn\/san-pham\/yotta-control-a-5388-controller-6di-4do\/#primaryimage\"},\"datePublished\":\"2025-06-11T04:45:33+00:00\",\"dateModified\":\"2025-06-11T05:03:37+00:00\",\"description\":\"A\u20115388 \u2013 B\u1ed9 \u0111i\u1ec1u khi\u1ec3n DCS Ethernet 6DI 4DO l\u00e0 b\u1ed9 \u0111i\u1ec1u khi\u1ec3n t\u00edch h\u1ee3p 6DI ng\u00f5 v\u00e0o s\u1ed1 c\u00e1ch ly v\u00e0 4DO ng\u00f5 ra relay, h\u1ed7 tr\u1ee3 c\u1ed5ng USB, RS\u2011485 v\u00e0 Ethernet 100\u202fMbps, ph\u00f9 h\u1ee3p cho SCADA, h\u1ec7 th\u1ed1ng \u0111i\u1ec1u khi\u1ec3n quy tr\u00ecnh v\u00e0 t\u1ef1 \u0111\u1ed9ng h\u00f3a c\u00f4ng nghi\u1ec7p.\",\"breadcrumb\":{\"@id\":\"https:\/\/quando.com.vn\/san-pham\/yotta-control-a-5388-controller-6di-4do\/#breadcrumb\"},\"inLanguage\":\"en-US\",\"potentialAction\":[{\"@type\":\"ReadAction\",\"target\":[\"https:\/\/quando.com.vn\/san-pham\/yotta-control-a-5388-controller-6di-4do\/\"]}]},{\"@type\":\"BreadcrumbList\",\"@id\":\"https:\/\/quando.com.vn\/san-pham\/yotta-control-a-5388-controller-6di-4do\/#breadcrumb\",\"itemListElement\":[{\"@type\":\"ListItem\",\"position\":1,\"name\":\"Trang ch\u1ee7\",\"item\":\"https:\/\/quando.com.vn\/\"},{\"@type\":\"ListItem\",\"position\":2,\"name\":\"S\u1ea3n ph\u1ea9m\",\"item\":\"https:\/\/quando.com.vn\/san-pham\/\"},{\"@type\":\"ListItem\",\"position\":3,\"name\":\"Yotta Control A\u20115388 \u2013 B\u1ed9 \u0111i\u1ec1u khi\u1ec3n DCS Ethernet 6DI 4DO\"}]}]}<\/script>\n<!-- \/ Yoast SEO Premium plugin. -->","yoast_head_json":{"title":"Yotta Control A\u20115388 \u2013 B\u1ed9 \u0111i\u1ec1u khi\u1ec3n DCS Ethernet 6DI 4DO - QUANDO","description":"A\u20115388 \u2013 B\u1ed9 \u0111i\u1ec1u khi\u1ec3n DCS Ethernet 6DI 4DO l\u00e0 b\u1ed9 \u0111i\u1ec1u khi\u1ec3n t\u00edch h\u1ee3p 6DI ng\u00f5 v\u00e0o s\u1ed1 c\u00e1ch ly v\u00e0 4DO ng\u00f5 ra relay, h\u1ed7 tr\u1ee3 c\u1ed5ng USB, RS\u2011485 v\u00e0 Ethernet 100\u202fMbps, ph\u00f9 h\u1ee3p cho SCADA, h\u1ec7 th\u1ed1ng \u0111i\u1ec1u khi\u1ec3n quy tr\u00ecnh v\u00e0 t\u1ef1 \u0111\u1ed9ng h\u00f3a c\u00f4ng nghi\u1ec7p.","robots":{"index":"index","follow":"follow","max-snippet":"max-snippet:-1","max-image-preview":"max-image-preview:large","max-video-preview":"max-video-preview:-1"},"canonical":"https:\/\/quando.com.vn\/en\/product\/yotta-control-a-5388-controller-6di-4do\/","og_locale":"en_US","og_type":"article","og_title":"Yotta Control A\u20115388 \u2013 B\u1ed9 \u0111i\u1ec1u khi\u1ec3n DCS Ethernet 6DI 4DO","og_description":"A\u20115388 \u2013 B\u1ed9 \u0111i\u1ec1u khi\u1ec3n DCS Ethernet 6DI 4DO l\u00e0 b\u1ed9 \u0111i\u1ec1u khi\u1ec3n t\u00edch h\u1ee3p 6DI ng\u00f5 v\u00e0o s\u1ed1 c\u00e1ch ly v\u00e0 4DO ng\u00f5 ra relay, h\u1ed7 tr\u1ee3 c\u1ed5ng USB, RS\u2011485 v\u00e0 Ethernet 100\u202fMbps, ph\u00f9 h\u1ee3p cho SCADA, h\u1ec7 th\u1ed1ng \u0111i\u1ec1u khi\u1ec3n quy tr\u00ecnh v\u00e0 t\u1ef1 \u0111\u1ed9ng h\u00f3a c\u00f4ng nghi\u1ec7p.","og_url":"https:\/\/quando.com.vn\/en\/product\/yotta-control-a-5388-controller-6di-4do\/","og_site_name":"QUANDO","article_modified_time":"2025-06-11T05:03:37+00:00","og_image":[{"width":482,"height":543,"url":"https:\/\/quando.com.vn\/wp-content\/uploads\/2025\/06\/Yotta-Control-A-5388-Controller-Ethernet-img-product.png","type":"image\/png"}],"twitter_card":"summary_large_image","twitter_misc":{"Est. reading time":"1 minute"},"schema":{"@context":"https:\/\/schema.org","@graph":[{"@type":"WebSite","@id":"https:\/\/quando.com.vn\/en\/#website","url":"https:\/\/quando.com.vn\/en\/","name":"QUANDO","description":"","potentialAction":[{"@type":"SearchAction","target":{"@type":"EntryPoint","urlTemplate":"https:\/\/quando.com.vn\/en\/?s={search_term_string}"},"query-input":"required name=search_term_string"}],"inLanguage":"en-US"},{"@type":"ImageObject","@id":"https:\/\/quando.com.vn\/san-pham\/yotta-control-a-5388-controller-6di-4do\/#primaryimage","inLanguage":"en-US","url":"https:\/\/quando.com.vn\/wp-content\/uploads\/2025\/06\/Yotta-Control-A-5388-Controller-Ethernet-img-product.png","contentUrl":"https:\/\/quando.com.vn\/wp-content\/uploads\/2025\/06\/Yotta-Control-A-5388-Controller-Ethernet-img-product.png","width":482,"height":543,"caption":"Yotta Control A-5388- Controller Ethernet"},{"@type":"WebPage","@id":"https:\/\/quando.com.vn\/san-pham\/yotta-control-a-5388-controller-6di-4do\/#webpage","url":"https:\/\/quando.com.vn\/san-pham\/yotta-control-a-5388-controller-6di-4do\/","name":"Yotta Control A\u20115388 \u2013 B\u1ed9 \u0111i\u1ec1u khi\u1ec3n DCS Ethernet 6DI 4DO - QUANDO","isPartOf":{"@id":"https:\/\/quando.com.vn\/en\/#website"},"primaryImageOfPage":{"@id":"https:\/\/quando.com.vn\/san-pham\/yotta-control-a-5388-controller-6di-4do\/#primaryimage"},"datePublished":"2025-06-11T04:45:33+00:00","dateModified":"2025-06-11T05:03:37+00:00","description":"A\u20115388 \u2013 B\u1ed9 \u0111i\u1ec1u khi\u1ec3n DCS Ethernet 6DI 4DO l\u00e0 b\u1ed9 \u0111i\u1ec1u khi\u1ec3n t\u00edch h\u1ee3p 6DI ng\u00f5 v\u00e0o s\u1ed1 c\u00e1ch ly v\u00e0 4DO ng\u00f5 ra relay, h\u1ed7 tr\u1ee3 c\u1ed5ng USB, RS\u2011485 v\u00e0 Ethernet 100\u202fMbps, ph\u00f9 h\u1ee3p cho SCADA, h\u1ec7 th\u1ed1ng \u0111i\u1ec1u khi\u1ec3n quy tr\u00ecnh v\u00e0 t\u1ef1 \u0111\u1ed9ng h\u00f3a c\u00f4ng nghi\u1ec7p.","breadcrumb":{"@id":"https:\/\/quando.com.vn\/san-pham\/yotta-control-a-5388-controller-6di-4do\/#breadcrumb"},"inLanguage":"en-US","potentialAction":[{"@type":"ReadAction","target":["https:\/\/quando.com.vn\/san-pham\/yotta-control-a-5388-controller-6di-4do\/"]}]},{"@type":"BreadcrumbList","@id":"https:\/\/quando.com.vn\/san-pham\/yotta-control-a-5388-controller-6di-4do\/#breadcrumb","itemListElement":[{"@type":"ListItem","position":1,"name":"Trang ch\u1ee7","item":"https:\/\/quando.com.vn\/"},{"@type":"ListItem","position":2,"name":"S\u1ea3n ph\u1ea9m","item":"https:\/\/quando.com.vn\/san-pham\/"},{"@type":"ListItem","position":3,"name":"Yotta Control A\u20115388 \u2013 B\u1ed9 \u0111i\u1ec1u khi\u1ec3n DCS Ethernet 6DI 4DO"}]}]}},"_links":{"self":[{"href":"https:\/\/quando.com.vn\/en\/wp-json\/wp\/v2\/product\/7086"}],"collection":[{"href":"https:\/\/quando.com.vn\/en\/wp-json\/wp\/v2\/product"}],"about":[{"href":"https:\/\/quando.com.vn\/en\/wp-json\/wp\/v2\/types\/product"}],"wp:featuredmedia":[{"embeddable":true,"href":"https:\/\/quando.com.vn\/en\/wp-json\/wp\/v2\/media\/7088"}],"wp:attachment":[{"href":"https:\/\/quando.com.vn\/en\/wp-json\/wp\/v2\/media?parent=7086"}],"wp:term":[{"taxonomy":"product_cat","embeddable":true,"href":"https:\/\/quando.com.vn\/en\/wp-json\/wp\/v2\/product_cat?post=7086"},{"taxonomy":"product_tag","embeddable":true,"href":"https:\/\/quando.com.vn\/en\/wp-json\/wp\/v2\/product_tag?post=7086"}],"curies":[{"name":"wp","href":"https:\/\/api.w.org\/{rel}","templated":true}]}}