{"id":7082,"date":"2025-06-11T10:59:26","date_gmt":"2025-06-11T03:59:26","guid":{"rendered":"https:\/\/quando.com.vn\/?post_type=product&#038;p=7082"},"modified":"2025-06-11T11:36:43","modified_gmt":"2025-06-11T04:36:43","slug":"yotta-control-a-1019-rs-485-8ai-4di","status":"publish","type":"product","link":"https:\/\/quando.com.vn\/en\/product\/yotta-control-a-1019-rs-485-8ai-4di\/","title":{"rendered":"Yotta Control A-1019 RS-485 8AI\/ 4DI"},"content":{"rendered":"<p dir=\"ltr\" data-pm-slice=\"1 1 []\"><a href=\"https:\/\/www.yottacontrol.com.tw\/h\/Service?key=x9ic2&amp;set=7\">Yotta Control<\/a> A-1019 RS-485 8AI\/ 4DI l\u00e0 m\u00f4\u2011\u0111un I\/O c\u00f4ng nghi\u1ec7p v\u1edbi 8 ng\u00f5 v\u00e0o analog 16\u2011bit (4\u201320\u202fmA, Thermocouple, Thermistor) v\u00e0 4DI ng\u00f5 v\u00e0o s\u1ed1 c\u00e1ch ly, giao ti\u1ebfp \u0111a n\u0103ng qua RS\u2011485 &amp; USB, h\u1ed7 tr\u1ee3 Modbus RTU\/ASCII \u2013 t\u1ed1i \u01b0u cho SCADA, PLC v\u00e0 IoT<\/p>\n<p dir=\"ltr\" data-pm-slice=\"1 1 []\"><strong>Danh s\u00e1ch c\u00e1c module I\/O d\u00f2ng A-10x<\/strong><\/p>\n<p><img loading=\"lazy\" class=\"aligncenter size-full wp-image-7048\" src=\"https:\/\/quando.com.vn\/wp-content\/uploads\/2025\/06\/A-10x-types-in-list.png\" alt=\"m\u00f4 \u0111un I\/O RS-485 8DI 4DO\" width=\"1919\" height=\"814\" srcset=\"https:\/\/quando.com.vn\/wp-content\/uploads\/2025\/06\/A-10x-types-in-list.png 1919w, https:\/\/quando.com.vn\/wp-content\/uploads\/2025\/06\/A-10x-types-in-list-300x127.png 300w, https:\/\/quando.com.vn\/wp-content\/uploads\/2025\/06\/A-10x-types-in-list-1024x434.png 1024w, https:\/\/quando.com.vn\/wp-content\/uploads\/2025\/06\/A-10x-types-in-list-768x326.png 768w, https:\/\/quando.com.vn\/wp-content\/uploads\/2025\/06\/A-10x-types-in-list-1536x652.png 1536w, https:\/\/quando.com.vn\/wp-content\/uploads\/2025\/06\/A-10x-types-in-list-18x8.png 18w\" sizes=\"(max-width: 1919px) 100vw, 1919px\" \/><\/p>","protected":false},"excerpt":{"rendered":"<p>&#8211; Ngu\u1ed3n cung c\u1ea5p: 10~30VDC\/24VAC<br \/>\n&#8211; 8AI\/4DI<br \/>\n&#8211; Giao ti\u1ebfp RS-485<\/p>","protected":false},"featured_media":7083,"template":"","meta":[],"product_cat":[442,472,483,416,474,491],"product_tag":[],"acf":[],"yoast_head":"<!-- This site is optimized with the Yoast SEO Premium plugin v18.4 (Yoast SEO v18.6) - https:\/\/yoast.com\/wordpress\/plugins\/seo\/ -->\n<title>Yotta Control A-1019 RS-485 8AI\/ 4DI - QUANDO<\/title>\n<meta name=\"description\" content=\"Yotta Control A-1019 RS-485 8AI\/ 4DI l\u00e0 m\u00f4\u2011\u0111un I\/O c\u00f4ng nghi\u1ec7p v\u1edbi 8 ng\u00f5 v\u00e0o analog 16\u2011bit (4\u201320\u202fmA, Thermocouple, Thermistor) v\u00e0 4DI ng\u00f5 v\u00e0o s\u1ed1 c\u00e1ch ly, giao ti\u1ebfp \u0111a n\u0103ng qua RS\u2011485\" \/>\n<meta name=\"robots\" content=\"index, follow, max-snippet:-1, max-image-preview:large, max-video-preview:-1\" \/>\n<link rel=\"canonical\" href=\"https:\/\/quando.com.vn\/en\/product\/yotta-control-a-1019-rs-485-8ai-4di\/\" \/>\n<meta property=\"og:locale\" content=\"en_US\" \/>\n<meta property=\"og:type\" content=\"article\" \/>\n<meta property=\"og:title\" content=\"Yotta Control A-1019 RS-485 8AI\/ 4DI\" \/>\n<meta property=\"og:description\" content=\"Yotta Control A-1019 RS-485 8AI\/ 4DI l\u00e0 m\u00f4\u2011\u0111un I\/O c\u00f4ng nghi\u1ec7p v\u1edbi 8 ng\u00f5 v\u00e0o analog 16\u2011bit (4\u201320\u202fmA, Thermocouple, Thermistor) v\u00e0 4DI ng\u00f5 v\u00e0o s\u1ed1 c\u00e1ch ly, giao ti\u1ebfp \u0111a n\u0103ng qua RS\u2011485\" \/>\n<meta property=\"og:url\" content=\"https:\/\/quando.com.vn\/en\/product\/yotta-control-a-1019-rs-485-8ai-4di\/\" \/>\n<meta property=\"og:site_name\" content=\"QUANDO\" \/>\n<meta property=\"article:modified_time\" content=\"2025-06-11T04:36:43+00:00\" \/>\n<meta property=\"og:image\" content=\"https:\/\/quando.com.vn\/wp-content\/uploads\/2025\/06\/A-1019_img-product.jpg\" \/>\n\t<meta property=\"og:image:width\" content=\"500\" \/>\n\t<meta property=\"og:image:height\" content=\"500\" \/>\n\t<meta property=\"og:image:type\" content=\"image\/jpeg\" \/>\n<meta name=\"twitter:card\" content=\"summary_large_image\" \/>\n<meta name=\"twitter:label1\" content=\"Est. reading time\" \/>\n\t<meta name=\"twitter:data1\" content=\"1 minute\" \/>\n<script type=\"application\/ld+json\" class=\"yoast-schema-graph\">{\"@context\":\"https:\/\/schema.org\",\"@graph\":[{\"@type\":\"WebSite\",\"@id\":\"https:\/\/quando.com.vn\/en\/#website\",\"url\":\"https:\/\/quando.com.vn\/en\/\",\"name\":\"QUANDO\",\"description\":\"\",\"potentialAction\":[{\"@type\":\"SearchAction\",\"target\":{\"@type\":\"EntryPoint\",\"urlTemplate\":\"https:\/\/quando.com.vn\/en\/?s={search_term_string}\"},\"query-input\":\"required name=search_term_string\"}],\"inLanguage\":\"en-US\"},{\"@type\":\"ImageObject\",\"@id\":\"https:\/\/quando.com.vn\/san-pham\/yotta-control-a-1019-rs-485-8ai-4di\/#primaryimage\",\"inLanguage\":\"en-US\",\"url\":\"https:\/\/quando.com.vn\/wp-content\/uploads\/2025\/06\/A-1019_img-product.jpg\",\"contentUrl\":\"https:\/\/quando.com.vn\/wp-content\/uploads\/2025\/06\/A-1019_img-product.jpg\",\"width\":500,\"height\":500,\"caption\":\"A-1019 module RS-485 8AI\/4DI\"},{\"@type\":\"WebPage\",\"@id\":\"https:\/\/quando.com.vn\/san-pham\/yotta-control-a-1019-rs-485-8ai-4di\/#webpage\",\"url\":\"https:\/\/quando.com.vn\/san-pham\/yotta-control-a-1019-rs-485-8ai-4di\/\",\"name\":\"Yotta Control A-1019 RS-485 8AI\/ 4DI - QUANDO\",\"isPartOf\":{\"@id\":\"https:\/\/quando.com.vn\/en\/#website\"},\"primaryImageOfPage\":{\"@id\":\"https:\/\/quando.com.vn\/san-pham\/yotta-control-a-1019-rs-485-8ai-4di\/#primaryimage\"},\"datePublished\":\"2025-06-11T03:59:26+00:00\",\"dateModified\":\"2025-06-11T04:36:43+00:00\",\"description\":\"Yotta Control A-1019 RS-485 8AI\/ 4DI l\u00e0 m\u00f4\u2011\u0111un I\/O c\u00f4ng nghi\u1ec7p v\u1edbi 8 ng\u00f5 v\u00e0o analog 16\u2011bit (4\u201320\u202fmA, Thermocouple, Thermistor) v\u00e0 4DI ng\u00f5 v\u00e0o s\u1ed1 c\u00e1ch ly, giao ti\u1ebfp \u0111a n\u0103ng qua RS\u2011485\",\"breadcrumb\":{\"@id\":\"https:\/\/quando.com.vn\/san-pham\/yotta-control-a-1019-rs-485-8ai-4di\/#breadcrumb\"},\"inLanguage\":\"en-US\",\"potentialAction\":[{\"@type\":\"ReadAction\",\"target\":[\"https:\/\/quando.com.vn\/san-pham\/yotta-control-a-1019-rs-485-8ai-4di\/\"]}]},{\"@type\":\"BreadcrumbList\",\"@id\":\"https:\/\/quando.com.vn\/san-pham\/yotta-control-a-1019-rs-485-8ai-4di\/#breadcrumb\",\"itemListElement\":[{\"@type\":\"ListItem\",\"position\":1,\"name\":\"Trang ch\u1ee7\",\"item\":\"https:\/\/quando.com.vn\/\"},{\"@type\":\"ListItem\",\"position\":2,\"name\":\"S\u1ea3n ph\u1ea9m\",\"item\":\"https:\/\/quando.com.vn\/san-pham\/\"},{\"@type\":\"ListItem\",\"position\":3,\"name\":\"Yotta Control A-1019 RS-485 8AI\/ 4DI\"}]}]}<\/script>\n<!-- \/ Yoast SEO Premium plugin. -->","yoast_head_json":{"title":"Yotta Control A-1019 RS-485 8AI\/ 4DI - QUANDO","description":"Yotta Control A-1019 RS-485 8AI\/ 4DI l\u00e0 m\u00f4\u2011\u0111un I\/O c\u00f4ng nghi\u1ec7p v\u1edbi 8 ng\u00f5 v\u00e0o analog 16\u2011bit (4\u201320\u202fmA, Thermocouple, Thermistor) v\u00e0 4DI ng\u00f5 v\u00e0o s\u1ed1 c\u00e1ch ly, giao ti\u1ebfp \u0111a n\u0103ng qua RS\u2011485","robots":{"index":"index","follow":"follow","max-snippet":"max-snippet:-1","max-image-preview":"max-image-preview:large","max-video-preview":"max-video-preview:-1"},"canonical":"https:\/\/quando.com.vn\/en\/product\/yotta-control-a-1019-rs-485-8ai-4di\/","og_locale":"en_US","og_type":"article","og_title":"Yotta Control A-1019 RS-485 8AI\/ 4DI","og_description":"Yotta Control A-1019 RS-485 8AI\/ 4DI l\u00e0 m\u00f4\u2011\u0111un I\/O c\u00f4ng nghi\u1ec7p v\u1edbi 8 ng\u00f5 v\u00e0o analog 16\u2011bit (4\u201320\u202fmA, Thermocouple, Thermistor) v\u00e0 4DI ng\u00f5 v\u00e0o s\u1ed1 c\u00e1ch ly, giao ti\u1ebfp \u0111a n\u0103ng qua RS\u2011485","og_url":"https:\/\/quando.com.vn\/en\/product\/yotta-control-a-1019-rs-485-8ai-4di\/","og_site_name":"QUANDO","article_modified_time":"2025-06-11T04:36:43+00:00","og_image":[{"width":500,"height":500,"url":"https:\/\/quando.com.vn\/wp-content\/uploads\/2025\/06\/A-1019_img-product.jpg","type":"image\/jpeg"}],"twitter_card":"summary_large_image","twitter_misc":{"Est. reading time":"1 minute"},"schema":{"@context":"https:\/\/schema.org","@graph":[{"@type":"WebSite","@id":"https:\/\/quando.com.vn\/en\/#website","url":"https:\/\/quando.com.vn\/en\/","name":"QUANDO","description":"","potentialAction":[{"@type":"SearchAction","target":{"@type":"EntryPoint","urlTemplate":"https:\/\/quando.com.vn\/en\/?s={search_term_string}"},"query-input":"required name=search_term_string"}],"inLanguage":"en-US"},{"@type":"ImageObject","@id":"https:\/\/quando.com.vn\/san-pham\/yotta-control-a-1019-rs-485-8ai-4di\/#primaryimage","inLanguage":"en-US","url":"https:\/\/quando.com.vn\/wp-content\/uploads\/2025\/06\/A-1019_img-product.jpg","contentUrl":"https:\/\/quando.com.vn\/wp-content\/uploads\/2025\/06\/A-1019_img-product.jpg","width":500,"height":500,"caption":"A-1019 module RS-485 8AI\/4DI"},{"@type":"WebPage","@id":"https:\/\/quando.com.vn\/san-pham\/yotta-control-a-1019-rs-485-8ai-4di\/#webpage","url":"https:\/\/quando.com.vn\/san-pham\/yotta-control-a-1019-rs-485-8ai-4di\/","name":"Yotta Control A-1019 RS-485 8AI\/ 4DI - QUANDO","isPartOf":{"@id":"https:\/\/quando.com.vn\/en\/#website"},"primaryImageOfPage":{"@id":"https:\/\/quando.com.vn\/san-pham\/yotta-control-a-1019-rs-485-8ai-4di\/#primaryimage"},"datePublished":"2025-06-11T03:59:26+00:00","dateModified":"2025-06-11T04:36:43+00:00","description":"Yotta Control A-1019 RS-485 8AI\/ 4DI l\u00e0 m\u00f4\u2011\u0111un I\/O c\u00f4ng nghi\u1ec7p v\u1edbi 8 ng\u00f5 v\u00e0o analog 16\u2011bit (4\u201320\u202fmA, Thermocouple, Thermistor) v\u00e0 4DI ng\u00f5 v\u00e0o s\u1ed1 c\u00e1ch ly, giao ti\u1ebfp \u0111a n\u0103ng qua RS\u2011485","breadcrumb":{"@id":"https:\/\/quando.com.vn\/san-pham\/yotta-control-a-1019-rs-485-8ai-4di\/#breadcrumb"},"inLanguage":"en-US","potentialAction":[{"@type":"ReadAction","target":["https:\/\/quando.com.vn\/san-pham\/yotta-control-a-1019-rs-485-8ai-4di\/"]}]},{"@type":"BreadcrumbList","@id":"https:\/\/quando.com.vn\/san-pham\/yotta-control-a-1019-rs-485-8ai-4di\/#breadcrumb","itemListElement":[{"@type":"ListItem","position":1,"name":"Trang ch\u1ee7","item":"https:\/\/quando.com.vn\/"},{"@type":"ListItem","position":2,"name":"S\u1ea3n ph\u1ea9m","item":"https:\/\/quando.com.vn\/san-pham\/"},{"@type":"ListItem","position":3,"name":"Yotta Control A-1019 RS-485 8AI\/ 4DI"}]}]}},"_links":{"self":[{"href":"https:\/\/quando.com.vn\/en\/wp-json\/wp\/v2\/product\/7082"}],"collection":[{"href":"https:\/\/quando.com.vn\/en\/wp-json\/wp\/v2\/product"}],"about":[{"href":"https:\/\/quando.com.vn\/en\/wp-json\/wp\/v2\/types\/product"}],"wp:featuredmedia":[{"embeddable":true,"href":"https:\/\/quando.com.vn\/en\/wp-json\/wp\/v2\/media\/7083"}],"wp:attachment":[{"href":"https:\/\/quando.com.vn\/en\/wp-json\/wp\/v2\/media?parent=7082"}],"wp:term":[{"taxonomy":"product_cat","embeddable":true,"href":"https:\/\/quando.com.vn\/en\/wp-json\/wp\/v2\/product_cat?post=7082"},{"taxonomy":"product_tag","embeddable":true,"href":"https:\/\/quando.com.vn\/en\/wp-json\/wp\/v2\/product_tag?post=7082"}],"curies":[{"name":"wp","href":"https:\/\/api.w.org\/{rel}","templated":true}]}}