{"id":7073,"date":"2025-06-11T09:14:55","date_gmt":"2025-06-11T02:14:55","guid":{"rendered":"https:\/\/quando.com.vn\/?post_type=product&#038;p=7073"},"modified":"2025-06-11T09:39:26","modified_gmt":"2025-06-11T02:39:26","slug":"bien-ap-cach-ly-3-pha-220vac-to-480vac-litanda","status":"publish","type":"product","link":"https:\/\/quando.com.vn\/en\/product\/bien-ap-cach-ly-3-pha-220vac-to-480vac-litanda\/","title":{"rendered":"Bi\u1ebfn \u00e1p c\u00e1ch ly 15KVA 3 pha 220 VAC to 480 VAC"},"content":{"rendered":"<h3><strong>Bi\u1ebfn \u00e1p c\u00e1ch ly 15KVA 3 pha 220 VAC to 480 VAC \u2013 Gi\u1ea3i ph\u00e1p an to\u00e0n cho h\u1ec7 th\u1ed1ng \u0111i\u1ec7n 3 pha<\/strong><\/h3>\n<p>Bi\u1ebfn \u00e1p c\u00e1ch ly 15KVA 3 pha d\u00e2y \u0111\u1ed3ng do Litanda Vi\u1ec7t Nam s\u1ea3n xu\u1ea5t l\u00e0 thi\u1ebft b\u1ecb \u0111i\u1ec7n chuy\u00ean d\u1ee5ng gi\u00fap b\u1ea3o v\u1ec7 thi\u1ebft b\u1ecb v\u00e0 ng\u01b0\u1eddi s\u1eed d\u1ee5ng kh\u1ecfi c\u00e1c r\u1ee7i ro do s\u1ef1 c\u1ed1 r\u00f2 \u0111i\u1ec7n, nhi\u1ec5u \u0111i\u1ec7n t\u1eeb v\u00e0 t\u0103ng \u0111\u1ed9 an to\u00e0n trong h\u1ec7 th\u1ed1ng \u0111i\u1ec7n c\u00f4ng nghi\u1ec7p<\/p>\n<p>&nbsp;<\/p>\n<p><img loading=\"lazy\" class=\"aligncenter wp-image-7076 size-full\" src=\"https:\/\/quando.com.vn\/wp-content\/uploads\/2025\/06\/Litanda_bien-ap-15kVA-3-pha-220VAC-to-480-VAC.jpg\" alt=\"Litanda_bien ap 15kVA 3 pha 220VAC to 480 VAC\" width=\"2560\" height=\"1154\" srcset=\"https:\/\/quando.com.vn\/wp-content\/uploads\/2025\/06\/Litanda_bien-ap-15kVA-3-pha-220VAC-to-480-VAC.jpg 2560w, https:\/\/quando.com.vn\/wp-content\/uploads\/2025\/06\/Litanda_bien-ap-15kVA-3-pha-220VAC-to-480-VAC-300x135.jpg 300w, https:\/\/quando.com.vn\/wp-content\/uploads\/2025\/06\/Litanda_bien-ap-15kVA-3-pha-220VAC-to-480-VAC-1024x462.jpg 1024w, https:\/\/quando.com.vn\/wp-content\/uploads\/2025\/06\/Litanda_bien-ap-15kVA-3-pha-220VAC-to-480-VAC-768x346.jpg 768w, https:\/\/quando.com.vn\/wp-content\/uploads\/2025\/06\/Litanda_bien-ap-15kVA-3-pha-220VAC-to-480-VAC-1536x692.jpg 1536w, https:\/\/quando.com.vn\/wp-content\/uploads\/2025\/06\/Litanda_bien-ap-15kVA-3-pha-220VAC-to-480-VAC-2048x923.jpg 2048w, https:\/\/quando.com.vn\/wp-content\/uploads\/2025\/06\/Litanda_bien-ap-15kVA-3-pha-220VAC-to-480-VAC-18x8.jpg 18w\" sizes=\"(max-width: 2560px) 100vw, 2560px\" \/><\/p>\n<div>\n<table>\n<thead>\n<tr>\n<th>Th\u00f4ng s\u1ed1 k\u1ef9 thu\u1eadt<\/th>\n<th>Gi\u00e1 tr\u1ecb<\/th>\n<\/tr>\n<\/thead>\n<tbody>\n<tr>\n<td>T\u00ean thi\u1ebft b\u1ecb<\/td>\n<td>Bi\u1ebfn \u00e1p c\u00e1ch ly 15KVA 3 pha<\/td>\n<\/tr>\n<tr>\n<td>C\u00f4ng su\u1ea5t<\/td>\n<td>15KVA<\/td>\n<\/tr>\n<tr>\n<td>Lo\u1ea1i<\/td>\n<td>C\u00e1ch ly kh\u00f4<\/td>\n<\/tr>\n<tr>\n<td>\u0110i\u1ec7n \u00e1p v\u00e0o<\/td>\n<td>220V \/ 3 pha 4 d\u00e2y (3F 4W)<\/td>\n<\/tr>\n<tr>\n<td>\u0110i\u1ec7n \u00e1p ra<\/td>\n<td>480V \/ 3 pha 4 d\u00e2y (3F 4W)<\/td>\n<\/tr>\n<tr>\n<td>T\u1ea7n s\u1ed1 ho\u1ea1t \u0111\u1ed9ng<\/td>\n<td>49Hz \u2013 62Hz<\/td>\n<\/tr>\n<tr>\n<td>Lo\u1ea1i d\u00e2y qu\u1ea5n<\/td>\n<td>100% d\u00e2y \u0111\u1ed3ng<\/td>\n<\/tr>\n<tr>\n<td>Hi\u1ec7u su\u1ea5t<\/td>\n<td>&gt;80%<\/td>\n<\/tr>\n<tr>\n<td>\u0110\u1ed9 \u1ed3n<\/td>\n<td>\u2264 40dB<\/td>\n<\/tr>\n<tr>\n<td>C\u1ea5p c\u00e1ch \u0111i\u1ec7n<\/td>\n<td>H\u1ea1ng F<\/td>\n<\/tr>\n<tr>\n<td>B\u1ea3o v\u1ec7 qu\u00e1 t\u1ea3i<\/td>\n<td>CB, MCB (\u0111\u1ea7u v\u00e0o &amp; \u0111\u1ea7u ra)<\/td>\n<\/tr>\n<tr>\n<td>\u0110i\u1ec7n tr\u1edf c\u00e1ch \u0111i\u1ec7n<\/td>\n<td>&gt;10M\u03a9 @ 2000VDC<\/td>\n<\/tr>\n<tr>\n<td>Hi\u1ec3n th\u1ecb &amp; k\u1ebft n\u1ed1i<\/td>\n<td>CB b\u1ea3o v\u1ec7, \u0111\u00e8n b\u00e1o, \u0111\u1ed3ng h\u1ed3 digital meter<\/td>\n<\/tr>\n<tr>\n<td>\u0110\u1ed9 b\u1ec1n \u0111i\u1ec7n<\/td>\n<td>Test 2000V trong 1 ph\u00fat kh\u00f4ng ph\u00f3ng \u0111i\u1ec7n<\/td>\n<\/tr>\n<tr>\n<td>Nhi\u1ec7t \u0111\u1ed9 m\u00f4i tr\u01b0\u1eddng<\/td>\n<td>-5\u00b0C \u0111\u1ebfn 60\u00b0C<\/td>\n<\/tr>\n<tr>\n<td>K\u00edch th\u01b0\u1edbc (kh\u00f4ng b\u00e1nh xe)<\/td>\n<td>46 x 32.5 x 43 cm<\/td>\n<\/tr>\n<tr>\n<td>K\u00edch th\u01b0\u1edbc (c\u00f3 b\u00e1nh xe)<\/td>\n<td>50.5 x 32.5 x 43 cm<\/td>\n<\/tr>\n<tr>\n<td>Tr\u1ecdng l\u01b0\u1ee3ng<\/td>\n<td>53Kg \u00b1 5%<\/td>\n<\/tr>\n<tr>\n<td>H\u00e3ng s\u1ea3n xu\u1ea5t<\/td>\n<td>Litanda Vi\u1ec7t Nam<\/td>\n<\/tr>\n<tr>\n<td>Xu\u1ea5t x\u1ee9<\/td>\n<td>Made in Vietnam<\/td>\n<\/tr>\n<\/tbody>\n<\/table>\n<\/div>","protected":false},"excerpt":{"rendered":"<p>Bi\u1ebfn \u00e1p c\u00e1ch ly 15KVA 3 pha:<br \/>\n&#8211; \u0110i\u1ec7n \u00e1p v\u00e0o 220V \/ 3 pha 4 d\u00e2y<br \/>\n&#8211; \u0110i\u1ec7n \u00e1p ra: 480V \/ 3 pha 4 d\u00e2y<br \/>\n&#8211; Hi\u1ec7u su\u1ea5t: &gt;80%<br \/>\n&#8211; \u0110i\u1ec7n tr\u1edf c\u00e1ch \u0111i\u1ec7n &gt;10M\u03a9 @ 2000VDC<\/p>","protected":false},"featured_media":7076,"template":"","meta":[],"product_cat":[416,474,490],"product_tag":[],"acf":[],"yoast_head":"<!-- This site is optimized with the Yoast SEO Premium plugin v18.4 (Yoast SEO v18.6) - https:\/\/yoast.com\/wordpress\/plugins\/seo\/ -->\n<title>Bi\u1ebfn \u00e1p c\u00e1ch ly 15KVA 3 pha 220 VAC to 480 VAC - QUANDO<\/title>\n<meta name=\"description\" content=\"Bi\u1ebfn \u00e1p c\u00e1ch ly 15KVA 3 pha 220 VAC to 480 VAC c\u00e1ch ly an to\u00e0n...\" \/>\n<meta name=\"robots\" content=\"index, follow, max-snippet:-1, max-image-preview:large, max-video-preview:-1\" \/>\n<link rel=\"canonical\" href=\"https:\/\/quando.com.vn\/en\/product\/bien-ap-cach-ly-3-pha-220vac-to-480vac-litanda\/\" \/>\n<meta property=\"og:locale\" content=\"en_US\" \/>\n<meta property=\"og:type\" content=\"article\" \/>\n<meta property=\"og:title\" content=\"Bi\u1ebfn \u00e1p c\u00e1ch ly 15KVA 3 pha 220 VAC to 480 VAC\" \/>\n<meta property=\"og:description\" content=\"Bi\u1ebfn \u00e1p c\u00e1ch ly 15KVA 3 pha 220 VAC to 480 VAC c\u00e1ch ly an to\u00e0n...\" \/>\n<meta property=\"og:url\" content=\"https:\/\/quando.com.vn\/en\/product\/bien-ap-cach-ly-3-pha-220vac-to-480vac-litanda\/\" \/>\n<meta property=\"og:site_name\" content=\"QUANDO\" \/>\n<meta property=\"article:modified_time\" content=\"2025-06-11T02:39:26+00:00\" \/>\n<meta property=\"og:image\" content=\"https:\/\/quando.com.vn\/wp-content\/uploads\/2025\/06\/Litanda_bien-ap-15kVA-3-pha-220VAC-to-480-VAC.jpg\" \/>\n\t<meta property=\"og:image:width\" content=\"2560\" \/>\n\t<meta property=\"og:image:height\" content=\"1154\" \/>\n\t<meta property=\"og:image:type\" content=\"image\/jpeg\" \/>\n<meta name=\"twitter:card\" content=\"summary_large_image\" \/>\n<meta name=\"twitter:label1\" content=\"Est. reading time\" \/>\n\t<meta name=\"twitter:data1\" content=\"2 minutes\" \/>\n<script type=\"application\/ld+json\" class=\"yoast-schema-graph\">{\"@context\":\"https:\/\/schema.org\",\"@graph\":[{\"@type\":\"WebSite\",\"@id\":\"https:\/\/quando.com.vn\/en\/#website\",\"url\":\"https:\/\/quando.com.vn\/en\/\",\"name\":\"QUANDO\",\"description\":\"\",\"potentialAction\":[{\"@type\":\"SearchAction\",\"target\":{\"@type\":\"EntryPoint\",\"urlTemplate\":\"https:\/\/quando.com.vn\/en\/?s={search_term_string}\"},\"query-input\":\"required name=search_term_string\"}],\"inLanguage\":\"en-US\"},{\"@type\":\"ImageObject\",\"@id\":\"https:\/\/quando.com.vn\/san-pham\/bien-ap-cach-ly-3-pha-220vac-to-480vac-litanda\/#primaryimage\",\"inLanguage\":\"en-US\",\"url\":\"https:\/\/quando.com.vn\/wp-content\/uploads\/2025\/06\/Litanda_bien-ap-15kVA-3-pha-220VAC-to-480-VAC.jpg\",\"contentUrl\":\"https:\/\/quando.com.vn\/wp-content\/uploads\/2025\/06\/Litanda_bien-ap-15kVA-3-pha-220VAC-to-480-VAC.jpg\",\"width\":2560,\"height\":1154,\"caption\":\"Litanda_bien ap 15kVA 3 pha 220VAC to 480 VAC\"},{\"@type\":\"WebPage\",\"@id\":\"https:\/\/quando.com.vn\/san-pham\/bien-ap-cach-ly-3-pha-220vac-to-480vac-litanda\/#webpage\",\"url\":\"https:\/\/quando.com.vn\/san-pham\/bien-ap-cach-ly-3-pha-220vac-to-480vac-litanda\/\",\"name\":\"Bi\u1ebfn \u00e1p c\u00e1ch ly 15KVA 3 pha 220 VAC to 480 VAC - QUANDO\",\"isPartOf\":{\"@id\":\"https:\/\/quando.com.vn\/en\/#website\"},\"primaryImageOfPage\":{\"@id\":\"https:\/\/quando.com.vn\/san-pham\/bien-ap-cach-ly-3-pha-220vac-to-480vac-litanda\/#primaryimage\"},\"datePublished\":\"2025-06-11T02:14:55+00:00\",\"dateModified\":\"2025-06-11T02:39:26+00:00\",\"description\":\"Bi\u1ebfn \u00e1p c\u00e1ch ly 15KVA 3 pha 220 VAC to 480 VAC c\u00e1ch ly an to\u00e0n...\",\"breadcrumb\":{\"@id\":\"https:\/\/quando.com.vn\/san-pham\/bien-ap-cach-ly-3-pha-220vac-to-480vac-litanda\/#breadcrumb\"},\"inLanguage\":\"en-US\",\"potentialAction\":[{\"@type\":\"ReadAction\",\"target\":[\"https:\/\/quando.com.vn\/san-pham\/bien-ap-cach-ly-3-pha-220vac-to-480vac-litanda\/\"]}]},{\"@type\":\"BreadcrumbList\",\"@id\":\"https:\/\/quando.com.vn\/san-pham\/bien-ap-cach-ly-3-pha-220vac-to-480vac-litanda\/#breadcrumb\",\"itemListElement\":[{\"@type\":\"ListItem\",\"position\":1,\"name\":\"Trang ch\u1ee7\",\"item\":\"https:\/\/quando.com.vn\/\"},{\"@type\":\"ListItem\",\"position\":2,\"name\":\"S\u1ea3n ph\u1ea9m\",\"item\":\"https:\/\/quando.com.vn\/san-pham\/\"},{\"@type\":\"ListItem\",\"position\":3,\"name\":\"Bi\u1ebfn \u00e1p c\u00e1ch ly 15KVA 3 pha 220 VAC to 480 VAC\"}]}]}<\/script>\n<!-- \/ Yoast SEO Premium plugin. -->","yoast_head_json":{"title":"Bi\u1ebfn \u00e1p c\u00e1ch ly 15KVA 3 pha 220 VAC to 480 VAC - QUANDO","description":"Bi\u1ebfn \u00e1p c\u00e1ch ly 15KVA 3 pha 220 VAC to 480 VAC c\u00e1ch ly an to\u00e0n...","robots":{"index":"index","follow":"follow","max-snippet":"max-snippet:-1","max-image-preview":"max-image-preview:large","max-video-preview":"max-video-preview:-1"},"canonical":"https:\/\/quando.com.vn\/en\/product\/bien-ap-cach-ly-3-pha-220vac-to-480vac-litanda\/","og_locale":"en_US","og_type":"article","og_title":"Bi\u1ebfn \u00e1p c\u00e1ch ly 15KVA 3 pha 220 VAC to 480 VAC","og_description":"Bi\u1ebfn \u00e1p c\u00e1ch ly 15KVA 3 pha 220 VAC to 480 VAC c\u00e1ch ly an to\u00e0n...","og_url":"https:\/\/quando.com.vn\/en\/product\/bien-ap-cach-ly-3-pha-220vac-to-480vac-litanda\/","og_site_name":"QUANDO","article_modified_time":"2025-06-11T02:39:26+00:00","og_image":[{"width":2560,"height":1154,"url":"https:\/\/quando.com.vn\/wp-content\/uploads\/2025\/06\/Litanda_bien-ap-15kVA-3-pha-220VAC-to-480-VAC.jpg","type":"image\/jpeg"}],"twitter_card":"summary_large_image","twitter_misc":{"Est. reading time":"2 minutes"},"schema":{"@context":"https:\/\/schema.org","@graph":[{"@type":"WebSite","@id":"https:\/\/quando.com.vn\/en\/#website","url":"https:\/\/quando.com.vn\/en\/","name":"QUANDO","description":"","potentialAction":[{"@type":"SearchAction","target":{"@type":"EntryPoint","urlTemplate":"https:\/\/quando.com.vn\/en\/?s={search_term_string}"},"query-input":"required name=search_term_string"}],"inLanguage":"en-US"},{"@type":"ImageObject","@id":"https:\/\/quando.com.vn\/san-pham\/bien-ap-cach-ly-3-pha-220vac-to-480vac-litanda\/#primaryimage","inLanguage":"en-US","url":"https:\/\/quando.com.vn\/wp-content\/uploads\/2025\/06\/Litanda_bien-ap-15kVA-3-pha-220VAC-to-480-VAC.jpg","contentUrl":"https:\/\/quando.com.vn\/wp-content\/uploads\/2025\/06\/Litanda_bien-ap-15kVA-3-pha-220VAC-to-480-VAC.jpg","width":2560,"height":1154,"caption":"Litanda_bien ap 15kVA 3 pha 220VAC to 480 VAC"},{"@type":"WebPage","@id":"https:\/\/quando.com.vn\/san-pham\/bien-ap-cach-ly-3-pha-220vac-to-480vac-litanda\/#webpage","url":"https:\/\/quando.com.vn\/san-pham\/bien-ap-cach-ly-3-pha-220vac-to-480vac-litanda\/","name":"Bi\u1ebfn \u00e1p c\u00e1ch ly 15KVA 3 pha 220 VAC to 480 VAC - QUANDO","isPartOf":{"@id":"https:\/\/quando.com.vn\/en\/#website"},"primaryImageOfPage":{"@id":"https:\/\/quando.com.vn\/san-pham\/bien-ap-cach-ly-3-pha-220vac-to-480vac-litanda\/#primaryimage"},"datePublished":"2025-06-11T02:14:55+00:00","dateModified":"2025-06-11T02:39:26+00:00","description":"Bi\u1ebfn \u00e1p c\u00e1ch ly 15KVA 3 pha 220 VAC to 480 VAC c\u00e1ch ly an to\u00e0n...","breadcrumb":{"@id":"https:\/\/quando.com.vn\/san-pham\/bien-ap-cach-ly-3-pha-220vac-to-480vac-litanda\/#breadcrumb"},"inLanguage":"en-US","potentialAction":[{"@type":"ReadAction","target":["https:\/\/quando.com.vn\/san-pham\/bien-ap-cach-ly-3-pha-220vac-to-480vac-litanda\/"]}]},{"@type":"BreadcrumbList","@id":"https:\/\/quando.com.vn\/san-pham\/bien-ap-cach-ly-3-pha-220vac-to-480vac-litanda\/#breadcrumb","itemListElement":[{"@type":"ListItem","position":1,"name":"Trang ch\u1ee7","item":"https:\/\/quando.com.vn\/"},{"@type":"ListItem","position":2,"name":"S\u1ea3n ph\u1ea9m","item":"https:\/\/quando.com.vn\/san-pham\/"},{"@type":"ListItem","position":3,"name":"Bi\u1ebfn \u00e1p c\u00e1ch ly 15KVA 3 pha 220 VAC to 480 VAC"}]}]}},"_links":{"self":[{"href":"https:\/\/quando.com.vn\/en\/wp-json\/wp\/v2\/product\/7073"}],"collection":[{"href":"https:\/\/quando.com.vn\/en\/wp-json\/wp\/v2\/product"}],"about":[{"href":"https:\/\/quando.com.vn\/en\/wp-json\/wp\/v2\/types\/product"}],"wp:featuredmedia":[{"embeddable":true,"href":"https:\/\/quando.com.vn\/en\/wp-json\/wp\/v2\/media\/7076"}],"wp:attachment":[{"href":"https:\/\/quando.com.vn\/en\/wp-json\/wp\/v2\/media?parent=7073"}],"wp:term":[{"taxonomy":"product_cat","embeddable":true,"href":"https:\/\/quando.com.vn\/en\/wp-json\/wp\/v2\/product_cat?post=7073"},{"taxonomy":"product_tag","embeddable":true,"href":"https:\/\/quando.com.vn\/en\/wp-json\/wp\/v2\/product_tag?post=7073"}],"curies":[{"name":"wp","href":"https:\/\/api.w.org\/{rel}","templated":true}]}}