{"id":7067,"date":"2025-06-11T08:42:49","date_gmt":"2025-06-11T01:42:49","guid":{"rendered":"https:\/\/quando.com.vn\/?post_type=product&#038;p=7067"},"modified":"2025-06-12T10:09:10","modified_gmt":"2025-06-12T03:09:10","slug":"dau-do-khi-ch4-bs03-cua-hanwei","status":"publish","type":"product","link":"https:\/\/quando.com.vn\/en\/product\/dau-do-khi-ch4-bs03-cua-hanwei\/","title":{"rendered":"\u0110\u1ea7u d\u00f2 kh\u00ed CH4 BS03 c\u1ee7a Hanwei"},"content":{"rendered":"<h3><strong>Gi\u1ea3i ph\u00e1p gi\u00e1m s\u00e1t kh\u00ed an to\u00e0n cho m\u00f4i tr\u01b0\u1eddng c\u00f4ng nghi\u1ec7p nguy hi\u1ec3m<\/strong><\/h3>\n<p>\u0110\u1ea7u d\u00f2 kh\u00ed CH4 BS03 c\u1ee7a <a href=\"https:\/\/www.hwgasdetector.com\/fixed-gas-detector\/bs03.html\">Hanwei\u00a0<\/a>l\u00e0 \u0111\u1ea7u d\u00f2 kh\u00ed c\u1ed1 \u0111\u1ecbnh ch\u1ed1ng ch\u00e1y n\u1ed5 do Hanwei Electronics s\u1ea3n xu\u1ea5t, chuy\u00ean d\u00f9ng \u0111\u1ec3 ph\u00e1t hi\u1ec7n kh\u00ed d\u1ec5 ch\u00e1y ho\u1eb7c \u0111\u1ed9c h\u1ea1i trong c\u00e1c m\u00f4i tr\u01b0\u1eddng c\u00f4ng nghi\u1ec7p kh\u1eafc nghi\u1ec7t. Thi\u1ebft b\u1ecb n\u1ed5i b\u1eadt v\u1edbi kh\u1ea3 n\u0103ng \u0111o ch\u00ednh x\u00e1c, c\u1ea5u tr\u00fac ch\u1eafc ch\u1eafn, v\u00e0 kh\u1ea3 n\u0103ng k\u1ebft n\u1ed1i linh ho\u1ea1t v\u1edbi c\u00e1c h\u1ec7 th\u1ed1ng \u0111i\u1ec1u khi\u1ec3n hi\u1ec7n \u0111\u1ea1i.<\/p>\n<p>H\u1ed7 tr\u1ee3 t\u00edn hi\u1ec7u \u0111\u1ea7u ra 4\u201320mA, RS485 (Modbus), relay b\u00e1o \u0111\u1ed9ng v\u00e0 t\u00f9y ch\u1ecdn kh\u00f4ng d\u00e2y. V\u1ecf h\u1ee3p kim nh\u00f4m ch\u1eafc ch\u1eafn, kh\u1ea3 n\u0103ng ch\u1ed1ng b\u1ee5i n\u01b0\u1edbc IP66, th\u00edch h\u1ee3p cho c\u00e1c ng\u00e0nh d\u1ea7u kh\u00ed, h\u00f3a ch\u1ea5t, \u0111i\u1ec7n l\u1ef1c v\u00e0 x\u1eed l\u00fd n\u01b0\u1edbc th\u1ea3i.<\/p>\n<p><img loading=\"lazy\" class=\"aligncenter wp-image-7068 size-full\" src=\"https:\/\/quando.com.vn\/wp-content\/uploads\/2025\/06\/Hanwei-BS03-img-product.jpg\" alt=\"\u0110\u1ea7u d\u00f2 kh\u00ed CH4 BS03 c\u1ee7a Hanwei\" width=\"431\" height=\"235\" srcset=\"https:\/\/quando.com.vn\/wp-content\/uploads\/2025\/06\/Hanwei-BS03-img-product.jpg 431w, https:\/\/quando.com.vn\/wp-content\/uploads\/2025\/06\/Hanwei-BS03-img-product-300x164.jpg 300w, https:\/\/quando.com.vn\/wp-content\/uploads\/2025\/06\/Hanwei-BS03-img-product-18x10.jpg 18w\" sizes=\"(max-width: 431px) 100vw, 431px\" \/><\/p>\n<div>\n<h3><strong>\u1ee8ng d\u1ee5ng ph\u1ed5 bi\u1ebfn<\/strong><\/h3>\n<p>&#8211; Nh\u00e0 m\u00e1y h\u00f3a ch\u1ea5t, l\u1ecdc d\u1ea7u<br \/>\n&#8211; Tr\u1ea1m x\u1eed l\u00fd kh\u00ed v\u00e0 n\u01b0\u1edbc th\u1ea3i<br \/>\n&#8211; Khu v\u1ef1c c\u00f3 nguy c\u01a1 ch\u00e1y n\u1ed5 cao<br \/>\n&#8211; Kho ch\u1ee9a gas, x\u0103ng d\u1ea7u<br \/>\n&#8211; Nh\u00e0 m\u00e1y s\u1ea3n xu\u1ea5t s\u01a1n, th\u1ef1c ph\u1ea9m, pin, v\u1eadt li\u1ec7u \u0111i\u1ec7n t\u1eed<\/p>\n<p>&nbsp;<\/p>\n<\/div>","protected":false},"excerpt":{"rendered":"<p>&#8211; Ch\u1ee9ng nh\u1eadn ph\u00f2ng n\u1ed5 ATEX<br \/>\n&#8211; M\u1ee9c b\u1ea3o v\u1ec7: IP65<br \/>\n&#8211; T\u00edn hi\u1ec7u ng\u00f5 ra: 4\u201320mA ho\u1eb7c RS485<br \/>\n&#8211; Hai ng\u00f5 ra r\u01a1-le (ch\u1ec9 d\u00e0nh cho phi\u00ean b\u1ea3n 4\u201320mA)<\/p>","protected":false},"featured_media":7068,"template":"","meta":[],"product_cat":[416,444,418,419],"product_tag":[],"acf":[],"yoast_head":"<!-- This site is optimized with the Yoast SEO Premium plugin v18.4 (Yoast SEO v18.6) - https:\/\/yoast.com\/wordpress\/plugins\/seo\/ -->\n<title>\u0110\u1ea7u d\u00f2 kh\u00ed CH4 BS03 c\u1ee7a Hanwei - QUANDO<\/title>\n<meta name=\"robots\" content=\"index, follow, max-snippet:-1, max-image-preview:large, max-video-preview:-1\" \/>\n<link rel=\"canonical\" href=\"https:\/\/quando.com.vn\/en\/product\/dau-do-khi-ch4-bs03-cua-hanwei\/\" \/>\n<meta property=\"og:locale\" content=\"en_US\" \/>\n<meta property=\"og:type\" content=\"article\" \/>\n<meta property=\"og:title\" content=\"\u0110\u1ea7u d\u00f2 kh\u00ed CH4 BS03 c\u1ee7a Hanwei\" \/>\n<meta property=\"og:description\" content=\"- Ch\u1ee9ng nh\u1eadn ph\u00f2ng n\u1ed5 ATEX - M\u1ee9c b\u1ea3o v\u1ec7: IP65 - T\u00edn hi\u1ec7u ng\u00f5 ra: 4\u201320mA ho\u1eb7c RS485 - Hai ng\u00f5 ra r\u01a1-le (ch\u1ec9 d\u00e0nh cho phi\u00ean b\u1ea3n 4\u201320mA)\" \/>\n<meta property=\"og:url\" content=\"https:\/\/quando.com.vn\/en\/product\/dau-do-khi-ch4-bs03-cua-hanwei\/\" \/>\n<meta property=\"og:site_name\" content=\"QUANDO\" \/>\n<meta property=\"article:modified_time\" content=\"2025-06-12T03:09:10+00:00\" \/>\n<meta property=\"og:image\" content=\"https:\/\/quando.com.vn\/wp-content\/uploads\/2025\/06\/Hanwei-BS03-img-product.jpg\" \/>\n\t<meta property=\"og:image:width\" content=\"431\" \/>\n\t<meta property=\"og:image:height\" content=\"235\" \/>\n\t<meta property=\"og:image:type\" content=\"image\/jpeg\" \/>\n<meta name=\"twitter:card\" content=\"summary_large_image\" \/>\n<meta name=\"twitter:label1\" content=\"Est. reading time\" \/>\n\t<meta name=\"twitter:data1\" content=\"1 minute\" \/>\n<script type=\"application\/ld+json\" class=\"yoast-schema-graph\">{\"@context\":\"https:\/\/schema.org\",\"@graph\":[{\"@type\":\"WebSite\",\"@id\":\"https:\/\/quando.com.vn\/en\/#website\",\"url\":\"https:\/\/quando.com.vn\/en\/\",\"name\":\"QUANDO\",\"description\":\"\",\"potentialAction\":[{\"@type\":\"SearchAction\",\"target\":{\"@type\":\"EntryPoint\",\"urlTemplate\":\"https:\/\/quando.com.vn\/en\/?s={search_term_string}\"},\"query-input\":\"required name=search_term_string\"}],\"inLanguage\":\"en-US\"},{\"@type\":\"ImageObject\",\"@id\":\"https:\/\/quando.com.vn\/en\/product\/dau-do-khi-ch4-bs03-cua-hanwei\/#primaryimage\",\"inLanguage\":\"en-US\",\"url\":\"https:\/\/quando.com.vn\/wp-content\/uploads\/2025\/06\/Hanwei-BS03-img-product.jpg\",\"contentUrl\":\"https:\/\/quando.com.vn\/wp-content\/uploads\/2025\/06\/Hanwei-BS03-img-product.jpg\",\"width\":431,\"height\":235,\"caption\":\"\u0110\u1ea7u d\u00f2 kh\u00ed CH4 BS03 c\u1ee7a Hanwei\"},{\"@type\":\"WebPage\",\"@id\":\"https:\/\/quando.com.vn\/en\/product\/dau-do-khi-ch4-bs03-cua-hanwei\/#webpage\",\"url\":\"https:\/\/quando.com.vn\/en\/product\/dau-do-khi-ch4-bs03-cua-hanwei\/\",\"name\":\"\u0110\u1ea7u d\u00f2 kh\u00ed CH4 BS03 c\u1ee7a Hanwei - QUANDO\",\"isPartOf\":{\"@id\":\"https:\/\/quando.com.vn\/en\/#website\"},\"primaryImageOfPage\":{\"@id\":\"https:\/\/quando.com.vn\/en\/product\/dau-do-khi-ch4-bs03-cua-hanwei\/#primaryimage\"},\"datePublished\":\"2025-06-11T01:42:49+00:00\",\"dateModified\":\"2025-06-12T03:09:10+00:00\",\"breadcrumb\":{\"@id\":\"https:\/\/quando.com.vn\/en\/product\/dau-do-khi-ch4-bs03-cua-hanwei\/#breadcrumb\"},\"inLanguage\":\"en-US\",\"potentialAction\":[{\"@type\":\"ReadAction\",\"target\":[\"https:\/\/quando.com.vn\/en\/product\/dau-do-khi-ch4-bs03-cua-hanwei\/\"]}]},{\"@type\":\"BreadcrumbList\",\"@id\":\"https:\/\/quando.com.vn\/en\/product\/dau-do-khi-ch4-bs03-cua-hanwei\/#breadcrumb\",\"itemListElement\":[{\"@type\":\"ListItem\",\"position\":1,\"name\":\"Trang ch\u1ee7\",\"item\":\"https:\/\/quando.com.vn\/\"},{\"@type\":\"ListItem\",\"position\":2,\"name\":\"S\u1ea3n ph\u1ea9m\",\"item\":\"https:\/\/quando.com.vn\/san-pham\/\"},{\"@type\":\"ListItem\",\"position\":3,\"name\":\"\u0110\u1ea7u d\u00f2 kh\u00ed CH4 BS03 c\u1ee7a Hanwei\"}]}]}<\/script>\n<!-- \/ Yoast SEO Premium plugin. -->","yoast_head_json":{"title":"\u0110\u1ea7u d\u00f2 kh\u00ed CH4 BS03 c\u1ee7a Hanwei - QUANDO","robots":{"index":"index","follow":"follow","max-snippet":"max-snippet:-1","max-image-preview":"max-image-preview:large","max-video-preview":"max-video-preview:-1"},"canonical":"https:\/\/quando.com.vn\/en\/product\/dau-do-khi-ch4-bs03-cua-hanwei\/","og_locale":"en_US","og_type":"article","og_title":"\u0110\u1ea7u d\u00f2 kh\u00ed CH4 BS03 c\u1ee7a Hanwei","og_description":"- Ch\u1ee9ng nh\u1eadn ph\u00f2ng n\u1ed5 ATEX - M\u1ee9c b\u1ea3o v\u1ec7: IP65 - T\u00edn hi\u1ec7u ng\u00f5 ra: 4\u201320mA ho\u1eb7c RS485 - Hai ng\u00f5 ra r\u01a1-le (ch\u1ec9 d\u00e0nh cho phi\u00ean b\u1ea3n 4\u201320mA)","og_url":"https:\/\/quando.com.vn\/en\/product\/dau-do-khi-ch4-bs03-cua-hanwei\/","og_site_name":"QUANDO","article_modified_time":"2025-06-12T03:09:10+00:00","og_image":[{"width":431,"height":235,"url":"https:\/\/quando.com.vn\/wp-content\/uploads\/2025\/06\/Hanwei-BS03-img-product.jpg","type":"image\/jpeg"}],"twitter_card":"summary_large_image","twitter_misc":{"Est. reading time":"1 minute"},"schema":{"@context":"https:\/\/schema.org","@graph":[{"@type":"WebSite","@id":"https:\/\/quando.com.vn\/en\/#website","url":"https:\/\/quando.com.vn\/en\/","name":"QUANDO","description":"","potentialAction":[{"@type":"SearchAction","target":{"@type":"EntryPoint","urlTemplate":"https:\/\/quando.com.vn\/en\/?s={search_term_string}"},"query-input":"required name=search_term_string"}],"inLanguage":"en-US"},{"@type":"ImageObject","@id":"https:\/\/quando.com.vn\/en\/product\/dau-do-khi-ch4-bs03-cua-hanwei\/#primaryimage","inLanguage":"en-US","url":"https:\/\/quando.com.vn\/wp-content\/uploads\/2025\/06\/Hanwei-BS03-img-product.jpg","contentUrl":"https:\/\/quando.com.vn\/wp-content\/uploads\/2025\/06\/Hanwei-BS03-img-product.jpg","width":431,"height":235,"caption":"\u0110\u1ea7u d\u00f2 kh\u00ed CH4 BS03 c\u1ee7a Hanwei"},{"@type":"WebPage","@id":"https:\/\/quando.com.vn\/en\/product\/dau-do-khi-ch4-bs03-cua-hanwei\/#webpage","url":"https:\/\/quando.com.vn\/en\/product\/dau-do-khi-ch4-bs03-cua-hanwei\/","name":"\u0110\u1ea7u d\u00f2 kh\u00ed CH4 BS03 c\u1ee7a Hanwei - QUANDO","isPartOf":{"@id":"https:\/\/quando.com.vn\/en\/#website"},"primaryImageOfPage":{"@id":"https:\/\/quando.com.vn\/en\/product\/dau-do-khi-ch4-bs03-cua-hanwei\/#primaryimage"},"datePublished":"2025-06-11T01:42:49+00:00","dateModified":"2025-06-12T03:09:10+00:00","breadcrumb":{"@id":"https:\/\/quando.com.vn\/en\/product\/dau-do-khi-ch4-bs03-cua-hanwei\/#breadcrumb"},"inLanguage":"en-US","potentialAction":[{"@type":"ReadAction","target":["https:\/\/quando.com.vn\/en\/product\/dau-do-khi-ch4-bs03-cua-hanwei\/"]}]},{"@type":"BreadcrumbList","@id":"https:\/\/quando.com.vn\/en\/product\/dau-do-khi-ch4-bs03-cua-hanwei\/#breadcrumb","itemListElement":[{"@type":"ListItem","position":1,"name":"Trang ch\u1ee7","item":"https:\/\/quando.com.vn\/"},{"@type":"ListItem","position":2,"name":"S\u1ea3n ph\u1ea9m","item":"https:\/\/quando.com.vn\/san-pham\/"},{"@type":"ListItem","position":3,"name":"\u0110\u1ea7u d\u00f2 kh\u00ed CH4 BS03 c\u1ee7a Hanwei"}]}]}},"_links":{"self":[{"href":"https:\/\/quando.com.vn\/en\/wp-json\/wp\/v2\/product\/7067"}],"collection":[{"href":"https:\/\/quando.com.vn\/en\/wp-json\/wp\/v2\/product"}],"about":[{"href":"https:\/\/quando.com.vn\/en\/wp-json\/wp\/v2\/types\/product"}],"wp:featuredmedia":[{"embeddable":true,"href":"https:\/\/quando.com.vn\/en\/wp-json\/wp\/v2\/media\/7068"}],"wp:attachment":[{"href":"https:\/\/quando.com.vn\/en\/wp-json\/wp\/v2\/media?parent=7067"}],"wp:term":[{"taxonomy":"product_cat","embeddable":true,"href":"https:\/\/quando.com.vn\/en\/wp-json\/wp\/v2\/product_cat?post=7067"},{"taxonomy":"product_tag","embeddable":true,"href":"https:\/\/quando.com.vn\/en\/wp-json\/wp\/v2\/product_tag?post=7067"}],"curies":[{"name":"wp","href":"https:\/\/api.w.org\/{rel}","templated":true}]}}