{"id":7064,"date":"2025-06-10T10:45:01","date_gmt":"2025-06-10T03:45:01","guid":{"rendered":"https:\/\/quando.com.vn\/?post_type=product&#038;p=7064"},"modified":"2025-06-10T23:39:19","modified_gmt":"2025-06-10T16:39:19","slug":"dau-do-khi-h2s-gtq-wd2200-cua-hanwei","status":"publish","type":"product","link":"https:\/\/quando.com.vn\/en\/product\/dau-do-khi-h2s-gtq-wd2200-cua-hanwei\/","title":{"rendered":"\u0110\u1ea7u d\u00f2 kh\u00ed H2S GTQ-WD2200 c\u1ee7a Hanwei"},"content":{"rendered":"<h3><strong><span style=\"font-size: 100%;\">Ph\u00e1t hi\u1ec7n kh\u00ed ch\u00ednh x\u00e1c, an to\u00e0n t\u1ed1i \u0111a cho nh\u00e0 m\u00e1y c\u1ee7a<\/span><\/strong> b\u1ea1n!<\/h3>\n<p>\u0110\u1ea7u d\u00f2 kh\u00ed H2S GTQ-WD2200 c\u1ee7a <a href=\"https:\/\/hwsensor.com\/industrial-gas-detection\/fixed-gas-detectors\/gtq-wd2200.html\">Hanwei<\/a> l\u00e0 \u0111\u1ea7u d\u00f2 kh\u00ed c\u1ed1 \u0111\u1ecbnh d\u00f9ng trong c\u00f4ng nghi\u1ec7p, t\u00edch h\u1ee3p c\u1ea3m bi\u1ebfn hi\u1ec7u su\u1ea5t cao v\u00e0 c\u00f4ng ngh\u1ec7 MCU hi\u1ec7n \u0111\u1ea1i.<\/p>\n<p>Thi\u1ebft b\u1ecb c\u00f3 \u0111\u1ed9 ch\u00ednh x\u00e1c cao, hi\u1ec7u su\u1ea5t \u1ed5n \u0111\u1ecbnh, tu\u1ed5i th\u1ecd d\u00e0i.<br \/>\nH\u1ed7 tr\u1ee3 ng\u00f5 ra analog 4\u201320mA, RS485-RTU, HART, 3 r\u01a1-le b\u00e1o \u0111\u1ed9ng.<br \/>\n\u0110i\u1ec1u khi\u1ec3n kh\u00f4ng ti\u1ebfp x\u00fac b\u1eb1ng nam ch\u00e2m\/IR, module c\u1ea3m bi\u1ebfn th\u00f4ng minh kh\u00f4ng c\u1ea7n hi\u1ec7u chu\u1ea9n v\u00e0 k\u1ebft n\u1ed1i Bluetooth.<\/p>\n<p><img loading=\"lazy\" class=\"aligncenter wp-image-7066 size-full\" src=\"https:\/\/quando.com.vn\/wp-content\/uploads\/2025\/06\/Hanwei-GTQ-WD2200-img-product.png\" alt=\"\u0110\u1ea7u d\u00f2 kh\u00ed H2S GTQ-WD220 Hanwei\" width=\"600\" height=\"400\" srcset=\"https:\/\/quando.com.vn\/wp-content\/uploads\/2025\/06\/Hanwei-GTQ-WD2200-img-product.png 600w, https:\/\/quando.com.vn\/wp-content\/uploads\/2025\/06\/Hanwei-GTQ-WD2200-img-product-300x200.png 300w, https:\/\/quando.com.vn\/wp-content\/uploads\/2025\/06\/Hanwei-GTQ-WD2200-img-product-18x12.png 18w\" sizes=\"(max-width: 600px) 100vw, 600px\" \/><\/p>\n<p>\u1ee8ng d\u1ee5ng r\u1ed9ng r\u00e3i trong d\u1ea7u kh\u00ed, h\u00f3a ch\u1ea5t, luy\u1ec7n kim, \u0111i\u1ec7n l\u1ef1c, kh\u00ed \u0111\u1ed1t, nh\u00e0 h\u00e0ng v\u00e0 nu\u00f4i tr\u1ed3ng th\u1ee7y s\u1ea3n.<\/p>\n<p>&nbsp;<\/p>","protected":false},"excerpt":{"rendered":"<p>&#8211; Kh\u00ed d\u1ec5 ch\u00e1y, kh\u00ed \u0111\u1ed9c: CH\u2084, CO, H\u2082S, NH\u2083, &#8230;<br \/>\n&#8211; Th\u1eddi gian \u0111\u00e1p \u1ee9ng: LEL: T90 \u2264 15s \u00a0\u00a0|\u00a0\u00a0 Kh\u00ed \u0111\u1ed9c: T90 \u2264 30s<br \/>\n&#8211; Ng\u00f5 ra \u0111i\u1ec7n: 4\u201320mA, HART, RS485-RTU<br \/>\n&#8211; Ng\u00f5 ra r\u01a1-le: 3 r\u01a1 le<br \/>\n&#8211; Ngu\u1ed3n \u0111i\u1ec7n: DC24V\u00b16V, \u22643.0W<\/p>","protected":false},"featured_media":7066,"template":"","meta":[],"product_cat":[416,444,418,489],"product_tag":[],"acf":[],"yoast_head":"<!-- This site is optimized with the Yoast SEO Premium plugin v18.4 (Yoast SEO v18.6) - https:\/\/yoast.com\/wordpress\/plugins\/seo\/ -->\n<title>\u0110\u1ea7u d\u00f2 kh\u00ed H2S GTQ-WD2200 c\u1ee7a Hanwei - QUANDO<\/title>\n<meta name=\"description\" content=\"\u0110\u1ea7u d\u00f2 kh\u00ed H2S GTQ-WD2200 c\u1ee7a Hanwei l\u00e0 \u0111\u1ea7u d\u00f2 kh\u00ed c\u1ed1 \u0111\u1ecbnh d\u00f9ng trong c\u00f4ng nghi\u1ec7p, Ph\u00e1t hi\u1ec7n c\u00e1c lo\u1ea1i kh\u00ed: CH\u2084, CO, H\u2082S, O\u2082, NH\u2083, SO\u2082, Cl\u2082, v\u00e0 c\u00e1c kh\u00ed t\u00f9y ch\u1ecdn kh\u00e1c\" \/>\n<meta name=\"robots\" content=\"index, follow, max-snippet:-1, max-image-preview:large, max-video-preview:-1\" \/>\n<link rel=\"canonical\" href=\"https:\/\/quando.com.vn\/en\/product\/dau-do-khi-h2s-gtq-wd2200-cua-hanwei\/\" \/>\n<meta property=\"og:locale\" content=\"en_US\" \/>\n<meta property=\"og:type\" content=\"article\" \/>\n<meta property=\"og:title\" content=\"\u0110\u1ea7u d\u00f2 kh\u00ed H2S GTQ-WD2200 c\u1ee7a Hanwei\" \/>\n<meta property=\"og:description\" content=\"\u0110\u1ea7u d\u00f2 kh\u00ed H2S GTQ-WD2200 c\u1ee7a Hanwei l\u00e0 \u0111\u1ea7u d\u00f2 kh\u00ed c\u1ed1 \u0111\u1ecbnh d\u00f9ng trong c\u00f4ng nghi\u1ec7p, Ph\u00e1t hi\u1ec7n c\u00e1c lo\u1ea1i kh\u00ed: CH\u2084, CO, H\u2082S, O\u2082, NH\u2083, SO\u2082, Cl\u2082, v\u00e0 c\u00e1c kh\u00ed t\u00f9y ch\u1ecdn kh\u00e1c\" \/>\n<meta property=\"og:url\" content=\"https:\/\/quando.com.vn\/en\/product\/dau-do-khi-h2s-gtq-wd2200-cua-hanwei\/\" \/>\n<meta property=\"og:site_name\" content=\"QUANDO\" \/>\n<meta property=\"article:modified_time\" content=\"2025-06-10T16:39:19+00:00\" \/>\n<meta property=\"og:image\" content=\"https:\/\/quando.com.vn\/wp-content\/uploads\/2025\/06\/Hanwei-GTQ-WD2200-img-product.png\" \/>\n\t<meta property=\"og:image:width\" content=\"600\" \/>\n\t<meta property=\"og:image:height\" content=\"400\" \/>\n\t<meta property=\"og:image:type\" content=\"image\/png\" \/>\n<meta name=\"twitter:card\" content=\"summary_large_image\" \/>\n<meta name=\"twitter:label1\" content=\"Est. reading time\" \/>\n\t<meta name=\"twitter:data1\" content=\"1 minute\" \/>\n<script type=\"application\/ld+json\" class=\"yoast-schema-graph\">{\"@context\":\"https:\/\/schema.org\",\"@graph\":[{\"@type\":\"WebSite\",\"@id\":\"https:\/\/quando.com.vn\/en\/#website\",\"url\":\"https:\/\/quando.com.vn\/en\/\",\"name\":\"QUANDO\",\"description\":\"\",\"potentialAction\":[{\"@type\":\"SearchAction\",\"target\":{\"@type\":\"EntryPoint\",\"urlTemplate\":\"https:\/\/quando.com.vn\/en\/?s={search_term_string}\"},\"query-input\":\"required name=search_term_string\"}],\"inLanguage\":\"en-US\"},{\"@type\":\"ImageObject\",\"@id\":\"https:\/\/quando.com.vn\/san-pham\/dau-do-khi-h2s-gtq-wd2200-cua-hanwei\/#primaryimage\",\"inLanguage\":\"en-US\",\"url\":\"https:\/\/quando.com.vn\/wp-content\/uploads\/2025\/06\/Hanwei-GTQ-WD2200-img-product.png\",\"contentUrl\":\"https:\/\/quando.com.vn\/wp-content\/uploads\/2025\/06\/Hanwei-GTQ-WD2200-img-product.png\",\"width\":600,\"height\":400,\"caption\":\"\u0110\u1ea7u d\u00f2 kh\u00ed H2S GTQ-WD220 Hanwei\"},{\"@type\":\"WebPage\",\"@id\":\"https:\/\/quando.com.vn\/san-pham\/dau-do-khi-h2s-gtq-wd2200-cua-hanwei\/#webpage\",\"url\":\"https:\/\/quando.com.vn\/san-pham\/dau-do-khi-h2s-gtq-wd2200-cua-hanwei\/\",\"name\":\"\u0110\u1ea7u d\u00f2 kh\u00ed H2S GTQ-WD2200 c\u1ee7a Hanwei - QUANDO\",\"isPartOf\":{\"@id\":\"https:\/\/quando.com.vn\/en\/#website\"},\"primaryImageOfPage\":{\"@id\":\"https:\/\/quando.com.vn\/san-pham\/dau-do-khi-h2s-gtq-wd2200-cua-hanwei\/#primaryimage\"},\"datePublished\":\"2025-06-10T03:45:01+00:00\",\"dateModified\":\"2025-06-10T16:39:19+00:00\",\"description\":\"\u0110\u1ea7u d\u00f2 kh\u00ed H2S GTQ-WD2200 c\u1ee7a Hanwei l\u00e0 \u0111\u1ea7u d\u00f2 kh\u00ed c\u1ed1 \u0111\u1ecbnh d\u00f9ng trong c\u00f4ng nghi\u1ec7p, Ph\u00e1t hi\u1ec7n c\u00e1c lo\u1ea1i kh\u00ed: CH\u2084, CO, H\u2082S, O\u2082, NH\u2083, SO\u2082, Cl\u2082, v\u00e0 c\u00e1c kh\u00ed t\u00f9y ch\u1ecdn kh\u00e1c\",\"breadcrumb\":{\"@id\":\"https:\/\/quando.com.vn\/san-pham\/dau-do-khi-h2s-gtq-wd2200-cua-hanwei\/#breadcrumb\"},\"inLanguage\":\"en-US\",\"potentialAction\":[{\"@type\":\"ReadAction\",\"target\":[\"https:\/\/quando.com.vn\/san-pham\/dau-do-khi-h2s-gtq-wd2200-cua-hanwei\/\"]}]},{\"@type\":\"BreadcrumbList\",\"@id\":\"https:\/\/quando.com.vn\/san-pham\/dau-do-khi-h2s-gtq-wd2200-cua-hanwei\/#breadcrumb\",\"itemListElement\":[{\"@type\":\"ListItem\",\"position\":1,\"name\":\"Trang ch\u1ee7\",\"item\":\"https:\/\/quando.com.vn\/\"},{\"@type\":\"ListItem\",\"position\":2,\"name\":\"S\u1ea3n ph\u1ea9m\",\"item\":\"https:\/\/quando.com.vn\/san-pham\/\"},{\"@type\":\"ListItem\",\"position\":3,\"name\":\"\u0110\u1ea7u d\u00f2 kh\u00ed H2S GTQ-WD2200 c\u1ee7a Hanwei\"}]}]}<\/script>\n<!-- \/ Yoast SEO Premium plugin. -->","yoast_head_json":{"title":"\u0110\u1ea7u d\u00f2 kh\u00ed H2S GTQ-WD2200 c\u1ee7a Hanwei - QUANDO","description":"\u0110\u1ea7u d\u00f2 kh\u00ed H2S GTQ-WD2200 c\u1ee7a Hanwei l\u00e0 \u0111\u1ea7u d\u00f2 kh\u00ed c\u1ed1 \u0111\u1ecbnh d\u00f9ng trong c\u00f4ng nghi\u1ec7p, Ph\u00e1t hi\u1ec7n c\u00e1c lo\u1ea1i kh\u00ed: CH\u2084, CO, H\u2082S, O\u2082, NH\u2083, SO\u2082, Cl\u2082, v\u00e0 c\u00e1c kh\u00ed t\u00f9y ch\u1ecdn kh\u00e1c","robots":{"index":"index","follow":"follow","max-snippet":"max-snippet:-1","max-image-preview":"max-image-preview:large","max-video-preview":"max-video-preview:-1"},"canonical":"https:\/\/quando.com.vn\/en\/product\/dau-do-khi-h2s-gtq-wd2200-cua-hanwei\/","og_locale":"en_US","og_type":"article","og_title":"\u0110\u1ea7u d\u00f2 kh\u00ed H2S GTQ-WD2200 c\u1ee7a Hanwei","og_description":"\u0110\u1ea7u d\u00f2 kh\u00ed H2S GTQ-WD2200 c\u1ee7a Hanwei l\u00e0 \u0111\u1ea7u d\u00f2 kh\u00ed c\u1ed1 \u0111\u1ecbnh d\u00f9ng trong c\u00f4ng nghi\u1ec7p, Ph\u00e1t hi\u1ec7n c\u00e1c lo\u1ea1i kh\u00ed: CH\u2084, CO, H\u2082S, O\u2082, NH\u2083, SO\u2082, Cl\u2082, v\u00e0 c\u00e1c kh\u00ed t\u00f9y ch\u1ecdn kh\u00e1c","og_url":"https:\/\/quando.com.vn\/en\/product\/dau-do-khi-h2s-gtq-wd2200-cua-hanwei\/","og_site_name":"QUANDO","article_modified_time":"2025-06-10T16:39:19+00:00","og_image":[{"width":600,"height":400,"url":"https:\/\/quando.com.vn\/wp-content\/uploads\/2025\/06\/Hanwei-GTQ-WD2200-img-product.png","type":"image\/png"}],"twitter_card":"summary_large_image","twitter_misc":{"Est. reading time":"1 minute"},"schema":{"@context":"https:\/\/schema.org","@graph":[{"@type":"WebSite","@id":"https:\/\/quando.com.vn\/en\/#website","url":"https:\/\/quando.com.vn\/en\/","name":"QUANDO","description":"","potentialAction":[{"@type":"SearchAction","target":{"@type":"EntryPoint","urlTemplate":"https:\/\/quando.com.vn\/en\/?s={search_term_string}"},"query-input":"required name=search_term_string"}],"inLanguage":"en-US"},{"@type":"ImageObject","@id":"https:\/\/quando.com.vn\/san-pham\/dau-do-khi-h2s-gtq-wd2200-cua-hanwei\/#primaryimage","inLanguage":"en-US","url":"https:\/\/quando.com.vn\/wp-content\/uploads\/2025\/06\/Hanwei-GTQ-WD2200-img-product.png","contentUrl":"https:\/\/quando.com.vn\/wp-content\/uploads\/2025\/06\/Hanwei-GTQ-WD2200-img-product.png","width":600,"height":400,"caption":"\u0110\u1ea7u d\u00f2 kh\u00ed H2S GTQ-WD220 Hanwei"},{"@type":"WebPage","@id":"https:\/\/quando.com.vn\/san-pham\/dau-do-khi-h2s-gtq-wd2200-cua-hanwei\/#webpage","url":"https:\/\/quando.com.vn\/san-pham\/dau-do-khi-h2s-gtq-wd2200-cua-hanwei\/","name":"\u0110\u1ea7u d\u00f2 kh\u00ed H2S GTQ-WD2200 c\u1ee7a Hanwei - QUANDO","isPartOf":{"@id":"https:\/\/quando.com.vn\/en\/#website"},"primaryImageOfPage":{"@id":"https:\/\/quando.com.vn\/san-pham\/dau-do-khi-h2s-gtq-wd2200-cua-hanwei\/#primaryimage"},"datePublished":"2025-06-10T03:45:01+00:00","dateModified":"2025-06-10T16:39:19+00:00","description":"\u0110\u1ea7u d\u00f2 kh\u00ed H2S GTQ-WD2200 c\u1ee7a Hanwei l\u00e0 \u0111\u1ea7u d\u00f2 kh\u00ed c\u1ed1 \u0111\u1ecbnh d\u00f9ng trong c\u00f4ng nghi\u1ec7p, Ph\u00e1t hi\u1ec7n c\u00e1c lo\u1ea1i kh\u00ed: CH\u2084, CO, H\u2082S, O\u2082, NH\u2083, SO\u2082, Cl\u2082, v\u00e0 c\u00e1c kh\u00ed t\u00f9y ch\u1ecdn kh\u00e1c","breadcrumb":{"@id":"https:\/\/quando.com.vn\/san-pham\/dau-do-khi-h2s-gtq-wd2200-cua-hanwei\/#breadcrumb"},"inLanguage":"en-US","potentialAction":[{"@type":"ReadAction","target":["https:\/\/quando.com.vn\/san-pham\/dau-do-khi-h2s-gtq-wd2200-cua-hanwei\/"]}]},{"@type":"BreadcrumbList","@id":"https:\/\/quando.com.vn\/san-pham\/dau-do-khi-h2s-gtq-wd2200-cua-hanwei\/#breadcrumb","itemListElement":[{"@type":"ListItem","position":1,"name":"Trang ch\u1ee7","item":"https:\/\/quando.com.vn\/"},{"@type":"ListItem","position":2,"name":"S\u1ea3n ph\u1ea9m","item":"https:\/\/quando.com.vn\/san-pham\/"},{"@type":"ListItem","position":3,"name":"\u0110\u1ea7u d\u00f2 kh\u00ed H2S GTQ-WD2200 c\u1ee7a Hanwei"}]}]}},"_links":{"self":[{"href":"https:\/\/quando.com.vn\/en\/wp-json\/wp\/v2\/product\/7064"}],"collection":[{"href":"https:\/\/quando.com.vn\/en\/wp-json\/wp\/v2\/product"}],"about":[{"href":"https:\/\/quando.com.vn\/en\/wp-json\/wp\/v2\/types\/product"}],"wp:featuredmedia":[{"embeddable":true,"href":"https:\/\/quando.com.vn\/en\/wp-json\/wp\/v2\/media\/7066"}],"wp:attachment":[{"href":"https:\/\/quando.com.vn\/en\/wp-json\/wp\/v2\/media?parent=7064"}],"wp:term":[{"taxonomy":"product_cat","embeddable":true,"href":"https:\/\/quando.com.vn\/en\/wp-json\/wp\/v2\/product_cat?post=7064"},{"taxonomy":"product_tag","embeddable":true,"href":"https:\/\/quando.com.vn\/en\/wp-json\/wp\/v2\/product_tag?post=7064"}],"curies":[{"name":"wp","href":"https:\/\/api.w.org\/{rel}","templated":true}]}}