{"id":7050,"date":"2025-06-05T13:44:58","date_gmt":"2025-06-05T06:44:58","guid":{"rendered":"https:\/\/quando.com.vn\/?post_type=product&#038;p=7050"},"modified":"2025-06-10T16:18:54","modified_gmt":"2025-06-10T09:18:54","slug":"se509-dong-ho-do-luu-luong-nhiet-luong-sieu-am","status":"publish","type":"product","link":"https:\/\/quando.com.vn\/en\/product\/se509-dong-ho-do-luu-luong-nhiet-luong-sieu-am\/","title":{"rendered":"SE509 \u2013 \u0110\u1ed3ng h\u1ed3 \u0111o l\u01b0u l\u01b0\u1ee3ng v\u00e0 nhi\u1ec7t l\u01b0\u1ee3ng si\u00eau \u00e2m"},"content":{"rendered":"<h1><span style=\"font-size: 75%;\">SE509 \u2013 \u0110\u1ed3ng h\u1ed3 \u0111o l\u01b0u l\u01b0\u1ee3ng v\u00e0 nhi\u1ec7t l\u01b0\u1ee3ng si\u00eau \u00e2m ki\u1ec3u r\u1eddi, d\u1ec5 l\u1eafp \u0111\u1eb7t<\/span><\/h1>\n<p>SE509 l\u00e0 thi\u1ebft b\u1ecb \u0111o nhi\u1ec7t l\u01b0\u1ee3ng si\u00eau \u00e2m cao c\u1ea5p, \u0111\u01b0\u1ee3c thi\u1ebft k\u1ebf theo ki\u1ec3u separate (ki\u1ec3u r\u1eddi), bao g\u1ed3m c\u1ea3 c\u1ea3m bi\u1ebfn l\u01b0u l\u01b0\u1ee3ng v\u00e0 c\u1eb7p c\u1ea3m bi\u1ebfn nhi\u1ec7t \u0111\u1ed9 PT1000. Thi\u1ebft b\u1ecb cho ph\u00e9p \u0111o \u0111\u1ed3ng th\u1eddi l\u01b0u l\u01b0\u1ee3ng ch\u1ea5t l\u1ecfng v\u00e0 nhi\u1ec7t \u0111\u1ed9 \u0111\u1ea7u v\u00e0o\/\u0111\u1ea7u ra \u0111\u1ec3 t\u00ednh to\u00e1n ch\u00ednh x\u00e1c l\u01b0\u1ee3ng nhi\u1ec7t n\u0103ng ti\u00eau th\u1ee5 (BTU) trong h\u1ec7 th\u1ed1ng l\u00e0m n\u00f3ng\/l\u00e0m l\u1ea1nh.<\/p>\n<h2><span style=\"font-size: 75%;\">Ch\u1ee9c n\u0103ng k\u00e9p: \u0111o l\u01b0u l\u01b0\u1ee3ng &amp; \u0111o nhi\u1ec7t l\u01b0\u1ee3ng<\/span><\/h2>\n<p>Kh\u00e1c v\u1edbi c\u00e1c d\u00f2ng ch\u1ec9 \u0111o nhi\u1ec7t \u0111\u1ed9, SE509 t\u00edch h\u1ee3p \u0111\u1ea7y \u0111\u1ee7 c\u00e1c th\u00e0nh ph\u1ea7n \u0111o:<\/p>\n<p>&#8211; \u0110o l\u01b0u l\u01b0\u1ee3ng ch\u00ednh x\u00e1c cao: C\u1ea3m bi\u1ebfn si\u00eau \u00e2m clamp-on, kh\u00f4ng c\u1ea7n c\u1eaft \u1ed1ng<br \/>\n&#8211; \u0110o nhi\u1ec7t \u0111\u1ed9 v\u1edbi c\u1ea3m bi\u1ebfn PT1000: \u0110o nhi\u1ec7t \u0111\u1ed9 \u0111\u01b0\u1eddng \u1ed1ng c\u1ea5p v\u00e0 h\u1ed3i<br \/>\n&#8211; T\u00ednh to\u00e1n n\u0103ng l\u01b0\u1ee3ng ti\u00eau th\u1ee5: H\u1ec7 th\u1ed1ng s\u1ebd x\u00e1c \u0111\u1ecbnh BTU ho\u1eb7c kWh theo th\u1eddi gian th\u1ef1c<\/p>\n<h2><span style=\"font-size: 75%;\">C\u00f4ng ngh\u1ec7 \u0111o ti\u00ean ti\u1ebfn \u2013 TVT (Transit-Time Vortex)<\/span><\/h2>\n<p>SE509 \u1ee9ng d\u1ee5ng c\u00f4ng ngh\u1ec7 TVT, k\u1ebft h\u1ee3p gi\u1eefa ph\u01b0\u01a1ng ph\u00e1p \u0111o th\u1eddi gian truy\u1ec1n si\u00eau \u00e2m v\u00e0 hi\u1ec7n t\u01b0\u1ee3ng xo\u00e1y d\u00f2ng (vortex shedding). \u01afu \u0111i\u1ec3m v\u01b0\u1ee3t tr\u1ed9i:<\/p>\n<p>&#8211; \u0110\u1ed9 ch\u00ednh x\u00e1c cao trong c\u1ea3 d\u00f2ng ch\u1ea3y t\u1ea7ng v\u00e0 d\u00f2ng ch\u1ea3y r\u1ed1i<\/p>\n<p>&#8211; \u0110o \u0111\u01b0\u1ee3c nhi\u1ec1u lo\u1ea1i ch\u1ea5t l\u1ecfng c\u00f3 \u0111\u1ed9 nh\u1edbt v\u00e0 m\u1eadt \u0111\u1ed9 kh\u00e1c nhau<\/p>\n<p>&#8211; H\u1ed7 tr\u1ee3 \u0111o hai chi\u1ec1u (forward\/backward flow)<\/p>\n<h2><span style=\"font-size: 75%;\">Thi\u1ebft k\u1ebf b\u1ec1n b\u1ec9 \u2013 d\u1ec5 l\u1eafp \u0111\u1eb7t \u2013 ti\u1ebft ki\u1ec7m chi ph\u00ed<\/span><\/h2>\n<p>V\u1edbi v\u1ecf kim lo\u1ea1i ch\u1eafc ch\u1eafn v\u00e0 c\u1ea3m bi\u1ebfn \u0111\u1ea1t chu\u1ea9n IP68, SE509 ph\u00f9 h\u1ee3p v\u1edbi c\u00e1c \u0111\u01b0\u1eddng \u1ed1ng t\u1eeb DN25\uff5eDN2000. C\u1ea3m bi\u1ebfn clamp-on gi\u00fap l\u1eafp \u0111\u1eb7t nhanh ch\u00f3ng m\u00e0 kh\u00f4ng c\u1ea7n d\u1eebng h\u1ec7 th\u1ed1ng hay g\u00e2y r\u00f2 r\u1ec9. Giao di\u1ec7n hi\u1ec3n th\u1ecb r\u00f5 r\u00e0ng, d\u1ec5 v\u1eadn h\u00e0nh, ph\u00f9 h\u1ee3p cho k\u1ef9 thu\u1eadt vi\u00ean t\u1ea1i hi\u1ec7n tr\u01b0\u1eddng.<\/p>\n<p><img loading=\"lazy\" class=\"aligncenter size-full wp-image-7054\" src=\"https:\/\/quando.com.vn\/wp-content\/uploads\/2025\/06\/Flo-Instrument-SE509-PT1000-img-wirring.png\" alt=\"SE509 \u0111\u1ed3ng h\u1ed3 \u0111o l\u01b0u l\u01b0\u1ee3ng si\u00eau \u00e2m, \u0111o nhi\u1ec7t l\u01b0\u1ee3ng\" width=\"680\" height=\"961\" srcset=\"https:\/\/quando.com.vn\/wp-content\/uploads\/2025\/06\/Flo-Instrument-SE509-PT1000-img-wirring.png 680w, https:\/\/quando.com.vn\/wp-content\/uploads\/2025\/06\/Flo-Instrument-SE509-PT1000-img-wirring-300x424.png 300w, https:\/\/quando.com.vn\/wp-content\/uploads\/2025\/06\/Flo-Instrument-SE509-PT1000-img-wirring-212x300.png 212w, https:\/\/quando.com.vn\/wp-content\/uploads\/2025\/06\/Flo-Instrument-SE509-PT1000-img-wirring-8x12.png 8w\" sizes=\"(max-width: 680px) 100vw, 680px\" \/><\/p>\n<h2>\u1ee8ng d\u1ee5ng th\u1ef1c t\u1ebf<\/h2>\n<p>&#8211; T\u00f2a nh\u00e0 th\u00f4ng minh, trung t\u00e2m th\u01b0\u01a1ng m\u1ea1i, v\u0103n ph\u00f2ng<br \/>\n&#8211; H\u1ec7 th\u1ed1ng HVAC, th\u00e1p gi\u1ea3i nhi\u1ec7t, nh\u00e0 m\u00e1y c\u00f4ng nghi\u1ec7p<br \/>\n&#8211; Trung t\u00e2m d\u1eef li\u1ec7u, h\u1ec7 th\u1ed1ng n\u01b0\u1edbc l\u1ea1nh \u2013 n\u01b0\u1edbc n\u00f3ng<br \/>\n&#8211; Ki\u1ec3m so\u00e1t n\u0103ng l\u01b0\u1ee3ng v\u00e0 t\u1ed1i \u01b0u chi ph\u00ed v\u1eadn h\u00e0nh<\/p>\n<table>\n<thead>\n<tr>\n<th>Th\u00f4ng s\u1ed1 k\u1ef9 thu\u1eadt<\/th>\n<th>Gi\u00e1 tr\u1ecb<\/th>\n<\/tr>\n<\/thead>\n<tbody>\n<tr>\n<td>D\u1ea3i l\u01b0u l\u01b0\u1ee3ng<\/td>\n<td>0 m\/s ~ 12 m\/s (0 ft\/s ~ \u00b140 ft\/s)<\/td>\n<\/tr>\n<tr>\n<td>\u0110\u1ed9 ch\u00ednh x\u00e1c<\/td>\n<td>\u00b11.0% gi\u00e1 tr\u1ecb \u0111o<\/td>\n<\/tr>\n<tr>\n<td>\u0110\u1ed9 l\u1eb7p l\u1ea1i<\/td>\n<td>2.0%<\/td>\n<\/tr>\n<tr>\n<td>D\u1ea3i \u0111\u01b0\u1eddng k\u00ednh \u1ed1ng (t\u00f9y ch\u1ecdn)<\/td>\n<td>DN25 \u0111\u1ebfn DN2000<\/td>\n<\/tr>\n<tr>\n<td>M\u00f4i ch\u1ea5t \u0111o \u0111\u01b0\u1ee3c<\/td>\n<td>N\u01b0\u1edbc, n\u01b0\u1edbc bi\u1ec3n, d\u1ea7u, c\u1ed3n,&#8230;<\/td>\n<\/tr>\n<tr>\n<td>V\u1eadt li\u1ec7u \u1ed1ng t\u01b0\u01a1ng th\u00edch (t\u00f9y ch\u1ecdn)<\/td>\n<td>PVC, th\u00e9p kh\u00f4ng g\u1ec9, th\u00e9p carbon, \u0111\u1ed3ng,&#8230;<\/td>\n<\/tr>\n<tr>\n<td>Giao ti\u1ebfp<\/td>\n<td>RS485, h\u1ed7 tr\u1ee3 giao th\u1ee9c Modbus<\/td>\n<\/tr>\n<tr>\n<td>Ngu\u1ed3n c\u1ea5p<\/td>\n<td>24V DC<\/td>\n<\/tr>\n<tr>\n<td>Ph\u00edm \u0111i\u1ec1u khi\u1ec3n<\/td>\n<td>4 ph\u00edm c\u1ea3m \u1ee9ng<\/td>\n<\/tr>\n<tr>\n<td>M\u00e0n h\u00ecnh hi\u1ec3n th\u1ecb<\/td>\n<td>LCD m\u00e0u TFT 2.2&#8243;, \u0111\u1ed9 ph\u00e2n gi\u1ea3i 320\u00d7240<\/td>\n<\/tr>\n<\/tbody>\n<\/table>\n<p><span style=\"color: #ffffff;\"><a style=\"color: #ffffff;\" href=\"https:\/\/www.flo-instruments.com\/sale-43975594-se509-separate-ultrasonic-energy-meter-for-easy-to-set-up.html\" target=\"_blank\" rel=\"noopener\">Xem chi ti\u1ebft s\u1ea3n ph\u1ea9m SE509 t\u1ea1i Flo-Instruments<\/a><\/span><\/p>","protected":false},"excerpt":{"rendered":"<p data-start=\"151\" data-end=\"231\">&#8211; T\u1ed1c \u0111\u1ed9 d\u00f2ng ch\u1ea3y: 0m\/s ~ 12m\/s(0ft\/s ~ \u00b140ft\/s)<br \/>\n&#8211; \u0110\u1ed9 ch\u00ednh x\u00e1c: \u00a0\u00b11.0%<br \/>\n&#8211; K\u00edch th\u01b0\u1edbc \u1ed1ng ph\u00f9 h\u1ee3p: DN25\uff5eDN2000<\/p>","protected":false},"featured_media":7052,"template":"","meta":[],"product_cat":[442,471,482,416,444,484,485],"product_tag":[],"acf":[],"yoast_head":"<!-- This site is optimized with the Yoast SEO Premium plugin v18.4 (Yoast SEO v18.6) - https:\/\/yoast.com\/wordpress\/plugins\/seo\/ -->\n<title>SE509 \u2013 \u0110\u1ed3ng h\u1ed3 \u0111o l\u01b0u l\u01b0\u1ee3ng v\u00e0 nhi\u1ec7t l\u01b0\u1ee3ng si\u00eau \u00e2m - QUANDO<\/title>\n<meta name=\"description\" content=\"SE509 l\u00e0 \u0111\u1ed3ng h\u1ed3 \u0111o n\u0103ng l\u01b0\u1ee3ng si\u00eau \u00e2m ki\u1ec3u r\u1eddi, t\u00edch h\u1ee3p c\u1ea3m bi\u1ebfn l\u01b0u l\u01b0\u1ee3ng v\u00e0 nhi\u1ec7t \u0111\u1ed9, s\u1eed d\u1ee5ng c\u00f4ng ngh\u1ec7 TVT hi\u1ec7n \u0111\u1ea1i \u0111\u1ec3 \u0111o ch\u00ednh x\u00e1c nhi\u1ec7t l\u01b0\u1ee3ng v\u00e0 l\u01b0u l\u01b0\u1ee3ng trong h\u1ec7 th\u1ed1ng n\u01b0\u1edbc l\u1ea1nh\/n\u00f3ng.\" \/>\n<meta name=\"robots\" content=\"index, follow, max-snippet:-1, max-image-preview:large, max-video-preview:-1\" \/>\n<link rel=\"canonical\" href=\"https:\/\/quando.com.vn\/en\/product\/se509-dong-ho-do-luu-luong-nhiet-luong-sieu-am\/\" \/>\n<meta property=\"og:locale\" content=\"en_US\" \/>\n<meta property=\"og:type\" content=\"article\" \/>\n<meta property=\"og:title\" content=\"SE509 \u2013 \u0110\u1ed3ng h\u1ed3 \u0111o l\u01b0u l\u01b0\u1ee3ng v\u00e0 nhi\u1ec7t l\u01b0\u1ee3ng si\u00eau \u00e2m\" \/>\n<meta property=\"og:description\" content=\"SE509 l\u00e0 \u0111\u1ed3ng h\u1ed3 \u0111o n\u0103ng l\u01b0\u1ee3ng si\u00eau \u00e2m ki\u1ec3u r\u1eddi, t\u00edch h\u1ee3p c\u1ea3m bi\u1ebfn l\u01b0u l\u01b0\u1ee3ng v\u00e0 nhi\u1ec7t \u0111\u1ed9, s\u1eed d\u1ee5ng c\u00f4ng ngh\u1ec7 TVT hi\u1ec7n \u0111\u1ea1i \u0111\u1ec3 \u0111o ch\u00ednh x\u00e1c nhi\u1ec7t l\u01b0\u1ee3ng v\u00e0 l\u01b0u l\u01b0\u1ee3ng trong h\u1ec7 th\u1ed1ng n\u01b0\u1edbc l\u1ea1nh\/n\u00f3ng.\" \/>\n<meta property=\"og:url\" content=\"https:\/\/quando.com.vn\/en\/product\/se509-dong-ho-do-luu-luong-nhiet-luong-sieu-am\/\" \/>\n<meta property=\"og:site_name\" content=\"QUANDO\" \/>\n<meta property=\"article:modified_time\" content=\"2025-06-10T09:18:54+00:00\" \/>\n<meta property=\"og:image\" content=\"https:\/\/quando.com.vn\/wp-content\/uploads\/2025\/06\/Flo-Instrument-SE509-PT1000-img-product.png\" \/>\n\t<meta property=\"og:image:width\" content=\"487\" \/>\n\t<meta property=\"og:image:height\" content=\"527\" \/>\n\t<meta property=\"og:image:type\" content=\"image\/png\" \/>\n<meta name=\"twitter:card\" content=\"summary_large_image\" \/>\n<meta name=\"twitter:label1\" content=\"Est. reading time\" \/>\n\t<meta name=\"twitter:data1\" content=\"3 minutes\" \/>\n<script type=\"application\/ld+json\" class=\"yoast-schema-graph\">{\"@context\":\"https:\/\/schema.org\",\"@graph\":[{\"@type\":\"WebSite\",\"@id\":\"https:\/\/quando.com.vn\/en\/#website\",\"url\":\"https:\/\/quando.com.vn\/en\/\",\"name\":\"QUANDO\",\"description\":\"\",\"potentialAction\":[{\"@type\":\"SearchAction\",\"target\":{\"@type\":\"EntryPoint\",\"urlTemplate\":\"https:\/\/quando.com.vn\/en\/?s={search_term_string}\"},\"query-input\":\"required name=search_term_string\"}],\"inLanguage\":\"en-US\"},{\"@type\":\"ImageObject\",\"@id\":\"https:\/\/quando.com.vn\/san-pham\/se509-dong-ho-do-luu-luong-nhiet-luong-sieu-am\/#primaryimage\",\"inLanguage\":\"en-US\",\"url\":\"https:\/\/quando.com.vn\/wp-content\/uploads\/2025\/06\/Flo-Instrument-SE509-PT1000-img-product.png\",\"contentUrl\":\"https:\/\/quando.com.vn\/wp-content\/uploads\/2025\/06\/Flo-Instrument-SE509-PT1000-img-product.png\",\"width\":487,\"height\":527,\"caption\":\"SE509 \u0111\u1ed3ng h\u1ed3 \u0111o l\u01b0u l\u01b0\u1ee3ng si\u00eau \u00e2m, \u0111o nhi\u1ec7t l\u01b0\u1ee3ng\"},{\"@type\":\"WebPage\",\"@id\":\"https:\/\/quando.com.vn\/san-pham\/se509-dong-ho-do-luu-luong-nhiet-luong-sieu-am\/#webpage\",\"url\":\"https:\/\/quando.com.vn\/san-pham\/se509-dong-ho-do-luu-luong-nhiet-luong-sieu-am\/\",\"name\":\"SE509 \u2013 \u0110\u1ed3ng h\u1ed3 \u0111o l\u01b0u l\u01b0\u1ee3ng v\u00e0 nhi\u1ec7t l\u01b0\u1ee3ng si\u00eau \u00e2m - QUANDO\",\"isPartOf\":{\"@id\":\"https:\/\/quando.com.vn\/en\/#website\"},\"primaryImageOfPage\":{\"@id\":\"https:\/\/quando.com.vn\/san-pham\/se509-dong-ho-do-luu-luong-nhiet-luong-sieu-am\/#primaryimage\"},\"datePublished\":\"2025-06-05T06:44:58+00:00\",\"dateModified\":\"2025-06-10T09:18:54+00:00\",\"description\":\"SE509 l\u00e0 \u0111\u1ed3ng h\u1ed3 \u0111o n\u0103ng l\u01b0\u1ee3ng si\u00eau \u00e2m ki\u1ec3u r\u1eddi, t\u00edch h\u1ee3p c\u1ea3m bi\u1ebfn l\u01b0u l\u01b0\u1ee3ng v\u00e0 nhi\u1ec7t \u0111\u1ed9, s\u1eed d\u1ee5ng c\u00f4ng ngh\u1ec7 TVT hi\u1ec7n \u0111\u1ea1i \u0111\u1ec3 \u0111o ch\u00ednh x\u00e1c nhi\u1ec7t l\u01b0\u1ee3ng v\u00e0 l\u01b0u l\u01b0\u1ee3ng trong h\u1ec7 th\u1ed1ng n\u01b0\u1edbc l\u1ea1nh\/n\u00f3ng.\",\"breadcrumb\":{\"@id\":\"https:\/\/quando.com.vn\/san-pham\/se509-dong-ho-do-luu-luong-nhiet-luong-sieu-am\/#breadcrumb\"},\"inLanguage\":\"en-US\",\"potentialAction\":[{\"@type\":\"ReadAction\",\"target\":[\"https:\/\/quando.com.vn\/san-pham\/se509-dong-ho-do-luu-luong-nhiet-luong-sieu-am\/\"]}]},{\"@type\":\"BreadcrumbList\",\"@id\":\"https:\/\/quando.com.vn\/san-pham\/se509-dong-ho-do-luu-luong-nhiet-luong-sieu-am\/#breadcrumb\",\"itemListElement\":[{\"@type\":\"ListItem\",\"position\":1,\"name\":\"Trang ch\u1ee7\",\"item\":\"https:\/\/quando.com.vn\/\"},{\"@type\":\"ListItem\",\"position\":2,\"name\":\"S\u1ea3n ph\u1ea9m\",\"item\":\"https:\/\/quando.com.vn\/san-pham\/\"},{\"@type\":\"ListItem\",\"position\":3,\"name\":\"SE509 \u2013 \u0110\u1ed3ng h\u1ed3 \u0111o l\u01b0u l\u01b0\u1ee3ng v\u00e0 nhi\u1ec7t l\u01b0\u1ee3ng si\u00eau \u00e2m\"}]}]}<\/script>\n<!-- \/ Yoast SEO Premium plugin. -->","yoast_head_json":{"title":"SE509 \u2013 \u0110\u1ed3ng h\u1ed3 \u0111o l\u01b0u l\u01b0\u1ee3ng v\u00e0 nhi\u1ec7t l\u01b0\u1ee3ng si\u00eau \u00e2m - QUANDO","description":"SE509 l\u00e0 \u0111\u1ed3ng h\u1ed3 \u0111o n\u0103ng l\u01b0\u1ee3ng si\u00eau \u00e2m ki\u1ec3u r\u1eddi, t\u00edch h\u1ee3p c\u1ea3m bi\u1ebfn l\u01b0u l\u01b0\u1ee3ng v\u00e0 nhi\u1ec7t \u0111\u1ed9, s\u1eed d\u1ee5ng c\u00f4ng ngh\u1ec7 TVT hi\u1ec7n \u0111\u1ea1i \u0111\u1ec3 \u0111o ch\u00ednh x\u00e1c nhi\u1ec7t l\u01b0\u1ee3ng v\u00e0 l\u01b0u l\u01b0\u1ee3ng trong h\u1ec7 th\u1ed1ng n\u01b0\u1edbc l\u1ea1nh\/n\u00f3ng.","robots":{"index":"index","follow":"follow","max-snippet":"max-snippet:-1","max-image-preview":"max-image-preview:large","max-video-preview":"max-video-preview:-1"},"canonical":"https:\/\/quando.com.vn\/en\/product\/se509-dong-ho-do-luu-luong-nhiet-luong-sieu-am\/","og_locale":"en_US","og_type":"article","og_title":"SE509 \u2013 \u0110\u1ed3ng h\u1ed3 \u0111o l\u01b0u l\u01b0\u1ee3ng v\u00e0 nhi\u1ec7t l\u01b0\u1ee3ng si\u00eau \u00e2m","og_description":"SE509 l\u00e0 \u0111\u1ed3ng h\u1ed3 \u0111o n\u0103ng l\u01b0\u1ee3ng si\u00eau \u00e2m ki\u1ec3u r\u1eddi, t\u00edch h\u1ee3p c\u1ea3m bi\u1ebfn l\u01b0u l\u01b0\u1ee3ng v\u00e0 nhi\u1ec7t \u0111\u1ed9, s\u1eed d\u1ee5ng c\u00f4ng ngh\u1ec7 TVT hi\u1ec7n \u0111\u1ea1i \u0111\u1ec3 \u0111o ch\u00ednh x\u00e1c nhi\u1ec7t l\u01b0\u1ee3ng v\u00e0 l\u01b0u l\u01b0\u1ee3ng trong h\u1ec7 th\u1ed1ng n\u01b0\u1edbc l\u1ea1nh\/n\u00f3ng.","og_url":"https:\/\/quando.com.vn\/en\/product\/se509-dong-ho-do-luu-luong-nhiet-luong-sieu-am\/","og_site_name":"QUANDO","article_modified_time":"2025-06-10T09:18:54+00:00","og_image":[{"width":487,"height":527,"url":"https:\/\/quando.com.vn\/wp-content\/uploads\/2025\/06\/Flo-Instrument-SE509-PT1000-img-product.png","type":"image\/png"}],"twitter_card":"summary_large_image","twitter_misc":{"Est. reading time":"3 minutes"},"schema":{"@context":"https:\/\/schema.org","@graph":[{"@type":"WebSite","@id":"https:\/\/quando.com.vn\/en\/#website","url":"https:\/\/quando.com.vn\/en\/","name":"QUANDO","description":"","potentialAction":[{"@type":"SearchAction","target":{"@type":"EntryPoint","urlTemplate":"https:\/\/quando.com.vn\/en\/?s={search_term_string}"},"query-input":"required name=search_term_string"}],"inLanguage":"en-US"},{"@type":"ImageObject","@id":"https:\/\/quando.com.vn\/san-pham\/se509-dong-ho-do-luu-luong-nhiet-luong-sieu-am\/#primaryimage","inLanguage":"en-US","url":"https:\/\/quando.com.vn\/wp-content\/uploads\/2025\/06\/Flo-Instrument-SE509-PT1000-img-product.png","contentUrl":"https:\/\/quando.com.vn\/wp-content\/uploads\/2025\/06\/Flo-Instrument-SE509-PT1000-img-product.png","width":487,"height":527,"caption":"SE509 \u0111\u1ed3ng h\u1ed3 \u0111o l\u01b0u l\u01b0\u1ee3ng si\u00eau \u00e2m, \u0111o nhi\u1ec7t l\u01b0\u1ee3ng"},{"@type":"WebPage","@id":"https:\/\/quando.com.vn\/san-pham\/se509-dong-ho-do-luu-luong-nhiet-luong-sieu-am\/#webpage","url":"https:\/\/quando.com.vn\/san-pham\/se509-dong-ho-do-luu-luong-nhiet-luong-sieu-am\/","name":"SE509 \u2013 \u0110\u1ed3ng h\u1ed3 \u0111o l\u01b0u l\u01b0\u1ee3ng v\u00e0 nhi\u1ec7t l\u01b0\u1ee3ng si\u00eau \u00e2m - QUANDO","isPartOf":{"@id":"https:\/\/quando.com.vn\/en\/#website"},"primaryImageOfPage":{"@id":"https:\/\/quando.com.vn\/san-pham\/se509-dong-ho-do-luu-luong-nhiet-luong-sieu-am\/#primaryimage"},"datePublished":"2025-06-05T06:44:58+00:00","dateModified":"2025-06-10T09:18:54+00:00","description":"SE509 l\u00e0 \u0111\u1ed3ng h\u1ed3 \u0111o n\u0103ng l\u01b0\u1ee3ng si\u00eau \u00e2m ki\u1ec3u r\u1eddi, t\u00edch h\u1ee3p c\u1ea3m bi\u1ebfn l\u01b0u l\u01b0\u1ee3ng v\u00e0 nhi\u1ec7t \u0111\u1ed9, s\u1eed d\u1ee5ng c\u00f4ng ngh\u1ec7 TVT hi\u1ec7n \u0111\u1ea1i \u0111\u1ec3 \u0111o ch\u00ednh x\u00e1c nhi\u1ec7t l\u01b0\u1ee3ng v\u00e0 l\u01b0u l\u01b0\u1ee3ng trong h\u1ec7 th\u1ed1ng n\u01b0\u1edbc l\u1ea1nh\/n\u00f3ng.","breadcrumb":{"@id":"https:\/\/quando.com.vn\/san-pham\/se509-dong-ho-do-luu-luong-nhiet-luong-sieu-am\/#breadcrumb"},"inLanguage":"en-US","potentialAction":[{"@type":"ReadAction","target":["https:\/\/quando.com.vn\/san-pham\/se509-dong-ho-do-luu-luong-nhiet-luong-sieu-am\/"]}]},{"@type":"BreadcrumbList","@id":"https:\/\/quando.com.vn\/san-pham\/se509-dong-ho-do-luu-luong-nhiet-luong-sieu-am\/#breadcrumb","itemListElement":[{"@type":"ListItem","position":1,"name":"Trang ch\u1ee7","item":"https:\/\/quando.com.vn\/"},{"@type":"ListItem","position":2,"name":"S\u1ea3n ph\u1ea9m","item":"https:\/\/quando.com.vn\/san-pham\/"},{"@type":"ListItem","position":3,"name":"SE509 \u2013 \u0110\u1ed3ng h\u1ed3 \u0111o l\u01b0u l\u01b0\u1ee3ng v\u00e0 nhi\u1ec7t l\u01b0\u1ee3ng si\u00eau \u00e2m"}]}]}},"_links":{"self":[{"href":"https:\/\/quando.com.vn\/en\/wp-json\/wp\/v2\/product\/7050"}],"collection":[{"href":"https:\/\/quando.com.vn\/en\/wp-json\/wp\/v2\/product"}],"about":[{"href":"https:\/\/quando.com.vn\/en\/wp-json\/wp\/v2\/types\/product"}],"wp:featuredmedia":[{"embeddable":true,"href":"https:\/\/quando.com.vn\/en\/wp-json\/wp\/v2\/media\/7052"}],"wp:attachment":[{"href":"https:\/\/quando.com.vn\/en\/wp-json\/wp\/v2\/media?parent=7050"}],"wp:term":[{"taxonomy":"product_cat","embeddable":true,"href":"https:\/\/quando.com.vn\/en\/wp-json\/wp\/v2\/product_cat?post=7050"},{"taxonomy":"product_tag","embeddable":true,"href":"https:\/\/quando.com.vn\/en\/wp-json\/wp\/v2\/product_tag?post=7050"}],"curies":[{"name":"wp","href":"https:\/\/api.w.org\/{rel}","templated":true}]}}