{"id":7047,"date":"2025-06-05T11:21:28","date_gmt":"2025-06-05T04:21:28","guid":{"rendered":"https:\/\/quando.com.vn\/?post_type=product&#038;p=7047"},"modified":"2025-06-11T13:22:46","modified_gmt":"2025-06-11T06:22:46","slug":"yotta-control-io-module-rs485-a1060","status":"publish","type":"product","link":"https:\/\/quando.com.vn\/en\/product\/yotta-control-io-module-rs485-a1060\/","title":{"rendered":"Yotta Control A-1060 RS-485 8DI\/4DO"},"content":{"rendered":"<p dir=\"ltr\" data-pm-slice=\"1 1 []\"><a href=\"https:\/\/www.yottacontrol.com.tw\/h\/Service?key=x9ic2&amp;set=7\">Yotta Control<\/a> A-1060 RS-485 8DI\/4DO l\u00e0 m\u00f4-\u0111un I\/O c\u00f4ng nghi\u1ec7p t\u00edch h\u1ee3p 8 ng\u00f5 v\u00e0o s\u1ed1 c\u00e1ch ly (Digital Input &#8211; DI) v\u00e0 4 ng\u00f5 ra relay c\u00f4ng su\u1ea5t (Digital Output &#8211; DO). Thi\u1ebft b\u1ecb s\u1eed d\u1ee5ng giao th\u1ee9c truy\u1ec1n th\u00f4ng RS-485 v\u00e0 h\u1ed7 tr\u1ee3 c\u1ea3 hai chu\u1ea9n Modbus RTU v\u00e0 Modbus ASCII, gi\u00fap d\u1ec5 d\u00e0ng t\u00edch h\u1ee3p v\u00e0o c\u00e1c h\u1ec7 th\u1ed1ng SCADA, HMI v\u00e0 PLC.<\/p>\n<p dir=\"ltr\" data-pm-slice=\"1 1 []\"><strong>Danh s\u00e1ch c\u00e1c module I\/O d\u00f2ng A-10x<\/strong><\/p>\n<p><img loading=\"lazy\" class=\"aligncenter size-full wp-image-7048\" src=\"https:\/\/quando.com.vn\/wp-content\/uploads\/2025\/06\/A-10x-types-in-list.png\" alt=\"m\u00f4 \u0111un I\/O RS-485 8DI 4DO\" width=\"1919\" height=\"814\" srcset=\"https:\/\/quando.com.vn\/wp-content\/uploads\/2025\/06\/A-10x-types-in-list.png 1919w, https:\/\/quando.com.vn\/wp-content\/uploads\/2025\/06\/A-10x-types-in-list-300x127.png 300w, https:\/\/quando.com.vn\/wp-content\/uploads\/2025\/06\/A-10x-types-in-list-1024x434.png 1024w, https:\/\/quando.com.vn\/wp-content\/uploads\/2025\/06\/A-10x-types-in-list-768x326.png 768w, https:\/\/quando.com.vn\/wp-content\/uploads\/2025\/06\/A-10x-types-in-list-1536x652.png 1536w, https:\/\/quando.com.vn\/wp-content\/uploads\/2025\/06\/A-10x-types-in-list-18x8.png 18w\" sizes=\"(max-width: 1919px) 100vw, 1919px\" \/><\/p>","protected":false},"excerpt":{"rendered":"<p>&#8211; Ngu\u1ed3n cung c\u1ea5p: 10~30VDC\/24VAC<br \/>\n&#8211; 8DI\/4DO<br \/>\n&#8211; Giao ti\u1ebfp RS-485<\/p>","protected":false},"featured_media":7049,"template":"","meta":[],"product_cat":[442,472,483,416,474,491],"product_tag":[],"acf":[],"yoast_head":"<!-- This site is optimized with the Yoast SEO Premium plugin v18.4 (Yoast SEO v18.6) - https:\/\/yoast.com\/wordpress\/plugins\/seo\/ -->\n<title>Yotta Control A-1060 RS-485 8DI\/4DO - QUANDO<\/title>\n<meta name=\"description\" content=\"Yotta Control A-1060 RS-485 8DI\/4DO l\u00e0 m\u00f4-\u0111un I\/O c\u00f4ng nghi\u1ec7p t\u00edch h\u1ee3p 8DI v\u00e0 4DO. Thi\u1ebft b\u1ecb s\u1eed d\u1ee5ng giao th\u1ee9c truy\u1ec1n th\u00f4ng RS-485 v\u00e0 h\u1ed7 tr\u1ee3 c\u1ea3 hai chu\u1ea9n Modbus RTU v\u00e0 Modbus ASCII\" \/>\n<meta name=\"robots\" content=\"index, follow, max-snippet:-1, max-image-preview:large, max-video-preview:-1\" \/>\n<link rel=\"canonical\" href=\"https:\/\/quando.com.vn\/en\/product\/yotta-control-io-module-rs485-a1060\/\" \/>\n<meta property=\"og:locale\" content=\"en_US\" \/>\n<meta property=\"og:type\" content=\"article\" \/>\n<meta property=\"og:title\" content=\"Yotta Control A-1060 RS-485 8DI\/4DO\" \/>\n<meta property=\"og:description\" content=\"Yotta Control A-1060 RS-485 8DI\/4DO l\u00e0 m\u00f4-\u0111un I\/O c\u00f4ng nghi\u1ec7p t\u00edch h\u1ee3p 8DI v\u00e0 4DO. Thi\u1ebft b\u1ecb s\u1eed d\u1ee5ng giao th\u1ee9c truy\u1ec1n th\u00f4ng RS-485 v\u00e0 h\u1ed7 tr\u1ee3 c\u1ea3 hai chu\u1ea9n Modbus RTU v\u00e0 Modbus ASCII\" \/>\n<meta property=\"og:url\" content=\"https:\/\/quando.com.vn\/en\/product\/yotta-control-io-module-rs485-a1060\/\" \/>\n<meta property=\"og:site_name\" content=\"QUANDO\" \/>\n<meta property=\"article:modified_time\" content=\"2025-06-11T06:22:46+00:00\" \/>\n<meta property=\"og:image\" content=\"https:\/\/quando.com.vn\/wp-content\/uploads\/2025\/06\/A-1060_img-product.jpg\" \/>\n\t<meta property=\"og:image:width\" content=\"500\" \/>\n\t<meta property=\"og:image:height\" content=\"500\" \/>\n\t<meta property=\"og:image:type\" content=\"image\/jpeg\" \/>\n<meta name=\"twitter:card\" content=\"summary_large_image\" \/>\n<meta name=\"twitter:label1\" content=\"Est. reading time\" \/>\n\t<meta name=\"twitter:data1\" content=\"1 minute\" \/>\n<script type=\"application\/ld+json\" class=\"yoast-schema-graph\">{\"@context\":\"https:\/\/schema.org\",\"@graph\":[{\"@type\":\"WebSite\",\"@id\":\"https:\/\/quando.com.vn\/en\/#website\",\"url\":\"https:\/\/quando.com.vn\/en\/\",\"name\":\"QUANDO\",\"description\":\"\",\"potentialAction\":[{\"@type\":\"SearchAction\",\"target\":{\"@type\":\"EntryPoint\",\"urlTemplate\":\"https:\/\/quando.com.vn\/en\/?s={search_term_string}\"},\"query-input\":\"required name=search_term_string\"}],\"inLanguage\":\"en-US\"},{\"@type\":\"ImageObject\",\"@id\":\"https:\/\/quando.com.vn\/san-pham\/yotta-control-io-module-rs485-a1060\/#primaryimage\",\"inLanguage\":\"en-US\",\"url\":\"https:\/\/quando.com.vn\/wp-content\/uploads\/2025\/06\/A-1060_img-product.jpg\",\"contentUrl\":\"https:\/\/quando.com.vn\/wp-content\/uploads\/2025\/06\/A-1060_img-product.jpg\",\"width\":500,\"height\":500},{\"@type\":\"WebPage\",\"@id\":\"https:\/\/quando.com.vn\/san-pham\/yotta-control-io-module-rs485-a1060\/#webpage\",\"url\":\"https:\/\/quando.com.vn\/san-pham\/yotta-control-io-module-rs485-a1060\/\",\"name\":\"Yotta Control A-1060 RS-485 8DI\/4DO - QUANDO\",\"isPartOf\":{\"@id\":\"https:\/\/quando.com.vn\/en\/#website\"},\"primaryImageOfPage\":{\"@id\":\"https:\/\/quando.com.vn\/san-pham\/yotta-control-io-module-rs485-a1060\/#primaryimage\"},\"datePublished\":\"2025-06-05T04:21:28+00:00\",\"dateModified\":\"2025-06-11T06:22:46+00:00\",\"description\":\"Yotta Control A-1060 RS-485 8DI\/4DO l\u00e0 m\u00f4-\u0111un I\/O c\u00f4ng nghi\u1ec7p t\u00edch h\u1ee3p 8DI v\u00e0 4DO. Thi\u1ebft b\u1ecb s\u1eed d\u1ee5ng giao th\u1ee9c truy\u1ec1n th\u00f4ng RS-485 v\u00e0 h\u1ed7 tr\u1ee3 c\u1ea3 hai chu\u1ea9n Modbus RTU v\u00e0 Modbus ASCII\",\"breadcrumb\":{\"@id\":\"https:\/\/quando.com.vn\/san-pham\/yotta-control-io-module-rs485-a1060\/#breadcrumb\"},\"inLanguage\":\"en-US\",\"potentialAction\":[{\"@type\":\"ReadAction\",\"target\":[\"https:\/\/quando.com.vn\/san-pham\/yotta-control-io-module-rs485-a1060\/\"]}]},{\"@type\":\"BreadcrumbList\",\"@id\":\"https:\/\/quando.com.vn\/san-pham\/yotta-control-io-module-rs485-a1060\/#breadcrumb\",\"itemListElement\":[{\"@type\":\"ListItem\",\"position\":1,\"name\":\"Trang ch\u1ee7\",\"item\":\"https:\/\/quando.com.vn\/\"},{\"@type\":\"ListItem\",\"position\":2,\"name\":\"S\u1ea3n ph\u1ea9m\",\"item\":\"https:\/\/quando.com.vn\/san-pham\/\"},{\"@type\":\"ListItem\",\"position\":3,\"name\":\"Yotta Control A-1060 RS-485 8DI\/4DO\"}]}]}<\/script>\n<!-- \/ Yoast SEO Premium plugin. -->","yoast_head_json":{"title":"Yotta Control A-1060 RS-485 8DI\/4DO - QUANDO","description":"Yotta Control A-1060 RS-485 8DI\/4DO l\u00e0 m\u00f4-\u0111un I\/O c\u00f4ng nghi\u1ec7p t\u00edch h\u1ee3p 8DI v\u00e0 4DO. Thi\u1ebft b\u1ecb s\u1eed d\u1ee5ng giao th\u1ee9c truy\u1ec1n th\u00f4ng RS-485 v\u00e0 h\u1ed7 tr\u1ee3 c\u1ea3 hai chu\u1ea9n Modbus RTU v\u00e0 Modbus ASCII","robots":{"index":"index","follow":"follow","max-snippet":"max-snippet:-1","max-image-preview":"max-image-preview:large","max-video-preview":"max-video-preview:-1"},"canonical":"https:\/\/quando.com.vn\/en\/product\/yotta-control-io-module-rs485-a1060\/","og_locale":"en_US","og_type":"article","og_title":"Yotta Control A-1060 RS-485 8DI\/4DO","og_description":"Yotta Control A-1060 RS-485 8DI\/4DO l\u00e0 m\u00f4-\u0111un I\/O c\u00f4ng nghi\u1ec7p t\u00edch h\u1ee3p 8DI v\u00e0 4DO. Thi\u1ebft b\u1ecb s\u1eed d\u1ee5ng giao th\u1ee9c truy\u1ec1n th\u00f4ng RS-485 v\u00e0 h\u1ed7 tr\u1ee3 c\u1ea3 hai chu\u1ea9n Modbus RTU v\u00e0 Modbus ASCII","og_url":"https:\/\/quando.com.vn\/en\/product\/yotta-control-io-module-rs485-a1060\/","og_site_name":"QUANDO","article_modified_time":"2025-06-11T06:22:46+00:00","og_image":[{"width":500,"height":500,"url":"https:\/\/quando.com.vn\/wp-content\/uploads\/2025\/06\/A-1060_img-product.jpg","type":"image\/jpeg"}],"twitter_card":"summary_large_image","twitter_misc":{"Est. reading time":"1 minute"},"schema":{"@context":"https:\/\/schema.org","@graph":[{"@type":"WebSite","@id":"https:\/\/quando.com.vn\/en\/#website","url":"https:\/\/quando.com.vn\/en\/","name":"QUANDO","description":"","potentialAction":[{"@type":"SearchAction","target":{"@type":"EntryPoint","urlTemplate":"https:\/\/quando.com.vn\/en\/?s={search_term_string}"},"query-input":"required name=search_term_string"}],"inLanguage":"en-US"},{"@type":"ImageObject","@id":"https:\/\/quando.com.vn\/san-pham\/yotta-control-io-module-rs485-a1060\/#primaryimage","inLanguage":"en-US","url":"https:\/\/quando.com.vn\/wp-content\/uploads\/2025\/06\/A-1060_img-product.jpg","contentUrl":"https:\/\/quando.com.vn\/wp-content\/uploads\/2025\/06\/A-1060_img-product.jpg","width":500,"height":500},{"@type":"WebPage","@id":"https:\/\/quando.com.vn\/san-pham\/yotta-control-io-module-rs485-a1060\/#webpage","url":"https:\/\/quando.com.vn\/san-pham\/yotta-control-io-module-rs485-a1060\/","name":"Yotta Control A-1060 RS-485 8DI\/4DO - QUANDO","isPartOf":{"@id":"https:\/\/quando.com.vn\/en\/#website"},"primaryImageOfPage":{"@id":"https:\/\/quando.com.vn\/san-pham\/yotta-control-io-module-rs485-a1060\/#primaryimage"},"datePublished":"2025-06-05T04:21:28+00:00","dateModified":"2025-06-11T06:22:46+00:00","description":"Yotta Control A-1060 RS-485 8DI\/4DO l\u00e0 m\u00f4-\u0111un I\/O c\u00f4ng nghi\u1ec7p t\u00edch h\u1ee3p 8DI v\u00e0 4DO. Thi\u1ebft b\u1ecb s\u1eed d\u1ee5ng giao th\u1ee9c truy\u1ec1n th\u00f4ng RS-485 v\u00e0 h\u1ed7 tr\u1ee3 c\u1ea3 hai chu\u1ea9n Modbus RTU v\u00e0 Modbus ASCII","breadcrumb":{"@id":"https:\/\/quando.com.vn\/san-pham\/yotta-control-io-module-rs485-a1060\/#breadcrumb"},"inLanguage":"en-US","potentialAction":[{"@type":"ReadAction","target":["https:\/\/quando.com.vn\/san-pham\/yotta-control-io-module-rs485-a1060\/"]}]},{"@type":"BreadcrumbList","@id":"https:\/\/quando.com.vn\/san-pham\/yotta-control-io-module-rs485-a1060\/#breadcrumb","itemListElement":[{"@type":"ListItem","position":1,"name":"Trang ch\u1ee7","item":"https:\/\/quando.com.vn\/"},{"@type":"ListItem","position":2,"name":"S\u1ea3n ph\u1ea9m","item":"https:\/\/quando.com.vn\/san-pham\/"},{"@type":"ListItem","position":3,"name":"Yotta Control A-1060 RS-485 8DI\/4DO"}]}]}},"_links":{"self":[{"href":"https:\/\/quando.com.vn\/en\/wp-json\/wp\/v2\/product\/7047"}],"collection":[{"href":"https:\/\/quando.com.vn\/en\/wp-json\/wp\/v2\/product"}],"about":[{"href":"https:\/\/quando.com.vn\/en\/wp-json\/wp\/v2\/types\/product"}],"wp:featuredmedia":[{"embeddable":true,"href":"https:\/\/quando.com.vn\/en\/wp-json\/wp\/v2\/media\/7049"}],"wp:attachment":[{"href":"https:\/\/quando.com.vn\/en\/wp-json\/wp\/v2\/media?parent=7047"}],"wp:term":[{"taxonomy":"product_cat","embeddable":true,"href":"https:\/\/quando.com.vn\/en\/wp-json\/wp\/v2\/product_cat?post=7047"},{"taxonomy":"product_tag","embeddable":true,"href":"https:\/\/quando.com.vn\/en\/wp-json\/wp\/v2\/product_tag?post=7047"}],"curies":[{"name":"wp","href":"https:\/\/api.w.org\/{rel}","templated":true}]}}