{"id":7046,"date":"2025-06-05T10:52:53","date_gmt":"2025-06-05T03:52:53","guid":{"rendered":"https:\/\/quando.com.vn\/?post_type=product&#038;p=7046"},"modified":"2025-06-05T11:01:29","modified_gmt":"2025-06-05T04:01:29","slug":"dau-do-khi-nh3-gtq-bs03-cua-hanwei-nhiet-do-thap","status":"publish","type":"product","link":"https:\/\/quando.com.vn\/en\/product\/dau-do-khi-nh3-gtq-bs03-cua-hanwei-nhiet-do-thap\/","title":{"rendered":"\u0110\u1ea7u d\u00f2 kh\u00ed NH3 GTQ-BS03 c\u1ee7a Hanwei-phi\u00ean b\u1ea3n nhi\u1ec7t \u0111\u1ed9 th\u1ea5p"},"content":{"rendered":"<p>\u0110\u1ea7u d\u00f2 kh\u00ed NH3 GTQ-BS03 c\u1ee7a <a href=\"https:\/\/www.hwsensor.com\/product\/\">Hanwei<\/a> &#8211; phi\u00ean b\u1ea3n nhi\u1ec7t \u0111\u1ed9 th\u1ea5p, \u0111\u01b0\u1ee3c s\u1eed d\u1ee5ng \u0111\u1ec3 ph\u00e1t hi\u1ec7n kh\u00ed NH3 trong c\u00e1c ng\u00e0nh c\u00f4ng nghi\u1ec7p: d\u1ea7u kh\u00ed v\u00e0 h\u00f3a d\u1ea7u, nh\u00e0 m\u00e1y l\u1ecdc d\u1ea7u, nh\u00e0 m\u00e1y h\u00f3a ch\u1ea5t, ng\u00e0nh luy\u1ec7n kim, ng\u00e0nh \u0111i\u1ec7n v\u00e0 nh\u1eefng n\u01a1i kh\u00e1c c\u00f3 th\u1ec3 t\u1ea1o ra kh\u00ed \u0111\u1ed9c h\u1ea1i cho c\u01a1 th\u1ec3 con ng\u01b0\u1eddi.<\/p>\n<p><img loading=\"lazy\" class=\"alignnone wp-image-6696 size-full\" src=\"https:\/\/quando.com.vn\/wp-content\/uploads\/2025\/03\/Dau-do-khi-CH4-GTQ-BS03-cua-Hanwei-body.png\" alt=\"\u0110\u1ea7u d\u00f2 kh\u00ed gaz GTQ-BS03 c\u1ee7a Hanwei - body\" width=\"800\" height=\"533\" srcset=\"https:\/\/quando.com.vn\/wp-content\/uploads\/2025\/03\/Dau-do-khi-CH4-GTQ-BS03-cua-Hanwei-body.png 800w, https:\/\/quando.com.vn\/wp-content\/uploads\/2025\/03\/Dau-do-khi-CH4-GTQ-BS03-cua-Hanwei-body-300x200.png 300w, https:\/\/quando.com.vn\/wp-content\/uploads\/2025\/03\/Dau-do-khi-CH4-GTQ-BS03-cua-Hanwei-body-768x512.png 768w\" sizes=\"(max-width: 800px) 100vw, 800px\" \/><\/p>\n<p>&#8211; Non-contact ho\u1ea1t \u0111\u1ed9ng b\u1eb1ng \u0111i\u1ec1u khi\u1ec3n h\u1ed3ng ngo\u1ea1i t\u1eeb xa.<br \/>\n&#8211; L\u00e0 m\u00f4-\u0111un c\u1ea3m bi\u1ebfn th\u00f4ng minh, kh\u00f4ng c\u1ea7n hi\u1ec7u chu\u1ea9n, d\u1ec5 b\u1ea3o tr\u00ec.<\/p>","protected":false},"excerpt":{"rendered":"<p>&#8211; D\u00e3i \u0111o: 0-1000 PPM<br \/>\n&#8211; Nhi\u1ec7t \u0111\u1ed9: \u201335\u00b0C \u0111\u1ebfn 50\u00b0C<br \/>\n&#8211; \u0110\u1ea7u ra:<br \/>\n+ 4-20mA ho\u1eb7c PLUS<br \/>\n+ 2 non-contact, 1 r\u01a1le c\u01a1<\/p>","protected":false},"featured_media":6699,"template":"","meta":[],"product_cat":[463,443,447,444,418,421],"product_tag":[],"acf":[],"yoast_head":"<!-- This site is optimized with the Yoast SEO Premium plugin v18.4 (Yoast SEO v18.6) - https:\/\/yoast.com\/wordpress\/plugins\/seo\/ -->\n<title>\u0110\u1ea7u d\u00f2 kh\u00ed NH3 GTQ-BS03 c\u1ee7a Hanwei-phi\u00ean b\u1ea3n nhi\u1ec7t \u0111\u1ed9 th\u1ea5p - QUANDO<\/title>\n<meta name=\"description\" content=\"\u0110\u1ea7u d\u00f2 kh\u00ed NH3 GTQ-BS03 c\u1ee7a Hanwei \u0111\u01b0\u1ee3c s\u1eed d\u1ee5ng \u0111\u1ec3 ph\u00e1t hi\u1ec7n kh\u00ed NH3 trong c\u00e1c ng\u00e0nh c\u00f4ng nghi\u1ec7p d\u1ea7u kh\u00ed v\u00e0 h\u00f3a d\u1ea7u, nh\u00e0 m\u00e1y l\u1ecdc d\u1ea7u....\" \/>\n<meta name=\"robots\" content=\"index, follow, max-snippet:-1, max-image-preview:large, max-video-preview:-1\" \/>\n<link rel=\"canonical\" href=\"https:\/\/quando.com.vn\/en\/product\/dau-do-khi-nh3-gtq-bs03-cua-hanwei-nhiet-do-thap\/\" \/>\n<meta property=\"og:locale\" content=\"en_US\" \/>\n<meta property=\"og:type\" content=\"article\" \/>\n<meta property=\"og:title\" content=\"\u0110\u1ea7u d\u00f2 kh\u00ed NH3 GTQ-BS03 c\u1ee7a Hanwei-phi\u00ean b\u1ea3n nhi\u1ec7t \u0111\u1ed9 th\u1ea5p\" \/>\n<meta property=\"og:description\" content=\"\u0110\u1ea7u d\u00f2 kh\u00ed NH3 GTQ-BS03 c\u1ee7a Hanwei \u0111\u01b0\u1ee3c s\u1eed d\u1ee5ng \u0111\u1ec3 ph\u00e1t hi\u1ec7n kh\u00ed NH3 trong c\u00e1c ng\u00e0nh c\u00f4ng nghi\u1ec7p d\u1ea7u kh\u00ed v\u00e0 h\u00f3a d\u1ea7u, nh\u00e0 m\u00e1y l\u1ecdc d\u1ea7u....\" \/>\n<meta property=\"og:url\" content=\"https:\/\/quando.com.vn\/en\/product\/dau-do-khi-nh3-gtq-bs03-cua-hanwei-nhiet-do-thap\/\" \/>\n<meta property=\"og:site_name\" content=\"QUANDO\" \/>\n<meta property=\"article:modified_time\" content=\"2025-06-05T04:01:29+00:00\" \/>\n<meta property=\"og:image\" content=\"https:\/\/quando.com.vn\/wp-content\/uploads\/2025\/03\/Dau-do-khi-CH4-GTQ-BS03-cua-Hanwei-header.png\" \/>\n\t<meta property=\"og:image:width\" content=\"400\" \/>\n\t<meta property=\"og:image:height\" content=\"400\" \/>\n\t<meta property=\"og:image:type\" content=\"image\/png\" \/>\n<meta name=\"twitter:card\" content=\"summary_large_image\" \/>\n<meta name=\"twitter:label1\" content=\"Est. reading time\" \/>\n\t<meta name=\"twitter:data1\" content=\"1 minute\" \/>\n<script type=\"application\/ld+json\" class=\"yoast-schema-graph\">{\"@context\":\"https:\/\/schema.org\",\"@graph\":[{\"@type\":\"WebSite\",\"@id\":\"https:\/\/quando.com.vn\/en\/#website\",\"url\":\"https:\/\/quando.com.vn\/en\/\",\"name\":\"QUANDO\",\"description\":\"\",\"potentialAction\":[{\"@type\":\"SearchAction\",\"target\":{\"@type\":\"EntryPoint\",\"urlTemplate\":\"https:\/\/quando.com.vn\/en\/?s={search_term_string}\"},\"query-input\":\"required name=search_term_string\"}],\"inLanguage\":\"en-US\"},{\"@type\":\"ImageObject\",\"@id\":\"https:\/\/quando.com.vn\/en\/product\/dau-do-khi-nh3-gtq-bs03-cua-hanwei-nhiet-do-thap\/#primaryimage\",\"inLanguage\":\"en-US\",\"url\":\"https:\/\/quando.com.vn\/wp-content\/uploads\/2025\/03\/Dau-do-khi-CH4-GTQ-BS03-cua-Hanwei-header.png\",\"contentUrl\":\"https:\/\/quando.com.vn\/wp-content\/uploads\/2025\/03\/Dau-do-khi-CH4-GTQ-BS03-cua-Hanwei-header.png\",\"width\":400,\"height\":400,\"caption\":\"\u0110\u1ea7u d\u00f2 kh\u00ed CH4 GTQ-BS03 c\u1ee7a Hanwei - header\"},{\"@type\":\"WebPage\",\"@id\":\"https:\/\/quando.com.vn\/en\/product\/dau-do-khi-nh3-gtq-bs03-cua-hanwei-nhiet-do-thap\/#webpage\",\"url\":\"https:\/\/quando.com.vn\/en\/product\/dau-do-khi-nh3-gtq-bs03-cua-hanwei-nhiet-do-thap\/\",\"name\":\"\u0110\u1ea7u d\u00f2 kh\u00ed NH3 GTQ-BS03 c\u1ee7a Hanwei-phi\u00ean b\u1ea3n nhi\u1ec7t \u0111\u1ed9 th\u1ea5p - QUANDO\",\"isPartOf\":{\"@id\":\"https:\/\/quando.com.vn\/en\/#website\"},\"primaryImageOfPage\":{\"@id\":\"https:\/\/quando.com.vn\/en\/product\/dau-do-khi-nh3-gtq-bs03-cua-hanwei-nhiet-do-thap\/#primaryimage\"},\"datePublished\":\"2025-06-05T03:52:53+00:00\",\"dateModified\":\"2025-06-05T04:01:29+00:00\",\"description\":\"\u0110\u1ea7u d\u00f2 kh\u00ed NH3 GTQ-BS03 c\u1ee7a Hanwei \u0111\u01b0\u1ee3c s\u1eed d\u1ee5ng \u0111\u1ec3 ph\u00e1t hi\u1ec7n kh\u00ed NH3 trong c\u00e1c ng\u00e0nh c\u00f4ng nghi\u1ec7p d\u1ea7u kh\u00ed v\u00e0 h\u00f3a d\u1ea7u, nh\u00e0 m\u00e1y l\u1ecdc d\u1ea7u....\",\"breadcrumb\":{\"@id\":\"https:\/\/quando.com.vn\/en\/product\/dau-do-khi-nh3-gtq-bs03-cua-hanwei-nhiet-do-thap\/#breadcrumb\"},\"inLanguage\":\"en-US\",\"potentialAction\":[{\"@type\":\"ReadAction\",\"target\":[\"https:\/\/quando.com.vn\/en\/product\/dau-do-khi-nh3-gtq-bs03-cua-hanwei-nhiet-do-thap\/\"]}]},{\"@type\":\"BreadcrumbList\",\"@id\":\"https:\/\/quando.com.vn\/en\/product\/dau-do-khi-nh3-gtq-bs03-cua-hanwei-nhiet-do-thap\/#breadcrumb\",\"itemListElement\":[{\"@type\":\"ListItem\",\"position\":1,\"name\":\"Trang ch\u1ee7\",\"item\":\"https:\/\/quando.com.vn\/\"},{\"@type\":\"ListItem\",\"position\":2,\"name\":\"S\u1ea3n ph\u1ea9m\",\"item\":\"https:\/\/quando.com.vn\/san-pham\/\"},{\"@type\":\"ListItem\",\"position\":3,\"name\":\"\u0110\u1ea7u d\u00f2 kh\u00ed NH3 GTQ-BS03 c\u1ee7a Hanwei-phi\u00ean b\u1ea3n nhi\u1ec7t \u0111\u1ed9 th\u1ea5p\"}]}]}<\/script>\n<!-- \/ Yoast SEO Premium plugin. -->","yoast_head_json":{"title":"\u0110\u1ea7u d\u00f2 kh\u00ed NH3 GTQ-BS03 c\u1ee7a Hanwei-phi\u00ean b\u1ea3n nhi\u1ec7t \u0111\u1ed9 th\u1ea5p - QUANDO","description":"\u0110\u1ea7u d\u00f2 kh\u00ed NH3 GTQ-BS03 c\u1ee7a Hanwei \u0111\u01b0\u1ee3c s\u1eed d\u1ee5ng \u0111\u1ec3 ph\u00e1t hi\u1ec7n kh\u00ed NH3 trong c\u00e1c ng\u00e0nh c\u00f4ng nghi\u1ec7p d\u1ea7u kh\u00ed v\u00e0 h\u00f3a d\u1ea7u, nh\u00e0 m\u00e1y l\u1ecdc d\u1ea7u....","robots":{"index":"index","follow":"follow","max-snippet":"max-snippet:-1","max-image-preview":"max-image-preview:large","max-video-preview":"max-video-preview:-1"},"canonical":"https:\/\/quando.com.vn\/en\/product\/dau-do-khi-nh3-gtq-bs03-cua-hanwei-nhiet-do-thap\/","og_locale":"en_US","og_type":"article","og_title":"\u0110\u1ea7u d\u00f2 kh\u00ed NH3 GTQ-BS03 c\u1ee7a Hanwei-phi\u00ean b\u1ea3n nhi\u1ec7t \u0111\u1ed9 th\u1ea5p","og_description":"\u0110\u1ea7u d\u00f2 kh\u00ed NH3 GTQ-BS03 c\u1ee7a Hanwei \u0111\u01b0\u1ee3c s\u1eed d\u1ee5ng \u0111\u1ec3 ph\u00e1t hi\u1ec7n kh\u00ed NH3 trong c\u00e1c ng\u00e0nh c\u00f4ng nghi\u1ec7p d\u1ea7u kh\u00ed v\u00e0 h\u00f3a d\u1ea7u, nh\u00e0 m\u00e1y l\u1ecdc d\u1ea7u....","og_url":"https:\/\/quando.com.vn\/en\/product\/dau-do-khi-nh3-gtq-bs03-cua-hanwei-nhiet-do-thap\/","og_site_name":"QUANDO","article_modified_time":"2025-06-05T04:01:29+00:00","og_image":[{"width":400,"height":400,"url":"https:\/\/quando.com.vn\/wp-content\/uploads\/2025\/03\/Dau-do-khi-CH4-GTQ-BS03-cua-Hanwei-header.png","type":"image\/png"}],"twitter_card":"summary_large_image","twitter_misc":{"Est. reading time":"1 minute"},"schema":{"@context":"https:\/\/schema.org","@graph":[{"@type":"WebSite","@id":"https:\/\/quando.com.vn\/en\/#website","url":"https:\/\/quando.com.vn\/en\/","name":"QUANDO","description":"","potentialAction":[{"@type":"SearchAction","target":{"@type":"EntryPoint","urlTemplate":"https:\/\/quando.com.vn\/en\/?s={search_term_string}"},"query-input":"required name=search_term_string"}],"inLanguage":"en-US"},{"@type":"ImageObject","@id":"https:\/\/quando.com.vn\/en\/product\/dau-do-khi-nh3-gtq-bs03-cua-hanwei-nhiet-do-thap\/#primaryimage","inLanguage":"en-US","url":"https:\/\/quando.com.vn\/wp-content\/uploads\/2025\/03\/Dau-do-khi-CH4-GTQ-BS03-cua-Hanwei-header.png","contentUrl":"https:\/\/quando.com.vn\/wp-content\/uploads\/2025\/03\/Dau-do-khi-CH4-GTQ-BS03-cua-Hanwei-header.png","width":400,"height":400,"caption":"\u0110\u1ea7u d\u00f2 kh\u00ed CH4 GTQ-BS03 c\u1ee7a Hanwei - header"},{"@type":"WebPage","@id":"https:\/\/quando.com.vn\/en\/product\/dau-do-khi-nh3-gtq-bs03-cua-hanwei-nhiet-do-thap\/#webpage","url":"https:\/\/quando.com.vn\/en\/product\/dau-do-khi-nh3-gtq-bs03-cua-hanwei-nhiet-do-thap\/","name":"\u0110\u1ea7u d\u00f2 kh\u00ed NH3 GTQ-BS03 c\u1ee7a Hanwei-phi\u00ean b\u1ea3n nhi\u1ec7t \u0111\u1ed9 th\u1ea5p - QUANDO","isPartOf":{"@id":"https:\/\/quando.com.vn\/en\/#website"},"primaryImageOfPage":{"@id":"https:\/\/quando.com.vn\/en\/product\/dau-do-khi-nh3-gtq-bs03-cua-hanwei-nhiet-do-thap\/#primaryimage"},"datePublished":"2025-06-05T03:52:53+00:00","dateModified":"2025-06-05T04:01:29+00:00","description":"\u0110\u1ea7u d\u00f2 kh\u00ed NH3 GTQ-BS03 c\u1ee7a Hanwei \u0111\u01b0\u1ee3c s\u1eed d\u1ee5ng \u0111\u1ec3 ph\u00e1t hi\u1ec7n kh\u00ed NH3 trong c\u00e1c ng\u00e0nh c\u00f4ng nghi\u1ec7p d\u1ea7u kh\u00ed v\u00e0 h\u00f3a d\u1ea7u, nh\u00e0 m\u00e1y l\u1ecdc d\u1ea7u....","breadcrumb":{"@id":"https:\/\/quando.com.vn\/en\/product\/dau-do-khi-nh3-gtq-bs03-cua-hanwei-nhiet-do-thap\/#breadcrumb"},"inLanguage":"en-US","potentialAction":[{"@type":"ReadAction","target":["https:\/\/quando.com.vn\/en\/product\/dau-do-khi-nh3-gtq-bs03-cua-hanwei-nhiet-do-thap\/"]}]},{"@type":"BreadcrumbList","@id":"https:\/\/quando.com.vn\/en\/product\/dau-do-khi-nh3-gtq-bs03-cua-hanwei-nhiet-do-thap\/#breadcrumb","itemListElement":[{"@type":"ListItem","position":1,"name":"Trang ch\u1ee7","item":"https:\/\/quando.com.vn\/"},{"@type":"ListItem","position":2,"name":"S\u1ea3n ph\u1ea9m","item":"https:\/\/quando.com.vn\/san-pham\/"},{"@type":"ListItem","position":3,"name":"\u0110\u1ea7u d\u00f2 kh\u00ed NH3 GTQ-BS03 c\u1ee7a Hanwei-phi\u00ean b\u1ea3n nhi\u1ec7t \u0111\u1ed9 th\u1ea5p"}]}]}},"_links":{"self":[{"href":"https:\/\/quando.com.vn\/en\/wp-json\/wp\/v2\/product\/7046"}],"collection":[{"href":"https:\/\/quando.com.vn\/en\/wp-json\/wp\/v2\/product"}],"about":[{"href":"https:\/\/quando.com.vn\/en\/wp-json\/wp\/v2\/types\/product"}],"wp:featuredmedia":[{"embeddable":true,"href":"https:\/\/quando.com.vn\/en\/wp-json\/wp\/v2\/media\/6699"}],"wp:attachment":[{"href":"https:\/\/quando.com.vn\/en\/wp-json\/wp\/v2\/media?parent=7046"}],"wp:term":[{"taxonomy":"product_cat","embeddable":true,"href":"https:\/\/quando.com.vn\/en\/wp-json\/wp\/v2\/product_cat?post=7046"},{"taxonomy":"product_tag","embeddable":true,"href":"https:\/\/quando.com.vn\/en\/wp-json\/wp\/v2\/product_tag?post=7046"}],"curies":[{"name":"wp","href":"https:\/\/api.w.org\/{rel}","templated":true}]}}