{"id":7024,"date":"2025-06-04T14:58:43","date_gmt":"2025-06-04T07:58:43","guid":{"rendered":"https:\/\/quando.com.vn\/?post_type=product&#038;p=7024"},"modified":"2025-06-10T16:17:07","modified_gmt":"2025-06-10T09:17:07","slug":"fl101-dong-ho-do-luu-luong-sieu-am-chinh-xac-cao-do-nhiet-luong-inline-flo-instruments","status":"publish","type":"product","link":"https:\/\/quando.com.vn\/en\/product\/fl101-dong-ho-do-luu-luong-sieu-am-chinh-xac-cao-do-nhiet-luong-inline-flo-instruments\/","title":{"rendered":"FL101 \u2013 \u0110\u1ed3ng h\u1ed3 \u0111o l\u01b0u l\u01b0\u1ee3ng si\u00eau \u00e2m d\u1ea1ng in-line \u0111\u1ed9 b\u1ec1n cao | Flo-Instruments"},"content":{"rendered":"<h1><span style=\"font-size: 75%;\">FL101 \u2013 \u0110\u1ed3ng h\u1ed3 \u0111o l\u01b0u l\u01b0\u1ee3ng si\u00eau \u00e2m in-line cho \u0111o \u0111\u1ea1c l\u01b0u l\u01b0\u1ee3ng theo th\u1eddi gian th\u1ef1c trong d\u00e2y chuy\u1ec1n s\u1ea3n xu\u1ea5t<\/span><\/h1>\n<p><strong>FL101<\/strong> l\u00e0 thi\u1ebft b\u1ecb \u0111o l\u01b0u l\u01b0\u1ee3ng si\u00eau \u00e2m d\u1ea1ng in-line \u0111\u01b0\u1ee3c ph\u00e1t tri\u1ec3n b\u1edfi Flo-Instruments, chuy\u00ean d\u00f9ng \u0111\u1ec3 \u0111o l\u01b0u l\u01b0\u1ee3ng c\u1ee7a nhi\u1ec1u lo\u1ea1i ch\u1ea5t l\u1ecfng trong \u0111\u01b0\u1eddng \u1ed1ng. Thi\u1ebft b\u1ecb gi\u00fap <strong>\u0111o l\u01b0u l\u01b0\u1ee3ng theo th\u1eddi gian th\u1ef1c<\/strong> trong qu\u00e1 tr\u00ecnh s\u1ea3n xu\u1ea5t, g\u00f3p ph\u1ea7n ki\u1ec3m so\u00e1t ch\u00ednh x\u00e1c v\u00e0 n\u00e2ng cao hi\u1ec7u qu\u1ea3 v\u1eadn h\u00e0nh.<\/p>\n<p>Kh\u00e1c v\u1edbi c\u00e1c d\u00f2ng \u0111\u1ed3ng h\u1ed3 \u0111o truy\u1ec1n th\u1ed1ng c\u00f3 \u0111\u1ea7u ra \u0111\u01a1n gi\u1ea3n, <strong>FL101 \u0111\u01b0\u1ee3c t\u00edch h\u1ee3p \u0111\u1ea7y \u0111\u1ee7 c\u00e1c \u0111\u1ea7u ra k\u1ef9 thu\u1eadt s\u1ed1, analog,&#8230;<\/strong> h\u1ed7 tr\u1ee3 ho\u00e0n h\u1ea3o cho c\u00e1c h\u1ec7 th\u1ed1ng t\u1ef1 \u0111\u1ed9ng h\u00f3a trong nh\u00e0 m\u00e1y hi\u1ec7n \u0111\u1ea1i. \u0110i\u1ec1u n\u00e0y gi\u00fap kh\u1eafc ph\u1ee5c \u0111i\u1ec3m y\u1ebfu c\u1ee7a c\u00e1c thi\u1ebft b\u1ecb c\u0169 v\u1ed1n kh\u00f4ng th\u1ec3 \u0111\u00e1p \u1ee9ng nhu c\u1ea7u \u0111i\u1ec1u khi\u1ec3n t\u1ea1i ch\u1ed7 v\u00e0 th\u01b0\u1eddng ph\u1ea3i thay th\u1ebf to\u00e0n b\u1ed9.<\/p>\n<p><a style=\"position: relative; display: inline-block; max-width: 100%; text-decoration: none;\" href=\"https:\/\/www.flo-instruments.com\/video\/ecerplay.html\" target=\"_blank\" rel=\"noopener\"><img style=\"width: 100%; max-width: 600px; height: auto; display: block; border-radius: 8px;\" src=\"https:\/\/quando.com.vn\/wp-content\/uploads\/2025\/06\/Flo-Ins-FL101-Ultrasonic-Flow-img-product.png\" alt=\"Video FL101\" \/><img style=\"position: absolute; top: 50%; left: 50%; transform: translate(-50%, -50%); width: 80px; opacity: 0.9;\" src=\"https:\/\/img.icons8.com\/ios-filled\/100\/play-button-circled.png\" alt=\"Play Video\" \/><br \/>\n<\/a><\/p>\n<h2><span style=\"font-size: 75%;\">\u1ee8ng d\u1ee5ng ti\u00eau bi\u1ec3u<\/span><\/h2>\n<p>FL101 l\u00e0 l\u1ef1a ch\u1ecdn l\u00fd t\u01b0\u1edfng trong c\u00e1c ng\u00e0nh:<\/p>\n<p>&#8211; T\u1ef1 \u0111\u1ed9ng h\u00f3a d\u00e2y chuy\u1ec1n s\u1ea3n xu\u1ea5t<\/p>\n<p>&#8211; X\u1eed l\u00fd n\u01b0\u1edbc c\u00f4ng nghi\u1ec7p v\u00e0 d\u00e2n d\u1ee5ng<\/p>\n<p>&#8211; Ng\u00e0nh th\u1ef1c ph\u1ea9m, h\u00f3a ch\u1ea5t, \u0111\u1ed3 u\u1ed1ng<\/p>\n<p>&#8211; H\u1ec7 th\u1ed1ng gi\u00e1m s\u00e1t nhi\u1ec7t v\u00e0 l\u01b0u l\u01b0\u1ee3ng trong c\u00e1c nh\u00e0 m\u00e1y hi\u1ec7n \u0111\u1ea1i<\/p>\n<p><img loading=\"lazy\" class=\"wp-image-7027 alignleft\" src=\"https:\/\/quando.com.vn\/wp-content\/uploads\/2025\/06\/Flo-Ins-FL101-Ultrasonic-Flow-img-spec.png\" alt=\"FL101 \u0111\u1ed3ng h\u1ed3 \u0111o l\u01b0u l\u01b0\u1ee3ng si\u00eau \u00e2m in-line\" width=\"924\" height=\"468\" srcset=\"https:\/\/quando.com.vn\/wp-content\/uploads\/2025\/06\/Flo-Ins-FL101-Ultrasonic-Flow-img-spec.png 924w, https:\/\/quando.com.vn\/wp-content\/uploads\/2025\/06\/Flo-Ins-FL101-Ultrasonic-Flow-img-spec-300x152.png 300w, https:\/\/quando.com.vn\/wp-content\/uploads\/2025\/06\/Flo-Ins-FL101-Ultrasonic-Flow-img-spec-768x389.png 768w, https:\/\/quando.com.vn\/wp-content\/uploads\/2025\/06\/Flo-Ins-FL101-Ultrasonic-Flow-img-spec-18x9.png 18w\" sizes=\"(max-width: 924px) 100vw, 924px\" \/> <a style=\"color: #ffffff;\" href=\"https:\/\/www.flo-instruments.com\/sale-52286111-fl101-in-line-ultrasonic-flow-meter-with-injection-molding-structure-for-long-lasting-performance.html\" target=\"_blank\" rel=\"noopener\">Xem chi ti\u1ebft s\u1ea3n Flo-Instruments<\/a><\/p>","protected":false},"excerpt":{"rendered":"<p data-start=\"151\" data-end=\"231\">&#8211; T\u1ed1c \u0111\u1ed9 d\u00f2ng ch\u1ea3y: 0.1m\/s ~ 10m\/s<br \/>\n&#8211; \u0110\u1ed9 ch\u00ednh x\u00e1c: \u00b11.0%<br \/>\n&#8211; K\u00edch th\u01b0\u1edbc \u1ed1ng ph\u00f9 h\u1ee3p: OD20,OD25,OD32,OD40<\/p>","protected":false},"featured_media":7025,"template":"","meta":[],"product_cat":[442,471,476,481,416,484,488],"product_tag":[],"acf":[],"yoast_head":"<!-- This site is optimized with the Yoast SEO Premium plugin v18.4 (Yoast SEO v18.6) - https:\/\/yoast.com\/wordpress\/plugins\/seo\/ -->\n<title>FL101 \u2013 \u0110\u1ed3ng h\u1ed3 \u0111o l\u01b0u l\u01b0\u1ee3ng si\u00eau \u00e2m d\u1ea1ng in-line \u0111\u1ed9 b\u1ec1n cao | Flo-Instruments - QUANDO<\/title>\n<meta name=\"description\" content=\"FL101 l\u00e0 \u0111\u1ed3ng h\u1ed3 \u0111o l\u01b0u l\u01b0\u1ee3ng si\u00eau \u00e2m in-line v\u1edbi thi\u1ebft k\u1ebf \u00e9p phun nguy\u00ean kh\u1ed1i, \u0111\u1ed9 ch\u00ednh x\u00e1c cao, b\u1ec1n b\u1ec9 v\u00e0 d\u1ec5 l\u1eafp \u0111\u1eb7t trong c\u00e1c h\u1ec7 th\u1ed1ng ch\u1ea5t l\u1ecfng c\u00f4ng nghi\u1ec7p, HVAC, x\u1eed l\u00fd n\u01b0\u1edbc v\u00e0 nhi\u1ec1u ng\u00e0nh kh\u00e1c.\" \/>\n<meta name=\"robots\" content=\"index, follow, max-snippet:-1, max-image-preview:large, max-video-preview:-1\" \/>\n<link rel=\"canonical\" href=\"https:\/\/quando.com.vn\/en\/product\/fl101-dong-ho-do-luu-luong-sieu-am-chinh-xac-cao-do-nhiet-luong-inline-flo-instruments\/\" \/>\n<meta property=\"og:locale\" content=\"en_US\" \/>\n<meta property=\"og:type\" content=\"article\" \/>\n<meta property=\"og:title\" content=\"FL101 \u2013 \u0110\u1ed3ng h\u1ed3 \u0111o l\u01b0u l\u01b0\u1ee3ng si\u00eau \u00e2m d\u1ea1ng in-line \u0111\u1ed9 b\u1ec1n cao | Flo-Instruments\" \/>\n<meta property=\"og:description\" content=\"FL101 l\u00e0 \u0111\u1ed3ng h\u1ed3 \u0111o l\u01b0u l\u01b0\u1ee3ng si\u00eau \u00e2m in-line v\u1edbi thi\u1ebft k\u1ebf \u00e9p phun nguy\u00ean kh\u1ed1i, \u0111\u1ed9 ch\u00ednh x\u00e1c cao, b\u1ec1n b\u1ec9 v\u00e0 d\u1ec5 l\u1eafp \u0111\u1eb7t trong c\u00e1c h\u1ec7 th\u1ed1ng ch\u1ea5t l\u1ecfng c\u00f4ng nghi\u1ec7p, HVAC, x\u1eed l\u00fd n\u01b0\u1edbc v\u00e0 nhi\u1ec1u ng\u00e0nh kh\u00e1c.\" \/>\n<meta property=\"og:url\" content=\"https:\/\/quando.com.vn\/en\/product\/fl101-dong-ho-do-luu-luong-sieu-am-chinh-xac-cao-do-nhiet-luong-inline-flo-instruments\/\" \/>\n<meta property=\"og:site_name\" content=\"QUANDO\" \/>\n<meta property=\"article:modified_time\" content=\"2025-06-10T09:17:07+00:00\" \/>\n<meta property=\"og:image\" content=\"https:\/\/quando.com.vn\/wp-content\/uploads\/2025\/06\/Flo-Ins-FL101-Ultrasonic-Flow-img-product.png\" \/>\n\t<meta property=\"og:image:width\" content=\"860\" \/>\n\t<meta property=\"og:image:height\" content=\"499\" \/>\n\t<meta property=\"og:image:type\" content=\"image\/png\" \/>\n<meta name=\"twitter:card\" content=\"summary_large_image\" \/>\n<meta name=\"twitter:label1\" content=\"Est. reading time\" \/>\n\t<meta name=\"twitter:data1\" content=\"2 minutes\" \/>\n<script type=\"application\/ld+json\" class=\"yoast-schema-graph\">{\"@context\":\"https:\/\/schema.org\",\"@graph\":[{\"@type\":\"WebSite\",\"@id\":\"https:\/\/quando.com.vn\/en\/#website\",\"url\":\"https:\/\/quando.com.vn\/en\/\",\"name\":\"QUANDO\",\"description\":\"\",\"potentialAction\":[{\"@type\":\"SearchAction\",\"target\":{\"@type\":\"EntryPoint\",\"urlTemplate\":\"https:\/\/quando.com.vn\/en\/?s={search_term_string}\"},\"query-input\":\"required name=search_term_string\"}],\"inLanguage\":\"en-US\"},{\"@type\":\"ImageObject\",\"@id\":\"https:\/\/quando.com.vn\/san-pham\/fl101-dong-ho-do-luu-luong-sieu-am-chinh-xac-cao-do-nhiet-luong-inline-flo-instruments\/#primaryimage\",\"inLanguage\":\"en-US\",\"url\":\"https:\/\/quando.com.vn\/wp-content\/uploads\/2025\/06\/Flo-Ins-FL101-Ultrasonic-Flow-img-product.png\",\"contentUrl\":\"https:\/\/quando.com.vn\/wp-content\/uploads\/2025\/06\/Flo-Ins-FL101-Ultrasonic-Flow-img-product.png\",\"width\":860,\"height\":499,\"caption\":\"FL101 \u0111\u1ed3ng h\u1ed3 \u0111o l\u01b0u l\u01b0\u1ee3ng si\u00eau \u00e2m in-line\"},{\"@type\":\"WebPage\",\"@id\":\"https:\/\/quando.com.vn\/san-pham\/fl101-dong-ho-do-luu-luong-sieu-am-chinh-xac-cao-do-nhiet-luong-inline-flo-instruments\/#webpage\",\"url\":\"https:\/\/quando.com.vn\/san-pham\/fl101-dong-ho-do-luu-luong-sieu-am-chinh-xac-cao-do-nhiet-luong-inline-flo-instruments\/\",\"name\":\"FL101 \u2013 \u0110\u1ed3ng h\u1ed3 \u0111o l\u01b0u l\u01b0\u1ee3ng si\u00eau \u00e2m d\u1ea1ng in-line \u0111\u1ed9 b\u1ec1n cao | Flo-Instruments - QUANDO\",\"isPartOf\":{\"@id\":\"https:\/\/quando.com.vn\/en\/#website\"},\"primaryImageOfPage\":{\"@id\":\"https:\/\/quando.com.vn\/san-pham\/fl101-dong-ho-do-luu-luong-sieu-am-chinh-xac-cao-do-nhiet-luong-inline-flo-instruments\/#primaryimage\"},\"datePublished\":\"2025-06-04T07:58:43+00:00\",\"dateModified\":\"2025-06-10T09:17:07+00:00\",\"description\":\"FL101 l\u00e0 \u0111\u1ed3ng h\u1ed3 \u0111o l\u01b0u l\u01b0\u1ee3ng si\u00eau \u00e2m in-line v\u1edbi thi\u1ebft k\u1ebf \u00e9p phun nguy\u00ean kh\u1ed1i, \u0111\u1ed9 ch\u00ednh x\u00e1c cao, b\u1ec1n b\u1ec9 v\u00e0 d\u1ec5 l\u1eafp \u0111\u1eb7t trong c\u00e1c h\u1ec7 th\u1ed1ng ch\u1ea5t l\u1ecfng c\u00f4ng nghi\u1ec7p, HVAC, x\u1eed l\u00fd n\u01b0\u1edbc v\u00e0 nhi\u1ec1u ng\u00e0nh kh\u00e1c.\",\"breadcrumb\":{\"@id\":\"https:\/\/quando.com.vn\/san-pham\/fl101-dong-ho-do-luu-luong-sieu-am-chinh-xac-cao-do-nhiet-luong-inline-flo-instruments\/#breadcrumb\"},\"inLanguage\":\"en-US\",\"potentialAction\":[{\"@type\":\"ReadAction\",\"target\":[\"https:\/\/quando.com.vn\/san-pham\/fl101-dong-ho-do-luu-luong-sieu-am-chinh-xac-cao-do-nhiet-luong-inline-flo-instruments\/\"]}]},{\"@type\":\"BreadcrumbList\",\"@id\":\"https:\/\/quando.com.vn\/san-pham\/fl101-dong-ho-do-luu-luong-sieu-am-chinh-xac-cao-do-nhiet-luong-inline-flo-instruments\/#breadcrumb\",\"itemListElement\":[{\"@type\":\"ListItem\",\"position\":1,\"name\":\"Trang ch\u1ee7\",\"item\":\"https:\/\/quando.com.vn\/\"},{\"@type\":\"ListItem\",\"position\":2,\"name\":\"S\u1ea3n ph\u1ea9m\",\"item\":\"https:\/\/quando.com.vn\/san-pham\/\"},{\"@type\":\"ListItem\",\"position\":3,\"name\":\"FL101 \u2013 \u0110\u1ed3ng h\u1ed3 \u0111o l\u01b0u l\u01b0\u1ee3ng si\u00eau \u00e2m d\u1ea1ng in-line \u0111\u1ed9 b\u1ec1n cao | Flo-Instruments\"}]}]}<\/script>\n<!-- \/ Yoast SEO Premium plugin. -->","yoast_head_json":{"title":"FL101 \u2013 \u0110\u1ed3ng h\u1ed3 \u0111o l\u01b0u l\u01b0\u1ee3ng si\u00eau \u00e2m d\u1ea1ng in-line \u0111\u1ed9 b\u1ec1n cao | Flo-Instruments - QUANDO","description":"FL101 l\u00e0 \u0111\u1ed3ng h\u1ed3 \u0111o l\u01b0u l\u01b0\u1ee3ng si\u00eau \u00e2m in-line v\u1edbi thi\u1ebft k\u1ebf \u00e9p phun nguy\u00ean kh\u1ed1i, \u0111\u1ed9 ch\u00ednh x\u00e1c cao, b\u1ec1n b\u1ec9 v\u00e0 d\u1ec5 l\u1eafp \u0111\u1eb7t trong c\u00e1c h\u1ec7 th\u1ed1ng ch\u1ea5t l\u1ecfng c\u00f4ng nghi\u1ec7p, HVAC, x\u1eed l\u00fd n\u01b0\u1edbc v\u00e0 nhi\u1ec1u ng\u00e0nh kh\u00e1c.","robots":{"index":"index","follow":"follow","max-snippet":"max-snippet:-1","max-image-preview":"max-image-preview:large","max-video-preview":"max-video-preview:-1"},"canonical":"https:\/\/quando.com.vn\/en\/product\/fl101-dong-ho-do-luu-luong-sieu-am-chinh-xac-cao-do-nhiet-luong-inline-flo-instruments\/","og_locale":"en_US","og_type":"article","og_title":"FL101 \u2013 \u0110\u1ed3ng h\u1ed3 \u0111o l\u01b0u l\u01b0\u1ee3ng si\u00eau \u00e2m d\u1ea1ng in-line \u0111\u1ed9 b\u1ec1n cao | Flo-Instruments","og_description":"FL101 l\u00e0 \u0111\u1ed3ng h\u1ed3 \u0111o l\u01b0u l\u01b0\u1ee3ng si\u00eau \u00e2m in-line v\u1edbi thi\u1ebft k\u1ebf \u00e9p phun nguy\u00ean kh\u1ed1i, \u0111\u1ed9 ch\u00ednh x\u00e1c cao, b\u1ec1n b\u1ec9 v\u00e0 d\u1ec5 l\u1eafp \u0111\u1eb7t trong c\u00e1c h\u1ec7 th\u1ed1ng ch\u1ea5t l\u1ecfng c\u00f4ng nghi\u1ec7p, HVAC, x\u1eed l\u00fd n\u01b0\u1edbc v\u00e0 nhi\u1ec1u ng\u00e0nh kh\u00e1c.","og_url":"https:\/\/quando.com.vn\/en\/product\/fl101-dong-ho-do-luu-luong-sieu-am-chinh-xac-cao-do-nhiet-luong-inline-flo-instruments\/","og_site_name":"QUANDO","article_modified_time":"2025-06-10T09:17:07+00:00","og_image":[{"width":860,"height":499,"url":"https:\/\/quando.com.vn\/wp-content\/uploads\/2025\/06\/Flo-Ins-FL101-Ultrasonic-Flow-img-product.png","type":"image\/png"}],"twitter_card":"summary_large_image","twitter_misc":{"Est. reading time":"2 minutes"},"schema":{"@context":"https:\/\/schema.org","@graph":[{"@type":"WebSite","@id":"https:\/\/quando.com.vn\/en\/#website","url":"https:\/\/quando.com.vn\/en\/","name":"QUANDO","description":"","potentialAction":[{"@type":"SearchAction","target":{"@type":"EntryPoint","urlTemplate":"https:\/\/quando.com.vn\/en\/?s={search_term_string}"},"query-input":"required name=search_term_string"}],"inLanguage":"en-US"},{"@type":"ImageObject","@id":"https:\/\/quando.com.vn\/san-pham\/fl101-dong-ho-do-luu-luong-sieu-am-chinh-xac-cao-do-nhiet-luong-inline-flo-instruments\/#primaryimage","inLanguage":"en-US","url":"https:\/\/quando.com.vn\/wp-content\/uploads\/2025\/06\/Flo-Ins-FL101-Ultrasonic-Flow-img-product.png","contentUrl":"https:\/\/quando.com.vn\/wp-content\/uploads\/2025\/06\/Flo-Ins-FL101-Ultrasonic-Flow-img-product.png","width":860,"height":499,"caption":"FL101 \u0111\u1ed3ng h\u1ed3 \u0111o l\u01b0u l\u01b0\u1ee3ng si\u00eau \u00e2m in-line"},{"@type":"WebPage","@id":"https:\/\/quando.com.vn\/san-pham\/fl101-dong-ho-do-luu-luong-sieu-am-chinh-xac-cao-do-nhiet-luong-inline-flo-instruments\/#webpage","url":"https:\/\/quando.com.vn\/san-pham\/fl101-dong-ho-do-luu-luong-sieu-am-chinh-xac-cao-do-nhiet-luong-inline-flo-instruments\/","name":"FL101 \u2013 \u0110\u1ed3ng h\u1ed3 \u0111o l\u01b0u l\u01b0\u1ee3ng si\u00eau \u00e2m d\u1ea1ng in-line \u0111\u1ed9 b\u1ec1n cao | Flo-Instruments - QUANDO","isPartOf":{"@id":"https:\/\/quando.com.vn\/en\/#website"},"primaryImageOfPage":{"@id":"https:\/\/quando.com.vn\/san-pham\/fl101-dong-ho-do-luu-luong-sieu-am-chinh-xac-cao-do-nhiet-luong-inline-flo-instruments\/#primaryimage"},"datePublished":"2025-06-04T07:58:43+00:00","dateModified":"2025-06-10T09:17:07+00:00","description":"FL101 l\u00e0 \u0111\u1ed3ng h\u1ed3 \u0111o l\u01b0u l\u01b0\u1ee3ng si\u00eau \u00e2m in-line v\u1edbi thi\u1ebft k\u1ebf \u00e9p phun nguy\u00ean kh\u1ed1i, \u0111\u1ed9 ch\u00ednh x\u00e1c cao, b\u1ec1n b\u1ec9 v\u00e0 d\u1ec5 l\u1eafp \u0111\u1eb7t trong c\u00e1c h\u1ec7 th\u1ed1ng ch\u1ea5t l\u1ecfng c\u00f4ng nghi\u1ec7p, HVAC, x\u1eed l\u00fd n\u01b0\u1edbc v\u00e0 nhi\u1ec1u ng\u00e0nh kh\u00e1c.","breadcrumb":{"@id":"https:\/\/quando.com.vn\/san-pham\/fl101-dong-ho-do-luu-luong-sieu-am-chinh-xac-cao-do-nhiet-luong-inline-flo-instruments\/#breadcrumb"},"inLanguage":"en-US","potentialAction":[{"@type":"ReadAction","target":["https:\/\/quando.com.vn\/san-pham\/fl101-dong-ho-do-luu-luong-sieu-am-chinh-xac-cao-do-nhiet-luong-inline-flo-instruments\/"]}]},{"@type":"BreadcrumbList","@id":"https:\/\/quando.com.vn\/san-pham\/fl101-dong-ho-do-luu-luong-sieu-am-chinh-xac-cao-do-nhiet-luong-inline-flo-instruments\/#breadcrumb","itemListElement":[{"@type":"ListItem","position":1,"name":"Trang ch\u1ee7","item":"https:\/\/quando.com.vn\/"},{"@type":"ListItem","position":2,"name":"S\u1ea3n ph\u1ea9m","item":"https:\/\/quando.com.vn\/san-pham\/"},{"@type":"ListItem","position":3,"name":"FL101 \u2013 \u0110\u1ed3ng h\u1ed3 \u0111o l\u01b0u l\u01b0\u1ee3ng si\u00eau \u00e2m d\u1ea1ng in-line \u0111\u1ed9 b\u1ec1n cao | Flo-Instruments"}]}]}},"_links":{"self":[{"href":"https:\/\/quando.com.vn\/en\/wp-json\/wp\/v2\/product\/7024"}],"collection":[{"href":"https:\/\/quando.com.vn\/en\/wp-json\/wp\/v2\/product"}],"about":[{"href":"https:\/\/quando.com.vn\/en\/wp-json\/wp\/v2\/types\/product"}],"wp:featuredmedia":[{"embeddable":true,"href":"https:\/\/quando.com.vn\/en\/wp-json\/wp\/v2\/media\/7025"}],"wp:attachment":[{"href":"https:\/\/quando.com.vn\/en\/wp-json\/wp\/v2\/media?parent=7024"}],"wp:term":[{"taxonomy":"product_cat","embeddable":true,"href":"https:\/\/quando.com.vn\/en\/wp-json\/wp\/v2\/product_cat?post=7024"},{"taxonomy":"product_tag","embeddable":true,"href":"https:\/\/quando.com.vn\/en\/wp-json\/wp\/v2\/product_tag?post=7024"}],"curies":[{"name":"wp","href":"https:\/\/api.w.org\/{rel}","templated":true}]}}