{"id":7016,"date":"2025-06-04T13:32:02","date_gmt":"2025-06-04T06:32:02","guid":{"rendered":"https:\/\/quando.com.vn\/?post_type=product&#038;p=7016"},"modified":"2025-06-10T16:19:34","modified_gmt":"2025-06-10T09:19:34","slug":"flo-intruments-tm601plus-dong-ho-do-luu-luong","status":"publish","type":"product","link":"https:\/\/quando.com.vn\/en\/product\/flo-intruments-tm601plus-dong-ho-do-luu-luong\/","title":{"rendered":"TM601 Plus \u2013 \u0110\u1ed3ng h\u1ed3 \u0111o l\u01b0u l\u01b0\u1ee3ng si\u00eau \u00e2m clamp-on ch\u00ednh x\u00e1c | Flo-Instruments"},"content":{"rendered":"<h1><span style=\"font-size: 75%;\">TM601 Plus \u2013 \u0110\u1ed3ng h\u1ed3 \u0111o l\u01b0u l\u01b0\u1ee3ng si\u00eau \u00e2m clamp-on ch\u00ednh x\u00e1c v\u00e0 d\u1ec5 l\u1eafp \u0111\u1eb7t<\/span><\/h1>\n<p><span style=\"font-size: 100%;\">N\u1ebfu b\u1ea1n \u0111ang t\u00ecm ki\u1ebfm m\u1ed9t gi\u1ea3i ph\u00e1p \u0111o l\u01b0u l\u01b0\u1ee3ng kh\u00f4ng x\u00e2m l\u1ea5n, ch\u00ednh x\u00e1c v\u00e0 d\u1ec5 s\u1eed d\u1ee5ng, TM601 Plus \u2013 \u0110\u1ed3ng h\u1ed3 \u0111o l\u01b0u l\u01b0\u1ee3ng si\u00eau \u00e2m clamp-on t\u1eeb Flo-Instruments ch\u00ednh l\u00e0 s\u1ef1 l\u1ef1a ch\u1ecdn l\u00fd t\u01b0\u1edfng. Thi\u1ebft b\u1ecb n\u00e0y \u0111\u01b0\u1ee3c thi\u1ebft k\u1ebf \u0111\u1ec3 mang l\u1ea1i hi\u1ec7u su\u1ea5t cao trong c\u00e1c \u1ee9ng d\u1ee5ng c\u00f4ng nghi\u1ec7p, HVAC, n\u01b0\u1edbc, d\u1ea7u v\u00e0 nhi\u1ec1u lo\u1ea1i ch\u1ea5t l\u1ecfng kh\u00e1c.<\/span><\/p>\n<h2><span style=\"font-size: 75%;\">\u1ee8ng d\u1ee5ng th\u1ef1c t\u1ebf c\u1ee7a \u0111\u1ed3ng h\u1ed3 \u0111o l\u01b0u l\u01b0\u1ee3ng si\u00eau \u00e2m TM601 Plus<\/span><\/h2>\n<p><span style=\"font-size: 100%;\">V\u1edbi thi\u1ebft k\u1ebf kh\u00f4ng x\u00e2m l\u1ea5n, TM601 Plus ph\u00f9 h\u1ee3p v\u1edbi nhi\u1ec1u l\u0129nh v\u1ef1c nh\u01b0:<\/span><\/p>\n<p><span style=\"font-size: 100%;\">\u00a0 &#8211; Nh\u00e0 m\u00e1y x\u1eed l\u00fd n\u01b0\u1edbc v\u00e0 n\u01b0\u1edbc th\u1ea3i<\/span><\/p>\n<p><span style=\"font-size: 100%;\">\u00a0 &#8211; H\u1ec7 th\u1ed1ng HVAC<\/span><\/p>\n<p><span style=\"font-size: 100%;\">\u00a0&#8211; Ng\u00e0nh d\u1ea7u kh\u00ed v\u00e0 h\u00f3a ch\u1ea5t<\/span><\/p>\n<p><span style=\"font-size: 100%;\">\u00a0&#8211;\u00a0 Ng\u00e0nh th\u1ef1c ph\u1ea9m &amp; \u0111\u1ed3 u\u1ed1ng<\/span><\/p>\n<p><span style=\"font-size: 100%;\">\u00a0&#8211; H\u1ec7 th\u1ed1ng l\u00e0m m\u00e1t tu\u1ea7n ho\u00e0n<\/span><\/p>\n<h2><span style=\"font-size: 75%;\">Th\u00f4ng s\u1ed1 k\u1ef9 thu\u1eadt ch\u00ednh<\/span><\/h2>\n<table style=\"width: 100%; border-collapse: collapse;\">\n<thead>\n<tr style=\"background-color: #f0f0f0;\">\n<th style=\"padding: 10px; border: 1px solid #ccc;\"><span style=\"font-size: 100%;\">Th\u00f4ng s\u1ed1<\/span><\/th>\n<th style=\"padding: 10px; border: 1px solid #ccc;\"><span style=\"font-size: 100%;\">Gi\u00e1 tr\u1ecb<\/span><\/th>\n<\/tr>\n<\/thead>\n<tbody>\n<tr>\n<td style=\"padding: 10px; border: 1px solid #ccc;\"><span style=\"font-size: 100%;\">D\u1ea3i l\u01b0u l\u01b0\u1ee3ng<\/span><\/td>\n<td style=\"padding: 10px; border: 1px solid #ccc;\"><span style=\"font-size: 100%;\">\u00b10.1 m\/s ~ \u00b15 m\/s (\u00b10.328 ft\/s ~ \u00b116 ft\/s)<\/span><\/td>\n<\/tr>\n<tr>\n<td style=\"padding: 10px; border: 1px solid #ccc;\"><span style=\"font-size: 100%;\">\u0110\u1ed9 ch\u00ednh x\u00e1c<\/span><\/td>\n<td style=\"padding: 10px; border: 1px solid #ccc;\"><span style=\"font-size: 100%;\">\u00b12% gi\u00e1 tr\u1ecb \u0111o \u0111\u01b0\u1ee3c<\/span><\/td>\n<\/tr>\n<tr>\n<td style=\"padding: 10px; border: 1px solid #ccc;\"><span style=\"font-size: 100%;\">\u0110\u1ed9 l\u1eb7p l\u1ea1i<\/span><\/td>\n<td style=\"padding: 10px; border: 1px solid #ccc;\"><span style=\"font-size: 100%;\">0.40%<\/span><\/td>\n<\/tr>\n<tr>\n<td style=\"padding: 10px; border: 1px solid #ccc;\"><span style=\"font-size: 100%;\">D\u1ea3i \u0111\u01b0\u1eddng k\u00ednh \u1ed1ng (t\u00f9y ch\u1ecdn)<\/span><\/td>\n<td style=\"padding: 10px; border: 1px solid #ccc;\"><span style=\"font-size: 100%;\">OD110 \u0111\u1ebfn OD220<\/span><\/td>\n<\/tr>\n<tr>\n<td style=\"padding: 10px; border: 1px solid #ccc;\"><span style=\"font-size: 100%;\">M\u00f4i ch\u1ea5t \u0111o<\/span><\/td>\n<td style=\"padding: 10px; border: 1px solid #ccc;\"><span style=\"font-size: 100%;\">N\u01b0\u1edbc, n\u01b0\u1edbc bi\u1ec3n, d\u1ea7u<\/span><\/td>\n<\/tr>\n<tr>\n<td style=\"padding: 10px; border: 1px solid #ccc;\"><span style=\"font-size: 100%;\">V\u1eadt li\u1ec7u \u1ed1ng (t\u00f9y ch\u1ecdn)<\/span><\/td>\n<td style=\"padding: 10px; border: 1px solid #ccc;\"><span style=\"font-size: 100%;\">Th\u00e9p carbon, inox, PVC<\/span><\/td>\n<\/tr>\n<tr>\n<td style=\"padding: 10px; border: 1px solid #ccc;\"><span style=\"font-size: 100%;\">Giao ti\u1ebfp<\/span><\/td>\n<td style=\"padding: 10px; border: 1px solid #ccc;\"><span style=\"font-size: 100%;\">RS485, h\u1ed7 tr\u1ee3 giao th\u1ee9c Modbus<\/span><\/td>\n<\/tr>\n<tr>\n<td style=\"padding: 10px; border: 1px solid #ccc;\"><span style=\"font-size: 100%;\">Ngu\u1ed3n c\u1ea5p<\/span><\/td>\n<td style=\"padding: 10px; border: 1px solid #ccc;\"><span style=\"font-size: 100%;\">24V DC<\/span><\/td>\n<\/tr>\n<tr>\n<td style=\"padding: 10px; border: 1px solid #ccc;\"><span style=\"font-size: 100%;\">B\u00e0n ph\u00edm<\/span><\/td>\n<td style=\"padding: 10px; border: 1px solid #ccc;\"><span style=\"font-size: 100%;\">4 ph\u00edm c\u1ea3m \u1ee9ng<\/span><\/td>\n<\/tr>\n<tr>\n<td style=\"padding: 10px; border: 1px solid #ccc;\"><span style=\"font-size: 100%;\">M\u00e0n h\u00ecnh hi\u1ec3n th\u1ecb<\/span><\/td>\n<td style=\"padding: 10px; border: 1px solid #ccc;\"><span style=\"font-size: 100%;\">OLED ma tr\u1eadn \u0111i\u1ec3m 128\u00d764 c\u00f3 \u0111\u00e8n n\u1ec1n<\/span><\/td>\n<\/tr>\n<\/tbody>\n<\/table>\n<h2><span style=\"font-size: 100%;\"><a href=\"https:\/\/quando.com.vn\/wp-content\/uploads\/2025\/06\/tm601_plus_clamp_on_ultrasonic_flowmeter_for_accurate_measurements.webp\"><img loading=\"lazy\" src=\"https:\/\/quando.com.vn\/wp-content\/uploads\/2025\/06\/tm601_plus_clamp_on_ultrasonic_flowmeter_for_accurate_measurements.webp\" alt=\"\u0111\u1ed3ng h\u1ed3 \u0111o l\u01b0u l\u01b0\u1ee3ng si\u00eau \u00e2m TM601\" width=\"448\" height=\"400\" \/><\/a><\/span><\/h2>\n<h2><span style=\"font-size: 75%;\">T\u1ea1i sao n\u00ean ch\u1ecdn Flo-Instruments?<\/span><\/h2>\n<p><span style=\"font-size: 100%;\">Flo-Instruments l\u00e0 th\u01b0\u01a1ng hi\u1ec7u chuy\u00ean s\u00e2u trong l\u0129nh v\u1ef1c thi\u1ebft b\u1ecb \u0111o l\u01b0u l\u01b0\u1ee3ng si\u00eau \u00e2m v\u1edbi h\u01a1n 20 n\u0103m kinh nghi\u1ec7m. S\u1ea3n ph\u1ea9m c\u1ee7a h\u1ecd \u0111\u1ea1t ti\u00eau chu\u1ea9n qu\u1ed1c t\u1ebf, h\u1ed7 tr\u1ee3 k\u1ef9 thu\u1eadt to\u00e0n c\u1ea7u v\u00e0 ph\u00f9 h\u1ee3p cho c\u1ea3 h\u1ec7 th\u1ed1ng c\u1ed1 \u0111\u1ecbnh l\u1eabn di \u0111\u1ed9ng.<\/span><\/p>\n<p>&nbsp;<\/p>\n<p><span style=\"font-size: 100%;\">\ud83d\udc49 <a href=\"https:\/\/www.flo-instruments.com\/sale-47194145-tm601-plus-clamp-on-ultrasonic-flowmeter-for-accurate-measurements.html\" target=\"_blank\" rel=\"noopener\">Xem chi ti\u1ebft s\u1ea3n ph\u1ea9m t\u1ea1i Flo-Instruments<\/a><\/span><\/p>","protected":false},"excerpt":{"rendered":"<p data-start=\"151\" data-end=\"231\">&#8211; T\u1ed1c \u0111\u1ed9 d\u00f2ng ch\u1ea3y: 0.328 ft\/s \u0111\u1ebfn \u00b116 ft\/s (t\u01b0\u01a1ng \u0111\u01b0\u01a1ng 0.1 m\/s \u0111\u1ebfn \u00b15 m\/s)<\/p>\n<p data-start=\"234\" data-end=\"259\">&#8211; \u0110\u1ed9 ch\u00ednh x\u00e1c: \u00b12.0%<\/p>\n<p data-start=\"262\" data-end=\"316\">&#8211; K\u00edch th\u01b0\u1edbc \u1ed1ng ph\u00f9 h\u1ee3p: DN100, DN125, DN160, DN200<\/p>","protected":false},"featured_media":7017,"template":"","meta":[],"product_cat":[471,476,477,416,444,484,485],"product_tag":[],"acf":[],"yoast_head":"<!-- This site is optimized with the Yoast SEO Premium plugin v18.4 (Yoast SEO v18.6) - https:\/\/yoast.com\/wordpress\/plugins\/seo\/ -->\n<title>TM601 Plus \u2013 \u0110\u1ed3ng h\u1ed3 \u0111o l\u01b0u l\u01b0\u1ee3ng si\u00eau \u00e2m clamp-on ch\u00ednh x\u00e1c | Flo-Instruments - QUANDO<\/title>\n<meta name=\"description\" content=\"TM601 Plus t\u1eeb Flo-Instruments l\u00e0 thi\u1ebft b\u1ecb \u0111o l\u01b0u l\u01b0\u1ee3ng si\u00eau \u00e2m clamp-on ch\u00ednh x\u00e1c, d\u1ec5 l\u1eafp \u0111\u1eb7t, kh\u00f4ng c\u1ea7n c\u1eaft \u1ed1ng, l\u00fd t\u01b0\u1edfng cho c\u00e1c \u1ee9ng d\u1ee5ng c\u00f4ng nghi\u1ec7p v\u00e0 HVAC.\" \/>\n<meta name=\"robots\" content=\"index, follow, max-snippet:-1, max-image-preview:large, max-video-preview:-1\" \/>\n<link rel=\"canonical\" href=\"https:\/\/quando.com.vn\/en\/product\/flo-intruments-tm601plus-dong-ho-do-luu-luong\/\" \/>\n<meta property=\"og:locale\" content=\"en_US\" \/>\n<meta property=\"og:type\" content=\"article\" \/>\n<meta property=\"og:title\" content=\"TM601 Plus \u2013 \u0110\u1ed3ng h\u1ed3 \u0111o l\u01b0u l\u01b0\u1ee3ng si\u00eau \u00e2m clamp-on ch\u00ednh x\u00e1c | Flo-Instruments\" \/>\n<meta property=\"og:description\" content=\"TM601 Plus t\u1eeb Flo-Instruments l\u00e0 thi\u1ebft b\u1ecb \u0111o l\u01b0u l\u01b0\u1ee3ng si\u00eau \u00e2m clamp-on ch\u00ednh x\u00e1c, d\u1ec5 l\u1eafp \u0111\u1eb7t, kh\u00f4ng c\u1ea7n c\u1eaft \u1ed1ng, l\u00fd t\u01b0\u1edfng cho c\u00e1c \u1ee9ng d\u1ee5ng c\u00f4ng nghi\u1ec7p v\u00e0 HVAC.\" \/>\n<meta property=\"og:url\" content=\"https:\/\/quando.com.vn\/en\/product\/flo-intruments-tm601plus-dong-ho-do-luu-luong\/\" \/>\n<meta property=\"og:site_name\" content=\"QUANDO\" \/>\n<meta property=\"article:modified_time\" content=\"2025-06-10T09:19:34+00:00\" \/>\n<meta property=\"og:image\" content=\"https:\/\/quando.com.vn\/wp-content\/uploads\/2025\/06\/TM601-Plus_img-product.png\" \/>\n\t<meta property=\"og:image:width\" content=\"427\" \/>\n\t<meta property=\"og:image:height\" content=\"446\" \/>\n\t<meta property=\"og:image:type\" content=\"image\/png\" \/>\n<meta name=\"twitter:card\" content=\"summary_large_image\" \/>\n<meta name=\"twitter:label1\" content=\"Est. reading time\" \/>\n\t<meta name=\"twitter:data1\" content=\"2 minutes\" \/>\n<script type=\"application\/ld+json\" class=\"yoast-schema-graph\">{\"@context\":\"https:\/\/schema.org\",\"@graph\":[{\"@type\":\"WebSite\",\"@id\":\"https:\/\/quando.com.vn\/en\/#website\",\"url\":\"https:\/\/quando.com.vn\/en\/\",\"name\":\"QUANDO\",\"description\":\"\",\"potentialAction\":[{\"@type\":\"SearchAction\",\"target\":{\"@type\":\"EntryPoint\",\"urlTemplate\":\"https:\/\/quando.com.vn\/en\/?s={search_term_string}\"},\"query-input\":\"required name=search_term_string\"}],\"inLanguage\":\"en-US\"},{\"@type\":\"ImageObject\",\"@id\":\"https:\/\/quando.com.vn\/san-pham\/flo-intruments-tm601plus-dong-ho-do-luu-luong\/#primaryimage\",\"inLanguage\":\"en-US\",\"url\":\"https:\/\/quando.com.vn\/wp-content\/uploads\/2025\/06\/TM601-Plus_img-product.png\",\"contentUrl\":\"https:\/\/quando.com.vn\/wp-content\/uploads\/2025\/06\/TM601-Plus_img-product.png\",\"width\":427,\"height\":446,\"caption\":\"\u0111\u1ed3ng h\u1ed3 \u0111o l\u01b0u l\u01b0\u1ee3ng si\u00eau \u00e2m TM601\"},{\"@type\":\"WebPage\",\"@id\":\"https:\/\/quando.com.vn\/san-pham\/flo-intruments-tm601plus-dong-ho-do-luu-luong\/#webpage\",\"url\":\"https:\/\/quando.com.vn\/san-pham\/flo-intruments-tm601plus-dong-ho-do-luu-luong\/\",\"name\":\"TM601 Plus \u2013 \u0110\u1ed3ng h\u1ed3 \u0111o l\u01b0u l\u01b0\u1ee3ng si\u00eau \u00e2m clamp-on ch\u00ednh x\u00e1c | Flo-Instruments - QUANDO\",\"isPartOf\":{\"@id\":\"https:\/\/quando.com.vn\/en\/#website\"},\"primaryImageOfPage\":{\"@id\":\"https:\/\/quando.com.vn\/san-pham\/flo-intruments-tm601plus-dong-ho-do-luu-luong\/#primaryimage\"},\"datePublished\":\"2025-06-04T06:32:02+00:00\",\"dateModified\":\"2025-06-10T09:19:34+00:00\",\"description\":\"TM601 Plus t\u1eeb Flo-Instruments l\u00e0 thi\u1ebft b\u1ecb \u0111o l\u01b0u l\u01b0\u1ee3ng si\u00eau \u00e2m clamp-on ch\u00ednh x\u00e1c, d\u1ec5 l\u1eafp \u0111\u1eb7t, kh\u00f4ng c\u1ea7n c\u1eaft \u1ed1ng, l\u00fd t\u01b0\u1edfng cho c\u00e1c \u1ee9ng d\u1ee5ng c\u00f4ng nghi\u1ec7p v\u00e0 HVAC.\",\"breadcrumb\":{\"@id\":\"https:\/\/quando.com.vn\/san-pham\/flo-intruments-tm601plus-dong-ho-do-luu-luong\/#breadcrumb\"},\"inLanguage\":\"en-US\",\"potentialAction\":[{\"@type\":\"ReadAction\",\"target\":[\"https:\/\/quando.com.vn\/san-pham\/flo-intruments-tm601plus-dong-ho-do-luu-luong\/\"]}]},{\"@type\":\"BreadcrumbList\",\"@id\":\"https:\/\/quando.com.vn\/san-pham\/flo-intruments-tm601plus-dong-ho-do-luu-luong\/#breadcrumb\",\"itemListElement\":[{\"@type\":\"ListItem\",\"position\":1,\"name\":\"Trang ch\u1ee7\",\"item\":\"https:\/\/quando.com.vn\/\"},{\"@type\":\"ListItem\",\"position\":2,\"name\":\"S\u1ea3n ph\u1ea9m\",\"item\":\"https:\/\/quando.com.vn\/san-pham\/\"},{\"@type\":\"ListItem\",\"position\":3,\"name\":\"TM601 Plus \u2013 \u0110\u1ed3ng h\u1ed3 \u0111o l\u01b0u l\u01b0\u1ee3ng si\u00eau \u00e2m clamp-on ch\u00ednh x\u00e1c | Flo-Instruments\"}]}]}<\/script>\n<!-- \/ Yoast SEO Premium plugin. -->","yoast_head_json":{"title":"TM601 Plus \u2013 \u0110\u1ed3ng h\u1ed3 \u0111o l\u01b0u l\u01b0\u1ee3ng si\u00eau \u00e2m clamp-on ch\u00ednh x\u00e1c | Flo-Instruments - QUANDO","description":"TM601 Plus t\u1eeb Flo-Instruments l\u00e0 thi\u1ebft b\u1ecb \u0111o l\u01b0u l\u01b0\u1ee3ng si\u00eau \u00e2m clamp-on ch\u00ednh x\u00e1c, d\u1ec5 l\u1eafp \u0111\u1eb7t, kh\u00f4ng c\u1ea7n c\u1eaft \u1ed1ng, l\u00fd t\u01b0\u1edfng cho c\u00e1c \u1ee9ng d\u1ee5ng c\u00f4ng nghi\u1ec7p v\u00e0 HVAC.","robots":{"index":"index","follow":"follow","max-snippet":"max-snippet:-1","max-image-preview":"max-image-preview:large","max-video-preview":"max-video-preview:-1"},"canonical":"https:\/\/quando.com.vn\/en\/product\/flo-intruments-tm601plus-dong-ho-do-luu-luong\/","og_locale":"en_US","og_type":"article","og_title":"TM601 Plus \u2013 \u0110\u1ed3ng h\u1ed3 \u0111o l\u01b0u l\u01b0\u1ee3ng si\u00eau \u00e2m clamp-on ch\u00ednh x\u00e1c | Flo-Instruments","og_description":"TM601 Plus t\u1eeb Flo-Instruments l\u00e0 thi\u1ebft b\u1ecb \u0111o l\u01b0u l\u01b0\u1ee3ng si\u00eau \u00e2m clamp-on ch\u00ednh x\u00e1c, d\u1ec5 l\u1eafp \u0111\u1eb7t, kh\u00f4ng c\u1ea7n c\u1eaft \u1ed1ng, l\u00fd t\u01b0\u1edfng cho c\u00e1c \u1ee9ng d\u1ee5ng c\u00f4ng nghi\u1ec7p v\u00e0 HVAC.","og_url":"https:\/\/quando.com.vn\/en\/product\/flo-intruments-tm601plus-dong-ho-do-luu-luong\/","og_site_name":"QUANDO","article_modified_time":"2025-06-10T09:19:34+00:00","og_image":[{"width":427,"height":446,"url":"https:\/\/quando.com.vn\/wp-content\/uploads\/2025\/06\/TM601-Plus_img-product.png","type":"image\/png"}],"twitter_card":"summary_large_image","twitter_misc":{"Est. reading time":"2 minutes"},"schema":{"@context":"https:\/\/schema.org","@graph":[{"@type":"WebSite","@id":"https:\/\/quando.com.vn\/en\/#website","url":"https:\/\/quando.com.vn\/en\/","name":"QUANDO","description":"","potentialAction":[{"@type":"SearchAction","target":{"@type":"EntryPoint","urlTemplate":"https:\/\/quando.com.vn\/en\/?s={search_term_string}"},"query-input":"required name=search_term_string"}],"inLanguage":"en-US"},{"@type":"ImageObject","@id":"https:\/\/quando.com.vn\/san-pham\/flo-intruments-tm601plus-dong-ho-do-luu-luong\/#primaryimage","inLanguage":"en-US","url":"https:\/\/quando.com.vn\/wp-content\/uploads\/2025\/06\/TM601-Plus_img-product.png","contentUrl":"https:\/\/quando.com.vn\/wp-content\/uploads\/2025\/06\/TM601-Plus_img-product.png","width":427,"height":446,"caption":"\u0111\u1ed3ng h\u1ed3 \u0111o l\u01b0u l\u01b0\u1ee3ng si\u00eau \u00e2m TM601"},{"@type":"WebPage","@id":"https:\/\/quando.com.vn\/san-pham\/flo-intruments-tm601plus-dong-ho-do-luu-luong\/#webpage","url":"https:\/\/quando.com.vn\/san-pham\/flo-intruments-tm601plus-dong-ho-do-luu-luong\/","name":"TM601 Plus \u2013 \u0110\u1ed3ng h\u1ed3 \u0111o l\u01b0u l\u01b0\u1ee3ng si\u00eau \u00e2m clamp-on ch\u00ednh x\u00e1c | Flo-Instruments - QUANDO","isPartOf":{"@id":"https:\/\/quando.com.vn\/en\/#website"},"primaryImageOfPage":{"@id":"https:\/\/quando.com.vn\/san-pham\/flo-intruments-tm601plus-dong-ho-do-luu-luong\/#primaryimage"},"datePublished":"2025-06-04T06:32:02+00:00","dateModified":"2025-06-10T09:19:34+00:00","description":"TM601 Plus t\u1eeb Flo-Instruments l\u00e0 thi\u1ebft b\u1ecb \u0111o l\u01b0u l\u01b0\u1ee3ng si\u00eau \u00e2m clamp-on ch\u00ednh x\u00e1c, d\u1ec5 l\u1eafp \u0111\u1eb7t, kh\u00f4ng c\u1ea7n c\u1eaft \u1ed1ng, l\u00fd t\u01b0\u1edfng cho c\u00e1c \u1ee9ng d\u1ee5ng c\u00f4ng nghi\u1ec7p v\u00e0 HVAC.","breadcrumb":{"@id":"https:\/\/quando.com.vn\/san-pham\/flo-intruments-tm601plus-dong-ho-do-luu-luong\/#breadcrumb"},"inLanguage":"en-US","potentialAction":[{"@type":"ReadAction","target":["https:\/\/quando.com.vn\/san-pham\/flo-intruments-tm601plus-dong-ho-do-luu-luong\/"]}]},{"@type":"BreadcrumbList","@id":"https:\/\/quando.com.vn\/san-pham\/flo-intruments-tm601plus-dong-ho-do-luu-luong\/#breadcrumb","itemListElement":[{"@type":"ListItem","position":1,"name":"Trang ch\u1ee7","item":"https:\/\/quando.com.vn\/"},{"@type":"ListItem","position":2,"name":"S\u1ea3n ph\u1ea9m","item":"https:\/\/quando.com.vn\/san-pham\/"},{"@type":"ListItem","position":3,"name":"TM601 Plus \u2013 \u0110\u1ed3ng h\u1ed3 \u0111o l\u01b0u l\u01b0\u1ee3ng si\u00eau \u00e2m clamp-on ch\u00ednh x\u00e1c | Flo-Instruments"}]}]}},"_links":{"self":[{"href":"https:\/\/quando.com.vn\/en\/wp-json\/wp\/v2\/product\/7016"}],"collection":[{"href":"https:\/\/quando.com.vn\/en\/wp-json\/wp\/v2\/product"}],"about":[{"href":"https:\/\/quando.com.vn\/en\/wp-json\/wp\/v2\/types\/product"}],"wp:featuredmedia":[{"embeddable":true,"href":"https:\/\/quando.com.vn\/en\/wp-json\/wp\/v2\/media\/7017"}],"wp:attachment":[{"href":"https:\/\/quando.com.vn\/en\/wp-json\/wp\/v2\/media?parent=7016"}],"wp:term":[{"taxonomy":"product_cat","embeddable":true,"href":"https:\/\/quando.com.vn\/en\/wp-json\/wp\/v2\/product_cat?post=7016"},{"taxonomy":"product_tag","embeddable":true,"href":"https:\/\/quando.com.vn\/en\/wp-json\/wp\/v2\/product_tag?post=7016"}],"curies":[{"name":"wp","href":"https:\/\/api.w.org\/{rel}","templated":true}]}}