{"id":6985,"date":"2025-06-02T23:24:21","date_gmt":"2025-06-02T16:24:21","guid":{"rendered":"https:\/\/quando.com.vn\/?post_type=product&#038;p=6985"},"modified":"2025-08-31T00:02:37","modified_gmt":"2025-08-30T17:02:37","slug":"iot-gateway-91xx-chuyen-doi-modbusrtu-modbustcp-yottacontrol","status":"publish","type":"product","link":"https:\/\/quando.com.vn\/en\/product\/iot-gateway-91xx-chuyen-doi-modbusrtu-modbustcp-yottacontrol\/","title":{"rendered":"Chuy\u1ec3n \u0111\u1ed5i Modbus RTU sang Modbus TCP Gateway 91xx"},"content":{"rendered":"<p dir=\"ltr\" data-pm-slice=\"1 1 []\">IOT Gateway 91xx chuy\u1ec3n \u0111\u1ed5i gi\u1eefa Modbus TCP v\u00e0 Modbus RTU l\u00e0 d\u00f2ng Modbus Gateway c\u1ee7a <a href=\"http:\/\/www.yottacontrol.com\/home.html\">Yottacontrol<\/a>, bao g\u1ed3m <strong>IoT Gateway 9101<\/strong>, \u00a0<strong>IoT Gateway 9102<\/strong>, v\u00e0 \u00a0<strong>IoT Gateway 9103:<\/strong><\/p>\n<p><img loading=\"lazy\" class=\"alignnone wp-image-6988 size-full\" style=\"color: #333333;\" src=\"https:\/\/quando.com.vn\/wp-content\/uploads\/2025\/06\/iot-gateway-91xx_compare.png\" alt=\"IoT gateway Modbus RTU sang Mobus TCP IoT Gateway 9101, \u00a0IoT Gateway 9102, v\u00e0 \u00a0IoT Gateway 9103\" width=\"984\" height=\"158\" srcset=\"https:\/\/quando.com.vn\/wp-content\/uploads\/2025\/06\/iot-gateway-91xx_compare.png 984w, https:\/\/quando.com.vn\/wp-content\/uploads\/2025\/06\/iot-gateway-91xx_compare-300x48.png 300w, https:\/\/quando.com.vn\/wp-content\/uploads\/2025\/06\/iot-gateway-91xx_compare-768x123.png 768w, https:\/\/quando.com.vn\/wp-content\/uploads\/2025\/06\/iot-gateway-91xx_compare-18x3.png 18w\" sizes=\"(max-width: 984px) 100vw, 984px\" \/><\/p>\n<h3>T\u00ednh N\u0103ng Chung C\u1ee7a D\u00f2ng IOT Gateway 91xx<\/h3>\n<p><span class=\"fontstyle0\">&#8211; <\/span><span class=\"fontstyle2\">1 x 10\/100 Mbps Ethernet port<\/span><\/p>\n<p>&#8211; H\u1ed7 tr\u1ee3 chuy\u1ec3n \u0111\u1ed5i gi\u1eefa Modbus TCP v\u00e0 Modbus RTU<\/p>\n<p>&#8211; T\u1ed1c \u0111\u1ed9 baud rate \u0111\u1ebfn 230.4 Kbps<\/p>\n<p>&#8211; B\u1ea3o v\u1ec7 ESD 8kV cho t\u1ea5t c\u1ea3 t\u00edn hi\u1ec7u serial, \u0111\u1ea3m b\u1ea3o \u0111\u1ed9 b\u1ec1n trong m\u00f4i tr\u01b0\u1eddng c\u00f4ng nghi\u1ec7p<\/p>\n<p>&#8211; H\u1ed7 tr\u1ee3 \u0111a n\u1ec1n t\u1ea3ng: Windows (32\/64-bit, t\u1eeb 2000 \u0111\u1ebfn 11), Linux, Mac, Android<\/p>\n<h3><span style=\"font-size: 20.16px; color: #333333;\">\u1ee8ng D\u1ee5ng C\u1ee7a D\u00f2ng IoT-Gateway-91xx<\/span><\/h3>\n<p dir=\"ltr\">D\u00f2ng IoT-Gateway-91xx \u0111\u01b0\u1ee3c s\u1eed d\u1ee5ng r\u1ed9ng r\u00e3i trong:<\/p>\n<p dir=\"ltr\"><strong>&#8211; T\u1ef1 \u0111\u1ed9ng h\u00f3a nh\u00e0 m\u00e1y<\/strong>: K\u1ebft n\u1ed1i PLC, c\u1ea3m bi\u1ebfn v\u00e0 thi\u1ebft b\u1ecb \u0111i\u1ec1u khi\u1ec3n \u0111\u1ec3 t\u1ed1i \u01b0u h\u00f3a d\u00e2y chuy\u1ec1n s\u1ea3n xu\u1ea5t.<br \/>\n<strong>&#8211; Qu\u1ea3n l\u00fd n\u0103ng l\u01b0\u1ee3ng<\/strong>: Thu th\u1eadp d\u1eef li\u1ec7u t\u1eeb thi\u1ebft b\u1ecb \u0111o l\u01b0\u1eddng \u0111\u1ec3 gi\u00e1m s\u00e1t ti\u00eau th\u1ee5 n\u0103ng l\u01b0\u1ee3ng.<br \/>\n<strong>&#8211; H\u1ec7 th\u1ed1ng SCADA<\/strong>: T\u00edch h\u1ee3p thi\u1ebft b\u1ecb Modbus RTU v\u00e0o m\u1ea1ng Modbus TCP<br \/>\n<strong>&#8211; Gi\u00e1m s\u00e1t m\u00f4i tr\u01b0\u1eddng<\/strong>: K\u1ebft n\u1ed1i c\u1ea3m bi\u1ebfn \u0111o nhi\u1ec7t \u0111\u1ed9, \u0111\u1ed9 \u1ea9m, ho\u1eb7c \u00e1p su\u1ea5t trong c\u00e1c \u1ee9ng d\u1ee5ng c\u00f4ng nghi\u1ec7p<\/p>\n<p><img loading=\"lazy\" class=\"aligncenter wp-image-7452 size-full\" style=\"color: #333333;\" src=\"https:\/\/quando.com.vn\/wp-content\/uploads\/2025\/08\/A9N-Diagram-modbus-RTU-to-TCP-to-Cloud-content3.png\" alt=\"\" width=\"1345\" height=\"638\" srcset=\"https:\/\/quando.com.vn\/wp-content\/uploads\/2025\/08\/A9N-Diagram-modbus-RTU-to-TCP-to-Cloud-content3.png 1345w, https:\/\/quando.com.vn\/wp-content\/uploads\/2025\/08\/A9N-Diagram-modbus-RTU-to-TCP-to-Cloud-content3-300x142.png 300w, https:\/\/quando.com.vn\/wp-content\/uploads\/2025\/08\/A9N-Diagram-modbus-RTU-to-TCP-to-Cloud-content3-1024x486.png 1024w, https:\/\/quando.com.vn\/wp-content\/uploads\/2025\/08\/A9N-Diagram-modbus-RTU-to-TCP-to-Cloud-content3-768x364.png 768w, https:\/\/quando.com.vn\/wp-content\/uploads\/2025\/08\/A9N-Diagram-modbus-RTU-to-TCP-to-Cloud-content3-18x9.png 18w\" sizes=\"(max-width: 1345px) 100vw, 1345px\" \/><\/p>\n<p>&nbsp;<\/p>","protected":false},"excerpt":{"rendered":"<p><span class=\"fontstyle0\">&#8211; <\/span><span class=\"fontstyle2\">1 x 10\/100 Mbps Ethernet<\/span><\/p>\n<p>&#8211; Chuy\u1ec3n \u0111\u1ed5i gi\u1eefa Modbus RTU v\u00e0 Modbus TCP<\/p>\n<p>&#8211; Baud rate l\u00ean \u0111\u1ebfn 230.4 Kbps<\/p>","protected":false},"featured_media":6991,"template":"","meta":[],"product_cat":[473,475],"product_tag":[],"acf":[],"yoast_head":"<!-- This site is optimized with the Yoast SEO Premium plugin v18.4 (Yoast SEO v18.6) - https:\/\/yoast.com\/wordpress\/plugins\/seo\/ -->\n<title>Chuy\u1ec3n \u0111\u1ed5i Modbus RTU sang Modbus TCP Gateway 91xx - QUANDO<\/title>\n<meta name=\"description\" content=\"IoT Gateway 91xx chuy\u1ec3n \u0111\u1ed5i gi\u1eefa Modbus TCP v\u00e0 Modbus RTU c\u1ee7a Yottacontrol, \u0111\u01b0\u1ee3c thi\u1ebft k\u1ebf \u0111\u1ec3 chuy\u1ec3n \u0111\u1ed5i gi\u1eefa Modbus TCP v\u00e0 Modbus RTU. Bao g\u1ed3m IoT Gateway 9101, 9102, v\u00e0 9103\" \/>\n<meta name=\"robots\" content=\"index, follow, max-snippet:-1, max-image-preview:large, max-video-preview:-1\" \/>\n<link rel=\"canonical\" href=\"https:\/\/quando.com.vn\/en\/product\/iot-gateway-91xx-chuyen-doi-modbusrtu-modbustcp-yottacontrol\/\" \/>\n<meta property=\"og:locale\" content=\"en_US\" \/>\n<meta property=\"og:type\" content=\"article\" \/>\n<meta property=\"og:title\" content=\"Chuy\u1ec3n \u0111\u1ed5i Modbus RTU sang Modbus TCP Gateway 91xx\" \/>\n<meta property=\"og:description\" content=\"IoT Gateway 91xx chuy\u1ec3n \u0111\u1ed5i gi\u1eefa Modbus TCP v\u00e0 Modbus RTU c\u1ee7a Yottacontrol, \u0111\u01b0\u1ee3c thi\u1ebft k\u1ebf \u0111\u1ec3 chuy\u1ec3n \u0111\u1ed5i gi\u1eefa Modbus TCP v\u00e0 Modbus RTU. Bao g\u1ed3m IoT Gateway 9101, 9102, v\u00e0 9103\" \/>\n<meta property=\"og:url\" content=\"https:\/\/quando.com.vn\/en\/product\/iot-gateway-91xx-chuyen-doi-modbusrtu-modbustcp-yottacontrol\/\" \/>\n<meta property=\"og:site_name\" content=\"QUANDO\" \/>\n<meta property=\"article:modified_time\" content=\"2025-08-30T17:02:37+00:00\" \/>\n<meta property=\"og:image\" content=\"https:\/\/quando.com.vn\/wp-content\/uploads\/2025\/06\/iot_gateway_91xx-removebg.png\" \/>\n\t<meta property=\"og:image:width\" content=\"497\" \/>\n\t<meta property=\"og:image:height\" content=\"502\" \/>\n\t<meta property=\"og:image:type\" content=\"image\/png\" \/>\n<meta name=\"twitter:card\" content=\"summary_large_image\" \/>\n<meta name=\"twitter:label1\" content=\"Est. reading time\" \/>\n\t<meta name=\"twitter:data1\" content=\"2 minutes\" \/>\n<script type=\"application\/ld+json\" class=\"yoast-schema-graph\">{\"@context\":\"https:\/\/schema.org\",\"@graph\":[{\"@type\":\"WebSite\",\"@id\":\"https:\/\/quando.com.vn\/en\/#website\",\"url\":\"https:\/\/quando.com.vn\/en\/\",\"name\":\"QUANDO\",\"description\":\"\",\"potentialAction\":[{\"@type\":\"SearchAction\",\"target\":{\"@type\":\"EntryPoint\",\"urlTemplate\":\"https:\/\/quando.com.vn\/en\/?s={search_term_string}\"},\"query-input\":\"required name=search_term_string\"}],\"inLanguage\":\"en-US\"},{\"@type\":\"ImageObject\",\"@id\":\"https:\/\/quando.com.vn\/san-pham\/iot-gateway-91xx-chuyen-doi-modbusrtu-modbustcp-yottacontrol\/#primaryimage\",\"inLanguage\":\"en-US\",\"url\":\"https:\/\/quando.com.vn\/wp-content\/uploads\/2025\/06\/iot_gateway_91xx-removebg.png\",\"contentUrl\":\"https:\/\/quando.com.vn\/wp-content\/uploads\/2025\/06\/iot_gateway_91xx-removebg.png\",\"width\":497,\"height\":502,\"caption\":\"\u1ee9ng d\u1ee5ng iot gateway 9101 9102 9103\"},{\"@type\":\"WebPage\",\"@id\":\"https:\/\/quando.com.vn\/san-pham\/iot-gateway-91xx-chuyen-doi-modbusrtu-modbustcp-yottacontrol\/#webpage\",\"url\":\"https:\/\/quando.com.vn\/san-pham\/iot-gateway-91xx-chuyen-doi-modbusrtu-modbustcp-yottacontrol\/\",\"name\":\"Chuy\u1ec3n \u0111\u1ed5i Modbus RTU sang Modbus TCP Gateway 91xx - QUANDO\",\"isPartOf\":{\"@id\":\"https:\/\/quando.com.vn\/en\/#website\"},\"primaryImageOfPage\":{\"@id\":\"https:\/\/quando.com.vn\/san-pham\/iot-gateway-91xx-chuyen-doi-modbusrtu-modbustcp-yottacontrol\/#primaryimage\"},\"datePublished\":\"2025-06-02T16:24:21+00:00\",\"dateModified\":\"2025-08-30T17:02:37+00:00\",\"description\":\"IoT Gateway 91xx chuy\u1ec3n \u0111\u1ed5i gi\u1eefa Modbus TCP v\u00e0 Modbus RTU c\u1ee7a Yottacontrol, \u0111\u01b0\u1ee3c thi\u1ebft k\u1ebf \u0111\u1ec3 chuy\u1ec3n \u0111\u1ed5i gi\u1eefa Modbus TCP v\u00e0 Modbus RTU. Bao g\u1ed3m IoT Gateway 9101, 9102, v\u00e0 9103\",\"breadcrumb\":{\"@id\":\"https:\/\/quando.com.vn\/san-pham\/iot-gateway-91xx-chuyen-doi-modbusrtu-modbustcp-yottacontrol\/#breadcrumb\"},\"inLanguage\":\"en-US\",\"potentialAction\":[{\"@type\":\"ReadAction\",\"target\":[\"https:\/\/quando.com.vn\/san-pham\/iot-gateway-91xx-chuyen-doi-modbusrtu-modbustcp-yottacontrol\/\"]}]},{\"@type\":\"BreadcrumbList\",\"@id\":\"https:\/\/quando.com.vn\/san-pham\/iot-gateway-91xx-chuyen-doi-modbusrtu-modbustcp-yottacontrol\/#breadcrumb\",\"itemListElement\":[{\"@type\":\"ListItem\",\"position\":1,\"name\":\"Trang ch\u1ee7\",\"item\":\"https:\/\/quando.com.vn\/\"},{\"@type\":\"ListItem\",\"position\":2,\"name\":\"S\u1ea3n ph\u1ea9m\",\"item\":\"https:\/\/quando.com.vn\/san-pham\/\"},{\"@type\":\"ListItem\",\"position\":3,\"name\":\"Chuy\u1ec3n \u0111\u1ed5i Modbus RTU sang Modbus TCP Gateway 91xx\"}]}]}<\/script>\n<!-- \/ Yoast SEO Premium plugin. -->","yoast_head_json":{"title":"Chuy\u1ec3n \u0111\u1ed5i Modbus RTU sang Modbus TCP Gateway 91xx - QUANDO","description":"IoT Gateway 91xx chuy\u1ec3n \u0111\u1ed5i gi\u1eefa Modbus TCP v\u00e0 Modbus RTU c\u1ee7a Yottacontrol, \u0111\u01b0\u1ee3c thi\u1ebft k\u1ebf \u0111\u1ec3 chuy\u1ec3n \u0111\u1ed5i gi\u1eefa Modbus TCP v\u00e0 Modbus RTU. Bao g\u1ed3m IoT Gateway 9101, 9102, v\u00e0 9103","robots":{"index":"index","follow":"follow","max-snippet":"max-snippet:-1","max-image-preview":"max-image-preview:large","max-video-preview":"max-video-preview:-1"},"canonical":"https:\/\/quando.com.vn\/en\/product\/iot-gateway-91xx-chuyen-doi-modbusrtu-modbustcp-yottacontrol\/","og_locale":"en_US","og_type":"article","og_title":"Chuy\u1ec3n \u0111\u1ed5i Modbus RTU sang Modbus TCP Gateway 91xx","og_description":"IoT Gateway 91xx chuy\u1ec3n \u0111\u1ed5i gi\u1eefa Modbus TCP v\u00e0 Modbus RTU c\u1ee7a Yottacontrol, \u0111\u01b0\u1ee3c thi\u1ebft k\u1ebf \u0111\u1ec3 chuy\u1ec3n \u0111\u1ed5i gi\u1eefa Modbus TCP v\u00e0 Modbus RTU. Bao g\u1ed3m IoT Gateway 9101, 9102, v\u00e0 9103","og_url":"https:\/\/quando.com.vn\/en\/product\/iot-gateway-91xx-chuyen-doi-modbusrtu-modbustcp-yottacontrol\/","og_site_name":"QUANDO","article_modified_time":"2025-08-30T17:02:37+00:00","og_image":[{"width":497,"height":502,"url":"https:\/\/quando.com.vn\/wp-content\/uploads\/2025\/06\/iot_gateway_91xx-removebg.png","type":"image\/png"}],"twitter_card":"summary_large_image","twitter_misc":{"Est. reading time":"2 minutes"},"schema":{"@context":"https:\/\/schema.org","@graph":[{"@type":"WebSite","@id":"https:\/\/quando.com.vn\/en\/#website","url":"https:\/\/quando.com.vn\/en\/","name":"QUANDO","description":"","potentialAction":[{"@type":"SearchAction","target":{"@type":"EntryPoint","urlTemplate":"https:\/\/quando.com.vn\/en\/?s={search_term_string}"},"query-input":"required name=search_term_string"}],"inLanguage":"en-US"},{"@type":"ImageObject","@id":"https:\/\/quando.com.vn\/san-pham\/iot-gateway-91xx-chuyen-doi-modbusrtu-modbustcp-yottacontrol\/#primaryimage","inLanguage":"en-US","url":"https:\/\/quando.com.vn\/wp-content\/uploads\/2025\/06\/iot_gateway_91xx-removebg.png","contentUrl":"https:\/\/quando.com.vn\/wp-content\/uploads\/2025\/06\/iot_gateway_91xx-removebg.png","width":497,"height":502,"caption":"\u1ee9ng d\u1ee5ng iot gateway 9101 9102 9103"},{"@type":"WebPage","@id":"https:\/\/quando.com.vn\/san-pham\/iot-gateway-91xx-chuyen-doi-modbusrtu-modbustcp-yottacontrol\/#webpage","url":"https:\/\/quando.com.vn\/san-pham\/iot-gateway-91xx-chuyen-doi-modbusrtu-modbustcp-yottacontrol\/","name":"Chuy\u1ec3n \u0111\u1ed5i Modbus RTU sang Modbus TCP Gateway 91xx - QUANDO","isPartOf":{"@id":"https:\/\/quando.com.vn\/en\/#website"},"primaryImageOfPage":{"@id":"https:\/\/quando.com.vn\/san-pham\/iot-gateway-91xx-chuyen-doi-modbusrtu-modbustcp-yottacontrol\/#primaryimage"},"datePublished":"2025-06-02T16:24:21+00:00","dateModified":"2025-08-30T17:02:37+00:00","description":"IoT Gateway 91xx chuy\u1ec3n \u0111\u1ed5i gi\u1eefa Modbus TCP v\u00e0 Modbus RTU c\u1ee7a Yottacontrol, \u0111\u01b0\u1ee3c thi\u1ebft k\u1ebf \u0111\u1ec3 chuy\u1ec3n \u0111\u1ed5i gi\u1eefa Modbus TCP v\u00e0 Modbus RTU. Bao g\u1ed3m IoT Gateway 9101, 9102, v\u00e0 9103","breadcrumb":{"@id":"https:\/\/quando.com.vn\/san-pham\/iot-gateway-91xx-chuyen-doi-modbusrtu-modbustcp-yottacontrol\/#breadcrumb"},"inLanguage":"en-US","potentialAction":[{"@type":"ReadAction","target":["https:\/\/quando.com.vn\/san-pham\/iot-gateway-91xx-chuyen-doi-modbusrtu-modbustcp-yottacontrol\/"]}]},{"@type":"BreadcrumbList","@id":"https:\/\/quando.com.vn\/san-pham\/iot-gateway-91xx-chuyen-doi-modbusrtu-modbustcp-yottacontrol\/#breadcrumb","itemListElement":[{"@type":"ListItem","position":1,"name":"Trang ch\u1ee7","item":"https:\/\/quando.com.vn\/"},{"@type":"ListItem","position":2,"name":"S\u1ea3n ph\u1ea9m","item":"https:\/\/quando.com.vn\/san-pham\/"},{"@type":"ListItem","position":3,"name":"Chuy\u1ec3n \u0111\u1ed5i Modbus RTU sang Modbus TCP Gateway 91xx"}]}]}},"_links":{"self":[{"href":"https:\/\/quando.com.vn\/en\/wp-json\/wp\/v2\/product\/6985"}],"collection":[{"href":"https:\/\/quando.com.vn\/en\/wp-json\/wp\/v2\/product"}],"about":[{"href":"https:\/\/quando.com.vn\/en\/wp-json\/wp\/v2\/types\/product"}],"wp:featuredmedia":[{"embeddable":true,"href":"https:\/\/quando.com.vn\/en\/wp-json\/wp\/v2\/media\/6991"}],"wp:attachment":[{"href":"https:\/\/quando.com.vn\/en\/wp-json\/wp\/v2\/media?parent=6985"}],"wp:term":[{"taxonomy":"product_cat","embeddable":true,"href":"https:\/\/quando.com.vn\/en\/wp-json\/wp\/v2\/product_cat?post=6985"},{"taxonomy":"product_tag","embeddable":true,"href":"https:\/\/quando.com.vn\/en\/wp-json\/wp\/v2\/product_tag?post=6985"}],"curies":[{"name":"wp","href":"https:\/\/api.w.org\/{rel}","templated":true}]}}