{"id":17,"date":"2018-08-31T12:53:37","date_gmt":"2018-08-31T12:53:37","guid":{"rendered":"http:\/\/omina.com.vn\/?page_id=17"},"modified":"2025-11-14T09:21:58","modified_gmt":"2025-11-14T02:21:58","slug":"gioi-thieu","status":"publish","type":"page","link":"https:\/\/quando.com.vn\/en\/gioi-thieu\/","title":{"rendered":"Gi\u1edbi thi\u1ec7u"},"content":{"rendered":"<h3><span style=\"color: #ff0000; font-size: 120%;\"><span style=\"font-size: 100%;\">Ch\u00e0o m\u1eebng b\u1ea1n \u0111\u1ebfn v\u1edbi website<\/span> C\u00f4ng ty TNHH \u0110i\u1ec7n \u2013 \u0110i\u1ec7n t\u1eed Quando!<\/span><\/h3>\n<p><img loading=\"lazy\" class=\"aligncenter size-full wp-image-6417\" src=\"https:\/\/quando.com.vn\/wp-content\/uploads\/2021\/12\/Gioi-thieu-Quando.jpg\" alt=\"\" width=\"309\" height=\"260\" srcset=\"https:\/\/quando.com.vn\/wp-content\/uploads\/2021\/12\/Gioi-thieu-Quando.jpg 309w, https:\/\/quando.com.vn\/wp-content\/uploads\/2021\/12\/Gioi-thieu-Quando-300x252.jpg 300w\" sizes=\"(max-width: 309px) 100vw, 309px\" \/><\/p>\n<p><span style=\"color: #16316f;\">Quando \u0111\u01b0\u1ee3c th\u00e0nh l\u1eadp v\u00e0o n\u0103m 2006 t\u1ea1i Tp. H\u1ed3 Ch\u00ed Minh, Vi\u1ec7t Nam. L\u0129nh v\u1ef1c ho\u1ea1t \u0111\u1ed9ng ch\u00ednh l\u00e0 \u0111i\u1ec7n v\u00e0 \u0111i\u1ec7n t\u1ef1 \u0111\u1ed9ng c\u00f4ng nghi\u1ec7p.<\/span><\/p>\n<p><span style=\"color: #16316f;\">Hi\u1ec7n t\u1ea1i, ch\u00fang t\u00f4i l\u00e0 nh\u00e0 t\u00edch h\u1ee3p v\u00e0 ph\u00e2n ph\u1ed1i s\u1ea3n ph\u1ea9m c\u1ee7a c\u00e1c h\u00e3ng nh\u01b0: Yottacontrol, Hanwei, Supmea, Flo-Instruments, Metlan Instruments, Yuden-Tech (eyc-tech)\u2026<\/span><\/p>\n<p><span style=\"color: #16316f;\">V\u1ec1 d\u1ef1 \u00e1n, ch\u00fang t\u00f4i th\u1ef1c hi\u1ec7n theo ch\u1ec9 \u0111\u1ecbnh c\u1ee7a kh\u00e1ch h\u00e0ng v\u1ec1 H\u00e3ng s\u1ea3n xu\u1ea5t hay theo c\u00e1c \u0111\u1ec1 xu\u1ea5t t\u01b0\u01a1ng \u0111\u01b0\u01a1ng \u0111\u01b0\u1ee3c kh\u00e1ch h\u00e0ng \u0111\u1ed3ng \u00fd.<\/span><\/p>\n<p><span style=\"color: #16316f;\">\u0110\u1ed9i ng\u0169 nghi\u00ean c\u1ee9u \u1ee9ng d\u1ee5ng chuy\u00ean bi\u1ec7t lu\u00f4n s\u1eb5n s\u00e0ng h\u1ed7 tr\u1ee3 k\u1ef9 thu\u1eadt, t\u01b0 v\u1ea5n s\u1ea3n ph\u1ea9m v\u00e0 cung c\u1ea5p gi\u1ea3i ph\u00e1p \u1ee9ng d\u1ee5ng cho kh\u00e1ch h\u00e0ng.<\/span><\/p>","protected":false},"excerpt":{"rendered":"<p>Ch\u00e0o m\u1eebng b\u1ea1n \u0111\u1ebfn v\u1edbi website C\u00f4ng ty TNHH \u0110i\u1ec7n \u2013 \u0110i\u1ec7n t\u1eed Quando! Quando \u0111\u01b0\u1ee3c th\u00e0nh l\u1eadp v\u00e0o n\u0103m 2006 t\u1ea1i Tp. H\u1ed3 Ch\u00ed Minh, Vi\u1ec7t Nam. L\u0129nh v\u1ef1c ho\u1ea1t \u0111\u1ed9ng ch\u00ednh l\u00e0 \u0111i\u1ec7n v\u00e0 \u0111i\u1ec7n t\u1ef1 \u0111\u1ed9ng c\u00f4ng nghi\u1ec7p. Hi\u1ec7n t\u1ea1i, ch\u00fang t\u00f4i l\u00e0 nh\u00e0 t\u00edch h\u1ee3p v\u00e0 ph\u00e2n ph\u1ed1i s\u1ea3n ph\u1ea9m c\u1ee7a &#8230;<\/p>","protected":false},"author":1,"featured_media":0,"parent":0,"menu_order":0,"comment_status":"closed","ping_status":"closed","template":"","meta":[],"acf":[],"yoast_head":"<!-- This site is optimized with the Yoast SEO Premium plugin v18.4 (Yoast SEO v18.6) - https:\/\/yoast.com\/wordpress\/plugins\/seo\/ -->\n<title>Gi\u1edbi thi\u1ec7u - QUANDO<\/title>\n<meta name=\"description\" content=\"Quando \u0111\u01b0\u1ee3c th\u00e0nh l\u1eadp v\u00e0o n\u0103m 2006 t\u1ea1i Tp. H\u1ed3 Ch\u00ed Minh, Vi\u1ec7t Nam. L\u0129nh v\u1ef1c ho\u1ea1t \u0111\u1ed9ng ch\u00ednh l\u00e0 \u0111i\u1ec7n v\u00e0 \u0111i\u1ec7n t\u1ef1 \u0111\u1ed9ng c\u00f4ng nghi\u1ec7p.\" \/>\n<meta name=\"robots\" content=\"index, follow, max-snippet:-1, max-image-preview:large, max-video-preview:-1\" \/>\n<link rel=\"canonical\" href=\"https:\/\/quando.com.vn\/en\/gioi-thieu\/\" \/>\n<meta property=\"og:locale\" content=\"en_US\" \/>\n<meta property=\"og:type\" content=\"article\" \/>\n<meta property=\"og:title\" content=\"Gi\u1edbi thi\u1ec7u\" \/>\n<meta property=\"og:description\" content=\"Quando \u0111\u01b0\u1ee3c th\u00e0nh l\u1eadp v\u00e0o n\u0103m 2006 t\u1ea1i Tp. H\u1ed3 Ch\u00ed Minh, Vi\u1ec7t Nam. L\u0129nh v\u1ef1c ho\u1ea1t \u0111\u1ed9ng ch\u00ednh l\u00e0 \u0111i\u1ec7n v\u00e0 \u0111i\u1ec7n t\u1ef1 \u0111\u1ed9ng c\u00f4ng nghi\u1ec7p.\" \/>\n<meta property=\"og:url\" content=\"https:\/\/quando.com.vn\/en\/gioi-thieu\/\" \/>\n<meta property=\"og:site_name\" content=\"QUANDO\" \/>\n<meta property=\"article:modified_time\" content=\"2025-11-14T02:21:58+00:00\" \/>\n<meta property=\"og:image\" content=\"https:\/\/quando.com.vn\/wp-content\/uploads\/2021\/12\/Gioi-thieu-Quando.jpg\" \/>\n<meta name=\"twitter:card\" content=\"summary_large_image\" \/>\n<meta name=\"twitter:label1\" content=\"Est. reading time\" \/>\n\t<meta name=\"twitter:data1\" content=\"1 minute\" \/>\n<script type=\"application\/ld+json\" class=\"yoast-schema-graph\">{\"@context\":\"https:\/\/schema.org\",\"@graph\":[{\"@type\":\"WebSite\",\"@id\":\"https:\/\/quando.com.vn\/en\/#website\",\"url\":\"https:\/\/quando.com.vn\/en\/\",\"name\":\"QUANDO\",\"description\":\"\",\"potentialAction\":[{\"@type\":\"SearchAction\",\"target\":{\"@type\":\"EntryPoint\",\"urlTemplate\":\"https:\/\/quando.com.vn\/en\/?s={search_term_string}\"},\"query-input\":\"required name=search_term_string\"}],\"inLanguage\":\"en-US\"},{\"@type\":\"ImageObject\",\"@id\":\"https:\/\/quando.com.vn\/gioi-thieu\/#primaryimage\",\"inLanguage\":\"en-US\",\"url\":\"https:\/\/quando.com.vn\/wp-content\/uploads\/2021\/12\/Gioi-thieu-Quando.jpg\",\"contentUrl\":\"https:\/\/quando.com.vn\/wp-content\/uploads\/2021\/12\/Gioi-thieu-Quando.jpg\",\"width\":309,\"height\":260},{\"@type\":\"WebPage\",\"@id\":\"https:\/\/quando.com.vn\/gioi-thieu\/#webpage\",\"url\":\"https:\/\/quando.com.vn\/gioi-thieu\/\",\"name\":\"Gi\u1edbi thi\u1ec7u - QUANDO\",\"isPartOf\":{\"@id\":\"https:\/\/quando.com.vn\/en\/#website\"},\"primaryImageOfPage\":{\"@id\":\"https:\/\/quando.com.vn\/gioi-thieu\/#primaryimage\"},\"datePublished\":\"2018-08-31T12:53:37+00:00\",\"dateModified\":\"2025-11-14T02:21:58+00:00\",\"description\":\"Quando \u0111\u01b0\u1ee3c th\u00e0nh l\u1eadp v\u00e0o n\u0103m 2006 t\u1ea1i Tp. H\u1ed3 Ch\u00ed Minh, Vi\u1ec7t Nam. L\u0129nh v\u1ef1c ho\u1ea1t \u0111\u1ed9ng ch\u00ednh l\u00e0 \u0111i\u1ec7n v\u00e0 \u0111i\u1ec7n t\u1ef1 \u0111\u1ed9ng c\u00f4ng nghi\u1ec7p.\",\"breadcrumb\":{\"@id\":\"https:\/\/quando.com.vn\/gioi-thieu\/#breadcrumb\"},\"inLanguage\":\"en-US\",\"potentialAction\":[{\"@type\":\"ReadAction\",\"target\":[\"https:\/\/quando.com.vn\/gioi-thieu\/\"]}]},{\"@type\":\"BreadcrumbList\",\"@id\":\"https:\/\/quando.com.vn\/gioi-thieu\/#breadcrumb\",\"itemListElement\":[{\"@type\":\"ListItem\",\"position\":1,\"name\":\"Trang ch\u1ee7\",\"item\":\"https:\/\/quando.com.vn\/\"},{\"@type\":\"ListItem\",\"position\":2,\"name\":\"Gi\u1edbi thi\u1ec7u\"}]}]}<\/script>\n<!-- \/ Yoast SEO Premium plugin. -->","yoast_head_json":{"title":"Gi\u1edbi thi\u1ec7u - QUANDO","description":"Quando \u0111\u01b0\u1ee3c th\u00e0nh l\u1eadp v\u00e0o n\u0103m 2006 t\u1ea1i Tp. H\u1ed3 Ch\u00ed Minh, Vi\u1ec7t Nam. L\u0129nh v\u1ef1c ho\u1ea1t \u0111\u1ed9ng ch\u00ednh l\u00e0 \u0111i\u1ec7n v\u00e0 \u0111i\u1ec7n t\u1ef1 \u0111\u1ed9ng c\u00f4ng nghi\u1ec7p.","robots":{"index":"index","follow":"follow","max-snippet":"max-snippet:-1","max-image-preview":"max-image-preview:large","max-video-preview":"max-video-preview:-1"},"canonical":"https:\/\/quando.com.vn\/en\/gioi-thieu\/","og_locale":"en_US","og_type":"article","og_title":"Gi\u1edbi thi\u1ec7u","og_description":"Quando \u0111\u01b0\u1ee3c th\u00e0nh l\u1eadp v\u00e0o n\u0103m 2006 t\u1ea1i Tp. H\u1ed3 Ch\u00ed Minh, Vi\u1ec7t Nam. L\u0129nh v\u1ef1c ho\u1ea1t \u0111\u1ed9ng ch\u00ednh l\u00e0 \u0111i\u1ec7n v\u00e0 \u0111i\u1ec7n t\u1ef1 \u0111\u1ed9ng c\u00f4ng nghi\u1ec7p.","og_url":"https:\/\/quando.com.vn\/en\/gioi-thieu\/","og_site_name":"QUANDO","article_modified_time":"2025-11-14T02:21:58+00:00","og_image":[{"url":"https:\/\/quando.com.vn\/wp-content\/uploads\/2021\/12\/Gioi-thieu-Quando.jpg"}],"twitter_card":"summary_large_image","twitter_misc":{"Est. reading time":"1 minute"},"schema":{"@context":"https:\/\/schema.org","@graph":[{"@type":"WebSite","@id":"https:\/\/quando.com.vn\/en\/#website","url":"https:\/\/quando.com.vn\/en\/","name":"QUANDO","description":"","potentialAction":[{"@type":"SearchAction","target":{"@type":"EntryPoint","urlTemplate":"https:\/\/quando.com.vn\/en\/?s={search_term_string}"},"query-input":"required name=search_term_string"}],"inLanguage":"en-US"},{"@type":"ImageObject","@id":"https:\/\/quando.com.vn\/gioi-thieu\/#primaryimage","inLanguage":"en-US","url":"https:\/\/quando.com.vn\/wp-content\/uploads\/2021\/12\/Gioi-thieu-Quando.jpg","contentUrl":"https:\/\/quando.com.vn\/wp-content\/uploads\/2021\/12\/Gioi-thieu-Quando.jpg","width":309,"height":260},{"@type":"WebPage","@id":"https:\/\/quando.com.vn\/gioi-thieu\/#webpage","url":"https:\/\/quando.com.vn\/gioi-thieu\/","name":"Gi\u1edbi thi\u1ec7u - QUANDO","isPartOf":{"@id":"https:\/\/quando.com.vn\/en\/#website"},"primaryImageOfPage":{"@id":"https:\/\/quando.com.vn\/gioi-thieu\/#primaryimage"},"datePublished":"2018-08-31T12:53:37+00:00","dateModified":"2025-11-14T02:21:58+00:00","description":"Quando \u0111\u01b0\u1ee3c th\u00e0nh l\u1eadp v\u00e0o n\u0103m 2006 t\u1ea1i Tp. H\u1ed3 Ch\u00ed Minh, Vi\u1ec7t Nam. L\u0129nh v\u1ef1c ho\u1ea1t \u0111\u1ed9ng ch\u00ednh l\u00e0 \u0111i\u1ec7n v\u00e0 \u0111i\u1ec7n t\u1ef1 \u0111\u1ed9ng c\u00f4ng nghi\u1ec7p.","breadcrumb":{"@id":"https:\/\/quando.com.vn\/gioi-thieu\/#breadcrumb"},"inLanguage":"en-US","potentialAction":[{"@type":"ReadAction","target":["https:\/\/quando.com.vn\/gioi-thieu\/"]}]},{"@type":"BreadcrumbList","@id":"https:\/\/quando.com.vn\/gioi-thieu\/#breadcrumb","itemListElement":[{"@type":"ListItem","position":1,"name":"Trang ch\u1ee7","item":"https:\/\/quando.com.vn\/"},{"@type":"ListItem","position":2,"name":"Gi\u1edbi thi\u1ec7u"}]}]}},"_links":{"self":[{"href":"https:\/\/quando.com.vn\/en\/wp-json\/wp\/v2\/pages\/17"}],"collection":[{"href":"https:\/\/quando.com.vn\/en\/wp-json\/wp\/v2\/pages"}],"about":[{"href":"https:\/\/quando.com.vn\/en\/wp-json\/wp\/v2\/types\/page"}],"author":[{"embeddable":true,"href":"https:\/\/quando.com.vn\/en\/wp-json\/wp\/v2\/users\/1"}],"replies":[{"embeddable":true,"href":"https:\/\/quando.com.vn\/en\/wp-json\/wp\/v2\/comments?post=17"}],"version-history":[{"count":13,"href":"https:\/\/quando.com.vn\/en\/wp-json\/wp\/v2\/pages\/17\/revisions"}],"predecessor-version":[{"id":7609,"href":"https:\/\/quando.com.vn\/en\/wp-json\/wp\/v2\/pages\/17\/revisions\/7609"}],"wp:attachment":[{"href":"https:\/\/quando.com.vn\/en\/wp-json\/wp\/v2\/media?parent=17"}],"curies":[{"name":"wp","href":"https:\/\/api.w.org\/{rel}","templated":true}]}}