{"id":7678,"date":"2025-12-10T10:40:04","date_gmt":"2025-12-10T03:40:04","guid":{"rendered":"https:\/\/quando.com.vn\/?post_type=product&#038;p=7678"},"modified":"2025-12-10T11:09:40","modified_gmt":"2025-12-10T04:09:40","slug":"cam-bien-muc-chim-sup-wsp506","status":"publish","type":"product","link":"http:\/\/quando.com.vn\/en\/product\/cam-bien-muc-chim-sup-wsp506\/","title":{"rendered":"C\u1ea3m bi\u1ebfn m\u1ee9c ch\u00ecm SUP-WSP506"},"content":{"rendered":"<h3>C\u1ea3m bi\u1ebfn m\u1ee9c ch\u00ecm SUP-WSP506 Submersible Level Meter<\/h3>\n<p>SUP-WSP506 l\u00e0 c\u1ea3m bi\u1ebfn \u0111o m\u1ee9c d\u1ea1ng ng\u1eadp ch\u00ecm s\u1eed d\u1ee5ng nguy\u00ean l\u00fd \u00e1p su\u1ea5t th\u1ee7y t\u0129nh, ph\u00f9 h\u1ee3p \u0111o m\u1ee9c ch\u1ea5t l\u1ecfng trong b\u1ec3 n\u01b0\u1edbc, h\u1ed3 ch\u1ee9a, gi\u1ebfng khoan v\u00e0 h\u1ec7 th\u1ed1ng x\u1eed l\u00fd n\u01b0\u1edbc th\u1ea3i. Thi\u1ebft k\u1ebf h\u00ecnh tr\u1ee5 theo kh\u00ed \u0111\u1ed9ng h\u1ecdc gi\u00fap gi\u1ea3m t\u00e1c \u0111\u1ed9ng d\u00f2ng ch\u1ea3y, t\u0103ng \u0111\u1ed9 \u1ed5n \u0111\u1ecbnh c\u1ee7a ph\u00e9p \u0111o.<\/p>\n<h4>\u01afu \u0111i\u1ec3m n\u1ed5i b\u1eadt<\/h4>\n<p>&#8211; Thi\u1ebft k\u1ebf nh\u1ecf g\u1ecdn, h\u00ecnh tr\u1ee5 cung tr\u00f2n gi\u00fap ch\u1ed1ng rung nhi\u1ec5u<br \/>\n&#8211; \u0110o ch\u00ednh x\u00e1c v\u1edbi \u0111\u1ed9 ph\u00e2n gi\u1ea3i 0.5% F.S<br \/>\n&#8211; H\u1ed7 tr\u1ee3 t\u00edn hi\u1ec7u 4\u201320mA, 0\u201310V, 0\u20135V t\u00f9y ch\u1ecdn<br \/>\n&#8211; Ch\u1ed1ng n\u01b0\u1edbc \u2013 b\u1ee5i nhi\u1ec1u l\u1edbp, ho\u1ea1t \u0111\u1ed9ng \u1ed5n \u0111\u1ecbnh l\u00e2u d\u00e0i<br \/>\n&#8211; C\u00f3 phi\u00ean b\u1ea3n t\u00edch h\u1ee3p m\u00e0n h\u00ecnh hi\u1ec3n th\u1ecb t\u1ea1i ch\u1ed7<br \/>\n&#8211; V\u1eadt li\u1ec7u inox 304\/316L ch\u1ed1ng \u0103n m\u00f2n cao<\/p>\n<h4>Th\u00f4ng s\u1ed1 k\u1ef9 thu\u1eadt SUP-WSP506<\/h4>\n<table>\n<tbody>\n<tr>\n<td>S\u1ea3n ph\u1ea9m<\/td>\n<td>C\u1ea3m bi\u1ebfn m\u1ee9c n\u01b0\u1edbc d\u1ea1ng ch\u00ecm<\/td>\n<\/tr>\n<tr>\n<td>Model<\/td>\n<td>SUP-WSP506<\/td>\n<\/tr>\n<tr>\n<td>D\u1ea3i \u0111o<\/td>\n<td>0\u20131m; 0\u20133m; 0\u20135m; 0\u201310m (t\u1ed1i \u0111a 100m)<\/td>\n<\/tr>\n<tr>\n<td>\u0110\u1ed9 ph\u00e2n gi\u1ea3i<\/td>\n<td>0.5% F.S<\/td>\n<\/tr>\n<tr>\n<td>Nhi\u1ec7t \u0111\u1ed9 m\u00f4i tr\u01b0\u1eddng<\/td>\n<td>-10 ~ 85\u2103<\/td>\n<\/tr>\n<tr>\n<td>T\u00edn hi\u1ec7u ng\u00f5 ra<\/td>\n<td>4\u201320mA; t\u00f9y ch\u1ecdn 0\u201310V, 0\u20135V<\/td>\n<\/tr>\n<tr>\n<td>Kh\u1ea3 n\u0103ng ch\u1ecbu qu\u00e1 \u00e1p<\/td>\n<td>150% F.S<\/td>\n<\/tr>\n<tr>\n<td>Ngu\u1ed3n c\u1ea5p<\/td>\n<td>24VDC; 12VDC; t\u00f9y ch\u1ecdn (9\u201332V)<\/td>\n<\/tr>\n<tr>\n<td>Nhi\u1ec7t \u0111\u1ed9 m\u00f4i ch\u1ea5t<\/td>\n<td>-40 ~ 60\u2103<\/td>\n<\/tr>\n<tr>\n<td>V\u1eadt li\u1ec7u v\u1ecf<\/td>\n<td>Nh\u00e2n: 316L; V\u1ecf: inox 304<\/td>\n<\/tr>\n<\/tbody>\n<\/table>\n<h4>\u1ee8ng d\u1ee5ng c\u1ea3m bi\u1ebfn m\u1ee9c ch\u00ecm SUP-WSP506<\/h4>\n<p>&#8211; \u0110o m\u1ee9c n\u01b0\u1edbc trong b\u1ec3 ch\u1ee9a, tank, silo ch\u1ea5t l\u1ecfng<br \/>\n&#8211; Gi\u1ebfng khoan, h\u1ed3 sinh ho\u1ea1t, h\u1ed3 t\u01b0\u1edbi ti\u00eau<br \/>\n&#8211; Tr\u1ea1m b\u01a1m, h\u1ec7 th\u1ed1ng c\u1ea5p n\u01b0\u1edbc \u0111\u00f4 th\u1ecb<br \/>\n&#8211; X\u1eed l\u00fd n\u01b0\u1edbc th\u1ea3i v\u00e0 n\u01b0\u1edbc s\u1ea1ch<br \/>\n&#8211; \u0110o m\u1ee9c h\u00f3a ch\u1ea5t lo\u00e3ng, n\u01b0\u1edbc c\u00f4ng nghi\u1ec7p<\/p>\n<p>V\u1edbi \u0111\u1ed9 b\u1ec1n cao, ch\u1ed1ng n\u01b0\u1edbc ho\u00e0n to\u00e0n v\u00e0 t\u00edn hi\u1ec7u c\u00f4ng nghi\u1ec7p chu\u1ea9n, SUP-WSP506 l\u00e0 l\u1ef1a ch\u1ecdn l\u00fd t\u01b0\u1edfng cho c\u00e1c h\u1ec7 th\u1ed1ng c\u1ea7n \u0111o m\u1ee9c ch\u1ea5t l\u1ecfng ch\u00ednh x\u00e1c v\u00e0 \u1ed5n \u0111\u1ecbnh l\u00e2u d\u00e0i.<\/p>","protected":false},"excerpt":{"rendered":"<p>&#8211; C\u1ea3m bi\u1ebfn m\u1ee9c ch\u00ecm d\u1ea1ng \u00e1p su\u1ea5t, thi\u1ebft k\u1ebf nh\u1ecf g\u1ecdn<br \/>\n&#8211; D\u1ea3i \u0111o linh ho\u1ea1t 0\u20131m \u0111\u1ebfn 0\u2013100m<br \/>\n&#8211; \u0110\u1ed9 ph\u00e2n gi\u1ea3i 0.5% F.S, \u0111o \u1ed5n \u0111\u1ecbnh, \u00edt nhi\u1ec5u<br \/>\n&#8211; T\u00edn hi\u1ec7u 4\u201320mA\/0\u201310V<br \/>\n&#8211; Th\u00e2n inox 304\/316L<\/p>","protected":false},"featured_media":7679,"template":"","meta":[],"product_cat":[526,536],"product_tag":[],"acf":[],"yoast_head":"<!-- This site is optimized with the Yoast SEO Premium plugin v18.4 (Yoast SEO v18.6) - https:\/\/yoast.com\/wordpress\/plugins\/seo\/ -->\n<title>C\u1ea3m bi\u1ebfn m\u1ee9c ch\u00ecm SUP-WSP506 - QUANDO<\/title>\n<meta name=\"description\" content=\"C\u1ea3m bi\u1ebfn m\u1ee9c ch\u00ecm SUP-WSP506 d\u1ea1ng \u00e1p su\u1ea5t, thi\u1ebft k\u1ebf nh\u1ecf g\u1ecdn, \u0111o ch\u00ednh x\u00e1c, ch\u1ed1ng n\u01b0\u1edbc \u2013 ch\u1ed1ng b\u1ee5i cao, t\u00edn hi\u1ec7u 4-20mA v\u00e0 0-10V\" \/>\n<meta name=\"robots\" content=\"index, follow, max-snippet:-1, max-image-preview:large, max-video-preview:-1\" \/>\n<link rel=\"canonical\" href=\"http:\/\/quando.com.vn\/en\/product\/cam-bien-muc-chim-sup-wsp506\/\" \/>\n<meta property=\"og:locale\" content=\"en_US\" \/>\n<meta property=\"og:type\" content=\"article\" \/>\n<meta property=\"og:title\" content=\"C\u1ea3m bi\u1ebfn m\u1ee9c ch\u00ecm SUP-WSP506\" \/>\n<meta property=\"og:description\" content=\"C\u1ea3m bi\u1ebfn m\u1ee9c ch\u00ecm SUP-WSP506 d\u1ea1ng \u00e1p su\u1ea5t, thi\u1ebft k\u1ebf nh\u1ecf g\u1ecdn, \u0111o ch\u00ednh x\u00e1c, ch\u1ed1ng n\u01b0\u1edbc \u2013 ch\u1ed1ng b\u1ee5i cao, t\u00edn hi\u1ec7u 4-20mA v\u00e0 0-10V\" \/>\n<meta property=\"og:url\" content=\"http:\/\/quando.com.vn\/en\/product\/cam-bien-muc-chim-sup-wsp506\/\" \/>\n<meta property=\"og:site_name\" content=\"QUANDO\" \/>\n<meta property=\"article:modified_time\" content=\"2025-12-10T04:09:40+00:00\" \/>\n<meta name=\"twitter:card\" content=\"summary_large_image\" \/>\n<meta name=\"twitter:image\" content=\"https:\/\/quando.com.vn\/wp-content\/uploads\/2025\/12\/SUP-WSP506-Submersible-level-meter.webp\" \/>\n<meta name=\"twitter:label1\" content=\"Est. reading time\" \/>\n\t<meta name=\"twitter:data1\" content=\"2 minutes\" \/>\n<script type=\"application\/ld+json\" class=\"yoast-schema-graph\">{\"@context\":\"https:\/\/schema.org\",\"@graph\":[{\"@type\":\"WebSite\",\"@id\":\"https:\/\/quando.com.vn\/en\/#website\",\"url\":\"https:\/\/quando.com.vn\/en\/\",\"name\":\"QUANDO\",\"description\":\"\",\"potentialAction\":[{\"@type\":\"SearchAction\",\"target\":{\"@type\":\"EntryPoint\",\"urlTemplate\":\"https:\/\/quando.com.vn\/en\/?s={search_term_string}\"},\"query-input\":\"required name=search_term_string\"}],\"inLanguage\":\"en-US\"},{\"@type\":\"ImageObject\",\"@id\":\"https:\/\/quando.com.vn\/san-pham\/cam-bien-muc-chim-sup-wsp506\/#primaryimage\",\"inLanguage\":\"en-US\",\"url\":\"https:\/\/quando.com.vn\/wp-content\/uploads\/2025\/12\/SUP-WSP506-Submersible-level-meter.webp\",\"contentUrl\":\"https:\/\/quando.com.vn\/wp-content\/uploads\/2025\/12\/SUP-WSP506-Submersible-level-meter.webp\",\"width\":2000,\"height\":2000,\"caption\":\"C\u1ea3m bi\u1ebfn m\u1ee9c ch\u00ecm SUP-WSP506\"},{\"@type\":\"WebPage\",\"@id\":\"https:\/\/quando.com.vn\/san-pham\/cam-bien-muc-chim-sup-wsp506\/#webpage\",\"url\":\"https:\/\/quando.com.vn\/san-pham\/cam-bien-muc-chim-sup-wsp506\/\",\"name\":\"C\u1ea3m bi\u1ebfn m\u1ee9c ch\u00ecm SUP-WSP506 - QUANDO\",\"isPartOf\":{\"@id\":\"https:\/\/quando.com.vn\/en\/#website\"},\"primaryImageOfPage\":{\"@id\":\"https:\/\/quando.com.vn\/san-pham\/cam-bien-muc-chim-sup-wsp506\/#primaryimage\"},\"datePublished\":\"2025-12-10T03:40:04+00:00\",\"dateModified\":\"2025-12-10T04:09:40+00:00\",\"description\":\"C\u1ea3m bi\u1ebfn m\u1ee9c ch\u00ecm SUP-WSP506 d\u1ea1ng \u00e1p su\u1ea5t, thi\u1ebft k\u1ebf nh\u1ecf g\u1ecdn, \u0111o ch\u00ednh x\u00e1c, ch\u1ed1ng n\u01b0\u1edbc \u2013 ch\u1ed1ng b\u1ee5i cao, t\u00edn hi\u1ec7u 4-20mA v\u00e0 0-10V\",\"breadcrumb\":{\"@id\":\"https:\/\/quando.com.vn\/san-pham\/cam-bien-muc-chim-sup-wsp506\/#breadcrumb\"},\"inLanguage\":\"en-US\",\"potentialAction\":[{\"@type\":\"ReadAction\",\"target\":[\"https:\/\/quando.com.vn\/san-pham\/cam-bien-muc-chim-sup-wsp506\/\"]}]},{\"@type\":\"BreadcrumbList\",\"@id\":\"https:\/\/quando.com.vn\/san-pham\/cam-bien-muc-chim-sup-wsp506\/#breadcrumb\",\"itemListElement\":[{\"@type\":\"ListItem\",\"position\":1,\"name\":\"Trang ch\u1ee7\",\"item\":\"https:\/\/quando.com.vn\/\"},{\"@type\":\"ListItem\",\"position\":2,\"name\":\"S\u1ea3n ph\u1ea9m\",\"item\":\"https:\/\/quando.com.vn\/san-pham\/\"},{\"@type\":\"ListItem\",\"position\":3,\"name\":\"C\u1ea3m bi\u1ebfn m\u1ee9c ch\u00ecm SUP-WSP506\"}]}]}<\/script>\n<!-- \/ Yoast SEO Premium plugin. -->","yoast_head_json":{"title":"C\u1ea3m bi\u1ebfn m\u1ee9c ch\u00ecm SUP-WSP506 - QUANDO","description":"C\u1ea3m bi\u1ebfn m\u1ee9c ch\u00ecm SUP-WSP506 d\u1ea1ng \u00e1p su\u1ea5t, thi\u1ebft k\u1ebf nh\u1ecf g\u1ecdn, \u0111o ch\u00ednh x\u00e1c, ch\u1ed1ng n\u01b0\u1edbc \u2013 ch\u1ed1ng b\u1ee5i cao, t\u00edn hi\u1ec7u 4-20mA v\u00e0 0-10V","robots":{"index":"index","follow":"follow","max-snippet":"max-snippet:-1","max-image-preview":"max-image-preview:large","max-video-preview":"max-video-preview:-1"},"canonical":"http:\/\/quando.com.vn\/en\/product\/cam-bien-muc-chim-sup-wsp506\/","og_locale":"en_US","og_type":"article","og_title":"C\u1ea3m bi\u1ebfn m\u1ee9c ch\u00ecm SUP-WSP506","og_description":"C\u1ea3m bi\u1ebfn m\u1ee9c ch\u00ecm SUP-WSP506 d\u1ea1ng \u00e1p su\u1ea5t, thi\u1ebft k\u1ebf nh\u1ecf g\u1ecdn, \u0111o ch\u00ednh x\u00e1c, ch\u1ed1ng n\u01b0\u1edbc \u2013 ch\u1ed1ng b\u1ee5i cao, t\u00edn hi\u1ec7u 4-20mA v\u00e0 0-10V","og_url":"http:\/\/quando.com.vn\/en\/product\/cam-bien-muc-chim-sup-wsp506\/","og_site_name":"QUANDO","article_modified_time":"2025-12-10T04:09:40+00:00","twitter_card":"summary_large_image","twitter_image":"https:\/\/quando.com.vn\/wp-content\/uploads\/2025\/12\/SUP-WSP506-Submersible-level-meter.webp","twitter_misc":{"Est. reading time":"2 minutes"},"schema":{"@context":"https:\/\/schema.org","@graph":[{"@type":"WebSite","@id":"https:\/\/quando.com.vn\/en\/#website","url":"https:\/\/quando.com.vn\/en\/","name":"QUANDO","description":"","potentialAction":[{"@type":"SearchAction","target":{"@type":"EntryPoint","urlTemplate":"https:\/\/quando.com.vn\/en\/?s={search_term_string}"},"query-input":"required name=search_term_string"}],"inLanguage":"en-US"},{"@type":"ImageObject","@id":"https:\/\/quando.com.vn\/san-pham\/cam-bien-muc-chim-sup-wsp506\/#primaryimage","inLanguage":"en-US","url":"https:\/\/quando.com.vn\/wp-content\/uploads\/2025\/12\/SUP-WSP506-Submersible-level-meter.webp","contentUrl":"https:\/\/quando.com.vn\/wp-content\/uploads\/2025\/12\/SUP-WSP506-Submersible-level-meter.webp","width":2000,"height":2000,"caption":"C\u1ea3m bi\u1ebfn m\u1ee9c ch\u00ecm SUP-WSP506"},{"@type":"WebPage","@id":"https:\/\/quando.com.vn\/san-pham\/cam-bien-muc-chim-sup-wsp506\/#webpage","url":"https:\/\/quando.com.vn\/san-pham\/cam-bien-muc-chim-sup-wsp506\/","name":"C\u1ea3m bi\u1ebfn m\u1ee9c ch\u00ecm SUP-WSP506 - QUANDO","isPartOf":{"@id":"https:\/\/quando.com.vn\/en\/#website"},"primaryImageOfPage":{"@id":"https:\/\/quando.com.vn\/san-pham\/cam-bien-muc-chim-sup-wsp506\/#primaryimage"},"datePublished":"2025-12-10T03:40:04+00:00","dateModified":"2025-12-10T04:09:40+00:00","description":"C\u1ea3m bi\u1ebfn m\u1ee9c ch\u00ecm SUP-WSP506 d\u1ea1ng \u00e1p su\u1ea5t, thi\u1ebft k\u1ebf nh\u1ecf g\u1ecdn, \u0111o ch\u00ednh x\u00e1c, ch\u1ed1ng n\u01b0\u1edbc \u2013 ch\u1ed1ng b\u1ee5i cao, t\u00edn hi\u1ec7u 4-20mA v\u00e0 0-10V","breadcrumb":{"@id":"https:\/\/quando.com.vn\/san-pham\/cam-bien-muc-chim-sup-wsp506\/#breadcrumb"},"inLanguage":"en-US","potentialAction":[{"@type":"ReadAction","target":["https:\/\/quando.com.vn\/san-pham\/cam-bien-muc-chim-sup-wsp506\/"]}]},{"@type":"BreadcrumbList","@id":"https:\/\/quando.com.vn\/san-pham\/cam-bien-muc-chim-sup-wsp506\/#breadcrumb","itemListElement":[{"@type":"ListItem","position":1,"name":"Trang ch\u1ee7","item":"https:\/\/quando.com.vn\/"},{"@type":"ListItem","position":2,"name":"S\u1ea3n ph\u1ea9m","item":"https:\/\/quando.com.vn\/san-pham\/"},{"@type":"ListItem","position":3,"name":"C\u1ea3m bi\u1ebfn m\u1ee9c ch\u00ecm SUP-WSP506"}]}]}},"_links":{"self":[{"href":"http:\/\/quando.com.vn\/en\/wp-json\/wp\/v2\/product\/7678"}],"collection":[{"href":"http:\/\/quando.com.vn\/en\/wp-json\/wp\/v2\/product"}],"about":[{"href":"http:\/\/quando.com.vn\/en\/wp-json\/wp\/v2\/types\/product"}],"wp:featuredmedia":[{"embeddable":true,"href":"http:\/\/quando.com.vn\/en\/wp-json\/wp\/v2\/media\/7679"}],"wp:attachment":[{"href":"http:\/\/quando.com.vn\/en\/wp-json\/wp\/v2\/media?parent=7678"}],"wp:term":[{"taxonomy":"product_cat","embeddable":true,"href":"http:\/\/quando.com.vn\/en\/wp-json\/wp\/v2\/product_cat?post=7678"},{"taxonomy":"product_tag","embeddable":true,"href":"http:\/\/quando.com.vn\/en\/wp-json\/wp\/v2\/product_tag?post=7678"}],"curies":[{"name":"wp","href":"https:\/\/api.w.org\/{rel}","templated":true}]}}