{"id":7674,"date":"2025-12-09T17:04:21","date_gmt":"2025-12-09T10:04:21","guid":{"rendered":"https:\/\/quando.com.vn\/?post_type=product&#038;p=7674"},"modified":"2025-12-10T10:36:48","modified_gmt":"2025-12-10T03:36:48","slug":"do-clo-du-sup-trc400","status":"publish","type":"product","link":"http:\/\/quando.com.vn\/en\/product\/do-clo-du-sup-trc400\/","title":{"rendered":"Box \u0111o clo d\u01b0 SUP-TRC400"},"content":{"rendered":"<p><strong>Box \u0111o clo d\u01b0 SUP-TRC400<\/strong> l\u00e0 b\u1ed9 ph\u00e2n t\u00edch clo d\u01b0 t\u00edch h\u1ee3p c\u1ea3m bi\u1ebfn, s\u1eed d\u1ee5ng c\u00f4ng ngh\u1ec7 m\u00e0ng MEMS cho \u0111\u1ed9 ch\u00ednh x\u00e1c cao, \u1ed5n \u0111\u1ecbnh v\u00e0 ph\u1ea3n h\u1ed3i nhanh. Thi\u1ebft b\u1ecb ph\u00f9 h\u1ee3p cho h\u1ec7 th\u1ed1ng n\u01b0\u1edbc c\u1ea5p, n\u01b0\u1edbc u\u1ed1ng, h\u1ed3 b\u01a1i, RO \u2013 UF, v\u00e0 d\u00e2y chuy\u1ec1n x\u1eed l\u00fd n\u01b0\u1edbc th\u1ea3i c\u00f4ng nghi\u1ec7p.<\/p>\n<h4>Th\u00f4ng s\u1ed1 k\u1ef9 thu\u1eadt<\/h4>\n<table>\n<tbody>\n<tr>\n<td>S\u1ea3n ph\u1ea9m<\/td>\n<td>M\u00e1y \u0111o clo d\u01b0<\/td>\n<\/tr>\n<tr>\n<td>Model<\/td>\n<td>SUP-TRC400<\/td>\n<\/tr>\n<tr>\n<td>D\u1ea3i \u0111o<\/td>\n<td>Clo d\u01b0: 0\u20135 mg\/L; Nhi\u1ec7t \u0111\u1ed9: 0.1\u201340\u2103<\/td>\n<\/tr>\n<tr>\n<td>M\u00e0n h\u00ecnh<\/td>\n<td>C\u1ea3m \u1ee9ng 7 inch<\/td>\n<\/tr>\n<tr>\n<td>K\u00edch th\u01b0\u1edbc h\u1ed9p b\u1ea3o v\u1ec7<\/td>\n<td>400\u00d7300\u00d7180 mm (hi\u1ec3n th\u1ecb: 155\u00d787 mm)<\/td>\n<\/tr>\n<tr>\n<td>Ng\u00f5 ra<\/td>\n<td>4\u201320mA (t\u00f9y ch\u1ecdn)<\/td>\n<\/tr>\n<tr>\n<td>T\u1ea3i tr\u1edf<\/td>\n<td>\u2264750\u03a9<\/td>\n<\/tr>\n<tr>\n<td>Giao ti\u1ebfp<\/td>\n<td>RS485 Modbus<\/td>\n<\/tr>\n<tr>\n<td>\u0110\u1ed9 \u1ea9m m\u00f4i tr\u01b0\u1eddng<\/td>\n<td>\u226495% (kh\u00f4ng ng\u01b0ng t\u1ee5)<\/td>\n<\/tr>\n<tr>\n<td>Ngu\u1ed3n c\u1ea5p<\/td>\n<td>220VAC<\/td>\n<\/tr>\n<tr>\n<td>C\u1ea5p b\u1ea3o v\u1ec7<\/td>\n<td>IP43<\/td>\n<\/tr>\n<\/tbody>\n<\/table>\n<h4>C\u1ea3m bi\u1ebfn clo d\u01b0 \u2013 SUP-ERC400<\/h4>\n<table>\n<tbody>\n<tr>\n<td>Th\u00e0nh ph\u1ea7n \u0111o<\/td>\n<td>HCLO, CLO2<\/td>\n<\/tr>\n<tr>\n<td>C\u00f4ng ngh\u1ec7 \u0111o<\/td>\n<td>MEMS vi \u0111i\u1ec7n t\u1eed, m\u00e0ng chuy\u00ean d\u1ee5ng ch\u1ed1ng nhi\u1ec5u<\/td>\n<\/tr>\n<tr>\n<td>D\u1ea3i \u0111o<\/td>\n<td>0\u20135 mg\/L<\/td>\n<\/tr>\n<tr>\n<td>\u0110\u1ed9 ch\u00ednh x\u00e1c<\/td>\n<td>&lt;0.1 mg\/L: \u00b10.01 mg\/L; \u22650.1 mg\/L: \u00b15% ho\u1eb7c \u00b10.02 mg\/L<\/td>\n<\/tr>\n<tr>\n<td>\u0110\u1ed9 ph\u00e2n gi\u1ea3i<\/td>\n<td>0.01<\/td>\n<\/tr>\n<tr>\n<td>Th\u1eddi gian ph\u00e2n c\u1ef1c<\/td>\n<td>2 gi\u1edd ch\u1ea1y n\u01b0\u1edbc + 30 ph\u00fat c\u1ea5p \u0111i\u1ec7n<\/td>\n<\/tr>\n<tr>\n<td>Th\u1eddi gian \u0111\u00e1p \u1ee9ng<\/td>\n<td>&lt;30 gi\u00e2y<\/td>\n<\/tr>\n<tr>\n<td>\u0110\u1ed9 d\u1eabn t\u1ed1i thi\u1ec3u<\/td>\n<td>\u2265100 \u00b5S\/cm (kh\u00f4ng d\u00f9ng cho n\u01b0\u1edbc si\u00eau tinh khi\u1ebft)<\/td>\n<\/tr>\n<tr>\n<td>Nhi\u1ec7t \u0111\u1ed9 l\u00e0m vi\u1ec7c<\/td>\n<td>0.1\u201340\u2103<\/td>\n<\/tr>\n<tr>\n<td>B\u00f9 nhi\u1ec7t<\/td>\n<td>Pt1000 t\u00edch h\u1ee3p<\/td>\n<\/tr>\n<tr>\n<td>\u00c1p l\u1ef1c t\u1ed1i \u0111a<\/td>\n<td>4 bar<\/td>\n<\/tr>\n<tr>\n<td>pH ho\u1ea1t \u0111\u1ed9ng<\/td>\n<td>5\u20139 pH (pH &lt; 5 c\u00f3 th\u1ec3 ph\u00e1 h\u1ee7y m\u00e0ng)<\/td>\n<\/tr>\n<tr>\n<td>Ngu\u1ed3n c\u1ea5p<\/td>\n<td>24VDC \u00b12V (12V t\u00f9y ch\u1ecdn)<\/td>\n<\/tr>\n<tr>\n<td>C\u00f4ng su\u1ea5t<\/td>\n<td>1.56 W<\/td>\n<\/tr>\n<tr>\n<td>Truy\u1ec1n th\u00f4ng<\/td>\n<td>Modbus RS485<\/td>\n<\/tr>\n<tr>\n<td>Chi\u1ec1u d\u00e0i c\u00e1p<\/td>\n<td>3m (t\u00f9y ch\u1ecdn d\u00e0i h\u01a1n)<\/td>\n<\/tr>\n<tr>\n<td>Ren k\u1ebft n\u1ed1i<\/td>\n<td>NPT 3\/4<\/td>\n<\/tr>\n<tr>\n<td>Ch\u1ea5t li\u1ec7u<\/td>\n<td>PVC &amp; O-ring Viton\u00ae<\/td>\n<\/tr>\n<\/tbody>\n<\/table>\n<h4>\u0110\u1eb7c \u0111i\u1ec3m n\u1ed5i b\u1eadt<\/h4>\n<p>&#8211; \u0110o ch\u00ednh x\u00e1c v\u00e0 ph\u1ea3n h\u1ed3i nhanh nh\u1edd c\u1ea3m bi\u1ebfn MEMS \u1ed5n \u0111\u1ecbnh<br \/>\n&#8211; T\u1ef1 \u0111\u1ed9ng b\u00f9 nhi\u1ec7t, b\u00f9 pH th\u1ee7 c\u00f4ng khi c\u1ea7n<br \/>\n&#8211; T\u00edn hi\u1ec7u 4\u201320mA v\u00e0 RS485 Modbus d\u1ec5 t\u00edch h\u1ee3p PLC\/SCADA<br \/>\n&#8211; M\u00e0n h\u00ecnh c\u1ea3m \u1ee9ng 7 inch tr\u1ef1c quan v\u00e0 d\u1ec5 v\u1eadn h\u00e0nh<br \/>\n&#8211; H\u1ed7 tr\u1ee3 nhi\u1ec1u ch\u1ebf \u0111\u1ed9 hi\u1ec7u chu\u1ea9n t\u1ea1i hi\u1ec7n tr\u01b0\u1eddng<br \/>\n&#8211; L\u1eafp \u0111\u1eb7t trong t\u1ee7 \u0111i\u1ec7n ho\u1eb7c treo t\u01b0\u1eddng d\u1ec5 d\u00e0ng<\/p>\n<p>SUP-TRC400 l\u00e0 l\u1ef1a ch\u1ecdn l\u00fd t\u01b0\u1edfng cho ki\u1ec3m so\u00e1t clo d\u01b0 trong h\u1ec7 th\u1ed1ng n\u01b0\u1edbc s\u1ea1ch, h\u1ed3 b\u01a1i, n\u01b0\u1edbc RO, v\u00e0 x\u1eed l\u00fd n\u01b0\u1edbc th\u1ea3i, \u0111\u1eb7c bi\u1ec7t trong c\u00e1c \u1ee9ng d\u1ee5ng c\u1ea7n \u0111\u1ed9 \u1ed5n \u0111\u1ecbnh l\u00e2u d\u00e0i v\u00e0 chi ph\u00ed b\u1ea3o tr\u00ec th\u1ea5p.<\/p>","protected":false},"excerpt":{"rendered":"<p>&#8211; \u0110o clo d\u01b0 0\u20135 mg\/L v\u1edbi \u0111\u1ed9 ch\u00ednh x\u00e1c cao<br \/>\n&#8211; M\u00e0n h\u00ecnh c\u1ea3m \u1ee9ng 7 inch<br \/>\n&#8211; T\u00edch h\u1ee3p c\u1ea3m bi\u1ebfn SUP-ERC400 c\u00f4ng ngh\u1ec7 MEMS<br \/>\n&#8211; T\u00edn hi\u1ec7u 4\u201320mA v\u00e0 RS485 Modbus<br \/>\n&#8211; IP43<\/p>","protected":false},"featured_media":7675,"template":"","meta":[],"product_cat":[570,571],"product_tag":[],"acf":[],"yoast_head":"<!-- This site is optimized with the Yoast SEO Premium plugin v18.4 (Yoast SEO v18.6) - https:\/\/yoast.com\/wordpress\/plugins\/seo\/ -->\n<title>Box \u0111o clo d\u01b0 SUP-TRC400 - QUANDO<\/title>\n<meta name=\"description\" content=\"Box \u0111o clo d\u01b0 SUP-TRC400 t\u00edch h\u1ee3p c\u1ea3m bi\u1ebfn MEMS, \u0111\u1ed9 ch\u00ednh x\u00e1c cao, ph\u1ea3n h\u1ed3i nhanh, m\u00e0n h\u00ecnh c\u1ea3m \u1ee9ng 7 inch, t\u00edn hi\u1ec7u 4\u201320mA v\u00e0 RS485 Modbus\" \/>\n<meta name=\"robots\" content=\"index, follow, max-snippet:-1, max-image-preview:large, max-video-preview:-1\" \/>\n<link rel=\"canonical\" href=\"http:\/\/quando.com.vn\/en\/product\/do-clo-du-sup-trc400\/\" \/>\n<meta property=\"og:locale\" content=\"en_US\" \/>\n<meta property=\"og:type\" content=\"article\" \/>\n<meta property=\"og:title\" content=\"Box \u0111o clo d\u01b0 SUP-TRC400\" \/>\n<meta property=\"og:description\" content=\"Box \u0111o clo d\u01b0 SUP-TRC400 t\u00edch h\u1ee3p c\u1ea3m bi\u1ebfn MEMS, \u0111\u1ed9 ch\u00ednh x\u00e1c cao, ph\u1ea3n h\u1ed3i nhanh, m\u00e0n h\u00ecnh c\u1ea3m \u1ee9ng 7 inch, t\u00edn hi\u1ec7u 4\u201320mA v\u00e0 RS485 Modbus\" \/>\n<meta property=\"og:url\" content=\"http:\/\/quando.com.vn\/en\/product\/do-clo-du-sup-trc400\/\" \/>\n<meta property=\"og:site_name\" content=\"QUANDO\" \/>\n<meta property=\"article:modified_time\" content=\"2025-12-10T03:36:48+00:00\" \/>\n<meta name=\"twitter:card\" content=\"summary_large_image\" \/>\n<meta name=\"twitter:image\" content=\"https:\/\/quando.com.vn\/wp-content\/uploads\/2025\/12\/SUP-TRC400-Residual-chlorine-meter.webp\" \/>\n<meta name=\"twitter:label1\" content=\"Est. reading time\" \/>\n\t<meta name=\"twitter:data1\" content=\"3 minutes\" \/>\n<script type=\"application\/ld+json\" class=\"yoast-schema-graph\">{\"@context\":\"https:\/\/schema.org\",\"@graph\":[{\"@type\":\"WebSite\",\"@id\":\"https:\/\/quando.com.vn\/en\/#website\",\"url\":\"https:\/\/quando.com.vn\/en\/\",\"name\":\"QUANDO\",\"description\":\"\",\"potentialAction\":[{\"@type\":\"SearchAction\",\"target\":{\"@type\":\"EntryPoint\",\"urlTemplate\":\"https:\/\/quando.com.vn\/en\/?s={search_term_string}\"},\"query-input\":\"required name=search_term_string\"}],\"inLanguage\":\"en-US\"},{\"@type\":\"ImageObject\",\"@id\":\"https:\/\/quando.com.vn\/san-pham\/do-clo-du-sup-trc400\/#primaryimage\",\"inLanguage\":\"en-US\",\"url\":\"https:\/\/quando.com.vn\/wp-content\/uploads\/2025\/12\/SUP-TRC400-Residual-chlorine-meter.webp\",\"contentUrl\":\"https:\/\/quando.com.vn\/wp-content\/uploads\/2025\/12\/SUP-TRC400-Residual-chlorine-meter.webp\",\"width\":900,\"height\":900,\"caption\":\"\u0111o clo d\u01b0 SUP-TRC400\"},{\"@type\":\"WebPage\",\"@id\":\"https:\/\/quando.com.vn\/san-pham\/do-clo-du-sup-trc400\/#webpage\",\"url\":\"https:\/\/quando.com.vn\/san-pham\/do-clo-du-sup-trc400\/\",\"name\":\"Box \u0111o clo d\u01b0 SUP-TRC400 - QUANDO\",\"isPartOf\":{\"@id\":\"https:\/\/quando.com.vn\/en\/#website\"},\"primaryImageOfPage\":{\"@id\":\"https:\/\/quando.com.vn\/san-pham\/do-clo-du-sup-trc400\/#primaryimage\"},\"datePublished\":\"2025-12-09T10:04:21+00:00\",\"dateModified\":\"2025-12-10T03:36:48+00:00\",\"description\":\"Box \u0111o clo d\u01b0 SUP-TRC400 t\u00edch h\u1ee3p c\u1ea3m bi\u1ebfn MEMS, \u0111\u1ed9 ch\u00ednh x\u00e1c cao, ph\u1ea3n h\u1ed3i nhanh, m\u00e0n h\u00ecnh c\u1ea3m \u1ee9ng 7 inch, t\u00edn hi\u1ec7u 4\u201320mA v\u00e0 RS485 Modbus\",\"breadcrumb\":{\"@id\":\"https:\/\/quando.com.vn\/san-pham\/do-clo-du-sup-trc400\/#breadcrumb\"},\"inLanguage\":\"en-US\",\"potentialAction\":[{\"@type\":\"ReadAction\",\"target\":[\"https:\/\/quando.com.vn\/san-pham\/do-clo-du-sup-trc400\/\"]}]},{\"@type\":\"BreadcrumbList\",\"@id\":\"https:\/\/quando.com.vn\/san-pham\/do-clo-du-sup-trc400\/#breadcrumb\",\"itemListElement\":[{\"@type\":\"ListItem\",\"position\":1,\"name\":\"Trang ch\u1ee7\",\"item\":\"https:\/\/quando.com.vn\/\"},{\"@type\":\"ListItem\",\"position\":2,\"name\":\"S\u1ea3n ph\u1ea9m\",\"item\":\"https:\/\/quando.com.vn\/san-pham\/\"},{\"@type\":\"ListItem\",\"position\":3,\"name\":\"Box \u0111o clo d\u01b0 SUP-TRC400\"}]}]}<\/script>\n<!-- \/ Yoast SEO Premium plugin. -->","yoast_head_json":{"title":"Box \u0111o clo d\u01b0 SUP-TRC400 - QUANDO","description":"Box \u0111o clo d\u01b0 SUP-TRC400 t\u00edch h\u1ee3p c\u1ea3m bi\u1ebfn MEMS, \u0111\u1ed9 ch\u00ednh x\u00e1c cao, ph\u1ea3n h\u1ed3i nhanh, m\u00e0n h\u00ecnh c\u1ea3m \u1ee9ng 7 inch, t\u00edn hi\u1ec7u 4\u201320mA v\u00e0 RS485 Modbus","robots":{"index":"index","follow":"follow","max-snippet":"max-snippet:-1","max-image-preview":"max-image-preview:large","max-video-preview":"max-video-preview:-1"},"canonical":"http:\/\/quando.com.vn\/en\/product\/do-clo-du-sup-trc400\/","og_locale":"en_US","og_type":"article","og_title":"Box \u0111o clo d\u01b0 SUP-TRC400","og_description":"Box \u0111o clo d\u01b0 SUP-TRC400 t\u00edch h\u1ee3p c\u1ea3m bi\u1ebfn MEMS, \u0111\u1ed9 ch\u00ednh x\u00e1c cao, ph\u1ea3n h\u1ed3i nhanh, m\u00e0n h\u00ecnh c\u1ea3m \u1ee9ng 7 inch, t\u00edn hi\u1ec7u 4\u201320mA v\u00e0 RS485 Modbus","og_url":"http:\/\/quando.com.vn\/en\/product\/do-clo-du-sup-trc400\/","og_site_name":"QUANDO","article_modified_time":"2025-12-10T03:36:48+00:00","twitter_card":"summary_large_image","twitter_image":"https:\/\/quando.com.vn\/wp-content\/uploads\/2025\/12\/SUP-TRC400-Residual-chlorine-meter.webp","twitter_misc":{"Est. reading time":"3 minutes"},"schema":{"@context":"https:\/\/schema.org","@graph":[{"@type":"WebSite","@id":"https:\/\/quando.com.vn\/en\/#website","url":"https:\/\/quando.com.vn\/en\/","name":"QUANDO","description":"","potentialAction":[{"@type":"SearchAction","target":{"@type":"EntryPoint","urlTemplate":"https:\/\/quando.com.vn\/en\/?s={search_term_string}"},"query-input":"required name=search_term_string"}],"inLanguage":"en-US"},{"@type":"ImageObject","@id":"https:\/\/quando.com.vn\/san-pham\/do-clo-du-sup-trc400\/#primaryimage","inLanguage":"en-US","url":"https:\/\/quando.com.vn\/wp-content\/uploads\/2025\/12\/SUP-TRC400-Residual-chlorine-meter.webp","contentUrl":"https:\/\/quando.com.vn\/wp-content\/uploads\/2025\/12\/SUP-TRC400-Residual-chlorine-meter.webp","width":900,"height":900,"caption":"\u0111o clo d\u01b0 SUP-TRC400"},{"@type":"WebPage","@id":"https:\/\/quando.com.vn\/san-pham\/do-clo-du-sup-trc400\/#webpage","url":"https:\/\/quando.com.vn\/san-pham\/do-clo-du-sup-trc400\/","name":"Box \u0111o clo d\u01b0 SUP-TRC400 - QUANDO","isPartOf":{"@id":"https:\/\/quando.com.vn\/en\/#website"},"primaryImageOfPage":{"@id":"https:\/\/quando.com.vn\/san-pham\/do-clo-du-sup-trc400\/#primaryimage"},"datePublished":"2025-12-09T10:04:21+00:00","dateModified":"2025-12-10T03:36:48+00:00","description":"Box \u0111o clo d\u01b0 SUP-TRC400 t\u00edch h\u1ee3p c\u1ea3m bi\u1ebfn MEMS, \u0111\u1ed9 ch\u00ednh x\u00e1c cao, ph\u1ea3n h\u1ed3i nhanh, m\u00e0n h\u00ecnh c\u1ea3m \u1ee9ng 7 inch, t\u00edn hi\u1ec7u 4\u201320mA v\u00e0 RS485 Modbus","breadcrumb":{"@id":"https:\/\/quando.com.vn\/san-pham\/do-clo-du-sup-trc400\/#breadcrumb"},"inLanguage":"en-US","potentialAction":[{"@type":"ReadAction","target":["https:\/\/quando.com.vn\/san-pham\/do-clo-du-sup-trc400\/"]}]},{"@type":"BreadcrumbList","@id":"https:\/\/quando.com.vn\/san-pham\/do-clo-du-sup-trc400\/#breadcrumb","itemListElement":[{"@type":"ListItem","position":1,"name":"Trang ch\u1ee7","item":"https:\/\/quando.com.vn\/"},{"@type":"ListItem","position":2,"name":"S\u1ea3n ph\u1ea9m","item":"https:\/\/quando.com.vn\/san-pham\/"},{"@type":"ListItem","position":3,"name":"Box \u0111o clo d\u01b0 SUP-TRC400"}]}]}},"_links":{"self":[{"href":"http:\/\/quando.com.vn\/en\/wp-json\/wp\/v2\/product\/7674"}],"collection":[{"href":"http:\/\/quando.com.vn\/en\/wp-json\/wp\/v2\/product"}],"about":[{"href":"http:\/\/quando.com.vn\/en\/wp-json\/wp\/v2\/types\/product"}],"wp:featuredmedia":[{"embeddable":true,"href":"http:\/\/quando.com.vn\/en\/wp-json\/wp\/v2\/media\/7675"}],"wp:attachment":[{"href":"http:\/\/quando.com.vn\/en\/wp-json\/wp\/v2\/media?parent=7674"}],"wp:term":[{"taxonomy":"product_cat","embeddable":true,"href":"http:\/\/quando.com.vn\/en\/wp-json\/wp\/v2\/product_cat?post=7674"},{"taxonomy":"product_tag","embeddable":true,"href":"http:\/\/quando.com.vn\/en\/wp-json\/wp\/v2\/product_tag?post=7674"}],"curies":[{"name":"wp","href":"https:\/\/api.w.org\/{rel}","templated":true}]}}