{"id":7657,"date":"2025-12-03T11:21:14","date_gmt":"2025-12-03T04:21:14","guid":{"rendered":"https:\/\/quando.com.vn\/?post_type=product&#038;p=7657"},"modified":"2025-12-03T11:43:01","modified_gmt":"2025-12-03T04:43:01","slug":"cam-bien-nhiet-do-do-am-chong-chay-no-thm14ex","status":"publish","type":"product","link":"http:\/\/quando.com.vn\/en\/product\/cam-bien-nhiet-do-do-am-chong-chay-no-thm14ex\/","title":{"rendered":"C\u1ea3m bi\u1ebfn nhi\u1ec7t \u0111\u1ed9 v\u00e0 \u0111\u1ed9 \u1ea9m ch\u1ed1ng ch\u00e1y n\u1ed5 THM14EX"},"content":{"rendered":"<p><strong> C\u1ea3m bi\u1ebfn nhi\u1ec7t \u0111\u1ed9 v\u00e0 \u0111\u1ed9 \u1ea9m ch\u1ed1ng ch\u00e1y n\u1ed5 THM14EX<\/strong> l\u00e0 c\u1ea3m bi\u1ebfn \u0111o nhi\u1ec7t \u0111\u1ed9 v\u00e0 \u0111\u1ed9 \u1ea9m thu\u1ed9c d\u00f2ng ch\u1ed1ng ch\u00e1y n\u1ed5 (EX-Series) c\u1ee7a <strong>eyc-tech<\/strong>. Thi\u1ebft b\u1ecb \u0111\u01b0\u1ee3c thi\u1ebft k\u1ebf \u0111\u1eb7c bi\u1ec7t \u0111\u1ec3 ho\u1ea1t \u0111\u1ed9ng trong c\u00e1c khu v\u1ef1c c\u00f3 nguy c\u01a1 ch\u00e1y n\u1ed5 do kh\u00ed d\u1ec5 ch\u00e1y ho\u1eb7c b\u1ee5i d\u1ec5 ch\u00e1y nh\u01b0 trong nh\u00e0 m\u00e1y \u0111i\u1ec7n t\u1eed, h\u00f3a ch\u1ea5t, d\u01b0\u1ee3c ph\u1ea9m, th\u1ef1c ph\u1ea9m ho\u1eb7c c\u00f4ng nghi\u1ec7p n\u1eb7ng nh\u01b0 luy\u1ec7n kim, th\u00e9p.<\/p>\n<h4>\u0110\u1eb7c \u0111i\u1ec3m n\u1ed5i b\u1eadt<\/h4>\n<ul>\n<li>Thi\u1ebft k\u1ebf chuy\u00ean d\u1ee5ng cho v\u00f9ng c\u00f3 nguy c\u01a1 ch\u00e1y n\u1ed5 (gas ho\u1eb7c b\u1ee5i)<\/li>\n<li>\u0110o \u0111\u1ed3ng th\u1eddi nhi\u1ec7t \u0111\u1ed9 v\u00e0 \u0111\u1ed9 \u1ea9m trong kh\u00ed s\u1ea1ch, kh\u00f4ng \u0103n m\u00f2n<\/li>\n<li>\u0110\u1ed9 ch\u00ednh x\u00e1c cao: \u00b10.3\u00b0C cho nhi\u1ec7t \u0111\u1ed9 v\u00e0 \u00b12% RH cho \u0111\u1ed9 \u1ea9m<\/li>\n<li>V\u1ecf nh\u00f4m c\u1ee9ng c\u00e1p, c\u1ea5p b\u1ea3o v\u1ec7 IP66 ch\u1ed1ng b\u1ee5i v\u00e0 tia n\u01b0\u1edbc m\u1ea1nh<\/li>\n<li>\u0110\u1ea7u d\u00f2 b\u1eb1ng th\u00e9p kh\u00f4ng g\u1ec9, \u1ed5n \u0111\u1ecbnh l\u00e2u d\u00e0i trong \u0111i\u1ec1u ki\u1ec7n c\u00f4ng nghi\u1ec7p<\/li>\n<li>\u0110\u1ea7u ra d\u00f2ng \u0111i\u1ec7n 4\u201320 mA ph\u00f9 h\u1ee3p truy\u1ec1n t\u00edn hi\u1ec7u xa<\/li>\n<\/ul>\n<h4>Th\u00f4ng s\u1ed1 k\u1ef9 thu\u1eadt ch\u00ednh<\/h4>\n<p><img loading=\"lazy\" class=\"aligncenter size-full wp-image-7660\" src=\"https:\/\/quando.com.vn\/wp-content\/uploads\/2025\/12\/eyc-tech-thm14ex_spec.png\" alt=\"C\u1ea3m bi\u1ebfn nhi\u1ec7t \u0111\u1ed9 &amp; \u0111\u1ed9 \u1ea9m ch\u1ed1ng ch\u00e1y n\u1ed5 THM14EX\" width=\"672\" height=\"985\" srcset=\"https:\/\/quando.com.vn\/wp-content\/uploads\/2025\/12\/eyc-tech-thm14ex_spec.png 672w, https:\/\/quando.com.vn\/wp-content\/uploads\/2025\/12\/eyc-tech-thm14ex_spec-205x300.png 205w, https:\/\/quando.com.vn\/wp-content\/uploads\/2025\/12\/eyc-tech-thm14ex_spec-8x12.png 8w, https:\/\/quando.com.vn\/wp-content\/uploads\/2025\/12\/eyc-tech-thm14ex_spec-300x440.png 300w\" sizes=\"(max-width: 672px) 100vw, 672px\" \/><\/p>\n<h3>\u1ee8ng d\u1ee5ng \u0111i\u1ec3n h\u00ecnh c\u1ea3m bi\u1ebfn nhi\u1ec7t \u0111\u1ed9 v\u00e0 \u0111\u1ed9 \u1ea9m ch\u1ed1ng ch\u00e1y n\u1ed5 THM14EX:<\/h3>\n<ul>\n<li>Nh\u00e0 m\u00e1y b\u00e1n d\u1eabn, \u0111i\u1ec7n t\u1eed<\/li>\n<li>Ng\u00e0nh luy\u1ec7n kim, s\u1ea3n xu\u1ea5t th\u00e9p<\/li>\n<li>Nh\u00e0 m\u00e1y h\u00f3a ch\u1ea5t, d\u01b0\u1ee3c ph\u1ea9m<\/li>\n<li>Ng\u00e0nh th\u1ef1c ph\u1ea9m, c\u00f4ng ngh\u1ec7 sinh h\u1ecdc<\/li>\n<li>Khu v\u1ef1c c\u00f3 kh\u00ed d\u1ec5 ch\u00e1y ho\u1eb7c b\u1ee5i c\u00f4ng nghi\u1ec7p<\/li>\n<\/ul>\n<p><img loading=\"lazy\" class=\"aligncenter size-full wp-image-7659\" src=\"https:\/\/quando.com.vn\/wp-content\/uploads\/2025\/12\/eyc-tech-thm14ex_ordering.png\" alt=\"C\u1ea3m bi\u1ebfn nhi\u1ec7t \u0111\u1ed9 &amp; \u0111\u1ed9 \u1ea9m ch\u1ed1ng ch\u00e1y n\u1ed5 THM14EX\" width=\"780\" height=\"348\" srcset=\"https:\/\/quando.com.vn\/wp-content\/uploads\/2025\/12\/eyc-tech-thm14ex_ordering.png 780w, https:\/\/quando.com.vn\/wp-content\/uploads\/2025\/12\/eyc-tech-thm14ex_ordering-300x134.png 300w, https:\/\/quando.com.vn\/wp-content\/uploads\/2025\/12\/eyc-tech-thm14ex_ordering-768x343.png 768w, https:\/\/quando.com.vn\/wp-content\/uploads\/2025\/12\/eyc-tech-thm14ex_ordering-18x8.png 18w\" sizes=\"(max-width: 780px) 100vw, 780px\" \/><\/p>","protected":false},"excerpt":{"rendered":"<p>&#8211; C\u1ea3m bi\u1ebfn ch\u1ed1ng ch\u00e1y n\u1ed5 \u0111o nhi\u1ec7t \u0111\u1ed9 &amp; \u0111\u1ed9 \u1ea9m<br \/>\n&#8211; D\u1ea3i \u0111o: -20~80\u00b0C \/ 0~100%RH<br \/>\n&#8211; \u0110\u1ed9 ch\u00ednh x\u00e1c: \u00b10.3\u00b0C \/ \u00b12%RH<br \/>\n&#8211; V\u1ecf nh\u00f4m IP66, \u0111\u1ea7u d\u00f2 inox b\u1ec1n ch\u1eafc<br \/>\n&#8211; \u0110\u1ea7u ra d\u00f2ng 4\u201320 mA<br \/>\n&#8211; D\u00f9ng cho m\u00f4i tr\u01b0\u1eddng b\u1ee5i, kh\u00ed d\u1ec5 ch\u00e1y n\u1ed5<\/p>","protected":false},"featured_media":7661,"template":"","meta":[],"product_cat":[565,566,525,523],"product_tag":[],"acf":[],"yoast_head":"<!-- This site is optimized with the Yoast SEO Premium plugin v18.4 (Yoast SEO v18.6) - https:\/\/yoast.com\/wordpress\/plugins\/seo\/ -->\n<title>C\u1ea3m bi\u1ebfn nhi\u1ec7t \u0111\u1ed9 v\u00e0 \u0111\u1ed9 \u1ea9m ch\u1ed1ng ch\u00e1y n\u1ed5 THM14EX - QUANDO<\/title>\n<meta name=\"description\" content=\"C\u1ea3m bi\u1ebfn nhi\u1ec7t \u0111\u1ed9 v\u00e0 \u0111\u1ed9 \u1ea9m ch\u1ed1ng ch\u00e1y n\u1ed5 THM14EX l\u00e0 c\u1ea3m bi\u1ebfn nhi\u1ec7t \u0111\u1ed9 v\u00e0 \u0111\u1ed9 \u1ea9m ch\u1ed1ng ch\u00e1y n\u1ed5, IP66, v\u1ecf nh\u00f4m, \u0111\u1ea7u d\u00f2 inox, \u0111\u1ea7u ra 4\u201320 mA...\" \/>\n<meta name=\"robots\" content=\"index, follow, max-snippet:-1, max-image-preview:large, max-video-preview:-1\" \/>\n<link rel=\"canonical\" href=\"http:\/\/quando.com.vn\/en\/product\/cam-bien-nhiet-do-do-am-chong-chay-no-thm14ex\/\" \/>\n<meta property=\"og:locale\" content=\"en_US\" \/>\n<meta property=\"og:type\" content=\"article\" \/>\n<meta property=\"og:title\" content=\"C\u1ea3m bi\u1ebfn nhi\u1ec7t \u0111\u1ed9 v\u00e0 \u0111\u1ed9 \u1ea9m ch\u1ed1ng ch\u00e1y n\u1ed5 THM14EX\" \/>\n<meta property=\"og:description\" content=\"C\u1ea3m bi\u1ebfn nhi\u1ec7t \u0111\u1ed9 v\u00e0 \u0111\u1ed9 \u1ea9m ch\u1ed1ng ch\u00e1y n\u1ed5 THM14EX l\u00e0 c\u1ea3m bi\u1ebfn nhi\u1ec7t \u0111\u1ed9 v\u00e0 \u0111\u1ed9 \u1ea9m ch\u1ed1ng ch\u00e1y n\u1ed5, IP66, v\u1ecf nh\u00f4m, \u0111\u1ea7u d\u00f2 inox, \u0111\u1ea7u ra 4\u201320 mA...\" \/>\n<meta property=\"og:url\" content=\"http:\/\/quando.com.vn\/en\/product\/cam-bien-nhiet-do-do-am-chong-chay-no-thm14ex\/\" \/>\n<meta property=\"og:site_name\" content=\"QUANDO\" \/>\n<meta property=\"article:modified_time\" content=\"2025-12-03T04:43:01+00:00\" \/>\n<meta name=\"twitter:card\" content=\"summary_large_image\" \/>\n<meta name=\"twitter:image\" content=\"https:\/\/quando.com.vn\/wp-content\/uploads\/2025\/12\/eyc-tech-thm14ex-20230728.webp\" \/>\n<meta name=\"twitter:label1\" content=\"Est. reading time\" \/>\n\t<meta name=\"twitter:data1\" content=\"2 minutes\" \/>\n<script type=\"application\/ld+json\" class=\"yoast-schema-graph\">{\"@context\":\"https:\/\/schema.org\",\"@graph\":[{\"@type\":\"WebSite\",\"@id\":\"https:\/\/quando.com.vn\/en\/#website\",\"url\":\"https:\/\/quando.com.vn\/en\/\",\"name\":\"QUANDO\",\"description\":\"\",\"potentialAction\":[{\"@type\":\"SearchAction\",\"target\":{\"@type\":\"EntryPoint\",\"urlTemplate\":\"https:\/\/quando.com.vn\/en\/?s={search_term_string}\"},\"query-input\":\"required name=search_term_string\"}],\"inLanguage\":\"en-US\"},{\"@type\":\"ImageObject\",\"@id\":\"https:\/\/quando.com.vn\/san-pham\/cam-bien-nhiet-do-do-am-chong-chay-no-thm14ex\/#primaryimage\",\"inLanguage\":\"en-US\",\"url\":\"https:\/\/quando.com.vn\/wp-content\/uploads\/2025\/12\/eyc-tech-thm14ex-20230728.webp\",\"contentUrl\":\"https:\/\/quando.com.vn\/wp-content\/uploads\/2025\/12\/eyc-tech-thm14ex-20230728.webp\",\"width\":500,\"height\":500,\"caption\":\"C\u1ea3m bi\u1ebfn nhi\u1ec7t \u0111\u1ed9 & \u0111\u1ed9 \u1ea9m ch\u1ed1ng ch\u00e1y n\u1ed5 THM14EX\"},{\"@type\":\"WebPage\",\"@id\":\"https:\/\/quando.com.vn\/san-pham\/cam-bien-nhiet-do-do-am-chong-chay-no-thm14ex\/#webpage\",\"url\":\"https:\/\/quando.com.vn\/san-pham\/cam-bien-nhiet-do-do-am-chong-chay-no-thm14ex\/\",\"name\":\"C\u1ea3m bi\u1ebfn nhi\u1ec7t \u0111\u1ed9 v\u00e0 \u0111\u1ed9 \u1ea9m ch\u1ed1ng ch\u00e1y n\u1ed5 THM14EX - QUANDO\",\"isPartOf\":{\"@id\":\"https:\/\/quando.com.vn\/en\/#website\"},\"primaryImageOfPage\":{\"@id\":\"https:\/\/quando.com.vn\/san-pham\/cam-bien-nhiet-do-do-am-chong-chay-no-thm14ex\/#primaryimage\"},\"datePublished\":\"2025-12-03T04:21:14+00:00\",\"dateModified\":\"2025-12-03T04:43:01+00:00\",\"description\":\"C\u1ea3m bi\u1ebfn nhi\u1ec7t \u0111\u1ed9 v\u00e0 \u0111\u1ed9 \u1ea9m ch\u1ed1ng ch\u00e1y n\u1ed5 THM14EX l\u00e0 c\u1ea3m bi\u1ebfn nhi\u1ec7t \u0111\u1ed9 v\u00e0 \u0111\u1ed9 \u1ea9m ch\u1ed1ng ch\u00e1y n\u1ed5, IP66, v\u1ecf nh\u00f4m, \u0111\u1ea7u d\u00f2 inox, \u0111\u1ea7u ra 4\u201320 mA...\",\"breadcrumb\":{\"@id\":\"https:\/\/quando.com.vn\/san-pham\/cam-bien-nhiet-do-do-am-chong-chay-no-thm14ex\/#breadcrumb\"},\"inLanguage\":\"en-US\",\"potentialAction\":[{\"@type\":\"ReadAction\",\"target\":[\"https:\/\/quando.com.vn\/san-pham\/cam-bien-nhiet-do-do-am-chong-chay-no-thm14ex\/\"]}]},{\"@type\":\"BreadcrumbList\",\"@id\":\"https:\/\/quando.com.vn\/san-pham\/cam-bien-nhiet-do-do-am-chong-chay-no-thm14ex\/#breadcrumb\",\"itemListElement\":[{\"@type\":\"ListItem\",\"position\":1,\"name\":\"Trang ch\u1ee7\",\"item\":\"https:\/\/quando.com.vn\/\"},{\"@type\":\"ListItem\",\"position\":2,\"name\":\"S\u1ea3n ph\u1ea9m\",\"item\":\"https:\/\/quando.com.vn\/san-pham\/\"},{\"@type\":\"ListItem\",\"position\":3,\"name\":\"C\u1ea3m bi\u1ebfn nhi\u1ec7t \u0111\u1ed9 v\u00e0 \u0111\u1ed9 \u1ea9m ch\u1ed1ng ch\u00e1y n\u1ed5 THM14EX\"}]}]}<\/script>\n<!-- \/ Yoast SEO Premium plugin. -->","yoast_head_json":{"title":"C\u1ea3m bi\u1ebfn nhi\u1ec7t \u0111\u1ed9 v\u00e0 \u0111\u1ed9 \u1ea9m ch\u1ed1ng ch\u00e1y n\u1ed5 THM14EX - QUANDO","description":"C\u1ea3m bi\u1ebfn nhi\u1ec7t \u0111\u1ed9 v\u00e0 \u0111\u1ed9 \u1ea9m ch\u1ed1ng ch\u00e1y n\u1ed5 THM14EX l\u00e0 c\u1ea3m bi\u1ebfn nhi\u1ec7t \u0111\u1ed9 v\u00e0 \u0111\u1ed9 \u1ea9m ch\u1ed1ng ch\u00e1y n\u1ed5, IP66, v\u1ecf nh\u00f4m, \u0111\u1ea7u d\u00f2 inox, \u0111\u1ea7u ra 4\u201320 mA...","robots":{"index":"index","follow":"follow","max-snippet":"max-snippet:-1","max-image-preview":"max-image-preview:large","max-video-preview":"max-video-preview:-1"},"canonical":"http:\/\/quando.com.vn\/en\/product\/cam-bien-nhiet-do-do-am-chong-chay-no-thm14ex\/","og_locale":"en_US","og_type":"article","og_title":"C\u1ea3m bi\u1ebfn nhi\u1ec7t \u0111\u1ed9 v\u00e0 \u0111\u1ed9 \u1ea9m ch\u1ed1ng ch\u00e1y n\u1ed5 THM14EX","og_description":"C\u1ea3m bi\u1ebfn nhi\u1ec7t \u0111\u1ed9 v\u00e0 \u0111\u1ed9 \u1ea9m ch\u1ed1ng ch\u00e1y n\u1ed5 THM14EX l\u00e0 c\u1ea3m bi\u1ebfn nhi\u1ec7t \u0111\u1ed9 v\u00e0 \u0111\u1ed9 \u1ea9m ch\u1ed1ng ch\u00e1y n\u1ed5, IP66, v\u1ecf nh\u00f4m, \u0111\u1ea7u d\u00f2 inox, \u0111\u1ea7u ra 4\u201320 mA...","og_url":"http:\/\/quando.com.vn\/en\/product\/cam-bien-nhiet-do-do-am-chong-chay-no-thm14ex\/","og_site_name":"QUANDO","article_modified_time":"2025-12-03T04:43:01+00:00","twitter_card":"summary_large_image","twitter_image":"https:\/\/quando.com.vn\/wp-content\/uploads\/2025\/12\/eyc-tech-thm14ex-20230728.webp","twitter_misc":{"Est. reading time":"2 minutes"},"schema":{"@context":"https:\/\/schema.org","@graph":[{"@type":"WebSite","@id":"https:\/\/quando.com.vn\/en\/#website","url":"https:\/\/quando.com.vn\/en\/","name":"QUANDO","description":"","potentialAction":[{"@type":"SearchAction","target":{"@type":"EntryPoint","urlTemplate":"https:\/\/quando.com.vn\/en\/?s={search_term_string}"},"query-input":"required name=search_term_string"}],"inLanguage":"en-US"},{"@type":"ImageObject","@id":"https:\/\/quando.com.vn\/san-pham\/cam-bien-nhiet-do-do-am-chong-chay-no-thm14ex\/#primaryimage","inLanguage":"en-US","url":"https:\/\/quando.com.vn\/wp-content\/uploads\/2025\/12\/eyc-tech-thm14ex-20230728.webp","contentUrl":"https:\/\/quando.com.vn\/wp-content\/uploads\/2025\/12\/eyc-tech-thm14ex-20230728.webp","width":500,"height":500,"caption":"C\u1ea3m bi\u1ebfn nhi\u1ec7t \u0111\u1ed9 & \u0111\u1ed9 \u1ea9m ch\u1ed1ng ch\u00e1y n\u1ed5 THM14EX"},{"@type":"WebPage","@id":"https:\/\/quando.com.vn\/san-pham\/cam-bien-nhiet-do-do-am-chong-chay-no-thm14ex\/#webpage","url":"https:\/\/quando.com.vn\/san-pham\/cam-bien-nhiet-do-do-am-chong-chay-no-thm14ex\/","name":"C\u1ea3m bi\u1ebfn nhi\u1ec7t \u0111\u1ed9 v\u00e0 \u0111\u1ed9 \u1ea9m ch\u1ed1ng ch\u00e1y n\u1ed5 THM14EX - QUANDO","isPartOf":{"@id":"https:\/\/quando.com.vn\/en\/#website"},"primaryImageOfPage":{"@id":"https:\/\/quando.com.vn\/san-pham\/cam-bien-nhiet-do-do-am-chong-chay-no-thm14ex\/#primaryimage"},"datePublished":"2025-12-03T04:21:14+00:00","dateModified":"2025-12-03T04:43:01+00:00","description":"C\u1ea3m bi\u1ebfn nhi\u1ec7t \u0111\u1ed9 v\u00e0 \u0111\u1ed9 \u1ea9m ch\u1ed1ng ch\u00e1y n\u1ed5 THM14EX l\u00e0 c\u1ea3m bi\u1ebfn nhi\u1ec7t \u0111\u1ed9 v\u00e0 \u0111\u1ed9 \u1ea9m ch\u1ed1ng ch\u00e1y n\u1ed5, IP66, v\u1ecf nh\u00f4m, \u0111\u1ea7u d\u00f2 inox, \u0111\u1ea7u ra 4\u201320 mA...","breadcrumb":{"@id":"https:\/\/quando.com.vn\/san-pham\/cam-bien-nhiet-do-do-am-chong-chay-no-thm14ex\/#breadcrumb"},"inLanguage":"en-US","potentialAction":[{"@type":"ReadAction","target":["https:\/\/quando.com.vn\/san-pham\/cam-bien-nhiet-do-do-am-chong-chay-no-thm14ex\/"]}]},{"@type":"BreadcrumbList","@id":"https:\/\/quando.com.vn\/san-pham\/cam-bien-nhiet-do-do-am-chong-chay-no-thm14ex\/#breadcrumb","itemListElement":[{"@type":"ListItem","position":1,"name":"Trang ch\u1ee7","item":"https:\/\/quando.com.vn\/"},{"@type":"ListItem","position":2,"name":"S\u1ea3n ph\u1ea9m","item":"https:\/\/quando.com.vn\/san-pham\/"},{"@type":"ListItem","position":3,"name":"C\u1ea3m bi\u1ebfn nhi\u1ec7t \u0111\u1ed9 v\u00e0 \u0111\u1ed9 \u1ea9m ch\u1ed1ng ch\u00e1y n\u1ed5 THM14EX"}]}]}},"_links":{"self":[{"href":"http:\/\/quando.com.vn\/en\/wp-json\/wp\/v2\/product\/7657"}],"collection":[{"href":"http:\/\/quando.com.vn\/en\/wp-json\/wp\/v2\/product"}],"about":[{"href":"http:\/\/quando.com.vn\/en\/wp-json\/wp\/v2\/types\/product"}],"wp:featuredmedia":[{"embeddable":true,"href":"http:\/\/quando.com.vn\/en\/wp-json\/wp\/v2\/media\/7661"}],"wp:attachment":[{"href":"http:\/\/quando.com.vn\/en\/wp-json\/wp\/v2\/media?parent=7657"}],"wp:term":[{"taxonomy":"product_cat","embeddable":true,"href":"http:\/\/quando.com.vn\/en\/wp-json\/wp\/v2\/product_cat?post=7657"},{"taxonomy":"product_tag","embeddable":true,"href":"http:\/\/quando.com.vn\/en\/wp-json\/wp\/v2\/product_tag?post=7657"}],"curies":[{"name":"wp","href":"https:\/\/api.w.org\/{rel}","templated":true}]}}