{"id":7619,"date":"2025-11-14T12:04:49","date_gmt":"2025-11-14T05:04:49","guid":{"rendered":"https:\/\/quando.com.vn\/?post_type=product&#038;p=7619"},"modified":"2025-11-14T12:18:13","modified_gmt":"2025-11-14T05:18:13","slug":"dong-ho-do-do-duc-supmea-sup-ptu200","status":"publish","type":"product","link":"http:\/\/quando.com.vn\/en\/product\/dong-ho-do-do-duc-supmea-sup-ptu200\/","title":{"rendered":"\u0110\u1ed3ng h\u1ed3 \u0111o \u0111\u1ed9 \u0111\u1ee5c Supmea SUP-PTU200"},"content":{"rendered":"<p><strong>\u0110\u1ed3ng h\u1ed3 \u0111o \u0111\u1ed9 \u0111\u1ee5c Supmea SUP-PTU200<\/strong>\u00a0l\u00e0 m\u00e1y ph\u00e2n t\u00edch \u0111\u1ed9 \u0111\u1ee5c d\u00f9ng c\u00f4ng ngh\u1ec7 h\u1ed3ng ngo\u1ea1i h\u1ea5p th\u1ee5 \u2013 t\u00e1n x\u1ea1 k\u00e9p theo ti\u00eau chu\u1ea9n qu\u1ed1c t\u1ebf <strong>ISO7027<\/strong>, \u0111\u1ea3m b\u1ea3o \u0111o l\u01b0\u1eddng \u0111\u1ed9 \u0111\u1ee5c ch\u00ednh x\u00e1c v\u00e0 kh\u00f4ng b\u1ecb \u1ea3nh h\u01b0\u1edfng b\u1edfi m\u00e0u s\u1eafc c\u1ee7a m\u1eabu n\u01b0\u1edbc. Thi\u1ebft k\u1ebf ph\u00f9 h\u1ee3p cho gi\u00e1m s\u00e1t li\u00ean t\u1ee5c trong h\u1ec7 th\u1ed1ng x\u1eed l\u00fd n\u01b0\u1edbc s\u1ea1ch, n\u01b0\u1edbc th\u1ea3i v\u00e0 c\u00e1c \u1ee9ng d\u1ee5ng c\u00f4ng nghi\u1ec7p.<\/p>\n<h4>Th\u00f4ng s\u1ed1 k\u1ef9 thu\u1eadt<\/h4>\n<table>\n<tbody>\n<tr>\n<td>Product<\/td>\n<td>Turbidity meter<\/td>\n<\/tr>\n<tr>\n<td>Model<\/td>\n<td>SUP-PTU200<\/td>\n<\/tr>\n<tr>\n<td>Display<\/td>\n<td>128 * 64 dot matrix LCD with LED backlight,<br \/>\nwhich can be operated under the direct sunlight<\/td>\n<\/tr>\n<tr>\n<td>Power supply<\/td>\n<td>AC:85~500V, 50Hz\/60Hz; DC: 9~36VDC<\/td>\n<\/tr>\n<tr>\n<td>Output<\/td>\n<td>Three-way analog output 4-20mA,<br \/>\nNote: the maximum load is 500 ohms<\/td>\n<\/tr>\n<tr>\n<td>Relay<\/td>\n<td>Three-way relay can be set up<\/td>\n<\/tr>\n<tr>\n<td>Digital communication<\/td>\n<td>MODBUS RS485 communication function<\/td>\n<\/tr>\n<tr>\n<td>Warranty period<\/td>\n<td>1 year<\/td>\n<\/tr>\n<tr>\n<td>Material of outside shell<\/td>\n<td>Lower casing: Aluminum with powder covering<br \/>\nCover: PA66+GF25+FR<\/td>\n<\/tr>\n<tr>\n<td>Storage temperature<\/td>\n<td>-20~70\u2103<\/td>\n<\/tr>\n<tr>\n<td>Operation temperature<\/td>\n<td>-15~60\u2103<\/td>\n<\/tr>\n<tr>\n<td>Ingress protection<\/td>\n<td>IP65\/NEMA4X<\/td>\n<\/tr>\n<tr>\n<td>Size<\/td>\n<td>145*125*162mm L*W*H<\/td>\n<\/tr>\n<tr>\n<td>Weight<\/td>\n<td>1.35KG<\/td>\n<\/tr>\n<\/tbody>\n<\/table>\n<h4>\u0110\u1eb7c \u0111i\u1ec3m n\u1ed5i b\u1eadt<\/h4>\n<p>&#8211; C\u00f4ng ngh\u1ec7 h\u1ed3ng ngo\u1ea1i t\u00e1n x\u1ea1 k\u00e9p theo ISO7027, kh\u00f4ng b\u1ecb nhi\u1ec5u b\u1edfi \u0111\u1ed9 m\u00e0u c\u1ee7a n\u01b0\u1edbc<br \/>\n&#8211; D\u1ea3i \u0111o r\u1ed9ng t\u1eeb 0.01\u2013100 NTU v\u00e0 0.01\u20134000 NTU ph\u00f9 h\u1ee3p nhi\u1ec1u \u1ee9ng d\u1ee5ng<br \/>\n&#8211; H\u1ed7 tr\u1ee3 t\u00f9y ch\u1ecdn h\u1ec7 th\u1ed1ng t\u1ef1 l\u00e0m s\u1ea1ch, v\u1eadn h\u00e0nh \u1ed5n \u0111\u1ecbnh l\u00e2u d\u00e0i<br \/>\n&#8211; T\u00edch h\u1ee3p ch\u1ee9c n\u0103ng t\u1ef1 ch\u1ea9n \u0111o\u00e1n \u0111\u1ea3m b\u1ea3o d\u1eef li\u1ec7u ch\u00ednh x\u00e1c<br \/>\n&#8211; \u0110\u1ea7u ra \u0111a d\u1ea1ng: 4\u201320mA, RS485, relay<br \/>\n&#8211; M\u00e0n h\u00ecnh LCD 128\u00d764, nh\u00ecn r\u00f5 ngay c\u1ea3 d\u01b0\u1edbi \u00e1nh s\u00e1ng m\u1eb7t tr\u1eddi<br \/>\n&#8211; Thi\u1ebft k\u1ebf c\u00f4ng nghi\u1ec7p IP65\/NEMA4X ch\u1ed1ng b\u1ee5i, ch\u1ed1ng n\u01b0\u1edbc<\/p>\n<h3>\u1ee8ng d\u1ee5ng \u0111\u1ed3ng h\u1ed3 \u0111o \u0111\u1ed9 \u0111\u1ee5c Supmea SUP-PTU200<\/h3>\n<p>&#8211; Nh\u00e0 m\u00e1y x\u1eed l\u00fd n\u01b0\u1edbc s\u1ea1ch (\u0111\u1ea7u v\u00e0o \u2013 b\u1ec3 l\u1eafng \u2013 \u0111\u1ea7u ra)<br \/>\n&#8211; Tr\u1ea1m x\u1eed l\u00fd n\u01b0\u1edbc th\u1ea3i c\u00f4ng nghi\u1ec7p v\u00e0 \u0111\u00f4 th\u1ecb<br \/>\n&#8211; Gi\u00e1m s\u00e1t \u0111\u1ed9 \u0111\u1ee5c trong d\u00e2y chuy\u1ec1n s\u1ea3n xu\u1ea5t th\u1ef1c ph\u1ea9m &amp; \u0111\u1ed3 u\u1ed1ng<br \/>\n&#8211; Ki\u1ec3m so\u00e1t ch\u1ea5t l\u01b0\u1ee3ng n\u01b0\u1edbc trong h\u1ed3 b\u01a1i, khu resort<br \/>\n&#8211; Quan tr\u1eafc \u0111\u1ed9 \u0111\u1ee5c trong ao nu\u00f4i, th\u1ee7y s\u1ea3n tu\u1ea7n ho\u00e0n<br \/>\n&#8211; Theo d\u00f5i hi\u1ec7u qu\u1ea3 l\u1ecdc n\u01b0\u1edbc, ph\u00e1t hi\u1ec7n \u00f4 nhi\u1ec5m ho\u1eb7c ch\u1ea5t r\u1eafn l\u01a1 l\u1eedng<\/p>\n<p><img loading=\"lazy\" class=\"aligncenter size-full wp-image-7620\" src=\"https:\/\/quando.com.vn\/wp-content\/uploads\/2025\/11\/SUP-PTU200-Turbidity-meter.webp\" alt=\"\u0111\u1ed3ng h\u1ed3 \u0111o \u0111\u1ed9 \u0111\u1ee5c SUP-PTU200 Turbidity meter application\" width=\"850\" height=\"818\" srcset=\"https:\/\/quando.com.vn\/wp-content\/uploads\/2025\/11\/SUP-PTU200-Turbidity-meter.webp 850w, https:\/\/quando.com.vn\/wp-content\/uploads\/2025\/11\/SUP-PTU200-Turbidity-meter-300x289.webp 300w, https:\/\/quando.com.vn\/wp-content\/uploads\/2025\/11\/SUP-PTU200-Turbidity-meter-768x739.webp 768w, https:\/\/quando.com.vn\/wp-content\/uploads\/2025\/11\/SUP-PTU200-Turbidity-meter-12x12.webp 12w\" sizes=\"(max-width: 850px) 100vw, 850px\" \/><\/p>\n<p><img loading=\"lazy\" class=\"aligncenter size-full wp-image-7621\" src=\"https:\/\/quando.com.vn\/wp-content\/uploads\/2025\/11\/SUP-PTU200-Turbidity-meter_application.webp\" alt=\"\" width=\"790\" height=\"300\" srcset=\"https:\/\/quando.com.vn\/wp-content\/uploads\/2025\/11\/SUP-PTU200-Turbidity-meter_application.webp 790w, https:\/\/quando.com.vn\/wp-content\/uploads\/2025\/11\/SUP-PTU200-Turbidity-meter_application-300x114.webp 300w, https:\/\/quando.com.vn\/wp-content\/uploads\/2025\/11\/SUP-PTU200-Turbidity-meter_application-768x292.webp 768w, https:\/\/quando.com.vn\/wp-content\/uploads\/2025\/11\/SUP-PTU200-Turbidity-meter_application-18x7.webp 18w\" sizes=\"(max-width: 790px) 100vw, 790px\" \/><\/p>\n<p><img loading=\"lazy\" class=\"aligncenter size-full wp-image-7624\" src=\"https:\/\/quando.com.vn\/wp-content\/uploads\/2025\/11\/SUP-PTU200-Turbidity-meter_application_2.webp\" alt=\"\" width=\"790\" height=\"302\" srcset=\"https:\/\/quando.com.vn\/wp-content\/uploads\/2025\/11\/SUP-PTU200-Turbidity-meter_application_2.webp 790w, https:\/\/quando.com.vn\/wp-content\/uploads\/2025\/11\/SUP-PTU200-Turbidity-meter_application_2-300x115.webp 300w, https:\/\/quando.com.vn\/wp-content\/uploads\/2025\/11\/SUP-PTU200-Turbidity-meter_application_2-768x294.webp 768w, https:\/\/quando.com.vn\/wp-content\/uploads\/2025\/11\/SUP-PTU200-Turbidity-meter_application_2-18x7.webp 18w\" sizes=\"(max-width: 790px) 100vw, 790px\" \/><\/p>\n<p><img loading=\"lazy\" class=\"aligncenter size-full wp-image-7623\" src=\"https:\/\/quando.com.vn\/wp-content\/uploads\/2025\/11\/SUP-PTU200-Turbidity-meter_application-3.webp\" alt=\"\" width=\"790\" height=\"301\" srcset=\"https:\/\/quando.com.vn\/wp-content\/uploads\/2025\/11\/SUP-PTU200-Turbidity-meter_application-3.webp 790w, https:\/\/quando.com.vn\/wp-content\/uploads\/2025\/11\/SUP-PTU200-Turbidity-meter_application-3-300x114.webp 300w, https:\/\/quando.com.vn\/wp-content\/uploads\/2025\/11\/SUP-PTU200-Turbidity-meter_application-3-768x293.webp 768w, https:\/\/quando.com.vn\/wp-content\/uploads\/2025\/11\/SUP-PTU200-Turbidity-meter_application-3-18x7.webp 18w\" sizes=\"(max-width: 790px) 100vw, 790px\" \/><\/p>","protected":false},"excerpt":{"rendered":"<p>&#8211; C\u00f4ng ngh\u1ec7 h\u1ed3ng ngo\u1ea1i ISO7027, kh\u00f4ng b\u1ecb \u1ea3nh h\u01b0\u1edfng b\u1edfi m\u00e0u s\u1eafc n\u01b0\u1edbc<br \/>\n&#8211; D\u1ea3i \u0111o r\u1ed9ng 0.01\u20134000 NTU<br \/>\n&#8211; T\u00edch h\u1ee3p t\u1ef1 ch\u1ea9n \u0111o\u00e1n th\u00f4ng minh<br \/>\n&#8211; \u0110\u1ea7u ra 4\u201320mA, RS485 Modbus v\u00e0 relay \u0111a k\u00eanh<br \/>\n&#8211; M\u00e0n h\u00ecnh LCD r\u00f5 n\u00e9t, ho\u1ea1t \u0111\u1ed9ng \u0111\u01b0\u1ee3c ngo\u00e0i tr\u1eddi tr\u1ef1c ti\u1ebfp<\/p>","protected":false},"featured_media":7622,"template":"","meta":[],"product_cat":[563,564],"product_tag":[],"acf":[],"yoast_head":"<!-- This site is optimized with the Yoast SEO Premium plugin v18.4 (Yoast SEO v18.6) - https:\/\/yoast.com\/wordpress\/plugins\/seo\/ -->\n<title>\u0110\u1ed3ng h\u1ed3 \u0111o \u0111\u1ed9 \u0111\u1ee5c Supmea SUP-PTU200 - QUANDO<\/title>\n<meta name=\"description\" content=\"\u0110\u1ed3ng h\u1ed3 \u0111o \u0111\u1ed9 \u0111\u1ee5c Supmea SUP-PTU200 d\u00f9ng c\u00f4ng ngh\u1ec7 h\u1ed3ng ngo\u1ea1i ISO7027, d\u1ea3i \u0111o 0.01\u20134000 NTU, h\u1ed7 tr\u1ee3 4\u201320mA, RS485 Modbus, LCD 128\u00d764...\" \/>\n<meta name=\"robots\" content=\"index, follow, max-snippet:-1, max-image-preview:large, max-video-preview:-1\" \/>\n<link rel=\"canonical\" href=\"http:\/\/quando.com.vn\/en\/product\/dong-ho-do-do-duc-supmea-sup-ptu200\/\" \/>\n<meta property=\"og:locale\" content=\"en_US\" \/>\n<meta property=\"og:type\" content=\"article\" \/>\n<meta property=\"og:title\" content=\"\u0110\u1ed3ng h\u1ed3 \u0111o \u0111\u1ed9 \u0111\u1ee5c Supmea SUP-PTU200\" \/>\n<meta property=\"og:description\" content=\"\u0110\u1ed3ng h\u1ed3 \u0111o \u0111\u1ed9 \u0111\u1ee5c Supmea SUP-PTU200 d\u00f9ng c\u00f4ng ngh\u1ec7 h\u1ed3ng ngo\u1ea1i ISO7027, d\u1ea3i \u0111o 0.01\u20134000 NTU, h\u1ed7 tr\u1ee3 4\u201320mA, RS485 Modbus, LCD 128\u00d764...\" \/>\n<meta property=\"og:url\" content=\"http:\/\/quando.com.vn\/en\/product\/dong-ho-do-do-duc-supmea-sup-ptu200\/\" \/>\n<meta property=\"og:site_name\" content=\"QUANDO\" \/>\n<meta property=\"article:modified_time\" content=\"2025-11-14T05:18:13+00:00\" \/>\n<meta name=\"twitter:card\" content=\"summary_large_image\" \/>\n<meta name=\"twitter:image\" content=\"https:\/\/quando.com.vn\/wp-content\/uploads\/2025\/11\/SUP-PTU200-Turbidity-meter_product.webp\" \/>\n<meta name=\"twitter:label1\" content=\"Est. reading time\" \/>\n\t<meta name=\"twitter:data1\" content=\"3 minutes\" \/>\n<script type=\"application\/ld+json\" class=\"yoast-schema-graph\">{\"@context\":\"https:\/\/schema.org\",\"@graph\":[{\"@type\":\"WebSite\",\"@id\":\"https:\/\/quando.com.vn\/en\/#website\",\"url\":\"https:\/\/quando.com.vn\/en\/\",\"name\":\"QUANDO\",\"description\":\"\",\"potentialAction\":[{\"@type\":\"SearchAction\",\"target\":{\"@type\":\"EntryPoint\",\"urlTemplate\":\"https:\/\/quando.com.vn\/en\/?s={search_term_string}\"},\"query-input\":\"required name=search_term_string\"}],\"inLanguage\":\"en-US\"},{\"@type\":\"ImageObject\",\"@id\":\"https:\/\/quando.com.vn\/san-pham\/dong-ho-do-do-duc-supmea-sup-ptu200\/#primaryimage\",\"inLanguage\":\"en-US\",\"url\":\"https:\/\/quando.com.vn\/wp-content\/uploads\/2025\/11\/SUP-PTU200-Turbidity-meter_product.webp\",\"contentUrl\":\"https:\/\/quando.com.vn\/wp-content\/uploads\/2025\/11\/SUP-PTU200-Turbidity-meter_product.webp\",\"width\":600,\"height\":600},{\"@type\":\"WebPage\",\"@id\":\"https:\/\/quando.com.vn\/san-pham\/dong-ho-do-do-duc-supmea-sup-ptu200\/#webpage\",\"url\":\"https:\/\/quando.com.vn\/san-pham\/dong-ho-do-do-duc-supmea-sup-ptu200\/\",\"name\":\"\u0110\u1ed3ng h\u1ed3 \u0111o \u0111\u1ed9 \u0111\u1ee5c Supmea SUP-PTU200 - QUANDO\",\"isPartOf\":{\"@id\":\"https:\/\/quando.com.vn\/en\/#website\"},\"primaryImageOfPage\":{\"@id\":\"https:\/\/quando.com.vn\/san-pham\/dong-ho-do-do-duc-supmea-sup-ptu200\/#primaryimage\"},\"datePublished\":\"2025-11-14T05:04:49+00:00\",\"dateModified\":\"2025-11-14T05:18:13+00:00\",\"description\":\"\u0110\u1ed3ng h\u1ed3 \u0111o \u0111\u1ed9 \u0111\u1ee5c Supmea SUP-PTU200 d\u00f9ng c\u00f4ng ngh\u1ec7 h\u1ed3ng ngo\u1ea1i ISO7027, d\u1ea3i \u0111o 0.01\u20134000 NTU, h\u1ed7 tr\u1ee3 4\u201320mA, RS485 Modbus, LCD 128\u00d764...\",\"breadcrumb\":{\"@id\":\"https:\/\/quando.com.vn\/san-pham\/dong-ho-do-do-duc-supmea-sup-ptu200\/#breadcrumb\"},\"inLanguage\":\"en-US\",\"potentialAction\":[{\"@type\":\"ReadAction\",\"target\":[\"https:\/\/quando.com.vn\/san-pham\/dong-ho-do-do-duc-supmea-sup-ptu200\/\"]}]},{\"@type\":\"BreadcrumbList\",\"@id\":\"https:\/\/quando.com.vn\/san-pham\/dong-ho-do-do-duc-supmea-sup-ptu200\/#breadcrumb\",\"itemListElement\":[{\"@type\":\"ListItem\",\"position\":1,\"name\":\"Trang ch\u1ee7\",\"item\":\"https:\/\/quando.com.vn\/\"},{\"@type\":\"ListItem\",\"position\":2,\"name\":\"S\u1ea3n ph\u1ea9m\",\"item\":\"https:\/\/quando.com.vn\/san-pham\/\"},{\"@type\":\"ListItem\",\"position\":3,\"name\":\"\u0110\u1ed3ng h\u1ed3 \u0111o \u0111\u1ed9 \u0111\u1ee5c Supmea SUP-PTU200\"}]}]}<\/script>\n<!-- \/ Yoast SEO Premium plugin. -->","yoast_head_json":{"title":"\u0110\u1ed3ng h\u1ed3 \u0111o \u0111\u1ed9 \u0111\u1ee5c Supmea SUP-PTU200 - QUANDO","description":"\u0110\u1ed3ng h\u1ed3 \u0111o \u0111\u1ed9 \u0111\u1ee5c Supmea SUP-PTU200 d\u00f9ng c\u00f4ng ngh\u1ec7 h\u1ed3ng ngo\u1ea1i ISO7027, d\u1ea3i \u0111o 0.01\u20134000 NTU, h\u1ed7 tr\u1ee3 4\u201320mA, RS485 Modbus, LCD 128\u00d764...","robots":{"index":"index","follow":"follow","max-snippet":"max-snippet:-1","max-image-preview":"max-image-preview:large","max-video-preview":"max-video-preview:-1"},"canonical":"http:\/\/quando.com.vn\/en\/product\/dong-ho-do-do-duc-supmea-sup-ptu200\/","og_locale":"en_US","og_type":"article","og_title":"\u0110\u1ed3ng h\u1ed3 \u0111o \u0111\u1ed9 \u0111\u1ee5c Supmea SUP-PTU200","og_description":"\u0110\u1ed3ng h\u1ed3 \u0111o \u0111\u1ed9 \u0111\u1ee5c Supmea SUP-PTU200 d\u00f9ng c\u00f4ng ngh\u1ec7 h\u1ed3ng ngo\u1ea1i ISO7027, d\u1ea3i \u0111o 0.01\u20134000 NTU, h\u1ed7 tr\u1ee3 4\u201320mA, RS485 Modbus, LCD 128\u00d764...","og_url":"http:\/\/quando.com.vn\/en\/product\/dong-ho-do-do-duc-supmea-sup-ptu200\/","og_site_name":"QUANDO","article_modified_time":"2025-11-14T05:18:13+00:00","twitter_card":"summary_large_image","twitter_image":"https:\/\/quando.com.vn\/wp-content\/uploads\/2025\/11\/SUP-PTU200-Turbidity-meter_product.webp","twitter_misc":{"Est. reading time":"3 minutes"},"schema":{"@context":"https:\/\/schema.org","@graph":[{"@type":"WebSite","@id":"https:\/\/quando.com.vn\/en\/#website","url":"https:\/\/quando.com.vn\/en\/","name":"QUANDO","description":"","potentialAction":[{"@type":"SearchAction","target":{"@type":"EntryPoint","urlTemplate":"https:\/\/quando.com.vn\/en\/?s={search_term_string}"},"query-input":"required name=search_term_string"}],"inLanguage":"en-US"},{"@type":"ImageObject","@id":"https:\/\/quando.com.vn\/san-pham\/dong-ho-do-do-duc-supmea-sup-ptu200\/#primaryimage","inLanguage":"en-US","url":"https:\/\/quando.com.vn\/wp-content\/uploads\/2025\/11\/SUP-PTU200-Turbidity-meter_product.webp","contentUrl":"https:\/\/quando.com.vn\/wp-content\/uploads\/2025\/11\/SUP-PTU200-Turbidity-meter_product.webp","width":600,"height":600},{"@type":"WebPage","@id":"https:\/\/quando.com.vn\/san-pham\/dong-ho-do-do-duc-supmea-sup-ptu200\/#webpage","url":"https:\/\/quando.com.vn\/san-pham\/dong-ho-do-do-duc-supmea-sup-ptu200\/","name":"\u0110\u1ed3ng h\u1ed3 \u0111o \u0111\u1ed9 \u0111\u1ee5c Supmea SUP-PTU200 - QUANDO","isPartOf":{"@id":"https:\/\/quando.com.vn\/en\/#website"},"primaryImageOfPage":{"@id":"https:\/\/quando.com.vn\/san-pham\/dong-ho-do-do-duc-supmea-sup-ptu200\/#primaryimage"},"datePublished":"2025-11-14T05:04:49+00:00","dateModified":"2025-11-14T05:18:13+00:00","description":"\u0110\u1ed3ng h\u1ed3 \u0111o \u0111\u1ed9 \u0111\u1ee5c Supmea SUP-PTU200 d\u00f9ng c\u00f4ng ngh\u1ec7 h\u1ed3ng ngo\u1ea1i ISO7027, d\u1ea3i \u0111o 0.01\u20134000 NTU, h\u1ed7 tr\u1ee3 4\u201320mA, RS485 Modbus, LCD 128\u00d764...","breadcrumb":{"@id":"https:\/\/quando.com.vn\/san-pham\/dong-ho-do-do-duc-supmea-sup-ptu200\/#breadcrumb"},"inLanguage":"en-US","potentialAction":[{"@type":"ReadAction","target":["https:\/\/quando.com.vn\/san-pham\/dong-ho-do-do-duc-supmea-sup-ptu200\/"]}]},{"@type":"BreadcrumbList","@id":"https:\/\/quando.com.vn\/san-pham\/dong-ho-do-do-duc-supmea-sup-ptu200\/#breadcrumb","itemListElement":[{"@type":"ListItem","position":1,"name":"Trang ch\u1ee7","item":"https:\/\/quando.com.vn\/"},{"@type":"ListItem","position":2,"name":"S\u1ea3n ph\u1ea9m","item":"https:\/\/quando.com.vn\/san-pham\/"},{"@type":"ListItem","position":3,"name":"\u0110\u1ed3ng h\u1ed3 \u0111o \u0111\u1ed9 \u0111\u1ee5c Supmea SUP-PTU200"}]}]}},"_links":{"self":[{"href":"http:\/\/quando.com.vn\/en\/wp-json\/wp\/v2\/product\/7619"}],"collection":[{"href":"http:\/\/quando.com.vn\/en\/wp-json\/wp\/v2\/product"}],"about":[{"href":"http:\/\/quando.com.vn\/en\/wp-json\/wp\/v2\/types\/product"}],"wp:featuredmedia":[{"embeddable":true,"href":"http:\/\/quando.com.vn\/en\/wp-json\/wp\/v2\/media\/7622"}],"wp:attachment":[{"href":"http:\/\/quando.com.vn\/en\/wp-json\/wp\/v2\/media?parent=7619"}],"wp:term":[{"taxonomy":"product_cat","embeddable":true,"href":"http:\/\/quando.com.vn\/en\/wp-json\/wp\/v2\/product_cat?post=7619"},{"taxonomy":"product_tag","embeddable":true,"href":"http:\/\/quando.com.vn\/en\/wp-json\/wp\/v2\/product_tag?post=7619"}],"curies":[{"name":"wp","href":"https:\/\/api.w.org\/{rel}","templated":true}]}}