{"id":7588,"date":"2025-09-15T15:46:35","date_gmt":"2025-09-15T08:46:35","guid":{"rendered":"https:\/\/quando.com.vn\/?post_type=product&#038;p=7588"},"modified":"2025-09-15T17:17:53","modified_gmt":"2025-09-15T10:17:53","slug":"bo-dieu-khien-nhiet-do-supmea-sup-130t","status":"publish","type":"product","link":"http:\/\/quando.com.vn\/en\/product\/bo-dieu-khien-nhiet-do-supmea-sup-130t\/","title":{"rendered":"B\u1ed9 \u0111i\u1ec1u khi\u1ec3n nhi\u1ec7t \u0111\u1ed9 PID Supmea SUP-130T"},"content":{"rendered":"<p><strong>B\u1ed9 \u0111i\u1ec1u khi\u1ec3n nhi\u1ec7t \u0111\u1ed9 PID <a href=\"https:\/\/www.supmeaauto.com\/process-indicator\/sup-130t-digit-display-fuzzy-pid-temperature-controller\">Supmea<\/a> SUP-130T<\/strong>\u00a0l\u00e0 b\u1ed9 \u0111i\u1ec1u khi\u1ec3n nhi\u1ec7t \u0111\u1ed9 kinh t\u1ebf v\u1edbi hi\u1ec3n th\u1ecb LED k\u00e9p 3 s\u1ed1, t\u00edch h\u1ee3p thu\u1eadt to\u00e1n Fuzzy PID gi\u00fap ki\u1ec3m so\u00e1t nhi\u1ec7t \u0111\u1ed9 ch\u00ednh x\u00e1c, h\u1ea1n ch\u1ebf qu\u00e1 \u0111i\u1ec1u ch\u1ec9nh. Thi\u1ebft b\u1ecb h\u1ed7 tr\u1ee3 \u0111a d\u1ea1ng t\u00edn hi\u1ec7u RTD\/TC, nhi\u1ec1u k\u00edch th\u01b0\u1edbc l\u1eafp \u0111\u1eb7t v\u00e0 ng\u00f5 ra analog ho\u1eb7c relay, ph\u00f9 h\u1ee3p nhi\u1ec1u \u1ee9ng d\u1ee5ng c\u00f4ng nghi\u1ec7p.<\/p>\n<h4><strong>Th\u00f4ng s\u1ed1 k\u1ef9 thu\u1eadt<\/strong><\/h4>\n<table>\n<tbody>\n<tr>\n<td>Product<\/td>\n<td>Economic 3-digit Display Fuzzy PID Temperature Controller<\/td>\n<\/tr>\n<tr>\n<td>Model<\/td>\n<td>SUP-130T<\/td>\n<\/tr>\n<tr>\n<td>Dimension<\/td>\n<td>96\u00d796\u00d7110mm, 96\u00d748\u00d7110mm, 48\u00d796\u00d7110mm, 72\u00d772\u00d7110mm, 48\u00d748\u00d7110mm<\/td>\n<\/tr>\n<tr>\n<td>Measurement accuracy<\/td>\n<td>\u00b10.3%FS<\/td>\n<\/tr>\n<tr>\n<td>Transmission output<\/td>\n<td>Analog: 4-20mA (RL\u2264500\u03a9), 1-5V (RL\u2265250k\u03a9)<\/td>\n<\/tr>\n<tr>\n<td>Alarm output<\/td>\n<td>Upper &amp; lower limit alarms, relay contacts AC125V\/0.5A, DC24V\/0.5A, AC220V\/2A<\/td>\n<\/tr>\n<tr>\n<td>Power supply<\/td>\n<td>AC\/DC100~240V (\u22645W), DC12~36V (\u22643W)<\/td>\n<\/tr>\n<tr>\n<td>Operating environment<\/td>\n<td>-10~50\u2103, RH 5\u201385%, kh\u00f4ng ng\u01b0ng t\u1ee5, kh\u00f4ng \u0111\u00f3ng b\u0103ng<\/td>\n<\/tr>\n<\/tbody>\n<\/table>\n<h4>\u0110\u1eb7c \u0111i\u1ec3m n\u1ed5i b\u1eadt<\/h4>\n<p>&#8211; Hi\u1ec3n th\u1ecb LED k\u00e9p s\u00e1ng r\u00f5, m\u1eb7t k\u00ednh PC ch\u1ed1ng l\u00e3o h\u00f3a<br \/>\n&#8211; N\u00fat nh\u1ea5n silicone b\u1ec1n, c\u1ea3m \u1ee9ng nh\u1ea1y<br \/>\n&#8211; L\u1ed7 th\u00f4ng gi\u00f3 hai b\u00ean, t\u1ea3n nhi\u1ec7t t\u1ed1t khi v\u1eadn h\u00e0nh l\u00e2u d\u00e0i<br \/>\n&#8211; N\u1eafp b\u1ea3o v\u1ec7 \u0111\u1ea7u n\u1ed1i, t\u0103ng an to\u00e0n khi \u0111i d\u00e2y<br \/>\n&#8211; L\u1eafp \u0111\u1eb7t \u00e2m b\u1ea3ng v\u1edbi ng\u00e0m ti\u00eau chu\u1ea9n, d\u1ec5 thi c\u00f4ng<\/p>\n<h3>\u1ee8ng d\u1ee5ng b\u1ed9 \u0111i\u1ec1u khi\u1ec3n nhi\u1ec7t \u0111\u1ed9 PID Supmea SUP-130T<\/h3>\n<p>&#8211; M\u00e1y m\u00f3c c\u00f4ng nghi\u1ec7p nh\u1eb9<br \/>\n&#8211; L\u00f2 s\u1ea5y, l\u00f2 nung, thi\u1ebft b\u1ecb ph\u00f2ng th\u00ed nghi\u1ec7m<br \/>\n&#8211; H\u1ec7 th\u1ed1ng gia nhi\u1ec7t\/l\u00e0m m\u00e1t<br \/>\n&#8211; D\u00e2y chuy\u1ec1n s\u1ea3n xu\u1ea5t th\u1ef1c ph\u1ea9m, d\u01b0\u1ee3c ph\u1ea9m<br \/>\n&#8211; \u1ee8ng d\u1ee5ng \u0111o v\u00e0 ki\u1ec3m so\u00e1t nhi\u1ec7t 0~999\u2103<\/p>\n<p><img loading=\"lazy\" class=\"aligncenter size-full wp-image-7596\" src=\"https:\/\/quando.com.vn\/wp-content\/uploads\/2025\/09\/SUP-130T-Temperature-Controller1.webp\" alt=\"B\u1ed9 \u0111i\u1ec1u khi\u1ec3n nhi\u1ec7t \u0111\u1ed9 PID Supmea SUP-130T\" width=\"1250\" height=\"607\" srcset=\"https:\/\/quando.com.vn\/wp-content\/uploads\/2025\/09\/SUP-130T-Temperature-Controller1.webp 1250w, https:\/\/quando.com.vn\/wp-content\/uploads\/2025\/09\/SUP-130T-Temperature-Controller1-300x146.webp 300w, https:\/\/quando.com.vn\/wp-content\/uploads\/2025\/09\/SUP-130T-Temperature-Controller1-1024x497.webp 1024w, https:\/\/quando.com.vn\/wp-content\/uploads\/2025\/09\/SUP-130T-Temperature-Controller1-768x373.webp 768w, https:\/\/quando.com.vn\/wp-content\/uploads\/2025\/09\/SUP-130T-Temperature-Controller1-18x9.webp 18w\" sizes=\"(max-width: 1250px) 100vw, 1250px\" \/><\/p>\n<p><img loading=\"lazy\" class=\"aligncenter size-full wp-image-7597\" src=\"https:\/\/quando.com.vn\/wp-content\/uploads\/2025\/09\/SUP-130T-Temperature-Controller_Spec.webp\" alt=\"\" width=\"1557\" height=\"413\" srcset=\"https:\/\/quando.com.vn\/wp-content\/uploads\/2025\/09\/SUP-130T-Temperature-Controller_Spec.webp 1557w, https:\/\/quando.com.vn\/wp-content\/uploads\/2025\/09\/SUP-130T-Temperature-Controller_Spec-300x80.webp 300w, https:\/\/quando.com.vn\/wp-content\/uploads\/2025\/09\/SUP-130T-Temperature-Controller_Spec-1024x272.webp 1024w, https:\/\/quando.com.vn\/wp-content\/uploads\/2025\/09\/SUP-130T-Temperature-Controller_Spec-768x204.webp 768w, https:\/\/quando.com.vn\/wp-content\/uploads\/2025\/09\/SUP-130T-Temperature-Controller_Spec-1536x407.webp 1536w, https:\/\/quando.com.vn\/wp-content\/uploads\/2025\/09\/SUP-130T-Temperature-Controller_Spec-18x5.webp 18w\" sizes=\"(max-width: 1557px) 100vw, 1557px\" \/><\/p>","protected":false},"excerpt":{"rendered":"<p>&#8211; LED hi\u1ec3n th\u1ecb k\u00e9p 3 s\u1ed1 s\u00e1ng r\u00f5<br \/>\n&#8211; H\u1ed7 tr\u1ee3 RTD\/TC, \u0111\u1ed9 ch\u00ednh x\u00e1c \u00b10.3%FS<br \/>\n&#8211; 5 k\u00edch th\u01b0\u1edbc l\u1eafp \u0111\u1eb7t t\u00f9y ch\u1ecdn<br \/>\n&#8211; Ng\u00f5 ra 4\u201320mA, 1\u20135V, relay b\u00e1o \u0111\u1ed9ng<br \/>\n&#8211; Ngu\u1ed3n AC\/DC100\u2013240V ho\u1eb7c DC12\u201336V<\/p>","protected":false},"featured_media":7595,"template":"","meta":[],"product_cat":[559,560],"product_tag":[],"acf":[],"yoast_head":"<!-- This site is optimized with the Yoast SEO Premium plugin v18.4 (Yoast SEO v18.6) - https:\/\/yoast.com\/wordpress\/plugins\/seo\/ -->\n<title>B\u1ed9 \u0111i\u1ec1u khi\u1ec3n nhi\u1ec7t \u0111\u1ed9 PID Supmea SUP-130T - QUANDO<\/title>\n<meta name=\"description\" content=\"B\u1ed9 \u0111i\u1ec1u khi\u1ec3n nhi\u1ec7t \u0111\u1ed9 PID Supmea SUP-130T, ch\u00ednh x\u00e1c 0.3%, h\u1ed7 tr\u1ee3 RTD\/TC, ng\u00f5 ra 4\u201320mA, relay, ngu\u1ed3n AC\/DC100\u2013240V ho\u1eb7c DC12\u201336V\" \/>\n<meta name=\"robots\" content=\"index, follow, max-snippet:-1, max-image-preview:large, max-video-preview:-1\" \/>\n<link rel=\"canonical\" href=\"http:\/\/quando.com.vn\/en\/product\/bo-dieu-khien-nhiet-do-supmea-sup-130t\/\" \/>\n<meta property=\"og:locale\" content=\"en_US\" \/>\n<meta property=\"og:type\" content=\"article\" \/>\n<meta property=\"og:title\" content=\"B\u1ed9 \u0111i\u1ec1u khi\u1ec3n nhi\u1ec7t \u0111\u1ed9 PID Supmea SUP-130T\" \/>\n<meta property=\"og:description\" content=\"B\u1ed9 \u0111i\u1ec1u khi\u1ec3n nhi\u1ec7t \u0111\u1ed9 PID Supmea SUP-130T, ch\u00ednh x\u00e1c 0.3%, h\u1ed7 tr\u1ee3 RTD\/TC, ng\u00f5 ra 4\u201320mA, relay, ngu\u1ed3n AC\/DC100\u2013240V ho\u1eb7c DC12\u201336V\" \/>\n<meta property=\"og:url\" content=\"http:\/\/quando.com.vn\/en\/product\/bo-dieu-khien-nhiet-do-supmea-sup-130t\/\" \/>\n<meta property=\"og:site_name\" content=\"QUANDO\" \/>\n<meta property=\"article:modified_time\" content=\"2025-09-15T10:17:53+00:00\" \/>\n<meta name=\"twitter:card\" content=\"summary_large_image\" \/>\n<meta name=\"twitter:image\" content=\"https:\/\/quando.com.vn\/wp-content\/uploads\/2025\/09\/SUP-130T-Temperature-Controller.webp\" \/>\n<meta name=\"twitter:label1\" content=\"Est. reading time\" \/>\n\t<meta name=\"twitter:data1\" content=\"2 minutes\" \/>\n<script type=\"application\/ld+json\" class=\"yoast-schema-graph\">{\"@context\":\"https:\/\/schema.org\",\"@graph\":[{\"@type\":\"WebSite\",\"@id\":\"https:\/\/quando.com.vn\/en\/#website\",\"url\":\"https:\/\/quando.com.vn\/en\/\",\"name\":\"QUANDO\",\"description\":\"\",\"potentialAction\":[{\"@type\":\"SearchAction\",\"target\":{\"@type\":\"EntryPoint\",\"urlTemplate\":\"https:\/\/quando.com.vn\/en\/?s={search_term_string}\"},\"query-input\":\"required name=search_term_string\"}],\"inLanguage\":\"en-US\"},{\"@type\":\"ImageObject\",\"@id\":\"https:\/\/quando.com.vn\/san-pham\/bo-dieu-khien-nhiet-do-supmea-sup-130t\/#primaryimage\",\"inLanguage\":\"en-US\",\"url\":\"https:\/\/quando.com.vn\/wp-content\/uploads\/2025\/09\/SUP-130T-Temperature-Controller.webp\",\"contentUrl\":\"https:\/\/quando.com.vn\/wp-content\/uploads\/2025\/09\/SUP-130T-Temperature-Controller.webp\",\"width\":800,\"height\":800,\"caption\":\"B\u1ed9 \u0111i\u1ec1u khi\u1ec3n nhi\u1ec7t \u0111\u1ed9 PID Supmea SUP-130T\"},{\"@type\":\"WebPage\",\"@id\":\"https:\/\/quando.com.vn\/san-pham\/bo-dieu-khien-nhiet-do-supmea-sup-130t\/#webpage\",\"url\":\"https:\/\/quando.com.vn\/san-pham\/bo-dieu-khien-nhiet-do-supmea-sup-130t\/\",\"name\":\"B\u1ed9 \u0111i\u1ec1u khi\u1ec3n nhi\u1ec7t \u0111\u1ed9 PID Supmea SUP-130T - QUANDO\",\"isPartOf\":{\"@id\":\"https:\/\/quando.com.vn\/en\/#website\"},\"primaryImageOfPage\":{\"@id\":\"https:\/\/quando.com.vn\/san-pham\/bo-dieu-khien-nhiet-do-supmea-sup-130t\/#primaryimage\"},\"datePublished\":\"2025-09-15T08:46:35+00:00\",\"dateModified\":\"2025-09-15T10:17:53+00:00\",\"description\":\"B\u1ed9 \u0111i\u1ec1u khi\u1ec3n nhi\u1ec7t \u0111\u1ed9 PID Supmea SUP-130T, ch\u00ednh x\u00e1c 0.3%, h\u1ed7 tr\u1ee3 RTD\/TC, ng\u00f5 ra 4\u201320mA, relay, ngu\u1ed3n AC\/DC100\u2013240V ho\u1eb7c DC12\u201336V\",\"breadcrumb\":{\"@id\":\"https:\/\/quando.com.vn\/san-pham\/bo-dieu-khien-nhiet-do-supmea-sup-130t\/#breadcrumb\"},\"inLanguage\":\"en-US\",\"potentialAction\":[{\"@type\":\"ReadAction\",\"target\":[\"https:\/\/quando.com.vn\/san-pham\/bo-dieu-khien-nhiet-do-supmea-sup-130t\/\"]}]},{\"@type\":\"BreadcrumbList\",\"@id\":\"https:\/\/quando.com.vn\/san-pham\/bo-dieu-khien-nhiet-do-supmea-sup-130t\/#breadcrumb\",\"itemListElement\":[{\"@type\":\"ListItem\",\"position\":1,\"name\":\"Trang ch\u1ee7\",\"item\":\"https:\/\/quando.com.vn\/\"},{\"@type\":\"ListItem\",\"position\":2,\"name\":\"S\u1ea3n ph\u1ea9m\",\"item\":\"https:\/\/quando.com.vn\/san-pham\/\"},{\"@type\":\"ListItem\",\"position\":3,\"name\":\"B\u1ed9 \u0111i\u1ec1u khi\u1ec3n nhi\u1ec7t \u0111\u1ed9 PID Supmea SUP-130T\"}]}]}<\/script>\n<!-- \/ Yoast SEO Premium plugin. -->","yoast_head_json":{"title":"B\u1ed9 \u0111i\u1ec1u khi\u1ec3n nhi\u1ec7t \u0111\u1ed9 PID Supmea SUP-130T - QUANDO","description":"B\u1ed9 \u0111i\u1ec1u khi\u1ec3n nhi\u1ec7t \u0111\u1ed9 PID Supmea SUP-130T, ch\u00ednh x\u00e1c 0.3%, h\u1ed7 tr\u1ee3 RTD\/TC, ng\u00f5 ra 4\u201320mA, relay, ngu\u1ed3n AC\/DC100\u2013240V ho\u1eb7c DC12\u201336V","robots":{"index":"index","follow":"follow","max-snippet":"max-snippet:-1","max-image-preview":"max-image-preview:large","max-video-preview":"max-video-preview:-1"},"canonical":"http:\/\/quando.com.vn\/en\/product\/bo-dieu-khien-nhiet-do-supmea-sup-130t\/","og_locale":"en_US","og_type":"article","og_title":"B\u1ed9 \u0111i\u1ec1u khi\u1ec3n nhi\u1ec7t \u0111\u1ed9 PID Supmea SUP-130T","og_description":"B\u1ed9 \u0111i\u1ec1u khi\u1ec3n nhi\u1ec7t \u0111\u1ed9 PID Supmea SUP-130T, ch\u00ednh x\u00e1c 0.3%, h\u1ed7 tr\u1ee3 RTD\/TC, ng\u00f5 ra 4\u201320mA, relay, ngu\u1ed3n AC\/DC100\u2013240V ho\u1eb7c DC12\u201336V","og_url":"http:\/\/quando.com.vn\/en\/product\/bo-dieu-khien-nhiet-do-supmea-sup-130t\/","og_site_name":"QUANDO","article_modified_time":"2025-09-15T10:17:53+00:00","twitter_card":"summary_large_image","twitter_image":"https:\/\/quando.com.vn\/wp-content\/uploads\/2025\/09\/SUP-130T-Temperature-Controller.webp","twitter_misc":{"Est. reading time":"2 minutes"},"schema":{"@context":"https:\/\/schema.org","@graph":[{"@type":"WebSite","@id":"https:\/\/quando.com.vn\/en\/#website","url":"https:\/\/quando.com.vn\/en\/","name":"QUANDO","description":"","potentialAction":[{"@type":"SearchAction","target":{"@type":"EntryPoint","urlTemplate":"https:\/\/quando.com.vn\/en\/?s={search_term_string}"},"query-input":"required name=search_term_string"}],"inLanguage":"en-US"},{"@type":"ImageObject","@id":"https:\/\/quando.com.vn\/san-pham\/bo-dieu-khien-nhiet-do-supmea-sup-130t\/#primaryimage","inLanguage":"en-US","url":"https:\/\/quando.com.vn\/wp-content\/uploads\/2025\/09\/SUP-130T-Temperature-Controller.webp","contentUrl":"https:\/\/quando.com.vn\/wp-content\/uploads\/2025\/09\/SUP-130T-Temperature-Controller.webp","width":800,"height":800,"caption":"B\u1ed9 \u0111i\u1ec1u khi\u1ec3n nhi\u1ec7t \u0111\u1ed9 PID Supmea SUP-130T"},{"@type":"WebPage","@id":"https:\/\/quando.com.vn\/san-pham\/bo-dieu-khien-nhiet-do-supmea-sup-130t\/#webpage","url":"https:\/\/quando.com.vn\/san-pham\/bo-dieu-khien-nhiet-do-supmea-sup-130t\/","name":"B\u1ed9 \u0111i\u1ec1u khi\u1ec3n nhi\u1ec7t \u0111\u1ed9 PID Supmea SUP-130T - QUANDO","isPartOf":{"@id":"https:\/\/quando.com.vn\/en\/#website"},"primaryImageOfPage":{"@id":"https:\/\/quando.com.vn\/san-pham\/bo-dieu-khien-nhiet-do-supmea-sup-130t\/#primaryimage"},"datePublished":"2025-09-15T08:46:35+00:00","dateModified":"2025-09-15T10:17:53+00:00","description":"B\u1ed9 \u0111i\u1ec1u khi\u1ec3n nhi\u1ec7t \u0111\u1ed9 PID Supmea SUP-130T, ch\u00ednh x\u00e1c 0.3%, h\u1ed7 tr\u1ee3 RTD\/TC, ng\u00f5 ra 4\u201320mA, relay, ngu\u1ed3n AC\/DC100\u2013240V ho\u1eb7c DC12\u201336V","breadcrumb":{"@id":"https:\/\/quando.com.vn\/san-pham\/bo-dieu-khien-nhiet-do-supmea-sup-130t\/#breadcrumb"},"inLanguage":"en-US","potentialAction":[{"@type":"ReadAction","target":["https:\/\/quando.com.vn\/san-pham\/bo-dieu-khien-nhiet-do-supmea-sup-130t\/"]}]},{"@type":"BreadcrumbList","@id":"https:\/\/quando.com.vn\/san-pham\/bo-dieu-khien-nhiet-do-supmea-sup-130t\/#breadcrumb","itemListElement":[{"@type":"ListItem","position":1,"name":"Trang ch\u1ee7","item":"https:\/\/quando.com.vn\/"},{"@type":"ListItem","position":2,"name":"S\u1ea3n ph\u1ea9m","item":"https:\/\/quando.com.vn\/san-pham\/"},{"@type":"ListItem","position":3,"name":"B\u1ed9 \u0111i\u1ec1u khi\u1ec3n nhi\u1ec7t \u0111\u1ed9 PID Supmea SUP-130T"}]}]}},"_links":{"self":[{"href":"http:\/\/quando.com.vn\/en\/wp-json\/wp\/v2\/product\/7588"}],"collection":[{"href":"http:\/\/quando.com.vn\/en\/wp-json\/wp\/v2\/product"}],"about":[{"href":"http:\/\/quando.com.vn\/en\/wp-json\/wp\/v2\/types\/product"}],"wp:featuredmedia":[{"embeddable":true,"href":"http:\/\/quando.com.vn\/en\/wp-json\/wp\/v2\/media\/7595"}],"wp:attachment":[{"href":"http:\/\/quando.com.vn\/en\/wp-json\/wp\/v2\/media?parent=7588"}],"wp:term":[{"taxonomy":"product_cat","embeddable":true,"href":"http:\/\/quando.com.vn\/en\/wp-json\/wp\/v2\/product_cat?post=7588"},{"taxonomy":"product_tag","embeddable":true,"href":"http:\/\/quando.com.vn\/en\/wp-json\/wp\/v2\/product_tag?post=7588"}],"curies":[{"name":"wp","href":"https:\/\/api.w.org\/{rel}","templated":true}]}}