{"id":7522,"date":"2025-09-08T16:14:20","date_gmt":"2025-09-08T09:14:20","guid":{"rendered":"https:\/\/quando.com.vn\/?post_type=product&#038;p=7522"},"modified":"2025-09-08T16:27:37","modified_gmt":"2025-09-08T09:27:37","slug":"dong-ho-do-oxy-hoa-tan-sup-do700","status":"publish","type":"product","link":"http:\/\/quando.com.vn\/en\/product\/dong-ho-do-oxy-hoa-tan-sup-do700\/","title":{"rendered":"\u0110\u1ed3ng h\u1ed3 \u0111o oxy h\u00f2a tan hu\u1ef3nh quang SUP-DO700"},"content":{"rendered":"<p><strong>\u0110\u1ed3ng h\u1ed3 \u0111o oxy h\u00f2a tan hu\u1ef3nh quang SUP-DO700<\/strong> l\u00e0 m\u00e1y \u0111o oxy h\u00f2a tan \u00e1p d\u1ee5ng c\u00f4ng ngh\u1ec7 hu\u1ef3nh quang (fluorescence), s\u1eed d\u1ee5ng l\u1edbp ph\u1ee7 quang h\u1ecdc \u0111\u1eb7c bi\u1ec7t \u0111\u1ec3 x\u00e1c \u0111\u1ecbnh n\u1ed3ng \u0111\u1ed9 oxy h\u00f2a tan trong dung d\u1ecbch. V\u1edbi ph\u01b0\u01a1ng ph\u00e1p n\u00e0y, qu\u00e1 tr\u00ecnh \u0111o kh\u00f4ng ti\u00eau th\u1ee5 oxy, kh\u00f4ng c\u1ea7n m\u00e0ng hay dung d\u1ecbch \u0111i\u1ec7n ph\u00e2n, gi\u00fap thi\u1ebft b\u1ecb ho\u1ea1t \u0111\u1ed9ng \u1ed5n \u0111\u1ecbnh, \u00edt b\u1ea3o tr\u00ec v\u00e0 c\u00f3 tu\u1ed5i th\u1ecd cao h\u01a1n so v\u1edbi c\u1ea3m bi\u1ebfn ki\u1ec3u m\u00e0ng truy\u1ec1n th\u1ed1ng.<\/p>\n<h3><strong>\u0110\u1eb7c \u0111i\u1ec3m n\u1ed5i b\u1eadt:<\/strong><\/h3>\n<p>&#8211; D\u1ea3i \u0111o 0\u201320mg\/L, 0\u2013200%, 0\u2013400hPa<br \/>\n&#8211; \u0110\u1ed9 ph\u00e2n gi\u1ea3i cao: 0.01mg\/L, 0.1%, 1hPa<br \/>\n&#8211; Kh\u00f4ng c\u1ea7n khu\u1ea5y tr\u1ed9n ho\u1eb7c d\u00f2ng ch\u1ea3y khi \u0111o<br \/>\n&#8211; C\u00f4ng ngh\u1ec7 hu\u1ef3nh quang ti\u00ean ti\u1ebfn, kh\u00f4ng m\u00e0ng, kh\u00f4ng \u0111i\u1ec7n gi\u1ea3i<br \/>\n&#8211; Ch\u1ee9c n\u0103ng t\u1ef1 ch\u1ea9n \u0111o\u00e1n, hi\u1ec7u chu\u1ea9n t\u1ea1i nh\u00e0 m\u00e1y, kh\u00f4ng c\u1ea7n hi\u1ec7u chu\u1ea9n trong 1 n\u0103m<br \/>\n&#8211; Ng\u00f5 ra t\u00edn hi\u1ec7u \u0111a d\u1ea1ng: 4\u201320mA, RS485 (Modbus), Relay<br \/>\n&#8211; Thi\u1ebft k\u1ebf v\u1eadt li\u1ec7u SUS316L + PVC ho\u1eb7c h\u1ee3p kim Titan cho n\u01b0\u1edbc bi\u1ec3n, \u0111\u1ed9 b\u1ec1n v\u01b0\u1ee3t tr\u1ed9i<br \/>\n&#8211; L\u1eafp \u0111\u1eb7t nhanh ch\u00f3ng v\u1edbi c\u1ea3m bi\u1ebfn plug-and-play<\/p>\n<h3><strong>Th\u00f4ng s\u1ed1 k\u1ef9 thu\u1eadt:<\/strong><\/h3>\n<table>\n<tbody>\n<tr>\n<td>Product<\/td>\n<td>Dissolved oxygen meter<\/td>\n<\/tr>\n<tr>\n<td>Model<\/td>\n<td>SUP-DO700<\/td>\n<\/tr>\n<tr>\n<td>Measure range<\/td>\n<td>0-20mg\/L, 0-20ppm, 0-45\u2103<\/td>\n<\/tr>\n<tr>\n<td>Accuracy<\/td>\n<td>Resolution: \u00b13%, Temperature: \u00b10.5\u2103<\/td>\n<\/tr>\n<tr>\n<td>Pressure range<\/td>\n<td>\u22640.3MPa<\/td>\n<\/tr>\n<tr>\n<td>Calibration<\/td>\n<td>Automatic air calibration, Sample calibration<\/td>\n<\/tr>\n<tr>\n<td>Sensor material<\/td>\n<td>SUS316L+PVC (Ordinary Version), Titanium Alloy (Seawater Version), O-ring: Fluoro-rubber, Cable: PVC<\/td>\n<\/tr>\n<tr>\n<td>Cable length<\/td>\n<td>Standard 10m, Max 100m<\/td>\n<\/tr>\n<tr>\n<td>Display<\/td>\n<td>128*64 dot matrix LCD with LED backlight<\/td>\n<\/tr>\n<tr>\n<td>Output<\/td>\n<td>4-20mA (Max three-way); RS485 MODBUS; Relay output (Max three-way)<\/td>\n<\/tr>\n<tr>\n<td>Power supply<\/td>\n<td>AC220V, 50Hz (optional 24V)<\/td>\n<\/tr>\n<\/tbody>\n<\/table>\n<h3><strong>\u1ee8ng d\u1ee5ng \u0111\u1ed3ng h\u1ed3 \u0111o oxy h\u00f2a tan hu\u1ef3nh quang SUP-DO700:<\/strong><\/h3>\n<p>&#8211; Gi\u00e1m s\u00e1t oxy h\u00f2a tan trong x\u1eed l\u00fd n\u01b0\u1edbc th\u1ea3i v\u00e0 n\u01b0\u1edbc c\u1ea5p<br \/>\n&#8211; Nu\u00f4i tr\u1ed3ng th\u1ee7y s\u1ea3n, ao h\u1ed3, trang tr\u1ea1i c\u00e1\/t\u00f4m<br \/>\n&#8211; Ng\u00e0nh th\u1ef1c ph\u1ea9m, \u0111\u1ed3 u\u1ed1ng, d\u01b0\u1ee3c ph\u1ea9m<br \/>\n&#8211; C\u00e1c quy tr\u00ecnh c\u00f4ng nghi\u1ec7p y\u00eau c\u1ea7u ki\u1ec3m so\u00e1t DO li\u00ean t\u1ee5c, \u1ed5n \u0111\u1ecbnh v\u00e0 \u00edt b\u1ea3o tr\u00ec<\/p>\n<p><img loading=\"lazy\" class=\"aligncenter size-full wp-image-7523\" src=\"https:\/\/quando.com.vn\/wp-content\/uploads\/2025\/09\/SUP-DO700-Optical-dissolved-oxygen-meter-content.webp\" alt=\"\u0110\u1ed3ng h\u1ed3 \u0111o oxy h\u00f2a tan hu\u1ef3nh quang SUP-DO700\" width=\"800\" height=\"800\" srcset=\"https:\/\/quando.com.vn\/wp-content\/uploads\/2025\/09\/SUP-DO700-Optical-dissolved-oxygen-meter-content.webp 800w, https:\/\/quando.com.vn\/wp-content\/uploads\/2025\/09\/SUP-DO700-Optical-dissolved-oxygen-meter-content-300x300.webp 300w, https:\/\/quando.com.vn\/wp-content\/uploads\/2025\/09\/SUP-DO700-Optical-dissolved-oxygen-meter-content-150x150.webp 150w, https:\/\/quando.com.vn\/wp-content\/uploads\/2025\/09\/SUP-DO700-Optical-dissolved-oxygen-meter-content-768x768.webp 768w, https:\/\/quando.com.vn\/wp-content\/uploads\/2025\/09\/SUP-DO700-Optical-dissolved-oxygen-meter-content-12x12.webp 12w, https:\/\/quando.com.vn\/wp-content\/uploads\/2025\/09\/SUP-DO700-Optical-dissolved-oxygen-meter-content-100x100.webp 100w\" sizes=\"(max-width: 800px) 100vw, 800px\" \/><\/p>","protected":false},"excerpt":{"rendered":"<p data-start=\"723\" data-end=\"758\">&#8211; C\u00f4ng ngh\u1ec7 hu\u1ef3nh quang, kh\u00f4ng m\u00e0ng<br \/>\n&#8211; D\u1ea3i \u0111o 0\u201320 mg\/L<br \/>\n&#8211; \u0110\u1ed9 ch\u00ednh x\u00e1c \u00b13%<br \/>\n&#8211; Ng\u00f5 ra 4\u201320mA, RS485, Relay<br \/>\n&#8211; \u00cdt b\u1ea3o tr\u00ec, c\u00e0i \u0111\u1eb7t nhanh<\/p>","protected":false},"featured_media":7524,"template":"","meta":[],"product_cat":[550,553],"product_tag":[],"acf":[],"yoast_head":"<!-- This site is optimized with the Yoast SEO Premium plugin v18.4 (Yoast SEO v18.6) - https:\/\/yoast.com\/wordpress\/plugins\/seo\/ -->\n<title>\u0110\u1ed3ng h\u1ed3 \u0111o oxy h\u00f2a tan hu\u1ef3nh quang SUP-DO700 - QUANDO<\/title>\n<meta name=\"description\" content=\"\u0110\u1ed3ng h\u1ed3 \u0111o oxy h\u00f2a tan SUP-DO700, d\u1ea3i \u0111o 0\u201320mg\/L, \u0111\u1ed9 ch\u00ednh x\u00e1c \u00b13%, t\u00edn hi\u1ec7u 4\u201320mA\/RS485, th\u00edch h\u1ee3p x\u1eed l\u00fd n\u01b0\u1edbc, th\u1ee7y s\u1ea3n, th\u1ef1c ph\u1ea9m...\" \/>\n<meta name=\"robots\" content=\"index, follow, max-snippet:-1, max-image-preview:large, max-video-preview:-1\" \/>\n<link rel=\"canonical\" href=\"http:\/\/quando.com.vn\/en\/product\/dong-ho-do-oxy-hoa-tan-sup-do700\/\" \/>\n<meta property=\"og:locale\" content=\"en_US\" \/>\n<meta property=\"og:type\" content=\"article\" \/>\n<meta property=\"og:title\" content=\"\u0110\u1ed3ng h\u1ed3 \u0111o oxy h\u00f2a tan hu\u1ef3nh quang SUP-DO700\" \/>\n<meta property=\"og:description\" content=\"\u0110\u1ed3ng h\u1ed3 \u0111o oxy h\u00f2a tan SUP-DO700, d\u1ea3i \u0111o 0\u201320mg\/L, \u0111\u1ed9 ch\u00ednh x\u00e1c \u00b13%, t\u00edn hi\u1ec7u 4\u201320mA\/RS485, th\u00edch h\u1ee3p x\u1eed l\u00fd n\u01b0\u1edbc, th\u1ee7y s\u1ea3n, th\u1ef1c ph\u1ea9m...\" \/>\n<meta property=\"og:url\" content=\"http:\/\/quando.com.vn\/en\/product\/dong-ho-do-oxy-hoa-tan-sup-do700\/\" \/>\n<meta property=\"og:site_name\" content=\"QUANDO\" \/>\n<meta property=\"article:modified_time\" content=\"2025-09-08T09:27:37+00:00\" \/>\n<meta name=\"twitter:card\" content=\"summary_large_image\" \/>\n<meta name=\"twitter:image\" content=\"https:\/\/quando.com.vn\/wp-content\/uploads\/2025\/09\/SUP-DO700-Optical-dissolved-oxygen-meter.webp\" \/>\n<meta name=\"twitter:label1\" content=\"Est. reading time\" \/>\n\t<meta name=\"twitter:data1\" content=\"2 minutes\" \/>\n<script type=\"application\/ld+json\" class=\"yoast-schema-graph\">{\"@context\":\"https:\/\/schema.org\",\"@graph\":[{\"@type\":\"WebSite\",\"@id\":\"https:\/\/quando.com.vn\/en\/#website\",\"url\":\"https:\/\/quando.com.vn\/en\/\",\"name\":\"QUANDO\",\"description\":\"\",\"potentialAction\":[{\"@type\":\"SearchAction\",\"target\":{\"@type\":\"EntryPoint\",\"urlTemplate\":\"https:\/\/quando.com.vn\/en\/?s={search_term_string}\"},\"query-input\":\"required name=search_term_string\"}],\"inLanguage\":\"en-US\"},{\"@type\":\"ImageObject\",\"@id\":\"https:\/\/quando.com.vn\/san-pham\/dong-ho-do-oxy-hoa-tan-sup-do700\/#primaryimage\",\"inLanguage\":\"en-US\",\"url\":\"https:\/\/quando.com.vn\/wp-content\/uploads\/2025\/09\/SUP-DO700-Optical-dissolved-oxygen-meter.webp\",\"contentUrl\":\"https:\/\/quando.com.vn\/wp-content\/uploads\/2025\/09\/SUP-DO700-Optical-dissolved-oxygen-meter.webp\",\"width\":600,\"height\":600,\"caption\":\"\u0110\u1ed3ng h\u1ed3 \u0111o oxy h\u00f2a tan hu\u1ef3nh quang SUP-DO700\"},{\"@type\":\"WebPage\",\"@id\":\"https:\/\/quando.com.vn\/san-pham\/dong-ho-do-oxy-hoa-tan-sup-do700\/#webpage\",\"url\":\"https:\/\/quando.com.vn\/san-pham\/dong-ho-do-oxy-hoa-tan-sup-do700\/\",\"name\":\"\u0110\u1ed3ng h\u1ed3 \u0111o oxy h\u00f2a tan hu\u1ef3nh quang SUP-DO700 - QUANDO\",\"isPartOf\":{\"@id\":\"https:\/\/quando.com.vn\/en\/#website\"},\"primaryImageOfPage\":{\"@id\":\"https:\/\/quando.com.vn\/san-pham\/dong-ho-do-oxy-hoa-tan-sup-do700\/#primaryimage\"},\"datePublished\":\"2025-09-08T09:14:20+00:00\",\"dateModified\":\"2025-09-08T09:27:37+00:00\",\"description\":\"\u0110\u1ed3ng h\u1ed3 \u0111o oxy h\u00f2a tan SUP-DO700, d\u1ea3i \u0111o 0\u201320mg\/L, \u0111\u1ed9 ch\u00ednh x\u00e1c \u00b13%, t\u00edn hi\u1ec7u 4\u201320mA\/RS485, th\u00edch h\u1ee3p x\u1eed l\u00fd n\u01b0\u1edbc, th\u1ee7y s\u1ea3n, th\u1ef1c ph\u1ea9m...\",\"breadcrumb\":{\"@id\":\"https:\/\/quando.com.vn\/san-pham\/dong-ho-do-oxy-hoa-tan-sup-do700\/#breadcrumb\"},\"inLanguage\":\"en-US\",\"potentialAction\":[{\"@type\":\"ReadAction\",\"target\":[\"https:\/\/quando.com.vn\/san-pham\/dong-ho-do-oxy-hoa-tan-sup-do700\/\"]}]},{\"@type\":\"BreadcrumbList\",\"@id\":\"https:\/\/quando.com.vn\/san-pham\/dong-ho-do-oxy-hoa-tan-sup-do700\/#breadcrumb\",\"itemListElement\":[{\"@type\":\"ListItem\",\"position\":1,\"name\":\"Trang ch\u1ee7\",\"item\":\"https:\/\/quando.com.vn\/\"},{\"@type\":\"ListItem\",\"position\":2,\"name\":\"S\u1ea3n ph\u1ea9m\",\"item\":\"https:\/\/quando.com.vn\/san-pham\/\"},{\"@type\":\"ListItem\",\"position\":3,\"name\":\"\u0110\u1ed3ng h\u1ed3 \u0111o oxy h\u00f2a tan hu\u1ef3nh quang SUP-DO700\"}]}]}<\/script>\n<!-- \/ Yoast SEO Premium plugin. -->","yoast_head_json":{"title":"\u0110\u1ed3ng h\u1ed3 \u0111o oxy h\u00f2a tan hu\u1ef3nh quang SUP-DO700 - QUANDO","description":"\u0110\u1ed3ng h\u1ed3 \u0111o oxy h\u00f2a tan SUP-DO700, d\u1ea3i \u0111o 0\u201320mg\/L, \u0111\u1ed9 ch\u00ednh x\u00e1c \u00b13%, t\u00edn hi\u1ec7u 4\u201320mA\/RS485, th\u00edch h\u1ee3p x\u1eed l\u00fd n\u01b0\u1edbc, th\u1ee7y s\u1ea3n, th\u1ef1c ph\u1ea9m...","robots":{"index":"index","follow":"follow","max-snippet":"max-snippet:-1","max-image-preview":"max-image-preview:large","max-video-preview":"max-video-preview:-1"},"canonical":"http:\/\/quando.com.vn\/en\/product\/dong-ho-do-oxy-hoa-tan-sup-do700\/","og_locale":"en_US","og_type":"article","og_title":"\u0110\u1ed3ng h\u1ed3 \u0111o oxy h\u00f2a tan hu\u1ef3nh quang SUP-DO700","og_description":"\u0110\u1ed3ng h\u1ed3 \u0111o oxy h\u00f2a tan SUP-DO700, d\u1ea3i \u0111o 0\u201320mg\/L, \u0111\u1ed9 ch\u00ednh x\u00e1c \u00b13%, t\u00edn hi\u1ec7u 4\u201320mA\/RS485, th\u00edch h\u1ee3p x\u1eed l\u00fd n\u01b0\u1edbc, th\u1ee7y s\u1ea3n, th\u1ef1c ph\u1ea9m...","og_url":"http:\/\/quando.com.vn\/en\/product\/dong-ho-do-oxy-hoa-tan-sup-do700\/","og_site_name":"QUANDO","article_modified_time":"2025-09-08T09:27:37+00:00","twitter_card":"summary_large_image","twitter_image":"https:\/\/quando.com.vn\/wp-content\/uploads\/2025\/09\/SUP-DO700-Optical-dissolved-oxygen-meter.webp","twitter_misc":{"Est. reading time":"2 minutes"},"schema":{"@context":"https:\/\/schema.org","@graph":[{"@type":"WebSite","@id":"https:\/\/quando.com.vn\/en\/#website","url":"https:\/\/quando.com.vn\/en\/","name":"QUANDO","description":"","potentialAction":[{"@type":"SearchAction","target":{"@type":"EntryPoint","urlTemplate":"https:\/\/quando.com.vn\/en\/?s={search_term_string}"},"query-input":"required name=search_term_string"}],"inLanguage":"en-US"},{"@type":"ImageObject","@id":"https:\/\/quando.com.vn\/san-pham\/dong-ho-do-oxy-hoa-tan-sup-do700\/#primaryimage","inLanguage":"en-US","url":"https:\/\/quando.com.vn\/wp-content\/uploads\/2025\/09\/SUP-DO700-Optical-dissolved-oxygen-meter.webp","contentUrl":"https:\/\/quando.com.vn\/wp-content\/uploads\/2025\/09\/SUP-DO700-Optical-dissolved-oxygen-meter.webp","width":600,"height":600,"caption":"\u0110\u1ed3ng h\u1ed3 \u0111o oxy h\u00f2a tan hu\u1ef3nh quang SUP-DO700"},{"@type":"WebPage","@id":"https:\/\/quando.com.vn\/san-pham\/dong-ho-do-oxy-hoa-tan-sup-do700\/#webpage","url":"https:\/\/quando.com.vn\/san-pham\/dong-ho-do-oxy-hoa-tan-sup-do700\/","name":"\u0110\u1ed3ng h\u1ed3 \u0111o oxy h\u00f2a tan hu\u1ef3nh quang SUP-DO700 - QUANDO","isPartOf":{"@id":"https:\/\/quando.com.vn\/en\/#website"},"primaryImageOfPage":{"@id":"https:\/\/quando.com.vn\/san-pham\/dong-ho-do-oxy-hoa-tan-sup-do700\/#primaryimage"},"datePublished":"2025-09-08T09:14:20+00:00","dateModified":"2025-09-08T09:27:37+00:00","description":"\u0110\u1ed3ng h\u1ed3 \u0111o oxy h\u00f2a tan SUP-DO700, d\u1ea3i \u0111o 0\u201320mg\/L, \u0111\u1ed9 ch\u00ednh x\u00e1c \u00b13%, t\u00edn hi\u1ec7u 4\u201320mA\/RS485, th\u00edch h\u1ee3p x\u1eed l\u00fd n\u01b0\u1edbc, th\u1ee7y s\u1ea3n, th\u1ef1c ph\u1ea9m...","breadcrumb":{"@id":"https:\/\/quando.com.vn\/san-pham\/dong-ho-do-oxy-hoa-tan-sup-do700\/#breadcrumb"},"inLanguage":"en-US","potentialAction":[{"@type":"ReadAction","target":["https:\/\/quando.com.vn\/san-pham\/dong-ho-do-oxy-hoa-tan-sup-do700\/"]}]},{"@type":"BreadcrumbList","@id":"https:\/\/quando.com.vn\/san-pham\/dong-ho-do-oxy-hoa-tan-sup-do700\/#breadcrumb","itemListElement":[{"@type":"ListItem","position":1,"name":"Trang ch\u1ee7","item":"https:\/\/quando.com.vn\/"},{"@type":"ListItem","position":2,"name":"S\u1ea3n ph\u1ea9m","item":"https:\/\/quando.com.vn\/san-pham\/"},{"@type":"ListItem","position":3,"name":"\u0110\u1ed3ng h\u1ed3 \u0111o oxy h\u00f2a tan hu\u1ef3nh quang SUP-DO700"}]}]}},"_links":{"self":[{"href":"http:\/\/quando.com.vn\/en\/wp-json\/wp\/v2\/product\/7522"}],"collection":[{"href":"http:\/\/quando.com.vn\/en\/wp-json\/wp\/v2\/product"}],"about":[{"href":"http:\/\/quando.com.vn\/en\/wp-json\/wp\/v2\/types\/product"}],"wp:featuredmedia":[{"embeddable":true,"href":"http:\/\/quando.com.vn\/en\/wp-json\/wp\/v2\/media\/7524"}],"wp:attachment":[{"href":"http:\/\/quando.com.vn\/en\/wp-json\/wp\/v2\/media?parent=7522"}],"wp:term":[{"taxonomy":"product_cat","embeddable":true,"href":"http:\/\/quando.com.vn\/en\/wp-json\/wp\/v2\/product_cat?post=7522"},{"taxonomy":"product_tag","embeddable":true,"href":"http:\/\/quando.com.vn\/en\/wp-json\/wp\/v2\/product_tag?post=7522"}],"curies":[{"name":"wp","href":"https:\/\/api.w.org\/{rel}","templated":true}]}}