{"id":7360,"date":"2025-07-10T13:16:48","date_gmt":"2025-07-10T06:16:48","guid":{"rendered":"https:\/\/quando.com.vn\/?post_type=product&#038;p=7360"},"modified":"2025-07-15T13:33:52","modified_gmt":"2025-07-15T06:33:52","slug":"cam-bien-muc-chong-an-mon-l055","status":"publish","type":"product","link":"http:\/\/quando.com.vn\/en\/product\/cam-bien-muc-chong-an-mon-l055\/","title":{"rendered":"L055 \u2013 C\u1ea3m bi\u1ebfn \u0111o m\u1ee9c ch\u1ed1ng \u0103n m\u00f2n d\u00f9ng cho axit v\u00e0 ki\u1ec1m"},"content":{"rendered":"<p><strong>L055 \u2013 C\u1ea3m bi\u1ebfn \u0111o m\u1ee9c ch\u1ea5t l\u1ecfng ch\u1ed1ng \u0103n m\u00f2n <\/strong>c\u1ee7a <a href=\"https:\/\/www.eyc-tech.com\/uploadfiles\/429\/Product\/Catalog\/eyc-l055-20210804.pdf\">eyc-tech<\/a> l\u00e0 c\u1ea3m bi\u1ebfn \u0111o m\u1ee9c ch\u1ea5t l\u1ecfng chuy\u00ean d\u00f9ng trong m\u00f4i tr\u01b0\u1eddng c\u00f3 \u0111\u1ed9 \u0103n m\u00f2n cao nh\u01b0 axit v\u00e0 ki\u1ec1m. Thi\u1ebft b\u1ecb s\u1eed d\u1ee5ng c\u1ea3m bi\u1ebfn <strong>\u00e1p su\u1ea5t \u0111i\u1ec7n dung g\u1ed1m (ceramic capacitor)<\/strong> v\u1edbi c\u1ea5u tr\u00fac k\u00edn ho\u00e0n to\u00e0n, c\u00f3 th\u1ec3 th\u1ea3 ch\u00ecm trong m\u00f4i tr\u01b0\u1eddng c\u1ea7n \u0111o.<\/p>\n<p><img loading=\"lazy\" class=\"aligncenter size-full wp-image-7361\" src=\"https:\/\/quando.com.vn\/wp-content\/uploads\/2025\/07\/eyc-l055-1-diagram-dimension.webp\" alt=\"C\u1ea3m bi\u1ebfn m\u1ee9c ch\u1ed1ng \u0103n m\u00f2n L055 diagram\" width=\"1047\" height=\"760\" srcset=\"https:\/\/quando.com.vn\/wp-content\/uploads\/2025\/07\/eyc-l055-1-diagram-dimension.webp 1047w, https:\/\/quando.com.vn\/wp-content\/uploads\/2025\/07\/eyc-l055-1-diagram-dimension-300x218.webp 300w, https:\/\/quando.com.vn\/wp-content\/uploads\/2025\/07\/eyc-l055-1-diagram-dimension-1024x743.webp 1024w, https:\/\/quando.com.vn\/wp-content\/uploads\/2025\/07\/eyc-l055-1-diagram-dimension-768x557.webp 768w, https:\/\/quando.com.vn\/wp-content\/uploads\/2025\/07\/eyc-l055-1-diagram-dimension-18x12.webp 18w\" sizes=\"(max-width: 1047px) 100vw, 1047px\" \/><\/p>\n<h3><img loading=\"lazy\" class=\"aligncenter size-full wp-image-7362\" src=\"https:\/\/quando.com.vn\/wp-content\/uploads\/2025\/07\/eyc-l055-1-order-guide.webp\" alt=\"C\u1ea3m bi\u1ebfn m\u1ee9c ch\u1ed1ng \u0103n m\u00f2n L055 h\u01b0\u1edbng d\u1eabn \u0111\u1eb7t h\u00e0ng\" width=\"1014\" height=\"432\" srcset=\"https:\/\/quando.com.vn\/wp-content\/uploads\/2025\/07\/eyc-l055-1-order-guide.webp 1014w, https:\/\/quando.com.vn\/wp-content\/uploads\/2025\/07\/eyc-l055-1-order-guide-300x128.webp 300w, https:\/\/quando.com.vn\/wp-content\/uploads\/2025\/07\/eyc-l055-1-order-guide-768x327.webp 768w, https:\/\/quando.com.vn\/wp-content\/uploads\/2025\/07\/eyc-l055-1-order-guide-18x8.webp 18w\" sizes=\"(max-width: 1014px) 100vw, 1014px\" \/><\/h3>\n<h3>\u0110\u1eb7c \u0111i\u1ec3m n\u1ed5i b\u1eadt<\/h3>\n<ul>\n<li>S\u1ea3n xu\u1ea5t t\u1eeb ceramic tinh khi\u1ebft (99.99% Al\u2082O\u2083) \u2013 kh\u1ea3 n\u0103ng ch\u1ed1ng \u0103n m\u00f2n cao<\/li>\n<li>V\u00f2ng cao su fluoro ch\u1ed1ng th\u1ea5m n\u01b0\u1edbc<\/li>\n<li>\u0110\u1ea7u d\u00f2 v\u00e0 d\u00e2y d\u1eabn \u0111\u1ec1u l\u00e0m t\u1eeb v\u1eadt li\u1ec7u ch\u1ecbu axit \u2013 ki\u1ec1m (PVDF v\u00e0 PTFE)<\/li>\n<li>D\u1ea3i \u0111o r\u1ed9ng: t\u1eeb 0.1 \u0111\u1ebfn 20 bar<\/li>\n<li>C\u00f3 s\u1eb5n t\u00f9y ch\u1ecdn \u0111\u1ea7u ra: 4\u201320 mA (2 d\u00e2y) ho\u1eb7c RS-485 (4 d\u00e2y)<\/li>\n<li>Thi\u1ebft k\u1ebf k\u00edn ho\u00e0n to\u00e0n, c\u1ea5p b\u1ea3o v\u1ec7 IP68<\/li>\n<li>C\u1ea5u tr\u00fac ch\u1ed1ng ng\u01b0ng t\u1ee5 b\u00ean trong \u0111\u1ea3m b\u1ea3o \u0111\u1ed9 b\u1ec1n l\u00e2u d\u00e0i<\/li>\n<\/ul>\n<h3>Th\u00f4ng s\u1ed1 k\u1ef9 thu\u1eadt ch\u00ednh<\/h3>\n<table>\n<tbody>\n<tr>\n<td><strong>Model<\/strong><\/td>\n<td>L055<\/td>\n<\/tr>\n<tr>\n<td><strong>Lo\u1ea1i c\u1ea3m bi\u1ebfn<\/strong><\/td>\n<td>C\u1ea3m bi\u1ebfn \u00e1p su\u1ea5t \u0111i\u1ec7n dung ceramic<\/td>\n<\/tr>\n<tr>\n<td><strong>D\u1ea3i \u0111o<\/strong><\/td>\n<td>0.1 &#8230; 20 bar<\/td>\n<\/tr>\n<tr>\n<td><strong>T\u00edn hi\u1ec7u \u0111\u1ea7u ra<\/strong><\/td>\n<td>DC 4 &#8230; 20 mA (2 d\u00e2y) \/ RS-485 (4 d\u00e2y)<\/td>\n<\/tr>\n<tr>\n<td><strong>\u0110\u1ed9 ch\u00ednh x\u00e1c<\/strong><\/td>\n<td>\u00b10.5% F.S.<\/td>\n<\/tr>\n<tr>\n<td><strong>C\u00e1p d\u1eabn<\/strong><\/td>\n<td>D\u00e2y PTFE ch\u1ed1ng \u0103n m\u00f2n<\/td>\n<\/tr>\n<tr>\n<td><strong>Ch\u1ea5t li\u1ec7u \u0111\u1ea7u d\u00f2<\/strong><\/td>\n<td>PVDF kh\u00e1ng axit \u2013 ki\u1ec1m<\/td>\n<\/tr>\n<tr>\n<td><strong>Ch\u1ed1ng n\u01b0\u1edbc<\/strong><\/td>\n<td>IP68 \u2013 thi\u1ebft k\u1ebf ch\u00ecm<\/td>\n<\/tr>\n<\/tbody>\n<\/table>\n<h3>\u1ee8ng d\u1ee5ng \u0111i\u1ec3n h\u00ecnh<\/h3>\n<ul>\n<li>\u0110o m\u1ee9c n\u01b0\u1edbc trong nh\u00e0 m\u00e1y h\u00f3a ch\u1ea5t<\/li>\n<li>Gi\u00e1m s\u00e1t n\u01b0\u1edbc th\u1ea3i c\u00f4ng nghi\u1ec7p<\/li>\n<li>Ao, h\u1ed3, b\u1ec3 m\u1edf c\u00f3 ch\u1ee9a h\u00f3a ch\u1ea5t<\/li>\n<li>B\u1ec3 ch\u1ee9a dung d\u1ecbch axit, baz\u01a1 m\u1ea1nh<\/li>\n<\/ul>\n<p><strong> L055 \u2013 C\u1ea3m bi\u1ebfn \u0111o m\u1ee9c ch\u1ea5t l\u1ecfng ch\u1ed1ng \u0103n m\u00f2n<\/strong> l\u00e0 gi\u1ea3i ph\u00e1p t\u1ed1i \u01b0u cho c\u00e1c m\u00f4i tr\u01b0\u1eddng \u0111o m\u1ee9c ch\u1ea5t l\u1ecfng c\u00f3 t\u00ednh \u0103n m\u00f2n cao, \u0111\u1ea3m b\u1ea3o \u0111\u1ed9 b\u1ec1n, \u0111\u1ed9 \u1ed5n \u0111\u1ecbnh v\u00e0 t\u00edn hi\u1ec7u ch\u00ednh x\u00e1c trong c\u00e1c ng\u00e0nh c\u00f4ng nghi\u1ec7p h\u00f3a ch\u1ea5t, x\u1eed l\u00fd n\u01b0\u1edbc v\u00e0 b\u1ea3o v\u1ec7 m\u00f4i tr\u01b0\u1eddng.<\/p>","protected":false},"excerpt":{"rendered":"<p>&#8211; C\u1ea3m bi\u1ebfn m\u1ee9c ch\u1ea5t l\u1ecfng ch\u1ecbu axit \u2013 ki\u1ec1m<br \/>\n&#8211; C\u1ea3m bi\u1ebfn ceramic \u0111i\u1ec7n dung ch\u00ednh x\u00e1c<br \/>\n&#8211; D\u1ea3i \u0111o: 0.1 &#8230; 20 bar<br \/>\n&#8211; T\u00edn hi\u1ec7u: 4\u201320 mA (2 d\u00e2y) ho\u1eb7c RS-485<br \/>\n&#8211; IP68, thi\u1ebft k\u1ebf k\u00edn ho\u00e0n to\u00e0n<br \/>\n&#8211; Ch\u1ed1ng ng\u01b0ng t\u1ee5, ch\u1ed1ng \u0103n m\u00f2n cao<\/p>","protected":false},"featured_media":7364,"template":"","meta":[],"product_cat":[526,524,519,442,416,444],"product_tag":[],"acf":[],"yoast_head":"<!-- This site is optimized with the Yoast SEO Premium plugin v18.4 (Yoast SEO v18.6) - https:\/\/yoast.com\/wordpress\/plugins\/seo\/ -->\n<title>L055 \u2013 C\u1ea3m bi\u1ebfn \u0111o m\u1ee9c ch\u1ed1ng \u0103n m\u00f2n d\u00f9ng cho axit v\u00e0 ki\u1ec1m - QUANDO<\/title>\n<meta name=\"description\" content=\"L055 l\u00e0 c\u1ea3m bi\u1ebfn m\u1ee9c ch\u1ea5t l\u1ecfng ch\u1ed1ng \u0103n m\u00f2n, thi\u1ebft k\u1ebf ch\u00ecm, IP68, \u0111\u1ea7u d\u00f2 ceramic v\u00e0 c\u00e1p PTFE, d\u1ea3i \u0111o \u0111\u1ebfn 20 bar, ph\u00f9 h\u1ee3p cho m\u00f4i tr\u01b0\u1eddng axit\" \/>\n<meta name=\"robots\" content=\"index, follow, max-snippet:-1, max-image-preview:large, max-video-preview:-1\" \/>\n<link rel=\"canonical\" href=\"http:\/\/quando.com.vn\/en\/product\/cam-bien-muc-chong-an-mon-l055\/\" \/>\n<meta property=\"og:locale\" content=\"en_US\" \/>\n<meta property=\"og:type\" content=\"article\" \/>\n<meta property=\"og:title\" content=\"L055 \u2013 C\u1ea3m bi\u1ebfn \u0111o m\u1ee9c ch\u1ed1ng \u0103n m\u00f2n d\u00f9ng cho axit v\u00e0 ki\u1ec1m\" \/>\n<meta property=\"og:description\" content=\"L055 l\u00e0 c\u1ea3m bi\u1ebfn m\u1ee9c ch\u1ea5t l\u1ecfng ch\u1ed1ng \u0103n m\u00f2n, thi\u1ebft k\u1ebf ch\u00ecm, IP68, \u0111\u1ea7u d\u00f2 ceramic v\u00e0 c\u00e1p PTFE, d\u1ea3i \u0111o \u0111\u1ebfn 20 bar, ph\u00f9 h\u1ee3p cho m\u00f4i tr\u01b0\u1eddng axit\" \/>\n<meta property=\"og:url\" content=\"http:\/\/quando.com.vn\/en\/product\/cam-bien-muc-chong-an-mon-l055\/\" \/>\n<meta property=\"og:site_name\" content=\"QUANDO\" \/>\n<meta property=\"article:modified_time\" content=\"2025-07-15T06:33:52+00:00\" \/>\n<meta name=\"twitter:card\" content=\"summary_large_image\" \/>\n<meta name=\"twitter:image\" content=\"https:\/\/quando.com.vn\/wp-content\/uploads\/2025\/07\/eyc-l055-1.webp\" \/>\n<meta name=\"twitter:label1\" content=\"Est. reading time\" \/>\n\t<meta name=\"twitter:data1\" content=\"3 minutes\" \/>\n<script type=\"application\/ld+json\" class=\"yoast-schema-graph\">{\"@context\":\"https:\/\/schema.org\",\"@graph\":[{\"@type\":\"WebSite\",\"@id\":\"https:\/\/quando.com.vn\/en\/#website\",\"url\":\"https:\/\/quando.com.vn\/en\/\",\"name\":\"QUANDO\",\"description\":\"\",\"potentialAction\":[{\"@type\":\"SearchAction\",\"target\":{\"@type\":\"EntryPoint\",\"urlTemplate\":\"https:\/\/quando.com.vn\/en\/?s={search_term_string}\"},\"query-input\":\"required name=search_term_string\"}],\"inLanguage\":\"en-US\"},{\"@type\":\"ImageObject\",\"@id\":\"https:\/\/quando.com.vn\/san-pham\/cam-bien-muc-chong-an-mon-l055\/#primaryimage\",\"inLanguage\":\"en-US\",\"url\":\"https:\/\/quando.com.vn\/wp-content\/uploads\/2025\/07\/eyc-l055-1.webp\",\"contentUrl\":\"https:\/\/quando.com.vn\/wp-content\/uploads\/2025\/07\/eyc-l055-1.webp\",\"width\":500,\"height\":500,\"caption\":\"C\u1ea3m bi\u1ebfn m\u1ee9c ch\u1ed1ng \u0103n m\u00f2n L055\"},{\"@type\":\"WebPage\",\"@id\":\"https:\/\/quando.com.vn\/san-pham\/cam-bien-muc-chong-an-mon-l055\/#webpage\",\"url\":\"https:\/\/quando.com.vn\/san-pham\/cam-bien-muc-chong-an-mon-l055\/\",\"name\":\"L055 \u2013 C\u1ea3m bi\u1ebfn \u0111o m\u1ee9c ch\u1ed1ng \u0103n m\u00f2n d\u00f9ng cho axit v\u00e0 ki\u1ec1m - QUANDO\",\"isPartOf\":{\"@id\":\"https:\/\/quando.com.vn\/en\/#website\"},\"primaryImageOfPage\":{\"@id\":\"https:\/\/quando.com.vn\/san-pham\/cam-bien-muc-chong-an-mon-l055\/#primaryimage\"},\"datePublished\":\"2025-07-10T06:16:48+00:00\",\"dateModified\":\"2025-07-15T06:33:52+00:00\",\"description\":\"L055 l\u00e0 c\u1ea3m bi\u1ebfn m\u1ee9c ch\u1ea5t l\u1ecfng ch\u1ed1ng \u0103n m\u00f2n, thi\u1ebft k\u1ebf ch\u00ecm, IP68, \u0111\u1ea7u d\u00f2 ceramic v\u00e0 c\u00e1p PTFE, d\u1ea3i \u0111o \u0111\u1ebfn 20 bar, ph\u00f9 h\u1ee3p cho m\u00f4i tr\u01b0\u1eddng axit\",\"breadcrumb\":{\"@id\":\"https:\/\/quando.com.vn\/san-pham\/cam-bien-muc-chong-an-mon-l055\/#breadcrumb\"},\"inLanguage\":\"en-US\",\"potentialAction\":[{\"@type\":\"ReadAction\",\"target\":[\"https:\/\/quando.com.vn\/san-pham\/cam-bien-muc-chong-an-mon-l055\/\"]}]},{\"@type\":\"BreadcrumbList\",\"@id\":\"https:\/\/quando.com.vn\/san-pham\/cam-bien-muc-chong-an-mon-l055\/#breadcrumb\",\"itemListElement\":[{\"@type\":\"ListItem\",\"position\":1,\"name\":\"Trang ch\u1ee7\",\"item\":\"https:\/\/quando.com.vn\/\"},{\"@type\":\"ListItem\",\"position\":2,\"name\":\"S\u1ea3n ph\u1ea9m\",\"item\":\"https:\/\/quando.com.vn\/san-pham\/\"},{\"@type\":\"ListItem\",\"position\":3,\"name\":\"L055 \u2013 C\u1ea3m bi\u1ebfn \u0111o m\u1ee9c ch\u1ed1ng \u0103n m\u00f2n d\u00f9ng cho axit v\u00e0 ki\u1ec1m\"}]}]}<\/script>\n<!-- \/ Yoast SEO Premium plugin. -->","yoast_head_json":{"title":"L055 \u2013 C\u1ea3m bi\u1ebfn \u0111o m\u1ee9c ch\u1ed1ng \u0103n m\u00f2n d\u00f9ng cho axit v\u00e0 ki\u1ec1m - QUANDO","description":"L055 l\u00e0 c\u1ea3m bi\u1ebfn m\u1ee9c ch\u1ea5t l\u1ecfng ch\u1ed1ng \u0103n m\u00f2n, thi\u1ebft k\u1ebf ch\u00ecm, IP68, \u0111\u1ea7u d\u00f2 ceramic v\u00e0 c\u00e1p PTFE, d\u1ea3i \u0111o \u0111\u1ebfn 20 bar, ph\u00f9 h\u1ee3p cho m\u00f4i tr\u01b0\u1eddng axit","robots":{"index":"index","follow":"follow","max-snippet":"max-snippet:-1","max-image-preview":"max-image-preview:large","max-video-preview":"max-video-preview:-1"},"canonical":"http:\/\/quando.com.vn\/en\/product\/cam-bien-muc-chong-an-mon-l055\/","og_locale":"en_US","og_type":"article","og_title":"L055 \u2013 C\u1ea3m bi\u1ebfn \u0111o m\u1ee9c ch\u1ed1ng \u0103n m\u00f2n d\u00f9ng cho axit v\u00e0 ki\u1ec1m","og_description":"L055 l\u00e0 c\u1ea3m bi\u1ebfn m\u1ee9c ch\u1ea5t l\u1ecfng ch\u1ed1ng \u0103n m\u00f2n, thi\u1ebft k\u1ebf ch\u00ecm, IP68, \u0111\u1ea7u d\u00f2 ceramic v\u00e0 c\u00e1p PTFE, d\u1ea3i \u0111o \u0111\u1ebfn 20 bar, ph\u00f9 h\u1ee3p cho m\u00f4i tr\u01b0\u1eddng axit","og_url":"http:\/\/quando.com.vn\/en\/product\/cam-bien-muc-chong-an-mon-l055\/","og_site_name":"QUANDO","article_modified_time":"2025-07-15T06:33:52+00:00","twitter_card":"summary_large_image","twitter_image":"https:\/\/quando.com.vn\/wp-content\/uploads\/2025\/07\/eyc-l055-1.webp","twitter_misc":{"Est. reading time":"3 minutes"},"schema":{"@context":"https:\/\/schema.org","@graph":[{"@type":"WebSite","@id":"https:\/\/quando.com.vn\/en\/#website","url":"https:\/\/quando.com.vn\/en\/","name":"QUANDO","description":"","potentialAction":[{"@type":"SearchAction","target":{"@type":"EntryPoint","urlTemplate":"https:\/\/quando.com.vn\/en\/?s={search_term_string}"},"query-input":"required name=search_term_string"}],"inLanguage":"en-US"},{"@type":"ImageObject","@id":"https:\/\/quando.com.vn\/san-pham\/cam-bien-muc-chong-an-mon-l055\/#primaryimage","inLanguage":"en-US","url":"https:\/\/quando.com.vn\/wp-content\/uploads\/2025\/07\/eyc-l055-1.webp","contentUrl":"https:\/\/quando.com.vn\/wp-content\/uploads\/2025\/07\/eyc-l055-1.webp","width":500,"height":500,"caption":"C\u1ea3m bi\u1ebfn m\u1ee9c ch\u1ed1ng \u0103n m\u00f2n L055"},{"@type":"WebPage","@id":"https:\/\/quando.com.vn\/san-pham\/cam-bien-muc-chong-an-mon-l055\/#webpage","url":"https:\/\/quando.com.vn\/san-pham\/cam-bien-muc-chong-an-mon-l055\/","name":"L055 \u2013 C\u1ea3m bi\u1ebfn \u0111o m\u1ee9c ch\u1ed1ng \u0103n m\u00f2n d\u00f9ng cho axit v\u00e0 ki\u1ec1m - QUANDO","isPartOf":{"@id":"https:\/\/quando.com.vn\/en\/#website"},"primaryImageOfPage":{"@id":"https:\/\/quando.com.vn\/san-pham\/cam-bien-muc-chong-an-mon-l055\/#primaryimage"},"datePublished":"2025-07-10T06:16:48+00:00","dateModified":"2025-07-15T06:33:52+00:00","description":"L055 l\u00e0 c\u1ea3m bi\u1ebfn m\u1ee9c ch\u1ea5t l\u1ecfng ch\u1ed1ng \u0103n m\u00f2n, thi\u1ebft k\u1ebf ch\u00ecm, IP68, \u0111\u1ea7u d\u00f2 ceramic v\u00e0 c\u00e1p PTFE, d\u1ea3i \u0111o \u0111\u1ebfn 20 bar, ph\u00f9 h\u1ee3p cho m\u00f4i tr\u01b0\u1eddng axit","breadcrumb":{"@id":"https:\/\/quando.com.vn\/san-pham\/cam-bien-muc-chong-an-mon-l055\/#breadcrumb"},"inLanguage":"en-US","potentialAction":[{"@type":"ReadAction","target":["https:\/\/quando.com.vn\/san-pham\/cam-bien-muc-chong-an-mon-l055\/"]}]},{"@type":"BreadcrumbList","@id":"https:\/\/quando.com.vn\/san-pham\/cam-bien-muc-chong-an-mon-l055\/#breadcrumb","itemListElement":[{"@type":"ListItem","position":1,"name":"Trang ch\u1ee7","item":"https:\/\/quando.com.vn\/"},{"@type":"ListItem","position":2,"name":"S\u1ea3n ph\u1ea9m","item":"https:\/\/quando.com.vn\/san-pham\/"},{"@type":"ListItem","position":3,"name":"L055 \u2013 C\u1ea3m bi\u1ebfn \u0111o m\u1ee9c ch\u1ed1ng \u0103n m\u00f2n d\u00f9ng cho axit v\u00e0 ki\u1ec1m"}]}]}},"_links":{"self":[{"href":"http:\/\/quando.com.vn\/en\/wp-json\/wp\/v2\/product\/7360"}],"collection":[{"href":"http:\/\/quando.com.vn\/en\/wp-json\/wp\/v2\/product"}],"about":[{"href":"http:\/\/quando.com.vn\/en\/wp-json\/wp\/v2\/types\/product"}],"wp:featuredmedia":[{"embeddable":true,"href":"http:\/\/quando.com.vn\/en\/wp-json\/wp\/v2\/media\/7364"}],"wp:attachment":[{"href":"http:\/\/quando.com.vn\/en\/wp-json\/wp\/v2\/media?parent=7360"}],"wp:term":[{"taxonomy":"product_cat","embeddable":true,"href":"http:\/\/quando.com.vn\/en\/wp-json\/wp\/v2\/product_cat?post=7360"},{"taxonomy":"product_tag","embeddable":true,"href":"http:\/\/quando.com.vn\/en\/wp-json\/wp\/v2\/product_tag?post=7360"}],"curies":[{"name":"wp","href":"https:\/\/api.w.org\/{rel}","templated":true}]}}