{"id":7354,"date":"2025-07-10T11:39:01","date_gmt":"2025-07-10T04:39:01","guid":{"rendered":"https:\/\/quando.com.vn\/?post_type=product&#038;p=7354"},"modified":"2025-07-15T12:54:38","modified_gmt":"2025-07-15T05:54:38","slug":"cam-bien-ap-suat-chim-l051","status":"publish","type":"product","link":"http:\/\/quando.com.vn\/en\/product\/cam-bien-ap-suat-chim-l051\/","title":{"rendered":"L051 \u2013 C\u1ea3m bi\u1ebfn \u00e1p su\u1ea5t ch\u00ecm \u0111o m\u1ef1c n\u01b0\u1edbc, thi\u1ebft k\u1ebf nh\u1ecf g\u1ecdn IP68"},"content":{"rendered":"<p><strong>L051 \u2013 C\u1ea3m bi\u1ebfn \u00e1p su\u1ea5t ch\u00ecm \u0111o m\u1ef1c n\u01b0\u1edbc ch\u00ednh x\u00e1c, IP68 <\/strong>c\u1ee7a <a href=\"https:\/\/www.eyc-tech.com\/uploadfiles\/429\/Product\/Catalog\/eyc-tech-l051_en_20230613.pdf\"><strong>eyc-tech<\/strong><\/a> l\u00e0 c\u1ea3m bi\u1ebfn \u00e1p su\u1ea5t ch\u00ecm chuy\u00ean d\u00f9ng \u0111\u1ec3 \u0111o m\u1ef1c n\u01b0\u1edbc trong b\u1ec3 ch\u1ee9a, th\u00f9ng, s\u00f4ng ho\u1eb7c h\u1ed3. Thi\u1ebft b\u1ecb s\u1eed d\u1ee5ng c\u1ea3m bi\u1ebfn <strong>piezoresistive diaphragm<\/strong> \u0111\u1ec3 chuy\u1ec3n \u0111\u1ed5i \u00e1p su\u1ea5t n\u01b0\u1edbc th\u00e0nh t\u00edn hi\u1ec7u d\u00f2ng <strong>4\u201320 mA<\/strong>, mang l\u1ea1i \u0111\u1ed9 ch\u00ednh x\u00e1c cao v\u00e0 \u0111\u1ed9 b\u1ec1n l\u00e2u d\u00e0i.<\/p>\n<p><img loading=\"lazy\" class=\"aligncenter size-full wp-image-7355\" src=\"https:\/\/quando.com.vn\/wp-content\/uploads\/2025\/07\/eyc-tech-with-logo-l051-2023-diagram.webp\" alt=\"C\u1ea3m bi\u1ebfn \u00e1p su\u1ea5t ch\u00ecm L051 s\u01a1 \u0111\u1ed3\" width=\"1059\" height=\"629\" srcset=\"https:\/\/quando.com.vn\/wp-content\/uploads\/2025\/07\/eyc-tech-with-logo-l051-2023-diagram.webp 1059w, https:\/\/quando.com.vn\/wp-content\/uploads\/2025\/07\/eyc-tech-with-logo-l051-2023-diagram-300x178.webp 300w, https:\/\/quando.com.vn\/wp-content\/uploads\/2025\/07\/eyc-tech-with-logo-l051-2023-diagram-1024x608.webp 1024w, https:\/\/quando.com.vn\/wp-content\/uploads\/2025\/07\/eyc-tech-with-logo-l051-2023-diagram-768x456.webp 768w, https:\/\/quando.com.vn\/wp-content\/uploads\/2025\/07\/eyc-tech-with-logo-l051-2023-diagram-18x12.webp 18w\" sizes=\"(max-width: 1059px) 100vw, 1059px\" \/><\/p>\n<h3>\u0110\u1eb7c \u0111i\u1ec3m n\u1ed5i b\u1eadt<\/h3>\n<ul>\n<li>Thi\u1ebft k\u1ebf ch\u00ecm, d\u1ec5 l\u1eafp \u0111\u1eb7t trong b\u1ec3 ho\u1eb7c th\u1ea3 tr\u1ef1c ti\u1ebfp xu\u1ed1ng s\u00f4ng, h\u1ed3<\/li>\n<li>V\u1ecf ngo\u00e0i b\u1eb1ng inox SS316, \u0111\u01b0\u1eddng k\u00ednh \u00d827 mm<\/li>\n<li>\u0110\u1ed9 ch\u00ednh x\u00e1c \u00b10.5% to\u00e0n d\u1ea3i, gi\u00e1 th\u00e0nh h\u1ee3p l\u00fd<\/li>\n<li>C\u00e1p t\u00f9y ch\u1ecdn: PVC ho\u1eb7c PTFE t\u00f9y theo m\u00f4i tr\u01b0\u1eddng s\u1eed d\u1ee5ng<\/li>\n<li>Ho\u1ea1t \u0111\u1ed9ng \u1ed5n \u0111\u1ecbnh l\u00e2u d\u00e0i, ch\u1ed1ng n\u01b0\u1edbc tuy\u1ec7t \u0111\u1ed1i v\u1edbi chu\u1ea9n <strong>IP68<\/strong><\/li>\n<\/ul>\n<h3>Th\u00f4ng s\u1ed1 k\u1ef9 thu\u1eadt ch\u00ednh<\/h3>\n<table>\n<tbody>\n<tr>\n<td><strong>Model<\/strong><\/td>\n<td>L051<\/td>\n<\/tr>\n<tr>\n<td><strong>Lo\u1ea1i c\u1ea3m bi\u1ebfn<\/strong><\/td>\n<td>Piezoresistive diaphragm<\/td>\n<\/tr>\n<tr>\n<td><strong>D\u1ea3i \u0111o \u00e1p su\u1ea5t<\/strong><\/td>\n<td>0 &#8230; 10 bar<\/td>\n<\/tr>\n<tr>\n<td><strong>\u0110\u1ea7u ra t\u00edn hi\u1ec7u<\/strong><\/td>\n<td>DC 4 &#8230; 20 mA<\/td>\n<\/tr>\n<tr>\n<td><strong>\u0110\u1ed9 ch\u00ednh x\u00e1c<\/strong><\/td>\n<td>\u00b10.5% F.S.<\/td>\n<\/tr>\n<tr>\n<td><strong>V\u1eadt li\u1ec7u v\u1ecf<\/strong><\/td>\n<td>Inox SS316<\/td>\n<\/tr>\n<tr>\n<td><strong>\u0110\u01b0\u1eddng k\u00ednh c\u1ea3m bi\u1ebfn<\/strong><\/td>\n<td>\u00d827 mm<\/td>\n<\/tr>\n<tr>\n<td><strong>Ch\u1ea5t li\u1ec7u d\u00e2y c\u00e1p<\/strong><\/td>\n<td>PVC ho\u1eb7c PTFE<\/td>\n<\/tr>\n<tr>\n<td><strong>Chu\u1ea9n b\u1ea3o v\u1ec7<\/strong><\/td>\n<td>IP68<\/td>\n<\/tr>\n<\/tbody>\n<\/table>\n<h3>\u1ee8ng d\u1ee5ng \u0111i\u1ec3n h\u00ecnh<\/h3>\n<ul>\n<li>\u0110o m\u1ef1c n\u01b0\u1edbc trong b\u1ec3, b\u1ed3n l\u1edbn, th\u00f9ng ch\u1ee9a<\/li>\n<li>Th\u1ea3 ch\u00ecm trong s\u00f4ng, h\u1ed3 \u0111\u1ec3 \u0111o m\u1ef1c n\u01b0\u1edbc th\u1ea5p\/cao<\/li>\n<li>Thi\u1ebft b\u1ecb n\u01b0\u1edbc u\u1ed1ng, x\u1eed l\u00fd n\u01b0\u1edbc th\u1ea3i<\/li>\n<li>Gi\u00e1m s\u00e1t n\u01b0\u1edbc ng\u1ea7m, h\u1ed1 \u0111\u00e0o, h\u1ed3 ch\u1ee9a<\/li>\n<li>\u0110o l\u01b0u l\u01b0\u1ee3ng n\u01b0\u1edbc trong h\u1ec7 th\u1ed1ng t\u1ef1 nhi\u00ean (d\u00f2ng ch\u1ea3y, ao h\u1ed3)<\/li>\n<\/ul>\n<p><strong>L051 \u2013 C\u1ea3m bi\u1ebfn \u00e1p su\u1ea5t ch\u00ecm \u0111o m\u1ef1c n\u01b0\u1edbc ch\u00ednh x\u00e1c, IP68<\/strong>\u00a0l\u00e0 gi\u1ea3i ph\u00e1p l\u00fd t\u01b0\u1edfng cho c\u00e1c h\u1ec7 th\u1ed1ng \u0111o m\u1ef1c n\u01b0\u1edbc c\u1ea7n \u0111\u1ed9 b\u1ec1n cao, ho\u1ea1t \u0111\u1ed9ng \u1ed5n \u0111\u1ecbnh v\u00e0 d\u1ec5 tri\u1ec3n khai t\u1ea1i hi\u1ec7n tr\u01b0\u1eddng.<\/p>\n<p><img loading=\"lazy\" class=\"aligncenter size-full wp-image-7356\" src=\"https:\/\/quando.com.vn\/wp-content\/uploads\/2025\/07\/eyc-tech-with-logo-l051-2023-ordering-guide.webp\" alt=\"C\u1ea3m bi\u1ebfn \u00e1p su\u1ea5t ch\u00ecm L051 h\u01b0\u1edbng d\u1eabn \u0111\u1eb7t h\u00e0ng\" width=\"982\" height=\"466\" srcset=\"https:\/\/quando.com.vn\/wp-content\/uploads\/2025\/07\/eyc-tech-with-logo-l051-2023-ordering-guide.webp 982w, https:\/\/quando.com.vn\/wp-content\/uploads\/2025\/07\/eyc-tech-with-logo-l051-2023-ordering-guide-300x142.webp 300w, https:\/\/quando.com.vn\/wp-content\/uploads\/2025\/07\/eyc-tech-with-logo-l051-2023-ordering-guide-768x364.webp 768w, https:\/\/quando.com.vn\/wp-content\/uploads\/2025\/07\/eyc-tech-with-logo-l051-2023-ordering-guide-18x9.webp 18w\" sizes=\"(max-width: 982px) 100vw, 982px\" \/><\/p>","protected":false},"excerpt":{"rendered":"<p>&#8211; C\u1ea3m bi\u1ebfn \u00e1p su\u1ea5t ch\u00ecm \u0111o m\u1ef1c n\u01b0\u1edbc<br \/>\n&#8211; D\u1ea3i \u0111o: 0 &#8230; 10 bar<br \/>\n&#8211; \u0110\u1ea7u ra t\u00edn hi\u1ec7u 4\u201320 mA<br \/>\n&#8211; Sai s\u1ed1: \u00b10.5%<br \/>\n&#8211; V\u1ecf inox SS316, \u0111\u01b0\u1eddng k\u00ednh \u00d827 mm<br \/>\n&#8211; C\u1ea5p b\u1ea3o v\u1ec7 IP68, d\u00f9ng \u0111\u01b0\u1ee3c trong m\u00f4i tr\u01b0\u1eddng n\u01b0\u1edbc ng\u1eadp ho\u00e0n to\u00e0n<\/p>","protected":false},"featured_media":7358,"template":"","meta":[],"product_cat":[526,524,519,442,416,444],"product_tag":[],"acf":[],"yoast_head":"<!-- This site is optimized with the Yoast SEO Premium plugin v18.4 (Yoast SEO v18.6) - https:\/\/yoast.com\/wordpress\/plugins\/seo\/ -->\n<title>L051 \u2013 C\u1ea3m bi\u1ebfn \u00e1p su\u1ea5t ch\u00ecm \u0111o m\u1ef1c n\u01b0\u1edbc, thi\u1ebft k\u1ebf nh\u1ecf g\u1ecdn IP68 - QUANDO<\/title>\n<meta name=\"description\" content=\"L051- C\u1ea3m bi\u1ebfn \u00e1p su\u1ea5t ch\u00ecm \u0111o m\u1ef1c n\u01b0\u1edbc, v\u1ecf SS316, IP68, d\u1ea3i \u0111o \u0111\u1ebfn 10 bar, \u0111\u1ea7u ra 4\u201320 mA, gi\u00e1 h\u1ee3p l\u00fd, d\u1ec5 l\u1eafp \u0111\u1eb7t, d\u00f9ng t\u1ed1t trong s\u00f4ng, h\u1ed3..\" \/>\n<meta name=\"robots\" content=\"index, follow, max-snippet:-1, max-image-preview:large, max-video-preview:-1\" \/>\n<link rel=\"canonical\" href=\"http:\/\/quando.com.vn\/en\/product\/cam-bien-ap-suat-chim-l051\/\" \/>\n<meta property=\"og:locale\" content=\"en_US\" \/>\n<meta property=\"og:type\" content=\"article\" \/>\n<meta property=\"og:title\" content=\"L051 \u2013 C\u1ea3m bi\u1ebfn \u00e1p su\u1ea5t ch\u00ecm \u0111o m\u1ef1c n\u01b0\u1edbc, thi\u1ebft k\u1ebf nh\u1ecf g\u1ecdn IP68\" \/>\n<meta property=\"og:description\" content=\"L051- C\u1ea3m bi\u1ebfn \u00e1p su\u1ea5t ch\u00ecm \u0111o m\u1ef1c n\u01b0\u1edbc, v\u1ecf SS316, IP68, d\u1ea3i \u0111o \u0111\u1ebfn 10 bar, \u0111\u1ea7u ra 4\u201320 mA, gi\u00e1 h\u1ee3p l\u00fd, d\u1ec5 l\u1eafp \u0111\u1eb7t, d\u00f9ng t\u1ed1t trong s\u00f4ng, h\u1ed3..\" \/>\n<meta property=\"og:url\" content=\"http:\/\/quando.com.vn\/en\/product\/cam-bien-ap-suat-chim-l051\/\" \/>\n<meta property=\"og:site_name\" content=\"QUANDO\" \/>\n<meta property=\"article:modified_time\" content=\"2025-07-15T05:54:38+00:00\" \/>\n<meta name=\"twitter:card\" content=\"summary_large_image\" \/>\n<meta name=\"twitter:image\" content=\"https:\/\/quando.com.vn\/wp-content\/uploads\/2025\/07\/eyc-tech-with-logo-l051-2023.webp\" \/>\n<meta name=\"twitter:label1\" content=\"Est. reading time\" \/>\n\t<meta name=\"twitter:data1\" content=\"2 minutes\" \/>\n<script type=\"application\/ld+json\" class=\"yoast-schema-graph\">{\"@context\":\"https:\/\/schema.org\",\"@graph\":[{\"@type\":\"WebSite\",\"@id\":\"https:\/\/quando.com.vn\/en\/#website\",\"url\":\"https:\/\/quando.com.vn\/en\/\",\"name\":\"QUANDO\",\"description\":\"\",\"potentialAction\":[{\"@type\":\"SearchAction\",\"target\":{\"@type\":\"EntryPoint\",\"urlTemplate\":\"https:\/\/quando.com.vn\/en\/?s={search_term_string}\"},\"query-input\":\"required name=search_term_string\"}],\"inLanguage\":\"en-US\"},{\"@type\":\"ImageObject\",\"@id\":\"https:\/\/quando.com.vn\/san-pham\/cam-bien-ap-suat-chim-l051\/#primaryimage\",\"inLanguage\":\"en-US\",\"url\":\"https:\/\/quando.com.vn\/wp-content\/uploads\/2025\/07\/eyc-tech-with-logo-l051-2023.webp\",\"contentUrl\":\"https:\/\/quando.com.vn\/wp-content\/uploads\/2025\/07\/eyc-tech-with-logo-l051-2023.webp\",\"width\":500,\"height\":500,\"caption\":\"C\u1ea3m bi\u1ebfn \u00e1p su\u1ea5t ch\u00ecm L051\"},{\"@type\":\"WebPage\",\"@id\":\"https:\/\/quando.com.vn\/san-pham\/cam-bien-ap-suat-chim-l051\/#webpage\",\"url\":\"https:\/\/quando.com.vn\/san-pham\/cam-bien-ap-suat-chim-l051\/\",\"name\":\"L051 \u2013 C\u1ea3m bi\u1ebfn \u00e1p su\u1ea5t ch\u00ecm \u0111o m\u1ef1c n\u01b0\u1edbc, thi\u1ebft k\u1ebf nh\u1ecf g\u1ecdn IP68 - QUANDO\",\"isPartOf\":{\"@id\":\"https:\/\/quando.com.vn\/en\/#website\"},\"primaryImageOfPage\":{\"@id\":\"https:\/\/quando.com.vn\/san-pham\/cam-bien-ap-suat-chim-l051\/#primaryimage\"},\"datePublished\":\"2025-07-10T04:39:01+00:00\",\"dateModified\":\"2025-07-15T05:54:38+00:00\",\"description\":\"L051- C\u1ea3m bi\u1ebfn \u00e1p su\u1ea5t ch\u00ecm \u0111o m\u1ef1c n\u01b0\u1edbc, v\u1ecf SS316, IP68, d\u1ea3i \u0111o \u0111\u1ebfn 10 bar, \u0111\u1ea7u ra 4\u201320 mA, gi\u00e1 h\u1ee3p l\u00fd, d\u1ec5 l\u1eafp \u0111\u1eb7t, d\u00f9ng t\u1ed1t trong s\u00f4ng, h\u1ed3..\",\"breadcrumb\":{\"@id\":\"https:\/\/quando.com.vn\/san-pham\/cam-bien-ap-suat-chim-l051\/#breadcrumb\"},\"inLanguage\":\"en-US\",\"potentialAction\":[{\"@type\":\"ReadAction\",\"target\":[\"https:\/\/quando.com.vn\/san-pham\/cam-bien-ap-suat-chim-l051\/\"]}]},{\"@type\":\"BreadcrumbList\",\"@id\":\"https:\/\/quando.com.vn\/san-pham\/cam-bien-ap-suat-chim-l051\/#breadcrumb\",\"itemListElement\":[{\"@type\":\"ListItem\",\"position\":1,\"name\":\"Trang ch\u1ee7\",\"item\":\"https:\/\/quando.com.vn\/\"},{\"@type\":\"ListItem\",\"position\":2,\"name\":\"S\u1ea3n ph\u1ea9m\",\"item\":\"https:\/\/quando.com.vn\/san-pham\/\"},{\"@type\":\"ListItem\",\"position\":3,\"name\":\"L051 \u2013 C\u1ea3m bi\u1ebfn \u00e1p su\u1ea5t ch\u00ecm \u0111o m\u1ef1c n\u01b0\u1edbc, thi\u1ebft k\u1ebf nh\u1ecf g\u1ecdn IP68\"}]}]}<\/script>\n<!-- \/ Yoast SEO Premium plugin. -->","yoast_head_json":{"title":"L051 \u2013 C\u1ea3m bi\u1ebfn \u00e1p su\u1ea5t ch\u00ecm \u0111o m\u1ef1c n\u01b0\u1edbc, thi\u1ebft k\u1ebf nh\u1ecf g\u1ecdn IP68 - QUANDO","description":"L051- C\u1ea3m bi\u1ebfn \u00e1p su\u1ea5t ch\u00ecm \u0111o m\u1ef1c n\u01b0\u1edbc, v\u1ecf SS316, IP68, d\u1ea3i \u0111o \u0111\u1ebfn 10 bar, \u0111\u1ea7u ra 4\u201320 mA, gi\u00e1 h\u1ee3p l\u00fd, d\u1ec5 l\u1eafp \u0111\u1eb7t, d\u00f9ng t\u1ed1t trong s\u00f4ng, h\u1ed3..","robots":{"index":"index","follow":"follow","max-snippet":"max-snippet:-1","max-image-preview":"max-image-preview:large","max-video-preview":"max-video-preview:-1"},"canonical":"http:\/\/quando.com.vn\/en\/product\/cam-bien-ap-suat-chim-l051\/","og_locale":"en_US","og_type":"article","og_title":"L051 \u2013 C\u1ea3m bi\u1ebfn \u00e1p su\u1ea5t ch\u00ecm \u0111o m\u1ef1c n\u01b0\u1edbc, thi\u1ebft k\u1ebf nh\u1ecf g\u1ecdn IP68","og_description":"L051- C\u1ea3m bi\u1ebfn \u00e1p su\u1ea5t ch\u00ecm \u0111o m\u1ef1c n\u01b0\u1edbc, v\u1ecf SS316, IP68, d\u1ea3i \u0111o \u0111\u1ebfn 10 bar, \u0111\u1ea7u ra 4\u201320 mA, gi\u00e1 h\u1ee3p l\u00fd, d\u1ec5 l\u1eafp \u0111\u1eb7t, d\u00f9ng t\u1ed1t trong s\u00f4ng, h\u1ed3..","og_url":"http:\/\/quando.com.vn\/en\/product\/cam-bien-ap-suat-chim-l051\/","og_site_name":"QUANDO","article_modified_time":"2025-07-15T05:54:38+00:00","twitter_card":"summary_large_image","twitter_image":"https:\/\/quando.com.vn\/wp-content\/uploads\/2025\/07\/eyc-tech-with-logo-l051-2023.webp","twitter_misc":{"Est. reading time":"2 minutes"},"schema":{"@context":"https:\/\/schema.org","@graph":[{"@type":"WebSite","@id":"https:\/\/quando.com.vn\/en\/#website","url":"https:\/\/quando.com.vn\/en\/","name":"QUANDO","description":"","potentialAction":[{"@type":"SearchAction","target":{"@type":"EntryPoint","urlTemplate":"https:\/\/quando.com.vn\/en\/?s={search_term_string}"},"query-input":"required name=search_term_string"}],"inLanguage":"en-US"},{"@type":"ImageObject","@id":"https:\/\/quando.com.vn\/san-pham\/cam-bien-ap-suat-chim-l051\/#primaryimage","inLanguage":"en-US","url":"https:\/\/quando.com.vn\/wp-content\/uploads\/2025\/07\/eyc-tech-with-logo-l051-2023.webp","contentUrl":"https:\/\/quando.com.vn\/wp-content\/uploads\/2025\/07\/eyc-tech-with-logo-l051-2023.webp","width":500,"height":500,"caption":"C\u1ea3m bi\u1ebfn \u00e1p su\u1ea5t ch\u00ecm L051"},{"@type":"WebPage","@id":"https:\/\/quando.com.vn\/san-pham\/cam-bien-ap-suat-chim-l051\/#webpage","url":"https:\/\/quando.com.vn\/san-pham\/cam-bien-ap-suat-chim-l051\/","name":"L051 \u2013 C\u1ea3m bi\u1ebfn \u00e1p su\u1ea5t ch\u00ecm \u0111o m\u1ef1c n\u01b0\u1edbc, thi\u1ebft k\u1ebf nh\u1ecf g\u1ecdn IP68 - QUANDO","isPartOf":{"@id":"https:\/\/quando.com.vn\/en\/#website"},"primaryImageOfPage":{"@id":"https:\/\/quando.com.vn\/san-pham\/cam-bien-ap-suat-chim-l051\/#primaryimage"},"datePublished":"2025-07-10T04:39:01+00:00","dateModified":"2025-07-15T05:54:38+00:00","description":"L051- C\u1ea3m bi\u1ebfn \u00e1p su\u1ea5t ch\u00ecm \u0111o m\u1ef1c n\u01b0\u1edbc, v\u1ecf SS316, IP68, d\u1ea3i \u0111o \u0111\u1ebfn 10 bar, \u0111\u1ea7u ra 4\u201320 mA, gi\u00e1 h\u1ee3p l\u00fd, d\u1ec5 l\u1eafp \u0111\u1eb7t, d\u00f9ng t\u1ed1t trong s\u00f4ng, h\u1ed3..","breadcrumb":{"@id":"https:\/\/quando.com.vn\/san-pham\/cam-bien-ap-suat-chim-l051\/#breadcrumb"},"inLanguage":"en-US","potentialAction":[{"@type":"ReadAction","target":["https:\/\/quando.com.vn\/san-pham\/cam-bien-ap-suat-chim-l051\/"]}]},{"@type":"BreadcrumbList","@id":"https:\/\/quando.com.vn\/san-pham\/cam-bien-ap-suat-chim-l051\/#breadcrumb","itemListElement":[{"@type":"ListItem","position":1,"name":"Trang ch\u1ee7","item":"https:\/\/quando.com.vn\/"},{"@type":"ListItem","position":2,"name":"S\u1ea3n ph\u1ea9m","item":"https:\/\/quando.com.vn\/san-pham\/"},{"@type":"ListItem","position":3,"name":"L051 \u2013 C\u1ea3m bi\u1ebfn \u00e1p su\u1ea5t ch\u00ecm \u0111o m\u1ef1c n\u01b0\u1edbc, thi\u1ebft k\u1ebf nh\u1ecf g\u1ecdn IP68"}]}]}},"_links":{"self":[{"href":"http:\/\/quando.com.vn\/en\/wp-json\/wp\/v2\/product\/7354"}],"collection":[{"href":"http:\/\/quando.com.vn\/en\/wp-json\/wp\/v2\/product"}],"about":[{"href":"http:\/\/quando.com.vn\/en\/wp-json\/wp\/v2\/types\/product"}],"wp:featuredmedia":[{"embeddable":true,"href":"http:\/\/quando.com.vn\/en\/wp-json\/wp\/v2\/media\/7358"}],"wp:attachment":[{"href":"http:\/\/quando.com.vn\/en\/wp-json\/wp\/v2\/media?parent=7354"}],"wp:term":[{"taxonomy":"product_cat","embeddable":true,"href":"http:\/\/quando.com.vn\/en\/wp-json\/wp\/v2\/product_cat?post=7354"},{"taxonomy":"product_tag","embeddable":true,"href":"http:\/\/quando.com.vn\/en\/wp-json\/wp\/v2\/product_tag?post=7354"}],"curies":[{"name":"wp","href":"https:\/\/api.w.org\/{rel}","templated":true}]}}