{"id":7316,"date":"2025-07-09T10:34:45","date_gmt":"2025-07-09T03:34:45","guid":{"rendered":"https:\/\/quando.com.vn\/?post_type=product&#038;p=7316"},"modified":"2025-07-15T13:25:08","modified_gmt":"2025-07-15T06:25:08","slug":"cong-tac-luu-luong-ftc05","status":"publish","type":"product","link":"http:\/\/quando.com.vn\/en\/product\/cong-tac-luu-luong-ftc05\/","title":{"rendered":"C\u00f4ng t\u1eafc l\u01b0u l\u01b0\u1ee3ng nhi\u1ec7t FTC05 \u2013 C\u00f4ng ngh\u1ec7 d\u00e2y n\u00f3ng, thi\u1ebft k\u1ebf v\u1ecf kim lo\u1ea1i"},"content":{"rendered":"<p><strong>C\u00f4ng t\u1eafc l\u01b0u l\u01b0\u1ee3ng nhi\u1ec7t FTC05<\/strong>\u00a0l\u00e0 c\u00f4ng t\u1eafc l\u01b0u l\u01b0\u1ee3ng nhi\u1ec7t ki\u1ec3u d\u00e2y n\u00f3ng (Hot Wire Thermal Flow Switch) do <a href=\"https:\/\/www.eyc-tech.com\/eyc-ftc05-hot-wire-thermal-flow-switch-eyc-ftc05.html\"><strong>eyc-tech<\/strong><\/a> ph\u00e1t tri\u1ec3n, th\u00edch h\u1ee3p cho \u0111o l\u01b0u l\u01b0\u1ee3ng c\u1ee7a n\u01b0\u1edbc, d\u1ea7u, kh\u00ed, v\u00e0 ph\u00e1t hi\u1ec7n m\u1ee9c ch\u1ea5t l\u1ecfng. Thi\u1ebft k\u1ebf nh\u1ecf g\u1ecdn, v\u1ecf kim lo\u1ea1i b\u1ec1n ch\u1eafc, k\u1ebft h\u1ee3p ch\u1ec9 b\u00e1o LED gi\u00fap d\u1ec5 d\u00e0ng l\u1eafp \u0111\u1eb7t v\u00e0 v\u1eadn h\u00e0nh.<\/p>\n<h3>Nguy\u00ean l\u00fd ho\u1ea1t \u0111\u1ed9ng<\/h3>\n<p>D\u1ef1a tr\u00ean nguy\u00ean l\u00fd nhi\u1ec7t \u0111\u1ed9ng h\u1ecdc, FTC05 s\u1eed d\u1ee5ng 2 c\u1ea3m bi\u1ebfn nhi\u1ec7t t\u00edch h\u1ee3p trong \u0111\u1ea7u d\u00f2. M\u1ed9t c\u1ea3m bi\u1ebfn \u0111o nhi\u1ec7t \u0111\u1ed9 m\u00f4i tr\u01b0\u1eddng, c\u1ea3m bi\u1ebfn c\u00f2n l\u1ea1i \u0111\u01b0\u1ee3c l\u00e0m n\u00f3ng h\u01a1n m\u1ed9t v\u00e0i \u0111\u1ed9. Khi c\u00f3 d\u00f2ng ch\u1ea3y, nhi\u1ec7t t\u1eeb c\u1ea3m bi\u1ebfn n\u00f3ng b\u1ecb m\u00f4i ch\u1ea5t cu\u1ed1n \u0111i, t\u1ea1o ra s\u1ef1 ch\u00eanh l\u1ec7ch nhi\u1ec7t \u0111\u1ed9 gi\u1eefa hai c\u1ea3m bi\u1ebfn. D\u1ef1a v\u00e0o \u0111\u1ed9 ch\u00eanh n\u00e0y, thi\u1ebft b\u1ecb x\u00e1c \u0111\u1ecbnh t\u1ed1c \u0111\u1ed9 d\u00f2ng ch\u1ea3y.<\/p>\n<h3>\u0110\u1eb7c \u0111i\u1ec3m n\u1ed5i b\u1eadt<\/h3>\n<ul>\n<li>Ph\u00e1t hi\u1ec7n d\u00f2ng ch\u1ea3y c\u1ee7a n\u01b0\u1edbc, d\u1ea7u, kh\u00ed v\u00e0 m\u1ee9c ch\u1ea5t l\u1ecfng<\/li>\n<li>C\u00f3 th\u1ec3 thi\u1ebft l\u1eadp \u0111i\u1ec3m chuy\u1ec3n m\u1ea1ch ho\u1eb7c d\u1ea3i \u0111o<\/li>\n<li>T\u00f9y ch\u1ecdn \u0111\u1ea7u ra: PNP \/ NPN \/ Relay<\/li>\n<li>V\u1ecf kim lo\u1ea1i ch\u1eafc ch\u1eafn, d\u1ec5 l\u1eafp \u0111\u1eb7t<\/li>\n<li>\u0110\u1ea7u d\u00f2 ch\u1ecbu \u00e1p su\u1ea5t \u0111\u1ebfn 10 bar (c\u00f3 th\u1ec3 t\u00f9y ch\u1ec9nh chi\u1ec1u d\u00e0i)<\/li>\n<li>\u0110\u00e8n LED b\u00e1o tr\u1ea1ng th\u00e1i, thi\u1ebft k\u1ebf \u0111\u01a1n gi\u1ea3n<\/li>\n<li>Ph\u00f9 h\u1ee3p v\u1edbi nhi\u1ec1u k\u00edch c\u1ee1 \u1ed1ng d\u1eabn kh\u00e1c nhau<\/li>\n<\/ul>\n<h3>\u1ee8ng d\u1ee5ng \u0111i\u1ec3n h\u00ecnh<\/h3>\n<ul>\n<li>H\u1ec7 th\u1ed1ng th\u1ee7y l\u1ef1c<\/li>\n<li>H\u1ec7 th\u1ed1ng b\u00f4i tr\u01a1n<\/li>\n<li>B\u1ea3o v\u1ec7 b\u01a1m<\/li>\n<li>H\u1ec7 th\u1ed1ng l\u00e0m m\u00e1t<\/li>\n<li>H\u1ec7 th\u1ed1ng th\u00f4ng gi\u00f3<\/li>\n<\/ul>\n<p><strong>C\u00f4ng t\u1eafc l\u01b0u l\u01b0\u1ee3ng nhi\u1ec7t FTC05<\/strong>\u00a0l\u00e0 l\u1ef1a ch\u1ecdn t\u1ed1i \u01b0u cho c\u00e1c h\u1ec7 th\u1ed1ng c\u00f4ng nghi\u1ec7p c\u1ea7n gi\u00e1m s\u00e1t l\u01b0u l\u01b0\u1ee3ng v\u00e0 m\u1ee9c ch\u1ea5t l\u1ecfng v\u1edbi \u0111\u1ed9 tin c\u1eady cao, d\u1ec5 d\u00e0ng t\u00edch h\u1ee3p v\u00e0o c\u00e1c m\u00f4i tr\u01b0\u1eddng kh\u1eaft khe nh\u1edd thi\u1ebft k\u1ebf v\u1ecf kim lo\u1ea1i v\u00e0 kh\u1ea3 n\u0103ng t\u00f9y ch\u1ec9nh linh ho\u1ea1t.<\/p>","protected":false},"excerpt":{"rendered":"<p>&#8211; Gi\u00e1m s\u00e1t d\u00f2ng ch\u1ea3y c\u1ee7a d\u1ea7u, n\u01b0\u1edbc v\u00e0 kh\u00ed<br \/>\n&#8211; Ho\u1ea1t \u0111\u1ed9ng nh\u01b0 c\u1ea3m bi\u1ebfn ph\u00e1t hi\u1ec7n m\u1ee9c ch\u1ea5t l\u1ecfng<br \/>\n&#8211; C\u1ea3m bi\u1ebfn nhi\u1ec7t \u0111i\u1ec7n tr\u1edf RTD cho \u0111\u1ed9 ch\u00ednh x\u00e1c cao<br \/>\n&#8211; D\u1ea3i \u0111o: 1\u2013200 cm\/s (n\u01b0\u1edbc), 3\u2013300 cm\/s (d\u1ea7u), 6\u201320 m\/s (kh\u00ed)<br \/>\n&#8211; \u0110\u1ea7u ra t\u00f9y ch\u1ecdn: PNP \/ NPN \/ Relay<br \/>\n&#8211; C\u1ea5p b\u1ea3o v\u1ec7 IP65 (t\u00f9y ch\u1ecdn IP67) ch\u1ed1ng b\u1ee5i, n\u01b0\u1edbc<\/p>","protected":false},"featured_media":7314,"template":"","meta":[],"product_cat":[521,522,519,442,416,444],"product_tag":[],"acf":[],"yoast_head":"<!-- This site is optimized with the Yoast SEO Premium plugin v18.4 (Yoast SEO v18.6) - https:\/\/yoast.com\/wordpress\/plugins\/seo\/ -->\n<title>C\u00f4ng t\u1eafc l\u01b0u l\u01b0\u1ee3ng nhi\u1ec7t FTC05 \u2013 C\u00f4ng ngh\u1ec7 d\u00e2y n\u00f3ng, thi\u1ebft k\u1ebf v\u1ecf kim lo\u1ea1i - QUANDO<\/title>\n<meta name=\"description\" content=\"C\u00f4ng t\u1eafc l\u01b0u l\u01b0\u1ee3ng nhi\u1ec7t FTC05 ki\u1ec3u d\u00e2y n\u00f3ng t\u1eeb eyc-tech, v\u1ecf kim lo\u1ea1i, \u0111o l\u01b0u l\u01b0\u1ee3ng n\u01b0\u1edbc, d\u1ea7u, kh\u00ed, ho\u1eb7c m\u1ee9c ch\u1ea5t l\u1ecfng, \u0111\u1ea7u ra PNP\/NPN\/Relay\" \/>\n<meta name=\"robots\" content=\"index, follow, max-snippet:-1, max-image-preview:large, max-video-preview:-1\" \/>\n<link rel=\"canonical\" href=\"http:\/\/quando.com.vn\/en\/product\/cong-tac-luu-luong-ftc05\/\" \/>\n<meta property=\"og:locale\" content=\"en_US\" \/>\n<meta property=\"og:type\" content=\"article\" \/>\n<meta property=\"og:title\" content=\"C\u00f4ng t\u1eafc l\u01b0u l\u01b0\u1ee3ng nhi\u1ec7t FTC05 \u2013 C\u00f4ng ngh\u1ec7 d\u00e2y n\u00f3ng, thi\u1ebft k\u1ebf v\u1ecf kim lo\u1ea1i\" \/>\n<meta property=\"og:description\" content=\"C\u00f4ng t\u1eafc l\u01b0u l\u01b0\u1ee3ng nhi\u1ec7t FTC05 ki\u1ec3u d\u00e2y n\u00f3ng t\u1eeb eyc-tech, v\u1ecf kim lo\u1ea1i, \u0111o l\u01b0u l\u01b0\u1ee3ng n\u01b0\u1edbc, d\u1ea7u, kh\u00ed, ho\u1eb7c m\u1ee9c ch\u1ea5t l\u1ecfng, \u0111\u1ea7u ra PNP\/NPN\/Relay\" \/>\n<meta property=\"og:url\" content=\"http:\/\/quando.com.vn\/en\/product\/cong-tac-luu-luong-ftc05\/\" \/>\n<meta property=\"og:site_name\" content=\"QUANDO\" \/>\n<meta property=\"article:modified_time\" content=\"2025-07-15T06:25:08+00:00\" \/>\n<meta name=\"twitter:card\" content=\"summary_large_image\" \/>\n<meta name=\"twitter:image\" content=\"https:\/\/quando.com.vn\/wp-content\/uploads\/2025\/07\/eyc-ftc05-l.webp\" \/>\n<meta name=\"twitter:label1\" content=\"Est. reading time\" \/>\n\t<meta name=\"twitter:data1\" content=\"2 minutes\" \/>\n<script type=\"application\/ld+json\" class=\"yoast-schema-graph\">{\"@context\":\"https:\/\/schema.org\",\"@graph\":[{\"@type\":\"WebSite\",\"@id\":\"https:\/\/quando.com.vn\/en\/#website\",\"url\":\"https:\/\/quando.com.vn\/en\/\",\"name\":\"QUANDO\",\"description\":\"\",\"potentialAction\":[{\"@type\":\"SearchAction\",\"target\":{\"@type\":\"EntryPoint\",\"urlTemplate\":\"https:\/\/quando.com.vn\/en\/?s={search_term_string}\"},\"query-input\":\"required name=search_term_string\"}],\"inLanguage\":\"en-US\"},{\"@type\":\"ImageObject\",\"@id\":\"https:\/\/quando.com.vn\/san-pham\/cong-tac-luu-luong-ftc05\/#primaryimage\",\"inLanguage\":\"en-US\",\"url\":\"https:\/\/quando.com.vn\/wp-content\/uploads\/2025\/07\/eyc-ftc05-l.webp\",\"contentUrl\":\"https:\/\/quando.com.vn\/wp-content\/uploads\/2025\/07\/eyc-ftc05-l.webp\",\"width\":500,\"height\":500,\"caption\":\"flow switch FTC05 eyc-tech\"},{\"@type\":\"WebPage\",\"@id\":\"https:\/\/quando.com.vn\/san-pham\/cong-tac-luu-luong-ftc05\/#webpage\",\"url\":\"https:\/\/quando.com.vn\/san-pham\/cong-tac-luu-luong-ftc05\/\",\"name\":\"C\u00f4ng t\u1eafc l\u01b0u l\u01b0\u1ee3ng nhi\u1ec7t FTC05 \u2013 C\u00f4ng ngh\u1ec7 d\u00e2y n\u00f3ng, thi\u1ebft k\u1ebf v\u1ecf kim lo\u1ea1i - QUANDO\",\"isPartOf\":{\"@id\":\"https:\/\/quando.com.vn\/en\/#website\"},\"primaryImageOfPage\":{\"@id\":\"https:\/\/quando.com.vn\/san-pham\/cong-tac-luu-luong-ftc05\/#primaryimage\"},\"datePublished\":\"2025-07-09T03:34:45+00:00\",\"dateModified\":\"2025-07-15T06:25:08+00:00\",\"description\":\"C\u00f4ng t\u1eafc l\u01b0u l\u01b0\u1ee3ng nhi\u1ec7t FTC05 ki\u1ec3u d\u00e2y n\u00f3ng t\u1eeb eyc-tech, v\u1ecf kim lo\u1ea1i, \u0111o l\u01b0u l\u01b0\u1ee3ng n\u01b0\u1edbc, d\u1ea7u, kh\u00ed, ho\u1eb7c m\u1ee9c ch\u1ea5t l\u1ecfng, \u0111\u1ea7u ra PNP\/NPN\/Relay\",\"breadcrumb\":{\"@id\":\"https:\/\/quando.com.vn\/san-pham\/cong-tac-luu-luong-ftc05\/#breadcrumb\"},\"inLanguage\":\"en-US\",\"potentialAction\":[{\"@type\":\"ReadAction\",\"target\":[\"https:\/\/quando.com.vn\/san-pham\/cong-tac-luu-luong-ftc05\/\"]}]},{\"@type\":\"BreadcrumbList\",\"@id\":\"https:\/\/quando.com.vn\/san-pham\/cong-tac-luu-luong-ftc05\/#breadcrumb\",\"itemListElement\":[{\"@type\":\"ListItem\",\"position\":1,\"name\":\"Trang ch\u1ee7\",\"item\":\"https:\/\/quando.com.vn\/\"},{\"@type\":\"ListItem\",\"position\":2,\"name\":\"S\u1ea3n ph\u1ea9m\",\"item\":\"https:\/\/quando.com.vn\/san-pham\/\"},{\"@type\":\"ListItem\",\"position\":3,\"name\":\"C\u00f4ng t\u1eafc l\u01b0u l\u01b0\u1ee3ng nhi\u1ec7t FTC05 \u2013 C\u00f4ng ngh\u1ec7 d\u00e2y n\u00f3ng, thi\u1ebft k\u1ebf v\u1ecf kim lo\u1ea1i\"}]}]}<\/script>\n<!-- \/ Yoast SEO Premium plugin. -->","yoast_head_json":{"title":"C\u00f4ng t\u1eafc l\u01b0u l\u01b0\u1ee3ng nhi\u1ec7t FTC05 \u2013 C\u00f4ng ngh\u1ec7 d\u00e2y n\u00f3ng, thi\u1ebft k\u1ebf v\u1ecf kim lo\u1ea1i - QUANDO","description":"C\u00f4ng t\u1eafc l\u01b0u l\u01b0\u1ee3ng nhi\u1ec7t FTC05 ki\u1ec3u d\u00e2y n\u00f3ng t\u1eeb eyc-tech, v\u1ecf kim lo\u1ea1i, \u0111o l\u01b0u l\u01b0\u1ee3ng n\u01b0\u1edbc, d\u1ea7u, kh\u00ed, ho\u1eb7c m\u1ee9c ch\u1ea5t l\u1ecfng, \u0111\u1ea7u ra PNP\/NPN\/Relay","robots":{"index":"index","follow":"follow","max-snippet":"max-snippet:-1","max-image-preview":"max-image-preview:large","max-video-preview":"max-video-preview:-1"},"canonical":"http:\/\/quando.com.vn\/en\/product\/cong-tac-luu-luong-ftc05\/","og_locale":"en_US","og_type":"article","og_title":"C\u00f4ng t\u1eafc l\u01b0u l\u01b0\u1ee3ng nhi\u1ec7t FTC05 \u2013 C\u00f4ng ngh\u1ec7 d\u00e2y n\u00f3ng, thi\u1ebft k\u1ebf v\u1ecf kim lo\u1ea1i","og_description":"C\u00f4ng t\u1eafc l\u01b0u l\u01b0\u1ee3ng nhi\u1ec7t FTC05 ki\u1ec3u d\u00e2y n\u00f3ng t\u1eeb eyc-tech, v\u1ecf kim lo\u1ea1i, \u0111o l\u01b0u l\u01b0\u1ee3ng n\u01b0\u1edbc, d\u1ea7u, kh\u00ed, ho\u1eb7c m\u1ee9c ch\u1ea5t l\u1ecfng, \u0111\u1ea7u ra PNP\/NPN\/Relay","og_url":"http:\/\/quando.com.vn\/en\/product\/cong-tac-luu-luong-ftc05\/","og_site_name":"QUANDO","article_modified_time":"2025-07-15T06:25:08+00:00","twitter_card":"summary_large_image","twitter_image":"https:\/\/quando.com.vn\/wp-content\/uploads\/2025\/07\/eyc-ftc05-l.webp","twitter_misc":{"Est. reading time":"2 minutes"},"schema":{"@context":"https:\/\/schema.org","@graph":[{"@type":"WebSite","@id":"https:\/\/quando.com.vn\/en\/#website","url":"https:\/\/quando.com.vn\/en\/","name":"QUANDO","description":"","potentialAction":[{"@type":"SearchAction","target":{"@type":"EntryPoint","urlTemplate":"https:\/\/quando.com.vn\/en\/?s={search_term_string}"},"query-input":"required name=search_term_string"}],"inLanguage":"en-US"},{"@type":"ImageObject","@id":"https:\/\/quando.com.vn\/san-pham\/cong-tac-luu-luong-ftc05\/#primaryimage","inLanguage":"en-US","url":"https:\/\/quando.com.vn\/wp-content\/uploads\/2025\/07\/eyc-ftc05-l.webp","contentUrl":"https:\/\/quando.com.vn\/wp-content\/uploads\/2025\/07\/eyc-ftc05-l.webp","width":500,"height":500,"caption":"flow switch FTC05 eyc-tech"},{"@type":"WebPage","@id":"https:\/\/quando.com.vn\/san-pham\/cong-tac-luu-luong-ftc05\/#webpage","url":"https:\/\/quando.com.vn\/san-pham\/cong-tac-luu-luong-ftc05\/","name":"C\u00f4ng t\u1eafc l\u01b0u l\u01b0\u1ee3ng nhi\u1ec7t FTC05 \u2013 C\u00f4ng ngh\u1ec7 d\u00e2y n\u00f3ng, thi\u1ebft k\u1ebf v\u1ecf kim lo\u1ea1i - QUANDO","isPartOf":{"@id":"https:\/\/quando.com.vn\/en\/#website"},"primaryImageOfPage":{"@id":"https:\/\/quando.com.vn\/san-pham\/cong-tac-luu-luong-ftc05\/#primaryimage"},"datePublished":"2025-07-09T03:34:45+00:00","dateModified":"2025-07-15T06:25:08+00:00","description":"C\u00f4ng t\u1eafc l\u01b0u l\u01b0\u1ee3ng nhi\u1ec7t FTC05 ki\u1ec3u d\u00e2y n\u00f3ng t\u1eeb eyc-tech, v\u1ecf kim lo\u1ea1i, \u0111o l\u01b0u l\u01b0\u1ee3ng n\u01b0\u1edbc, d\u1ea7u, kh\u00ed, ho\u1eb7c m\u1ee9c ch\u1ea5t l\u1ecfng, \u0111\u1ea7u ra PNP\/NPN\/Relay","breadcrumb":{"@id":"https:\/\/quando.com.vn\/san-pham\/cong-tac-luu-luong-ftc05\/#breadcrumb"},"inLanguage":"en-US","potentialAction":[{"@type":"ReadAction","target":["https:\/\/quando.com.vn\/san-pham\/cong-tac-luu-luong-ftc05\/"]}]},{"@type":"BreadcrumbList","@id":"https:\/\/quando.com.vn\/san-pham\/cong-tac-luu-luong-ftc05\/#breadcrumb","itemListElement":[{"@type":"ListItem","position":1,"name":"Trang ch\u1ee7","item":"https:\/\/quando.com.vn\/"},{"@type":"ListItem","position":2,"name":"S\u1ea3n ph\u1ea9m","item":"https:\/\/quando.com.vn\/san-pham\/"},{"@type":"ListItem","position":3,"name":"C\u00f4ng t\u1eafc l\u01b0u l\u01b0\u1ee3ng nhi\u1ec7t FTC05 \u2013 C\u00f4ng ngh\u1ec7 d\u00e2y n\u00f3ng, thi\u1ebft k\u1ebf v\u1ecf kim lo\u1ea1i"}]}]}},"_links":{"self":[{"href":"http:\/\/quando.com.vn\/en\/wp-json\/wp\/v2\/product\/7316"}],"collection":[{"href":"http:\/\/quando.com.vn\/en\/wp-json\/wp\/v2\/product"}],"about":[{"href":"http:\/\/quando.com.vn\/en\/wp-json\/wp\/v2\/types\/product"}],"wp:featuredmedia":[{"embeddable":true,"href":"http:\/\/quando.com.vn\/en\/wp-json\/wp\/v2\/media\/7314"}],"wp:attachment":[{"href":"http:\/\/quando.com.vn\/en\/wp-json\/wp\/v2\/media?parent=7316"}],"wp:term":[{"taxonomy":"product_cat","embeddable":true,"href":"http:\/\/quando.com.vn\/en\/wp-json\/wp\/v2\/product_cat?post=7316"},{"taxonomy":"product_tag","embeddable":true,"href":"http:\/\/quando.com.vn\/en\/wp-json\/wp\/v2\/product_tag?post=7316"}],"curies":[{"name":"wp","href":"https:\/\/api.w.org\/{rel}","templated":true}]}}