{"id":7309,"date":"2025-07-09T09:39:56","date_gmt":"2025-07-09T02:39:56","guid":{"rendered":"https:\/\/quando.com.vn\/?post_type=product&#038;p=7309"},"modified":"2025-07-15T13:31:48","modified_gmt":"2025-07-15T06:31:48","slug":"cong-tac-luu-luong-fpc04","status":"publish","type":"product","link":"http:\/\/quando.com.vn\/en\/product\/cong-tac-luu-luong-fpc04\/","title":{"rendered":"C\u00f4ng t\u1eafc l\u01b0u l\u01b0\u1ee3ng FPC04 \u2013 Thi\u1ebft k\u1ebf nh\u1ecf g\u1ecdn"},"content":{"rendered":"<p><strong>C\u00f4ng t\u1eafc l\u01b0u l\u01b0\u1ee3ng FPC04 <\/strong>l\u00e0 c\u00f4ng t\u1eafc l\u01b0u l\u01b0\u1ee3ng c\u01a1 h\u1ecdc d\u1ea1ng piston, \u0111\u01b0\u1ee3c thi\u1ebft k\u1ebf b\u1edfi <a href=\"https:\/\/www.eyc-tech.com\/eyc-fpc04-flow-switch-piston-type.html\"><strong>eyc-tech<\/strong><\/a>, chuy\u00ean d\u00f9ng \u0111\u1ec3 ph\u00e1t hi\u1ec7n l\u01b0u l\u01b0\u1ee3ng ch\u1ea5t l\u1ecfng ho\u1eb7c kh\u00ed trong c\u00e1c h\u1ec7 th\u1ed1ng c\u00f4ng nghi\u1ec7p. Thi\u1ebft b\u1ecb s\u1edf h\u1eefu k\u00edch th\u01b0\u1edbc nh\u1ecf g\u1ecdn, k\u1ebft n\u1ed1i M12 ti\u1ec7n l\u1ee3i, kh\u1ea3 n\u0103ng ho\u1ea1t \u0111\u1ed9ng ch\u00ednh x\u00e1c v\u00e0 \u0111\u1ed9 b\u1ec1n cao.<\/p>\n<h3>\u0110\u1eb7c \u0111i\u1ec3m n\u1ed5i b\u1eadt<\/h3>\n<ul>\n<li>K\u00edch th\u01b0\u1edbc nh\u1ecf g\u1ecdn, m\u00f4 h\u00ecnh ti\u1ebft ki\u1ec7m chi ph\u00ed<\/li>\n<li>\u0110\u1ed9 tr\u1ec5 ph\u1ee5 thu\u1ed9c v\u00e0o \u0111i\u1ec3m chuy\u1ec3n m\u1ea1ch, t\u1ed1i thi\u1ec3u 0.6 L\/min<\/li>\n<li>V\u1eadt li\u1ec7u v\u1ecf: Nh\u1ef1a ho\u1eb7c th\u00e9p kh\u00f4ng g\u1ec9, c\u1ea5p b\u1ea3o v\u1ec7 IP65<\/li>\n<li>Ch\u1ecbu \u00e1p su\u1ea5t cao: 100 bar (Inox) \/ 10 bar (Nh\u1ef1a)<\/li>\n<li>Thi\u1ebft k\u1ebf piston c\u00f3 l\u00f2 xo h\u1ed7 tr\u1ee3, k\u00edch ho\u1ea1t c\u00f4ng t\u1eafc t\u1eeb<\/li>\n<li>\u0110\u1ed9 r\u01a1i \u00e1p th\u1ea5p, l\u1eb7p l\u1ea1i t\u1ed1t, ch\u1ed1ng b\u00e1m b\u1ea9n<\/li>\n<\/ul>\n<h3>Th\u00f4ng s\u1ed1 k\u1ef9 thu\u1eadt<\/h3>\n<table>\n<tbody>\n<tr>\n<td><strong>Model<\/strong><\/td>\n<td>FPC04<\/td>\n<\/tr>\n<tr>\n<td><strong>Lo\u1ea1i c\u00f4ng t\u1eafc<\/strong><\/td>\n<td>C\u01a1 h\u1ecdc \u2013 d\u1ea1ng piston<\/td>\n<\/tr>\n<tr>\n<td><strong>Nguy\u00ean l\u00fd ho\u1ea1t \u0111\u1ed9ng<\/strong><\/td>\n<td>L\u00f2 xo + piston + c\u1ea3m bi\u1ebfn t\u1eeb (reed switch)<\/td>\n<\/tr>\n<tr>\n<td><strong>\u0110\u1ed9 tr\u1ec5 (Hysteresis)<\/strong><\/td>\n<td>T\u00f9y \u0111i\u1ec3m chuy\u1ec3n m\u1ea1ch, t\u1ed1i thi\u1ec3u 0.6 L\/min<\/td>\n<\/tr>\n<tr>\n<td><strong>M\u00f4i tr\u01b0\u1eddng \u0111o<\/strong><\/td>\n<td>N\u01b0\u1edbc, D\u1ea7u, Kh\u00ed<\/td>\n<\/tr>\n<tr>\n<td><strong>K\u1ebft n\u1ed1i<\/strong><\/td>\n<td>\u0110\u1ea7u n\u1ed1i chu\u1ea9n M12<\/td>\n<\/tr>\n<tr>\n<td><strong>\u00c1p su\u1ea5t ch\u1ecbu \u0111\u1ef1ng<\/strong><\/td>\n<td>100 bar (Inox) \/ 10 bar (Nh\u1ef1a)<\/td>\n<\/tr>\n<tr>\n<td><strong>C\u1ea5p b\u1ea3o v\u1ec7<\/strong><\/td>\n<td>IP65<\/td>\n<\/tr>\n<\/tbody>\n<\/table>\n<h3>\u1ee8ng d\u1ee5ng \u0111i\u1ec3n h\u00ecnh<\/h3>\n<ul>\n<li>Ng\u00e0nh c\u00f4ng nghi\u1ec7p t\u1ef1 \u0111\u1ed9ng h\u00f3a<\/li>\n<li>M\u00e1y m\u00f3c thi\u1ebft b\u1ecb c\u00f4ng nghi\u1ec7p<\/li>\n<li>H\u1ec7 th\u1ed1ng kh\u00ed n\u00e9n<\/li>\n<li>H\u1ec7 th\u1ed1ng l\u00e0m l\u1ea1nh v\u00e0 \u0111i\u1ec1u h\u00f2a<\/li>\n<\/ul>\n<p><strong>C\u00f4ng t\u1eafc l\u01b0u l\u01b0\u1ee3ng FPC04 <\/strong>l\u00e0 l\u1ef1a ch\u1ecdn l\u00fd t\u01b0\u1edfng cho c\u00e1c h\u1ec7 th\u1ed1ng y\u00eau c\u1ea7u ph\u00e1t hi\u1ec7n l\u01b0u l\u01b0\u1ee3ng tin c\u1eady, \u0111\u1ed9 ch\u00ednh x\u00e1c cao v\u00e0 c\u1ea5u tr\u00fac ch\u1eafc ch\u1eafn v\u1edbi chi ph\u00ed t\u1ed1i \u01b0u.<\/p>","protected":false},"excerpt":{"rendered":"<p>&#8211; K\u00edch th\u01b0\u1edbc nh\u1ecf g\u1ecdn<br \/>\n&#8211; V\u1ecf nh\u1ef1a\/Inox IP65<br \/>\n&#8211; \u00c1p su\u1ea5t \u0111\u1ebfn 100 bar<br \/>\n&#8211; K\u1ebft n\u1ed1i chu\u1ea9n M12<\/p>","protected":false},"featured_media":7310,"template":"","meta":[],"product_cat":[521,522,519,442,416,444],"product_tag":[],"acf":[],"yoast_head":"<!-- This site is optimized with the Yoast SEO Premium plugin v18.4 (Yoast SEO v18.6) - https:\/\/yoast.com\/wordpress\/plugins\/seo\/ -->\n<title>C\u00f4ng t\u1eafc l\u01b0u l\u01b0\u1ee3ng FPC04 \u2013 Thi\u1ebft k\u1ebf nh\u1ecf g\u1ecdn - QUANDO<\/title>\n<meta name=\"description\" content=\"FPC04 l\u00e0 c\u00f4ng t\u1eafc l\u01b0u l\u01b0\u1ee3ng d\u1ea1ng piston, v\u1ecf nh\u1ef1a ho\u1eb7c inox, IP65, k\u1ebft n\u1ed1i M12, d\u00f9ng cho n\u01b0\u1edbc, d\u1ea7u, kh\u00ed. \u1ee8ng d\u1ee5ng t\u1ed1t trong c\u00f4ng nghi\u1ec7p v\u00e0 HVAC...\" \/>\n<meta name=\"robots\" content=\"index, follow, max-snippet:-1, max-image-preview:large, max-video-preview:-1\" \/>\n<link rel=\"canonical\" href=\"http:\/\/quando.com.vn\/en\/product\/cong-tac-luu-luong-fpc04\/\" \/>\n<meta property=\"og:locale\" content=\"en_US\" \/>\n<meta property=\"og:type\" content=\"article\" \/>\n<meta property=\"og:title\" content=\"C\u00f4ng t\u1eafc l\u01b0u l\u01b0\u1ee3ng FPC04 \u2013 Thi\u1ebft k\u1ebf nh\u1ecf g\u1ecdn\" \/>\n<meta property=\"og:description\" content=\"FPC04 l\u00e0 c\u00f4ng t\u1eafc l\u01b0u l\u01b0\u1ee3ng d\u1ea1ng piston, v\u1ecf nh\u1ef1a ho\u1eb7c inox, IP65, k\u1ebft n\u1ed1i M12, d\u00f9ng cho n\u01b0\u1edbc, d\u1ea7u, kh\u00ed. \u1ee8ng d\u1ee5ng t\u1ed1t trong c\u00f4ng nghi\u1ec7p v\u00e0 HVAC...\" \/>\n<meta property=\"og:url\" content=\"http:\/\/quando.com.vn\/en\/product\/cong-tac-luu-luong-fpc04\/\" \/>\n<meta property=\"og:site_name\" content=\"QUANDO\" \/>\n<meta property=\"article:modified_time\" content=\"2025-07-15T06:31:48+00:00\" \/>\n<meta name=\"twitter:card\" content=\"summary_large_image\" \/>\n<meta name=\"twitter:image\" content=\"https:\/\/quando.com.vn\/wp-content\/uploads\/2025\/07\/eyc-fpc04-500x500-1.webp\" \/>\n<meta name=\"twitter:label1\" content=\"Est. reading time\" \/>\n\t<meta name=\"twitter:data1\" content=\"2 minutes\" \/>\n<script type=\"application\/ld+json\" class=\"yoast-schema-graph\">{\"@context\":\"https:\/\/schema.org\",\"@graph\":[{\"@type\":\"WebSite\",\"@id\":\"https:\/\/quando.com.vn\/en\/#website\",\"url\":\"https:\/\/quando.com.vn\/en\/\",\"name\":\"QUANDO\",\"description\":\"\",\"potentialAction\":[{\"@type\":\"SearchAction\",\"target\":{\"@type\":\"EntryPoint\",\"urlTemplate\":\"https:\/\/quando.com.vn\/en\/?s={search_term_string}\"},\"query-input\":\"required name=search_term_string\"}],\"inLanguage\":\"en-US\"},{\"@type\":\"ImageObject\",\"@id\":\"https:\/\/quando.com.vn\/san-pham\/cong-tac-luu-luong-fpc04\/#primaryimage\",\"inLanguage\":\"en-US\",\"url\":\"https:\/\/quando.com.vn\/wp-content\/uploads\/2025\/07\/eyc-fpc04-500x500-1.webp\",\"contentUrl\":\"https:\/\/quando.com.vn\/wp-content\/uploads\/2025\/07\/eyc-fpc04-500x500-1.webp\",\"width\":500,\"height\":500,\"caption\":\"flow switch FPC04 eyc-tech\"},{\"@type\":\"WebPage\",\"@id\":\"https:\/\/quando.com.vn\/san-pham\/cong-tac-luu-luong-fpc04\/#webpage\",\"url\":\"https:\/\/quando.com.vn\/san-pham\/cong-tac-luu-luong-fpc04\/\",\"name\":\"C\u00f4ng t\u1eafc l\u01b0u l\u01b0\u1ee3ng FPC04 \u2013 Thi\u1ebft k\u1ebf nh\u1ecf g\u1ecdn - QUANDO\",\"isPartOf\":{\"@id\":\"https:\/\/quando.com.vn\/en\/#website\"},\"primaryImageOfPage\":{\"@id\":\"https:\/\/quando.com.vn\/san-pham\/cong-tac-luu-luong-fpc04\/#primaryimage\"},\"datePublished\":\"2025-07-09T02:39:56+00:00\",\"dateModified\":\"2025-07-15T06:31:48+00:00\",\"description\":\"FPC04 l\u00e0 c\u00f4ng t\u1eafc l\u01b0u l\u01b0\u1ee3ng d\u1ea1ng piston, v\u1ecf nh\u1ef1a ho\u1eb7c inox, IP65, k\u1ebft n\u1ed1i M12, d\u00f9ng cho n\u01b0\u1edbc, d\u1ea7u, kh\u00ed. \u1ee8ng d\u1ee5ng t\u1ed1t trong c\u00f4ng nghi\u1ec7p v\u00e0 HVAC...\",\"breadcrumb\":{\"@id\":\"https:\/\/quando.com.vn\/san-pham\/cong-tac-luu-luong-fpc04\/#breadcrumb\"},\"inLanguage\":\"en-US\",\"potentialAction\":[{\"@type\":\"ReadAction\",\"target\":[\"https:\/\/quando.com.vn\/san-pham\/cong-tac-luu-luong-fpc04\/\"]}]},{\"@type\":\"BreadcrumbList\",\"@id\":\"https:\/\/quando.com.vn\/san-pham\/cong-tac-luu-luong-fpc04\/#breadcrumb\",\"itemListElement\":[{\"@type\":\"ListItem\",\"position\":1,\"name\":\"Trang ch\u1ee7\",\"item\":\"https:\/\/quando.com.vn\/\"},{\"@type\":\"ListItem\",\"position\":2,\"name\":\"S\u1ea3n ph\u1ea9m\",\"item\":\"https:\/\/quando.com.vn\/san-pham\/\"},{\"@type\":\"ListItem\",\"position\":3,\"name\":\"C\u00f4ng t\u1eafc l\u01b0u l\u01b0\u1ee3ng FPC04 \u2013 Thi\u1ebft k\u1ebf nh\u1ecf g\u1ecdn\"}]}]}<\/script>\n<!-- \/ Yoast SEO Premium plugin. -->","yoast_head_json":{"title":"C\u00f4ng t\u1eafc l\u01b0u l\u01b0\u1ee3ng FPC04 \u2013 Thi\u1ebft k\u1ebf nh\u1ecf g\u1ecdn - QUANDO","description":"FPC04 l\u00e0 c\u00f4ng t\u1eafc l\u01b0u l\u01b0\u1ee3ng d\u1ea1ng piston, v\u1ecf nh\u1ef1a ho\u1eb7c inox, IP65, k\u1ebft n\u1ed1i M12, d\u00f9ng cho n\u01b0\u1edbc, d\u1ea7u, kh\u00ed. \u1ee8ng d\u1ee5ng t\u1ed1t trong c\u00f4ng nghi\u1ec7p v\u00e0 HVAC...","robots":{"index":"index","follow":"follow","max-snippet":"max-snippet:-1","max-image-preview":"max-image-preview:large","max-video-preview":"max-video-preview:-1"},"canonical":"http:\/\/quando.com.vn\/en\/product\/cong-tac-luu-luong-fpc04\/","og_locale":"en_US","og_type":"article","og_title":"C\u00f4ng t\u1eafc l\u01b0u l\u01b0\u1ee3ng FPC04 \u2013 Thi\u1ebft k\u1ebf nh\u1ecf g\u1ecdn","og_description":"FPC04 l\u00e0 c\u00f4ng t\u1eafc l\u01b0u l\u01b0\u1ee3ng d\u1ea1ng piston, v\u1ecf nh\u1ef1a ho\u1eb7c inox, IP65, k\u1ebft n\u1ed1i M12, d\u00f9ng cho n\u01b0\u1edbc, d\u1ea7u, kh\u00ed. \u1ee8ng d\u1ee5ng t\u1ed1t trong c\u00f4ng nghi\u1ec7p v\u00e0 HVAC...","og_url":"http:\/\/quando.com.vn\/en\/product\/cong-tac-luu-luong-fpc04\/","og_site_name":"QUANDO","article_modified_time":"2025-07-15T06:31:48+00:00","twitter_card":"summary_large_image","twitter_image":"https:\/\/quando.com.vn\/wp-content\/uploads\/2025\/07\/eyc-fpc04-500x500-1.webp","twitter_misc":{"Est. reading time":"2 minutes"},"schema":{"@context":"https:\/\/schema.org","@graph":[{"@type":"WebSite","@id":"https:\/\/quando.com.vn\/en\/#website","url":"https:\/\/quando.com.vn\/en\/","name":"QUANDO","description":"","potentialAction":[{"@type":"SearchAction","target":{"@type":"EntryPoint","urlTemplate":"https:\/\/quando.com.vn\/en\/?s={search_term_string}"},"query-input":"required name=search_term_string"}],"inLanguage":"en-US"},{"@type":"ImageObject","@id":"https:\/\/quando.com.vn\/san-pham\/cong-tac-luu-luong-fpc04\/#primaryimage","inLanguage":"en-US","url":"https:\/\/quando.com.vn\/wp-content\/uploads\/2025\/07\/eyc-fpc04-500x500-1.webp","contentUrl":"https:\/\/quando.com.vn\/wp-content\/uploads\/2025\/07\/eyc-fpc04-500x500-1.webp","width":500,"height":500,"caption":"flow switch FPC04 eyc-tech"},{"@type":"WebPage","@id":"https:\/\/quando.com.vn\/san-pham\/cong-tac-luu-luong-fpc04\/#webpage","url":"https:\/\/quando.com.vn\/san-pham\/cong-tac-luu-luong-fpc04\/","name":"C\u00f4ng t\u1eafc l\u01b0u l\u01b0\u1ee3ng FPC04 \u2013 Thi\u1ebft k\u1ebf nh\u1ecf g\u1ecdn - QUANDO","isPartOf":{"@id":"https:\/\/quando.com.vn\/en\/#website"},"primaryImageOfPage":{"@id":"https:\/\/quando.com.vn\/san-pham\/cong-tac-luu-luong-fpc04\/#primaryimage"},"datePublished":"2025-07-09T02:39:56+00:00","dateModified":"2025-07-15T06:31:48+00:00","description":"FPC04 l\u00e0 c\u00f4ng t\u1eafc l\u01b0u l\u01b0\u1ee3ng d\u1ea1ng piston, v\u1ecf nh\u1ef1a ho\u1eb7c inox, IP65, k\u1ebft n\u1ed1i M12, d\u00f9ng cho n\u01b0\u1edbc, d\u1ea7u, kh\u00ed. \u1ee8ng d\u1ee5ng t\u1ed1t trong c\u00f4ng nghi\u1ec7p v\u00e0 HVAC...","breadcrumb":{"@id":"https:\/\/quando.com.vn\/san-pham\/cong-tac-luu-luong-fpc04\/#breadcrumb"},"inLanguage":"en-US","potentialAction":[{"@type":"ReadAction","target":["https:\/\/quando.com.vn\/san-pham\/cong-tac-luu-luong-fpc04\/"]}]},{"@type":"BreadcrumbList","@id":"https:\/\/quando.com.vn\/san-pham\/cong-tac-luu-luong-fpc04\/#breadcrumb","itemListElement":[{"@type":"ListItem","position":1,"name":"Trang ch\u1ee7","item":"https:\/\/quando.com.vn\/"},{"@type":"ListItem","position":2,"name":"S\u1ea3n ph\u1ea9m","item":"https:\/\/quando.com.vn\/san-pham\/"},{"@type":"ListItem","position":3,"name":"C\u00f4ng t\u1eafc l\u01b0u l\u01b0\u1ee3ng FPC04 \u2013 Thi\u1ebft k\u1ebf nh\u1ecf g\u1ecdn"}]}]}},"_links":{"self":[{"href":"http:\/\/quando.com.vn\/en\/wp-json\/wp\/v2\/product\/7309"}],"collection":[{"href":"http:\/\/quando.com.vn\/en\/wp-json\/wp\/v2\/product"}],"about":[{"href":"http:\/\/quando.com.vn\/en\/wp-json\/wp\/v2\/types\/product"}],"wp:featuredmedia":[{"embeddable":true,"href":"http:\/\/quando.com.vn\/en\/wp-json\/wp\/v2\/media\/7310"}],"wp:attachment":[{"href":"http:\/\/quando.com.vn\/en\/wp-json\/wp\/v2\/media?parent=7309"}],"wp:term":[{"taxonomy":"product_cat","embeddable":true,"href":"http:\/\/quando.com.vn\/en\/wp-json\/wp\/v2\/product_cat?post=7309"},{"taxonomy":"product_tag","embeddable":true,"href":"http:\/\/quando.com.vn\/en\/wp-json\/wp\/v2\/product_tag?post=7309"}],"curies":[{"name":"wp","href":"https:\/\/api.w.org\/{rel}","templated":true}]}}