{"id":7212,"date":"2025-07-02T14:49:40","date_gmt":"2025-07-02T07:49:40","guid":{"rendered":"https:\/\/quando.com.vn\/?post_type=product&#038;p=7212"},"modified":"2025-07-02T14:49:40","modified_gmt":"2025-07-02T07:49:40","slug":"dong-ho-do-luu-luong-chat-long-kieu-the-tich-mt-abr","status":"publish","type":"product","link":"http:\/\/quando.com.vn\/en\/product\/dong-ho-do-luu-luong-chat-long-kieu-the-tich-mt-abr\/","title":{"rendered":"\u0110\u1ed3ng h\u1ed3 \u0111o l\u01b0u l\u01b0\u1ee3ng ch\u1ea5t l\u1ecfng ki\u1ec3u th\u1ec3 t\u00edch MT-ABR"},"content":{"rendered":"<h3>MT-ABR \u2013 \u0110\u1ed3ng h\u1ed3 \u0111o l\u01b0u l\u01b0\u1ee3ng ch\u1ea5t l\u1ecfng ki\u1ec3u th\u1ec3 t\u00edch c\u01b0\u1ee1ng b\u1ee9c hai b\u00e1nh r\u0103ng<\/h3>\n<p><strong>MT-ABR<\/strong> l\u00e0 d\u00f2ng \u0111\u1ed3ng h\u1ed3 \u0111o l\u01b0u l\u01b0\u1ee3ng th\u1ec3 t\u00edch ki\u1ec3u hai b\u00e1nh r\u0103ng (bi-rotor) ch\u00ednh x\u00e1c cao, l\u00fd t\u01b0\u1edfng cho c\u00e1c \u1ee9ng d\u1ee5ng \u0111o d\u1ea7u, nhi\u00ean li\u1ec7u, h\u00f3a ch\u1ea5t v\u1edbi \u0111\u1ed9 ch\u00ednh x\u00e1c l\u00ean t\u1edbi \u00b10.1% v\u00e0 \u00e1p su\u1ea5t v\u1eadn h\u00e0nh t\u1ed1i \u0111a l\u00ean \u0111\u1ebfn 110 bar. Thi\u1ebft k\u1ebf rotor xo\u1eafn \u1ed1c \u0111\u1ed9c \u0111\u00e1o gi\u00fap gi\u1ea3m \u00e1p su\u1ea5t r\u01a1i, ch\u1ed1ng nhi\u1ec5u t\u1ed1t v\u00e0 k\u00e9o d\u00e0i tu\u1ed5i th\u1ecd thi\u1ebft b\u1ecb.<\/p>\n<table>\n<tbody>\n<tr>\n<td><strong>M\u00e3 s\u1ea3n ph\u1ea9m<\/strong><\/td>\n<td>MT-ABR<\/td>\n<\/tr>\n<tr>\n<td><strong>\u0110\u01b0\u1eddng k\u00ednh danh \u0111\u1ecbnh<\/strong><\/td>\n<td>DN 15 \u0111\u1ebfn 400 (\u00bd&#8221; \u0111\u1ebfn 16&#8243;)<\/td>\n<\/tr>\n<tr>\n<td><strong>V\u1eadt li\u1ec7u \u01b0\u1edbt<\/strong><\/td>\n<td>Th\u00e2n: 304, 316\/316L SS; Rotor: 2Cr13, 304, 316\/316L SS<\/td>\n<\/tr>\n<tr>\n<td><strong>\u0110\u1ed9 ch\u00ednh x\u00e1c<\/strong><\/td>\n<td>\u00b10.5 %, Tu\u1ef3 ch\u1ecdn: \u00b10.2 %, \u00b10.1 %<\/td>\n<\/tr>\n<tr>\n<td><strong>\u0110\u1ed9 l\u1eb7p l\u1ea1i<\/strong><\/td>\n<td>\u00b10.25 %, Tu\u1ef3 ch\u1ecdn: \u00b10.1 %, \u00b10.05 %<\/td>\n<\/tr>\n<tr>\n<td><strong>D\u1ea3i \u0111o<\/strong><\/td>\n<td>0.3 \u0111\u1ebfn 1800 m\u00b3\/h<\/td>\n<\/tr>\n<tr>\n<td><strong>\u00c1p su\u1ea5t v\u1eadn h\u00e0nh t\u1ed1i \u0111a<\/strong><\/td>\n<td>110 bar (1595 psi)<\/td>\n<\/tr>\n<tr>\n<td><strong>Nhi\u1ec7t \u0111\u1ed9 l\u01b0u ch\u1ea5t<\/strong><\/td>\n<td>Chu\u1ea9n: -20 \u0111\u1ebfn +100\u00b0C, Tu\u1ef3 ch\u1ecdn: -20 \u0111\u1ebfn +250\u00b0C<\/td>\n<\/tr>\n<tr>\n<td><strong>Nhi\u1ec7t \u0111\u1ed9 m\u00f4i tr\u01b0\u1eddng<\/strong><\/td>\n<td>Chu\u1ea9n: -20 \u0111\u1ebfn +55\u00b0C, Tu\u1ef3 ch\u1ecdn: -30 \u0111\u1ebfn +70\u00b0C<\/td>\n<\/tr>\n<tr>\n<td><strong>Ng\u00f5 ra<\/strong><\/td>\n<td>4-20 mA, xung<\/td>\n<\/tr>\n<tr>\n<td><strong>Giao ti\u1ebfp s\u1ed1<\/strong><\/td>\n<td>Modbus\/RS-485 (HART theo y\u00eau c\u1ea7u)<\/td>\n<\/tr>\n<tr>\n<td><strong>Ngu\u1ed3n c\u1ea5p<\/strong><\/td>\n<td>DC 12 \u0111\u1ebfn 24 V<\/td>\n<\/tr>\n<tr>\n<td><strong>K\u1ebft n\u1ed1i qu\u00e1 tr\u00ecnh<\/strong><\/td>\n<td>Ki\u1ec3u m\u1eb7t b\u00edch (t\u00f9y ch\u1ecdn kh\u00e1c theo y\u00eau c\u1ea7u)<\/td>\n<\/tr>\n<tr>\n<td><strong>M\u1ee9c b\u1ea3o v\u1ec7<\/strong><\/td>\n<td>IP66<\/td>\n<\/tr>\n<\/tbody>\n<\/table>\n<h4>\u1ee8ng d\u1ee5ng<\/h4>\n<ul>\n<li>Ng\u00e0nh d\u1ea7u kh\u00ed<\/li>\n<li>Ng\u00e0nh n\u01b0\u1edbc v\u00e0 x\u1eed l\u00fd n\u01b0\u1edbc th\u1ea3i<\/li>\n<li>Ng\u00e0nh h\u00f3a ch\u1ea5t v\u00e0 h\u1ec7 th\u1ed1ng pha h\u00f3a ch\u1ea5t<\/li>\n<li>Nh\u00e0 m\u00e1y \u0111i\u1ec7n<\/li>\n<li>D\u01b0\u1ee3c ph\u1ea9m<\/li>\n<li>Th\u1ef1c ph\u1ea9m v\u00e0 \u0111\u1ed3 u\u1ed1ng<\/li>\n<li>Gi\u1ea5y v\u00e0 b\u1ed9t gi\u1ea5y<\/li>\n<li>Ng\u00e0nh luy\u1ec7n kim v\u00e0 khai th\u00e1c m\u1ecf<\/li>\n<li>Ng\u00e0nh h\u00e0ng kh\u00f4ng v\u0169 tr\u1ee5<\/li>\n<li>H\u1ec7 th\u1ed1ng ki\u1ec3m tra th\u1ee7y l\u1ef1c<\/li>\n<\/ul>","protected":false},"excerpt":{"rendered":"<p>&#8211; \u0110\u1ed9 ch\u00ednh x\u00e1c ti\u00eau chu\u1ea9n: \u00b10.5 %, t\u00f9y ch\u1ecdn: \u00b10.2 %; \u00b10.1 %<br \/>\n&#8211; D\u1ea3i l\u01b0u l\u01b0\u1ee3ng r\u1ed9ng t\u1eeb 0.3 \u0111\u1ebfn 1800 m\u00b3\/h<br \/>\n&#8211; \u0110\u01b0\u1eddng k\u00ednh \u1ed1ng: DN 15 to 400 (\u00bd&#8221; to 16&#8243;)<br \/>\n&#8211; \u00c1p su\u1ea5t l\u00e0m vi\u1ec7c t\u1ed1i \u0111a 110 bar, ch\u1ecbu nhi\u1ec7t l\u00ean t\u1edbi 250\u00b0C<br \/>\n&#8211; Thi\u1ebft k\u1ebf b\u00e1nh r\u0103ng xo\u1eafn gi\u00fap gi\u1ea3m rung, t\u0103ng \u0111\u1ed9 b\u1ec1n<\/p>","protected":false},"featured_media":7214,"template":"","meta":[],"product_cat":[442,497,499,416,444,484,488,508],"product_tag":[],"acf":[],"yoast_head":"<!-- This site is optimized with the Yoast SEO Premium plugin v18.4 (Yoast SEO v18.6) - https:\/\/yoast.com\/wordpress\/plugins\/seo\/ -->\n<title>\u0110\u1ed3ng h\u1ed3 \u0111o l\u01b0u l\u01b0\u1ee3ng ch\u1ea5t l\u1ecfng ki\u1ec3u th\u1ec3 t\u00edch MT-ABR - QUANDO<\/title>\n<meta name=\"description\" content=\"MT-ABR l\u00e0 d\u00f2ng \u0111\u1ed3ng h\u1ed3 \u0111o l\u01b0u l\u01b0\u1ee3ng th\u1ec3 t\u00edch ki\u1ec3u hai b\u00e1nh r\u0103ng (bi-rotor) ch\u00ednh x\u00e1c cao, l\u00fd t\u01b0\u1edfng cho c\u00e1c \u1ee9ng d\u1ee5ng \u0111o d\u1ea7u, nhi\u00ean li\u1ec7u, h\u00f3a ch\u1ea5t v\u1edbi \u0111\u1ed9 ch\u00ednh x\u00e1c l\u00ean t\u1edbi \u00b10.1% v\u00e0 \u00e1p su\u1ea5t v\u1eadn h\u00e0nh t\u1ed1i \u0111a l\u00ean \u0111\u1ebfn 110 bar\" \/>\n<meta name=\"robots\" content=\"index, follow, max-snippet:-1, max-image-preview:large, max-video-preview:-1\" \/>\n<link rel=\"canonical\" href=\"http:\/\/quando.com.vn\/en\/product\/dong-ho-do-luu-luong-chat-long-kieu-the-tich-mt-abr\/\" \/>\n<meta property=\"og:locale\" content=\"en_US\" \/>\n<meta property=\"og:type\" content=\"article\" \/>\n<meta property=\"og:title\" content=\"\u0110\u1ed3ng h\u1ed3 \u0111o l\u01b0u l\u01b0\u1ee3ng ch\u1ea5t l\u1ecfng ki\u1ec3u th\u1ec3 t\u00edch MT-ABR\" \/>\n<meta property=\"og:description\" content=\"MT-ABR l\u00e0 d\u00f2ng \u0111\u1ed3ng h\u1ed3 \u0111o l\u01b0u l\u01b0\u1ee3ng th\u1ec3 t\u00edch ki\u1ec3u hai b\u00e1nh r\u0103ng (bi-rotor) ch\u00ednh x\u00e1c cao, l\u00fd t\u01b0\u1edfng cho c\u00e1c \u1ee9ng d\u1ee5ng \u0111o d\u1ea7u, nhi\u00ean li\u1ec7u, h\u00f3a ch\u1ea5t v\u1edbi \u0111\u1ed9 ch\u00ednh x\u00e1c l\u00ean t\u1edbi \u00b10.1% v\u00e0 \u00e1p su\u1ea5t v\u1eadn h\u00e0nh t\u1ed1i \u0111a l\u00ean \u0111\u1ebfn 110 bar\" \/>\n<meta property=\"og:url\" content=\"http:\/\/quando.com.vn\/en\/product\/dong-ho-do-luu-luong-chat-long-kieu-the-tich-mt-abr\/\" \/>\n<meta property=\"og:site_name\" content=\"QUANDO\" \/>\n<meta property=\"og:image\" content=\"https:\/\/quando.com.vn\/wp-content\/uploads\/2025\/07\/bi-rotor-positive-displacement-flow-meter.jpg\" \/>\n\t<meta property=\"og:image:width\" content=\"800\" \/>\n\t<meta property=\"og:image:height\" content=\"800\" \/>\n\t<meta property=\"og:image:type\" content=\"image\/jpeg\" \/>\n<meta name=\"twitter:card\" content=\"summary_large_image\" \/>\n<meta name=\"twitter:label1\" content=\"Est. reading time\" \/>\n\t<meta name=\"twitter:data1\" content=\"2 minutes\" \/>\n<script type=\"application\/ld+json\" class=\"yoast-schema-graph\">{\"@context\":\"https:\/\/schema.org\",\"@graph\":[{\"@type\":\"WebSite\",\"@id\":\"https:\/\/quando.com.vn\/en\/#website\",\"url\":\"https:\/\/quando.com.vn\/en\/\",\"name\":\"QUANDO\",\"description\":\"\",\"potentialAction\":[{\"@type\":\"SearchAction\",\"target\":{\"@type\":\"EntryPoint\",\"urlTemplate\":\"https:\/\/quando.com.vn\/en\/?s={search_term_string}\"},\"query-input\":\"required name=search_term_string\"}],\"inLanguage\":\"en-US\"},{\"@type\":\"ImageObject\",\"@id\":\"https:\/\/quando.com.vn\/san-pham\/dong-ho-do-luu-luong-chat-long-kieu-the-tich-mt-abr\/#primaryimage\",\"inLanguage\":\"en-US\",\"url\":\"https:\/\/quando.com.vn\/wp-content\/uploads\/2025\/07\/bi-rotor-positive-displacement-flow-meter.jpg\",\"contentUrl\":\"https:\/\/quando.com.vn\/wp-content\/uploads\/2025\/07\/bi-rotor-positive-displacement-flow-meter.jpg\",\"width\":800,\"height\":800,\"caption\":\"\u0110\u1ed3ng h\u1ed3 \u0111o l\u01b0u l\u01b0\u1ee3ng th\u1ec3 t\u00edch MT-ABR\"},{\"@type\":\"WebPage\",\"@id\":\"https:\/\/quando.com.vn\/san-pham\/dong-ho-do-luu-luong-chat-long-kieu-the-tich-mt-abr\/#webpage\",\"url\":\"https:\/\/quando.com.vn\/san-pham\/dong-ho-do-luu-luong-chat-long-kieu-the-tich-mt-abr\/\",\"name\":\"\u0110\u1ed3ng h\u1ed3 \u0111o l\u01b0u l\u01b0\u1ee3ng ch\u1ea5t l\u1ecfng ki\u1ec3u th\u1ec3 t\u00edch MT-ABR - QUANDO\",\"isPartOf\":{\"@id\":\"https:\/\/quando.com.vn\/en\/#website\"},\"primaryImageOfPage\":{\"@id\":\"https:\/\/quando.com.vn\/san-pham\/dong-ho-do-luu-luong-chat-long-kieu-the-tich-mt-abr\/#primaryimage\"},\"datePublished\":\"2025-07-02T07:49:40+00:00\",\"dateModified\":\"2025-07-02T07:49:40+00:00\",\"description\":\"MT-ABR l\u00e0 d\u00f2ng \u0111\u1ed3ng h\u1ed3 \u0111o l\u01b0u l\u01b0\u1ee3ng th\u1ec3 t\u00edch ki\u1ec3u hai b\u00e1nh r\u0103ng (bi-rotor) ch\u00ednh x\u00e1c cao, l\u00fd t\u01b0\u1edfng cho c\u00e1c \u1ee9ng d\u1ee5ng \u0111o d\u1ea7u, nhi\u00ean li\u1ec7u, h\u00f3a ch\u1ea5t v\u1edbi \u0111\u1ed9 ch\u00ednh x\u00e1c l\u00ean t\u1edbi \u00b10.1% v\u00e0 \u00e1p su\u1ea5t v\u1eadn h\u00e0nh t\u1ed1i \u0111a l\u00ean \u0111\u1ebfn 110 bar\",\"breadcrumb\":{\"@id\":\"https:\/\/quando.com.vn\/san-pham\/dong-ho-do-luu-luong-chat-long-kieu-the-tich-mt-abr\/#breadcrumb\"},\"inLanguage\":\"en-US\",\"potentialAction\":[{\"@type\":\"ReadAction\",\"target\":[\"https:\/\/quando.com.vn\/san-pham\/dong-ho-do-luu-luong-chat-long-kieu-the-tich-mt-abr\/\"]}]},{\"@type\":\"BreadcrumbList\",\"@id\":\"https:\/\/quando.com.vn\/san-pham\/dong-ho-do-luu-luong-chat-long-kieu-the-tich-mt-abr\/#breadcrumb\",\"itemListElement\":[{\"@type\":\"ListItem\",\"position\":1,\"name\":\"Trang ch\u1ee7\",\"item\":\"https:\/\/quando.com.vn\/\"},{\"@type\":\"ListItem\",\"position\":2,\"name\":\"S\u1ea3n ph\u1ea9m\",\"item\":\"https:\/\/quando.com.vn\/san-pham\/\"},{\"@type\":\"ListItem\",\"position\":3,\"name\":\"\u0110\u1ed3ng h\u1ed3 \u0111o l\u01b0u l\u01b0\u1ee3ng ch\u1ea5t l\u1ecfng ki\u1ec3u th\u1ec3 t\u00edch MT-ABR\"}]}]}<\/script>\n<!-- \/ Yoast SEO Premium plugin. -->","yoast_head_json":{"title":"\u0110\u1ed3ng h\u1ed3 \u0111o l\u01b0u l\u01b0\u1ee3ng ch\u1ea5t l\u1ecfng ki\u1ec3u th\u1ec3 t\u00edch MT-ABR - QUANDO","description":"MT-ABR l\u00e0 d\u00f2ng \u0111\u1ed3ng h\u1ed3 \u0111o l\u01b0u l\u01b0\u1ee3ng th\u1ec3 t\u00edch ki\u1ec3u hai b\u00e1nh r\u0103ng (bi-rotor) ch\u00ednh x\u00e1c cao, l\u00fd t\u01b0\u1edfng cho c\u00e1c \u1ee9ng d\u1ee5ng \u0111o d\u1ea7u, nhi\u00ean li\u1ec7u, h\u00f3a ch\u1ea5t v\u1edbi \u0111\u1ed9 ch\u00ednh x\u00e1c l\u00ean t\u1edbi \u00b10.1% v\u00e0 \u00e1p su\u1ea5t v\u1eadn h\u00e0nh t\u1ed1i \u0111a l\u00ean \u0111\u1ebfn 110 bar","robots":{"index":"index","follow":"follow","max-snippet":"max-snippet:-1","max-image-preview":"max-image-preview:large","max-video-preview":"max-video-preview:-1"},"canonical":"http:\/\/quando.com.vn\/en\/product\/dong-ho-do-luu-luong-chat-long-kieu-the-tich-mt-abr\/","og_locale":"en_US","og_type":"article","og_title":"\u0110\u1ed3ng h\u1ed3 \u0111o l\u01b0u l\u01b0\u1ee3ng ch\u1ea5t l\u1ecfng ki\u1ec3u th\u1ec3 t\u00edch MT-ABR","og_description":"MT-ABR l\u00e0 d\u00f2ng \u0111\u1ed3ng h\u1ed3 \u0111o l\u01b0u l\u01b0\u1ee3ng th\u1ec3 t\u00edch ki\u1ec3u hai b\u00e1nh r\u0103ng (bi-rotor) ch\u00ednh x\u00e1c cao, l\u00fd t\u01b0\u1edfng cho c\u00e1c \u1ee9ng d\u1ee5ng \u0111o d\u1ea7u, nhi\u00ean li\u1ec7u, h\u00f3a ch\u1ea5t v\u1edbi \u0111\u1ed9 ch\u00ednh x\u00e1c l\u00ean t\u1edbi \u00b10.1% v\u00e0 \u00e1p su\u1ea5t v\u1eadn h\u00e0nh t\u1ed1i \u0111a l\u00ean \u0111\u1ebfn 110 bar","og_url":"http:\/\/quando.com.vn\/en\/product\/dong-ho-do-luu-luong-chat-long-kieu-the-tich-mt-abr\/","og_site_name":"QUANDO","og_image":[{"width":800,"height":800,"url":"https:\/\/quando.com.vn\/wp-content\/uploads\/2025\/07\/bi-rotor-positive-displacement-flow-meter.jpg","type":"image\/jpeg"}],"twitter_card":"summary_large_image","twitter_misc":{"Est. reading time":"2 minutes"},"schema":{"@context":"https:\/\/schema.org","@graph":[{"@type":"WebSite","@id":"https:\/\/quando.com.vn\/en\/#website","url":"https:\/\/quando.com.vn\/en\/","name":"QUANDO","description":"","potentialAction":[{"@type":"SearchAction","target":{"@type":"EntryPoint","urlTemplate":"https:\/\/quando.com.vn\/en\/?s={search_term_string}"},"query-input":"required name=search_term_string"}],"inLanguage":"en-US"},{"@type":"ImageObject","@id":"https:\/\/quando.com.vn\/san-pham\/dong-ho-do-luu-luong-chat-long-kieu-the-tich-mt-abr\/#primaryimage","inLanguage":"en-US","url":"https:\/\/quando.com.vn\/wp-content\/uploads\/2025\/07\/bi-rotor-positive-displacement-flow-meter.jpg","contentUrl":"https:\/\/quando.com.vn\/wp-content\/uploads\/2025\/07\/bi-rotor-positive-displacement-flow-meter.jpg","width":800,"height":800,"caption":"\u0110\u1ed3ng h\u1ed3 \u0111o l\u01b0u l\u01b0\u1ee3ng th\u1ec3 t\u00edch MT-ABR"},{"@type":"WebPage","@id":"https:\/\/quando.com.vn\/san-pham\/dong-ho-do-luu-luong-chat-long-kieu-the-tich-mt-abr\/#webpage","url":"https:\/\/quando.com.vn\/san-pham\/dong-ho-do-luu-luong-chat-long-kieu-the-tich-mt-abr\/","name":"\u0110\u1ed3ng h\u1ed3 \u0111o l\u01b0u l\u01b0\u1ee3ng ch\u1ea5t l\u1ecfng ki\u1ec3u th\u1ec3 t\u00edch MT-ABR - QUANDO","isPartOf":{"@id":"https:\/\/quando.com.vn\/en\/#website"},"primaryImageOfPage":{"@id":"https:\/\/quando.com.vn\/san-pham\/dong-ho-do-luu-luong-chat-long-kieu-the-tich-mt-abr\/#primaryimage"},"datePublished":"2025-07-02T07:49:40+00:00","dateModified":"2025-07-02T07:49:40+00:00","description":"MT-ABR l\u00e0 d\u00f2ng \u0111\u1ed3ng h\u1ed3 \u0111o l\u01b0u l\u01b0\u1ee3ng th\u1ec3 t\u00edch ki\u1ec3u hai b\u00e1nh r\u0103ng (bi-rotor) ch\u00ednh x\u00e1c cao, l\u00fd t\u01b0\u1edfng cho c\u00e1c \u1ee9ng d\u1ee5ng \u0111o d\u1ea7u, nhi\u00ean li\u1ec7u, h\u00f3a ch\u1ea5t v\u1edbi \u0111\u1ed9 ch\u00ednh x\u00e1c l\u00ean t\u1edbi \u00b10.1% v\u00e0 \u00e1p su\u1ea5t v\u1eadn h\u00e0nh t\u1ed1i \u0111a l\u00ean \u0111\u1ebfn 110 bar","breadcrumb":{"@id":"https:\/\/quando.com.vn\/san-pham\/dong-ho-do-luu-luong-chat-long-kieu-the-tich-mt-abr\/#breadcrumb"},"inLanguage":"en-US","potentialAction":[{"@type":"ReadAction","target":["https:\/\/quando.com.vn\/san-pham\/dong-ho-do-luu-luong-chat-long-kieu-the-tich-mt-abr\/"]}]},{"@type":"BreadcrumbList","@id":"https:\/\/quando.com.vn\/san-pham\/dong-ho-do-luu-luong-chat-long-kieu-the-tich-mt-abr\/#breadcrumb","itemListElement":[{"@type":"ListItem","position":1,"name":"Trang ch\u1ee7","item":"https:\/\/quando.com.vn\/"},{"@type":"ListItem","position":2,"name":"S\u1ea3n ph\u1ea9m","item":"https:\/\/quando.com.vn\/san-pham\/"},{"@type":"ListItem","position":3,"name":"\u0110\u1ed3ng h\u1ed3 \u0111o l\u01b0u l\u01b0\u1ee3ng ch\u1ea5t l\u1ecfng ki\u1ec3u th\u1ec3 t\u00edch MT-ABR"}]}]}},"_links":{"self":[{"href":"http:\/\/quando.com.vn\/en\/wp-json\/wp\/v2\/product\/7212"}],"collection":[{"href":"http:\/\/quando.com.vn\/en\/wp-json\/wp\/v2\/product"}],"about":[{"href":"http:\/\/quando.com.vn\/en\/wp-json\/wp\/v2\/types\/product"}],"wp:featuredmedia":[{"embeddable":true,"href":"http:\/\/quando.com.vn\/en\/wp-json\/wp\/v2\/media\/7214"}],"wp:attachment":[{"href":"http:\/\/quando.com.vn\/en\/wp-json\/wp\/v2\/media?parent=7212"}],"wp:term":[{"taxonomy":"product_cat","embeddable":true,"href":"http:\/\/quando.com.vn\/en\/wp-json\/wp\/v2\/product_cat?post=7212"},{"taxonomy":"product_tag","embeddable":true,"href":"http:\/\/quando.com.vn\/en\/wp-json\/wp\/v2\/product_tag?post=7212"}],"curies":[{"name":"wp","href":"https:\/\/api.w.org\/{rel}","templated":true}]}}