{"id":7191,"date":"2025-07-02T10:25:04","date_gmt":"2025-07-02T03:25:04","guid":{"rendered":"https:\/\/quando.com.vn\/?post_type=product&#038;p=7191"},"modified":"2025-07-02T16:57:33","modified_gmt":"2025-07-02T09:57:33","slug":"dong-ho-do-luu-luong-dien-tu-mat-bich-mtf-f-100-cua-metlan-instruments","status":"publish","type":"product","link":"http:\/\/quando.com.vn\/en\/product\/dong-ho-do-luu-luong-dien-tu-mat-bich-mtf-f-100-cua-metlan-instruments\/","title":{"rendered":"\u0110\u1ed3ng h\u1ed3 \u0111o l\u01b0u l\u01b0\u1ee3ng \u0111i\u1ec7n t\u1eeb m\u1eb7t b\u00edch MTF-F-100 c\u1ee7a Metlan Instruments"},"content":{"rendered":"<h1>\u0110\u1ed3ng h\u1ed3 \u0111o l\u01b0u l\u01b0\u1ee3ng \u0111i\u1ec7n t\u1eeb MTF-F-100 \u2013 Ki\u1ec3u m\u1eb7t b\u00edch, nh\u1ecf g\u1ecdn<\/h1>\n<p><strong>MTF-F-100<\/strong> l\u00e0 d\u00f2ng \u0111\u1ed3ng h\u1ed3 \u0111o l\u01b0u l\u01b0\u1ee3ng \u0111i\u1ec7n t\u1eeb d\u1ea1ng m\u1eb7t b\u00edch (flanged) nh\u1ecf g\u1ecdn, chuy\u00ean d\u00f9ng cho c\u00e1c \u1ee9ng d\u1ee5ng c\u00f4ng nghi\u1ec7p v\u1edbi y\u00eau c\u1ea7u \u0111o l\u01b0\u1eddng ch\u00ednh x\u00e1c, v\u1eadn h\u00e0nh \u1ed5n \u0111\u1ecbnh v\u00e0 tu\u1ed5i th\u1ecd cao. Thi\u1ebft b\u1ecb cung c\u1ea5p nhi\u1ec1u t\u00f9y ch\u1ecdn v\u1eadt li\u1ec7u l\u1edbp l\u00f3t v\u00e0 \u0111i\u1ec7n c\u1ef1c \u0111\u1ec3 th\u00edch nghi v\u1edbi m\u1ecdi m\u00f4i ch\u1ea5t, t\u1eeb n\u01b0\u1edbc s\u1ea1ch \u0111\u1ebfn h\u00f3a ch\u1ea5t \u0103n m\u00f2n v\u00e0 b\u00f9n \u0111\u1eb7c.<\/p>\n<h3>\u01afu \u0111i\u1ec3m n\u1ed5i b\u1eadt c\u1ee7a MTF-F-100<\/h3>\n<ul>\n<li>Thi\u1ebft k\u1ebf m\u1eb7t b\u00edch nh\u1ecf g\u1ecdn, l\u1eafp \u0111\u1eb7t tr\u1ef1c ti\u1ebfp, ti\u1ebft ki\u1ec7m kh\u00f4ng gian<\/li>\n<li>\u0110o ch\u00ednh x\u00e1c l\u01b0u l\u01b0\u1ee3ng ch\u1ea5t l\u1ecfng d\u1eabn \u0111i\u1ec7n t\u1eeb th\u1ea5p \u0111\u1ebfn r\u1ea5t cao<\/li>\n<li>Kh\u00f4ng b\u1ed9 ph\u1eadn chuy\u1ec3n \u0111\u1ed9ng \u2192 kh\u00f4ng m\u00e0i m\u00f2n, kh\u00f4ng t\u1ed5n th\u1ea5t \u00e1p su\u1ea5t<\/li>\n<li>V\u1eadn h\u00e0nh \u1ed5n \u0111\u1ecbnh b\u1ea5t k\u1ec3 \u00e1p su\u1ea5t, nhi\u1ec7t \u0111\u1ed9, \u0111\u1ed9 nh\u1edbt c\u1ee7a m\u00f4i ch\u1ea5t<\/li>\n<li>Hi\u1ec3n th\u1ecb LCD h\u1ed7 tr\u1ee3 \u0111a ng\u00f4n ng\u1eef, d\u1ec5 v\u1eadn h\u00e0nh<\/li>\n<\/ul>\n<h3>\u1ee8ng d\u1ee5ng ti\u00eau bi\u1ec3u c\u1ee7a \u0111\u1ed3ng h\u1ed3 MTF-F-100<\/h3>\n<ul>\n<li>\u0110o n\u01b0\u1edbc s\u1ea1ch, n\u01b0\u1edbc th\u1ea3i, n\u01b0\u1edbc tu\u1ea7n ho\u00e0n trong c\u00f4ng nghi\u1ec7p<\/li>\n<li>\u0110o l\u01b0u l\u01b0\u1ee3ng h\u00f3a ch\u1ea5t \u0103n m\u00f2n, baz\u01a1 m\u1ea1nh, axit \u0111\u1eadm \u0111\u1eb7c<\/li>\n<li>B\u01a1m keo t\u1ee5, x\u1eed l\u00fd b\u00f9n, slurry ch\u1ee9a h\u1ea1t r\u1eafn trong khai kho\u00e1ng<\/li>\n<li>Ng\u00e0nh gi\u1ea5y v\u00e0 b\u1ed9t gi\u1ea5y \u2013 m\u00f4i ch\u1ea5t ch\u1ee9a s\u1ee3i, h\u00f3a ch\u1ea5t t\u1ea9y<\/li>\n<li>D\u1ea7u kh\u00ed \u2013 x\u1eed l\u00fd n\u01b0\u1edbc s\u1ea3n xu\u1ea5t, dung d\u1ecbch khoan<\/li>\n<li>\u1ee8ng d\u1ee5ng th\u1ee7y l\u1ee3i, c\u1ea5p tho\u00e1t n\u01b0\u1edbc, x\u1eed l\u00fd n\u01b0\u1edbc bi\u1ec3n<\/li>\n<\/ul>\n<h3>B\u1ea3ng th\u00f4ng s\u1ed1 k\u1ef9 thu\u1eadt MTF-F-100<\/h3>\n<table>\n<tbody>\n<tr>\n<td>D\u1ea3i \u0111o<\/td>\n<td>0.3 \u2013 125,000 m\u00b3\/h<\/td>\n<\/tr>\n<tr>\n<td>\u0110\u01b0\u1eddng k\u00ednh danh \u0111\u1ecbnh<\/td>\n<td>DN15 \u2013 DN3000 (\u00bd\u2033 \u2013 120\u2033)<\/td>\n<\/tr>\n<tr>\n<td>\u0110\u1ed9 ch\u00ednh x\u00e1c<\/td>\n<td>\u00b10.5% (chu\u1ea9n), t\u00f9y ch\u1ecdn \u00b10.2%<\/td>\n<\/tr>\n<tr>\n<td>\u0110\u1ed9 l\u1eb7p l\u1ea1i<\/td>\n<td>\u00b10.25%, t\u00f9y ch\u1ecdn \u00b10.1%<\/td>\n<\/tr>\n<tr>\n<td>\u00c1p su\u1ea5t l\u00e0m vi\u1ec7c t\u1ed1i \u0111a<\/td>\n<td>100 bar (1450 psi)<\/td>\n<\/tr>\n<tr>\n<td>Nhi\u1ec7t \u0111\u1ed9 m\u00f4i ch\u1ea5t<\/td>\n<td>PU: \u201318 \u0111\u1ebfn 60\u00b0C<br \/>\nNeoprene \/ IR: \u201325 \u0111\u1ebfn 80\u00b0C<br \/>\nPTFE \/ FEP: \u201325 \u0111\u1ebfn 150\u00b0C<br \/>\nETFE \/ PFA: \u201340 \u0111\u1ebfn 180\u00b0C<\/td>\n<\/tr>\n<tr>\n<td>Nhi\u1ec7t \u0111\u1ed9 m\u00f4i tr\u01b0\u1eddng<\/td>\n<td>\u201325\u00b0C \u0111\u1ebfn 60\u00b0C<\/td>\n<\/tr>\n<tr>\n<td>L\u00f3t ti\u1ebfp x\u00fac<\/td>\n<td>PU, Neoprene, IR, PTFE, PFA, ETFE, FEP<\/td>\n<\/tr>\n<tr>\n<td>\u0110i\u1ec7n c\u1ef1c<\/td>\n<td>316L, Hastelloy, Tantalum, Titanium, Platinum, ph\u1ee7 Tungsten carbide<\/td>\n<\/tr>\n<tr>\n<td>\u0110\u1ea7u ra t\u00edn hi\u1ec7u<\/td>\n<td>4\u201320 mA, xung, t\u1ea7n s\u1ed1, RS485 (HART&#8230;)<\/td>\n<\/tr>\n<tr>\n<td>Ngu\u1ed3n c\u1ea5p<\/td>\n<td>24 VDC ho\u1eb7c 100\u2013240 VAC<\/td>\n<\/tr>\n<tr>\n<td>\u0110\u1ed9 d\u1eabn \u0111i\u1ec7n t\u1ed1i thi\u1ec3u<\/td>\n<td>\u2265 5 \u00b5S\/cm<\/td>\n<\/tr>\n<tr>\n<td>K\u1ebft n\u1ed1i qu\u00e1 tr\u00ecnh<\/td>\n<td>M\u1eb7t b\u00edch ti\u00eau chu\u1ea9n (kh\u00e1c theo y\u00eau c\u1ea7u)<\/td>\n<\/tr>\n<tr>\n<td>C\u1ea5p b\u1ea3o v\u1ec7<\/td>\n<td>IP65, IP66, IP67, IP68 (t\u00f9y ch\u1ecdn)<\/td>\n<\/tr>\n<\/tbody>\n<\/table>\n<p>&nbsp;<\/p>","protected":false},"excerpt":{"rendered":"<p>&#8211; \u0110\u1ed3ng h\u1ed3 m\u1eb7t b\u00edch nh\u1ecf g\u1ecdn<br \/>\n&#8211; \u0110\u1ed9 ch\u00ednh x\u00e1c: \u00b10.5% chu\u1ea9n, \u00b10.2% t\u00f9y ch\u1ecdn<br \/>\n&#8211; D\u1ea3i \u0111o r\u1ed9ng: 0.3 \u2013 125,000 m\u00b3\/h, DN15\u2013DN3000<br \/>\n&#8211; V\u1eadt li\u1ec7u l\u00f3t ch\u1ecbu nhi\u1ec7t cao: PTFE, ETFE, PFA<br \/>\n&#8211; T\u00edn hi\u1ec7u ng\u00f5 ra: 4\u201320 mA, xung, RS485, HART<\/p>","protected":false},"featured_media":7192,"template":"","meta":[],"product_cat":[442,497,498,416,444,484,488,507],"product_tag":[],"acf":[],"yoast_head":"<!-- This site is optimized with the Yoast SEO Premium plugin v18.4 (Yoast SEO v18.6) - https:\/\/yoast.com\/wordpress\/plugins\/seo\/ -->\n<title>\u0110\u1ed3ng h\u1ed3 \u0111o l\u01b0u l\u01b0\u1ee3ng \u0111i\u1ec7n t\u1eeb m\u1eb7t b\u00edch MTF-F-100 c\u1ee7a Metlan Instruments - QUANDO<\/title>\n<meta name=\"description\" content=\"MTF-F-100 l\u00e0 \u0111\u1ed3ng h\u1ed3 \u0111o l\u01b0u l\u01b0\u1ee3ng \u0111i\u1ec7n t\u1eeb ki\u1ec3u m\u1eb7t b\u00edch, \u0111o ch\u00ednh x\u00e1c, kh\u00f4ng hao m\u00f2n, \u1ee9ng d\u1ee5ng trong n\u01b0\u1edbc, h\u00f3a ch\u1ea5t, n\u01b0\u1edbc th\u1ea3i, khai kho\u00e1ng...\" \/>\n<meta name=\"robots\" content=\"index, follow, max-snippet:-1, max-image-preview:large, max-video-preview:-1\" \/>\n<link rel=\"canonical\" href=\"http:\/\/quando.com.vn\/en\/product\/dong-ho-do-luu-luong-dien-tu-mat-bich-mtf-f-100-cua-metlan-instruments\/\" \/>\n<meta property=\"og:locale\" content=\"en_US\" \/>\n<meta property=\"og:type\" content=\"article\" \/>\n<meta property=\"og:title\" content=\"\u0110\u1ed3ng h\u1ed3 \u0111o l\u01b0u l\u01b0\u1ee3ng \u0111i\u1ec7n t\u1eeb m\u1eb7t b\u00edch MTF-F-100 c\u1ee7a Metlan Instruments\" \/>\n<meta property=\"og:description\" content=\"MTF-F-100 l\u00e0 \u0111\u1ed3ng h\u1ed3 \u0111o l\u01b0u l\u01b0\u1ee3ng \u0111i\u1ec7n t\u1eeb ki\u1ec3u m\u1eb7t b\u00edch, \u0111o ch\u00ednh x\u00e1c, kh\u00f4ng hao m\u00f2n, \u1ee9ng d\u1ee5ng trong n\u01b0\u1edbc, h\u00f3a ch\u1ea5t, n\u01b0\u1edbc th\u1ea3i, khai kho\u00e1ng...\" \/>\n<meta property=\"og:url\" content=\"http:\/\/quando.com.vn\/en\/product\/dong-ho-do-luu-luong-dien-tu-mat-bich-mtf-f-100-cua-metlan-instruments\/\" \/>\n<meta property=\"og:site_name\" content=\"QUANDO\" \/>\n<meta property=\"article:modified_time\" content=\"2025-07-02T09:57:33+00:00\" \/>\n<meta name=\"twitter:card\" content=\"summary_large_image\" \/>\n<meta name=\"twitter:image\" content=\"https:\/\/quando.com.vn\/wp-content\/uploads\/2025\/07\/Metlan-Instrument-MTF-F-100-Flanged-Electromagnetic-Flow-Meter.webp\" \/>\n<meta name=\"twitter:label1\" content=\"Est. reading time\" \/>\n\t<meta name=\"twitter:data1\" content=\"3 minutes\" \/>\n<script type=\"application\/ld+json\" class=\"yoast-schema-graph\">{\"@context\":\"https:\/\/schema.org\",\"@graph\":[{\"@type\":\"WebSite\",\"@id\":\"https:\/\/quando.com.vn\/en\/#website\",\"url\":\"https:\/\/quando.com.vn\/en\/\",\"name\":\"QUANDO\",\"description\":\"\",\"potentialAction\":[{\"@type\":\"SearchAction\",\"target\":{\"@type\":\"EntryPoint\",\"urlTemplate\":\"https:\/\/quando.com.vn\/en\/?s={search_term_string}\"},\"query-input\":\"required name=search_term_string\"}],\"inLanguage\":\"en-US\"},{\"@type\":\"ImageObject\",\"@id\":\"https:\/\/quando.com.vn\/san-pham\/dong-ho-do-luu-luong-dien-tu-mat-bich-mtf-f-100-cua-metlan-instruments\/#primaryimage\",\"inLanguage\":\"en-US\",\"url\":\"https:\/\/quando.com.vn\/wp-content\/uploads\/2025\/07\/Metlan-Instrument-MTF-F-100-Flanged-Electromagnetic-Flow-Meter.webp\",\"contentUrl\":\"https:\/\/quando.com.vn\/wp-content\/uploads\/2025\/07\/Metlan-Instrument-MTF-F-100-Flanged-Electromagnetic-Flow-Meter.webp\",\"width\":600,\"height\":600,\"caption\":\"Meltan Instruments flow meter strument MTF-F-100\"},{\"@type\":\"WebPage\",\"@id\":\"https:\/\/quando.com.vn\/san-pham\/dong-ho-do-luu-luong-dien-tu-mat-bich-mtf-f-100-cua-metlan-instruments\/#webpage\",\"url\":\"https:\/\/quando.com.vn\/san-pham\/dong-ho-do-luu-luong-dien-tu-mat-bich-mtf-f-100-cua-metlan-instruments\/\",\"name\":\"\u0110\u1ed3ng h\u1ed3 \u0111o l\u01b0u l\u01b0\u1ee3ng \u0111i\u1ec7n t\u1eeb m\u1eb7t b\u00edch MTF-F-100 c\u1ee7a Metlan Instruments - QUANDO\",\"isPartOf\":{\"@id\":\"https:\/\/quando.com.vn\/en\/#website\"},\"primaryImageOfPage\":{\"@id\":\"https:\/\/quando.com.vn\/san-pham\/dong-ho-do-luu-luong-dien-tu-mat-bich-mtf-f-100-cua-metlan-instruments\/#primaryimage\"},\"datePublished\":\"2025-07-02T03:25:04+00:00\",\"dateModified\":\"2025-07-02T09:57:33+00:00\",\"description\":\"MTF-F-100 l\u00e0 \u0111\u1ed3ng h\u1ed3 \u0111o l\u01b0u l\u01b0\u1ee3ng \u0111i\u1ec7n t\u1eeb ki\u1ec3u m\u1eb7t b\u00edch, \u0111o ch\u00ednh x\u00e1c, kh\u00f4ng hao m\u00f2n, \u1ee9ng d\u1ee5ng trong n\u01b0\u1edbc, h\u00f3a ch\u1ea5t, n\u01b0\u1edbc th\u1ea3i, khai kho\u00e1ng...\",\"breadcrumb\":{\"@id\":\"https:\/\/quando.com.vn\/san-pham\/dong-ho-do-luu-luong-dien-tu-mat-bich-mtf-f-100-cua-metlan-instruments\/#breadcrumb\"},\"inLanguage\":\"en-US\",\"potentialAction\":[{\"@type\":\"ReadAction\",\"target\":[\"https:\/\/quando.com.vn\/san-pham\/dong-ho-do-luu-luong-dien-tu-mat-bich-mtf-f-100-cua-metlan-instruments\/\"]}]},{\"@type\":\"BreadcrumbList\",\"@id\":\"https:\/\/quando.com.vn\/san-pham\/dong-ho-do-luu-luong-dien-tu-mat-bich-mtf-f-100-cua-metlan-instruments\/#breadcrumb\",\"itemListElement\":[{\"@type\":\"ListItem\",\"position\":1,\"name\":\"Trang ch\u1ee7\",\"item\":\"https:\/\/quando.com.vn\/\"},{\"@type\":\"ListItem\",\"position\":2,\"name\":\"S\u1ea3n ph\u1ea9m\",\"item\":\"https:\/\/quando.com.vn\/san-pham\/\"},{\"@type\":\"ListItem\",\"position\":3,\"name\":\"\u0110\u1ed3ng h\u1ed3 \u0111o l\u01b0u l\u01b0\u1ee3ng \u0111i\u1ec7n t\u1eeb m\u1eb7t b\u00edch MTF-F-100 c\u1ee7a Metlan Instruments\"}]}]}<\/script>\n<!-- \/ Yoast SEO Premium plugin. -->","yoast_head_json":{"title":"\u0110\u1ed3ng h\u1ed3 \u0111o l\u01b0u l\u01b0\u1ee3ng \u0111i\u1ec7n t\u1eeb m\u1eb7t b\u00edch MTF-F-100 c\u1ee7a Metlan Instruments - QUANDO","description":"MTF-F-100 l\u00e0 \u0111\u1ed3ng h\u1ed3 \u0111o l\u01b0u l\u01b0\u1ee3ng \u0111i\u1ec7n t\u1eeb ki\u1ec3u m\u1eb7t b\u00edch, \u0111o ch\u00ednh x\u00e1c, kh\u00f4ng hao m\u00f2n, \u1ee9ng d\u1ee5ng trong n\u01b0\u1edbc, h\u00f3a ch\u1ea5t, n\u01b0\u1edbc th\u1ea3i, khai kho\u00e1ng...","robots":{"index":"index","follow":"follow","max-snippet":"max-snippet:-1","max-image-preview":"max-image-preview:large","max-video-preview":"max-video-preview:-1"},"canonical":"http:\/\/quando.com.vn\/en\/product\/dong-ho-do-luu-luong-dien-tu-mat-bich-mtf-f-100-cua-metlan-instruments\/","og_locale":"en_US","og_type":"article","og_title":"\u0110\u1ed3ng h\u1ed3 \u0111o l\u01b0u l\u01b0\u1ee3ng \u0111i\u1ec7n t\u1eeb m\u1eb7t b\u00edch MTF-F-100 c\u1ee7a Metlan Instruments","og_description":"MTF-F-100 l\u00e0 \u0111\u1ed3ng h\u1ed3 \u0111o l\u01b0u l\u01b0\u1ee3ng \u0111i\u1ec7n t\u1eeb ki\u1ec3u m\u1eb7t b\u00edch, \u0111o ch\u00ednh x\u00e1c, kh\u00f4ng hao m\u00f2n, \u1ee9ng d\u1ee5ng trong n\u01b0\u1edbc, h\u00f3a ch\u1ea5t, n\u01b0\u1edbc th\u1ea3i, khai kho\u00e1ng...","og_url":"http:\/\/quando.com.vn\/en\/product\/dong-ho-do-luu-luong-dien-tu-mat-bich-mtf-f-100-cua-metlan-instruments\/","og_site_name":"QUANDO","article_modified_time":"2025-07-02T09:57:33+00:00","twitter_card":"summary_large_image","twitter_image":"https:\/\/quando.com.vn\/wp-content\/uploads\/2025\/07\/Metlan-Instrument-MTF-F-100-Flanged-Electromagnetic-Flow-Meter.webp","twitter_misc":{"Est. reading time":"3 minutes"},"schema":{"@context":"https:\/\/schema.org","@graph":[{"@type":"WebSite","@id":"https:\/\/quando.com.vn\/en\/#website","url":"https:\/\/quando.com.vn\/en\/","name":"QUANDO","description":"","potentialAction":[{"@type":"SearchAction","target":{"@type":"EntryPoint","urlTemplate":"https:\/\/quando.com.vn\/en\/?s={search_term_string}"},"query-input":"required name=search_term_string"}],"inLanguage":"en-US"},{"@type":"ImageObject","@id":"https:\/\/quando.com.vn\/san-pham\/dong-ho-do-luu-luong-dien-tu-mat-bich-mtf-f-100-cua-metlan-instruments\/#primaryimage","inLanguage":"en-US","url":"https:\/\/quando.com.vn\/wp-content\/uploads\/2025\/07\/Metlan-Instrument-MTF-F-100-Flanged-Electromagnetic-Flow-Meter.webp","contentUrl":"https:\/\/quando.com.vn\/wp-content\/uploads\/2025\/07\/Metlan-Instrument-MTF-F-100-Flanged-Electromagnetic-Flow-Meter.webp","width":600,"height":600,"caption":"Meltan Instruments flow meter strument MTF-F-100"},{"@type":"WebPage","@id":"https:\/\/quando.com.vn\/san-pham\/dong-ho-do-luu-luong-dien-tu-mat-bich-mtf-f-100-cua-metlan-instruments\/#webpage","url":"https:\/\/quando.com.vn\/san-pham\/dong-ho-do-luu-luong-dien-tu-mat-bich-mtf-f-100-cua-metlan-instruments\/","name":"\u0110\u1ed3ng h\u1ed3 \u0111o l\u01b0u l\u01b0\u1ee3ng \u0111i\u1ec7n t\u1eeb m\u1eb7t b\u00edch MTF-F-100 c\u1ee7a Metlan Instruments - QUANDO","isPartOf":{"@id":"https:\/\/quando.com.vn\/en\/#website"},"primaryImageOfPage":{"@id":"https:\/\/quando.com.vn\/san-pham\/dong-ho-do-luu-luong-dien-tu-mat-bich-mtf-f-100-cua-metlan-instruments\/#primaryimage"},"datePublished":"2025-07-02T03:25:04+00:00","dateModified":"2025-07-02T09:57:33+00:00","description":"MTF-F-100 l\u00e0 \u0111\u1ed3ng h\u1ed3 \u0111o l\u01b0u l\u01b0\u1ee3ng \u0111i\u1ec7n t\u1eeb ki\u1ec3u m\u1eb7t b\u00edch, \u0111o ch\u00ednh x\u00e1c, kh\u00f4ng hao m\u00f2n, \u1ee9ng d\u1ee5ng trong n\u01b0\u1edbc, h\u00f3a ch\u1ea5t, n\u01b0\u1edbc th\u1ea3i, khai kho\u00e1ng...","breadcrumb":{"@id":"https:\/\/quando.com.vn\/san-pham\/dong-ho-do-luu-luong-dien-tu-mat-bich-mtf-f-100-cua-metlan-instruments\/#breadcrumb"},"inLanguage":"en-US","potentialAction":[{"@type":"ReadAction","target":["https:\/\/quando.com.vn\/san-pham\/dong-ho-do-luu-luong-dien-tu-mat-bich-mtf-f-100-cua-metlan-instruments\/"]}]},{"@type":"BreadcrumbList","@id":"https:\/\/quando.com.vn\/san-pham\/dong-ho-do-luu-luong-dien-tu-mat-bich-mtf-f-100-cua-metlan-instruments\/#breadcrumb","itemListElement":[{"@type":"ListItem","position":1,"name":"Trang ch\u1ee7","item":"https:\/\/quando.com.vn\/"},{"@type":"ListItem","position":2,"name":"S\u1ea3n ph\u1ea9m","item":"https:\/\/quando.com.vn\/san-pham\/"},{"@type":"ListItem","position":3,"name":"\u0110\u1ed3ng h\u1ed3 \u0111o l\u01b0u l\u01b0\u1ee3ng \u0111i\u1ec7n t\u1eeb m\u1eb7t b\u00edch MTF-F-100 c\u1ee7a Metlan Instruments"}]}]}},"_links":{"self":[{"href":"http:\/\/quando.com.vn\/en\/wp-json\/wp\/v2\/product\/7191"}],"collection":[{"href":"http:\/\/quando.com.vn\/en\/wp-json\/wp\/v2\/product"}],"about":[{"href":"http:\/\/quando.com.vn\/en\/wp-json\/wp\/v2\/types\/product"}],"wp:featuredmedia":[{"embeddable":true,"href":"http:\/\/quando.com.vn\/en\/wp-json\/wp\/v2\/media\/7192"}],"wp:attachment":[{"href":"http:\/\/quando.com.vn\/en\/wp-json\/wp\/v2\/media?parent=7191"}],"wp:term":[{"taxonomy":"product_cat","embeddable":true,"href":"http:\/\/quando.com.vn\/en\/wp-json\/wp\/v2\/product_cat?post=7191"},{"taxonomy":"product_tag","embeddable":true,"href":"http:\/\/quando.com.vn\/en\/wp-json\/wp\/v2\/product_tag?post=7191"}],"curies":[{"name":"wp","href":"https:\/\/api.w.org\/{rel}","templated":true}]}}