{"id":7158,"date":"2025-06-18T14:57:46","date_gmt":"2025-06-18T07:57:46","guid":{"rendered":"https:\/\/quando.com.vn\/?post_type=product&#038;p=7158"},"modified":"2025-06-23T10:30:54","modified_gmt":"2025-06-23T03:30:54","slug":"ph301-do-luu-luong-cam-tay","status":"publish","type":"product","link":"http:\/\/quando.com.vn\/en\/product\/ph301-do-luu-luong-cam-tay\/","title":{"rendered":"PH301 \u2013 M\u00e1y \u0111o l\u01b0u l\u01b0\u1ee3ng si\u00eau \u00e2m c\u1ea7m tay"},"content":{"rendered":"<h3><strong>PH301 \u2013 M\u00e1y \u0111o l\u01b0u l\u01b0\u1ee3ng si\u00eau \u00e2m c\u1ea7m tay<\/strong><\/h3>\n<p>PH301 l\u00e0 thi\u1ebft b\u1ecb \u0111o l\u01b0u l\u01b0\u1ee3ng ch\u1ea5t l\u1ecfng d\u1ea1ng c\u1ea7m tay, \u1ee9ng d\u1ee5ng c\u00f4ng ngh\u1ec7 x\u1eed l\u00fd t\u00edn hi\u1ec7u k\u1ef9 thu\u1eadt s\u1ed1 ti\u00ean ti\u1ebfn nh\u1eb1m mang l\u1ea1i \u0111\u1ed9 ch\u00ednh x\u00e1c cao v\u00e0 \u0111\u1ed9 tin c\u1eady v\u01b0\u1ee3t tr\u1ed9i. Thi\u1ebft b\u1ecb s\u1eed d\u1ee5ng c\u1ea3m bi\u1ebfn clamp-on, gi\u00fap \u0111o l\u01b0u l\u01b0\u1ee3ng m\u00e0 kh\u00f4ng c\u1ea7n ti\u1ebfp x\u00fac tr\u1ef1c ti\u1ebfp v\u1edbi ch\u1ea5t l\u1ecfng \u2013 ho\u00e0n to\u00e0n kh\u00f4ng g\u00e2y \u00f4 nhi\u1ec5m, gi\u1ea3m \u00e1p ho\u1eb7c r\u00f2 r\u1ec9.<\/p>\n<h3><strong>\u0110\u1eb7c \u0111i\u1ec3m n\u1ed5i b\u1eadt PH301:<\/strong><\/h3>\n<p>&#8211; Thi\u1ebft k\u1ebf nh\u1ecf g\u1ecdn, d\u1ec5 d\u00e0ng mang theo \u0111\u1ebfn c\u00e1c v\u1ecb tr\u00ed kh\u00e1c nhau.<br \/>\n&#8211; Hi\u1ec3n th\u1ecb tr\u1ef1c quan tr\u00ean m\u00e0n h\u00ecnh m\u00e0u TFT 4.3 inch c\u00f9ng 22 ph\u00edm c\u1ea3m \u1ee9ng d\u1ec5 thao t\u00e1c.<br \/>\n&#8211; \u0110o hai chi\u1ec1u (bidirectional) v\u1edbi t\u00ednh n\u0103ng t\u1ed5ng l\u01b0u l\u01b0\u1ee3ng v\u00e0 l\u01b0u tr\u1eef d\u1eef li\u1ec7u t\u00edch h\u1ee3p.<br \/>\n&#8211; Pin s\u1ea1c t\u00edch h\u1ee3p s\u1eed d\u1ee5ng li\u00ean t\u1ee5c \u0111\u1ebfn 12 gi\u1edd, k\u00e8m theo th\u1ebb SD 2GB l\u01b0u tr\u1eef d\u1eef li\u1ec7u l\u00ean t\u1edbi 512 file.<br \/>\n&#8211; L\u00e0m vi\u1ec7c hi\u1ec7u qu\u1ea3 v\u1edbi nhi\u1ec1u lo\u1ea1i v\u1eadt li\u1ec7u \u1ed1ng nh\u01b0 PVC, inox, \u0111\u1ed3ng, th\u00e9p carbon, PE, HDPE, s\u1ee3i th\u1ee7y tinh&#8230;<\/p>\n<p><img loading=\"lazy\" class=\"aligncenter size-full wp-image-7149\" src=\"https:\/\/quando.com.vn\/wp-content\/uploads\/2025\/06\/ST502_img-content.png\" alt=\"ST502 \u0111\u1ed3ng h\u1ed3 \u0111o l\u01b0u l\u01b0\u1ee3ng si\u00eau \u00e2m \u0111\u1ed9 ch\u00ednh c\u00e1c cao\" width=\"1038\" height=\"295\" srcset=\"https:\/\/quando.com.vn\/wp-content\/uploads\/2025\/06\/ST502_img-content.png 1038w, https:\/\/quando.com.vn\/wp-content\/uploads\/2025\/06\/ST502_img-content-300x85.png 300w, https:\/\/quando.com.vn\/wp-content\/uploads\/2025\/06\/ST502_img-content-1024x291.png 1024w, https:\/\/quando.com.vn\/wp-content\/uploads\/2025\/06\/ST502_img-content-768x218.png 768w, https:\/\/quando.com.vn\/wp-content\/uploads\/2025\/06\/ST502_img-content-18x5.png 18w\" sizes=\"(max-width: 1038px) 100vw, 1038px\" \/><\/p>\n<h3><strong>\u1ee8ng d\u1ee5ng:<\/strong><\/h3>\n<p>&#8211; Gi\u00e1m s\u00e1t l\u01b0u l\u01b0\u1ee3ng n\u01b0\u1edbc c\u1ea5p, n\u01b0\u1edbc ng\u1ea7m, n\u01b0\u1edbc t\u00e1i tu\u1ea7n ho\u00e0n.<br \/>\n&#8211; \u0110o ki\u1ec3m tra h\u1ec7 th\u1ed1ng HVAC, h\u1ec7 th\u1ed1ng th\u1ee7y l\u1ee3i, ho\u1eb7c d\u00f9ng trong c\u00f4ng nghi\u1ec7p x\u1eed l\u00fd ch\u1ea5t l\u1ecfng.<br \/>\n&#8211; Ph\u00f9 h\u1ee3p cho c\u00e1c nh\u00e0 m\u00e1y, c\u00f4ng tr\u00ecnh x\u00e2y d\u1ef1ng, h\u1ec7 th\u1ed1ng c\u1ea5p tho\u00e1t n\u01b0\u1edbc v\u00e0 c\u00e1c ng\u00e0nh h\u00f3a ch\u1ea5t nh\u1eb9.<\/p>\n<h3><strong>Nguy\u00ean l\u00fd ho\u1ea1t \u0111\u1ed9ng:<\/strong><\/h3>\n<p>PH301 \u1ee9ng d\u1ee5ng c\u00f4ng ngh\u1ec7 TVT (Transit-Time Vortex) \u2013 s\u1ef1 k\u1ebft h\u1ee3p gi\u1eefa ph\u01b0\u01a1ng ph\u00e1p th\u1eddi gian truy\u1ec1n si\u00eau \u00e2m v\u00e0 hi\u1ec7n t\u01b0\u1ee3ng xo\u00e1y d\u00f2ng, gi\u00fap n\u00e2ng cao \u0111\u1ed9 ch\u00ednh x\u00e1c trong \u0111i\u1ec1u ki\u1ec7n d\u00f2ng ch\u1ea3y bi\u1ebfn \u0111\u1ed9ng, c\u0169ng nh\u01b0 t\u0103ng c\u01b0\u1eddng t\u00ednh linh ho\u1ea1t khi \u0111o nhi\u1ec1u lo\u1ea1i ch\u1ea5t l\u1ecfng c\u00f3 \u0111\u1ed9 nh\u1edbt v\u00e0 t\u1ef7 tr\u1ecdng kh\u00e1c nhau.<\/p>","protected":false},"excerpt":{"rendered":"<p data-start=\"151\" data-end=\"231\">&#8211; T\u1ed1c \u0111\u1ed9 d\u00f2ng ch\u1ea3y: \u00b10.03 ~ \u00b140 ft\/s (\u00b10.01 ~ \u00b112 m\/s)<br \/>\n&#8211; \u0110\u1ed9 ch\u00ednh x\u00e1c: \u00b10.5%<br \/>\n&#8211; K\u00edch th\u01b0\u1edbc \u1ed1ng ph\u00f9 h\u1ee3p: <span class=\"fontstyle0\">DN25 ~ DN5000 (1<\/span><span class=\"fontstyle2\">\u2019\u2019 <\/span><span class=\"fontstyle0\">~ 200<\/span><span class=\"fontstyle2\">\u2019\u2019<\/span><span class=\"fontstyle0\">)<\/span><\/p>","protected":false},"featured_media":7153,"template":"","meta":[],"product_cat":[442,471,476,480,416,444,484,487],"product_tag":[],"acf":[],"yoast_head":"<!-- This site is optimized with the Yoast SEO Premium plugin v18.4 (Yoast SEO v18.6) - https:\/\/yoast.com\/wordpress\/plugins\/seo\/ -->\n<title>PH301 \u2013 M\u00e1y \u0111o l\u01b0u l\u01b0\u1ee3ng si\u00eau \u00e2m c\u1ea7m tay - QUANDO<\/title>\n<meta name=\"description\" content=\"PH301 l\u00e0 d\u00f2ng m\u00e1y \u0111o l\u01b0u l\u01b0\u1ee3ng si\u00eau \u00e2m c\u1ea7m tay c\u1ee7a Flo-Instruments, \u1ee9ng d\u1ee5ng c\u00f4ng ngh\u1ec7 x\u1eed l\u00fd t\u00edn hi\u1ec7u s\u1ed1 ti\u00ean ti\u1ebfn, ph\u00f9 h\u1ee3p \u0111\u1ec3 \u0111o d\u00f2ng ch\u1ea3y c\u1ee7a ch\u1ea5t l\u1ecfng trong nhi\u1ec1u lo\u1ea1i \u0111\u01b0\u1eddng \u1ed1ng m\u00e0 kh\u00f4ng c\u1ea7n khoan c\u1eaft hay l\u00e0m gi\u00e1n \u0111o\u1ea1n qu\u00e1 tr\u00ecnh v\u1eadn h\u00e0nh. Thi\u1ebft b\u1ecb s\u1eed d\u1ee5ng c\u1ea3m bi\u1ebfn d\u1ea1ng clamp-on, d\u1ec5 l\u1eafp \u0111\u1eb7t, mang theo linh ho\u1ea1t, v\u00e0 \u0111\u1eb7c bi\u1ec7t hi\u1ec7u qu\u1ea3 cho c\u00f4ng vi\u1ec7c ki\u1ec3m tra, \u0111o ki\u1ec3m th\u1ef1c t\u1ebf t\u1ea1i hi\u1ec7n tr\u01b0\u1eddng.\" \/>\n<meta name=\"robots\" content=\"index, follow, max-snippet:-1, max-image-preview:large, max-video-preview:-1\" \/>\n<link rel=\"canonical\" href=\"http:\/\/quando.com.vn\/en\/product\/ph301-do-luu-luong-cam-tay\/\" \/>\n<meta property=\"og:locale\" content=\"en_US\" \/>\n<meta property=\"og:type\" content=\"article\" \/>\n<meta property=\"og:title\" content=\"PH301 \u2013 M\u00e1y \u0111o l\u01b0u l\u01b0\u1ee3ng si\u00eau \u00e2m c\u1ea7m tay\" \/>\n<meta property=\"og:description\" content=\"PH301 l\u00e0 d\u00f2ng m\u00e1y \u0111o l\u01b0u l\u01b0\u1ee3ng si\u00eau \u00e2m c\u1ea7m tay c\u1ee7a Flo-Instruments, \u1ee9ng d\u1ee5ng c\u00f4ng ngh\u1ec7 x\u1eed l\u00fd t\u00edn hi\u1ec7u s\u1ed1 ti\u00ean ti\u1ebfn, ph\u00f9 h\u1ee3p \u0111\u1ec3 \u0111o d\u00f2ng ch\u1ea3y c\u1ee7a ch\u1ea5t l\u1ecfng trong nhi\u1ec1u lo\u1ea1i \u0111\u01b0\u1eddng \u1ed1ng m\u00e0 kh\u00f4ng c\u1ea7n khoan c\u1eaft hay l\u00e0m gi\u00e1n \u0111o\u1ea1n qu\u00e1 tr\u00ecnh v\u1eadn h\u00e0nh. Thi\u1ebft b\u1ecb s\u1eed d\u1ee5ng c\u1ea3m bi\u1ebfn d\u1ea1ng clamp-on, d\u1ec5 l\u1eafp \u0111\u1eb7t, mang theo linh ho\u1ea1t, v\u00e0 \u0111\u1eb7c bi\u1ec7t hi\u1ec7u qu\u1ea3 cho c\u00f4ng vi\u1ec7c ki\u1ec3m tra, \u0111o ki\u1ec3m th\u1ef1c t\u1ebf t\u1ea1i hi\u1ec7n tr\u01b0\u1eddng.\" \/>\n<meta property=\"og:url\" content=\"http:\/\/quando.com.vn\/en\/product\/ph301-do-luu-luong-cam-tay\/\" \/>\n<meta property=\"og:site_name\" content=\"QUANDO\" \/>\n<meta property=\"article:modified_time\" content=\"2025-06-23T03:30:54+00:00\" \/>\n<meta name=\"twitter:card\" content=\"summary_large_image\" \/>\n<meta name=\"twitter:image\" content=\"https:\/\/quando.com.vn\/wp-content\/uploads\/2025\/06\/ph301_handheld_ultrasonic_flow_meter_for_subsurface_water_measurement.webp\" \/>\n<meta name=\"twitter:label1\" content=\"Est. reading time\" \/>\n\t<meta name=\"twitter:data1\" content=\"2 minutes\" \/>\n<script type=\"application\/ld+json\" class=\"yoast-schema-graph\">{\"@context\":\"https:\/\/schema.org\",\"@graph\":[{\"@type\":\"WebSite\",\"@id\":\"https:\/\/quando.com.vn\/en\/#website\",\"url\":\"https:\/\/quando.com.vn\/en\/\",\"name\":\"QUANDO\",\"description\":\"\",\"potentialAction\":[{\"@type\":\"SearchAction\",\"target\":{\"@type\":\"EntryPoint\",\"urlTemplate\":\"https:\/\/quando.com.vn\/en\/?s={search_term_string}\"},\"query-input\":\"required name=search_term_string\"}],\"inLanguage\":\"en-US\"},{\"@type\":\"ImageObject\",\"@id\":\"https:\/\/quando.com.vn\/san-pham\/ph301-do-luu-luong-cam-tay\/#primaryimage\",\"inLanguage\":\"en-US\",\"url\":\"https:\/\/quando.com.vn\/wp-content\/uploads\/2025\/06\/ph301_handheld_ultrasonic_flow_meter_for_subsurface_water_measurement.webp\",\"contentUrl\":\"https:\/\/quando.com.vn\/wp-content\/uploads\/2025\/06\/ph301_handheld_ultrasonic_flow_meter_for_subsurface_water_measurement.webp\",\"width\":555,\"height\":400,\"caption\":\"PH301 \u0111o l\u01b0u l\u01b0\u1ee3ng si\u00eau \u00e2m c\u1ea7m tay\"},{\"@type\":\"WebPage\",\"@id\":\"https:\/\/quando.com.vn\/san-pham\/ph301-do-luu-luong-cam-tay\/#webpage\",\"url\":\"https:\/\/quando.com.vn\/san-pham\/ph301-do-luu-luong-cam-tay\/\",\"name\":\"PH301 \u2013 M\u00e1y \u0111o l\u01b0u l\u01b0\u1ee3ng si\u00eau \u00e2m c\u1ea7m tay - QUANDO\",\"isPartOf\":{\"@id\":\"https:\/\/quando.com.vn\/en\/#website\"},\"primaryImageOfPage\":{\"@id\":\"https:\/\/quando.com.vn\/san-pham\/ph301-do-luu-luong-cam-tay\/#primaryimage\"},\"datePublished\":\"2025-06-18T07:57:46+00:00\",\"dateModified\":\"2025-06-23T03:30:54+00:00\",\"description\":\"PH301 l\u00e0 d\u00f2ng m\u00e1y \u0111o l\u01b0u l\u01b0\u1ee3ng si\u00eau \u00e2m c\u1ea7m tay c\u1ee7a Flo-Instruments, \u1ee9ng d\u1ee5ng c\u00f4ng ngh\u1ec7 x\u1eed l\u00fd t\u00edn hi\u1ec7u s\u1ed1 ti\u00ean ti\u1ebfn, ph\u00f9 h\u1ee3p \u0111\u1ec3 \u0111o d\u00f2ng ch\u1ea3y c\u1ee7a ch\u1ea5t l\u1ecfng trong nhi\u1ec1u lo\u1ea1i \u0111\u01b0\u1eddng \u1ed1ng m\u00e0 kh\u00f4ng c\u1ea7n khoan c\u1eaft hay l\u00e0m gi\u00e1n \u0111o\u1ea1n qu\u00e1 tr\u00ecnh v\u1eadn h\u00e0nh. Thi\u1ebft b\u1ecb s\u1eed d\u1ee5ng c\u1ea3m bi\u1ebfn d\u1ea1ng clamp-on, d\u1ec5 l\u1eafp \u0111\u1eb7t, mang theo linh ho\u1ea1t, v\u00e0 \u0111\u1eb7c bi\u1ec7t hi\u1ec7u qu\u1ea3 cho c\u00f4ng vi\u1ec7c ki\u1ec3m tra, \u0111o ki\u1ec3m th\u1ef1c t\u1ebf t\u1ea1i hi\u1ec7n tr\u01b0\u1eddng.\",\"breadcrumb\":{\"@id\":\"https:\/\/quando.com.vn\/san-pham\/ph301-do-luu-luong-cam-tay\/#breadcrumb\"},\"inLanguage\":\"en-US\",\"potentialAction\":[{\"@type\":\"ReadAction\",\"target\":[\"https:\/\/quando.com.vn\/san-pham\/ph301-do-luu-luong-cam-tay\/\"]}]},{\"@type\":\"BreadcrumbList\",\"@id\":\"https:\/\/quando.com.vn\/san-pham\/ph301-do-luu-luong-cam-tay\/#breadcrumb\",\"itemListElement\":[{\"@type\":\"ListItem\",\"position\":1,\"name\":\"Trang ch\u1ee7\",\"item\":\"https:\/\/quando.com.vn\/\"},{\"@type\":\"ListItem\",\"position\":2,\"name\":\"S\u1ea3n ph\u1ea9m\",\"item\":\"https:\/\/quando.com.vn\/san-pham\/\"},{\"@type\":\"ListItem\",\"position\":3,\"name\":\"PH301 \u2013 M\u00e1y \u0111o l\u01b0u l\u01b0\u1ee3ng si\u00eau \u00e2m c\u1ea7m tay\"}]}]}<\/script>\n<!-- \/ Yoast SEO Premium plugin. -->","yoast_head_json":{"title":"PH301 \u2013 M\u00e1y \u0111o l\u01b0u l\u01b0\u1ee3ng si\u00eau \u00e2m c\u1ea7m tay - QUANDO","description":"PH301 l\u00e0 d\u00f2ng m\u00e1y \u0111o l\u01b0u l\u01b0\u1ee3ng si\u00eau \u00e2m c\u1ea7m tay c\u1ee7a Flo-Instruments, \u1ee9ng d\u1ee5ng c\u00f4ng ngh\u1ec7 x\u1eed l\u00fd t\u00edn hi\u1ec7u s\u1ed1 ti\u00ean ti\u1ebfn, ph\u00f9 h\u1ee3p \u0111\u1ec3 \u0111o d\u00f2ng ch\u1ea3y c\u1ee7a ch\u1ea5t l\u1ecfng trong nhi\u1ec1u lo\u1ea1i \u0111\u01b0\u1eddng \u1ed1ng m\u00e0 kh\u00f4ng c\u1ea7n khoan c\u1eaft hay l\u00e0m gi\u00e1n \u0111o\u1ea1n qu\u00e1 tr\u00ecnh v\u1eadn h\u00e0nh. Thi\u1ebft b\u1ecb s\u1eed d\u1ee5ng c\u1ea3m bi\u1ebfn d\u1ea1ng clamp-on, d\u1ec5 l\u1eafp \u0111\u1eb7t, mang theo linh ho\u1ea1t, v\u00e0 \u0111\u1eb7c bi\u1ec7t hi\u1ec7u qu\u1ea3 cho c\u00f4ng vi\u1ec7c ki\u1ec3m tra, \u0111o ki\u1ec3m th\u1ef1c t\u1ebf t\u1ea1i hi\u1ec7n tr\u01b0\u1eddng.","robots":{"index":"index","follow":"follow","max-snippet":"max-snippet:-1","max-image-preview":"max-image-preview:large","max-video-preview":"max-video-preview:-1"},"canonical":"http:\/\/quando.com.vn\/en\/product\/ph301-do-luu-luong-cam-tay\/","og_locale":"en_US","og_type":"article","og_title":"PH301 \u2013 M\u00e1y \u0111o l\u01b0u l\u01b0\u1ee3ng si\u00eau \u00e2m c\u1ea7m tay","og_description":"PH301 l\u00e0 d\u00f2ng m\u00e1y \u0111o l\u01b0u l\u01b0\u1ee3ng si\u00eau \u00e2m c\u1ea7m tay c\u1ee7a Flo-Instruments, \u1ee9ng d\u1ee5ng c\u00f4ng ngh\u1ec7 x\u1eed l\u00fd t\u00edn hi\u1ec7u s\u1ed1 ti\u00ean ti\u1ebfn, ph\u00f9 h\u1ee3p \u0111\u1ec3 \u0111o d\u00f2ng ch\u1ea3y c\u1ee7a ch\u1ea5t l\u1ecfng trong nhi\u1ec1u lo\u1ea1i \u0111\u01b0\u1eddng \u1ed1ng m\u00e0 kh\u00f4ng c\u1ea7n khoan c\u1eaft hay l\u00e0m gi\u00e1n \u0111o\u1ea1n qu\u00e1 tr\u00ecnh v\u1eadn h\u00e0nh. Thi\u1ebft b\u1ecb s\u1eed d\u1ee5ng c\u1ea3m bi\u1ebfn d\u1ea1ng clamp-on, d\u1ec5 l\u1eafp \u0111\u1eb7t, mang theo linh ho\u1ea1t, v\u00e0 \u0111\u1eb7c bi\u1ec7t hi\u1ec7u qu\u1ea3 cho c\u00f4ng vi\u1ec7c ki\u1ec3m tra, \u0111o ki\u1ec3m th\u1ef1c t\u1ebf t\u1ea1i hi\u1ec7n tr\u01b0\u1eddng.","og_url":"http:\/\/quando.com.vn\/en\/product\/ph301-do-luu-luong-cam-tay\/","og_site_name":"QUANDO","article_modified_time":"2025-06-23T03:30:54+00:00","twitter_card":"summary_large_image","twitter_image":"https:\/\/quando.com.vn\/wp-content\/uploads\/2025\/06\/ph301_handheld_ultrasonic_flow_meter_for_subsurface_water_measurement.webp","twitter_misc":{"Est. reading time":"2 minutes"},"schema":{"@context":"https:\/\/schema.org","@graph":[{"@type":"WebSite","@id":"https:\/\/quando.com.vn\/en\/#website","url":"https:\/\/quando.com.vn\/en\/","name":"QUANDO","description":"","potentialAction":[{"@type":"SearchAction","target":{"@type":"EntryPoint","urlTemplate":"https:\/\/quando.com.vn\/en\/?s={search_term_string}"},"query-input":"required name=search_term_string"}],"inLanguage":"en-US"},{"@type":"ImageObject","@id":"https:\/\/quando.com.vn\/san-pham\/ph301-do-luu-luong-cam-tay\/#primaryimage","inLanguage":"en-US","url":"https:\/\/quando.com.vn\/wp-content\/uploads\/2025\/06\/ph301_handheld_ultrasonic_flow_meter_for_subsurface_water_measurement.webp","contentUrl":"https:\/\/quando.com.vn\/wp-content\/uploads\/2025\/06\/ph301_handheld_ultrasonic_flow_meter_for_subsurface_water_measurement.webp","width":555,"height":400,"caption":"PH301 \u0111o l\u01b0u l\u01b0\u1ee3ng si\u00eau \u00e2m c\u1ea7m tay"},{"@type":"WebPage","@id":"https:\/\/quando.com.vn\/san-pham\/ph301-do-luu-luong-cam-tay\/#webpage","url":"https:\/\/quando.com.vn\/san-pham\/ph301-do-luu-luong-cam-tay\/","name":"PH301 \u2013 M\u00e1y \u0111o l\u01b0u l\u01b0\u1ee3ng si\u00eau \u00e2m c\u1ea7m tay - QUANDO","isPartOf":{"@id":"https:\/\/quando.com.vn\/en\/#website"},"primaryImageOfPage":{"@id":"https:\/\/quando.com.vn\/san-pham\/ph301-do-luu-luong-cam-tay\/#primaryimage"},"datePublished":"2025-06-18T07:57:46+00:00","dateModified":"2025-06-23T03:30:54+00:00","description":"PH301 l\u00e0 d\u00f2ng m\u00e1y \u0111o l\u01b0u l\u01b0\u1ee3ng si\u00eau \u00e2m c\u1ea7m tay c\u1ee7a Flo-Instruments, \u1ee9ng d\u1ee5ng c\u00f4ng ngh\u1ec7 x\u1eed l\u00fd t\u00edn hi\u1ec7u s\u1ed1 ti\u00ean ti\u1ebfn, ph\u00f9 h\u1ee3p \u0111\u1ec3 \u0111o d\u00f2ng ch\u1ea3y c\u1ee7a ch\u1ea5t l\u1ecfng trong nhi\u1ec1u lo\u1ea1i \u0111\u01b0\u1eddng \u1ed1ng m\u00e0 kh\u00f4ng c\u1ea7n khoan c\u1eaft hay l\u00e0m gi\u00e1n \u0111o\u1ea1n qu\u00e1 tr\u00ecnh v\u1eadn h\u00e0nh. Thi\u1ebft b\u1ecb s\u1eed d\u1ee5ng c\u1ea3m bi\u1ebfn d\u1ea1ng clamp-on, d\u1ec5 l\u1eafp \u0111\u1eb7t, mang theo linh ho\u1ea1t, v\u00e0 \u0111\u1eb7c bi\u1ec7t hi\u1ec7u qu\u1ea3 cho c\u00f4ng vi\u1ec7c ki\u1ec3m tra, \u0111o ki\u1ec3m th\u1ef1c t\u1ebf t\u1ea1i hi\u1ec7n tr\u01b0\u1eddng.","breadcrumb":{"@id":"https:\/\/quando.com.vn\/san-pham\/ph301-do-luu-luong-cam-tay\/#breadcrumb"},"inLanguage":"en-US","potentialAction":[{"@type":"ReadAction","target":["https:\/\/quando.com.vn\/san-pham\/ph301-do-luu-luong-cam-tay\/"]}]},{"@type":"BreadcrumbList","@id":"https:\/\/quando.com.vn\/san-pham\/ph301-do-luu-luong-cam-tay\/#breadcrumb","itemListElement":[{"@type":"ListItem","position":1,"name":"Trang ch\u1ee7","item":"https:\/\/quando.com.vn\/"},{"@type":"ListItem","position":2,"name":"S\u1ea3n ph\u1ea9m","item":"https:\/\/quando.com.vn\/san-pham\/"},{"@type":"ListItem","position":3,"name":"PH301 \u2013 M\u00e1y \u0111o l\u01b0u l\u01b0\u1ee3ng si\u00eau \u00e2m c\u1ea7m tay"}]}]}},"_links":{"self":[{"href":"http:\/\/quando.com.vn\/en\/wp-json\/wp\/v2\/product\/7158"}],"collection":[{"href":"http:\/\/quando.com.vn\/en\/wp-json\/wp\/v2\/product"}],"about":[{"href":"http:\/\/quando.com.vn\/en\/wp-json\/wp\/v2\/types\/product"}],"wp:featuredmedia":[{"embeddable":true,"href":"http:\/\/quando.com.vn\/en\/wp-json\/wp\/v2\/media\/7153"}],"wp:attachment":[{"href":"http:\/\/quando.com.vn\/en\/wp-json\/wp\/v2\/media?parent=7158"}],"wp:term":[{"taxonomy":"product_cat","embeddable":true,"href":"http:\/\/quando.com.vn\/en\/wp-json\/wp\/v2\/product_cat?post=7158"},{"taxonomy":"product_tag","embeddable":true,"href":"http:\/\/quando.com.vn\/en\/wp-json\/wp\/v2\/product_tag?post=7158"}],"curies":[{"name":"wp","href":"https:\/\/api.w.org\/{rel}","templated":true}]}}