{"id":7139,"date":"2025-06-18T10:15:07","date_gmt":"2025-06-18T03:15:07","guid":{"rendered":"https:\/\/quando.com.vn\/?post_type=product&#038;p=7139"},"modified":"2025-06-24T09:22:38","modified_gmt":"2025-06-24T02:22:38","slug":"tm605-dong-ho-do-luu-luong-sieu-am","status":"publish","type":"product","link":"http:\/\/quando.com.vn\/en\/product\/tm605-dong-ho-do-luu-luong-sieu-am\/","title":{"rendered":"TM605 \u2013 \u0110\u1ed3ng h\u1ed3 \u0111o l\u01b0u l\u01b0\u1ee3ng si\u00eau \u00e2m g\u1eafn k\u1eb9p ngo\u00e0i \u1ed1ng"},"content":{"rendered":"<h1><span style=\"font-size: 75%;\">TM605 \u2013 \u0110\u1ed3ng h\u1ed3 \u0111o l\u01b0u l\u01b0\u1ee3ng si\u00eau \u00e2m nh\u1ecf g\u1ecdn, k\u1eb9p t\u1eeb t\u00ednh, hi\u1ec3n th\u1ecb m\u00e0u tr\u1ef1c quan<\/span><\/h1>\n<p>TM605 l\u00e0 \u0111\u1ed3ng h\u1ed3 \u0111o l\u01b0u l\u01b0\u1ee3ng si\u00eau \u00e2m d\u1ea1ng t\u00edch h\u1ee3p nh\u1ecf g\u1ecdn (compact all-in-one), \u0111\u01b0\u1ee3c thi\u1ebft k\u1ebf chuy\u00ean bi\u1ec7t cho c\u00e1c \u0111\u01b0\u1eddng \u1ed1ng k\u00edch th\u01b0\u1edbc nh\u1ecf v\u00e0 trung b\u00ecnh. Thi\u1ebft b\u1ecb s\u1eed d\u1ee5ng nguy\u00ean l\u00fd ch\u00eanh l\u1ec7ch th\u1eddi gian truy\u1ec1n c\u1ee7a s\u00f3ng si\u00eau \u00e2m (transit-time difference method) \u0111\u1ec3 x\u00e1c \u0111\u1ecbnh l\u01b0u l\u01b0\u1ee3ng v\u00e0 v\u1eadn t\u1ed1c d\u00f2ng ch\u1ea3y m\u1ed9t c\u00e1ch ch\u00ednh x\u00e1c.<\/p>\n<p><strong>Thi\u1ebft k\u1ebf th\u00f4ng minh \u2013 L\u1eafp \u0111\u1eb7t trong v\u00e0i ph\u00fat<\/strong><br \/>\n&#8211; Thi\u1ebft k\u1ebf nam ch\u00e2m v\u00f2ng: S\u1eed d\u1ee5ng c\u01a1 c\u1ea5u k\u1eb9p t\u1eeb t\u00ednh d\u1ea1ng tr\u00f2n, TM605 c\u00f3 th\u1ec3 t\u1ef1 \u0111\u1ed9ng k\u1eb9p v\u00e0 kh\u00f3a c\u1ed1 \u0111\u1ecbnh v\u00e0o \u1ed1ng ch\u1ec9 trong 2\u20133 ph\u00fat m\u00e0 kh\u00f4ng c\u1ea7n ph\u1ee5 ki\u1ec7n h\u1ed7 tr\u1ee3<br \/>\n&#8211; M\u00e0n h\u00ecnh m\u00e0u IPS LCD: Cho ph\u00e9p \u0111\u1ecdc d\u1eef li\u1ec7u d\u1ec5 d\u00e0ng k\u1ec3 c\u1ea3 trong \u0111i\u1ec1u ki\u1ec7n \u00e1nh s\u00e1ng y\u1ebfu<br \/>\n&#8211; Bi\u1ec3u \u0111\u1ed3 c\u1ed9t v\u00e0 \u0111\u01b0\u1eddng: Hi\u1ec3n th\u1ecb t\u1ed5ng l\u01b0u l\u01b0\u1ee3ng, nhi\u1ec7t \u0111\u1ed9 v\u00e0 \u0111\u1ed3 th\u1ecb d\u00f2ng ch\u1ea3y theo th\u1eddi gian th\u1ef1c<\/p>\n<p><a href=\"https:\/\/quando.com.vn\/wp-content\/uploads\/2025\/06\/tm605_plus_clamp_on_ultrasonic_flowmeter_for_accurate_measurements.webp\"><img loading=\"lazy\" class=\"aligncenter size-full wp-image-7141\" src=\"https:\/\/quando.com.vn\/wp-content\/uploads\/2025\/06\/tm605_plus_clamp_on_ultrasonic_flowmeter_for_accurate_measurements.webp\" alt=\"TM605 \u0111\u1ed3ng h\u1ed3 \u0111o l\u01b0u l\u01b0\u1ee3ng si\u00eau \u00e2m m\u00e0n h\u00ecnh IPS LCD\" width=\"421\" height=\"400\" srcset=\"https:\/\/quando.com.vn\/wp-content\/uploads\/2025\/06\/tm605_plus_clamp_on_ultrasonic_flowmeter_for_accurate_measurements.webp 421w, https:\/\/quando.com.vn\/wp-content\/uploads\/2025\/06\/tm605_plus_clamp_on_ultrasonic_flowmeter_for_accurate_measurements-300x285.webp 300w, https:\/\/quando.com.vn\/wp-content\/uploads\/2025\/06\/tm605_plus_clamp_on_ultrasonic_flowmeter_for_accurate_measurements-13x12.webp 13w\" sizes=\"(max-width: 421px) 100vw, 421px\" \/><img loading=\"lazy\" class=\"aligncenter size-full wp-image-7169\" src=\"https:\/\/quando.com.vn\/wp-content\/uploads\/2025\/06\/TM605-Installation06-23-17-19-14.jpg\" alt=\"TM605 \u0111\u1ed3ng h\u1ed3 \u0111o l\u01b0u l\u01b0\u1ee3ng si\u00eau \u00e2m m\u00e0n h\u00ecnh IPS LCD\" width=\"750\" height=\"437\" srcset=\"https:\/\/quando.com.vn\/wp-content\/uploads\/2025\/06\/TM605-Installation06-23-17-19-14.jpg 750w, https:\/\/quando.com.vn\/wp-content\/uploads\/2025\/06\/TM605-Installation06-23-17-19-14-300x175.jpg 300w, https:\/\/quando.com.vn\/wp-content\/uploads\/2025\/06\/TM605-Installation06-23-17-19-14-18x10.jpg 18w\" sizes=\"(max-width: 750px) 100vw, 750px\" \/><\/a><\/p>\n<p><strong>T\u01b0\u01a1ng th\u00edch \u0111a d\u1ea1ng ch\u1ea5t l\u1ecfng v\u00e0 v\u1eadt li\u1ec7u \u1ed1ng<\/strong><\/p>\n<p>Ch\u1ec9 v\u1edbi m\u1ed9t thi\u1ebft b\u1ecb TM605, ng\u01b0\u1eddi d\u00f9ng c\u00f3 th\u1ec3 \u0111o:<\/p>\n<p>&#8211; N\u01b0\u1edbc s\u1ea1ch, n\u01b0\u1edbc bi\u1ec3n, n\u01b0\u1edbc l\u1ea1nh<br \/>\n&#8211; D\u1ea7u s\u1ea1ch v\u00e0 c\u00e1c lo\u1ea1i ch\u1ea5t l\u1ecfng kh\u00f4ng ch\u1ee9a h\u1ea1t<br \/>\n&#8211; \u1ed0ng kim lo\u1ea1i: th\u00e9p kh\u00f4ng g\u1ec9, th\u00e9p carbon<br \/>\n&#8211; \u1ed0ng nh\u1ef1a: PVC, PPR, HDPE, PVDF,&#8230;<\/p>\n<table style=\"width: 100%; border-collapse: collapse;\">\n<tbody>\n<tr>\n<td style=\"padding: 10px; border: 1px solid #ccc;\">D\u1ea3i l\u01b0u l\u01b0\u1ee3ng<\/td>\n<td style=\"padding: 10px; border: 1px solid #ccc;\">0.1 m\/s ~ \u00b15 m\/s (0.328 ft\/s ~ \u00b116 ft\/s)<\/td>\n<\/tr>\n<tr>\n<td style=\"padding: 10px; border: 1px solid #ccc;\">\u0110\u1ed9 ch\u00ednh x\u00e1c<\/td>\n<td style=\"padding: 10px; border: 1px solid #ccc;\">\u00b12%<\/td>\n<\/tr>\n<tr>\n<td style=\"padding: 10px; border: 1px solid #ccc;\">Ph\u1ea1m vi \u0111\u01b0\u1eddng k\u00ednh \u1ed1ng (t\u00f9y ch\u1ecdn)<\/td>\n<td style=\"padding: 10px; border: 1px solid #ccc;\">DN6 ~ DN100<\/td>\n<\/tr>\n<tr>\n<td style=\"padding: 10px; border: 1px solid #ccc;\">M\u00f4i ch\u1ea5t \u0111o<\/td>\n<td style=\"padding: 10px; border: 1px solid #ccc;\">N\u01b0\u1edbc th\u01b0\u1eddng, n\u01b0\u1edbc bi\u1ec3n, n\u01b0\u1edbc n\u00f3ng\/l\u1ea1nh, c\u1ed3n,&#8230;<\/td>\n<\/tr>\n<tr>\n<td style=\"padding: 10px; border: 1px solid #ccc;\">V\u1eadt li\u1ec7u \u1ed1ng t\u01b0\u01a1ng th\u00edch (t\u00f9y ch\u1ecdn)<\/td>\n<td style=\"padding: 10px; border: 1px solid #ccc;\">Th\u00e9p carbon, inox, PVC<\/td>\n<\/tr>\n<tr>\n<td style=\"padding: 10px; border: 1px solid #ccc;\">Giao ti\u1ebfp<\/td>\n<td style=\"padding: 10px; border: 1px solid #ccc;\">C\u1ed5ng RS485, h\u1ed7 tr\u1ee3 giao th\u1ee9c Modbus<\/td>\n<\/tr>\n<tr>\n<td style=\"padding: 10px; border: 1px solid #ccc;\">Ngu\u1ed3n c\u1ea5p<\/td>\n<td style=\"padding: 10px; border: 1px solid #ccc;\">24V DC<\/td>\n<\/tr>\n<tr>\n<td style=\"padding: 10px; border: 1px solid #ccc;\">B\u00e0n ph\u00edm \u0111i\u1ec1u khi\u1ec3n<\/td>\n<td style=\"padding: 10px; border: 1px solid #ccc;\">4 ph\u00edm c\u1ea3m \u1ee9ng<\/td>\n<\/tr>\n<tr>\n<td style=\"padding: 10px; border: 1px solid #ccc;\">M\u00e0n h\u00ecnh hi\u1ec3n th\u1ecb<\/td>\n<td style=\"padding: 10px; border: 1px solid #ccc;\">OLED \u0111\u1ed9 ph\u00e2n gi\u1ea3i 320\u00d7240, d\u1ea1ng ma tr\u1eadn \u0111i\u1ec3m<\/td>\n<\/tr>\n<\/tbody>\n<\/table>","protected":false},"excerpt":{"rendered":"<p data-start=\"151\" data-end=\"231\">&#8211; M\u00e0n h\u00ecnh OLED 320\u00d7240 hi\u1ec3n th\u1ecb r\u00f5 n\u00e9t<br \/>\n&#8211; Nh\u1ecf g\u1ecdn, c\u00e0i \u0111\u1eb7t \u0111\u01a1n gi\u1ea3n v\u00e0 nhanh ch\u00f3ng<br \/>\n&#8211; T\u1ed1c \u0111\u1ed9 d\u00f2ng ch\u1ea3y: 0.1 ~ \u00b15m\/s (0.328 ~ \u00b116 ft\/s)<br \/>\n&#8211; \u0110\u1ed9 ch\u00ednh x\u00e1c: \u00b12.0%<br \/>\n&#8211; K\u00edch th\u01b0\u1edbc \u1ed1ng ph\u00f9 h\u1ee3p: DN6 \u0111\u1ebfn DN100<\/p>","protected":false},"featured_media":7140,"template":"","meta":[],"product_cat":[442,471,476,477,416,444,484,485],"product_tag":[],"acf":[],"yoast_head":"<!-- This site is optimized with the Yoast SEO Premium plugin v18.4 (Yoast SEO v18.6) - https:\/\/yoast.com\/wordpress\/plugins\/seo\/ -->\n<title>TM605 \u2013 \u0110\u1ed3ng h\u1ed3 \u0111o l\u01b0u l\u01b0\u1ee3ng si\u00eau \u00e2m g\u1eafn k\u1eb9p ngo\u00e0i \u1ed1ng - QUANDO<\/title>\n<meta name=\"description\" content=\"TM605 l\u00e0 \u0111\u1ed3ng h\u1ed3 \u0111o l\u01b0u l\u01b0\u1ee3ng si\u00eau \u00e2m nh\u1ecf g\u1ecdn, s\u1eed d\u1ee5ng c\u1ea3m bi\u1ebfn t\u1eeb t\u00ednh t\u1ef1 k\u1eb9p, hi\u1ec3n th\u1ecb IPS LCD, \u0111o ch\u00ednh x\u00e1c l\u01b0u l\u01b0\u1ee3ng v\u00e0 nhi\u1ec7t \u0111\u1ed9 cho c\u1ea3 n\u01b0\u1edbc v\u00e0 d\u1ea7u tr\u00ean nhi\u1ec1u lo\u1ea1i \u1ed1ng kim lo\u1ea1i ho\u1eb7c nh\u1ef1a...\" \/>\n<meta name=\"robots\" content=\"index, follow, max-snippet:-1, max-image-preview:large, max-video-preview:-1\" \/>\n<link rel=\"canonical\" href=\"http:\/\/quando.com.vn\/en\/product\/tm605-dong-ho-do-luu-luong-sieu-am\/\" \/>\n<meta property=\"og:locale\" content=\"en_US\" \/>\n<meta property=\"og:type\" content=\"article\" \/>\n<meta property=\"og:title\" content=\"TM605 \u2013 \u0110\u1ed3ng h\u1ed3 \u0111o l\u01b0u l\u01b0\u1ee3ng si\u00eau \u00e2m g\u1eafn k\u1eb9p ngo\u00e0i \u1ed1ng\" \/>\n<meta property=\"og:description\" content=\"TM605 l\u00e0 \u0111\u1ed3ng h\u1ed3 \u0111o l\u01b0u l\u01b0\u1ee3ng si\u00eau \u00e2m nh\u1ecf g\u1ecdn, s\u1eed d\u1ee5ng c\u1ea3m bi\u1ebfn t\u1eeb t\u00ednh t\u1ef1 k\u1eb9p, hi\u1ec3n th\u1ecb IPS LCD, \u0111o ch\u00ednh x\u00e1c l\u01b0u l\u01b0\u1ee3ng v\u00e0 nhi\u1ec7t \u0111\u1ed9 cho c\u1ea3 n\u01b0\u1edbc v\u00e0 d\u1ea7u tr\u00ean nhi\u1ec1u lo\u1ea1i \u1ed1ng kim lo\u1ea1i ho\u1eb7c nh\u1ef1a...\" \/>\n<meta property=\"og:url\" content=\"http:\/\/quando.com.vn\/en\/product\/tm605-dong-ho-do-luu-luong-sieu-am\/\" \/>\n<meta property=\"og:site_name\" content=\"QUANDO\" \/>\n<meta property=\"article:modified_time\" content=\"2025-06-24T02:22:38+00:00\" \/>\n<meta property=\"og:image\" content=\"https:\/\/quando.com.vn\/wp-content\/uploads\/2025\/06\/TM605_img-product.png\" \/>\n\t<meta property=\"og:image:width\" content=\"744\" \/>\n\t<meta property=\"og:image:height\" content=\"528\" \/>\n\t<meta property=\"og:image:type\" content=\"image\/png\" \/>\n<meta name=\"twitter:card\" content=\"summary_large_image\" \/>\n<meta name=\"twitter:label1\" content=\"Est. reading time\" \/>\n\t<meta name=\"twitter:data1\" content=\"3 minutes\" \/>\n<script type=\"application\/ld+json\" class=\"yoast-schema-graph\">{\"@context\":\"https:\/\/schema.org\",\"@graph\":[{\"@type\":\"WebSite\",\"@id\":\"https:\/\/quando.com.vn\/en\/#website\",\"url\":\"https:\/\/quando.com.vn\/en\/\",\"name\":\"QUANDO\",\"description\":\"\",\"potentialAction\":[{\"@type\":\"SearchAction\",\"target\":{\"@type\":\"EntryPoint\",\"urlTemplate\":\"https:\/\/quando.com.vn\/en\/?s={search_term_string}\"},\"query-input\":\"required name=search_term_string\"}],\"inLanguage\":\"en-US\"},{\"@type\":\"ImageObject\",\"@id\":\"https:\/\/quando.com.vn\/san-pham\/tm605-dong-ho-do-luu-luong-sieu-am\/#primaryimage\",\"inLanguage\":\"en-US\",\"url\":\"https:\/\/quando.com.vn\/wp-content\/uploads\/2025\/06\/TM605_img-product.png\",\"contentUrl\":\"https:\/\/quando.com.vn\/wp-content\/uploads\/2025\/06\/TM605_img-product.png\",\"width\":744,\"height\":528,\"caption\":\"TM605 \u0111\u1ed3ng h\u1ed3 \u0111o l\u01b0u l\u01b0\u1ee3ng si\u00eau \u00e2m m\u00e0n h\u00ecnh IPS LCD\"},{\"@type\":\"WebPage\",\"@id\":\"https:\/\/quando.com.vn\/san-pham\/tm605-dong-ho-do-luu-luong-sieu-am\/#webpage\",\"url\":\"https:\/\/quando.com.vn\/san-pham\/tm605-dong-ho-do-luu-luong-sieu-am\/\",\"name\":\"TM605 \u2013 \u0110\u1ed3ng h\u1ed3 \u0111o l\u01b0u l\u01b0\u1ee3ng si\u00eau \u00e2m g\u1eafn k\u1eb9p ngo\u00e0i \u1ed1ng - QUANDO\",\"isPartOf\":{\"@id\":\"https:\/\/quando.com.vn\/en\/#website\"},\"primaryImageOfPage\":{\"@id\":\"https:\/\/quando.com.vn\/san-pham\/tm605-dong-ho-do-luu-luong-sieu-am\/#primaryimage\"},\"datePublished\":\"2025-06-18T03:15:07+00:00\",\"dateModified\":\"2025-06-24T02:22:38+00:00\",\"description\":\"TM605 l\u00e0 \u0111\u1ed3ng h\u1ed3 \u0111o l\u01b0u l\u01b0\u1ee3ng si\u00eau \u00e2m nh\u1ecf g\u1ecdn, s\u1eed d\u1ee5ng c\u1ea3m bi\u1ebfn t\u1eeb t\u00ednh t\u1ef1 k\u1eb9p, hi\u1ec3n th\u1ecb IPS LCD, \u0111o ch\u00ednh x\u00e1c l\u01b0u l\u01b0\u1ee3ng v\u00e0 nhi\u1ec7t \u0111\u1ed9 cho c\u1ea3 n\u01b0\u1edbc v\u00e0 d\u1ea7u tr\u00ean nhi\u1ec1u lo\u1ea1i \u1ed1ng kim lo\u1ea1i ho\u1eb7c nh\u1ef1a...\",\"breadcrumb\":{\"@id\":\"https:\/\/quando.com.vn\/san-pham\/tm605-dong-ho-do-luu-luong-sieu-am\/#breadcrumb\"},\"inLanguage\":\"en-US\",\"potentialAction\":[{\"@type\":\"ReadAction\",\"target\":[\"https:\/\/quando.com.vn\/san-pham\/tm605-dong-ho-do-luu-luong-sieu-am\/\"]}]},{\"@type\":\"BreadcrumbList\",\"@id\":\"https:\/\/quando.com.vn\/san-pham\/tm605-dong-ho-do-luu-luong-sieu-am\/#breadcrumb\",\"itemListElement\":[{\"@type\":\"ListItem\",\"position\":1,\"name\":\"Trang ch\u1ee7\",\"item\":\"https:\/\/quando.com.vn\/\"},{\"@type\":\"ListItem\",\"position\":2,\"name\":\"S\u1ea3n ph\u1ea9m\",\"item\":\"https:\/\/quando.com.vn\/san-pham\/\"},{\"@type\":\"ListItem\",\"position\":3,\"name\":\"TM605 \u2013 \u0110\u1ed3ng h\u1ed3 \u0111o l\u01b0u l\u01b0\u1ee3ng si\u00eau \u00e2m g\u1eafn k\u1eb9p ngo\u00e0i \u1ed1ng\"}]}]}<\/script>\n<!-- \/ Yoast SEO Premium plugin. -->","yoast_head_json":{"title":"TM605 \u2013 \u0110\u1ed3ng h\u1ed3 \u0111o l\u01b0u l\u01b0\u1ee3ng si\u00eau \u00e2m g\u1eafn k\u1eb9p ngo\u00e0i \u1ed1ng - QUANDO","description":"TM605 l\u00e0 \u0111\u1ed3ng h\u1ed3 \u0111o l\u01b0u l\u01b0\u1ee3ng si\u00eau \u00e2m nh\u1ecf g\u1ecdn, s\u1eed d\u1ee5ng c\u1ea3m bi\u1ebfn t\u1eeb t\u00ednh t\u1ef1 k\u1eb9p, hi\u1ec3n th\u1ecb IPS LCD, \u0111o ch\u00ednh x\u00e1c l\u01b0u l\u01b0\u1ee3ng v\u00e0 nhi\u1ec7t \u0111\u1ed9 cho c\u1ea3 n\u01b0\u1edbc v\u00e0 d\u1ea7u tr\u00ean nhi\u1ec1u lo\u1ea1i \u1ed1ng kim lo\u1ea1i ho\u1eb7c nh\u1ef1a...","robots":{"index":"index","follow":"follow","max-snippet":"max-snippet:-1","max-image-preview":"max-image-preview:large","max-video-preview":"max-video-preview:-1"},"canonical":"http:\/\/quando.com.vn\/en\/product\/tm605-dong-ho-do-luu-luong-sieu-am\/","og_locale":"en_US","og_type":"article","og_title":"TM605 \u2013 \u0110\u1ed3ng h\u1ed3 \u0111o l\u01b0u l\u01b0\u1ee3ng si\u00eau \u00e2m g\u1eafn k\u1eb9p ngo\u00e0i \u1ed1ng","og_description":"TM605 l\u00e0 \u0111\u1ed3ng h\u1ed3 \u0111o l\u01b0u l\u01b0\u1ee3ng si\u00eau \u00e2m nh\u1ecf g\u1ecdn, s\u1eed d\u1ee5ng c\u1ea3m bi\u1ebfn t\u1eeb t\u00ednh t\u1ef1 k\u1eb9p, hi\u1ec3n th\u1ecb IPS LCD, \u0111o ch\u00ednh x\u00e1c l\u01b0u l\u01b0\u1ee3ng v\u00e0 nhi\u1ec7t \u0111\u1ed9 cho c\u1ea3 n\u01b0\u1edbc v\u00e0 d\u1ea7u tr\u00ean nhi\u1ec1u lo\u1ea1i \u1ed1ng kim lo\u1ea1i ho\u1eb7c nh\u1ef1a...","og_url":"http:\/\/quando.com.vn\/en\/product\/tm605-dong-ho-do-luu-luong-sieu-am\/","og_site_name":"QUANDO","article_modified_time":"2025-06-24T02:22:38+00:00","og_image":[{"width":744,"height":528,"url":"https:\/\/quando.com.vn\/wp-content\/uploads\/2025\/06\/TM605_img-product.png","type":"image\/png"}],"twitter_card":"summary_large_image","twitter_misc":{"Est. reading time":"3 minutes"},"schema":{"@context":"https:\/\/schema.org","@graph":[{"@type":"WebSite","@id":"https:\/\/quando.com.vn\/en\/#website","url":"https:\/\/quando.com.vn\/en\/","name":"QUANDO","description":"","potentialAction":[{"@type":"SearchAction","target":{"@type":"EntryPoint","urlTemplate":"https:\/\/quando.com.vn\/en\/?s={search_term_string}"},"query-input":"required name=search_term_string"}],"inLanguage":"en-US"},{"@type":"ImageObject","@id":"https:\/\/quando.com.vn\/san-pham\/tm605-dong-ho-do-luu-luong-sieu-am\/#primaryimage","inLanguage":"en-US","url":"https:\/\/quando.com.vn\/wp-content\/uploads\/2025\/06\/TM605_img-product.png","contentUrl":"https:\/\/quando.com.vn\/wp-content\/uploads\/2025\/06\/TM605_img-product.png","width":744,"height":528,"caption":"TM605 \u0111\u1ed3ng h\u1ed3 \u0111o l\u01b0u l\u01b0\u1ee3ng si\u00eau \u00e2m m\u00e0n h\u00ecnh IPS LCD"},{"@type":"WebPage","@id":"https:\/\/quando.com.vn\/san-pham\/tm605-dong-ho-do-luu-luong-sieu-am\/#webpage","url":"https:\/\/quando.com.vn\/san-pham\/tm605-dong-ho-do-luu-luong-sieu-am\/","name":"TM605 \u2013 \u0110\u1ed3ng h\u1ed3 \u0111o l\u01b0u l\u01b0\u1ee3ng si\u00eau \u00e2m g\u1eafn k\u1eb9p ngo\u00e0i \u1ed1ng - QUANDO","isPartOf":{"@id":"https:\/\/quando.com.vn\/en\/#website"},"primaryImageOfPage":{"@id":"https:\/\/quando.com.vn\/san-pham\/tm605-dong-ho-do-luu-luong-sieu-am\/#primaryimage"},"datePublished":"2025-06-18T03:15:07+00:00","dateModified":"2025-06-24T02:22:38+00:00","description":"TM605 l\u00e0 \u0111\u1ed3ng h\u1ed3 \u0111o l\u01b0u l\u01b0\u1ee3ng si\u00eau \u00e2m nh\u1ecf g\u1ecdn, s\u1eed d\u1ee5ng c\u1ea3m bi\u1ebfn t\u1eeb t\u00ednh t\u1ef1 k\u1eb9p, hi\u1ec3n th\u1ecb IPS LCD, \u0111o ch\u00ednh x\u00e1c l\u01b0u l\u01b0\u1ee3ng v\u00e0 nhi\u1ec7t \u0111\u1ed9 cho c\u1ea3 n\u01b0\u1edbc v\u00e0 d\u1ea7u tr\u00ean nhi\u1ec1u lo\u1ea1i \u1ed1ng kim lo\u1ea1i ho\u1eb7c nh\u1ef1a...","breadcrumb":{"@id":"https:\/\/quando.com.vn\/san-pham\/tm605-dong-ho-do-luu-luong-sieu-am\/#breadcrumb"},"inLanguage":"en-US","potentialAction":[{"@type":"ReadAction","target":["https:\/\/quando.com.vn\/san-pham\/tm605-dong-ho-do-luu-luong-sieu-am\/"]}]},{"@type":"BreadcrumbList","@id":"https:\/\/quando.com.vn\/san-pham\/tm605-dong-ho-do-luu-luong-sieu-am\/#breadcrumb","itemListElement":[{"@type":"ListItem","position":1,"name":"Trang ch\u1ee7","item":"https:\/\/quando.com.vn\/"},{"@type":"ListItem","position":2,"name":"S\u1ea3n ph\u1ea9m","item":"https:\/\/quando.com.vn\/san-pham\/"},{"@type":"ListItem","position":3,"name":"TM605 \u2013 \u0110\u1ed3ng h\u1ed3 \u0111o l\u01b0u l\u01b0\u1ee3ng si\u00eau \u00e2m g\u1eafn k\u1eb9p ngo\u00e0i \u1ed1ng"}]}]}},"_links":{"self":[{"href":"http:\/\/quando.com.vn\/en\/wp-json\/wp\/v2\/product\/7139"}],"collection":[{"href":"http:\/\/quando.com.vn\/en\/wp-json\/wp\/v2\/product"}],"about":[{"href":"http:\/\/quando.com.vn\/en\/wp-json\/wp\/v2\/types\/product"}],"wp:featuredmedia":[{"embeddable":true,"href":"http:\/\/quando.com.vn\/en\/wp-json\/wp\/v2\/media\/7140"}],"wp:attachment":[{"href":"http:\/\/quando.com.vn\/en\/wp-json\/wp\/v2\/media?parent=7139"}],"wp:term":[{"taxonomy":"product_cat","embeddable":true,"href":"http:\/\/quando.com.vn\/en\/wp-json\/wp\/v2\/product_cat?post=7139"},{"taxonomy":"product_tag","embeddable":true,"href":"http:\/\/quando.com.vn\/en\/wp-json\/wp\/v2\/product_tag?post=7139"}],"curies":[{"name":"wp","href":"https:\/\/api.w.org\/{rel}","templated":true}]}}