{"id":7092,"date":"2025-06-11T13:31:50","date_gmt":"2025-06-11T06:31:50","guid":{"rendered":"https:\/\/quando.com.vn\/?post_type=product&#038;p=7092"},"modified":"2025-06-11T15:04:10","modified_gmt":"2025-06-11T08:04:10","slug":"tm602-dong-ho-do-luu-luong-sieu-am-clamp-on-nho-gon-nhiet-do-cao","status":"publish","type":"product","link":"http:\/\/quando.com.vn\/en\/product\/tm602-dong-ho-do-luu-luong-sieu-am-clamp-on-nho-gon-nhiet-do-cao\/","title":{"rendered":"TM602 \u2013 \u0110\u1ed3ng h\u1ed3 \u0111o l\u01b0u l\u01b0\u1ee3ng si\u00eau \u00e2m ch\u1ecbu nhi\u1ec7t cao, ki\u1ec3u r\u1eddi"},"content":{"rendered":"<h1><span style=\"font-size: 75%;\">TM602 \u2013 \u0110\u1ed3ng h\u1ed3 \u0111o l\u01b0u l\u01b0\u1ee3ng si\u00eau \u00e2m ch\u1ecbu nhi\u1ec7t cao, ki\u1ec3u r\u1eddi d\u1ea1ng k\u1eb9p ngo\u00e0i nh\u1ecf g\u1ecdn, d\u1ec5 l\u1eafp \u0111\u1eb7t<\/span><\/h1>\n<p>TM602 l\u00e0 d\u00f2ng \u0111\u1ed3ng h\u1ed3 \u0111o l\u01b0u l\u01b0\u1ee3ng si\u00eau \u00e2m thi\u1ebft k\u1ebf \u0111\u1eb7c bi\u1ec7t cho c\u00e1c \u0111\u01b0\u1eddng \u1ed1ng nh\u1ecf l\u00e0m t\u1eeb PVC, th\u00e9p carbon ho\u1eb7c inox. V\u1edbi ki\u1ec3u l\u1eafp k\u1eb9p ngo\u00e0i (clamp-on), thi\u1ebft b\u1ecb kh\u00f4ng y\u00eau c\u1ea7u c\u1eaft \u1ed1ng, kh\u00f4ng l\u00e0m gi\u00e1n \u0111o\u1ea1n d\u00f2ng ch\u1ea3y, v\u00e0 c\u00f3 th\u1ec3 l\u1eafp \u0111\u1eb7t ch\u1ec9 trong 30 gi\u00e2y.<\/p>\n<p><strong>L\u1eafp \u0111\u1eb7t nhanh ch\u00f3ng \u2013 Kh\u00f4ng c\u1ea7n d\u1eebng h\u1ec7 th\u1ed1ng<\/strong><br \/>\n&#8211; Ch\u1ec9 v\u1edbi 4 \u1ed1c v\u00edt \u0111\u1ec3 c\u1ed1 \u0111\u1ecbnh thi\u1ebft b\u1ecb<br \/>\n&#8211; Ho\u00e0n t\u1ea5t c\u00e0i \u0111\u1eb7t trong 30 gi\u00e2y<br \/>\n&#8211; Kh\u00f4ng c\u1ea7n c\u1eaft \u1ed1ng ho\u1eb7c t\u1eaft d\u00f2ng ch\u1ea3y<br \/>\n&#8211; Kh\u00f4ng g\u00e2y t\u1ed5n th\u1ea5t \u00e1p su\u1ea5t \u2013 an to\u00e0n cho to\u00e0n h\u1ec7 th\u1ed1ng<\/p>\n<table style=\"width: 100%; border-collapse: collapse;\">\n<tbody>\n<tr>\n<td style=\"padding: 10px; border: 1px solid #ccc;\">D\u1ea3i l\u01b0u l\u01b0\u1ee3ng<\/td>\n<td style=\"padding: 10px; border: 1px solid #ccc;\">\u00b10.1 m\/s ~ \u00b15 m\/s (\u00b10.328 ft\/s ~ \u00b116 ft\/s)<\/td>\n<\/tr>\n<tr>\n<td style=\"padding: 10px; border: 1px solid #ccc;\">\u0110\u1ed9 ch\u00ednh x\u00e1c<\/td>\n<td style=\"padding: 10px; border: 1px solid #ccc;\">\u00b12%<\/td>\n<\/tr>\n<tr>\n<td style=\"padding: 10px; border: 1px solid #ccc;\">\u0110\u1ed9 l\u1eb7p l\u1ea1i<\/td>\n<td style=\"padding: 10px; border: 1px solid #ccc;\">0.40%<\/td>\n<\/tr>\n<tr>\n<td style=\"padding: 10px; border: 1px solid #ccc;\">Ph\u1ea1m vi \u0111\u01b0\u1eddng k\u00ednh \u1ed1ng<\/td>\n<td style=\"padding: 10px; border: 1px solid #ccc;\">OD9.53 ~ OD110<\/td>\n<\/tr>\n<tr>\n<td style=\"padding: 10px; border: 1px solid #ccc;\">Ch\u1ea5t l\u1ecfng \u0111o \u0111\u01b0\u1ee3c<\/td>\n<td style=\"padding: 10px; border: 1px solid #ccc;\">N\u01b0\u1edbc, n\u01b0\u1edbc bi\u1ec3n, d\u1ea7u<\/td>\n<\/tr>\n<tr>\n<td style=\"padding: 10px; border: 1px solid #ccc;\">V\u1eadt li\u1ec7u \u1ed1ng t\u01b0\u01a1ng th\u00edch<\/td>\n<td style=\"padding: 10px; border: 1px solid #ccc;\">Th\u00e9p carbon, inox, PVC<\/td>\n<\/tr>\n<tr>\n<td style=\"padding: 10px; border: 1px solid #ccc;\">Giao ti\u1ebfp<\/td>\n<td style=\"padding: 10px; border: 1px solid #ccc;\">C\u1ed5ng RS485, h\u1ed7 tr\u1ee3 giao th\u1ee9c Modbus<\/td>\n<\/tr>\n<tr>\n<td style=\"padding: 10px; border: 1px solid #ccc;\">Ngu\u1ed3n c\u1ea5p<\/td>\n<td style=\"padding: 10px; border: 1px solid #ccc;\">24V DC<\/td>\n<\/tr>\n<tr>\n<td style=\"padding: 10px; border: 1px solid #ccc;\">B\u00e0n ph\u00edm \u0111i\u1ec1u khi\u1ec3n<\/td>\n<td style=\"padding: 10px; border: 1px solid #ccc;\">4 ph\u00edm c\u1ea3m \u1ee9ng<\/td>\n<\/tr>\n<tr>\n<td style=\"padding: 10px; border: 1px solid #ccc;\">M\u00e0n h\u00ecnh hi\u1ec3n th\u1ecb<\/td>\n<td style=\"padding: 10px; border: 1px solid #ccc;\">OLED n\u1ec1n s\u00e1ng t\u00edch h\u1ee3p 128\u00d764 \u0111i\u1ec3m \u1ea3nh<\/td>\n<\/tr>\n<\/tbody>\n<\/table>","protected":false},"excerpt":{"rendered":"<p data-start=\"151\" data-end=\"231\">&#8211; Hi\u1ec3n th\u1ecb: OLED n\u1ec1n s\u00e1ng t\u00edch h\u1ee3p 128\u00d764 \u0111i\u1ec3m \u1ea3nh<br \/>\n&#8211; Nh\u1ecf g\u1ecdn, c\u00e0i \u0111\u1eb7t \u0111\u01a1n gi\u1ea3n v\u00e0 nhanh ch\u00f3ng<br \/>\n&#8211; T\u1ed1c \u0111\u1ed9 d\u00f2ng ch\u1ea3y: \u00b10.1 m\/s ~ \u00b15 m\/s (\u00b10.328 ft\/s ~ \u00b116 ft\/s)<br \/>\n&#8211; \u0110\u1ed9 ch\u00ednh x\u00e1c: \u00b12.0%<br \/>\n&#8211; K\u00edch th\u01b0\u1edbc \u1ed1ng ph\u00f9 h\u1ee3p: DN6 \u0111\u1ebfn DN100<\/p>","protected":false},"featured_media":7106,"template":"","meta":[],"product_cat":[442,471,476,477,416,444,484,485],"product_tag":[],"acf":[],"yoast_head":"<!-- This site is optimized with the Yoast SEO Premium plugin v18.4 (Yoast SEO v18.6) - https:\/\/yoast.com\/wordpress\/plugins\/seo\/ -->\n<title>TM602 \u2013 \u0110\u1ed3ng h\u1ed3 \u0111o l\u01b0u l\u01b0\u1ee3ng si\u00eau \u00e2m ch\u1ecbu nhi\u1ec7t cao, ki\u1ec3u r\u1eddi - QUANDO<\/title>\n<meta name=\"description\" content=\"TM602 l\u00e0 \u0111\u1ed3ng h\u1ed3 \u0111o l\u01b0u l\u01b0\u1ee3ng si\u00eau \u00e2m d\u1ea1ng clamp-on \u0111\u01a1n gi\u1ea3n, l\u1eafp \u0111\u1eb7t trong 30s, kh\u00f4ng c\u1eaft \u1ed1ng, kh\u00f4ng m\u1ea5t \u00e1p. Ph\u00f9 h\u1ee3p cho h\u1ec7 th\u1ed1ng HVAC, t\u01b0\u1edbi ti\u00eau, cung c\u1ea5p n\u01b0\u1edbc d\u00e2n d\u1ee5ng v\u00e0 nu\u00f4i tr\u1ed3ng th\u1ee7y s\u1ea3n\" \/>\n<meta name=\"robots\" content=\"index, follow, max-snippet:-1, max-image-preview:large, max-video-preview:-1\" \/>\n<link rel=\"canonical\" href=\"http:\/\/quando.com.vn\/en\/product\/tm602-dong-ho-do-luu-luong-sieu-am-clamp-on-nho-gon-nhiet-do-cao\/\" \/>\n<meta property=\"og:locale\" content=\"en_US\" \/>\n<meta property=\"og:type\" content=\"article\" \/>\n<meta property=\"og:title\" content=\"TM602 \u2013 \u0110\u1ed3ng h\u1ed3 \u0111o l\u01b0u l\u01b0\u1ee3ng si\u00eau \u00e2m ch\u1ecbu nhi\u1ec7t cao, ki\u1ec3u r\u1eddi\" \/>\n<meta property=\"og:description\" content=\"TM602 l\u00e0 \u0111\u1ed3ng h\u1ed3 \u0111o l\u01b0u l\u01b0\u1ee3ng si\u00eau \u00e2m d\u1ea1ng clamp-on \u0111\u01a1n gi\u1ea3n, l\u1eafp \u0111\u1eb7t trong 30s, kh\u00f4ng c\u1eaft \u1ed1ng, kh\u00f4ng m\u1ea5t \u00e1p. Ph\u00f9 h\u1ee3p cho h\u1ec7 th\u1ed1ng HVAC, t\u01b0\u1edbi ti\u00eau, cung c\u1ea5p n\u01b0\u1edbc d\u00e2n d\u1ee5ng v\u00e0 nu\u00f4i tr\u1ed3ng th\u1ee7y s\u1ea3n\" \/>\n<meta property=\"og:url\" content=\"http:\/\/quando.com.vn\/en\/product\/tm602-dong-ho-do-luu-luong-sieu-am-clamp-on-nho-gon-nhiet-do-cao\/\" \/>\n<meta property=\"og:site_name\" content=\"QUANDO\" \/>\n<meta property=\"article:modified_time\" content=\"2025-06-11T08:04:10+00:00\" \/>\n<meta property=\"og:image\" content=\"https:\/\/quando.com.vn\/wp-content\/uploads\/2025\/06\/TM602_img-product.png\" \/>\n\t<meta property=\"og:image:width\" content=\"601\" \/>\n\t<meta property=\"og:image:height\" content=\"553\" \/>\n\t<meta property=\"og:image:type\" content=\"image\/png\" \/>\n<meta name=\"twitter:card\" content=\"summary_large_image\" \/>\n<meta name=\"twitter:label1\" content=\"Est. reading time\" \/>\n\t<meta name=\"twitter:data1\" content=\"2 minutes\" \/>\n<script type=\"application\/ld+json\" class=\"yoast-schema-graph\">{\"@context\":\"https:\/\/schema.org\",\"@graph\":[{\"@type\":\"WebSite\",\"@id\":\"https:\/\/quando.com.vn\/en\/#website\",\"url\":\"https:\/\/quando.com.vn\/en\/\",\"name\":\"QUANDO\",\"description\":\"\",\"potentialAction\":[{\"@type\":\"SearchAction\",\"target\":{\"@type\":\"EntryPoint\",\"urlTemplate\":\"https:\/\/quando.com.vn\/en\/?s={search_term_string}\"},\"query-input\":\"required name=search_term_string\"}],\"inLanguage\":\"en-US\"},{\"@type\":\"ImageObject\",\"@id\":\"https:\/\/quando.com.vn\/san-pham\/tm602-dong-ho-do-luu-luong-sieu-am-clamp-on-nho-gon-nhiet-do-cao\/#primaryimage\",\"inLanguage\":\"en-US\",\"url\":\"https:\/\/quando.com.vn\/wp-content\/uploads\/2025\/06\/TM602_img-product.png\",\"contentUrl\":\"https:\/\/quando.com.vn\/wp-content\/uploads\/2025\/06\/TM602_img-product.png\",\"width\":601,\"height\":553,\"caption\":\"TM602 \u0111\u1ed3ng h\u1ed3 \u0111o l\u01b0u l\u01b0\u1ee3ng si\u00eau \u00e2m nh\u1ecf g\u1ecdn\"},{\"@type\":\"WebPage\",\"@id\":\"https:\/\/quando.com.vn\/san-pham\/tm602-dong-ho-do-luu-luong-sieu-am-clamp-on-nho-gon-nhiet-do-cao\/#webpage\",\"url\":\"https:\/\/quando.com.vn\/san-pham\/tm602-dong-ho-do-luu-luong-sieu-am-clamp-on-nho-gon-nhiet-do-cao\/\",\"name\":\"TM602 \u2013 \u0110\u1ed3ng h\u1ed3 \u0111o l\u01b0u l\u01b0\u1ee3ng si\u00eau \u00e2m ch\u1ecbu nhi\u1ec7t cao, ki\u1ec3u r\u1eddi - QUANDO\",\"isPartOf\":{\"@id\":\"https:\/\/quando.com.vn\/en\/#website\"},\"primaryImageOfPage\":{\"@id\":\"https:\/\/quando.com.vn\/san-pham\/tm602-dong-ho-do-luu-luong-sieu-am-clamp-on-nho-gon-nhiet-do-cao\/#primaryimage\"},\"datePublished\":\"2025-06-11T06:31:50+00:00\",\"dateModified\":\"2025-06-11T08:04:10+00:00\",\"description\":\"TM602 l\u00e0 \u0111\u1ed3ng h\u1ed3 \u0111o l\u01b0u l\u01b0\u1ee3ng si\u00eau \u00e2m d\u1ea1ng clamp-on \u0111\u01a1n gi\u1ea3n, l\u1eafp \u0111\u1eb7t trong 30s, kh\u00f4ng c\u1eaft \u1ed1ng, kh\u00f4ng m\u1ea5t \u00e1p. Ph\u00f9 h\u1ee3p cho h\u1ec7 th\u1ed1ng HVAC, t\u01b0\u1edbi ti\u00eau, cung c\u1ea5p n\u01b0\u1edbc d\u00e2n d\u1ee5ng v\u00e0 nu\u00f4i tr\u1ed3ng th\u1ee7y s\u1ea3n\",\"breadcrumb\":{\"@id\":\"https:\/\/quando.com.vn\/san-pham\/tm602-dong-ho-do-luu-luong-sieu-am-clamp-on-nho-gon-nhiet-do-cao\/#breadcrumb\"},\"inLanguage\":\"en-US\",\"potentialAction\":[{\"@type\":\"ReadAction\",\"target\":[\"https:\/\/quando.com.vn\/san-pham\/tm602-dong-ho-do-luu-luong-sieu-am-clamp-on-nho-gon-nhiet-do-cao\/\"]}]},{\"@type\":\"BreadcrumbList\",\"@id\":\"https:\/\/quando.com.vn\/san-pham\/tm602-dong-ho-do-luu-luong-sieu-am-clamp-on-nho-gon-nhiet-do-cao\/#breadcrumb\",\"itemListElement\":[{\"@type\":\"ListItem\",\"position\":1,\"name\":\"Trang ch\u1ee7\",\"item\":\"https:\/\/quando.com.vn\/\"},{\"@type\":\"ListItem\",\"position\":2,\"name\":\"S\u1ea3n ph\u1ea9m\",\"item\":\"https:\/\/quando.com.vn\/san-pham\/\"},{\"@type\":\"ListItem\",\"position\":3,\"name\":\"TM602 \u2013 \u0110\u1ed3ng h\u1ed3 \u0111o l\u01b0u l\u01b0\u1ee3ng si\u00eau \u00e2m ch\u1ecbu nhi\u1ec7t cao, ki\u1ec3u r\u1eddi\"}]}]}<\/script>\n<!-- \/ Yoast SEO Premium plugin. -->","yoast_head_json":{"title":"TM602 \u2013 \u0110\u1ed3ng h\u1ed3 \u0111o l\u01b0u l\u01b0\u1ee3ng si\u00eau \u00e2m ch\u1ecbu nhi\u1ec7t cao, ki\u1ec3u r\u1eddi - QUANDO","description":"TM602 l\u00e0 \u0111\u1ed3ng h\u1ed3 \u0111o l\u01b0u l\u01b0\u1ee3ng si\u00eau \u00e2m d\u1ea1ng clamp-on \u0111\u01a1n gi\u1ea3n, l\u1eafp \u0111\u1eb7t trong 30s, kh\u00f4ng c\u1eaft \u1ed1ng, kh\u00f4ng m\u1ea5t \u00e1p. Ph\u00f9 h\u1ee3p cho h\u1ec7 th\u1ed1ng HVAC, t\u01b0\u1edbi ti\u00eau, cung c\u1ea5p n\u01b0\u1edbc d\u00e2n d\u1ee5ng v\u00e0 nu\u00f4i tr\u1ed3ng th\u1ee7y s\u1ea3n","robots":{"index":"index","follow":"follow","max-snippet":"max-snippet:-1","max-image-preview":"max-image-preview:large","max-video-preview":"max-video-preview:-1"},"canonical":"http:\/\/quando.com.vn\/en\/product\/tm602-dong-ho-do-luu-luong-sieu-am-clamp-on-nho-gon-nhiet-do-cao\/","og_locale":"en_US","og_type":"article","og_title":"TM602 \u2013 \u0110\u1ed3ng h\u1ed3 \u0111o l\u01b0u l\u01b0\u1ee3ng si\u00eau \u00e2m ch\u1ecbu nhi\u1ec7t cao, ki\u1ec3u r\u1eddi","og_description":"TM602 l\u00e0 \u0111\u1ed3ng h\u1ed3 \u0111o l\u01b0u l\u01b0\u1ee3ng si\u00eau \u00e2m d\u1ea1ng clamp-on \u0111\u01a1n gi\u1ea3n, l\u1eafp \u0111\u1eb7t trong 30s, kh\u00f4ng c\u1eaft \u1ed1ng, kh\u00f4ng m\u1ea5t \u00e1p. Ph\u00f9 h\u1ee3p cho h\u1ec7 th\u1ed1ng HVAC, t\u01b0\u1edbi ti\u00eau, cung c\u1ea5p n\u01b0\u1edbc d\u00e2n d\u1ee5ng v\u00e0 nu\u00f4i tr\u1ed3ng th\u1ee7y s\u1ea3n","og_url":"http:\/\/quando.com.vn\/en\/product\/tm602-dong-ho-do-luu-luong-sieu-am-clamp-on-nho-gon-nhiet-do-cao\/","og_site_name":"QUANDO","article_modified_time":"2025-06-11T08:04:10+00:00","og_image":[{"width":601,"height":553,"url":"https:\/\/quando.com.vn\/wp-content\/uploads\/2025\/06\/TM602_img-product.png","type":"image\/png"}],"twitter_card":"summary_large_image","twitter_misc":{"Est. reading time":"2 minutes"},"schema":{"@context":"https:\/\/schema.org","@graph":[{"@type":"WebSite","@id":"https:\/\/quando.com.vn\/en\/#website","url":"https:\/\/quando.com.vn\/en\/","name":"QUANDO","description":"","potentialAction":[{"@type":"SearchAction","target":{"@type":"EntryPoint","urlTemplate":"https:\/\/quando.com.vn\/en\/?s={search_term_string}"},"query-input":"required name=search_term_string"}],"inLanguage":"en-US"},{"@type":"ImageObject","@id":"https:\/\/quando.com.vn\/san-pham\/tm602-dong-ho-do-luu-luong-sieu-am-clamp-on-nho-gon-nhiet-do-cao\/#primaryimage","inLanguage":"en-US","url":"https:\/\/quando.com.vn\/wp-content\/uploads\/2025\/06\/TM602_img-product.png","contentUrl":"https:\/\/quando.com.vn\/wp-content\/uploads\/2025\/06\/TM602_img-product.png","width":601,"height":553,"caption":"TM602 \u0111\u1ed3ng h\u1ed3 \u0111o l\u01b0u l\u01b0\u1ee3ng si\u00eau \u00e2m nh\u1ecf g\u1ecdn"},{"@type":"WebPage","@id":"https:\/\/quando.com.vn\/san-pham\/tm602-dong-ho-do-luu-luong-sieu-am-clamp-on-nho-gon-nhiet-do-cao\/#webpage","url":"https:\/\/quando.com.vn\/san-pham\/tm602-dong-ho-do-luu-luong-sieu-am-clamp-on-nho-gon-nhiet-do-cao\/","name":"TM602 \u2013 \u0110\u1ed3ng h\u1ed3 \u0111o l\u01b0u l\u01b0\u1ee3ng si\u00eau \u00e2m ch\u1ecbu nhi\u1ec7t cao, ki\u1ec3u r\u1eddi - QUANDO","isPartOf":{"@id":"https:\/\/quando.com.vn\/en\/#website"},"primaryImageOfPage":{"@id":"https:\/\/quando.com.vn\/san-pham\/tm602-dong-ho-do-luu-luong-sieu-am-clamp-on-nho-gon-nhiet-do-cao\/#primaryimage"},"datePublished":"2025-06-11T06:31:50+00:00","dateModified":"2025-06-11T08:04:10+00:00","description":"TM602 l\u00e0 \u0111\u1ed3ng h\u1ed3 \u0111o l\u01b0u l\u01b0\u1ee3ng si\u00eau \u00e2m d\u1ea1ng clamp-on \u0111\u01a1n gi\u1ea3n, l\u1eafp \u0111\u1eb7t trong 30s, kh\u00f4ng c\u1eaft \u1ed1ng, kh\u00f4ng m\u1ea5t \u00e1p. Ph\u00f9 h\u1ee3p cho h\u1ec7 th\u1ed1ng HVAC, t\u01b0\u1edbi ti\u00eau, cung c\u1ea5p n\u01b0\u1edbc d\u00e2n d\u1ee5ng v\u00e0 nu\u00f4i tr\u1ed3ng th\u1ee7y s\u1ea3n","breadcrumb":{"@id":"https:\/\/quando.com.vn\/san-pham\/tm602-dong-ho-do-luu-luong-sieu-am-clamp-on-nho-gon-nhiet-do-cao\/#breadcrumb"},"inLanguage":"en-US","potentialAction":[{"@type":"ReadAction","target":["https:\/\/quando.com.vn\/san-pham\/tm602-dong-ho-do-luu-luong-sieu-am-clamp-on-nho-gon-nhiet-do-cao\/"]}]},{"@type":"BreadcrumbList","@id":"https:\/\/quando.com.vn\/san-pham\/tm602-dong-ho-do-luu-luong-sieu-am-clamp-on-nho-gon-nhiet-do-cao\/#breadcrumb","itemListElement":[{"@type":"ListItem","position":1,"name":"Trang ch\u1ee7","item":"https:\/\/quando.com.vn\/"},{"@type":"ListItem","position":2,"name":"S\u1ea3n ph\u1ea9m","item":"https:\/\/quando.com.vn\/san-pham\/"},{"@type":"ListItem","position":3,"name":"TM602 \u2013 \u0110\u1ed3ng h\u1ed3 \u0111o l\u01b0u l\u01b0\u1ee3ng si\u00eau \u00e2m ch\u1ecbu nhi\u1ec7t cao, ki\u1ec3u r\u1eddi"}]}]}},"_links":{"self":[{"href":"http:\/\/quando.com.vn\/en\/wp-json\/wp\/v2\/product\/7092"}],"collection":[{"href":"http:\/\/quando.com.vn\/en\/wp-json\/wp\/v2\/product"}],"about":[{"href":"http:\/\/quando.com.vn\/en\/wp-json\/wp\/v2\/types\/product"}],"wp:featuredmedia":[{"embeddable":true,"href":"http:\/\/quando.com.vn\/en\/wp-json\/wp\/v2\/media\/7106"}],"wp:attachment":[{"href":"http:\/\/quando.com.vn\/en\/wp-json\/wp\/v2\/media?parent=7092"}],"wp:term":[{"taxonomy":"product_cat","embeddable":true,"href":"http:\/\/quando.com.vn\/en\/wp-json\/wp\/v2\/product_cat?post=7092"},{"taxonomy":"product_tag","embeddable":true,"href":"http:\/\/quando.com.vn\/en\/wp-json\/wp\/v2\/product_tag?post=7092"}],"curies":[{"name":"wp","href":"https:\/\/api.w.org\/{rel}","templated":true}]}}